{"id":15060,"date":"2021-05-19T12:19:06","date_gmt":"2021-05-19T09:19:06","guid":{"rendered":"https:\/\/oma.media.fi\/aamuposti\/?page_id=15060"},"modified":"2025-08-20T12:44:50","modified_gmt":"2025-08-20T09:44:50","slug":"yritysdigi-tervetuloa-asiakkaaksi","status":"publish","type":"page","link":"https:\/\/oma.media.fi\/aamuposti\/yritysdigi-tervetuloa-asiakkaaksi\/","title":{"rendered":"Yritysdigi &#8211; tervetuloa asiakkaaksi"},"content":{"rendered":"<p>Sinulle on tilattu Aamuposti. Tilauksen maksaa ty\u00f6nantajasi.<\/p>\n<p>Aamuposti on alueesi parhaiten palveleva uutismedia. Meilt\u00e4 l\u00f6yd\u00e4t niin oman seudun ajankohtaiset uutiset kuin suuremmat ilmi\u00f6itkin luotettavasti. Me tarjoamme ajankohtaisia keskustelunaiheita asiakaskohtaamisiin tai kahvitauolle.<\/p>\n<p>Katso mit\u00e4 kaikkea tilaukseesi sis\u00e4ltyy ja ota tuotteemme k\u00e4ytt\u00f6\u00f6n monipuolisesti.<\/p>\n<h4>Tilauksesi sis\u00e4lt\u00e4\u00e4:<\/h4>\n<ul>\n<li><a href=\"https:\/\/www.aamuposti.fi\/\">Aamuposti.fi-verkkopalvelun<\/a> rajaton k\u00e4ytt\u00f6oikeus vuoden jokaisena p\u00e4iv\u00e4n\u00e4<\/li>\n<li><a href=\"https:\/\/www.aamuposti.fi\/asenna\/\">Sovelluksen <\/a>k\u00e4ytt\u00f6oikeus (iOS ja Android)<\/li>\n<li><a href=\"https:\/\/www.aamuposti.fi\/nakoislehti\/\">N\u00e4k\u00f6islehti<\/a><\/li>\n<li>SUSU-digilehti<\/li>\n<\/ul>\n\n<hr \/>\n<h2>Mediatunnus on avain kaikkiin s\u00e4hk\u00f6isiin palveluihimme<\/h2>\n<p>Yhdell\u00e4 tunnuksella p\u00e4\u00e4set n\u00e4pp\u00e4r\u00e4sti lukemaan tilaukseesi kuuluvia verkkosis\u00e4lt\u00f6j\u00e4 sek\u00e4 kommentoimaan niit\u00e4. Mediatunnuksella\u00a0hoidat k\u00e4tev\u00e4sti my\u00f6s tilaukseesi liittyvi\u00e4 muutoksia \u2013 juuri silloin kun se sinulle sopii.<\/p>\n<p><em><strong>Mediatunnuksesi k\u00e4ytt\u00e4j\u00e4tunnus on<\/strong><\/em><em><strong> s\u00e4hk\u00f6postiosoitteesi, johon olet saanut yrityksesi yhteyshenkil\u00f6lt\u00e4 jakolinkin.<\/strong><\/em><\/p>\n<p>Mik\u00e4li sinulla on jo Mediatunnus samalla s\u00e4hk\u00f6postiosoitteella mihin tahansa Mediatalo Keskisuomalaisen tuotteeseen, voit kirjautua suoraan sis\u00e4lle. Mik\u00e4li s\u00e4hk\u00f6postiosoitteella ei viel\u00e4 ole Mediatunnusta, sinun tulee luoda se saamasi linkin kautta.<\/p>\n<p><a class=\"button\" href=\"https:\/\/oma.media.fi\/aamuposti\/mediatunnukset\/\">Lue lis\u00e4\u00e4 Mediatunnuksesta<\/a><\/p>\n<hr \/>\n<h2>\u00a0Aloita\u00a0k\u00e4ytt\u00f6<\/h2>\n<p style=\"text-align: left\">1. Olet saanut yrityksenne yhteyshenkil\u00f6lt\u00e4 s\u00e4hk\u00f6postin, josta l\u00f6yd\u00e4t linkin tilauksen k\u00e4ytt\u00f6\u00f6nottoon. Luo Mediatunnus tai kirjaudu palveluun s\u00e4hk\u00f6postiin saamasi linkin avulla. Hyv\u00e4ksy ja tallenna jaettu tilaus. Huomioithan, ett\u00e4 sinun tulee luoda Mediatunnus tai kirjautua sis\u00e4lle sill\u00e4 s\u00e4hk\u00f6postiosoitteella, johon olet viestin saanut.<\/p>\n<p style=\"padding-left: 40px\"><em><a href=\"https:\/\/oma.media.fi\/aamuposti\/wp-content\/uploads\/sites\/5\/2021\/04\/omamedia-yritystilaus-ohjeet-02.png\">Katso esimerkkikuva t\u00e4st\u00e4<\/a><\/em><\/p>\n<p>2. Nyt olet valmis lukemaan juttuja Aamupostin verkkopalvelussa. Kirjaudu sis\u00e4\u00e4n Asiakas \u2013 valikossa, sivun oikeassa yl\u00e4kulmassa. <em>HUOM! Ensimm\u00e4isell\u00e4 kerralla kaikkiin uutissivustoihin on kirjauduttava. Jatkossa selaimet muistavat tunnukset, mik\u00e4li selaimessa sellaiset ovat sallittuja<\/em>.<\/p>\n<p style=\"padding-left: 40px\"><em><a href=\"https:\/\/oma.media.fi\/aamuposti\/wp-content\/uploads\/sites\/5\/2021\/04\/omamedia-yritystilaus-ohjeet-03.png\">Katso esimerkkikuva t\u00e4st\u00e4<\/a><\/em><\/p>\n<p>3. Kirjaudu-linkist\u00e4 avautuu sivu, jossa kirjautuminen onnistuu Mediatunnuksilla (s\u00e4hk\u00f6posti + salasana). Mik\u00e4li salasana on unohtunut, sen voi uusia samalla sivulla.<\/p>\n<p style=\"padding-left: 40px\"><em><a href=\"https:\/\/oma.media.fi\/aamuposti\/wp-content\/uploads\/sites\/5\/2021\/04\/omamedia-yritystilaus-ohjeet-04.png\">Katso esimerkkikuva t\u00e4st\u00e4<\/a><\/em><\/p>\n<p>4. Kun olet kirjautuneena, n\u00e4et Asiakas-valikossa oman nimesi ja p\u00e4\u00e4set halutessasi katsomaan tilaustietojaan \u201dOmat tiedot\u201d \u2013 linkist\u00e4.<\/p>\n<p style=\"padding-left: 40px\"><em><a href=\"https:\/\/oma.media.fi\/aamuposti\/wp-content\/uploads\/sites\/5\/2021\/04\/omamedia-yritystilaus-ohjeet-05.png\">Katso esimerkkikuva t\u00e4st\u00e4<\/a><\/em><\/p>\n<hr \/>\n<h2>Lataa k\u00e4ytt\u00f6\u00f6si sovelluksemme<\/h2>\n<p>Verkkopalvelumme uutiset sek\u00e4 n\u00e4k\u00f6islehden luet puhelimella ja tabletilla n\u00e4pp\u00e4rimmin mobiilisovelluksestamme.<\/p>\n<p><a class=\"button\" href=\"https:\/\/oma.media.fi\/sovellus\">Lue lis\u00e4\u00e4 sovelluksesta ja k\u00e4ytt\u00f6\u00f6notosta<\/a><\/p>\n<h3><strong>J\u00e4ik\u00f6 jokin mietitytt\u00e4m\u00e4\u00e4n?<\/strong><\/h3>\n<p>Vastaukset usein kysyttyihin kysymyksiin <a href=\"https:\/\/oma.media.fi\/aamuposti\/ukk\/\">l\u00f6yd\u00e4t t\u00e4\u00e4lt\u00e4<\/a>. Tarvittaessa voit my\u00f6s olla yhteydess\u00e4 <a href=\"https:\/\/oma.media.fi\/aamuposti\/yhteystiedot\/\">asiakaspalveluumme<\/a>.<\/p>\n","protected":false},"excerpt":{"rendered":"<p>Sinulle on tilattu . Tilauksen maksaa ty\u00f6nantajasi. on alueesi parhaiten palveleva uutismedia. Meilt\u00e4 l\u00f6yd\u00e4t niin oman seudun ajankohtaiset uutiset kuin suuremmat ilmi\u00f6itkin luotettavasti. Me tarjoamme ajankohtaisia keskustelunaiheita asiakaskohtaamisiin tai kahvitauolle. Katso mit\u00e4 kaikkea tilaukseesi sis\u00e4ltyy ja ota tuotteemme k\u00e4ytt\u00f6\u00f6n monipuolisesti. Tilauksesi sis\u00e4lt\u00e4\u00e4: Mediatunnus on avain kaikkiin s\u00e4hk\u00f6isiin palveluihimme Yhdell\u00e4 tunnuksella p\u00e4\u00e4set n\u00e4pp\u00e4r\u00e4sti lukemaan tilaukseesi kuuluvia [&hellip;]<\/p>\n","protected":false},"author":6,"featured_media":14704,"parent":0,"menu_order":0,"comment_status":"closed","ping_status":"closed","template":"","meta":{"_acf_changed":false,"footnotes":""},"class_list":["post-15060","page","type-page","status-publish","has-post-thumbnail","hentry"],"acf":[],"yoast_head":"<!-- This site is optimized with the Yoast SEO plugin v26.2 - https:\/\/yoast.com\/wordpress\/plugins\/seo\/ -->\n<title>Yritysdigi - tervetuloa asiakkaaksi - Aamuposti<\/title>\n<meta name=\"robots\" content=\"index, follow, max-snippet:-1, max-image-preview:large, max-video-preview:-1\" \/>\n<link rel=\"canonical\" href=\"https:\/\/oma.media.fi\/aamuposti\/yritysdigi-tervetuloa-asiakkaaksi\/\" \/>\n<meta property=\"og:locale\" content=\"fi_FI\" \/>\n<meta property=\"og:type\" content=\"article\" \/>\n<meta property=\"og:title\" content=\"Yritysdigi &#8211; tervetuloa asiakkaaksi\" \/>\n<meta property=\"og:description\" content=\"Sinulle on tilattu . Tilauksen maksaa ty\u00f6nantajasi. on alueesi parhaiten palveleva uutismedia. Meilt\u00e4 l\u00f6yd\u00e4t niin oman seudun ajankohtaiset uutiset kuin suuremmat ilmi\u00f6itkin luotettavasti. Me tarjoamme ajankohtaisia keskustelunaiheita asiakaskohtaamisiin tai kahvitauolle. Katso mit\u00e4 kaikkea tilaukseesi sis\u00e4ltyy ja ota tuotteemme k\u00e4ytt\u00f6\u00f6n monipuolisesti. Tilauksesi sis\u00e4lt\u00e4\u00e4: Mediatunnus on avain kaikkiin s\u00e4hk\u00f6isiin palveluihimme Yhdell\u00e4 tunnuksella p\u00e4\u00e4set n\u00e4pp\u00e4r\u00e4sti lukemaan tilaukseesi kuuluvia [&hellip;]\" \/>\n<meta property=\"og:url\" content=\"https:\/\/oma.media.fi\/aamuposti\/yritysdigi-tervetuloa-asiakkaaksi\/\" \/>\n<meta property=\"og:site_name\" content=\"Aamuposti\" \/>\n<meta property=\"article:modified_time\" content=\"2025-08-20T09:44:50+00:00\" \/>\n<meta property=\"og:image\" content=\"https:\/\/oma.media.fi\/aamuposti\/wp-content\/uploads\/sites\/5\/2021\/04\/omamedia-yritystilaus.jpg\" \/>\n\t<meta property=\"og:image:width\" content=\"810\" \/>\n\t<meta property=\"og:image:height\" content=\"260\" \/>\n\t<meta property=\"og:image:type\" content=\"image\/jpeg\" \/>\n<meta name=\"twitter:card\" content=\"summary_large_image\" \/>\n<meta name=\"twitter:label1\" content=\"Arvioitu lukuaika\" \/>\n\t<meta name=\"twitter:data1\" content=\"2 minuuttia\" \/>\n<script type=\"application\/ld+json\" class=\"yoast-schema-graph\">{\"@context\":\"https:\/\/schema.org\",\"@graph\":[{\"@type\":\"WebPage\",\"@id\":\"https:\/\/oma.media.fi\/aamuposti\/yritysdigi-tervetuloa-asiakkaaksi\/\",\"url\":\"https:\/\/oma.media.fi\/aamuposti\/yritysdigi-tervetuloa-asiakkaaksi\/\",\"name\":\"Yritysdigi - tervetuloa asiakkaaksi - Aamuposti\",\"isPartOf\":{\"@id\":\"https:\/\/oma.media.fi\/aamuposti\/#website\"},\"primaryImageOfPage\":{\"@id\":\"https:\/\/oma.media.fi\/aamuposti\/yritysdigi-tervetuloa-asiakkaaksi\/#primaryimage\"},\"image\":{\"@id\":\"https:\/\/oma.media.fi\/aamuposti\/yritysdigi-tervetuloa-asiakkaaksi\/#primaryimage\"},\"thumbnailUrl\":\"https:\/\/oma.media.fi\/aamuposti\/wp-content\/uploads\/sites\/5\/2021\/04\/omamedia-yritystilaus.jpg\",\"datePublished\":\"2021-05-19T09:19:06+00:00\",\"dateModified\":\"2025-08-20T09:44:50+00:00\",\"breadcrumb\":{\"@id\":\"https:\/\/oma.media.fi\/aamuposti\/yritysdigi-tervetuloa-asiakkaaksi\/#breadcrumb\"},\"inLanguage\":\"fi\",\"potentialAction\":[{\"@type\":\"ReadAction\",\"target\":[\"https:\/\/oma.media.fi\/aamuposti\/yritysdigi-tervetuloa-asiakkaaksi\/\"]}]},{\"@type\":\"ImageObject\",\"inLanguage\":\"fi\",\"@id\":\"https:\/\/oma.media.fi\/aamuposti\/yritysdigi-tervetuloa-asiakkaaksi\/#primaryimage\",\"url\":\"https:\/\/oma.media.fi\/aamuposti\/wp-content\/uploads\/sites\/5\/2021\/04\/omamedia-yritystilaus.jpg\",\"contentUrl\":\"https:\/\/oma.media.fi\/aamuposti\/wp-content\/uploads\/sites\/5\/2021\/04\/omamedia-yritystilaus.jpg\",\"width\":810,\"height\":260},{\"@type\":\"BreadcrumbList\",\"@id\":\"https:\/\/oma.media.fi\/aamuposti\/yritysdigi-tervetuloa-asiakkaaksi\/#breadcrumb\",\"itemListElement\":[{\"@type\":\"ListItem\",\"position\":1,\"name\":\"Etusivu\",\"item\":\"https:\/\/oma.media.fi\/aamuposti\/\"},{\"@type\":\"ListItem\",\"position\":2,\"name\":\"Yritysdigi &#8211; tervetuloa asiakkaaksi\"}]},{\"@type\":\"WebSite\",\"@id\":\"https:\/\/oma.media.fi\/aamuposti\/#website\",\"url\":\"https:\/\/oma.media.fi\/aamuposti\/\",\"name\":\"Aamuposti\",\"description\":\"\",\"potentialAction\":[{\"@type\":\"SearchAction\",\"target\":{\"@type\":\"EntryPoint\",\"urlTemplate\":\"https:\/\/oma.media.fi\/aamuposti\/?s={search_term_string}\"},\"query-input\":{\"@type\":\"PropertyValueSpecification\",\"valueRequired\":true,\"valueName\":\"search_term_string\"}}],\"inLanguage\":\"fi\"}]}<\/script>\n<!-- \/ Yoast SEO plugin. -->","yoast_head_json":{"title":"Yritysdigi - tervetuloa asiakkaaksi - Aamuposti","robots":{"index":"index","follow":"follow","max-snippet":"max-snippet:-1","max-image-preview":"max-image-preview:large","max-video-preview":"max-video-preview:-1"},"canonical":"https:\/\/oma.media.fi\/aamuposti\/yritysdigi-tervetuloa-asiakkaaksi\/","og_locale":"fi_FI","og_type":"article","og_title":"Yritysdigi &#8211; tervetuloa asiakkaaksi","og_description":"Sinulle on tilattu . Tilauksen maksaa ty\u00f6nantajasi. on alueesi parhaiten palveleva uutismedia. Meilt\u00e4 l\u00f6yd\u00e4t niin oman seudun ajankohtaiset uutiset kuin suuremmat ilmi\u00f6itkin luotettavasti. Me tarjoamme ajankohtaisia keskustelunaiheita asiakaskohtaamisiin tai kahvitauolle. Katso mit\u00e4 kaikkea tilaukseesi sis\u00e4ltyy ja ota tuotteemme k\u00e4ytt\u00f6\u00f6n monipuolisesti. Tilauksesi sis\u00e4lt\u00e4\u00e4: Mediatunnus on avain kaikkiin s\u00e4hk\u00f6isiin palveluihimme Yhdell\u00e4 tunnuksella p\u00e4\u00e4set n\u00e4pp\u00e4r\u00e4sti lukemaan tilaukseesi kuuluvia [&hellip;]","og_url":"https:\/\/oma.media.fi\/aamuposti\/yritysdigi-tervetuloa-asiakkaaksi\/","og_site_name":"Aamuposti","article_modified_time":"2025-08-20T09:44:50+00:00","og_image":[{"width":810,"height":260,"url":"https:\/\/oma.media.fi\/aamuposti\/wp-content\/uploads\/sites\/5\/2021\/04\/omamedia-yritystilaus.jpg","type":"image\/jpeg"}],"twitter_card":"summary_large_image","twitter_misc":{"Arvioitu lukuaika":"2 minuuttia"},"schema":{"@context":"https:\/\/schema.org","@graph":[{"@type":"WebPage","@id":"https:\/\/oma.media.fi\/aamuposti\/yritysdigi-tervetuloa-asiakkaaksi\/","url":"https:\/\/oma.media.fi\/aamuposti\/yritysdigi-tervetuloa-asiakkaaksi\/","name":"Yritysdigi - tervetuloa asiakkaaksi - Aamuposti","isPartOf":{"@id":"https:\/\/oma.media.fi\/aamuposti\/#website"},"primaryImageOfPage":{"@id":"https:\/\/oma.media.fi\/aamuposti\/yritysdigi-tervetuloa-asiakkaaksi\/#primaryimage"},"image":{"@id":"https:\/\/oma.media.fi\/aamuposti\/yritysdigi-tervetuloa-asiakkaaksi\/#primaryimage"},"thumbnailUrl":"https:\/\/oma.media.fi\/aamuposti\/wp-content\/uploads\/sites\/5\/2021\/04\/omamedia-yritystilaus.jpg","datePublished":"2021-05-19T09:19:06+00:00","dateModified":"2025-08-20T09:44:50+00:00","breadcrumb":{"@id":"https:\/\/oma.media.fi\/aamuposti\/yritysdigi-tervetuloa-asiakkaaksi\/#breadcrumb"},"inLanguage":"fi","potentialAction":[{"@type":"ReadAction","target":["https:\/\/oma.media.fi\/aamuposti\/yritysdigi-tervetuloa-asiakkaaksi\/"]}]},{"@type":"ImageObject","inLanguage":"fi","@id":"https:\/\/oma.media.fi\/aamuposti\/yritysdigi-tervetuloa-asiakkaaksi\/#primaryimage","url":"https:\/\/oma.media.fi\/aamuposti\/wp-content\/uploads\/sites\/5\/2021\/04\/omamedia-yritystilaus.jpg","contentUrl":"https:\/\/oma.media.fi\/aamuposti\/wp-content\/uploads\/sites\/5\/2021\/04\/omamedia-yritystilaus.jpg","width":810,"height":260},{"@type":"BreadcrumbList","@id":"https:\/\/oma.media.fi\/aamuposti\/yritysdigi-tervetuloa-asiakkaaksi\/#breadcrumb","itemListElement":[{"@type":"ListItem","position":1,"name":"Etusivu","item":"https:\/\/oma.media.fi\/aamuposti\/"},{"@type":"ListItem","position":2,"name":"Yritysdigi &#8211; tervetuloa asiakkaaksi"}]},{"@type":"WebSite","@id":"https:\/\/oma.media.fi\/aamuposti\/#website","url":"https:\/\/oma.media.fi\/aamuposti\/","name":"Aamuposti","description":"","potentialAction":[{"@type":"SearchAction","target":{"@type":"EntryPoint","urlTemplate":"https:\/\/oma.media.fi\/aamuposti\/?s={search_term_string}"},"query-input":{"@type":"PropertyValueSpecification","valueRequired":true,"valueName":"search_term_string"}}],"inLanguage":"fi"}]}},"publishpress_future_action":{"enabled":false,"date":"2026-05-09 14:03:29","action":"change-status","newStatus":"draft","terms":[],"taxonomy":"","extraData":[]},"publishpress_future_workflow_manual_trigger":{"enabledWorkflows":[]},"_links":{"self":[{"href":"https:\/\/oma.media.fi\/aamuposti\/wp-json\/wp\/v2\/pages\/15060","targetHints":{"allow":["GET"]}}],"collection":[{"href":"https:\/\/oma.media.fi\/aamuposti\/wp-json\/wp\/v2\/pages"}],"about":[{"href":"https:\/\/oma.media.fi\/aamuposti\/wp-json\/wp\/v2\/types\/page"}],"author":[{"embeddable":true,"href":"https:\/\/oma.media.fi\/aamuposti\/wp-json\/wp\/v2\/users\/6"}],"replies":[{"embeddable":true,"href":"https:\/\/oma.media.fi\/aamuposti\/wp-json\/wp\/v2\/comments?post=15060"}],"version-history":[{"count":35,"href":"https:\/\/oma.media.fi\/aamuposti\/wp-json\/wp\/v2\/pages\/15060\/revisions"}],"predecessor-version":[{"id":19216,"href":"https:\/\/oma.media.fi\/aamuposti\/wp-json\/wp\/v2\/pages\/15060\/revisions\/19216"}],"wp:featuredmedia":[{"embeddable":true,"href":"https:\/\/oma.media.fi\/aamuposti\/wp-json\/wp\/v2\/media\/14704"}],"wp:attachment":[{"href":"https:\/\/oma.media.fi\/aamuposti\/wp-json\/wp\/v2\/media?parent=15060"}],"curies":[{"name":"wp","href":"https:\/\/api.w.org\/{rel}","templated":true}]}}