{"id":563,"date":"2018-11-19T14:06:34","date_gmt":"2018-11-19T12:06:34","guid":{"rendered":"https:\/\/oma.media.fi\/aamuposti\/ilmestymispaivat\/"},"modified":"2026-01-07T09:52:50","modified_gmt":"2026-01-07T07:52:50","slug":"ilmestymispaivat","status":"publish","type":"page","link":"https:\/\/oma.media.fi\/aamuposti\/ilmestymispaivat\/","title":{"rendered":"Ilmestymisp\u00e4iv\u00e4t"},"content":{"rendered":"<p>Aamuposti uutisoi verkossa vuoden jokaisena p\u00e4iv\u00e4n\u00e4. Lehti ilmestyy kuusi kertaa viikossa. Tilattavana maanantaista perjantaihin, lauantaina ilmaisjakeluna rajattuihin kotitalouksiin (ei mainoskieltotaloudet). Painetun lehden n\u00e4k\u00f6islehti on luettavissa verkossa lehden ilmestymisp\u00e4ivin\u00e4 ja j\u00e4lkik\u00e4teen arkistossa.<\/p>\n<p>N\u00e4k\u00f6islehdest\u00e4 l\u00f6yd\u00e4t tutun paikallisen osion lis\u00e4ksi <strong>p\u00e4ivitt\u00e4in ilmestyv\u00e4t valtakunnalliseen uutisointiin keskittyv\u00e4t Digiliitteet, tilaajille tarkoitetut n\u00e4k\u00f6islehden lis\u00e4sivut. <\/strong>Sunnuntain ekstrana on palkittu Sunnuntaisuomalainen.<\/p>\n<h3>Paperilehti ei ilmesty v. 2026 seuraavina p\u00e4ivin\u00e4:<\/h3>\n<p>To 1.1.2026 Uudenvuodenp\u00e4iv\u00e4<br \/>\nTi 6.1.2026 Loppiainen<br \/>\nKe 7.1.2026\u00a0Loppiaisen j\u00e4lkeinen p\u00e4iv\u00e4<br \/>\nLa 4.4.2026 P\u00e4\u00e4si\u00e4islauantai<br \/>\nSu 5.4.2026 P\u00e4\u00e4si\u00e4isp\u00e4iv\u00e4<br \/>\nMa 6.4.2026 2. p\u00e4\u00e4si\u00e4isp\u00e4iv\u00e4<br \/>\nPe 1.5.2026 Vappu<br \/>\nLa 2.5.2026 Vapun j\u00e4lkeinen p\u00e4iv\u00e4<br \/>\nTo 14.5.2026 Helatorstai<br \/>\nPe 15.5.2026 Helatorstain j\u00e4lkeinen perjantai<br \/>\nPe 19.6.2026 Juhannusaatto<br \/>\nLa 20.6.2026 Juhannusp\u00e4iv\u00e4<br \/>\nSu 21.6.2026 Juhannussunnuntai<br \/>\nLa 31.10.2026 Pyh\u00e4inp\u00e4iv\u00e4<br \/>\nSu 1.11.2026 Pyh\u00e4inp\u00e4iv\u00e4n j\u00e4lkeinen sunnuntai<br \/>\nSu 6.12.2026 Itsen\u00e4isyysp\u00e4iv\u00e4<br \/>\nMa 7.12.2026 Itsen\u00e4isyysp\u00e4iv\u00e4n j\u00e4lkeinen p\u00e4iv\u00e4<br \/>\nTo 24.12.2026 Jouluaatto<br \/>\nPe 25.12.2026 Joulup\u00e4iv\u00e4<br \/>\nLa 26.12.2026 Tapaninp\u00e4iv\u00e4<br \/>\nSu 27.12.2026 Joulun j\u00e4lkeinen p\u00e4iv\u00e4<\/p>\n<p>&nbsp;<\/p>\n","protected":false},"excerpt":{"rendered":"<p>Aamuposti uutisoi verkossa vuoden jokaisena p\u00e4iv\u00e4n\u00e4. Lehti ilmestyy kuusi kertaa viikossa. Tilattavana maanantaista perjantaihin, lauantaina ilmaisjakeluna rajattuihin kotitalouksiin (ei mainoskieltotaloudet). Painetun lehden n\u00e4k\u00f6islehti on luettavissa verkossa lehden ilmestymisp\u00e4ivin\u00e4 ja j\u00e4lkik\u00e4teen arkistossa. N\u00e4k\u00f6islehdest\u00e4 l\u00f6yd\u00e4t tutun paikallisen osion lis\u00e4ksi p\u00e4ivitt\u00e4in ilmestyv\u00e4t valtakunnalliseen uutisointiin keskittyv\u00e4t Digiliitteet, tilaajille tarkoitetut n\u00e4k\u00f6islehden lis\u00e4sivut. Sunnuntain ekstrana on palkittu Sunnuntaisuomalainen. Paperilehti ei ilmesty [&hellip;]<\/p>\n","protected":false},"author":1,"featured_media":0,"parent":0,"menu_order":0,"comment_status":"closed","ping_status":"closed","template":"","meta":{"_acf_changed":false,"footnotes":""},"class_list":["post-563","page","type-page","status-publish","hentry"],"acf":[],"yoast_head":"<!-- This site is optimized with the Yoast SEO plugin v26.2 - https:\/\/yoast.com\/wordpress\/plugins\/seo\/ -->\n<title>Ilmestymisp\u00e4iv\u00e4t - Aamuposti<\/title>\n<meta name=\"robots\" content=\"index, follow, max-snippet:-1, max-image-preview:large, max-video-preview:-1\" \/>\n<link rel=\"canonical\" href=\"https:\/\/oma.media.fi\/aamuposti\/ilmestymispaivat\/\" \/>\n<meta property=\"og:locale\" content=\"fi_FI\" \/>\n<meta property=\"og:type\" content=\"article\" \/>\n<meta property=\"og:title\" content=\"Ilmestymisp\u00e4iv\u00e4t\" \/>\n<meta property=\"og:description\" content=\"Aamuposti uutisoi verkossa vuoden jokaisena p\u00e4iv\u00e4n\u00e4. Lehti ilmestyy kuusi kertaa viikossa. Tilattavana maanantaista perjantaihin, lauantaina ilmaisjakeluna rajattuihin kotitalouksiin (ei mainoskieltotaloudet). Painetun lehden n\u00e4k\u00f6islehti on luettavissa verkossa lehden ilmestymisp\u00e4ivin\u00e4 ja j\u00e4lkik\u00e4teen arkistossa. N\u00e4k\u00f6islehdest\u00e4 l\u00f6yd\u00e4t tutun paikallisen osion lis\u00e4ksi p\u00e4ivitt\u00e4in ilmestyv\u00e4t valtakunnalliseen uutisointiin keskittyv\u00e4t Digiliitteet, tilaajille tarkoitetut n\u00e4k\u00f6islehden lis\u00e4sivut. Sunnuntain ekstrana on palkittu Sunnuntaisuomalainen. Paperilehti ei ilmesty [&hellip;]\" \/>\n<meta property=\"og:url\" content=\"https:\/\/oma.media.fi\/aamuposti\/ilmestymispaivat\/\" \/>\n<meta property=\"og:site_name\" content=\"Aamuposti\" \/>\n<meta property=\"article:modified_time\" content=\"2026-01-07T07:52:50+00:00\" \/>\n<meta name=\"twitter:card\" content=\"summary_large_image\" \/>\n<meta name=\"twitter:label1\" content=\"Arvioitu lukuaika\" \/>\n\t<meta name=\"twitter:data1\" content=\"1 minuutti\" \/>\n<script type=\"application\/ld+json\" class=\"yoast-schema-graph\">{\"@context\":\"https:\/\/schema.org\",\"@graph\":[{\"@type\":\"WebPage\",\"@id\":\"https:\/\/oma.media.fi\/aamuposti\/ilmestymispaivat\/\",\"url\":\"https:\/\/oma.media.fi\/aamuposti\/ilmestymispaivat\/\",\"name\":\"Ilmestymisp\u00e4iv\u00e4t - Aamuposti\",\"isPartOf\":{\"@id\":\"https:\/\/oma.media.fi\/aamuposti\/#website\"},\"datePublished\":\"2018-11-19T12:06:34+00:00\",\"dateModified\":\"2026-01-07T07:52:50+00:00\",\"breadcrumb\":{\"@id\":\"https:\/\/oma.media.fi\/aamuposti\/ilmestymispaivat\/#breadcrumb\"},\"inLanguage\":\"fi\",\"potentialAction\":[{\"@type\":\"ReadAction\",\"target\":[\"https:\/\/oma.media.fi\/aamuposti\/ilmestymispaivat\/\"]}]},{\"@type\":\"BreadcrumbList\",\"@id\":\"https:\/\/oma.media.fi\/aamuposti\/ilmestymispaivat\/#breadcrumb\",\"itemListElement\":[{\"@type\":\"ListItem\",\"position\":1,\"name\":\"Etusivu\",\"item\":\"https:\/\/oma.media.fi\/aamuposti\/\"},{\"@type\":\"ListItem\",\"position\":2,\"name\":\"Ilmestymisp\u00e4iv\u00e4t\"}]},{\"@type\":\"WebSite\",\"@id\":\"https:\/\/oma.media.fi\/aamuposti\/#website\",\"url\":\"https:\/\/oma.media.fi\/aamuposti\/\",\"name\":\"Aamuposti\",\"description\":\"\",\"potentialAction\":[{\"@type\":\"SearchAction\",\"target\":{\"@type\":\"EntryPoint\",\"urlTemplate\":\"https:\/\/oma.media.fi\/aamuposti\/?s={search_term_string}\"},\"query-input\":{\"@type\":\"PropertyValueSpecification\",\"valueRequired\":true,\"valueName\":\"search_term_string\"}}],\"inLanguage\":\"fi\"}]}<\/script>\n<!-- \/ Yoast SEO plugin. -->","yoast_head_json":{"title":"Ilmestymisp\u00e4iv\u00e4t - Aamuposti","robots":{"index":"index","follow":"follow","max-snippet":"max-snippet:-1","max-image-preview":"max-image-preview:large","max-video-preview":"max-video-preview:-1"},"canonical":"https:\/\/oma.media.fi\/aamuposti\/ilmestymispaivat\/","og_locale":"fi_FI","og_type":"article","og_title":"Ilmestymisp\u00e4iv\u00e4t","og_description":"Aamuposti uutisoi verkossa vuoden jokaisena p\u00e4iv\u00e4n\u00e4. Lehti ilmestyy kuusi kertaa viikossa. Tilattavana maanantaista perjantaihin, lauantaina ilmaisjakeluna rajattuihin kotitalouksiin (ei mainoskieltotaloudet). Painetun lehden n\u00e4k\u00f6islehti on luettavissa verkossa lehden ilmestymisp\u00e4ivin\u00e4 ja j\u00e4lkik\u00e4teen arkistossa. N\u00e4k\u00f6islehdest\u00e4 l\u00f6yd\u00e4t tutun paikallisen osion lis\u00e4ksi p\u00e4ivitt\u00e4in ilmestyv\u00e4t valtakunnalliseen uutisointiin keskittyv\u00e4t Digiliitteet, tilaajille tarkoitetut n\u00e4k\u00f6islehden lis\u00e4sivut. Sunnuntain ekstrana on palkittu Sunnuntaisuomalainen. Paperilehti ei ilmesty [&hellip;]","og_url":"https:\/\/oma.media.fi\/aamuposti\/ilmestymispaivat\/","og_site_name":"Aamuposti","article_modified_time":"2026-01-07T07:52:50+00:00","twitter_card":"summary_large_image","twitter_misc":{"Arvioitu lukuaika":"1 minuutti"},"schema":{"@context":"https:\/\/schema.org","@graph":[{"@type":"WebPage","@id":"https:\/\/oma.media.fi\/aamuposti\/ilmestymispaivat\/","url":"https:\/\/oma.media.fi\/aamuposti\/ilmestymispaivat\/","name":"Ilmestymisp\u00e4iv\u00e4t - Aamuposti","isPartOf":{"@id":"https:\/\/oma.media.fi\/aamuposti\/#website"},"datePublished":"2018-11-19T12:06:34+00:00","dateModified":"2026-01-07T07:52:50+00:00","breadcrumb":{"@id":"https:\/\/oma.media.fi\/aamuposti\/ilmestymispaivat\/#breadcrumb"},"inLanguage":"fi","potentialAction":[{"@type":"ReadAction","target":["https:\/\/oma.media.fi\/aamuposti\/ilmestymispaivat\/"]}]},{"@type":"BreadcrumbList","@id":"https:\/\/oma.media.fi\/aamuposti\/ilmestymispaivat\/#breadcrumb","itemListElement":[{"@type":"ListItem","position":1,"name":"Etusivu","item":"https:\/\/oma.media.fi\/aamuposti\/"},{"@type":"ListItem","position":2,"name":"Ilmestymisp\u00e4iv\u00e4t"}]},{"@type":"WebSite","@id":"https:\/\/oma.media.fi\/aamuposti\/#website","url":"https:\/\/oma.media.fi\/aamuposti\/","name":"Aamuposti","description":"","potentialAction":[{"@type":"SearchAction","target":{"@type":"EntryPoint","urlTemplate":"https:\/\/oma.media.fi\/aamuposti\/?s={search_term_string}"},"query-input":{"@type":"PropertyValueSpecification","valueRequired":true,"valueName":"search_term_string"}}],"inLanguage":"fi"}]}},"publishpress_future_action":{"enabled":false,"date":"2026-04-24 06:01:06","action":"change-status","newStatus":"draft","terms":[],"taxonomy":"","extraData":[]},"publishpress_future_workflow_manual_trigger":{"enabledWorkflows":[]},"_links":{"self":[{"href":"https:\/\/oma.media.fi\/aamuposti\/wp-json\/wp\/v2\/pages\/563","targetHints":{"allow":["GET"]}}],"collection":[{"href":"https:\/\/oma.media.fi\/aamuposti\/wp-json\/wp\/v2\/pages"}],"about":[{"href":"https:\/\/oma.media.fi\/aamuposti\/wp-json\/wp\/v2\/types\/page"}],"author":[{"embeddable":true,"href":"https:\/\/oma.media.fi\/aamuposti\/wp-json\/wp\/v2\/users\/1"}],"replies":[{"embeddable":true,"href":"https:\/\/oma.media.fi\/aamuposti\/wp-json\/wp\/v2\/comments?post=563"}],"version-history":[{"count":43,"href":"https:\/\/oma.media.fi\/aamuposti\/wp-json\/wp\/v2\/pages\/563\/revisions"}],"predecessor-version":[{"id":19377,"href":"https:\/\/oma.media.fi\/aamuposti\/wp-json\/wp\/v2\/pages\/563\/revisions\/19377"}],"wp:attachment":[{"href":"https:\/\/oma.media.fi\/aamuposti\/wp-json\/wp\/v2\/media?parent=563"}],"curies":[{"name":"wp","href":"https:\/\/api.w.org\/{rel}","templated":true}]}}