{"id":576,"date":"2018-11-20T09:14:02","date_gmt":"2018-11-20T07:14:02","guid":{"rendered":"https:\/\/oma.media.fi\/aamuposti\/edut\/etukaista-yrityksille\/"},"modified":"2022-03-23T09:18:52","modified_gmt":"2022-03-23T07:18:52","slug":"etukaista-yrityksille","status":"publish","type":"page","link":"https:\/\/oma.media.fi\/aamuposti\/edut\/etukaista-yrityksille\/","title":{"rendered":"Etukaista yrityksille"},"content":{"rendered":"<p>Tilaajien Etukaista yhdist\u00e4\u00e4 paikalliset yritykset ja lehtemme tuhannet tilaajat. Se on lehden oma, tilaajille suunnattu markkinointikanava, jossa tarjoat houkuttelevia etuja tilaajillemme.<\/p>\n<h2>N\u00e4yt edullisesti printiss\u00e4, mobiilipalvelussa ja verkossa!<\/h2>\n<p>N\u00e4m\u00e4 monipuoliset viestinn\u00e4n kanavat yhdist\u00e4v\u00e4 Etukaista tavoittaa tehokkaasti\u00a0ja on loistava lis\u00e4 ilmoitusmarkkinoinnille!<\/p>\n<p>Esimerkkej\u00e4 toimivista etumalleista<\/p>\n<ul>\n<li>aikaan tai kappalem\u00e4\u00e4r\u00e4\u00e4n sidotut t\u00e4sm\u00e4tarjoukset<\/li>\n<li>tuotteen, palvelun tai tapahtuman ennakkomarkkinointi<\/li>\n<li>viimehetken vapaana olevat liput teatteriesitykseen tai konserttiin<\/li>\n<li>vuodenajan tai juhlapyh\u00e4n mukainen teemaetu<\/li>\n<li>poistoer\u00e4t maksimaalisin alennuksin<\/li>\n<\/ul>\n<p>Olet oman yrityksesi asiantuntija, mutta mietimme mielell\u00e4mme kanssasi juuri sinun yrityst\u00e4si ja tilaajiamme parhaiten palvelevan edun.<\/p>\n<h2>Monikanavainen Etukaista \u2013 n\u00e4in ilmoituksesi tavoittaa<\/h2>\n<p>\u00c4lypuhelin<\/p>\n<ul>\n<li>edut reaaliajassa \u00e4lypuhelimen Etukaista -palvelussa<\/li>\n<li>n\u00e4kyviss\u00e4 koko voimassaoloajan<\/li>\n<\/ul>\n<p>Printti<\/p>\n<ul>\n<li>Etukaista\u2013ilmoitus julkaistaan sanomalehdess\u00e4 aina samalla,\u00a0lukijoille tutulla formaatilla (ilmoituskoko 82x88mm)<\/li>\n<li>kooste houkuttelevimmista Etukaista-ilmoituksista<\/li>\n<\/ul>\n<p>Verkko<\/p>\n<ul>\n<li>Etukaista-ilmoitukset n\u00e4kyv\u00e4t lehden <a href=\"https:\/\/oma.media.fi\/aamuposti\/edut\/\">Etukaista-sivuilla<\/a><\/li>\n<li>n\u00e4kyviss\u00e4 koko voimassaoloajan<\/li>\n<\/ul>\n<h2>Yritt\u00e4j\u00e4, n\u00e4in toimit asiakkaan lunastaessa etua<\/h2>\n<p>Antamasi etu on tarkoitettu vain tilaajillemme. Jotta edun arvo s\u00e4ilyy ja saamme etujen k\u00e4ytt\u00f6m\u00e4\u00e4r\u00e4n tietoomme, on asiakassuhteen tarkistaminen t\u00e4rke\u00e4\u00e4.<\/p>\n<p>Tilaajalla on kolme mahdollisuutta lunastaa etu ja todistaa Etukaista j\u00e4senyytens\u00e4.<\/p>\n<ul>\n<li>etuilmoitusta \u00e4lypuhelimen n\u00e4yt\u00f6lt\u00e4<\/li>\n<li>perinteisen matkapuhelimeen tekstiviestin\u00e4 saapunutta etukoodia<\/li>\n<li>paperista tilauslaskutositetta, jonka lehtiyhti\u00f6 on l\u00e4hett\u00e4nyt asiakkaalle ja josta ilmenee tilauksen voimassaoloaika<\/li>\n<\/ul>\n<p>N\u00e4in helppoa se on:<br \/>\nMik\u00e4li kyseess\u00e4 on kertaetu, kuitataan se k\u00e4ytetyksi painamalla asiakkaan \u00e4lypuhelimen n\u00e4yt\u00f6n etuilmoituksesta kohtaa \u201dk\u00e4yt\u00e4\u201d. Tekstiviesti\u00e4 k\u00e4ytett\u00e4ess\u00e4 poistetaan etuviesti edun lunastuksen yhteydess\u00e4.<\/p>\n<p>Mik\u00e4li asiakas ei pysty todistamaan voimassa olevaa tilausta, ohjeistetaan asiakas soittamaan lehden tilaajapalveluun puh. 09 273 00 200.<\/p>\n<p>&nbsp;<\/p>\n<p>Tule sin\u00e4kin mukaan!<\/p>\n<p><strong>Ota yhteytt\u00e4:<\/strong><br \/>\nAleksanteri Jussila<br \/>\nPuh. +358 40\u00a0706 5728<br \/>\nemail: aleksanteri.jussila(at)media.fi<\/p>\n","protected":false},"excerpt":{"rendered":"<p>Tilaajien Etukaista yhdist\u00e4\u00e4 paikalliset yritykset ja lehtemme tuhannet tilaajat. Se on lehden oma, tilaajille suunnattu markkinointikanava, jossa tarjoat houkuttelevia etuja tilaajillemme. N\u00e4yt edullisesti printiss\u00e4, mobiilipalvelussa ja verkossa! N\u00e4m\u00e4 monipuoliset viestinn\u00e4n kanavat yhdist\u00e4v\u00e4 Etukaista tavoittaa tehokkaasti\u00a0ja on loistava lis\u00e4 ilmoitusmarkkinoinnille! Esimerkkej\u00e4 toimivista etumalleista aikaan tai kappalem\u00e4\u00e4r\u00e4\u00e4n sidotut t\u00e4sm\u00e4tarjoukset tuotteen, palvelun tai tapahtuman ennakkomarkkinointi viimehetken vapaana olevat [&hellip;]<\/p>\n","protected":false},"author":1,"featured_media":0,"parent":69,"menu_order":0,"comment_status":"closed","ping_status":"closed","template":"","meta":{"_acf_changed":false,"footnotes":""},"class_list":["post-576","page","type-page","status-publish","hentry"],"acf":[],"yoast_head":"<!-- This site is optimized with the Yoast SEO plugin v26.2 - https:\/\/yoast.com\/wordpress\/plugins\/seo\/ -->\n<title>Etukaista yrityksille - Aamuposti<\/title>\n<meta name=\"robots\" content=\"index, follow, max-snippet:-1, max-image-preview:large, max-video-preview:-1\" \/>\n<link rel=\"canonical\" href=\"https:\/\/oma.media.fi\/aamuposti\/edut\/etukaista-yrityksille\/\" \/>\n<meta property=\"og:locale\" content=\"fi_FI\" \/>\n<meta property=\"og:type\" content=\"article\" \/>\n<meta property=\"og:title\" content=\"Etukaista yrityksille\" \/>\n<meta property=\"og:description\" content=\"Tilaajien Etukaista yhdist\u00e4\u00e4 paikalliset yritykset ja lehtemme tuhannet tilaajat. Se on lehden oma, tilaajille suunnattu markkinointikanava, jossa tarjoat houkuttelevia etuja tilaajillemme. N\u00e4yt edullisesti printiss\u00e4, mobiilipalvelussa ja verkossa! N\u00e4m\u00e4 monipuoliset viestinn\u00e4n kanavat yhdist\u00e4v\u00e4 Etukaista tavoittaa tehokkaasti\u00a0ja on loistava lis\u00e4 ilmoitusmarkkinoinnille! Esimerkkej\u00e4 toimivista etumalleista aikaan tai kappalem\u00e4\u00e4r\u00e4\u00e4n sidotut t\u00e4sm\u00e4tarjoukset tuotteen, palvelun tai tapahtuman ennakkomarkkinointi viimehetken vapaana olevat [&hellip;]\" \/>\n<meta property=\"og:url\" content=\"https:\/\/oma.media.fi\/aamuposti\/edut\/etukaista-yrityksille\/\" \/>\n<meta property=\"og:site_name\" content=\"Aamuposti\" \/>\n<meta property=\"article:modified_time\" content=\"2022-03-23T07:18:52+00:00\" \/>\n<meta name=\"twitter:card\" content=\"summary_large_image\" \/>\n<meta name=\"twitter:label1\" content=\"Arvioitu lukuaika\" \/>\n\t<meta name=\"twitter:data1\" content=\"2 minuuttia\" \/>\n<script type=\"application\/ld+json\" class=\"yoast-schema-graph\">{\"@context\":\"https:\/\/schema.org\",\"@graph\":[{\"@type\":\"WebPage\",\"@id\":\"https:\/\/oma.media.fi\/aamuposti\/edut\/etukaista-yrityksille\/\",\"url\":\"https:\/\/oma.media.fi\/aamuposti\/edut\/etukaista-yrityksille\/\",\"name\":\"Etukaista yrityksille - Aamuposti\",\"isPartOf\":{\"@id\":\"https:\/\/oma.media.fi\/aamuposti\/#website\"},\"datePublished\":\"2018-11-20T07:14:02+00:00\",\"dateModified\":\"2022-03-23T07:18:52+00:00\",\"breadcrumb\":{\"@id\":\"https:\/\/oma.media.fi\/aamuposti\/edut\/etukaista-yrityksille\/#breadcrumb\"},\"inLanguage\":\"fi\",\"potentialAction\":[{\"@type\":\"ReadAction\",\"target\":[\"https:\/\/oma.media.fi\/aamuposti\/edut\/etukaista-yrityksille\/\"]}]},{\"@type\":\"BreadcrumbList\",\"@id\":\"https:\/\/oma.media.fi\/aamuposti\/edut\/etukaista-yrityksille\/#breadcrumb\",\"itemListElement\":[{\"@type\":\"ListItem\",\"position\":1,\"name\":\"Etusivu\",\"item\":\"https:\/\/oma.media.fi\/aamuposti\/\"},{\"@type\":\"ListItem\",\"position\":2,\"name\":\"Tilaajan edut\",\"item\":\"https:\/\/oma.media.fi\/aamuposti\/edut\/\"},{\"@type\":\"ListItem\",\"position\":3,\"name\":\"Etukaista yrityksille\"}]},{\"@type\":\"WebSite\",\"@id\":\"https:\/\/oma.media.fi\/aamuposti\/#website\",\"url\":\"https:\/\/oma.media.fi\/aamuposti\/\",\"name\":\"Aamuposti\",\"description\":\"\",\"potentialAction\":[{\"@type\":\"SearchAction\",\"target\":{\"@type\":\"EntryPoint\",\"urlTemplate\":\"https:\/\/oma.media.fi\/aamuposti\/?s={search_term_string}\"},\"query-input\":{\"@type\":\"PropertyValueSpecification\",\"valueRequired\":true,\"valueName\":\"search_term_string\"}}],\"inLanguage\":\"fi\"}]}<\/script>\n<!-- \/ Yoast SEO plugin. -->","yoast_head_json":{"title":"Etukaista yrityksille - Aamuposti","robots":{"index":"index","follow":"follow","max-snippet":"max-snippet:-1","max-image-preview":"max-image-preview:large","max-video-preview":"max-video-preview:-1"},"canonical":"https:\/\/oma.media.fi\/aamuposti\/edut\/etukaista-yrityksille\/","og_locale":"fi_FI","og_type":"article","og_title":"Etukaista yrityksille","og_description":"Tilaajien Etukaista yhdist\u00e4\u00e4 paikalliset yritykset ja lehtemme tuhannet tilaajat. Se on lehden oma, tilaajille suunnattu markkinointikanava, jossa tarjoat houkuttelevia etuja tilaajillemme. N\u00e4yt edullisesti printiss\u00e4, mobiilipalvelussa ja verkossa! N\u00e4m\u00e4 monipuoliset viestinn\u00e4n kanavat yhdist\u00e4v\u00e4 Etukaista tavoittaa tehokkaasti\u00a0ja on loistava lis\u00e4 ilmoitusmarkkinoinnille! Esimerkkej\u00e4 toimivista etumalleista aikaan tai kappalem\u00e4\u00e4r\u00e4\u00e4n sidotut t\u00e4sm\u00e4tarjoukset tuotteen, palvelun tai tapahtuman ennakkomarkkinointi viimehetken vapaana olevat [&hellip;]","og_url":"https:\/\/oma.media.fi\/aamuposti\/edut\/etukaista-yrityksille\/","og_site_name":"Aamuposti","article_modified_time":"2022-03-23T07:18:52+00:00","twitter_card":"summary_large_image","twitter_misc":{"Arvioitu lukuaika":"2 minuuttia"},"schema":{"@context":"https:\/\/schema.org","@graph":[{"@type":"WebPage","@id":"https:\/\/oma.media.fi\/aamuposti\/edut\/etukaista-yrityksille\/","url":"https:\/\/oma.media.fi\/aamuposti\/edut\/etukaista-yrityksille\/","name":"Etukaista yrityksille - Aamuposti","isPartOf":{"@id":"https:\/\/oma.media.fi\/aamuposti\/#website"},"datePublished":"2018-11-20T07:14:02+00:00","dateModified":"2022-03-23T07:18:52+00:00","breadcrumb":{"@id":"https:\/\/oma.media.fi\/aamuposti\/edut\/etukaista-yrityksille\/#breadcrumb"},"inLanguage":"fi","potentialAction":[{"@type":"ReadAction","target":["https:\/\/oma.media.fi\/aamuposti\/edut\/etukaista-yrityksille\/"]}]},{"@type":"BreadcrumbList","@id":"https:\/\/oma.media.fi\/aamuposti\/edut\/etukaista-yrityksille\/#breadcrumb","itemListElement":[{"@type":"ListItem","position":1,"name":"Etusivu","item":"https:\/\/oma.media.fi\/aamuposti\/"},{"@type":"ListItem","position":2,"name":"Tilaajan edut","item":"https:\/\/oma.media.fi\/aamuposti\/edut\/"},{"@type":"ListItem","position":3,"name":"Etukaista yrityksille"}]},{"@type":"WebSite","@id":"https:\/\/oma.media.fi\/aamuposti\/#website","url":"https:\/\/oma.media.fi\/aamuposti\/","name":"Aamuposti","description":"","potentialAction":[{"@type":"SearchAction","target":{"@type":"EntryPoint","urlTemplate":"https:\/\/oma.media.fi\/aamuposti\/?s={search_term_string}"},"query-input":{"@type":"PropertyValueSpecification","valueRequired":true,"valueName":"search_term_string"}}],"inLanguage":"fi"}]}},"publishpress_future_action":{"enabled":false,"date":"2026-05-08 05:57:23","action":"change-status","newStatus":"draft","terms":[],"taxonomy":"","extraData":[]},"publishpress_future_workflow_manual_trigger":{"enabledWorkflows":[]},"_links":{"self":[{"href":"https:\/\/oma.media.fi\/aamuposti\/wp-json\/wp\/v2\/pages\/576","targetHints":{"allow":["GET"]}}],"collection":[{"href":"https:\/\/oma.media.fi\/aamuposti\/wp-json\/wp\/v2\/pages"}],"about":[{"href":"https:\/\/oma.media.fi\/aamuposti\/wp-json\/wp\/v2\/types\/page"}],"author":[{"embeddable":true,"href":"https:\/\/oma.media.fi\/aamuposti\/wp-json\/wp\/v2\/users\/1"}],"replies":[{"embeddable":true,"href":"https:\/\/oma.media.fi\/aamuposti\/wp-json\/wp\/v2\/comments?post=576"}],"version-history":[{"count":18,"href":"https:\/\/oma.media.fi\/aamuposti\/wp-json\/wp\/v2\/pages\/576\/revisions"}],"predecessor-version":[{"id":16297,"href":"https:\/\/oma.media.fi\/aamuposti\/wp-json\/wp\/v2\/pages\/576\/revisions\/16297"}],"up":[{"embeddable":true,"href":"https:\/\/oma.media.fi\/aamuposti\/wp-json\/wp\/v2\/pages\/69"}],"wp:attachment":[{"href":"https:\/\/oma.media.fi\/aamuposti\/wp-json\/wp\/v2\/media?parent=576"}],"curies":[{"name":"wp","href":"https:\/\/api.w.org\/{rel}","templated":true}]}}