{"id":24028,"date":"2025-01-28T11:04:18","date_gmt":"2025-01-28T09:04:18","guid":{"rendered":"https:\/\/oma.media.fi\/ess\/?page_id=24028"},"modified":"2025-04-30T14:26:18","modified_gmt":"2025-04-30T11:26:18","slug":"etela-suomen-sanomien-nayttely-kauppakeskus-triossa","status":"publish","type":"page","link":"https:\/\/oma.media.fi\/ess\/etela-suomen-sanomien-nayttely-kauppakeskus-triossa\/","title":{"rendered":"Etel\u00e4-Suomen Sanomien n\u00e4yttely kauppakeskus Triossa"},"content":{"rendered":"<h2>Milloin j\u00e4rjestettiin ensimm\u00e4iset Salpaussel\u00e4n kisat?<\/h2>\n<h2>Min\u00e4 vuonna Lahti sai liikennevalot?<\/h2>\n<h2>Milloin Touhulan perhe alkoi ilmesty\u00e4 Etel\u00e4-Suomen Sanomissa?<\/h2>\n<p>Etel\u00e4-Suomen Sanomien historia kietoutuu niin Lahden kuin koko P\u00e4ij\u00e4t-H\u00e4meenkin tapahtumiin.\u00a0Etel\u00e4-Suomen Sanomien tarina alkaa vuonna 1900 ja jatkuu yh\u00e4.<\/p>\n<p>N\u00e4yttelyss\u00e4 etusivut ja uutistapahtumat puhuvat puolestaan, sill\u00e4 niiden kautta voi n\u00e4hd\u00e4 sek\u00e4 uutismedian ett\u00e4 maailman muuttumisen.\u00a0Yksi asia kuitenkin pysyy: vastuullinen media pyrkii luotettavaan ja moniarvoiseen journalismiin.<\/p>\n<h3>N\u00e4yttely on sulkeutunut.<\/h3>\n<p><a href=\"https:\/\/oma.media.fi\/ess\/wp-content\/uploads\/sites\/4\/2025\/02\/10558931_-scaled.jpg\"><img loading=\"lazy\" decoding=\"async\" class=\" wp-image-24044\" src=\"https:\/\/oma.media.fi\/ess\/wp-content\/uploads\/sites\/4\/2025\/02\/10558931_-1024x617.jpg\" alt=\"\" width=\"383\" height=\"231\" srcset=\"https:\/\/oma.media.fi\/ess\/wp-content\/uploads\/sites\/4\/2025\/02\/10558931_-1024x617.jpg 1024w, https:\/\/oma.media.fi\/ess\/wp-content\/uploads\/sites\/4\/2025\/02\/10558931_-300x181.jpg 300w, https:\/\/oma.media.fi\/ess\/wp-content\/uploads\/sites\/4\/2025\/02\/10558931_-768x463.jpg 768w, https:\/\/oma.media.fi\/ess\/wp-content\/uploads\/sites\/4\/2025\/02\/10558931_-1536x925.jpg 1536w, https:\/\/oma.media.fi\/ess\/wp-content\/uploads\/sites\/4\/2025\/02\/10558931_-2048x1234.jpg 2048w\" sizes=\"auto, (max-width: 383px) 100vw, 383px\" \/><\/a><\/p>\n<p>Etel\u00e4-Suomen Sanomien vanhoja kansikuvia<\/p>\n<hr \/>\n<h2>N\u00e4yttelyn ohessa j\u00e4rjestet\u00e4\u00e4n my\u00f6s muuta ohjelmaa:<\/h2>\n<h4><span style=\"color: #999999\"><strong>VIIKKO 13<\/strong> <em>(24.3. &#8211; 30.3.)<\/em><\/span><\/h4>\n<ul>\n<li><span style=\"color: #999999\"><strong>Maanantaina 24.3.<\/strong><\/span>\n<ul>\n<li><span style=\"color: #999999\"><strong>Kello 9-11<\/strong> Radio Voiman <strong>Matti Eve<\/strong> mukana avajaisissa<\/span><\/li>\n<li><span style=\"color: #999999\"><strong>Kello 9-12 <\/strong>N\u00e4yttelyn avajaiset ja kahvitarjoilu 200 ensimm\u00e4iselle<\/span><\/li>\n<\/ul>\n<\/li>\n<li><span style=\"color: #999999\"><strong>Keskiviikkona 26.3.<\/strong><\/span>\n<ul>\n<li><span style=\"color: #999999\"><strong>Kello 13 <\/strong>Toimittaja <strong>Chimene Bavard<\/strong> lukijoiden jututettavana<\/span><\/li>\n<\/ul>\n<\/li>\n<li><span style=\"color: #999999\"><strong>Perjantaina 28.3.<\/strong><\/span>\n<ul>\n<li><span style=\"color: #999999\">N\u00e4yttely poikkeuksellisesti avoinna <strong>kello 9-16<\/strong>. Kutsuvierastilaisuus kello 16-18.<\/span><\/li>\n<li><span style=\"color: #999999\"><strong>Kello 15-17<\/strong> Radio Voiman <strong>Minni Salminen<\/strong> tekee l\u00e4hetyst\u00e4 radioon n\u00e4yttelyst\u00e4 ja kutsuvierastilaisuudesta.<\/span><\/li>\n<\/ul>\n<\/li>\n<li><span style=\"color: #999999\"><strong>Lauantaina 29.3.<\/strong><\/span>\n<ul>\n<li><span style=\"color: #999999\"><strong>Kello 13 <\/strong><em>\u201dKohtauksia ja lauluja n\u00e4ytelm\u00e4st\u00e4 Eversti ja Tornan tytt\u00e4ret\u201d<\/em>. Maistiaisia<strong> Timo Taulon<\/strong> kes\u00e4teatterin\u00e4ytelm\u00e4st\u00e4. <em>\u201dVaaran vuosi 1944. Hennalassa elet\u00e4\u00e4n<\/em><\/span><br \/>\n<span style=\"color: #999999\"><em>uuden ajan odotuksessa \u2013 ja pelossa. Monet suomalaiset ovat menett\u00e4neet kotinsa, uskonsa ja palan is\u00e4nmaatakin, mutta el\u00e4m\u00e4n j\u00e4lleenrakentamisen on alettava. Se on paras keino paikata murtuneita mieli\u00e4.\u201d<\/em><\/span><\/li>\n<\/ul>\n<\/li>\n<\/ul>\n<p><span style=\"color: #999999\">Koko viikon ajan LABin opiskelijoiden tietovisa. <\/span>Viikon 13 tietovisavoittajat ovat Lauri L. ja Tuija G. <span style=\"color: #999999\">Kaikkiin voittajiin on oltu yhteydess\u00e4 viikolla 18. Katso viikon tietovisan kysymykset ja oikeat vastaukset <a style=\"color: #999999\" href=\"https:\/\/oma.media.fi\/ess\/etela-suomen-sanomien-nayttelyn-tietovisat\/\">t\u00e4\u00e4lt\u00e4.<\/a><\/span><\/p>\n<h4><span style=\"color: #999999\"><strong>VIIKKO 14<\/strong>\u00a0<em>(31.3. &#8211; 6.4.)<\/em><\/span><\/h4>\n<ul>\n<li><span style=\"color: #999999\"><strong>Maanantaina 31.3.<\/strong><\/span>\n<ul>\n<li><span style=\"color: #999999\"><strong>Kello 15<\/strong> Vet\u00e4\u00e4k\u00f6 Fingerpori, kiinnostavatko kivijalkakaupat? Kuinka moni luki presidentin haastattelun? Verkkotuottaja <strong>P\u00e4ivi Piirainen<\/strong> kertoo, miten ESS seuraa juttujensa vetovoimaa.<\/span><\/li>\n<\/ul>\n<\/li>\n<li><span style=\"color: #999999\"><strong>Keskiviikkona 2.4.<\/strong><\/span>\n<ul>\n<li><span style=\"color: #999999\"><strong>Kello 9-11<\/strong> LABin opiskelijoiden lasten askartelupaja. Piirr\u00e4 ja askartele oma Etlarin etusivusi! Onko etusivullasi kuvia? Millaisia otsikoita? Mitk\u00e4 olisivat p\u00e4iv\u00e4n t\u00e4rkeimm\u00e4t uutiset?<\/span><\/li>\n<li><span style=\"color: #999999\"><strong>Kello 13<\/strong> Kulttuuritoimittaja <strong>Ilkka Kuosmanen<\/strong> haastattelee <strong>Tapani Ripattia<\/strong>, joka on tutkinut lahtelaisnuorison historiaa. Haastattelun aihe: <em>\u201dKaikki ne tavat joilla lahtelainen nuoriso on uhannut j\u00e4rjest\u00e4ytynytt\u00e4 yhteiskuntaa.\u201d<\/em> Mukana aineistoa Etlarista.<\/span><\/li>\n<\/ul>\n<\/li>\n<li><span style=\"color: #999999\"><strong>Torstaina 3.4.<\/strong><\/span>\n<ul>\n<li><span style=\"color: #999999\"><strong>Kello 15<\/strong> ESS x P\u00e4ij\u00e4t-H\u00e4meen liitto: Nuorten ehdokkaiden kuntavaalipaneeli. Vaalipaneeliin ilmoittautuneet seuraavat ehdokkaat: <strong>Oskari P\u00e4\u00e4talo<\/strong> (vas), <strong>Kasperi Ruhanen<\/strong>\u00a0(sd), <strong>Ida Schroderus<\/strong> (vihr), <strong>Valeri Kuivonen<\/strong> (kesk), <strong>Ronja Virta<\/strong> (kok), <strong>Matias P\u00e4iv\u00e4<\/strong> (ps),<strong> Viljami Haavisto<\/strong> (kd).<\/span><\/li>\n<\/ul>\n<\/li>\n<li><span style=\"color: #999999\"><strong>Perjantaina 4.4.<\/strong><\/span>\n<ul>\n<li><span style=\"color: #999999\"><strong>Kello 13<\/strong> tutkija <strong>Janne Ridanp\u00e4\u00e4n<\/strong> luento: <em>ESS sorrosta syntynyt? \u2013 Median ja politiikan maailma 125 vuotta sitten<\/em>.<\/span><\/li>\n<\/ul>\n<\/li>\n<\/ul>\n<p><span style=\"color: #808080\"><span style=\"color: #999999\">Koko viikon ajan LABin opiskelijoiden tietovisa.<\/span> <span style=\"color: #000000\">Viikon 14 tietovisavoittajat ovat <span data-teams=\"true\">Samu P. ja Tarja N<\/span>. <span style=\"color: #999999\">Kaikkiin voittajiin on oltu yhteydess\u00e4 viikolla 18. Katso viikon tietovisan kysymykset ja oikeat vastaukset <a style=\"color: #999999\" href=\"https:\/\/oma.media.fi\/ess\/etela-suomen-sanomien-nayttelyn-tietovisat\/\">t\u00e4\u00e4lt\u00e4.<\/a><\/span><\/span><\/span><\/p>\n<h4><span style=\"color: #999999\"><strong>VIIKKO 15 <\/strong><em>(7.4. &#8211; 13.4.)<\/em><\/span><\/h4>\n<ul>\n<li><span style=\"color: #999999\"><strong>Maanantaina 7.4.<\/strong><\/span>\n<ul>\n<li><span style=\"color: #999999\"><strong>Kello 13 <\/strong>Taloustoimittaja <strong>Teppo Koskinen <\/strong>pit\u00e4\u00e4 luennon aiheesta <em>Sananvapaus ja lehdist\u00f6 \u2013 onko meill\u00e4 sananvapautta?<\/em><\/span><\/li>\n<\/ul>\n<\/li>\n<li><span style=\"color: #999999\"><strong>Tiistaina 8.4.<\/strong><\/span>\n<ul>\n<li><span style=\"color: #999999\"><strong>Kello 13 <\/strong><strong>Hannu Takalan<\/strong> luento <em>Millaiset olivat Karjalassa ilmestyneiden sanomalehtien linjaukset Suomen ja Ven\u00e4j\u00e4n suhteista? Lehdist\u00f6 polarisoitui hyvin vahvasti 1910-luvulla ennen sis\u00e4llissotaa.<\/em><\/span><\/li>\n<\/ul>\n<\/li>\n<li><span style=\"color: #999999\"><strong>Keskiviikkona 9.4.<\/strong><\/span>\n<ul>\n<li><span style=\"color: #999999\"><strong>Kello 9-11<\/strong> LABin opiskelijoiden lasten askartelupaja.\u00a0Piirr\u00e4 ja askartele oma Etlarin etusivusi! Onko etusivullasi kuvia? Millaisia otsikoita? Mitk\u00e4 olisivat p\u00e4iv\u00e4n t\u00e4rkeimm\u00e4t uutiset?<\/span><\/li>\n<li><span style=\"color: #999999\"><strong>Kello 13<\/strong> Keskustelua aiheesta <em>Markku-nimi kuolee sukupuuttoon? Mitk\u00e4 ovat suosituimmat nimet nyt? Millaista nime\u00e4 vauvalle ei saa antaa? <\/em>Toimittaja <strong>Anne Honkanen<\/strong> haastattelee nimist\u00f6ntutkimuksen dosentti, nimip\u00e4iv\u00e4asiantuntija <strong>Minna Saarelma-Paukkalaa<\/strong> etunimist\u00e4 ja niiden taustoista.<\/span><\/li>\n<\/ul>\n<\/li>\n<li><span style=\"color: #999999\"><strong>Torstaina 10.4.<\/strong><\/span>\n<ul>\n<li><span style=\"color: #999999\"><strong>Kello 13<\/strong> Mit\u00e4 on kirjallisuusterapia? Toimittaja ja kirjallisuusterapiaohjaaja <strong>Milja Kungas<\/strong> kertoo terapeuttisesta kirjoittamisesta ja runoista.<\/span><\/li>\n<\/ul>\n<\/li>\n<\/ul>\n<p><span style=\"color: #808080\"><span style=\"color: #999999\">Koko viikon ajan LABin opiskelijoiden tietovisa.<\/span> <span style=\"color: #000000\">Viikon 15 tietovisavoittajat ovat Salla T., Soile P., Matti S. ja Kirsti H. <span style=\"color: #999999\">Kaikkiin voittajiin on oltu yhteydess\u00e4 viikolla 18. Katso viikon tietovisan kysymykset ja oikeat vastaukset <a style=\"color: #999999\" href=\"https:\/\/oma.media.fi\/ess\/etela-suomen-sanomien-nayttelyn-tietovisat\/\">t\u00e4\u00e4lt\u00e4.<\/a><\/span><\/span><\/span><\/p>\n<h4><span style=\"color: #999999\"><strong>VIIKKO 16<\/strong>\u00a0<em>(14.4. &#8211; 17.4.)<\/em><\/span><\/h4>\n<ul>\n<li><span style=\"color: #999999\"><strong>Tiistaina 15.4.<\/strong><\/span>\n<ul>\n<li><span style=\"color: #999999\"><strong>Kello 13<\/strong> Jos viel\u00e4 mietit miten tehd\u00e4\u00e4n neulakintaaseen py\u00f6re\u00e4 aloitus, tule kysym\u00e4\u00e4n k\u00e4sity\u00f6mestarilta. Voit samalla my\u00f6s kokeilla miten sujuu lautanauhan kutominen. Muinaista muotia ja k\u00e4sity\u00f6tekniikoita esittelee toimittaja, k\u00e4sity\u00f6mestari <strong>Mervi Pasanen<\/strong>. Esill\u00e4 my\u00f6s muinaispuku Hollolan Kirkkailanm\u00e4elt\u00e4.<\/span><\/li>\n<\/ul>\n<\/li>\n<li><span style=\"color: #999999\"><strong>Keskiviikkona 16.4.<\/strong><\/span>\n<ul>\n<li><span style=\"color: #999999\"><strong>Kello 9-11<\/strong> LABin opiskelijoiden lasten askartelupaja.\u00a0Piirr\u00e4 ja askartele oma Etlarin etusivusi! Onko etusivullasi kuvia? Millaisia otsikoita? Mitk\u00e4 olisivat p\u00e4iv\u00e4n t\u00e4rkeimm\u00e4t uutiset?<\/span><\/li>\n<li><span style=\"color: #999999\"><strong>Kello 13 <\/strong>Toimittaja <strong>Tommi Berg<\/strong> k\u00e4y l\u00e4pi 25 vuoden ajalta l\u00e4pi kokemuksiaan toimittajan ty\u00f6st\u00e4 Lahdessa ja median muutoksesta. H\u00e4n k\u00e4sittelee my\u00f6s yleisi\u00e4 v\u00e4\u00e4rink\u00e4sityksi\u00e4 toimittajan ty\u00f6st\u00e4.<\/span><\/li>\n<\/ul>\n<\/li>\n<li><span style=\"color: #999999\"><strong>Torstaina 17.4.<\/strong><\/span>\n<ul>\n<li><span style=\"color: #999999\"><strong>Kello 13<\/strong> P\u00e4\u00e4toimittaja <strong>Markus Pirttijoki<\/strong> p\u00e4\u00e4tt\u00e4\u00e4 n\u00e4yttelyn kertomalla Etel\u00e4-Suomen Sanomien syntyvaiheista ja nykyp\u00e4iv\u00e4st\u00e4.<\/span><\/li>\n<li><span style=\"color: #999999\"><strong>Kello 14<\/strong> N\u00e4yttely sulkeutuu. N\u00e4yttely poikkeuksellisesti avoinna <strong>kello 9-14<\/strong>. Hyv\u00e4\u00e4 p\u00e4\u00e4si\u00e4ist\u00e4!<\/span><\/li>\n<\/ul>\n<\/li>\n<\/ul>\n<p><span style=\"color: #999999\">Maanantaista torstaihin LABin opiskelijoiden tietovisa. <span style=\"color: #000000\">Viikon 16 tietovisavoittajat ovat <span data-teams=\"true\">Valma P.<\/span>, <span data-teams=\"true\">Pirjo S., Pekka K. ja Seppo K<\/span>.<\/span> Kaikkiin voittajiin on oltu yhteydess\u00e4 viikolla 18. Katso viikon tietovisan kysymykset ja oikeat vastaukset <a style=\"color: #999999\" href=\"https:\/\/oma.media.fi\/ess\/etela-suomen-sanomien-nayttelyn-tietovisat\/\">t\u00e4\u00e4lt\u00e4.<\/a><\/span><\/p>\n<p>N\u00e4yttelyn p\u00e4\u00e4tteeksi 18.4.2025 julkaistaan Etel\u00e4-Suomen Sanomien juhlaliite p\u00e4\u00e4si\u00e4isen lukupaketiksi.<\/p>\n<hr \/>\n<h4><a href=\"https:\/\/oma.media.fi\/ess\/wp-content\/uploads\/sites\/4\/2025\/03\/1-scaled.jpg\"><img loading=\"lazy\" decoding=\"async\" class=\"wp-image-24130 alignnone\" src=\"https:\/\/oma.media.fi\/ess\/wp-content\/uploads\/sites\/4\/2025\/03\/1-784x1024.jpg\" alt=\"\" width=\"236\" height=\"308\" srcset=\"https:\/\/oma.media.fi\/ess\/wp-content\/uploads\/sites\/4\/2025\/03\/1-784x1024.jpg 784w, https:\/\/oma.media.fi\/ess\/wp-content\/uploads\/sites\/4\/2025\/03\/1-230x300.jpg 230w, https:\/\/oma.media.fi\/ess\/wp-content\/uploads\/sites\/4\/2025\/03\/1-768x1003.jpg 768w, https:\/\/oma.media.fi\/ess\/wp-content\/uploads\/sites\/4\/2025\/03\/1-1176x1536.jpg 1176w, https:\/\/oma.media.fi\/ess\/wp-content\/uploads\/sites\/4\/2025\/03\/1-1568x2048.jpg 1568w, https:\/\/oma.media.fi\/ess\/wp-content\/uploads\/sites\/4\/2025\/03\/1-scaled.jpg 1960w\" sizes=\"auto, (max-width: 236px) 100vw, 236px\" \/><\/a><\/h4>\n<h3>Haluatko itsellesi syntym\u00e4p\u00e4iv\u00e4si Etlarin kannen tulosteena?<\/h3>\n<p>Etusivujen tulostus on sulkeutunut.<\/p>\n<hr \/>\n<p>&nbsp;<\/p>\n","protected":false},"excerpt":{"rendered":"<p>Milloin j\u00e4rjestettiin ensimm\u00e4iset Salpaussel\u00e4n kisat? Min\u00e4 vuonna Lahti sai liikennevalot? Milloin Touhulan perhe alkoi ilmesty\u00e4 Etel\u00e4-Suomen Sanomissa? Etel\u00e4-Suomen Sanomien historia kietoutuu niin Lahden kuin koko P\u00e4ij\u00e4t-H\u00e4meenkin tapahtumiin.\u00a0Etel\u00e4-Suomen Sanomien tarina alkaa vuonna 1900 ja jatkuu yh\u00e4. N\u00e4yttelyss\u00e4 etusivut ja uutistapahtumat puhuvat puolestaan, sill\u00e4 niiden kautta voi n\u00e4hd\u00e4 sek\u00e4 uutismedian ett\u00e4 maailman muuttumisen.\u00a0Yksi asia kuitenkin pysyy: vastuullinen [&hellip;]<\/p>\n","protected":false},"author":69,"featured_media":24038,"parent":0,"menu_order":0,"comment_status":"closed","ping_status":"closed","template":"","meta":{"_acf_changed":false,"footnotes":""},"class_list":["post-24028","page","type-page","status-publish","has-post-thumbnail","hentry"],"acf":[],"yoast_head":"<!-- This site is optimized with the Yoast SEO plugin v26.2 - https:\/\/yoast.com\/wordpress\/plugins\/seo\/ -->\n<title>Etel\u00e4-Suomen Sanomien n\u00e4yttely kauppakeskus Triossa - Etel\u00e4-Suomen Sanomat<\/title>\n<meta name=\"robots\" content=\"index, follow, max-snippet:-1, max-image-preview:large, max-video-preview:-1\" \/>\n<link rel=\"canonical\" href=\"https:\/\/oma.media.fi\/ess\/etela-suomen-sanomien-nayttely-kauppakeskus-triossa\/\" \/>\n<meta property=\"og:locale\" content=\"fi_FI\" \/>\n<meta property=\"og:type\" content=\"article\" \/>\n<meta property=\"og:title\" content=\"Etel\u00e4-Suomen Sanomien n\u00e4yttely kauppakeskus Triossa\" \/>\n<meta property=\"og:description\" content=\"Milloin j\u00e4rjestettiin ensimm\u00e4iset Salpaussel\u00e4n kisat? Min\u00e4 vuonna Lahti sai liikennevalot? Milloin Touhulan perhe alkoi ilmesty\u00e4 Etel\u00e4-Suomen Sanomissa? Etel\u00e4-Suomen Sanomien historia kietoutuu niin Lahden kuin koko P\u00e4ij\u00e4t-H\u00e4meenkin tapahtumiin.\u00a0Etel\u00e4-Suomen Sanomien tarina alkaa vuonna 1900 ja jatkuu yh\u00e4. N\u00e4yttelyss\u00e4 etusivut ja uutistapahtumat puhuvat puolestaan, sill\u00e4 niiden kautta voi n\u00e4hd\u00e4 sek\u00e4 uutismedian ett\u00e4 maailman muuttumisen.\u00a0Yksi asia kuitenkin pysyy: vastuullinen [&hellip;]\" \/>\n<meta property=\"og:url\" content=\"https:\/\/oma.media.fi\/ess\/etela-suomen-sanomien-nayttely-kauppakeskus-triossa\/\" \/>\n<meta property=\"og:site_name\" content=\"Etel\u00e4-Suomen Sanomat\" \/>\n<meta property=\"article:modified_time\" content=\"2025-04-30T11:26:18+00:00\" \/>\n<meta property=\"og:image\" content=\"https:\/\/oma.media.fi\/ess\/wp-content\/uploads\/sites\/4\/2025\/02\/250206_Oma.media_980x350px.jpg\" \/>\n\t<meta property=\"og:image:width\" content=\"980\" \/>\n\t<meta property=\"og:image:height\" content=\"350\" \/>\n\t<meta property=\"og:image:type\" content=\"image\/jpeg\" \/>\n<meta name=\"twitter:card\" content=\"summary_large_image\" \/>\n<meta name=\"twitter:label1\" content=\"Arvioitu lukuaika\" \/>\n\t<meta name=\"twitter:data1\" content=\"5 minuuttia\" \/>\n<script type=\"application\/ld+json\" class=\"yoast-schema-graph\">{\"@context\":\"https:\/\/schema.org\",\"@graph\":[{\"@type\":\"WebPage\",\"@id\":\"https:\/\/oma.media.fi\/ess\/etela-suomen-sanomien-nayttely-kauppakeskus-triossa\/\",\"url\":\"https:\/\/oma.media.fi\/ess\/etela-suomen-sanomien-nayttely-kauppakeskus-triossa\/\",\"name\":\"Etel\u00e4-Suomen Sanomien n\u00e4yttely kauppakeskus Triossa - Etel\u00e4-Suomen Sanomat\",\"isPartOf\":{\"@id\":\"https:\/\/oma.media.fi\/ess\/#website\"},\"primaryImageOfPage\":{\"@id\":\"https:\/\/oma.media.fi\/ess\/etela-suomen-sanomien-nayttely-kauppakeskus-triossa\/#primaryimage\"},\"image\":{\"@id\":\"https:\/\/oma.media.fi\/ess\/etela-suomen-sanomien-nayttely-kauppakeskus-triossa\/#primaryimage\"},\"thumbnailUrl\":\"https:\/\/oma.media.fi\/ess\/wp-content\/uploads\/sites\/4\/2025\/02\/250206_Oma.media_980x350px.jpg\",\"datePublished\":\"2025-01-28T09:04:18+00:00\",\"dateModified\":\"2025-04-30T11:26:18+00:00\",\"breadcrumb\":{\"@id\":\"https:\/\/oma.media.fi\/ess\/etela-suomen-sanomien-nayttely-kauppakeskus-triossa\/#breadcrumb\"},\"inLanguage\":\"fi\",\"potentialAction\":[{\"@type\":\"ReadAction\",\"target\":[\"https:\/\/oma.media.fi\/ess\/etela-suomen-sanomien-nayttely-kauppakeskus-triossa\/\"]}]},{\"@type\":\"ImageObject\",\"inLanguage\":\"fi\",\"@id\":\"https:\/\/oma.media.fi\/ess\/etela-suomen-sanomien-nayttely-kauppakeskus-triossa\/#primaryimage\",\"url\":\"https:\/\/oma.media.fi\/ess\/wp-content\/uploads\/sites\/4\/2025\/02\/250206_Oma.media_980x350px.jpg\",\"contentUrl\":\"https:\/\/oma.media.fi\/ess\/wp-content\/uploads\/sites\/4\/2025\/02\/250206_Oma.media_980x350px.jpg\",\"width\":980,\"height\":350},{\"@type\":\"BreadcrumbList\",\"@id\":\"https:\/\/oma.media.fi\/ess\/etela-suomen-sanomien-nayttely-kauppakeskus-triossa\/#breadcrumb\",\"itemListElement\":[{\"@type\":\"ListItem\",\"position\":1,\"name\":\"Etusivu\",\"item\":\"https:\/\/oma.media.fi\/ess\/\"},{\"@type\":\"ListItem\",\"position\":2,\"name\":\"Etel\u00e4-Suomen Sanomien n\u00e4yttely kauppakeskus Triossa\"}]},{\"@type\":\"WebSite\",\"@id\":\"https:\/\/oma.media.fi\/ess\/#website\",\"url\":\"https:\/\/oma.media.fi\/ess\/\",\"name\":\"Etel\u00e4-Suomen Sanomat\",\"description\":\"\",\"potentialAction\":[{\"@type\":\"SearchAction\",\"target\":{\"@type\":\"EntryPoint\",\"urlTemplate\":\"https:\/\/oma.media.fi\/ess\/?s={search_term_string}\"},\"query-input\":{\"@type\":\"PropertyValueSpecification\",\"valueRequired\":true,\"valueName\":\"search_term_string\"}}],\"inLanguage\":\"fi\"}]}<\/script>\n<!-- \/ Yoast SEO plugin. -->","yoast_head_json":{"title":"Etel\u00e4-Suomen Sanomien n\u00e4yttely kauppakeskus Triossa - Etel\u00e4-Suomen Sanomat","robots":{"index":"index","follow":"follow","max-snippet":"max-snippet:-1","max-image-preview":"max-image-preview:large","max-video-preview":"max-video-preview:-1"},"canonical":"https:\/\/oma.media.fi\/ess\/etela-suomen-sanomien-nayttely-kauppakeskus-triossa\/","og_locale":"fi_FI","og_type":"article","og_title":"Etel\u00e4-Suomen Sanomien n\u00e4yttely kauppakeskus Triossa","og_description":"Milloin j\u00e4rjestettiin ensimm\u00e4iset Salpaussel\u00e4n kisat? Min\u00e4 vuonna Lahti sai liikennevalot? Milloin Touhulan perhe alkoi ilmesty\u00e4 Etel\u00e4-Suomen Sanomissa? Etel\u00e4-Suomen Sanomien historia kietoutuu niin Lahden kuin koko P\u00e4ij\u00e4t-H\u00e4meenkin tapahtumiin.\u00a0Etel\u00e4-Suomen Sanomien tarina alkaa vuonna 1900 ja jatkuu yh\u00e4. N\u00e4yttelyss\u00e4 etusivut ja uutistapahtumat puhuvat puolestaan, sill\u00e4 niiden kautta voi n\u00e4hd\u00e4 sek\u00e4 uutismedian ett\u00e4 maailman muuttumisen.\u00a0Yksi asia kuitenkin pysyy: vastuullinen [&hellip;]","og_url":"https:\/\/oma.media.fi\/ess\/etela-suomen-sanomien-nayttely-kauppakeskus-triossa\/","og_site_name":"Etel\u00e4-Suomen Sanomat","article_modified_time":"2025-04-30T11:26:18+00:00","og_image":[{"width":980,"height":350,"url":"https:\/\/oma.media.fi\/ess\/wp-content\/uploads\/sites\/4\/2025\/02\/250206_Oma.media_980x350px.jpg","type":"image\/jpeg"}],"twitter_card":"summary_large_image","twitter_misc":{"Arvioitu lukuaika":"5 minuuttia"},"schema":{"@context":"https:\/\/schema.org","@graph":[{"@type":"WebPage","@id":"https:\/\/oma.media.fi\/ess\/etela-suomen-sanomien-nayttely-kauppakeskus-triossa\/","url":"https:\/\/oma.media.fi\/ess\/etela-suomen-sanomien-nayttely-kauppakeskus-triossa\/","name":"Etel\u00e4-Suomen Sanomien n\u00e4yttely kauppakeskus Triossa - Etel\u00e4-Suomen Sanomat","isPartOf":{"@id":"https:\/\/oma.media.fi\/ess\/#website"},"primaryImageOfPage":{"@id":"https:\/\/oma.media.fi\/ess\/etela-suomen-sanomien-nayttely-kauppakeskus-triossa\/#primaryimage"},"image":{"@id":"https:\/\/oma.media.fi\/ess\/etela-suomen-sanomien-nayttely-kauppakeskus-triossa\/#primaryimage"},"thumbnailUrl":"https:\/\/oma.media.fi\/ess\/wp-content\/uploads\/sites\/4\/2025\/02\/250206_Oma.media_980x350px.jpg","datePublished":"2025-01-28T09:04:18+00:00","dateModified":"2025-04-30T11:26:18+00:00","breadcrumb":{"@id":"https:\/\/oma.media.fi\/ess\/etela-suomen-sanomien-nayttely-kauppakeskus-triossa\/#breadcrumb"},"inLanguage":"fi","potentialAction":[{"@type":"ReadAction","target":["https:\/\/oma.media.fi\/ess\/etela-suomen-sanomien-nayttely-kauppakeskus-triossa\/"]}]},{"@type":"ImageObject","inLanguage":"fi","@id":"https:\/\/oma.media.fi\/ess\/etela-suomen-sanomien-nayttely-kauppakeskus-triossa\/#primaryimage","url":"https:\/\/oma.media.fi\/ess\/wp-content\/uploads\/sites\/4\/2025\/02\/250206_Oma.media_980x350px.jpg","contentUrl":"https:\/\/oma.media.fi\/ess\/wp-content\/uploads\/sites\/4\/2025\/02\/250206_Oma.media_980x350px.jpg","width":980,"height":350},{"@type":"BreadcrumbList","@id":"https:\/\/oma.media.fi\/ess\/etela-suomen-sanomien-nayttely-kauppakeskus-triossa\/#breadcrumb","itemListElement":[{"@type":"ListItem","position":1,"name":"Etusivu","item":"https:\/\/oma.media.fi\/ess\/"},{"@type":"ListItem","position":2,"name":"Etel\u00e4-Suomen Sanomien n\u00e4yttely kauppakeskus Triossa"}]},{"@type":"WebSite","@id":"https:\/\/oma.media.fi\/ess\/#website","url":"https:\/\/oma.media.fi\/ess\/","name":"Etel\u00e4-Suomen Sanomat","description":"","potentialAction":[{"@type":"SearchAction","target":{"@type":"EntryPoint","urlTemplate":"https:\/\/oma.media.fi\/ess\/?s={search_term_string}"},"query-input":{"@type":"PropertyValueSpecification","valueRequired":true,"valueName":"search_term_string"}}],"inLanguage":"fi"}]}},"publishpress_future_action":{"enabled":false,"date":"2026-05-15 22:04:28","action":"change-status","newStatus":"draft","terms":[],"taxonomy":"","extraData":[]},"publishpress_future_workflow_manual_trigger":{"enabledWorkflows":[]},"_links":{"self":[{"href":"https:\/\/oma.media.fi\/ess\/wp-json\/wp\/v2\/pages\/24028","targetHints":{"allow":["GET"]}}],"collection":[{"href":"https:\/\/oma.media.fi\/ess\/wp-json\/wp\/v2\/pages"}],"about":[{"href":"https:\/\/oma.media.fi\/ess\/wp-json\/wp\/v2\/types\/page"}],"author":[{"embeddable":true,"href":"https:\/\/oma.media.fi\/ess\/wp-json\/wp\/v2\/users\/69"}],"replies":[{"embeddable":true,"href":"https:\/\/oma.media.fi\/ess\/wp-json\/wp\/v2\/comments?post=24028"}],"version-history":[{"count":85,"href":"https:\/\/oma.media.fi\/ess\/wp-json\/wp\/v2\/pages\/24028\/revisions"}],"predecessor-version":[{"id":24314,"href":"https:\/\/oma.media.fi\/ess\/wp-json\/wp\/v2\/pages\/24028\/revisions\/24314"}],"wp:featuredmedia":[{"embeddable":true,"href":"https:\/\/oma.media.fi\/ess\/wp-json\/wp\/v2\/media\/24038"}],"wp:attachment":[{"href":"https:\/\/oma.media.fi\/ess\/wp-json\/wp\/v2\/media?parent=24028"}],"curies":[{"name":"wp","href":"https:\/\/api.w.org\/{rel}","templated":true}]}}