{"id":24116,"date":"2025-03-20T07:54:21","date_gmt":"2025-03-20T05:54:21","guid":{"rendered":"https:\/\/oma.media.fi\/ess\/?page_id=24116"},"modified":"2026-04-10T07:47:19","modified_gmt":"2026-04-10T04:47:19","slug":"etlarin-sporttiseikkailu","status":"publish","type":"page","link":"https:\/\/oma.media.fi\/ess\/etlarin-sporttiseikkailu\/","title":{"rendered":"Etlarin SporttiSeikkailu"},"content":{"rendered":"<h2 class=\"entry-title\">Etlarin SporttiSeikkailu \u2013 uusi suosikkilaji voi l\u00f6yty\u00e4 yhdess\u00e4 p\u00e4iv\u00e4ss\u00e4!<\/h2>\n<p>Etsittek\u00f6 lapsille uutta harrastusta tai hauskaa tekemist\u00e4 viikonlopuksi?<br \/>\nEtlarin SporttiSeikkailu tuo Lahteen p\u00e4iv\u00e4n, jossa lapset p\u00e4\u00e4sev\u00e4t kokeilemaan liikuntaa ihan uudella tavalla.<\/p>\n<p><strong>Lauantaina 23.5.2026 klo <span data-olk-copy-source=\"MessageBody\">11-15<\/span> Luhta Areenalla j\u00e4rjestet\u00e4\u00e4n maksuton koko perheen tapahtuma, jossa p\u00e4ij\u00e4th\u00e4m\u00e4l\u00e4iset urheiluseurat ja harrastustoimijat esittelev\u00e4t omia lajejaan. Lapset voivat kiert\u00e4\u00e4 pisteelt\u00e4 toiselle, testata eri lajeja ja l\u00f6yt\u00e4\u00e4 sen jutun, joka saa silm\u00e4t loistamaan.<\/strong><\/p>\n<h4>P\u00e4iv\u00e4 t\u00e4ynn\u00e4 kokeilua ja onnistumisen iloa<\/h4>\n<p>SporttiSeikkailussa saa liikkua, testata ja innostua.<br \/>\nTapahtumassa p\u00e4\u00e4see esimerkiksi:<\/p>\n<ul>\n<li>kokeilemaan uusia urheilulajeja<\/li>\n<li>testaamaan taito- ja seikkailuratoja<\/li>\n<li>haastamaan kaverit liikunnallisissa pisteiss\u00e4<\/li>\n<li>tutustumaan paikallisiin seuroihin<\/li>\n<\/ul>\n<p>Moni lapsi l\u00f6yt\u00e4\u00e4 tapahtumasta ensimm\u00e4isen kosketuksen lajiin, josta voi kasvaa pitk\u00e4 harrastus.<\/p>\n<h4>P\u00e4ij\u00e4t-H\u00e4meen seurat mukana<\/h4>\n<p>Etel\u00e4-Suomen Sanomat j\u00e4rjest\u00e4\u00e4 SporttiSeikkailun yhdess\u00e4 paikallisten urheiluseurojen ja harrastustoimijoiden kanssa. P\u00e4iv\u00e4n aikana p\u00e4\u00e4see tutustumaan monipuoliseen lajikirjoon ja juttelemaan suoraan harrastusten ohjaajien kanssa.<\/p>\n<h4>Tule mukaan koko perheen voimin<\/h4>\n<p>SporttiSeikkailu on tehty erityisesti lapsille, mutta samalla se on helppo ja hauska tapa viett\u00e4\u00e4 aktiivinen p\u00e4iv\u00e4 yhdess\u00e4.<\/p>\n<p>Tapahtumaan on vapaa p\u00e4\u00e4sy.<\/p>\n<p>Tervetuloa seikkailemaan, kokeilemaan ja l\u00f6yt\u00e4m\u00e4\u00e4n uusia suosikkilajeja.<\/p>\n<p>&nbsp;<\/p>\n<p><strong>Mukana mm. seuraavat yhdistykset:<\/strong><\/p>\n<ul>\n<li><a href=\"https:\/\/lcspanthers.fi\/\" target=\"_blank\" rel=\"noopener\">LCS Panthers ry \u2013 Lahden Cheerleadingseura Panthers<\/a><\/li>\n<li><a href=\"https:\/\/www.lbj.fi\/\" target=\"_blank\" rel=\"noopener\">Lahti Basketball Juniorit<\/a><\/li>\n<li><a href=\"https:\/\/www.uinti.com\/\" target=\"_blank\" rel=\"noopener\">Lahden Uimaseura &#8211; LaUS<\/a><\/li>\n<li><a href=\"https:\/\/lahtielitecheerteam.com\/\" target=\"_blank\" rel=\"noopener\">Lahti Elite Cheer Team \u2013 LEC<\/a><\/li>\n<li><a href=\"https:\/\/www.pelicanssb.fi\/\" target=\"_blank\" rel=\"noopener\">Pelicans SB &#8211; P\u00e4ij\u00e4t-H\u00e4meen Salibandyseura<\/a><\/li>\n<li><a href=\"https:\/\/www.lahdenmailaveikot.fi\/\" target=\"_blank\" rel=\"noopener\">Lahden Mailaveikot ry<\/a><\/li>\n<li><a href=\"https:\/\/lahdengolf.fi\/\" target=\"_blank\" rel=\"noopener\">Lahden Golf<\/a> \/ <a href=\"https:\/\/messilagolf.fi\/\" target=\"_blank\" rel=\"noopener\">Messil\u00e4 Golf<\/a><\/li>\n<li><a href=\"https:\/\/lhs.fi\/\" target=\"_blank\" rel=\"noopener\">Lahden Hiihtoseura<\/a><\/li>\n<li><a href=\"https:\/\/www.lahdenkaleva.fi\/\" target=\"_blank\" rel=\"noopener\">Lahden Kaleva<\/a><\/li>\n<li><a href=\"https:\/\/www.lahtiringette.fi\/\" target=\"_blank\" rel=\"noopener\">Lahti Ringette<\/a><\/li>\n<li><a href=\"https:\/\/retkikunta.net\/\" target=\"_blank\" rel=\"noopener\">Retkikunta Racing ry<\/a><\/li>\n<li><a href=\"https:\/\/www.phlu.fi\/\" target=\"_blank\" rel=\"noopener\">P\u00e4ij\u00e4t-H\u00e4meen Liikunta ja Urheilu ry<\/a><\/li>\n<li><a href=\"https:\/\/www.lahdentaitoluistelijat.fi\/\" target=\"_blank\" rel=\"noopener\">Lahden Taitoluistelijat ry<\/a><\/li>\n<li><a href=\"https:\/\/www.fclahtijuniorit.fi\/\" target=\"_blank\" rel=\"noopener\">FC Lahti ry<\/a><\/li>\n<li><a href=\"https:\/\/www.lahdenreipas.fi\/\" target=\"_blank\" rel=\"noopener\">Lahden Reipas<\/a><\/li>\n<li><a href=\"https:\/\/www.lahdenahkera.fi\/\" target=\"_blank\" rel=\"noopener\">Lahden Ahkera ry<\/a><\/li>\n<li><a href=\"https:\/\/www.lahti-sulkkis.fi\/\" target=\"_blank\" rel=\"noopener\">Lahti-Sulkkis r.y.<\/a><\/li>\n<li><a href=\"https:\/\/www.jalkarannanpalloseura.fi\/\" target=\"_blank\" rel=\"noopener\">Jalkarannan Palloseura &#8211; JaPS<\/a><\/li>\n<li><a href=\"https:\/\/www.lahtijets.fi\/\" target=\"_blank\" rel=\"noopener\">Lahti Jets<\/a><\/li>\n<\/ul>\n<p><strong>Yhteisty\u00f6ss\u00e4:\u00a0<\/strong><\/p>\n<ul>\n<li><a href=\"https:\/\/www.ess.fi\/\" target=\"_blank\" rel=\"noopener\">Etel\u00e4-Suomen Sanomat<\/a><\/li>\n<li><a href=\"https:\/\/www.lahti.fi\/vapaa-aika\/liikunta-ja-ulkoilu\/\" target=\"_blank\" rel=\"noopener\">Lahden kaupunki, Liikuntapalvelut<\/a><\/li>\n<\/ul>\n<p>&nbsp;<\/p>\n<hr \/>\n<p>&nbsp;<\/p>\n<h4>Urheiluseura tai harrastustoimija \u2013 haluatko mukaan SporttiSeikkailuun?<\/h4>\n<p>Etlarin SporttiSeikkailu kokoaa yhteen p\u00e4ij\u00e4th\u00e4m\u00e4l\u00e4iset urheiluseurat ja harrastustoimijat esittelem\u00e4\u00e4n lajejaan lapsille ja perheille. Tapahtuma on loistava tilaisuus innostaa uusia harrastajia ja n\u00e4ytt\u00e4\u00e4, mit\u00e4 kaikkea alueellamme voi kokeilla.<\/p>\n<p>Jos seurasi haluaa mukaan tapahtumaan, ota yhteytt\u00e4 s\u00e4hk\u00f6postitse: <a href=\"&#109;&#x61;i&#108;&#x74;o&#x3a;&#x6a;&#97;&#x72;i&#46;&#x6b;o&#115;&#x6b;&#105;&#x6e;e&#110;&#x40;p&#101;&#x6c;&#105;&#x63;&#x61;&#110;&#x73;s&#98;&#x2e;f&#x69;\" target=\"_blank\" rel=\"noopener\">jari.koskinen@<span class=\"mark9xapj776p\" data-markjs=\"true\" data-ogac=\"\" data-ogab=\"\" data-ogsc=\"\" data-ogsb=\"\">pelicans<\/span>sb.fi<\/a><\/p>\n<p>Mukaan otetaan <span style=\"text-decoration: underline\"><strong>vain<\/strong><\/span> yhdistyksi\u00e4 ja seuroja, ei kaupallisia toimijoita. Tapahtuma on k\u00e4vij\u00f6ille t\u00e4ysin maksuton.<\/p>\n<p>Tule mukaan rakentamaan p\u00e4iv\u00e4\u00e4, jossa lapset voivat l\u00f6yt\u00e4\u00e4 liikunnan ilon ja ehk\u00e4 jopa uuden harrastuksen.<\/p>\n","protected":false},"excerpt":{"rendered":"<p>Etlarin SporttiSeikkailu \u2013 uusi suosikkilaji voi l\u00f6yty\u00e4 yhdess\u00e4 p\u00e4iv\u00e4ss\u00e4! Etsittek\u00f6 lapsille uutta harrastusta tai hauskaa tekemist\u00e4 viikonlopuksi? Etlarin SporttiSeikkailu tuo Lahteen p\u00e4iv\u00e4n, jossa lapset p\u00e4\u00e4sev\u00e4t kokeilemaan liikuntaa ihan uudella tavalla. Lauantaina 23.5.2026 klo 11-15 Luhta Areenalla j\u00e4rjestet\u00e4\u00e4n maksuton koko perheen tapahtuma, jossa p\u00e4ij\u00e4th\u00e4m\u00e4l\u00e4iset urheiluseurat ja harrastustoimijat esittelev\u00e4t omia lajejaan. Lapset voivat kiert\u00e4\u00e4 pisteelt\u00e4 toiselle, testata [&hellip;]<\/p>\n","protected":false},"author":69,"featured_media":25096,"parent":0,"menu_order":0,"comment_status":"closed","ping_status":"closed","template":"","meta":{"_acf_changed":false,"footnotes":""},"class_list":["post-24116","page","type-page","status-publish","has-post-thumbnail","hentry"],"acf":[],"yoast_head":"<!-- This site is optimized with the Yoast SEO plugin v26.2 - https:\/\/yoast.com\/wordpress\/plugins\/seo\/ -->\n<title>Etlarin SporttiSeikkailu - Etel\u00e4-Suomen Sanomat<\/title>\n<meta name=\"robots\" content=\"index, follow, max-snippet:-1, max-image-preview:large, max-video-preview:-1\" \/>\n<link rel=\"canonical\" href=\"https:\/\/oma.media.fi\/ess\/etlarin-sporttiseikkailu\/\" \/>\n<meta property=\"og:locale\" content=\"fi_FI\" \/>\n<meta property=\"og:type\" content=\"article\" \/>\n<meta property=\"og:title\" content=\"Etlarin SporttiSeikkailu\" \/>\n<meta property=\"og:description\" content=\"Etlarin SporttiSeikkailu \u2013 uusi suosikkilaji voi l\u00f6yty\u00e4 yhdess\u00e4 p\u00e4iv\u00e4ss\u00e4! Etsittek\u00f6 lapsille uutta harrastusta tai hauskaa tekemist\u00e4 viikonlopuksi? Etlarin SporttiSeikkailu tuo Lahteen p\u00e4iv\u00e4n, jossa lapset p\u00e4\u00e4sev\u00e4t kokeilemaan liikuntaa ihan uudella tavalla. Lauantaina 23.5.2026 klo 11-15 Luhta Areenalla j\u00e4rjestet\u00e4\u00e4n maksuton koko perheen tapahtuma, jossa p\u00e4ij\u00e4th\u00e4m\u00e4l\u00e4iset urheiluseurat ja harrastustoimijat esittelev\u00e4t omia lajejaan. Lapset voivat kiert\u00e4\u00e4 pisteelt\u00e4 toiselle, testata [&hellip;]\" \/>\n<meta property=\"og:url\" content=\"https:\/\/oma.media.fi\/ess\/etlarin-sporttiseikkailu\/\" \/>\n<meta property=\"og:site_name\" content=\"Etel\u00e4-Suomen Sanomat\" \/>\n<meta property=\"article:modified_time\" content=\"2026-04-10T04:47:19+00:00\" \/>\n<meta property=\"og:image\" content=\"https:\/\/oma.media.fi\/ess\/wp-content\/uploads\/sites\/4\/2026\/04\/Kopio-Kopio-mallista-pelkistetty_-Etlarin-Sporttiseikkailu-kaikki-tiedot_2026.jpg\" \/>\n\t<meta property=\"og:image:width\" content=\"2000\" \/>\n\t<meta property=\"og:image:height\" content=\"1400\" \/>\n\t<meta property=\"og:image:type\" content=\"image\/jpeg\" \/>\n<meta name=\"twitter:card\" content=\"summary_large_image\" \/>\n<meta name=\"twitter:label1\" content=\"Arvioitu lukuaika\" \/>\n\t<meta name=\"twitter:data1\" content=\"3 minuuttia\" \/>\n<script type=\"application\/ld+json\" class=\"yoast-schema-graph\">{\"@context\":\"https:\/\/schema.org\",\"@graph\":[{\"@type\":\"WebPage\",\"@id\":\"https:\/\/oma.media.fi\/ess\/etlarin-sporttiseikkailu\/\",\"url\":\"https:\/\/oma.media.fi\/ess\/etlarin-sporttiseikkailu\/\",\"name\":\"Etlarin SporttiSeikkailu - Etel\u00e4-Suomen Sanomat\",\"isPartOf\":{\"@id\":\"https:\/\/oma.media.fi\/ess\/#website\"},\"primaryImageOfPage\":{\"@id\":\"https:\/\/oma.media.fi\/ess\/etlarin-sporttiseikkailu\/#primaryimage\"},\"image\":{\"@id\":\"https:\/\/oma.media.fi\/ess\/etlarin-sporttiseikkailu\/#primaryimage\"},\"thumbnailUrl\":\"https:\/\/oma.media.fi\/ess\/wp-content\/uploads\/sites\/4\/2026\/04\/Kopio-Kopio-mallista-pelkistetty_-Etlarin-Sporttiseikkailu-kaikki-tiedot_2026.jpg\",\"datePublished\":\"2025-03-20T05:54:21+00:00\",\"dateModified\":\"2026-04-10T04:47:19+00:00\",\"breadcrumb\":{\"@id\":\"https:\/\/oma.media.fi\/ess\/etlarin-sporttiseikkailu\/#breadcrumb\"},\"inLanguage\":\"fi\",\"potentialAction\":[{\"@type\":\"ReadAction\",\"target\":[\"https:\/\/oma.media.fi\/ess\/etlarin-sporttiseikkailu\/\"]}]},{\"@type\":\"ImageObject\",\"inLanguage\":\"fi\",\"@id\":\"https:\/\/oma.media.fi\/ess\/etlarin-sporttiseikkailu\/#primaryimage\",\"url\":\"https:\/\/oma.media.fi\/ess\/wp-content\/uploads\/sites\/4\/2026\/04\/Kopio-Kopio-mallista-pelkistetty_-Etlarin-Sporttiseikkailu-kaikki-tiedot_2026.jpg\",\"contentUrl\":\"https:\/\/oma.media.fi\/ess\/wp-content\/uploads\/sites\/4\/2026\/04\/Kopio-Kopio-mallista-pelkistetty_-Etlarin-Sporttiseikkailu-kaikki-tiedot_2026.jpg\",\"width\":2000,\"height\":1400},{\"@type\":\"BreadcrumbList\",\"@id\":\"https:\/\/oma.media.fi\/ess\/etlarin-sporttiseikkailu\/#breadcrumb\",\"itemListElement\":[{\"@type\":\"ListItem\",\"position\":1,\"name\":\"Etusivu\",\"item\":\"https:\/\/oma.media.fi\/ess\/\"},{\"@type\":\"ListItem\",\"position\":2,\"name\":\"Etlarin SporttiSeikkailu\"}]},{\"@type\":\"WebSite\",\"@id\":\"https:\/\/oma.media.fi\/ess\/#website\",\"url\":\"https:\/\/oma.media.fi\/ess\/\",\"name\":\"Etel\u00e4-Suomen Sanomat\",\"description\":\"\",\"potentialAction\":[{\"@type\":\"SearchAction\",\"target\":{\"@type\":\"EntryPoint\",\"urlTemplate\":\"https:\/\/oma.media.fi\/ess\/?s={search_term_string}\"},\"query-input\":{\"@type\":\"PropertyValueSpecification\",\"valueRequired\":true,\"valueName\":\"search_term_string\"}}],\"inLanguage\":\"fi\"}]}<\/script>\n<!-- \/ Yoast SEO plugin. -->","yoast_head_json":{"title":"Etlarin SporttiSeikkailu - Etel\u00e4-Suomen Sanomat","robots":{"index":"index","follow":"follow","max-snippet":"max-snippet:-1","max-image-preview":"max-image-preview:large","max-video-preview":"max-video-preview:-1"},"canonical":"https:\/\/oma.media.fi\/ess\/etlarin-sporttiseikkailu\/","og_locale":"fi_FI","og_type":"article","og_title":"Etlarin SporttiSeikkailu","og_description":"Etlarin SporttiSeikkailu \u2013 uusi suosikkilaji voi l\u00f6yty\u00e4 yhdess\u00e4 p\u00e4iv\u00e4ss\u00e4! Etsittek\u00f6 lapsille uutta harrastusta tai hauskaa tekemist\u00e4 viikonlopuksi? Etlarin SporttiSeikkailu tuo Lahteen p\u00e4iv\u00e4n, jossa lapset p\u00e4\u00e4sev\u00e4t kokeilemaan liikuntaa ihan uudella tavalla. Lauantaina 23.5.2026 klo 11-15 Luhta Areenalla j\u00e4rjestet\u00e4\u00e4n maksuton koko perheen tapahtuma, jossa p\u00e4ij\u00e4th\u00e4m\u00e4l\u00e4iset urheiluseurat ja harrastustoimijat esittelev\u00e4t omia lajejaan. Lapset voivat kiert\u00e4\u00e4 pisteelt\u00e4 toiselle, testata [&hellip;]","og_url":"https:\/\/oma.media.fi\/ess\/etlarin-sporttiseikkailu\/","og_site_name":"Etel\u00e4-Suomen Sanomat","article_modified_time":"2026-04-10T04:47:19+00:00","og_image":[{"width":2000,"height":1400,"url":"https:\/\/oma.media.fi\/ess\/wp-content\/uploads\/sites\/4\/2026\/04\/Kopio-Kopio-mallista-pelkistetty_-Etlarin-Sporttiseikkailu-kaikki-tiedot_2026.jpg","type":"image\/jpeg"}],"twitter_card":"summary_large_image","twitter_misc":{"Arvioitu lukuaika":"3 minuuttia"},"schema":{"@context":"https:\/\/schema.org","@graph":[{"@type":"WebPage","@id":"https:\/\/oma.media.fi\/ess\/etlarin-sporttiseikkailu\/","url":"https:\/\/oma.media.fi\/ess\/etlarin-sporttiseikkailu\/","name":"Etlarin SporttiSeikkailu - Etel\u00e4-Suomen Sanomat","isPartOf":{"@id":"https:\/\/oma.media.fi\/ess\/#website"},"primaryImageOfPage":{"@id":"https:\/\/oma.media.fi\/ess\/etlarin-sporttiseikkailu\/#primaryimage"},"image":{"@id":"https:\/\/oma.media.fi\/ess\/etlarin-sporttiseikkailu\/#primaryimage"},"thumbnailUrl":"https:\/\/oma.media.fi\/ess\/wp-content\/uploads\/sites\/4\/2026\/04\/Kopio-Kopio-mallista-pelkistetty_-Etlarin-Sporttiseikkailu-kaikki-tiedot_2026.jpg","datePublished":"2025-03-20T05:54:21+00:00","dateModified":"2026-04-10T04:47:19+00:00","breadcrumb":{"@id":"https:\/\/oma.media.fi\/ess\/etlarin-sporttiseikkailu\/#breadcrumb"},"inLanguage":"fi","potentialAction":[{"@type":"ReadAction","target":["https:\/\/oma.media.fi\/ess\/etlarin-sporttiseikkailu\/"]}]},{"@type":"ImageObject","inLanguage":"fi","@id":"https:\/\/oma.media.fi\/ess\/etlarin-sporttiseikkailu\/#primaryimage","url":"https:\/\/oma.media.fi\/ess\/wp-content\/uploads\/sites\/4\/2026\/04\/Kopio-Kopio-mallista-pelkistetty_-Etlarin-Sporttiseikkailu-kaikki-tiedot_2026.jpg","contentUrl":"https:\/\/oma.media.fi\/ess\/wp-content\/uploads\/sites\/4\/2026\/04\/Kopio-Kopio-mallista-pelkistetty_-Etlarin-Sporttiseikkailu-kaikki-tiedot_2026.jpg","width":2000,"height":1400},{"@type":"BreadcrumbList","@id":"https:\/\/oma.media.fi\/ess\/etlarin-sporttiseikkailu\/#breadcrumb","itemListElement":[{"@type":"ListItem","position":1,"name":"Etusivu","item":"https:\/\/oma.media.fi\/ess\/"},{"@type":"ListItem","position":2,"name":"Etlarin SporttiSeikkailu"}]},{"@type":"WebSite","@id":"https:\/\/oma.media.fi\/ess\/#website","url":"https:\/\/oma.media.fi\/ess\/","name":"Etel\u00e4-Suomen Sanomat","description":"","potentialAction":[{"@type":"SearchAction","target":{"@type":"EntryPoint","urlTemplate":"https:\/\/oma.media.fi\/ess\/?s={search_term_string}"},"query-input":{"@type":"PropertyValueSpecification","valueRequired":true,"valueName":"search_term_string"}}],"inLanguage":"fi"}]}},"publishpress_future_action":{"enabled":false,"date":"2026-04-20 00:34:13","action":"change-status","newStatus":"draft","terms":[],"taxonomy":"","extraData":[]},"publishpress_future_workflow_manual_trigger":{"enabledWorkflows":[]},"_links":{"self":[{"href":"https:\/\/oma.media.fi\/ess\/wp-json\/wp\/v2\/pages\/24116","targetHints":{"allow":["GET"]}}],"collection":[{"href":"https:\/\/oma.media.fi\/ess\/wp-json\/wp\/v2\/pages"}],"about":[{"href":"https:\/\/oma.media.fi\/ess\/wp-json\/wp\/v2\/types\/page"}],"author":[{"embeddable":true,"href":"https:\/\/oma.media.fi\/ess\/wp-json\/wp\/v2\/users\/69"}],"replies":[{"embeddable":true,"href":"https:\/\/oma.media.fi\/ess\/wp-json\/wp\/v2\/comments?post=24116"}],"version-history":[{"count":34,"href":"https:\/\/oma.media.fi\/ess\/wp-json\/wp\/v2\/pages\/24116\/revisions"}],"predecessor-version":[{"id":24246,"href":"https:\/\/oma.media.fi\/ess\/wp-json\/wp\/v2\/pages\/24116\/revisions\/24246"}],"wp:featuredmedia":[{"embeddable":true,"href":"https:\/\/oma.media.fi\/ess\/wp-json\/wp\/v2\/media\/25096"}],"wp:attachment":[{"href":"https:\/\/oma.media.fi\/ess\/wp-json\/wp\/v2\/media?parent=24116"}],"curies":[{"name":"wp","href":"https:\/\/api.w.org\/{rel}","templated":true}]}}