{"id":24204,"date":"2025-04-08T08:48:45","date_gmt":"2025-04-08T05:48:45","guid":{"rendered":"https:\/\/oma.media.fi\/ess\/?page_id=24204"},"modified":"2025-04-28T15:40:41","modified_gmt":"2025-04-28T12:40:41","slug":"etela-suomen-sanomien-nayttelyn-tietovisat","status":"publish","type":"page","link":"https:\/\/oma.media.fi\/ess\/etela-suomen-sanomien-nayttelyn-tietovisat\/","title":{"rendered":"Etel\u00e4-Suomen Sanomien n\u00e4yttelyn tietovisat"},"content":{"rendered":"<h2>Viikoilla 13-16 Etel\u00e4-Suomen Sanomien n\u00e4yttelyss\u00e4 LABin opiskelijoiden tietovisa<\/h2>\n<p>Oikein vastanneiden kesken arvotaan viikottain 2 x ilmainen 1 kk ESS digitilaus!<\/p>\n<p>Viikon 13 tietovisavoittajat ovat Lauri L. ja Tuija G.<br \/>\n<span style=\"color: #808080\"><span style=\"color: #000000\">Viikon 14 tietovisavoittajat ovat <span data-teams=\"true\">Samu P. ja Tarja N<\/span>.<br \/>\n<\/span><\/span><span style=\"color: #808080\"><span style=\"color: #000000\">Viikon 15 tietovisavoittajat ovat Salla T., Soile P., Matti S. ja Kirsti H.<br \/>\nViikon 16 tietovisavoittajat ovat Valma P., Pirjo S., Pekka K. ja Seppo K.<br \/>\n<\/span><\/span><\/p>\n<p>Kaikkiin voittajiin on oltu yhteydess\u00e4 viikolla 18.<\/p>\n<h3><span style=\"text-decoration: underline\">ETLARIN TIET\u00c4J\u00c4T | viikko 13 | 24.3. &#8211; 29.3.<\/span><\/h3>\n<p><strong>1. Mik\u00e4 sanomalehti edelsi Etel\u00e4-Suomen Sanomia ja milloin sen ensimm\u00e4inen numero julkaistiin?<\/strong><\/p>\n<p>A. Lahti-lehti, 4.1.1905<br \/>\n<span style=\"color: #339966\"><strong>B. Lahden lehti, 4.7.1900<\/strong><\/span><br \/>\nC. Lahden Sanomat 18.4.1900<\/p>\n<p><strong>2. Min\u00e4 vuonna Lahteen ilmestyiv\u00e4t ensimm\u00e4iset liikennevalot?<\/strong><\/p>\n<p><strong><span style=\"color: #339966\">A. 4.10.1965<\/span><\/strong><br \/>\nB. 5.6.1955<br \/>\nC. 2.10.1968<\/p>\n<p><strong>3. Milloin lehti siirtyi ensimm\u00e4ist\u00e4 kertaa t\u00e4ysin tietokonepohjaiseen tekstiasetteluun?<\/strong><\/p>\n<p>A. 1991<br \/>\n<span style=\"color: #339966\"><strong>B. 1994<\/strong><\/span><br \/>\nC. 1997<\/p>\n<p><strong>4. Miten ESS k\u00e4sitteli Ruotsin prinsessa Victorian vierailua Lahdessa vuonna 2010?<\/strong><\/p>\n<p><span style=\"color: #339966\"><strong>A. Annettiin ohjeita kuninkaallisesta etiketist\u00e4<\/strong><\/span><br \/>\n<span style=\"color: #339966\"><strong>B. Valittiin Lahden oma prinsessa Victoria ja prinssi Daniel<\/strong><\/span><br \/>\nC. Opeteltiin tekem\u00e4\u00e4n hoviniiauksia<\/p>\n<p><strong>5. Miksi Aleksanterinkatu nimettiin v\u00e4liaikaisesti Laatukaduksi vuonna 1969?<\/strong><\/p>\n<p>A. Nime\u00e4 Aleksanteri ei pidetty korrektina<br \/>\nB. Haluttiin korostaa kadun varrella olevien liikkeiden laadukkaita tuotteita<br \/>\n<span style=\"color: #339966\"><strong>C. Kokeilu, jossa sallittiin kaupank\u00e4ynti jalkak\u00e4yt\u00e4vill\u00e4<\/strong><\/span><\/p>\n<p><span style=\"color: #000000\"><strong>Oikeat vastaukset: 1 B, 2 A, 3 B, 4 A ja B, 5 C.<\/strong><\/span><\/p>\n<p>&nbsp;<\/p>\n<h3><span style=\"text-decoration: underline\">ETLARIN TIET\u00c4J\u00c4T | viikko 14 | 31.3. &#8211; 5.4.<\/span><\/h3>\n<p><strong>1. Lahden kaupungilla on pitk\u00e4 ja tapahtumarikas historia, tied\u00e4tk\u00f6 min\u00e4 vuonna Lahdesta tuli itsen\u00e4inen kaupunki?<\/strong><\/p>\n<p>A. 1917<br \/>\n<span style=\"color: #339966\"><strong>B. 1905<\/strong><\/span><br \/>\nC. 1959<\/p>\n<p><strong>2. Vuonna 1976 Lahdesta nousi Miss Eurooppa-tittelin voittaja. Mik\u00e4 oli h\u00e4nen nimens\u00e4?<\/strong><\/p>\n<p><span style=\"color: #339966\"><strong>A. Riitta V\u00e4is\u00e4nen<\/strong><\/span><br \/>\nB. Tytti Korkeakunnas<br \/>\nC. Liisa Ahola<\/p>\n<p><strong>3. Lahdessa alkoi urheilukaupungin statuksen kehitt\u00e4minen 1920-luvulla, kun Lahden stadion avattiin. Min\u00e4 vuonna stadionilla j\u00e4rjestettiin ensimm\u00e4iset Salpaussel\u00e4n kisat?<\/strong><\/p>\n<p><span style=\"color: #339966\"><strong>A. 1923<\/strong><\/span><br \/>\nB. 1926<br \/>\nC. 1929<\/p>\n<p><strong>4. Min\u00e4 vuonna Etel\u00e4-Suomen Sanomat julkaisi ensimm\u00e4isen verkkolehtens\u00e4 (Netlari)?<\/strong><\/p>\n<p><span style=\"color: #339966\"><strong>A. 1997<\/strong><\/span><br \/>\nB. 1998<br \/>\nC. 2001<\/p>\n<p><strong>5. Vuonna 1989 Lahdessa j\u00e4rjestettiin hiihdon MM-kisat. Miss\u00e4 kaupunginosassa kisakyl\u00e4 sijaitsi?<\/strong><\/p>\n<p>A. Ankkurissa<br \/>\nB. Riihel\u00e4ss\u00e4<br \/>\n<span style=\"color: #339966\"><strong>C. Asemantaustassa<\/strong><\/span><\/p>\n<p><span style=\"color: #000000\" data-teams=\"true\"><strong>Oikeat vastaukset: <\/strong><strong>1 B, 2 A, 3 A, 4 A, 5 C.<\/strong><\/span><\/p>\n<p>&nbsp;<\/p>\n<h3><span style=\"text-decoration: underline\">ETLARIN TIET\u00c4J\u00c4T | viikko 15 | 7.4. &#8211; 12.4.<\/span><\/h3>\n<p><strong>1. Mist\u00e4 Etel\u00e4-Suomen Sanomiin valmistettiin painomustetta talvisodan rajoitusten aikana?<\/strong><\/p>\n<p>A. ruotsalaisesta hartsi\u00f6ljyst\u00e4<br \/>\nB. arktisen alueen mustasta hiilest\u00e4<br \/>\n<span style=\"color: #339966\"><strong>C. neuvostoliittolaisesta noesta<\/strong><\/span><\/p>\n<p><strong>2. Mik\u00e4 Etel\u00e4-Suomen Sanomissa uutisoitu liikennekokeilu Aleksanterinkadulla her\u00e4tti autoilijoiden tyytym\u00e4tt\u00f6myytt\u00e4 vuonna 1981?<\/strong><\/p>\n<p>A. Yksi ajokaista haluttiin antaa k\u00e4velij\u00f6ille<br \/>\n<span style=\"color: #339966\"><strong>B. Yksi ajokaista haluttiin antaa py\u00f6r\u00e4ilij\u00f6ille<\/strong><\/span><br \/>\nC. Yksi ajokaista haluttiin antaa potkulaudoille<\/p>\n<p><strong>3. Min\u00e4 vuonna Etel\u00e4-Suomen Sanomat alkoi ilmesty\u00e4 aamuisin eik\u00e4 iltaisin?<\/strong><\/p>\n<p>A. 1945<br \/>\nB. 1943<br \/>\n<span style=\"color: #339966\"><strong>C. 1940<\/strong><\/span><\/p>\n<p><strong>4. Etel\u00e4-Suomen Sanomat uutisoi vuonna 2016 Aleksanterinkadun muuttamisesta yksisuuntaiseksi. Monenko \u00e4\u00e4nen erolla asia lopulta ratkesi?<\/strong><\/p>\n<p>A. Viiden<br \/>\nB. Kahden<br \/>\n<span style=\"color: #339966\"><strong>C. Yhden<\/strong><\/span><\/p>\n<p><strong>5. Min\u00e4 vuonna Etel\u00e4-Suomen Sanomien toimitus muutti Ilmarisentielle?<\/strong><\/p>\n<p><span style=\"color: #339966\"><strong>A. 1972<\/strong><\/span><br \/>\nB. 1969<br \/>\nC. 1984<\/p>\n<p><span style=\"color: #000000\" data-teams=\"true\"><strong>Oikeat vastaukset: 1 C, 2 B, 3 C, 4 C, 5 A.<\/strong><\/span><\/p>\n<p>&nbsp;<\/p>\n<h3><span style=\"text-decoration: underline\">ETLARIN TIET\u00c4J\u00c4T | viikko 16 | 14.4. &#8211; 17.4.<\/span><\/h3>\n<p><strong>1. Mik\u00e4 oli Lahden Lehden suurin levikki?<\/strong><\/p>\n<p><span style=\"color: #339966\"><strong>A. 3 000 kappaletta<\/strong><\/span><br \/>\nB. 3 500 kappaletta<br \/>\nC. 2 000 kappaletta<\/p>\n<p><strong>2. Mink\u00e4suuruisen sakon ESS sai sopimattoman materiaalin julkaisusta?<\/strong><\/p>\n<p>A. 60 markan sakko<br \/>\n<span style=\"color: #339966\"><strong>B. 50 markan sakko<\/strong><\/span><br \/>\nC. 40 markan sakko<\/p>\n<p><strong>3. Mik\u00e4 tapahtuma oli lehden ensimm\u00e4inen suuri urheilureportaasi?<\/strong><\/p>\n<p>A. 1924 Pariisin olympialaiset<br \/>\nB. 1922 Jalkapallon finaali HPS:n ja HJK:n v\u00e4lill\u00e4<br \/>\n<span style=\"color: #339966\"><strong>C. 1923 Salpaussel\u00e4n kisat<\/strong><\/span><\/p>\n<p><strong>4. Kenen oli tarkoitus suunnitella uusi kirkko Lahden vanhan puukirkon tilalle ennen menehtymist\u00e4\u00e4n?<\/strong><\/p>\n<p>A. Hilding Ekelund<br \/>\n<span style=\"color: #339966\"><strong>B. Alvar Aalto<\/strong><\/span><br \/>\nC. Erik Bryggman<\/p>\n<p><strong>5. Milloin ESS alkoi ilmesty\u00e4 seitsem\u00e4n\u00e4 p\u00e4iv\u00e4n\u00e4 viikossa?<\/strong><\/p>\n<p>A. Vuonna 1940<br \/>\n<span style=\"color: #339966\"><strong>B. Vuonna 1954<\/strong><\/span><br \/>\nC. Vuonna 1956<\/p>\n<p><span style=\"color: #000000\" data-teams=\"true\"><strong>Oikeat vastaukset: <span data-teams=\"true\">1 A, 2 B, 3 C, 4 B, 5 B.<\/span><\/strong><\/span><\/p>\n","protected":false},"excerpt":{"rendered":"<p>Viikoilla 13-16 Etel\u00e4-Suomen Sanomien n\u00e4yttelyss\u00e4 LABin opiskelijoiden tietovisa Oikein vastanneiden kesken arvotaan viikottain 2 x ilmainen 1 kk ESS digitilaus! Viikon 13 tietovisavoittajat ovat Lauri L. ja Tuija G. Viikon 14 tietovisavoittajat ovat Samu P. ja Tarja N. Viikon 15 tietovisavoittajat ovat Salla T., Soile P., Matti S. ja Kirsti H. Viikon 16 tietovisavoittajat ovat [&hellip;]<\/p>\n","protected":false},"author":69,"featured_media":0,"parent":0,"menu_order":0,"comment_status":"closed","ping_status":"closed","template":"","meta":{"_acf_changed":false,"footnotes":""},"class_list":["post-24204","page","type-page","status-publish","hentry"],"acf":[],"yoast_head":"<!-- This site is optimized with the Yoast SEO plugin v26.2 - https:\/\/yoast.com\/wordpress\/plugins\/seo\/ -->\n<title>Etel\u00e4-Suomen Sanomien n\u00e4yttelyn tietovisat - Etel\u00e4-Suomen Sanomat<\/title>\n<meta name=\"robots\" content=\"index, follow, max-snippet:-1, max-image-preview:large, max-video-preview:-1\" \/>\n<link rel=\"canonical\" href=\"https:\/\/oma.media.fi\/ess\/etela-suomen-sanomien-nayttelyn-tietovisat\/\" \/>\n<meta property=\"og:locale\" content=\"fi_FI\" \/>\n<meta property=\"og:type\" content=\"article\" \/>\n<meta property=\"og:title\" content=\"Etel\u00e4-Suomen Sanomien n\u00e4yttelyn tietovisat\" \/>\n<meta property=\"og:description\" content=\"Viikoilla 13-16 Etel\u00e4-Suomen Sanomien n\u00e4yttelyss\u00e4 LABin opiskelijoiden tietovisa Oikein vastanneiden kesken arvotaan viikottain 2 x ilmainen 1 kk ESS digitilaus! Viikon 13 tietovisavoittajat ovat Lauri L. ja Tuija G. Viikon 14 tietovisavoittajat ovat Samu P. ja Tarja N. Viikon 15 tietovisavoittajat ovat Salla T., Soile P., Matti S. ja Kirsti H. Viikon 16 tietovisavoittajat ovat [&hellip;]\" \/>\n<meta property=\"og:url\" content=\"https:\/\/oma.media.fi\/ess\/etela-suomen-sanomien-nayttelyn-tietovisat\/\" \/>\n<meta property=\"og:site_name\" content=\"Etel\u00e4-Suomen Sanomat\" \/>\n<meta property=\"article:modified_time\" content=\"2025-04-28T12:40:41+00:00\" \/>\n<meta name=\"twitter:card\" content=\"summary_large_image\" \/>\n<meta name=\"twitter:label1\" content=\"Arvioitu lukuaika\" \/>\n\t<meta name=\"twitter:data1\" content=\"4 minuuttia\" \/>\n<script type=\"application\/ld+json\" class=\"yoast-schema-graph\">{\"@context\":\"https:\/\/schema.org\",\"@graph\":[{\"@type\":\"WebPage\",\"@id\":\"https:\/\/oma.media.fi\/ess\/etela-suomen-sanomien-nayttelyn-tietovisat\/\",\"url\":\"https:\/\/oma.media.fi\/ess\/etela-suomen-sanomien-nayttelyn-tietovisat\/\",\"name\":\"Etel\u00e4-Suomen Sanomien n\u00e4yttelyn tietovisat - Etel\u00e4-Suomen Sanomat\",\"isPartOf\":{\"@id\":\"https:\/\/oma.media.fi\/ess\/#website\"},\"datePublished\":\"2025-04-08T05:48:45+00:00\",\"dateModified\":\"2025-04-28T12:40:41+00:00\",\"breadcrumb\":{\"@id\":\"https:\/\/oma.media.fi\/ess\/etela-suomen-sanomien-nayttelyn-tietovisat\/#breadcrumb\"},\"inLanguage\":\"fi\",\"potentialAction\":[{\"@type\":\"ReadAction\",\"target\":[\"https:\/\/oma.media.fi\/ess\/etela-suomen-sanomien-nayttelyn-tietovisat\/\"]}]},{\"@type\":\"BreadcrumbList\",\"@id\":\"https:\/\/oma.media.fi\/ess\/etela-suomen-sanomien-nayttelyn-tietovisat\/#breadcrumb\",\"itemListElement\":[{\"@type\":\"ListItem\",\"position\":1,\"name\":\"Etusivu\",\"item\":\"https:\/\/oma.media.fi\/ess\/\"},{\"@type\":\"ListItem\",\"position\":2,\"name\":\"Etel\u00e4-Suomen Sanomien n\u00e4yttelyn tietovisat\"}]},{\"@type\":\"WebSite\",\"@id\":\"https:\/\/oma.media.fi\/ess\/#website\",\"url\":\"https:\/\/oma.media.fi\/ess\/\",\"name\":\"Etel\u00e4-Suomen Sanomat\",\"description\":\"\",\"potentialAction\":[{\"@type\":\"SearchAction\",\"target\":{\"@type\":\"EntryPoint\",\"urlTemplate\":\"https:\/\/oma.media.fi\/ess\/?s={search_term_string}\"},\"query-input\":{\"@type\":\"PropertyValueSpecification\",\"valueRequired\":true,\"valueName\":\"search_term_string\"}}],\"inLanguage\":\"fi\"}]}<\/script>\n<!-- \/ Yoast SEO plugin. -->","yoast_head_json":{"title":"Etel\u00e4-Suomen Sanomien n\u00e4yttelyn tietovisat - Etel\u00e4-Suomen Sanomat","robots":{"index":"index","follow":"follow","max-snippet":"max-snippet:-1","max-image-preview":"max-image-preview:large","max-video-preview":"max-video-preview:-1"},"canonical":"https:\/\/oma.media.fi\/ess\/etela-suomen-sanomien-nayttelyn-tietovisat\/","og_locale":"fi_FI","og_type":"article","og_title":"Etel\u00e4-Suomen Sanomien n\u00e4yttelyn tietovisat","og_description":"Viikoilla 13-16 Etel\u00e4-Suomen Sanomien n\u00e4yttelyss\u00e4 LABin opiskelijoiden tietovisa Oikein vastanneiden kesken arvotaan viikottain 2 x ilmainen 1 kk ESS digitilaus! Viikon 13 tietovisavoittajat ovat Lauri L. ja Tuija G. Viikon 14 tietovisavoittajat ovat Samu P. ja Tarja N. Viikon 15 tietovisavoittajat ovat Salla T., Soile P., Matti S. ja Kirsti H. Viikon 16 tietovisavoittajat ovat [&hellip;]","og_url":"https:\/\/oma.media.fi\/ess\/etela-suomen-sanomien-nayttelyn-tietovisat\/","og_site_name":"Etel\u00e4-Suomen Sanomat","article_modified_time":"2025-04-28T12:40:41+00:00","twitter_card":"summary_large_image","twitter_misc":{"Arvioitu lukuaika":"4 minuuttia"},"schema":{"@context":"https:\/\/schema.org","@graph":[{"@type":"WebPage","@id":"https:\/\/oma.media.fi\/ess\/etela-suomen-sanomien-nayttelyn-tietovisat\/","url":"https:\/\/oma.media.fi\/ess\/etela-suomen-sanomien-nayttelyn-tietovisat\/","name":"Etel\u00e4-Suomen Sanomien n\u00e4yttelyn tietovisat - Etel\u00e4-Suomen Sanomat","isPartOf":{"@id":"https:\/\/oma.media.fi\/ess\/#website"},"datePublished":"2025-04-08T05:48:45+00:00","dateModified":"2025-04-28T12:40:41+00:00","breadcrumb":{"@id":"https:\/\/oma.media.fi\/ess\/etela-suomen-sanomien-nayttelyn-tietovisat\/#breadcrumb"},"inLanguage":"fi","potentialAction":[{"@type":"ReadAction","target":["https:\/\/oma.media.fi\/ess\/etela-suomen-sanomien-nayttelyn-tietovisat\/"]}]},{"@type":"BreadcrumbList","@id":"https:\/\/oma.media.fi\/ess\/etela-suomen-sanomien-nayttelyn-tietovisat\/#breadcrumb","itemListElement":[{"@type":"ListItem","position":1,"name":"Etusivu","item":"https:\/\/oma.media.fi\/ess\/"},{"@type":"ListItem","position":2,"name":"Etel\u00e4-Suomen Sanomien n\u00e4yttelyn tietovisat"}]},{"@type":"WebSite","@id":"https:\/\/oma.media.fi\/ess\/#website","url":"https:\/\/oma.media.fi\/ess\/","name":"Etel\u00e4-Suomen Sanomat","description":"","potentialAction":[{"@type":"SearchAction","target":{"@type":"EntryPoint","urlTemplate":"https:\/\/oma.media.fi\/ess\/?s={search_term_string}"},"query-input":{"@type":"PropertyValueSpecification","valueRequired":true,"valueName":"search_term_string"}}],"inLanguage":"fi"}]}},"publishpress_future_action":{"enabled":false,"date":"2026-05-15 23:04:59","action":"change-status","newStatus":"draft","terms":[],"taxonomy":"","extraData":[]},"publishpress_future_workflow_manual_trigger":{"enabledWorkflows":[]},"_links":{"self":[{"href":"https:\/\/oma.media.fi\/ess\/wp-json\/wp\/v2\/pages\/24204","targetHints":{"allow":["GET"]}}],"collection":[{"href":"https:\/\/oma.media.fi\/ess\/wp-json\/wp\/v2\/pages"}],"about":[{"href":"https:\/\/oma.media.fi\/ess\/wp-json\/wp\/v2\/types\/page"}],"author":[{"embeddable":true,"href":"https:\/\/oma.media.fi\/ess\/wp-json\/wp\/v2\/users\/69"}],"replies":[{"embeddable":true,"href":"https:\/\/oma.media.fi\/ess\/wp-json\/wp\/v2\/comments?post=24204"}],"version-history":[{"count":9,"href":"https:\/\/oma.media.fi\/ess\/wp-json\/wp\/v2\/pages\/24204\/revisions"}],"predecessor-version":[{"id":24298,"href":"https:\/\/oma.media.fi\/ess\/wp-json\/wp\/v2\/pages\/24204\/revisions\/24298"}],"wp:attachment":[{"href":"https:\/\/oma.media.fi\/ess\/wp-json\/wp\/v2\/media?parent=24204"}],"curies":[{"name":"wp","href":"https:\/\/api.w.org\/{rel}","templated":true}]}}