{"id":24858,"date":"2025-12-12T13:36:17","date_gmt":"2025-12-12T11:36:17","guid":{"rendered":"https:\/\/oma.media.fi\/ess\/?page_id=24858"},"modified":"2026-02-18T15:05:00","modified_gmt":"2026-02-18T13:05:00","slug":"ess-viikko-jakelutelineet","status":"publish","type":"page","link":"https:\/\/oma.media.fi\/ess\/ess-viikko-jakelutelineet\/","title":{"rendered":"ESS Viikko jakelutelineet"},"content":{"rendered":"<p>ESS Viikko jaetaan talouksiin Asikkalassa, Hollolassa, Lahdessa, Nastolassa tai Orimattilassa.<\/p>\n<p>Voit lukea lehden my\u00f6s <a href=\"https:\/\/www.ess.fi\/nakoislehti\/\" target=\"_blank\" rel=\"noopener\">ess.fi\/nakoislehti<\/a> tai napata mukaan l\u00e4himm\u00e4st\u00e4 jakelutelineest\u00e4!<\/p>\n<h3>Jakelutelinepaikat:<\/h3>\n<div class=\"table--responsive\"><table style=\"width: 449px\" width=\"205\">\n<tbody>\n<tr>\n<td style=\"width: 449px\" width=\"205\"><strong>Asikkala:<\/strong><\/td>\n<\/tr>\n<tr>\n<td style=\"width: 449px\">Viipurilainen Kotileipomo<\/td>\n<\/tr>\n<tr>\n<td style=\"width: 449px\">K-Supermarket Asikkala<\/td>\n<\/tr>\n<tr>\n<td style=\"width: 449px\">Kanavan Kotileipomo<\/td>\n<\/tr>\n<tr>\n<td style=\"width: 449px\">S-Market Asikkala<\/td>\n<\/tr>\n<tr>\n<td style=\"width: 449px\">Asikkalan kunta<\/td>\n<\/tr>\n<tr>\n<td style=\"width: 449px\">Asikkalan Posti<\/td>\n<\/tr>\n<tr>\n<td style=\"width: 449px\"><\/td>\n<\/tr>\n<tr>\n<td style=\"width: 449px\"><strong>Hollola:<\/strong><\/td>\n<\/tr>\n<tr>\n<td style=\"width: 449px\">Matkakeidas Hollola<\/td>\n<\/tr>\n<tr>\n<td style=\"width: 449px\">Prisma Salpakangas<\/td>\n<\/tr>\n<tr>\n<td style=\"width: 449px\">Hollolan kirjasto<\/td>\n<\/tr>\n<tr>\n<td style=\"width: 449px\">K-Supermarket Hollola<\/td>\n<\/tr>\n<tr>\n<td style=\"width: 449px\">K-Market Soram\u00e4ki<\/td>\n<\/tr>\n<tr>\n<td style=\"width: 449px\">Sale Hollola (Kirkonkyl\u00e4)<\/td>\n<\/tr>\n<tr>\n<td style=\"width: 449px\">Sale H\u00e4meenkoski<\/td>\n<\/tr>\n<tr>\n<td style=\"width: 449px\"><\/td>\n<\/tr>\n<tr>\n<td style=\"width: 449px\"><strong>Lahti\/Nastola:<\/strong><\/td>\n<\/tr>\n<tr>\n<td style=\"width: 449px\">Prisma Laune<\/td>\n<\/tr>\n<tr>\n<td style=\"width: 449px\">Prisma Holma<\/td>\n<\/tr>\n<tr>\n<td style=\"width: 449px\">Prisma Syke<\/td>\n<\/tr>\n<tr>\n<td style=\"width: 449px\">Sokos Lahti<\/td>\n<\/tr>\n<tr>\n<td style=\"width: 449px\">S-Market Mascot<\/td>\n<\/tr>\n<tr>\n<td style=\"width: 449px\">S-Market Mets\u00e4kangas<\/td>\n<\/tr>\n<tr>\n<td style=\"width: 449px\">S-Market Jalkaranta<\/td>\n<\/tr>\n<tr>\n<td style=\"width: 449px\">S-Market Ahtiala<\/td>\n<\/tr>\n<tr>\n<td style=\"width: 449px\">Lahden Kauppahalli<\/td>\n<\/tr>\n<tr>\n<td style=\"width: 449px\">Kauppakeskus Trio<\/td>\n<\/tr>\n<tr>\n<td style=\"width: 449px\">Lahti-Piste \/ Kauppakeskus Trio<\/td>\n<\/tr>\n<tr>\n<td style=\"width: 449px\">Kauppakeskus Karisma<\/td>\n<\/tr>\n<tr>\n<td style=\"width: 449px\">K-Citymarket Paavola<\/td>\n<\/tr>\n<tr>\n<td style=\"width: 449px\">K-Supermarket Okeroinen<\/td>\n<\/tr>\n<tr>\n<td style=\"width: 449px\">Lahden matkakeskus<\/td>\n<\/tr>\n<tr>\n<td style=\"width: 449px\">P\u00e4ij\u00e4t-H\u00e4meen Keskussairaala<\/td>\n<\/tr>\n<tr>\n<td style=\"width: 449px\">S-Market Nastola<\/td>\n<\/tr>\n<tr>\n<td style=\"width: 449px\">K-Market Solina, Vill\u00e4hde<\/td>\n<\/tr>\n<tr>\n<td style=\"width: 449px\">ABC Nastola<\/td>\n<\/tr>\n<tr>\n<td style=\"width: 449px\">Sale Nastola<\/td>\n<\/tr>\n<tr>\n<td style=\"width: 449px\">K-Supermarket Nastola<\/td>\n<\/tr>\n<tr>\n<td style=\"width: 449px\">S-Market Vill\u00e4hde<\/td>\n<\/tr>\n<tr>\n<td style=\"width: 449px\"><\/td>\n<\/tr>\n<tr>\n<td style=\"width: 449px\"><strong>Orimattila:<\/strong><\/td>\n<\/tr>\n<tr>\n<td style=\"width: 449px\">K-Supermarket Aisakello<\/td>\n<\/tr>\n<tr>\n<td style=\"width: 449px\">Prisma Orimattila<\/td>\n<\/tr>\n<tr>\n<td style=\"width: 449px\">Koivulan kioski, Orimattila<\/td>\n<\/tr>\n<tr>\n<td style=\"width: 449px\">Orimattilan kirjasto<\/td>\n<\/tr>\n<tr>\n<td style=\"width: 449px\"><\/td>\n<\/tr>\n<tr>\n<td style=\"width: 449px\"><strong>K\u00e4rk\u00f6l\u00e4:<\/strong><\/td>\n<\/tr>\n<tr>\n<td style=\"width: 449px\">S-Market J\u00e4rvel\u00e4<\/td>\n<\/tr>\n<\/tbody>\n<\/table><\/div>\n<p>&nbsp;<\/p>\n","protected":false},"excerpt":{"rendered":"<p>ESS Viikko jaetaan talouksiin Asikkalassa, Hollolassa, Lahdessa, Nastolassa tai Orimattilassa. Voit lukea lehden my\u00f6s ess.fi\/nakoislehti tai napata mukaan l\u00e4himm\u00e4st\u00e4 jakelutelineest\u00e4! Jakelutelinepaikat: Asikkala: Viipurilainen Kotileipomo K-Supermarket Asikkala Kanavan Kotileipomo S-Market Asikkala Asikkalan kunta Asikkalan Posti Hollola: Matkakeidas Hollola Prisma Salpakangas Hollolan kirjasto K-Supermarket Hollola K-Market Soram\u00e4ki Sale Hollola (Kirkonkyl\u00e4) Sale H\u00e4meenkoski Lahti\/Nastola: Prisma Laune Prisma Holma [&hellip;]<\/p>\n","protected":false},"author":69,"featured_media":0,"parent":0,"menu_order":0,"comment_status":"closed","ping_status":"closed","template":"","meta":{"_acf_changed":false,"footnotes":""},"class_list":["post-24858","page","type-page","status-publish","hentry"],"acf":[],"yoast_head":"<!-- This site is optimized with the Yoast SEO plugin v26.2 - https:\/\/yoast.com\/wordpress\/plugins\/seo\/ -->\n<title>ESS Viikko jakelutelineet - Etel\u00e4-Suomen Sanomat<\/title>\n<meta name=\"robots\" content=\"index, follow, max-snippet:-1, max-image-preview:large, max-video-preview:-1\" \/>\n<link rel=\"canonical\" href=\"https:\/\/oma.media.fi\/ess\/ess-viikko-jakelutelineet\/\" \/>\n<meta property=\"og:locale\" content=\"fi_FI\" \/>\n<meta property=\"og:type\" content=\"article\" \/>\n<meta property=\"og:title\" content=\"ESS Viikko jakelutelineet\" \/>\n<meta property=\"og:description\" content=\"ESS Viikko jaetaan talouksiin Asikkalassa, Hollolassa, Lahdessa, Nastolassa tai Orimattilassa. Voit lukea lehden my\u00f6s ess.fi\/nakoislehti tai napata mukaan l\u00e4himm\u00e4st\u00e4 jakelutelineest\u00e4! Jakelutelinepaikat: Asikkala: Viipurilainen Kotileipomo K-Supermarket Asikkala Kanavan Kotileipomo S-Market Asikkala Asikkalan kunta Asikkalan Posti Hollola: Matkakeidas Hollola Prisma Salpakangas Hollolan kirjasto K-Supermarket Hollola K-Market Soram\u00e4ki Sale Hollola (Kirkonkyl\u00e4) Sale H\u00e4meenkoski Lahti\/Nastola: Prisma Laune Prisma Holma [&hellip;]\" \/>\n<meta property=\"og:url\" content=\"https:\/\/oma.media.fi\/ess\/ess-viikko-jakelutelineet\/\" \/>\n<meta property=\"og:site_name\" content=\"Etel\u00e4-Suomen Sanomat\" \/>\n<meta property=\"article:modified_time\" content=\"2026-02-18T13:05:00+00:00\" \/>\n<meta name=\"twitter:card\" content=\"summary_large_image\" \/>\n<meta name=\"twitter:label1\" content=\"Arvioitu lukuaika\" \/>\n\t<meta name=\"twitter:data1\" content=\"1 minuutti\" \/>\n<script type=\"application\/ld+json\" class=\"yoast-schema-graph\">{\"@context\":\"https:\/\/schema.org\",\"@graph\":[{\"@type\":\"WebPage\",\"@id\":\"https:\/\/oma.media.fi\/ess\/ess-viikko-jakelutelineet\/\",\"url\":\"https:\/\/oma.media.fi\/ess\/ess-viikko-jakelutelineet\/\",\"name\":\"ESS Viikko jakelutelineet - Etel\u00e4-Suomen Sanomat\",\"isPartOf\":{\"@id\":\"https:\/\/oma.media.fi\/ess\/#website\"},\"datePublished\":\"2025-12-12T11:36:17+00:00\",\"dateModified\":\"2026-02-18T13:05:00+00:00\",\"breadcrumb\":{\"@id\":\"https:\/\/oma.media.fi\/ess\/ess-viikko-jakelutelineet\/#breadcrumb\"},\"inLanguage\":\"fi\",\"potentialAction\":[{\"@type\":\"ReadAction\",\"target\":[\"https:\/\/oma.media.fi\/ess\/ess-viikko-jakelutelineet\/\"]}]},{\"@type\":\"BreadcrumbList\",\"@id\":\"https:\/\/oma.media.fi\/ess\/ess-viikko-jakelutelineet\/#breadcrumb\",\"itemListElement\":[{\"@type\":\"ListItem\",\"position\":1,\"name\":\"Etusivu\",\"item\":\"https:\/\/oma.media.fi\/ess\/\"},{\"@type\":\"ListItem\",\"position\":2,\"name\":\"ESS Viikko jakelutelineet\"}]},{\"@type\":\"WebSite\",\"@id\":\"https:\/\/oma.media.fi\/ess\/#website\",\"url\":\"https:\/\/oma.media.fi\/ess\/\",\"name\":\"Etel\u00e4-Suomen Sanomat\",\"description\":\"\",\"potentialAction\":[{\"@type\":\"SearchAction\",\"target\":{\"@type\":\"EntryPoint\",\"urlTemplate\":\"https:\/\/oma.media.fi\/ess\/?s={search_term_string}\"},\"query-input\":{\"@type\":\"PropertyValueSpecification\",\"valueRequired\":true,\"valueName\":\"search_term_string\"}}],\"inLanguage\":\"fi\"}]}<\/script>\n<!-- \/ Yoast SEO plugin. -->","yoast_head_json":{"title":"ESS Viikko jakelutelineet - Etel\u00e4-Suomen Sanomat","robots":{"index":"index","follow":"follow","max-snippet":"max-snippet:-1","max-image-preview":"max-image-preview:large","max-video-preview":"max-video-preview:-1"},"canonical":"https:\/\/oma.media.fi\/ess\/ess-viikko-jakelutelineet\/","og_locale":"fi_FI","og_type":"article","og_title":"ESS Viikko jakelutelineet","og_description":"ESS Viikko jaetaan talouksiin Asikkalassa, Hollolassa, Lahdessa, Nastolassa tai Orimattilassa. Voit lukea lehden my\u00f6s ess.fi\/nakoislehti tai napata mukaan l\u00e4himm\u00e4st\u00e4 jakelutelineest\u00e4! Jakelutelinepaikat: Asikkala: Viipurilainen Kotileipomo K-Supermarket Asikkala Kanavan Kotileipomo S-Market Asikkala Asikkalan kunta Asikkalan Posti Hollola: Matkakeidas Hollola Prisma Salpakangas Hollolan kirjasto K-Supermarket Hollola K-Market Soram\u00e4ki Sale Hollola (Kirkonkyl\u00e4) Sale H\u00e4meenkoski Lahti\/Nastola: Prisma Laune Prisma Holma [&hellip;]","og_url":"https:\/\/oma.media.fi\/ess\/ess-viikko-jakelutelineet\/","og_site_name":"Etel\u00e4-Suomen Sanomat","article_modified_time":"2026-02-18T13:05:00+00:00","twitter_card":"summary_large_image","twitter_misc":{"Arvioitu lukuaika":"1 minuutti"},"schema":{"@context":"https:\/\/schema.org","@graph":[{"@type":"WebPage","@id":"https:\/\/oma.media.fi\/ess\/ess-viikko-jakelutelineet\/","url":"https:\/\/oma.media.fi\/ess\/ess-viikko-jakelutelineet\/","name":"ESS Viikko jakelutelineet - Etel\u00e4-Suomen Sanomat","isPartOf":{"@id":"https:\/\/oma.media.fi\/ess\/#website"},"datePublished":"2025-12-12T11:36:17+00:00","dateModified":"2026-02-18T13:05:00+00:00","breadcrumb":{"@id":"https:\/\/oma.media.fi\/ess\/ess-viikko-jakelutelineet\/#breadcrumb"},"inLanguage":"fi","potentialAction":[{"@type":"ReadAction","target":["https:\/\/oma.media.fi\/ess\/ess-viikko-jakelutelineet\/"]}]},{"@type":"BreadcrumbList","@id":"https:\/\/oma.media.fi\/ess\/ess-viikko-jakelutelineet\/#breadcrumb","itemListElement":[{"@type":"ListItem","position":1,"name":"Etusivu","item":"https:\/\/oma.media.fi\/ess\/"},{"@type":"ListItem","position":2,"name":"ESS Viikko jakelutelineet"}]},{"@type":"WebSite","@id":"https:\/\/oma.media.fi\/ess\/#website","url":"https:\/\/oma.media.fi\/ess\/","name":"Etel\u00e4-Suomen Sanomat","description":"","potentialAction":[{"@type":"SearchAction","target":{"@type":"EntryPoint","urlTemplate":"https:\/\/oma.media.fi\/ess\/?s={search_term_string}"},"query-input":{"@type":"PropertyValueSpecification","valueRequired":true,"valueName":"search_term_string"}}],"inLanguage":"fi"}]}},"publishpress_future_action":{"enabled":false,"date":"2026-05-06 08:30:24","action":"change-status","newStatus":"draft","terms":[],"taxonomy":"","extraData":[]},"publishpress_future_workflow_manual_trigger":{"enabledWorkflows":[]},"_links":{"self":[{"href":"https:\/\/oma.media.fi\/ess\/wp-json\/wp\/v2\/pages\/24858","targetHints":{"allow":["GET"]}}],"collection":[{"href":"https:\/\/oma.media.fi\/ess\/wp-json\/wp\/v2\/pages"}],"about":[{"href":"https:\/\/oma.media.fi\/ess\/wp-json\/wp\/v2\/types\/page"}],"author":[{"embeddable":true,"href":"https:\/\/oma.media.fi\/ess\/wp-json\/wp\/v2\/users\/69"}],"replies":[{"embeddable":true,"href":"https:\/\/oma.media.fi\/ess\/wp-json\/wp\/v2\/comments?post=24858"}],"version-history":[{"count":14,"href":"https:\/\/oma.media.fi\/ess\/wp-json\/wp\/v2\/pages\/24858\/revisions"}],"predecessor-version":[{"id":24997,"href":"https:\/\/oma.media.fi\/ess\/wp-json\/wp\/v2\/pages\/24858\/revisions\/24997"}],"wp:attachment":[{"href":"https:\/\/oma.media.fi\/ess\/wp-json\/wp\/v2\/media?parent=24858"}],"curies":[{"name":"wp","href":"https:\/\/api.w.org\/{rel}","templated":true}]}}