{"id":14,"date":"2018-10-22T10:30:52","date_gmt":"2018-10-22T07:30:52","guid":{"rendered":"https:\/\/oma.media.fi\/etela-saimaa\/ilmoita\/"},"modified":"2026-04-23T14:08:37","modified_gmt":"2026-04-23T11:08:37","slug":"ilmoita","status":"publish","type":"page","link":"https:\/\/oma.media.fi\/etela-saimaa\/ilmoita\/","title":{"rendered":"Ilmoita"},"content":{"rendered":"<p><span style=\"color: #008000\"><a style=\"color: #008000\" href=\"https:\/\/oma.media.fi\/etela-saimaa\/ilmoita\/ohjeita-ilmoittajalle\/\"><strong>Ohjeita ilmoittajalle<\/strong><\/a><\/span><\/p>\n","protected":false},"excerpt":{"rendered":"<p>Ohjeita ilmoittajalle<\/p>\n","protected":false},"author":1,"featured_media":0,"parent":0,"menu_order":0,"comment_status":"closed","ping_status":"closed","template":"template-ilmoita.php","meta":{"_acf_changed":false,"footnotes":""},"class_list":["post-14","page","type-page","status-publish","hentry"],"acf":[],"yoast_head":"<!-- This site is optimized with the Yoast SEO plugin v26.2 - https:\/\/yoast.com\/wordpress\/plugins\/seo\/ -->\n<title>Ilmoita - Etel\u00e4-Saimaa<\/title>\n<meta name=\"description\" content=\"J\u00e4t\u00e4 ilmoitus lehteen. Myynti- ja ostoilmoitukset, perheilmoitukset, seura- ja j\u00e4rjest\u00f6ilmoitukset, kuolinilmoitukset, surukiitokset, vauvauutiset jne.\" \/>\n<meta name=\"robots\" content=\"index, follow, max-snippet:-1, max-image-preview:large, max-video-preview:-1\" \/>\n<link rel=\"canonical\" href=\"https:\/\/oma.media.fi\/etela-saimaa\/ilmoita\/\" \/>\n<meta property=\"og:locale\" content=\"fi_FI\" \/>\n<meta property=\"og:type\" content=\"article\" \/>\n<meta property=\"og:title\" content=\"Ilmoita\" \/>\n<meta property=\"og:description\" content=\"J\u00e4t\u00e4 ilmoitus lehteen. Myynti- ja ostoilmoitukset, perheilmoitukset, seura- ja j\u00e4rjest\u00f6ilmoitukset, kuolinilmoitukset, surukiitokset, vauvauutiset jne.\" \/>\n<meta property=\"og:url\" content=\"https:\/\/oma.media.fi\/etela-saimaa\/ilmoita\/\" \/>\n<meta property=\"og:site_name\" content=\"Etel\u00e4-Saimaa\" \/>\n<meta property=\"article:modified_time\" content=\"2026-04-23T11:08:37+00:00\" \/>\n<meta name=\"twitter:card\" content=\"summary_large_image\" \/>\n<meta name=\"twitter:label1\" content=\"Arvioitu lukuaika\" \/>\n\t<meta name=\"twitter:data1\" content=\"1 minuutti\" \/>\n<script type=\"application\/ld+json\" class=\"yoast-schema-graph\">{\"@context\":\"https:\/\/schema.org\",\"@graph\":[{\"@type\":\"WebPage\",\"@id\":\"https:\/\/oma.media.fi\/etela-saimaa\/ilmoita\/\",\"url\":\"https:\/\/oma.media.fi\/etela-saimaa\/ilmoita\/\",\"name\":\"Ilmoita - Etel\u00e4-Saimaa\",\"isPartOf\":{\"@id\":\"https:\/\/oma.media.fi\/etela-saimaa\/#website\"},\"datePublished\":\"2018-10-22T07:30:52+00:00\",\"dateModified\":\"2026-04-23T11:08:37+00:00\",\"description\":\"J\u00e4t\u00e4 ilmoitus lehteen. Myynti- ja ostoilmoitukset, perheilmoitukset, seura- ja j\u00e4rjest\u00f6ilmoitukset, kuolinilmoitukset, surukiitokset, vauvauutiset jne.\",\"breadcrumb\":{\"@id\":\"https:\/\/oma.media.fi\/etela-saimaa\/ilmoita\/#breadcrumb\"},\"inLanguage\":\"fi\",\"potentialAction\":[{\"@type\":\"ReadAction\",\"target\":[\"https:\/\/oma.media.fi\/etela-saimaa\/ilmoita\/\"]}]},{\"@type\":\"BreadcrumbList\",\"@id\":\"https:\/\/oma.media.fi\/etela-saimaa\/ilmoita\/#breadcrumb\",\"itemListElement\":[{\"@type\":\"ListItem\",\"position\":1,\"name\":\"Etusivu\",\"item\":\"https:\/\/oma.media.fi\/etela-saimaa\/\"},{\"@type\":\"ListItem\",\"position\":2,\"name\":\"Ilmoita\"}]},{\"@type\":\"WebSite\",\"@id\":\"https:\/\/oma.media.fi\/etela-saimaa\/#website\",\"url\":\"https:\/\/oma.media.fi\/etela-saimaa\/\",\"name\":\"Etel\u00e4-Saimaa\",\"description\":\"\",\"alternateName\":\"Etel\u00e4-Saimaa asiakaspalvelu\",\"potentialAction\":[{\"@type\":\"SearchAction\",\"target\":{\"@type\":\"EntryPoint\",\"urlTemplate\":\"https:\/\/oma.media.fi\/etela-saimaa\/?s={search_term_string}\"},\"query-input\":{\"@type\":\"PropertyValueSpecification\",\"valueRequired\":true,\"valueName\":\"search_term_string\"}}],\"inLanguage\":\"fi\"}]}<\/script>\n<!-- \/ Yoast SEO plugin. -->","yoast_head_json":{"title":"Ilmoita - Etel\u00e4-Saimaa","description":"J\u00e4t\u00e4 ilmoitus lehteen. Myynti- ja ostoilmoitukset, perheilmoitukset, seura- ja j\u00e4rjest\u00f6ilmoitukset, kuolinilmoitukset, surukiitokset, vauvauutiset jne.","robots":{"index":"index","follow":"follow","max-snippet":"max-snippet:-1","max-image-preview":"max-image-preview:large","max-video-preview":"max-video-preview:-1"},"canonical":"https:\/\/oma.media.fi\/etela-saimaa\/ilmoita\/","og_locale":"fi_FI","og_type":"article","og_title":"Ilmoita","og_description":"J\u00e4t\u00e4 ilmoitus lehteen. Myynti- ja ostoilmoitukset, perheilmoitukset, seura- ja j\u00e4rjest\u00f6ilmoitukset, kuolinilmoitukset, surukiitokset, vauvauutiset jne.","og_url":"https:\/\/oma.media.fi\/etela-saimaa\/ilmoita\/","og_site_name":"Etel\u00e4-Saimaa","article_modified_time":"2026-04-23T11:08:37+00:00","twitter_card":"summary_large_image","twitter_misc":{"Arvioitu lukuaika":"1 minuutti"},"schema":{"@context":"https:\/\/schema.org","@graph":[{"@type":"WebPage","@id":"https:\/\/oma.media.fi\/etela-saimaa\/ilmoita\/","url":"https:\/\/oma.media.fi\/etela-saimaa\/ilmoita\/","name":"Ilmoita - Etel\u00e4-Saimaa","isPartOf":{"@id":"https:\/\/oma.media.fi\/etela-saimaa\/#website"},"datePublished":"2018-10-22T07:30:52+00:00","dateModified":"2026-04-23T11:08:37+00:00","description":"J\u00e4t\u00e4 ilmoitus lehteen. Myynti- ja ostoilmoitukset, perheilmoitukset, seura- ja j\u00e4rjest\u00f6ilmoitukset, kuolinilmoitukset, surukiitokset, vauvauutiset jne.","breadcrumb":{"@id":"https:\/\/oma.media.fi\/etela-saimaa\/ilmoita\/#breadcrumb"},"inLanguage":"fi","potentialAction":[{"@type":"ReadAction","target":["https:\/\/oma.media.fi\/etela-saimaa\/ilmoita\/"]}]},{"@type":"BreadcrumbList","@id":"https:\/\/oma.media.fi\/etela-saimaa\/ilmoita\/#breadcrumb","itemListElement":[{"@type":"ListItem","position":1,"name":"Etusivu","item":"https:\/\/oma.media.fi\/etela-saimaa\/"},{"@type":"ListItem","position":2,"name":"Ilmoita"}]},{"@type":"WebSite","@id":"https:\/\/oma.media.fi\/etela-saimaa\/#website","url":"https:\/\/oma.media.fi\/etela-saimaa\/","name":"Etel\u00e4-Saimaa","description":"","alternateName":"Etel\u00e4-Saimaa asiakaspalvelu","potentialAction":[{"@type":"SearchAction","target":{"@type":"EntryPoint","urlTemplate":"https:\/\/oma.media.fi\/etela-saimaa\/?s={search_term_string}"},"query-input":{"@type":"PropertyValueSpecification","valueRequired":true,"valueName":"search_term_string"}}],"inLanguage":"fi"}]}},"publishpress_future_action":{"enabled":false,"date":"2026-05-07 03:13:44","action":"change-status","newStatus":"draft","terms":[],"taxonomy":"","extraData":[]},"publishpress_future_workflow_manual_trigger":{"enabledWorkflows":[]},"_links":{"self":[{"href":"https:\/\/oma.media.fi\/etela-saimaa\/wp-json\/wp\/v2\/pages\/14","targetHints":{"allow":["GET"]}}],"collection":[{"href":"https:\/\/oma.media.fi\/etela-saimaa\/wp-json\/wp\/v2\/pages"}],"about":[{"href":"https:\/\/oma.media.fi\/etela-saimaa\/wp-json\/wp\/v2\/types\/page"}],"author":[{"embeddable":true,"href":"https:\/\/oma.media.fi\/etela-saimaa\/wp-json\/wp\/v2\/users\/1"}],"replies":[{"embeddable":true,"href":"https:\/\/oma.media.fi\/etela-saimaa\/wp-json\/wp\/v2\/comments?post=14"}],"version-history":[{"count":356,"href":"https:\/\/oma.media.fi\/etela-saimaa\/wp-json\/wp\/v2\/pages\/14\/revisions"}],"predecessor-version":[{"id":8563,"href":"https:\/\/oma.media.fi\/etela-saimaa\/wp-json\/wp\/v2\/pages\/14\/revisions\/8563"}],"wp:attachment":[{"href":"https:\/\/oma.media.fi\/etela-saimaa\/wp-json\/wp\/v2\/media?parent=14"}],"curies":[{"name":"wp","href":"https:\/\/api.w.org\/{rel}","templated":true}]}}