{"id":2767,"date":"2020-10-09T09:15:00","date_gmt":"2020-10-09T06:15:00","guid":{"rendered":"https:\/\/oma.media.fi\/etela-saimaa\/?page_id=2767"},"modified":"2026-05-04T13:54:52","modified_gmt":"2026-05-04T10:54:52","slug":"toimituksen-yhteystiedot","status":"publish","type":"page","link":"https:\/\/oma.media.fi\/etela-saimaa\/toimituksen-yhteystiedot\/","title":{"rendered":"Toimituksen yhteystiedot"},"content":{"rendered":"<p>Vinkkipuhelin:<br \/>\n040 141 6530<br \/>\n<a href=\"m&#97;&#105;&#x6c;&#x74;&#x6f;&#x3a;u&#117;&#116;&#105;&#x6e;&#x65;&#x6e;&#64;e&#115;&#97;&#x69;&#x6d;&#x61;a&#46;&#102;&#105;\">&#x75;&#x75;&#116;i&#x6e;&#x65;&#110;&#64;e&#x73;&#x61;&#105;m&#x61;&#x61;&#46;&#102;i<\/a><\/p>\n<p><a href=\"http:\/\/esaimaa.fi\/tapahtumat\">Menovinkit<\/a><br \/>\n<a href=\"https:\/\/asiakaspalvelu.esaimaa.fi\/mielipidekirjoitus\">L\u00e4het\u00e4 mielipidekirjoitus t\u00e4st\u00e4<\/a><\/p>\n<p><strong>Toimitus<\/strong><\/p>\n<p>S\u00e4hk\u00f6postiosoite:<br \/>\n<a href=\"&#x6d;a&#x69;&#108;&#x74;&#111;:&#x65;t&#x75;&#110;&#x69;&#109;i&#x2e;&#115;&#x75;&#107;u&#x6e;i&#x6d;&#105;&#x40;&#101;s&#x61;i&#x6d;&#97;&#x61;&#x2e;f&#x69;\">&#101;&#x74;u&#110;&#x69;m&#105;&#x2e;s&#117;&#x6b;u&#110;&#x69;m&#105;&#x40;e&#115;&#x61;i&#109;&#x61;a&#46;&#x66;i<\/a><\/p>\n<p>Mielipideaineisto:<\/p>\n<p><a href=\"&#x6d;&#x61;&#105;l&#x74;&#x6f;&#58;&#108;u&#x6b;&#x69;&#106;&#97;t&#x40;&#x65;&#115;ai&#x6d;&#x61;&#97;&#46;&#x66;&#x69;\">&#x6c;&#x75;&#x6b;&#x69;&#x6a;&#x61;&#x74;&#x40;&#x65;&#x73;&#x61;&#x69;&#x6d;&#x61;&#97;&#46;&#102;&#105;<\/a><\/p>\n<p>P\u00c4\u00c4TOIMITTAJA<br \/>\nJyrki Utriainen<br \/>\n040 583 9178<\/p>\n<p>P\u00c4IVITT\u00c4ISJOHTO<\/p>\n<p>Uutistuottaja<br \/>\nIida Tynnil\u00e4<br \/>\n040 827 2215<\/p>\n<p>Editoiva tuottaja<br \/>\nJenni Hirvinen<br \/>\n040 141 6526<\/p>\n<p>ILLAN JA VIIKONLOPUN TUOTTAJAT<\/p>\n<p>Liisa Kukkola<br \/>\n050 490 0428<\/p>\n<p>Joona Klemi<br \/>\n040 6598 523<\/p>\n<p>Joonas Tapaninen<br \/>\n040 714 9630<\/p>\n<p>UUTISET-TIIMI<\/p>\n<p>Toimittaja<br \/>\nTerhi Kinnunen<br \/>\n040 638 6346<\/p>\n<p>Toimittaja<br \/>\nAnne Kokkonen<br \/>\n0440 350 223<\/p>\n<p>Toimittaja<br \/>\nHarri Manskinen<br \/>\n040 709 0887<\/p>\n<p>Toimittaja<br \/>\nEelis Rytk\u00f6nen<br \/>\n040 683 7043<\/p>\n<p>Toimittaja<br \/>\nKalle Sipil\u00e4inen<br \/>\n040 141 6476<\/p>\n<p>Toimittaja<br \/>\nMarianne Suntio<br \/>\n0444540726<\/p>\n<p>Toimittaja<br \/>\nJoonas Tapaninen<br \/>\n040 714 9630<\/p>\n<p>HYVINVOINTI, TERVEYS JA URHEILU \u2013TIIMI<\/p>\n<p>Tiimin vet\u00e4j\u00e4, toimittaja<br \/>\nSini Lemmetty<br \/>\n044\u00a0775 6861<\/p>\n<p>Toimittaja<br \/>\nVesa Salminen<br \/>\n040 7708 861<\/p>\n<p>Toimittaja<br \/>\nAnssi Silvennoinen<br \/>\n040 141 6535<\/p>\n<p>Toimittaja<br \/>\nPetri Uusitalo<br \/>\n040 689 4462<\/p>\n<p>LAPPEENRANTA-TIIMI<\/p>\n<p>Toimittaja<br \/>\nLiisa Kukkola<br \/>\n050 490 0428<\/p>\n<p>Toimittaja<br \/>\nJoonas Laine<br \/>\n040 663 4961<\/p>\n<p>Toimittaja<br \/>\nRiina Nokso-Koivisto<br \/>\n040 701 8124<\/p>\n<p>Toimittaja<br \/>\nElmi R\u00e4\u00e4t\u00e4ri<br \/>\n040 631 9146<\/p>\n<p>Toimittaja<br \/>\nPetteri V\u00e4rt\u00f6<br \/>\n040 141 6549<\/p>\n<p>TALOUS, EL\u00c4M\u00c4 JA IHMISET \u2013TIIMI<\/p>\n<p>Tiimin vet\u00e4j\u00e4, toimittaja<br \/>\nJere Tossavainen<br \/>\n040 861 8275<\/p>\n<p>Toimittaja<br \/>\nSanteri Hulkkonen<br \/>\n040 759 1585<\/p>\n<p>Toimittaja<br \/>\nKaisa Juntunen<br \/>\n040 568 6303<\/p>\n<p>Toimittaja<br \/>\nAnniina Meuronen<br \/>\n040 703 3610<\/p>\n<p>Toimittaja<br \/>\nMinna Mikkola (perhevapaalla)<br \/>\n040 865 8564<\/p>\n<p>KUVAAMO<\/p>\n<p>Tiimin vet\u00e4j\u00e4, kuvaaja<br \/>\nKai Skytt\u00e4<br \/>\n040 125 2377<\/p>\n<p>Kuvaaja<br \/>\nAnu Kiljunen<br \/>\n044 773 8957<\/p>\n<p>Kuvaaja<br \/>\nMinna Rossi<br \/>\n040 657 8233<\/p>\n<p>&nbsp;<\/p>\n<p>IMATRAN TOIMITUS<\/p>\n<p>Vinkkipuhelin:<br \/>\n040 124 6665<\/p>\n<p>Minna M\u00e4kinen<br \/>\nToimituksen esihenkil\u00f6<br \/>\n040 714 9626<\/p>\n<p>Liisa M\u00e4\u00e4tt\u00e4<br \/>\nTuottaja<br \/>\n040 674 1362<\/p>\n<p>Santeri Tynkkynen<br \/>\nTuottaja<br \/>\n040 714 9625<\/p>\n<p>Tuija Horttanainen<br \/>\nTuottaja (perhevapaalla)<br \/>\n040 714 9623<\/p>\n<p>Ina Bohndieck<br \/>\nToimittaja<br \/>\n040 631 6747<\/p>\n<p>Piia Kaskinen<br \/>\nToimittaja<br \/>\n040 675 6153<\/p>\n<p>Tiina Mansikka<br \/>\nToimittaja<br \/>\n044 035 0552<\/p>\n<p>Anu Pakarinen<br \/>\nToimittaja<br \/>\n040\u00a0714 9624<\/p>\n<p>Sanna \u00c4ik\u00e4\u00e4<br \/>\nToimittaja<br \/>\n040 557 0575<\/p>\n","protected":false},"excerpt":{"rendered":"<p>Vinkkipuhelin: 040 141 6530 &#x75;&#117;t&#x69;&#110;e&#x6e;&#64;e&#x73;&#97;i&#x6d;&#97;a&#x2e;&#x66;i Menovinkit L\u00e4het\u00e4 mielipidekirjoitus t\u00e4st\u00e4 Toimitus S\u00e4hk\u00f6postiosoite: et&#117;&#110;&#x69;&#x6d;&#x69;&#x2e;su&#107;&#117;&#x6e;&#x69;&#x6d;&#x69;&#64;e&#115;&#97;&#105;&#x6d;&#x61;&#x61;&#x2e;fi Mielipideaineisto: &#108;&#x75;k&#x69;&#x6a;&#97;&#x74;&#64;&#x65;&#x73;&#97;&#x69;m&#x61;&#x61;&#46;&#x66;i P\u00c4\u00c4TOIMITTAJA Jyrki Utriainen 040 583 9178 P\u00c4IVITT\u00c4ISJOHTO Uutistuottaja Iida Tynnil\u00e4 040 827 2215 Editoiva tuottaja Jenni Hirvinen 040 141 6526 ILLAN JA VIIKONLOPUN TUOTTAJAT Liisa Kukkola 050 490 0428 Joona Klemi 040 6598 523 Joonas Tapaninen 040 714 9630 UUTISET-TIIMI Toimittaja [&hellip;]<\/p>\n","protected":false},"author":50,"featured_media":0,"parent":0,"menu_order":0,"comment_status":"closed","ping_status":"closed","template":"","meta":{"_acf_changed":false,"footnotes":""},"class_list":["post-2767","page","type-page","status-publish","hentry"],"acf":[],"yoast_head":"<!-- This site is optimized with the Yoast SEO plugin v26.2 - https:\/\/yoast.com\/wordpress\/plugins\/seo\/ -->\n<title>Toimituksen yhteystiedot - Etel\u00e4-Saimaa<\/title>\n<meta name=\"robots\" content=\"index, follow, max-snippet:-1, max-image-preview:large, max-video-preview:-1\" \/>\n<link rel=\"canonical\" href=\"https:\/\/oma.media.fi\/etela-saimaa\/toimituksen-yhteystiedot\/\" \/>\n<meta property=\"og:locale\" content=\"fi_FI\" \/>\n<meta property=\"og:type\" content=\"article\" \/>\n<meta property=\"og:title\" content=\"Toimituksen yhteystiedot\" \/>\n<meta property=\"og:description\" content=\"Vinkkipuhelin: 040 141 6530 u&#117;&#116;&#105;&#x6e;&#x65;&#x6e;&#064;e&#115;&#097;&#x69;&#x6d;&#x61;&#x61;&#046;f&#105; Menovinkit L\u00e4het\u00e4 mielipidekirjoitus t\u00e4st\u00e4 Toimitus S\u00e4hk\u00f6postiosoite: &#x65;&#x74;&#117;n&#x69;&#x6d;&#105;&#046;s&#x75;&#x6b;&#117;n&#x69;&#x6d;&#105;&#064;e&#x73;&#x61;&#105;m&#x61;&#x61;&#046;&#102;i Mielipideaineisto: &#x6c;&#x75;&#x6b;&#x69;&#x6a;&#x61;&#x74;&#x40;&#x65;&#x73;&#x61;&#x69;&#x6d;&#x61;&#x61;&#x2e;&#x66;&#x69; P\u00c4\u00c4TOIMITTAJA Jyrki Utriainen 040 583 9178 P\u00c4IVITT\u00c4ISJOHTO Uutistuottaja Iida Tynnil\u00e4 040 827 2215 Editoiva tuottaja Jenni Hirvinen 040 141 6526 ILLAN JA VIIKONLOPUN TUOTTAJAT Liisa Kukkola 050 490 0428 Joona Klemi 040 6598 523 Joonas Tapaninen 040 714 9630 UUTISET-TIIMI Toimittaja [&hellip;]\" \/>\n<meta property=\"og:url\" content=\"https:\/\/oma.media.fi\/etela-saimaa\/toimituksen-yhteystiedot\/\" \/>\n<meta property=\"og:site_name\" content=\"Etel\u00e4-Saimaa\" \/>\n<meta property=\"article:modified_time\" content=\"2026-05-04T10:54:52+00:00\" \/>\n<meta name=\"twitter:card\" content=\"summary_large_image\" \/>\n<meta name=\"twitter:label1\" content=\"Arvioitu lukuaika\" \/>\n\t<meta name=\"twitter:data1\" content=\"2 minuuttia\" \/>\n<script type=\"application\/ld+json\" class=\"yoast-schema-graph\">{\"@context\":\"https:\/\/schema.org\",\"@graph\":[{\"@type\":\"WebPage\",\"@id\":\"https:\/\/oma.media.fi\/etela-saimaa\/toimituksen-yhteystiedot\/\",\"url\":\"https:\/\/oma.media.fi\/etela-saimaa\/toimituksen-yhteystiedot\/\",\"name\":\"Toimituksen yhteystiedot - Etel\u00e4-Saimaa\",\"isPartOf\":{\"@id\":\"https:\/\/oma.media.fi\/etela-saimaa\/#website\"},\"datePublished\":\"2020-10-09T06:15:00+00:00\",\"dateModified\":\"2026-05-04T10:54:52+00:00\",\"breadcrumb\":{\"@id\":\"https:\/\/oma.media.fi\/etela-saimaa\/toimituksen-yhteystiedot\/#breadcrumb\"},\"inLanguage\":\"fi\",\"potentialAction\":[{\"@type\":\"ReadAction\",\"target\":[\"https:\/\/oma.media.fi\/etela-saimaa\/toimituksen-yhteystiedot\/\"]}]},{\"@type\":\"BreadcrumbList\",\"@id\":\"https:\/\/oma.media.fi\/etela-saimaa\/toimituksen-yhteystiedot\/#breadcrumb\",\"itemListElement\":[{\"@type\":\"ListItem\",\"position\":1,\"name\":\"Etusivu\",\"item\":\"https:\/\/oma.media.fi\/etela-saimaa\/\"},{\"@type\":\"ListItem\",\"position\":2,\"name\":\"Toimituksen yhteystiedot\"}]},{\"@type\":\"WebSite\",\"@id\":\"https:\/\/oma.media.fi\/etela-saimaa\/#website\",\"url\":\"https:\/\/oma.media.fi\/etela-saimaa\/\",\"name\":\"Etel\u00e4-Saimaa\",\"description\":\"\",\"alternateName\":\"Etel\u00e4-Saimaa asiakaspalvelu\",\"potentialAction\":[{\"@type\":\"SearchAction\",\"target\":{\"@type\":\"EntryPoint\",\"urlTemplate\":\"https:\/\/oma.media.fi\/etela-saimaa\/?s={search_term_string}\"},\"query-input\":{\"@type\":\"PropertyValueSpecification\",\"valueRequired\":true,\"valueName\":\"search_term_string\"}}],\"inLanguage\":\"fi\"}]}<\/script>\n<!-- \/ Yoast SEO plugin. -->","yoast_head_json":{"title":"Toimituksen yhteystiedot - Etel\u00e4-Saimaa","robots":{"index":"index","follow":"follow","max-snippet":"max-snippet:-1","max-image-preview":"max-image-preview:large","max-video-preview":"max-video-preview:-1"},"canonical":"https:\/\/oma.media.fi\/etela-saimaa\/toimituksen-yhteystiedot\/","og_locale":"fi_FI","og_type":"article","og_title":"Toimituksen yhteystiedot","og_description":"Vinkkipuhelin: 040 141 6530 u&#117;&#116;&#105;&#x6e;&#x65;&#x6e;&#64;e&#115;&#97;&#x69;&#x6d;&#x61;&#x61;&#46;f&#105; Menovinkit L\u00e4het\u00e4 mielipidekirjoitus t\u00e4st\u00e4 Toimitus S\u00e4hk\u00f6postiosoite: &#x65;&#x74;&#117;n&#x69;&#x6d;&#105;&#46;s&#x75;&#x6b;&#117;n&#x69;&#x6d;&#105;&#64;e&#x73;&#x61;&#105;m&#x61;&#x61;&#46;&#102;i Mielipideaineisto: &#x6c;&#x75;&#x6b;&#x69;&#x6a;&#x61;&#x74;&#x40;&#x65;&#x73;&#x61;&#x69;&#x6d;&#x61;&#x61;&#x2e;&#x66;&#x69; P\u00c4\u00c4TOIMITTAJA Jyrki Utriainen 040 583 9178 P\u00c4IVITT\u00c4ISJOHTO Uutistuottaja Iida Tynnil\u00e4 040 827 2215 Editoiva tuottaja Jenni Hirvinen 040 141 6526 ILLAN JA VIIKONLOPUN TUOTTAJAT Liisa Kukkola 050 490 0428 Joona Klemi 040 6598 523 Joonas Tapaninen 040 714 9630 UUTISET-TIIMI Toimittaja [&hellip;]","og_url":"https:\/\/oma.media.fi\/etela-saimaa\/toimituksen-yhteystiedot\/","og_site_name":"Etel\u00e4-Saimaa","article_modified_time":"2026-05-04T10:54:52+00:00","twitter_card":"summary_large_image","twitter_misc":{"Arvioitu lukuaika":"2 minuuttia"},"schema":{"@context":"https:\/\/schema.org","@graph":[{"@type":"WebPage","@id":"https:\/\/oma.media.fi\/etela-saimaa\/toimituksen-yhteystiedot\/","url":"https:\/\/oma.media.fi\/etela-saimaa\/toimituksen-yhteystiedot\/","name":"Toimituksen yhteystiedot - Etel\u00e4-Saimaa","isPartOf":{"@id":"https:\/\/oma.media.fi\/etela-saimaa\/#website"},"datePublished":"2020-10-09T06:15:00+00:00","dateModified":"2026-05-04T10:54:52+00:00","breadcrumb":{"@id":"https:\/\/oma.media.fi\/etela-saimaa\/toimituksen-yhteystiedot\/#breadcrumb"},"inLanguage":"fi","potentialAction":[{"@type":"ReadAction","target":["https:\/\/oma.media.fi\/etela-saimaa\/toimituksen-yhteystiedot\/"]}]},{"@type":"BreadcrumbList","@id":"https:\/\/oma.media.fi\/etela-saimaa\/toimituksen-yhteystiedot\/#breadcrumb","itemListElement":[{"@type":"ListItem","position":1,"name":"Etusivu","item":"https:\/\/oma.media.fi\/etela-saimaa\/"},{"@type":"ListItem","position":2,"name":"Toimituksen yhteystiedot"}]},{"@type":"WebSite","@id":"https:\/\/oma.media.fi\/etela-saimaa\/#website","url":"https:\/\/oma.media.fi\/etela-saimaa\/","name":"Etel\u00e4-Saimaa","description":"","alternateName":"Etel\u00e4-Saimaa asiakaspalvelu","potentialAction":[{"@type":"SearchAction","target":{"@type":"EntryPoint","urlTemplate":"https:\/\/oma.media.fi\/etela-saimaa\/?s={search_term_string}"},"query-input":{"@type":"PropertyValueSpecification","valueRequired":true,"valueName":"search_term_string"}}],"inLanguage":"fi"}]}},"publishpress_future_action":{"enabled":false,"date":"2026-05-20 19:14:56","action":"change-status","newStatus":"draft","terms":[],"taxonomy":"","extraData":[]},"publishpress_future_workflow_manual_trigger":{"enabledWorkflows":[]},"_links":{"self":[{"href":"https:\/\/oma.media.fi\/etela-saimaa\/wp-json\/wp\/v2\/pages\/2767","targetHints":{"allow":["GET"]}}],"collection":[{"href":"https:\/\/oma.media.fi\/etela-saimaa\/wp-json\/wp\/v2\/pages"}],"about":[{"href":"https:\/\/oma.media.fi\/etela-saimaa\/wp-json\/wp\/v2\/types\/page"}],"author":[{"embeddable":true,"href":"https:\/\/oma.media.fi\/etela-saimaa\/wp-json\/wp\/v2\/users\/50"}],"replies":[{"embeddable":true,"href":"https:\/\/oma.media.fi\/etela-saimaa\/wp-json\/wp\/v2\/comments?post=2767"}],"version-history":[{"count":59,"href":"https:\/\/oma.media.fi\/etela-saimaa\/wp-json\/wp\/v2\/pages\/2767\/revisions"}],"predecessor-version":[{"id":8573,"href":"https:\/\/oma.media.fi\/etela-saimaa\/wp-json\/wp\/v2\/pages\/2767\/revisions\/8573"}],"wp:attachment":[{"href":"https:\/\/oma.media.fi\/etela-saimaa\/wp-json\/wp\/v2\/media?parent=2767"}],"curies":[{"name":"wp","href":"https:\/\/api.w.org\/{rel}","templated":true}]}}