{"id":1103,"date":"2022-08-31T11:40:35","date_gmt":"2022-08-31T08:40:35","guid":{"rendered":"https:\/\/oma.media.fi\/forssan-lehti\/fole-vaihda-sahkopostiosoite\/"},"modified":"2022-09-09T14:09:28","modified_gmt":"2022-09-09T11:09:28","slug":"fole-vaihda-sahkopostiosoite","status":"publish","type":"page","link":"https:\/\/oma.media.fi\/forssan-lehti\/fole-vaihda-sahkopostiosoite\/","title":{"rendered":"Forssan Lehti &#8211; vaihda s\u00e4hk\u00f6postiosoite"},"content":{"rendered":"<p>Olemme yhdist\u00e4m\u00e4ss\u00e4 Forssan Lehden tilaaja- ja k\u00e4ytt\u00e4j\u00e4hallinnan osaksi Mediatalo Keskisuomalaisen yhteisi\u00e4 j\u00e4rjestelmi\u00e4. Muutos helpottaa asiakkaidemme palveluiden k\u00e4ytt\u00f6\u00e4 ja monipuolistaa Forssan Lehden tilaukseen liittyvi\u00e4 palveluita.<\/p>\n<p>Huomasimme, ett\u00e4 samalla osoitteella ja s\u00e4hk\u00f6postiosoitteella on tilaus molemmissa j\u00e4rjestelmiss\u00e4, mutta tilaajan nimitiedot ovat poikkeavat. S\u00e4hk\u00f6postiosoite voi olla k\u00e4yt\u00f6ss\u00e4 vain yhdess\u00e4 palvelussa, joten pyyd\u00e4mme teit\u00e4 muuttamaan k\u00e4yt\u00f6ss\u00e4 olevan s\u00e4hk\u00f6postiosoitteenne.<\/p>\n<h3>N\u00e4in muutat k\u00e4yt\u00f6ss\u00e4 olevan s\u00e4hk\u00f6postiosoitteen<\/h3>\n<p>Valitse ensin, haluatko muuttaa Forssan Lehden vai Mediatalo Keskisuomalaisen lehtitilauksen s\u00e4hk\u00f6postiosoitetta.<\/p>\n<p>Mik\u00e4li haluat muuttaa Forssan Lehdess\u00e4 k\u00e4ytt\u00e4m\u00e4\u00e4si s\u00e4hk\u00f6postiosoitetta, <a href=\"https:\/\/forssanlehti.portal.worldoftulo.com\/Login?\">kirjaudu omiin tietoihisi t\u00e4st\u00e4 &gt;&gt;<\/a><br \/>\nJos et muista salasanaa, <a href=\"https:\/\/forssanlehti.portal.worldoftulo.com\/\/Login\/RequestPasswordReset\">voit tilata uuden t\u00e4st\u00e4 &gt;&gt;<\/a><\/p>\n<p>Mik\u00e4li haluat muuttaa Mediatalo Keskisuomalaisen palvelussa k\u00e4ytt\u00e4m\u00e4\u00e4si s\u00e4hk\u00f6postiosoitetta, <a href=\"https:\/\/media.portal.worldoftulo.com\/Login\">kirjaudu omiin tietoihisi t\u00e4st\u00e4 &gt;&gt;<\/a><br \/>\nJos et muista salasanaa, <a href=\"https:\/\/media.portal.worldoftulo.com\/Login\/RequestPasswordReset\">voit tilata uuden t\u00e4st\u00e4 &gt;&gt;<\/a><\/p>\n<p>Jos Mediatunnuksessasi k\u00e4yt\u00f6ss\u00e4 ollut s\u00e4hk\u00f6postiosoitteesi ei ole en\u00e4\u00e4 k\u00e4yt\u00f6ss\u00e4, etk\u00e4 sen vuoksi voi tilata uutta salasanaa, olethan yhteydess\u00e4 <a href=\"https:\/\/oma.media.fi\/forssan-lehti\/yhteystiedot\/\">asiakaspalveluumme<\/a>.<\/p>\n<ol>\n<li>Kirjaudu sis\u00e4\u00e4n siihen palveluun, jonka s\u00e4hk\u00f6postiosoitteen haluat muuttaa<\/li>\n<li>Vaihda s\u00e4hk\u00f6postiosoitteesi uuteen ja paina tallenna<\/li>\n<li>Vahvista uusi s\u00e4hk\u00f6postiosoitteesi klikkaamalla uuteen s\u00e4hk\u00f6postiin l\u00e4hett\u00e4m\u00e4st\u00e4mme vahvistusviestist\u00e4.<\/li>\n<\/ol>\n<p><a href=\"https:\/\/oma.media.fi\/forssan-lehti\/wp-content\/uploads\/sites\/53\/2022\/08\/vaihda-sahkoposti.jpg\"><img loading=\"lazy\" decoding=\"async\" class=\"alignnone size-full wp-image-1095\" src=\"https:\/\/oma.media.fi\/forssan-lehti\/wp-content\/uploads\/sites\/53\/2022\/08\/vaihda-sahkoposti.jpg\" alt=\"\" width=\"899\" height=\"571\" srcset=\"https:\/\/oma.media.fi\/forssan-lehti\/wp-content\/uploads\/sites\/53\/2022\/08\/vaihda-sahkoposti.jpg 899w, https:\/\/oma.media.fi\/forssan-lehti\/wp-content\/uploads\/sites\/53\/2022\/08\/vaihda-sahkoposti-300x191.jpg 300w, https:\/\/oma.media.fi\/forssan-lehti\/wp-content\/uploads\/sites\/53\/2022\/08\/vaihda-sahkoposti-768x488.jpg 768w\" sizes=\"auto, (max-width: 899px) 100vw, 899px\" \/><\/a><\/p>\n<h3>Haluan jatkossakin k\u00e4ytt\u00e4\u00e4 samaa s\u00e4hk\u00f6postiosoitetta lehtien lukemiseen<\/h3>\n<p>Mik\u00e4li haluat jatkossakin k\u00e4ytt\u00e4\u00e4 samaa k\u00e4ytt\u00e4j\u00e4tunnusta kaikkien lehtiemme lukemiseen, tulee tilaukset siirt\u00e4\u00e4 samalle asiakkuudelle. Olethan t\u00e4ll\u00f6in yhteydess\u00e4 suoraan asiakaspalveluumme<br \/>\np.\u00a0 03 6151 300 (ma-pe klo 8-16).<\/p>\n","protected":false},"excerpt":{"rendered":"<p>Olemme yhdist\u00e4m\u00e4ss\u00e4 tilaaja- ja k\u00e4ytt\u00e4j\u00e4hallinnan osaksi Mediatalo Keskisuomalaisen yhteisi\u00e4 j\u00e4rjestelmi\u00e4. Muutos helpottaa asiakkaidemme palveluiden k\u00e4ytt\u00f6\u00e4 ja monipuolistaa tilaukseen liittyvi\u00e4 palveluita. Huomasimme, ett\u00e4 samalla osoitteella ja s\u00e4hk\u00f6postiosoitteella on tilaus molemmissa j\u00e4rjestelmiss\u00e4, mutta tilaajan nimitiedot ovat poikkeavat. S\u00e4hk\u00f6postiosoite voi olla k\u00e4yt\u00f6ss\u00e4 vain yhdess\u00e4 palvelussa, joten pyyd\u00e4mme teit\u00e4 muuttamaan k\u00e4yt\u00f6ss\u00e4 olevan s\u00e4hk\u00f6postiosoitteenne. N\u00e4in muutat k\u00e4yt\u00f6ss\u00e4 olevan s\u00e4hk\u00f6postiosoitteen Valitse [&hellip;]<\/p>\n","protected":false},"author":6,"featured_media":0,"parent":0,"menu_order":0,"comment_status":"closed","ping_status":"closed","template":"","meta":{"_acf_changed":false,"footnotes":""},"class_list":["post-1103","page","type-page","status-publish","hentry"],"acf":[],"yoast_head":"<!-- This site is optimized with the Yoast SEO plugin v26.2 - https:\/\/yoast.com\/wordpress\/plugins\/seo\/ -->\n<title>Forssan Lehti - vaihda s\u00e4hk\u00f6postiosoite - Forssan Lehti<\/title>\n<meta name=\"robots\" content=\"index, follow, max-snippet:-1, max-image-preview:large, max-video-preview:-1\" \/>\n<link rel=\"canonical\" href=\"https:\/\/oma.media.fi\/forssan-lehti\/fole-vaihda-sahkopostiosoite\/\" \/>\n<meta property=\"og:locale\" content=\"fi_FI\" \/>\n<meta property=\"og:type\" content=\"article\" \/>\n<meta property=\"og:title\" content=\"Forssan Lehti &#8211; vaihda s\u00e4hk\u00f6postiosoite\" \/>\n<meta property=\"og:description\" content=\"Olemme yhdist\u00e4m\u00e4ss\u00e4 tilaaja- ja k\u00e4ytt\u00e4j\u00e4hallinnan osaksi Mediatalo Keskisuomalaisen yhteisi\u00e4 j\u00e4rjestelmi\u00e4. Muutos helpottaa asiakkaidemme palveluiden k\u00e4ytt\u00f6\u00e4 ja monipuolistaa tilaukseen liittyvi\u00e4 palveluita. Huomasimme, ett\u00e4 samalla osoitteella ja s\u00e4hk\u00f6postiosoitteella on tilaus molemmissa j\u00e4rjestelmiss\u00e4, mutta tilaajan nimitiedot ovat poikkeavat. S\u00e4hk\u00f6postiosoite voi olla k\u00e4yt\u00f6ss\u00e4 vain yhdess\u00e4 palvelussa, joten pyyd\u00e4mme teit\u00e4 muuttamaan k\u00e4yt\u00f6ss\u00e4 olevan s\u00e4hk\u00f6postiosoitteenne. N\u00e4in muutat k\u00e4yt\u00f6ss\u00e4 olevan s\u00e4hk\u00f6postiosoitteen Valitse [&hellip;]\" \/>\n<meta property=\"og:url\" content=\"https:\/\/oma.media.fi\/forssan-lehti\/fole-vaihda-sahkopostiosoite\/\" \/>\n<meta property=\"og:site_name\" content=\"Forssan Lehti\" \/>\n<meta property=\"article:modified_time\" content=\"2022-09-09T11:09:28+00:00\" \/>\n<meta property=\"og:image\" content=\"https:\/\/oma.media.fi\/forssan-lehti\/wp-content\/uploads\/sites\/53\/2022\/08\/vaihda-sahkoposti.jpg\" \/>\n<meta name=\"twitter:card\" content=\"summary_large_image\" \/>\n<meta name=\"twitter:label1\" content=\"Arvioitu lukuaika\" \/>\n\t<meta name=\"twitter:data1\" content=\"2 minuuttia\" \/>\n<script type=\"application\/ld+json\" class=\"yoast-schema-graph\">{\"@context\":\"https:\/\/schema.org\",\"@graph\":[{\"@type\":\"WebPage\",\"@id\":\"https:\/\/oma.media.fi\/forssan-lehti\/fole-vaihda-sahkopostiosoite\/\",\"url\":\"https:\/\/oma.media.fi\/forssan-lehti\/fole-vaihda-sahkopostiosoite\/\",\"name\":\"Forssan Lehti - vaihda s\u00e4hk\u00f6postiosoite - Forssan Lehti\",\"isPartOf\":{\"@id\":\"https:\/\/oma.media.fi\/forssan-lehti\/#website\"},\"primaryImageOfPage\":{\"@id\":\"https:\/\/oma.media.fi\/forssan-lehti\/fole-vaihda-sahkopostiosoite\/#primaryimage\"},\"image\":{\"@id\":\"https:\/\/oma.media.fi\/forssan-lehti\/fole-vaihda-sahkopostiosoite\/#primaryimage\"},\"thumbnailUrl\":\"https:\/\/oma.media.fi\/forssan-lehti\/wp-content\/uploads\/sites\/53\/2022\/08\/vaihda-sahkoposti.jpg\",\"datePublished\":\"2022-08-31T08:40:35+00:00\",\"dateModified\":\"2022-09-09T11:09:28+00:00\",\"breadcrumb\":{\"@id\":\"https:\/\/oma.media.fi\/forssan-lehti\/fole-vaihda-sahkopostiosoite\/#breadcrumb\"},\"inLanguage\":\"fi\",\"potentialAction\":[{\"@type\":\"ReadAction\",\"target\":[\"https:\/\/oma.media.fi\/forssan-lehti\/fole-vaihda-sahkopostiosoite\/\"]}]},{\"@type\":\"ImageObject\",\"inLanguage\":\"fi\",\"@id\":\"https:\/\/oma.media.fi\/forssan-lehti\/fole-vaihda-sahkopostiosoite\/#primaryimage\",\"url\":\"https:\/\/oma.media.fi\/forssan-lehti\/wp-content\/uploads\/sites\/53\/2022\/08\/vaihda-sahkoposti.jpg\",\"contentUrl\":\"https:\/\/oma.media.fi\/forssan-lehti\/wp-content\/uploads\/sites\/53\/2022\/08\/vaihda-sahkoposti.jpg\"},{\"@type\":\"BreadcrumbList\",\"@id\":\"https:\/\/oma.media.fi\/forssan-lehti\/fole-vaihda-sahkopostiosoite\/#breadcrumb\",\"itemListElement\":[{\"@type\":\"ListItem\",\"position\":1,\"name\":\"Etusivu\",\"item\":\"https:\/\/oma.media.fi\/forssan-lehti\/\"},{\"@type\":\"ListItem\",\"position\":2,\"name\":\"Forssan Lehti &#8211; vaihda s\u00e4hk\u00f6postiosoite\"}]},{\"@type\":\"WebSite\",\"@id\":\"https:\/\/oma.media.fi\/forssan-lehti\/#website\",\"url\":\"https:\/\/oma.media.fi\/forssan-lehti\/\",\"name\":\"Forssan Lehti\",\"description\":\"\",\"potentialAction\":[{\"@type\":\"SearchAction\",\"target\":{\"@type\":\"EntryPoint\",\"urlTemplate\":\"https:\/\/oma.media.fi\/forssan-lehti\/?s={search_term_string}\"},\"query-input\":{\"@type\":\"PropertyValueSpecification\",\"valueRequired\":true,\"valueName\":\"search_term_string\"}}],\"inLanguage\":\"fi\"}]}<\/script>\n<!-- \/ Yoast SEO plugin. -->","yoast_head_json":{"title":"Forssan Lehti - vaihda s\u00e4hk\u00f6postiosoite - Forssan Lehti","robots":{"index":"index","follow":"follow","max-snippet":"max-snippet:-1","max-image-preview":"max-image-preview:large","max-video-preview":"max-video-preview:-1"},"canonical":"https:\/\/oma.media.fi\/forssan-lehti\/fole-vaihda-sahkopostiosoite\/","og_locale":"fi_FI","og_type":"article","og_title":"Forssan Lehti &#8211; vaihda s\u00e4hk\u00f6postiosoite","og_description":"Olemme yhdist\u00e4m\u00e4ss\u00e4 tilaaja- ja k\u00e4ytt\u00e4j\u00e4hallinnan osaksi Mediatalo Keskisuomalaisen yhteisi\u00e4 j\u00e4rjestelmi\u00e4. Muutos helpottaa asiakkaidemme palveluiden k\u00e4ytt\u00f6\u00e4 ja monipuolistaa tilaukseen liittyvi\u00e4 palveluita. Huomasimme, ett\u00e4 samalla osoitteella ja s\u00e4hk\u00f6postiosoitteella on tilaus molemmissa j\u00e4rjestelmiss\u00e4, mutta tilaajan nimitiedot ovat poikkeavat. S\u00e4hk\u00f6postiosoite voi olla k\u00e4yt\u00f6ss\u00e4 vain yhdess\u00e4 palvelussa, joten pyyd\u00e4mme teit\u00e4 muuttamaan k\u00e4yt\u00f6ss\u00e4 olevan s\u00e4hk\u00f6postiosoitteenne. N\u00e4in muutat k\u00e4yt\u00f6ss\u00e4 olevan s\u00e4hk\u00f6postiosoitteen Valitse [&hellip;]","og_url":"https:\/\/oma.media.fi\/forssan-lehti\/fole-vaihda-sahkopostiosoite\/","og_site_name":"Forssan Lehti","article_modified_time":"2022-09-09T11:09:28+00:00","og_image":[{"url":"https:\/\/oma.media.fi\/forssan-lehti\/wp-content\/uploads\/sites\/53\/2022\/08\/vaihda-sahkoposti.jpg","type":"","width":"","height":""}],"twitter_card":"summary_large_image","twitter_misc":{"Arvioitu lukuaika":"2 minuuttia"},"schema":{"@context":"https:\/\/schema.org","@graph":[{"@type":"WebPage","@id":"https:\/\/oma.media.fi\/forssan-lehti\/fole-vaihda-sahkopostiosoite\/","url":"https:\/\/oma.media.fi\/forssan-lehti\/fole-vaihda-sahkopostiosoite\/","name":"Forssan Lehti - vaihda s\u00e4hk\u00f6postiosoite - Forssan Lehti","isPartOf":{"@id":"https:\/\/oma.media.fi\/forssan-lehti\/#website"},"primaryImageOfPage":{"@id":"https:\/\/oma.media.fi\/forssan-lehti\/fole-vaihda-sahkopostiosoite\/#primaryimage"},"image":{"@id":"https:\/\/oma.media.fi\/forssan-lehti\/fole-vaihda-sahkopostiosoite\/#primaryimage"},"thumbnailUrl":"https:\/\/oma.media.fi\/forssan-lehti\/wp-content\/uploads\/sites\/53\/2022\/08\/vaihda-sahkoposti.jpg","datePublished":"2022-08-31T08:40:35+00:00","dateModified":"2022-09-09T11:09:28+00:00","breadcrumb":{"@id":"https:\/\/oma.media.fi\/forssan-lehti\/fole-vaihda-sahkopostiosoite\/#breadcrumb"},"inLanguage":"fi","potentialAction":[{"@type":"ReadAction","target":["https:\/\/oma.media.fi\/forssan-lehti\/fole-vaihda-sahkopostiosoite\/"]}]},{"@type":"ImageObject","inLanguage":"fi","@id":"https:\/\/oma.media.fi\/forssan-lehti\/fole-vaihda-sahkopostiosoite\/#primaryimage","url":"https:\/\/oma.media.fi\/forssan-lehti\/wp-content\/uploads\/sites\/53\/2022\/08\/vaihda-sahkoposti.jpg","contentUrl":"https:\/\/oma.media.fi\/forssan-lehti\/wp-content\/uploads\/sites\/53\/2022\/08\/vaihda-sahkoposti.jpg"},{"@type":"BreadcrumbList","@id":"https:\/\/oma.media.fi\/forssan-lehti\/fole-vaihda-sahkopostiosoite\/#breadcrumb","itemListElement":[{"@type":"ListItem","position":1,"name":"Etusivu","item":"https:\/\/oma.media.fi\/forssan-lehti\/"},{"@type":"ListItem","position":2,"name":"Forssan Lehti &#8211; vaihda s\u00e4hk\u00f6postiosoite"}]},{"@type":"WebSite","@id":"https:\/\/oma.media.fi\/forssan-lehti\/#website","url":"https:\/\/oma.media.fi\/forssan-lehti\/","name":"Forssan Lehti","description":"","potentialAction":[{"@type":"SearchAction","target":{"@type":"EntryPoint","urlTemplate":"https:\/\/oma.media.fi\/forssan-lehti\/?s={search_term_string}"},"query-input":{"@type":"PropertyValueSpecification","valueRequired":true,"valueName":"search_term_string"}}],"inLanguage":"fi"}]}},"publishpress_future_action":{"enabled":false,"date":"2026-04-23 21:46:22","action":"change-status","newStatus":"draft","terms":[],"taxonomy":"","extraData":[]},"publishpress_future_workflow_manual_trigger":{"enabledWorkflows":[]},"_links":{"self":[{"href":"https:\/\/oma.media.fi\/forssan-lehti\/wp-json\/wp\/v2\/pages\/1103","targetHints":{"allow":["GET"]}}],"collection":[{"href":"https:\/\/oma.media.fi\/forssan-lehti\/wp-json\/wp\/v2\/pages"}],"about":[{"href":"https:\/\/oma.media.fi\/forssan-lehti\/wp-json\/wp\/v2\/types\/page"}],"author":[{"embeddable":true,"href":"https:\/\/oma.media.fi\/forssan-lehti\/wp-json\/wp\/v2\/users\/6"}],"replies":[{"embeddable":true,"href":"https:\/\/oma.media.fi\/forssan-lehti\/wp-json\/wp\/v2\/comments?post=1103"}],"version-history":[{"count":17,"href":"https:\/\/oma.media.fi\/forssan-lehti\/wp-json\/wp\/v2\/pages\/1103\/revisions"}],"predecessor-version":[{"id":1217,"href":"https:\/\/oma.media.fi\/forssan-lehti\/wp-json\/wp\/v2\/pages\/1103\/revisions\/1217"}],"wp:attachment":[{"href":"https:\/\/oma.media.fi\/forssan-lehti\/wp-json\/wp\/v2\/media?parent=1103"}],"curies":[{"name":"wp","href":"https:\/\/api.w.org\/{rel}","templated":true}]}}