{"id":2007,"date":"2023-02-10T11:22:23","date_gmt":"2023-02-10T09:22:23","guid":{"rendered":"https:\/\/oma.media.fi\/forssan-lehti\/ohjevideot\/"},"modified":"2024-06-05T10:40:20","modified_gmt":"2024-06-05T07:40:20","slug":"ohjevideot","status":"publish","type":"page","link":"https:\/\/oma.media.fi\/forssan-lehti\/ohjevideot\/","title":{"rendered":"Tilaajan ohjevideot"},"content":{"rendered":"<p>T\u00e4lt\u00e4 sivulta l\u00f6yd\u00e4t kaikki Mediakonserni Keskisuomalaisen digisis\u00e4lt\u00f6jen k\u00e4ytt\u00f6\u00e4 koskevat ohjevideot.<\/p>\n<h3><a href=\"https:\/\/oma.media.fi\/forssan-lehti\/ohjevideot\/#luominen\">1. Mediatunnuksen luominen tilaaja-asiakkaana<\/a><\/h3>\n<h3><a href=\"https:\/\/oma.media.fi\/forssan-lehti\/ohjevideot\/#kirjautuminen\">2. Kirjautuminen verkkopalveluihin<\/a><\/h3>\n<h3><a href=\"https:\/\/oma.media.fi\/forssan-lehti\/ohjevideot\/#nakkari\">3. N\u00e4k\u00f6islehden lukeminen tietokoneella<\/a><\/h3>\n<ul>\n<li>(sis. my\u00f6s: arkisto, ristikoiden ja sudokuiden t\u00e4ytt\u00e4minen, n\u00e4k\u00f6islehden sivujen tulostus)<\/li>\n<\/ul>\n<h3><a href=\"https:\/\/oma.media.fi\/forssan-lehti\/ohjevideot\/#osoitteenmuutos\">4. Tilap\u00e4inen osoitteenmuutos<\/a><\/h3>\n<h3><a href=\"https:\/\/oma.media.fi\/forssan-lehti\/ohjevideot\/#jakelunkeskeytys\">5. Tilap\u00e4inen jakelunkeskeytys<\/a><\/h3>\n<h3><a href=\"https:\/\/oma.media.fi\/forssan-lehti\/ohjevideot\/#lukuoikeus\">6. Tilauksen digilukuoikeuden jakaminen<\/a><\/h3>\n<p>&nbsp;<\/p>\n<h2 id=\"luominen\">1. Mediatunnuksen luominen tilaaja-asiakkaana<\/h2>\n<div class=\"video-container\"><iframe loading=\"lazy\" title=\"Mediakonserni Keskisuomalainen | Tilaajan ohjevideot: Mediatunnuksen luominen tilaajana\" width=\"500\" height=\"281\" src=\"https:\/\/www.youtube.com\/embed\/5vJto3cIKmM?feature=oembed\" frameborder=\"0\" allow=\"accelerometer; autoplay; clipboard-write; encrypted-media; gyroscope; picture-in-picture; web-share\" referrerpolicy=\"strict-origin-when-cross-origin\" allowfullscreen><\/iframe><\/div>\n<h2 id=\"kirjautuminen\">2. Kirjautuminen verkkopalveluihin<\/h2>\n<div class=\"video-container\"><iframe loading=\"lazy\" title=\"Mediakonserni Keskisuomalainen | Tilaajan ohjevideot: Kirjautuminen verkkopalveluun\" width=\"500\" height=\"281\" src=\"https:\/\/www.youtube.com\/embed\/eArEf4XppMM?feature=oembed\" frameborder=\"0\" allow=\"accelerometer; autoplay; clipboard-write; encrypted-media; gyroscope; picture-in-picture; web-share\" referrerpolicy=\"strict-origin-when-cross-origin\" allowfullscreen><\/iframe><\/div>\n<h2 id=\"nakkari\">3. N\u00e4k\u00f6islehden lukeminen tietokoneella<\/h2>\n<p>T\u00e4ss\u00e4 videossa kerrotaan lis\u00e4ksi,<\/p>\n<ul>\n<li>mist\u00e4 l\u00f6ytyy n\u00e4k\u00f6islehden arkisto<\/li>\n<li>miten ristikot ja sudokut voi t\u00e4ytt\u00e4\u00e4 n\u00e4k\u00f6islehdess\u00e4<\/li>\n<li>miten voi tallentaa tai tulostaa haluamansa sivun n\u00e4k\u00f6islehdest\u00e4<\/li>\n<\/ul>\n<div class=\"video-container\"><iframe loading=\"lazy\" title=\"Mediakonserni Keskisuomalainen | Tilaajan ohjevideot: N\u00e4k\u00f6islehden lukeminen tietokoneella\" width=\"500\" height=\"281\" src=\"https:\/\/www.youtube.com\/embed\/LCgxueEyBHM?feature=oembed\" frameborder=\"0\" allow=\"accelerometer; autoplay; clipboard-write; encrypted-media; gyroscope; picture-in-picture; web-share\" referrerpolicy=\"strict-origin-when-cross-origin\" allowfullscreen><\/iframe><\/div>\n<p>&nbsp;<\/p>\n<h2 id=\"osoitteenmuutos\">4. Tilap\u00e4inen osoitteenmuutos<\/h2>\n<div class=\"video-container\"><iframe loading=\"lazy\" title=\"Mediakonserni Keskisuomalainen | Tilaajan ohjevideot: Tilap\u00e4inen osoitteenmuutos\" width=\"500\" height=\"281\" src=\"https:\/\/www.youtube.com\/embed\/oCnW0X9Bvh0?feature=oembed\" frameborder=\"0\" allow=\"accelerometer; autoplay; clipboard-write; encrypted-media; gyroscope; picture-in-picture; web-share\" referrerpolicy=\"strict-origin-when-cross-origin\" allowfullscreen><\/iframe><\/div>\n<h2 id=\"jakelunkeskeytys\">5. Tilap\u00e4inen jakelunkeskeytys<\/h2>\n<div class=\"video-container\"><iframe loading=\"lazy\" title=\"Mediakonserni Keskisuomalainen | Tilaajan ohjevideot: Tilap\u00e4inen jakelunkeskeytys\" width=\"500\" height=\"281\" src=\"https:\/\/www.youtube.com\/embed\/-TZKqnKpeEs?feature=oembed\" frameborder=\"0\" allow=\"accelerometer; autoplay; clipboard-write; encrypted-media; gyroscope; picture-in-picture; web-share\" referrerpolicy=\"strict-origin-when-cross-origin\" allowfullscreen><\/iframe><\/div>\n<h2 id=\"lukuoikeus\">6. Digilukuoikeuden jakaminen<\/h2>\n<div class=\"video-container\"><iframe loading=\"lazy\" title=\"Mediakonserni Keskisuomalainen | Tilaajan ohjevideot: Digilukuoikeuden jakaminen\" width=\"500\" height=\"281\" src=\"https:\/\/www.youtube.com\/embed\/Sjdf4FZH_Fs?feature=oembed\" frameborder=\"0\" allow=\"accelerometer; autoplay; clipboard-write; encrypted-media; gyroscope; picture-in-picture; web-share\" referrerpolicy=\"strict-origin-when-cross-origin\" allowfullscreen><\/iframe><\/div>\n","protected":false},"excerpt":{"rendered":"<p>T\u00e4lt\u00e4 sivulta l\u00f6yd\u00e4t kaikki Mediakonserni Keskisuomalaisen digisis\u00e4lt\u00f6jen k\u00e4ytt\u00f6\u00e4 koskevat ohjevideot. 1. Mediatunnuksen luominen tilaaja-asiakkaana 2. Kirjautuminen verkkopalveluihin 3. N\u00e4k\u00f6islehden lukeminen tietokoneella (sis. my\u00f6s: arkisto, ristikoiden ja sudokuiden t\u00e4ytt\u00e4minen, n\u00e4k\u00f6islehden sivujen tulostus) 4. Tilap\u00e4inen osoitteenmuutos 5. Tilap\u00e4inen jakelunkeskeytys 6. Tilauksen digilukuoikeuden jakaminen &nbsp; 1. Mediatunnuksen luominen tilaaja-asiakkaana 2. Kirjautuminen verkkopalveluihin 3. N\u00e4k\u00f6islehden lukeminen tietokoneella T\u00e4ss\u00e4 videossa [&hellip;]<\/p>\n","protected":false},"author":46,"featured_media":0,"parent":0,"menu_order":0,"comment_status":"closed","ping_status":"closed","template":"","meta":{"_acf_changed":false,"footnotes":""},"class_list":["post-2007","page","type-page","status-publish","hentry"],"acf":[],"yoast_head":"<!-- This site is optimized with the Yoast SEO plugin v26.2 - https:\/\/yoast.com\/wordpress\/plugins\/seo\/ -->\n<title>Tilaajan ohjevideot - Forssan Lehti<\/title>\n<meta name=\"description\" content=\"Opastamme lehden tilaukseesi kuuluvien digipalveluiden k\u00e4yt\u00f6ss\u00e4. Katso ohjevideot mm. n\u00e4k\u00f6islehden lukemisesta, Mediatunnuksen luomisesta ja verkkopalveluun kirjautumisesta.\" \/>\n<meta name=\"robots\" content=\"index, follow, max-snippet:-1, max-image-preview:large, max-video-preview:-1\" \/>\n<link rel=\"canonical\" href=\"https:\/\/oma.media.fi\/forssan-lehti\/ohjevideot\/\" \/>\n<meta property=\"og:locale\" content=\"fi_FI\" \/>\n<meta property=\"og:type\" content=\"article\" \/>\n<meta property=\"og:title\" content=\"Tilaajan ohjevideot\" \/>\n<meta property=\"og:description\" content=\"Opastamme lehden tilaukseesi kuuluvien digipalveluiden k\u00e4yt\u00f6ss\u00e4. Katso ohjevideot mm. n\u00e4k\u00f6islehden lukemisesta, Mediatunnuksen luomisesta ja verkkopalveluun kirjautumisesta.\" \/>\n<meta property=\"og:url\" content=\"https:\/\/oma.media.fi\/forssan-lehti\/ohjevideot\/\" \/>\n<meta property=\"og:site_name\" content=\"Forssan Lehti\" \/>\n<meta property=\"article:modified_time\" content=\"2024-06-05T07:40:20+00:00\" \/>\n<meta name=\"twitter:card\" content=\"summary_large_image\" \/>\n<meta name=\"twitter:label1\" content=\"Arvioitu lukuaika\" \/>\n\t<meta name=\"twitter:data1\" content=\"1 minuutti\" \/>\n<script type=\"application\/ld+json\" class=\"yoast-schema-graph\">{\"@context\":\"https:\/\/schema.org\",\"@graph\":[{\"@type\":\"WebPage\",\"@id\":\"https:\/\/oma.media.fi\/forssan-lehti\/ohjevideot\/\",\"url\":\"https:\/\/oma.media.fi\/forssan-lehti\/ohjevideot\/\",\"name\":\"Tilaajan ohjevideot - Forssan Lehti\",\"isPartOf\":{\"@id\":\"https:\/\/oma.media.fi\/forssan-lehti\/#website\"},\"datePublished\":\"2023-02-10T09:22:23+00:00\",\"dateModified\":\"2024-06-05T07:40:20+00:00\",\"description\":\"Opastamme lehden tilaukseesi kuuluvien digipalveluiden k\u00e4yt\u00f6ss\u00e4. Katso ohjevideot mm. n\u00e4k\u00f6islehden lukemisesta, Mediatunnuksen luomisesta ja verkkopalveluun kirjautumisesta.\",\"breadcrumb\":{\"@id\":\"https:\/\/oma.media.fi\/forssan-lehti\/ohjevideot\/#breadcrumb\"},\"inLanguage\":\"fi\",\"potentialAction\":[{\"@type\":\"ReadAction\",\"target\":[\"https:\/\/oma.media.fi\/forssan-lehti\/ohjevideot\/\"]}]},{\"@type\":\"BreadcrumbList\",\"@id\":\"https:\/\/oma.media.fi\/forssan-lehti\/ohjevideot\/#breadcrumb\",\"itemListElement\":[{\"@type\":\"ListItem\",\"position\":1,\"name\":\"Etusivu\",\"item\":\"https:\/\/oma.media.fi\/forssan-lehti\/\"},{\"@type\":\"ListItem\",\"position\":2,\"name\":\"Tilaajan ohjevideot\"}]},{\"@type\":\"WebSite\",\"@id\":\"https:\/\/oma.media.fi\/forssan-lehti\/#website\",\"url\":\"https:\/\/oma.media.fi\/forssan-lehti\/\",\"name\":\"Forssan Lehti\",\"description\":\"\",\"potentialAction\":[{\"@type\":\"SearchAction\",\"target\":{\"@type\":\"EntryPoint\",\"urlTemplate\":\"https:\/\/oma.media.fi\/forssan-lehti\/?s={search_term_string}\"},\"query-input\":{\"@type\":\"PropertyValueSpecification\",\"valueRequired\":true,\"valueName\":\"search_term_string\"}}],\"inLanguage\":\"fi\"}]}<\/script>\n<!-- \/ Yoast SEO plugin. -->","yoast_head_json":{"title":"Tilaajan ohjevideot - Forssan Lehti","description":"Opastamme lehden tilaukseesi kuuluvien digipalveluiden k\u00e4yt\u00f6ss\u00e4. Katso ohjevideot mm. n\u00e4k\u00f6islehden lukemisesta, Mediatunnuksen luomisesta ja verkkopalveluun kirjautumisesta.","robots":{"index":"index","follow":"follow","max-snippet":"max-snippet:-1","max-image-preview":"max-image-preview:large","max-video-preview":"max-video-preview:-1"},"canonical":"https:\/\/oma.media.fi\/forssan-lehti\/ohjevideot\/","og_locale":"fi_FI","og_type":"article","og_title":"Tilaajan ohjevideot","og_description":"Opastamme lehden tilaukseesi kuuluvien digipalveluiden k\u00e4yt\u00f6ss\u00e4. Katso ohjevideot mm. n\u00e4k\u00f6islehden lukemisesta, Mediatunnuksen luomisesta ja verkkopalveluun kirjautumisesta.","og_url":"https:\/\/oma.media.fi\/forssan-lehti\/ohjevideot\/","og_site_name":"Forssan Lehti","article_modified_time":"2024-06-05T07:40:20+00:00","twitter_card":"summary_large_image","twitter_misc":{"Arvioitu lukuaika":"1 minuutti"},"schema":{"@context":"https:\/\/schema.org","@graph":[{"@type":"WebPage","@id":"https:\/\/oma.media.fi\/forssan-lehti\/ohjevideot\/","url":"https:\/\/oma.media.fi\/forssan-lehti\/ohjevideot\/","name":"Tilaajan ohjevideot - Forssan Lehti","isPartOf":{"@id":"https:\/\/oma.media.fi\/forssan-lehti\/#website"},"datePublished":"2023-02-10T09:22:23+00:00","dateModified":"2024-06-05T07:40:20+00:00","description":"Opastamme lehden tilaukseesi kuuluvien digipalveluiden k\u00e4yt\u00f6ss\u00e4. Katso ohjevideot mm. n\u00e4k\u00f6islehden lukemisesta, Mediatunnuksen luomisesta ja verkkopalveluun kirjautumisesta.","breadcrumb":{"@id":"https:\/\/oma.media.fi\/forssan-lehti\/ohjevideot\/#breadcrumb"},"inLanguage":"fi","potentialAction":[{"@type":"ReadAction","target":["https:\/\/oma.media.fi\/forssan-lehti\/ohjevideot\/"]}]},{"@type":"BreadcrumbList","@id":"https:\/\/oma.media.fi\/forssan-lehti\/ohjevideot\/#breadcrumb","itemListElement":[{"@type":"ListItem","position":1,"name":"Etusivu","item":"https:\/\/oma.media.fi\/forssan-lehti\/"},{"@type":"ListItem","position":2,"name":"Tilaajan ohjevideot"}]},{"@type":"WebSite","@id":"https:\/\/oma.media.fi\/forssan-lehti\/#website","url":"https:\/\/oma.media.fi\/forssan-lehti\/","name":"Forssan Lehti","description":"","potentialAction":[{"@type":"SearchAction","target":{"@type":"EntryPoint","urlTemplate":"https:\/\/oma.media.fi\/forssan-lehti\/?s={search_term_string}"},"query-input":{"@type":"PropertyValueSpecification","valueRequired":true,"valueName":"search_term_string"}}],"inLanguage":"fi"}]}},"publishpress_future_action":{"enabled":false,"date":"2026-04-21 23:51:29","action":"change-status","newStatus":"draft","terms":[],"taxonomy":"","extraData":[]},"publishpress_future_workflow_manual_trigger":{"enabledWorkflows":[]},"_links":{"self":[{"href":"https:\/\/oma.media.fi\/forssan-lehti\/wp-json\/wp\/v2\/pages\/2007","targetHints":{"allow":["GET"]}}],"collection":[{"href":"https:\/\/oma.media.fi\/forssan-lehti\/wp-json\/wp\/v2\/pages"}],"about":[{"href":"https:\/\/oma.media.fi\/forssan-lehti\/wp-json\/wp\/v2\/types\/page"}],"author":[{"embeddable":true,"href":"https:\/\/oma.media.fi\/forssan-lehti\/wp-json\/wp\/v2\/users\/46"}],"replies":[{"embeddable":true,"href":"https:\/\/oma.media.fi\/forssan-lehti\/wp-json\/wp\/v2\/comments?post=2007"}],"version-history":[{"count":15,"href":"https:\/\/oma.media.fi\/forssan-lehti\/wp-json\/wp\/v2\/pages\/2007\/revisions"}],"predecessor-version":[{"id":3794,"href":"https:\/\/oma.media.fi\/forssan-lehti\/wp-json\/wp\/v2\/pages\/2007\/revisions\/3794"}],"wp:attachment":[{"href":"https:\/\/oma.media.fi\/forssan-lehti\/wp-json\/wp\/v2\/media?parent=2007"}],"curies":[{"name":"wp","href":"https:\/\/api.w.org\/{rel}","templated":true}]}}