{"id":209,"date":"2018-11-01T11:24:48","date_gmt":"2018-11-01T08:24:48","guid":{"rendered":"https:\/\/oma.media.fi\/forssan-lehti\/tietoa-kestotilaajan-eduista\/"},"modified":"2022-08-17T14:37:19","modified_gmt":"2022-08-17T11:37:19","slug":"tietoa-kestotilaajan-eduista","status":"publish","type":"page","link":"https:\/\/oma.media.fi\/forssan-lehti\/edut\/tietoa-kestotilaajan-eduista\/","title":{"rendered":"Tietoa kestotilaajien eduista"},"content":{"rendered":"<h2>Forssan Lehden kestotilaajana saat rahanarvoisia etuja!<\/h2>\n<p>H\u00e4meen Median kestotilaajien etukortti on Etel\u00e4-Suomen Sanomien, Forssan Lehden, H\u00e4meen Sanomien, It\u00e4-H\u00e4meen ja Keski-H\u00e4meen kestotilaajien yhteinen etukortti, jolla voit hy\u00f6dynt\u00e4\u00e4 ristiin kaikki lehtiemme tarjoamat kestotilaajaedut.<\/p>\n<h2>Milloin olen oikeutettu kestotilaajan etuihin?<\/h2>\n<p>Mik\u00e4li sinulla on voimassa oleva Forssan Lehden jatkuva tilaus, olet oikeutettu tilaajaetuihimme. My\u00f6s jatkuva digitilaus oikeuttaa tilaajaetuihin. Kestotilaajana saat k\u00e4ytt\u00f6\u00f6si etukortin, jolla voit lunastaa etusi kumppaniyrityksiss\u00e4. S\u00e4hk\u00f6isiss\u00e4 asiointipalveluissa sinut tunnistetaan kestotilaajaksi, kun k\u00e4yt\u00e4t Mediatunnustasi. Mik\u00e4li sinulla ei viel\u00e4 ole Mediatunnusta, katso <a href=\"https:\/\/oma.media.fi\/mediatunnukset\/\">ohje tunnusten luomiseen t\u00e4st\u00e4.<\/a><\/p>\n<p>Jos olet m\u00e4\u00e4r\u00e4aikaistilaaja, et ole oikeutettu\u00a0kestotilaajaetuihin, mutta voit siirty\u00e4 milloin tahansa kestotilaajaksi. M\u00e4\u00e4r\u00e4aikaistilaajat voivat my\u00f6s luoda itselleen Mediatunnuksen ja hy\u00f6dynt\u00e4\u00e4 n\u00e4in verkosta l\u00f6ytyv\u00e4t tilaajan itsepalvelut ja kommentoida juttuja.<\/p>\n<h2>Mit\u00e4 saan kestotilaajana?<\/h2>\n<p>Kestotilaajana voit hy\u00f6dynt\u00e4\u00e4 etuasiakkuuttasi etukortilla alueen tapahtumissa ja alueen liikkeiss\u00e4. Kestotilaajana sinulla on my\u00f6s mahdollisuus kokea el\u00e4myksi\u00e4, joita muuten ei ole tarjolla, esimerkiksi lukijamatkoilla.<\/p>\n<p>Etukorttia voit hy\u00f6dynt\u00e4\u00e4 my\u00f6s kumppaniyrityksiss\u00e4mme, jotka tarjoavat kuukausittain tarjouksia ja muita rahanarvoisia etuja tuotteistaan ja palveluistaan. Kestotilaajana saat etuja my\u00f6s lukuisista lehtiemme tilaus- ja ilmoitustuotteista.<\/p>\n<p><a class=\"button\" href=\"https:\/\/oma.media.fi\/forssan-lehti\/edut\/\" target=\"_blank\" rel=\"noopener\">Katso voimassa olevat kestotilaajan edut t\u00e4st\u00e4!<\/a><\/p>\n<h2>Miten saan kestotilaajan etukortin?<\/h2>\n<p>Toimitamme etukortteja kestotilaajillemme kootusti kolmesti vuodessa: voimassa oleville tilauksille vuoden vaihteen j\u00e4lkeen, uusille kestotilaajille loppukev\u00e4\u00e4st\u00e4 ja syksyll\u00e4.<\/p>\n<p>Jos etukorttisi on kadonnut, saat uuden k\u00e4ym\u00e4ll\u00e4 asiakaspalvelussamme tai pyyt\u00e4m\u00e4ll\u00e4 asiakaspalveluamme postittamaan sen. Katso yhteystiedot\u00a0<a href=\"https:\/\/oma.media.fi\/forssan-lehti\/yhteystiedot\/\" target=\"_blank\" rel=\"noopener\">t\u00e4\u00e4lt\u00e4<\/a>.<\/p>\n","protected":false},"excerpt":{"rendered":"<p>Forssan Lehden kestotilaajana saat rahanarvoisia etuja! H\u00e4meen Median kestotilaajien etukortti on Etel\u00e4-Suomen Sanomien, Forssan Lehden, H\u00e4meen Sanomien, It\u00e4-H\u00e4meen ja Keski-H\u00e4meen kestotilaajien yhteinen etukortti, jolla voit hy\u00f6dynt\u00e4\u00e4 ristiin kaikki lehtiemme tarjoamat kestotilaajaedut. Milloin olen oikeutettu kestotilaajan etuihin? Mik\u00e4li sinulla on voimassa oleva Forssan Lehden jatkuva tilaus, olet oikeutettu tilaajaetuihimme. My\u00f6s jatkuva digitilaus oikeuttaa tilaajaetuihin. Kestotilaajana saat [&hellip;]<\/p>\n","protected":false},"author":1,"featured_media":943,"parent":357,"menu_order":0,"comment_status":"closed","ping_status":"closed","template":"","meta":{"_acf_changed":false,"footnotes":""},"class_list":["post-209","page","type-page","status-publish","has-post-thumbnail","hentry"],"acf":[],"yoast_head":"<!-- This site is optimized with the Yoast SEO plugin v26.2 - https:\/\/yoast.com\/wordpress\/plugins\/seo\/ -->\n<title>Tietoa kestotilaajien eduista - Forssan Lehti<\/title>\n<meta name=\"robots\" content=\"index, follow, max-snippet:-1, max-image-preview:large, max-video-preview:-1\" \/>\n<link rel=\"canonical\" href=\"https:\/\/oma.media.fi\/forssan-lehti\/edut\/tietoa-kestotilaajan-eduista\/\" \/>\n<meta property=\"og:locale\" content=\"fi_FI\" \/>\n<meta property=\"og:type\" content=\"article\" \/>\n<meta property=\"og:title\" content=\"Tietoa kestotilaajien eduista\" \/>\n<meta property=\"og:description\" content=\"Forssan Lehden kestotilaajana saat rahanarvoisia etuja! H\u00e4meen Median kestotilaajien etukortti on Etel\u00e4-Suomen Sanomien, Forssan Lehden, H\u00e4meen Sanomien, It\u00e4-H\u00e4meen ja Keski-H\u00e4meen kestotilaajien yhteinen etukortti, jolla voit hy\u00f6dynt\u00e4\u00e4 ristiin kaikki lehtiemme tarjoamat kestotilaajaedut. Milloin olen oikeutettu kestotilaajan etuihin? Mik\u00e4li sinulla on voimassa oleva Forssan Lehden jatkuva tilaus, olet oikeutettu tilaajaetuihimme. My\u00f6s jatkuva digitilaus oikeuttaa tilaajaetuihin. Kestotilaajana saat [&hellip;]\" \/>\n<meta property=\"og:url\" content=\"https:\/\/oma.media.fi\/forssan-lehti\/edut\/tietoa-kestotilaajan-eduista\/\" \/>\n<meta property=\"og:site_name\" content=\"Forssan Lehti\" \/>\n<meta property=\"article:modified_time\" content=\"2022-08-17T11:37:19+00:00\" \/>\n<meta property=\"og:image\" content=\"https:\/\/oma.media.fi\/forssan-lehti\/wp-content\/uploads\/sites\/53\/2022\/08\/ETUkortti_kestotilaus_810x260px.jpg\" \/>\n\t<meta property=\"og:image:width\" content=\"810\" \/>\n\t<meta property=\"og:image:height\" content=\"260\" \/>\n\t<meta property=\"og:image:type\" content=\"image\/jpeg\" \/>\n<meta name=\"twitter:card\" content=\"summary_large_image\" \/>\n<meta name=\"twitter:label1\" content=\"Arvioitu lukuaika\" \/>\n\t<meta name=\"twitter:data1\" content=\"2 minuuttia\" \/>\n<script type=\"application\/ld+json\" class=\"yoast-schema-graph\">{\"@context\":\"https:\/\/schema.org\",\"@graph\":[{\"@type\":\"WebPage\",\"@id\":\"https:\/\/oma.media.fi\/forssan-lehti\/edut\/tietoa-kestotilaajan-eduista\/\",\"url\":\"https:\/\/oma.media.fi\/forssan-lehti\/edut\/tietoa-kestotilaajan-eduista\/\",\"name\":\"Tietoa kestotilaajien eduista - Forssan Lehti\",\"isPartOf\":{\"@id\":\"https:\/\/oma.media.fi\/forssan-lehti\/#website\"},\"primaryImageOfPage\":{\"@id\":\"https:\/\/oma.media.fi\/forssan-lehti\/edut\/tietoa-kestotilaajan-eduista\/#primaryimage\"},\"image\":{\"@id\":\"https:\/\/oma.media.fi\/forssan-lehti\/edut\/tietoa-kestotilaajan-eduista\/#primaryimage\"},\"thumbnailUrl\":\"https:\/\/oma.media.fi\/forssan-lehti\/wp-content\/uploads\/sites\/53\/2022\/08\/ETUkortti_kestotilaus_810x260px.jpg\",\"datePublished\":\"2018-11-01T08:24:48+00:00\",\"dateModified\":\"2022-08-17T11:37:19+00:00\",\"breadcrumb\":{\"@id\":\"https:\/\/oma.media.fi\/forssan-lehti\/edut\/tietoa-kestotilaajan-eduista\/#breadcrumb\"},\"inLanguage\":\"fi\",\"potentialAction\":[{\"@type\":\"ReadAction\",\"target\":[\"https:\/\/oma.media.fi\/forssan-lehti\/edut\/tietoa-kestotilaajan-eduista\/\"]}]},{\"@type\":\"ImageObject\",\"inLanguage\":\"fi\",\"@id\":\"https:\/\/oma.media.fi\/forssan-lehti\/edut\/tietoa-kestotilaajan-eduista\/#primaryimage\",\"url\":\"https:\/\/oma.media.fi\/forssan-lehti\/wp-content\/uploads\/sites\/53\/2022\/08\/ETUkortti_kestotilaus_810x260px.jpg\",\"contentUrl\":\"https:\/\/oma.media.fi\/forssan-lehti\/wp-content\/uploads\/sites\/53\/2022\/08\/ETUkortti_kestotilaus_810x260px.jpg\",\"width\":810,\"height\":260},{\"@type\":\"BreadcrumbList\",\"@id\":\"https:\/\/oma.media.fi\/forssan-lehti\/edut\/tietoa-kestotilaajan-eduista\/#breadcrumb\",\"itemListElement\":[{\"@type\":\"ListItem\",\"position\":1,\"name\":\"Etusivu\",\"item\":\"https:\/\/oma.media.fi\/forssan-lehti\/\"},{\"@type\":\"ListItem\",\"position\":2,\"name\":\"Tilaajan edut\",\"item\":\"https:\/\/oma.media.fi\/forssan-lehti\/edut\/\"},{\"@type\":\"ListItem\",\"position\":3,\"name\":\"Tietoa kestotilaajien eduista\"}]},{\"@type\":\"WebSite\",\"@id\":\"https:\/\/oma.media.fi\/forssan-lehti\/#website\",\"url\":\"https:\/\/oma.media.fi\/forssan-lehti\/\",\"name\":\"Forssan Lehti\",\"description\":\"\",\"potentialAction\":[{\"@type\":\"SearchAction\",\"target\":{\"@type\":\"EntryPoint\",\"urlTemplate\":\"https:\/\/oma.media.fi\/forssan-lehti\/?s={search_term_string}\"},\"query-input\":{\"@type\":\"PropertyValueSpecification\",\"valueRequired\":true,\"valueName\":\"search_term_string\"}}],\"inLanguage\":\"fi\"}]}<\/script>\n<!-- \/ Yoast SEO plugin. -->","yoast_head_json":{"title":"Tietoa kestotilaajien eduista - Forssan Lehti","robots":{"index":"index","follow":"follow","max-snippet":"max-snippet:-1","max-image-preview":"max-image-preview:large","max-video-preview":"max-video-preview:-1"},"canonical":"https:\/\/oma.media.fi\/forssan-lehti\/edut\/tietoa-kestotilaajan-eduista\/","og_locale":"fi_FI","og_type":"article","og_title":"Tietoa kestotilaajien eduista","og_description":"Forssan Lehden kestotilaajana saat rahanarvoisia etuja! H\u00e4meen Median kestotilaajien etukortti on Etel\u00e4-Suomen Sanomien, Forssan Lehden, H\u00e4meen Sanomien, It\u00e4-H\u00e4meen ja Keski-H\u00e4meen kestotilaajien yhteinen etukortti, jolla voit hy\u00f6dynt\u00e4\u00e4 ristiin kaikki lehtiemme tarjoamat kestotilaajaedut. Milloin olen oikeutettu kestotilaajan etuihin? Mik\u00e4li sinulla on voimassa oleva Forssan Lehden jatkuva tilaus, olet oikeutettu tilaajaetuihimme. My\u00f6s jatkuva digitilaus oikeuttaa tilaajaetuihin. Kestotilaajana saat [&hellip;]","og_url":"https:\/\/oma.media.fi\/forssan-lehti\/edut\/tietoa-kestotilaajan-eduista\/","og_site_name":"Forssan Lehti","article_modified_time":"2022-08-17T11:37:19+00:00","og_image":[{"width":810,"height":260,"url":"https:\/\/oma.media.fi\/forssan-lehti\/wp-content\/uploads\/sites\/53\/2022\/08\/ETUkortti_kestotilaus_810x260px.jpg","type":"image\/jpeg"}],"twitter_card":"summary_large_image","twitter_misc":{"Arvioitu lukuaika":"2 minuuttia"},"schema":{"@context":"https:\/\/schema.org","@graph":[{"@type":"WebPage","@id":"https:\/\/oma.media.fi\/forssan-lehti\/edut\/tietoa-kestotilaajan-eduista\/","url":"https:\/\/oma.media.fi\/forssan-lehti\/edut\/tietoa-kestotilaajan-eduista\/","name":"Tietoa kestotilaajien eduista - Forssan Lehti","isPartOf":{"@id":"https:\/\/oma.media.fi\/forssan-lehti\/#website"},"primaryImageOfPage":{"@id":"https:\/\/oma.media.fi\/forssan-lehti\/edut\/tietoa-kestotilaajan-eduista\/#primaryimage"},"image":{"@id":"https:\/\/oma.media.fi\/forssan-lehti\/edut\/tietoa-kestotilaajan-eduista\/#primaryimage"},"thumbnailUrl":"https:\/\/oma.media.fi\/forssan-lehti\/wp-content\/uploads\/sites\/53\/2022\/08\/ETUkortti_kestotilaus_810x260px.jpg","datePublished":"2018-11-01T08:24:48+00:00","dateModified":"2022-08-17T11:37:19+00:00","breadcrumb":{"@id":"https:\/\/oma.media.fi\/forssan-lehti\/edut\/tietoa-kestotilaajan-eduista\/#breadcrumb"},"inLanguage":"fi","potentialAction":[{"@type":"ReadAction","target":["https:\/\/oma.media.fi\/forssan-lehti\/edut\/tietoa-kestotilaajan-eduista\/"]}]},{"@type":"ImageObject","inLanguage":"fi","@id":"https:\/\/oma.media.fi\/forssan-lehti\/edut\/tietoa-kestotilaajan-eduista\/#primaryimage","url":"https:\/\/oma.media.fi\/forssan-lehti\/wp-content\/uploads\/sites\/53\/2022\/08\/ETUkortti_kestotilaus_810x260px.jpg","contentUrl":"https:\/\/oma.media.fi\/forssan-lehti\/wp-content\/uploads\/sites\/53\/2022\/08\/ETUkortti_kestotilaus_810x260px.jpg","width":810,"height":260},{"@type":"BreadcrumbList","@id":"https:\/\/oma.media.fi\/forssan-lehti\/edut\/tietoa-kestotilaajan-eduista\/#breadcrumb","itemListElement":[{"@type":"ListItem","position":1,"name":"Etusivu","item":"https:\/\/oma.media.fi\/forssan-lehti\/"},{"@type":"ListItem","position":2,"name":"Tilaajan edut","item":"https:\/\/oma.media.fi\/forssan-lehti\/edut\/"},{"@type":"ListItem","position":3,"name":"Tietoa kestotilaajien eduista"}]},{"@type":"WebSite","@id":"https:\/\/oma.media.fi\/forssan-lehti\/#website","url":"https:\/\/oma.media.fi\/forssan-lehti\/","name":"Forssan Lehti","description":"","potentialAction":[{"@type":"SearchAction","target":{"@type":"EntryPoint","urlTemplate":"https:\/\/oma.media.fi\/forssan-lehti\/?s={search_term_string}"},"query-input":{"@type":"PropertyValueSpecification","valueRequired":true,"valueName":"search_term_string"}}],"inLanguage":"fi"}]}},"publishpress_future_action":{"enabled":false,"date":"2026-04-22 23:18:44","action":"change-status","newStatus":"draft","terms":[],"taxonomy":"","extraData":[]},"publishpress_future_workflow_manual_trigger":{"enabledWorkflows":[]},"_links":{"self":[{"href":"https:\/\/oma.media.fi\/forssan-lehti\/wp-json\/wp\/v2\/pages\/209","targetHints":{"allow":["GET"]}}],"collection":[{"href":"https:\/\/oma.media.fi\/forssan-lehti\/wp-json\/wp\/v2\/pages"}],"about":[{"href":"https:\/\/oma.media.fi\/forssan-lehti\/wp-json\/wp\/v2\/types\/page"}],"author":[{"embeddable":true,"href":"https:\/\/oma.media.fi\/forssan-lehti\/wp-json\/wp\/v2\/users\/1"}],"replies":[{"embeddable":true,"href":"https:\/\/oma.media.fi\/forssan-lehti\/wp-json\/wp\/v2\/comments?post=209"}],"version-history":[{"count":6,"href":"https:\/\/oma.media.fi\/forssan-lehti\/wp-json\/wp\/v2\/pages\/209\/revisions"}],"predecessor-version":[{"id":950,"href":"https:\/\/oma.media.fi\/forssan-lehti\/wp-json\/wp\/v2\/pages\/209\/revisions\/950"}],"up":[{"embeddable":true,"href":"https:\/\/oma.media.fi\/forssan-lehti\/wp-json\/wp\/v2\/pages\/357"}],"wp:featuredmedia":[{"embeddable":true,"href":"https:\/\/oma.media.fi\/forssan-lehti\/wp-json\/wp\/v2\/media\/943"}],"wp:attachment":[{"href":"https:\/\/oma.media.fi\/forssan-lehti\/wp-json\/wp\/v2\/media?parent=209"}],"curies":[{"name":"wp","href":"https:\/\/api.w.org\/{rel}","templated":true}]}}