{"id":2092,"date":"2022-10-04T09:18:56","date_gmt":"2022-10-04T06:18:56","guid":{"rendered":"https:\/\/oma.media.fi\/forssan-lehti\/lasku-joustaa\/"},"modified":"2022-10-04T09:18:56","modified_gmt":"2022-10-04T06:18:56","slug":"lasku-joustaa","status":"publish","type":"page","link":"https:\/\/oma.media.fi\/forssan-lehti\/lasku-joustaa\/","title":{"rendered":"Lasku joustaa"},"content":{"rendered":"<p>Tiesitk\u00f6, ett\u00e4 voit muokata tilauslaskutustasi itsellesi sopivaksi usealla eri tavalla? Laskusi joustaa, jotta sin\u00e4 tied\u00e4t jatkossakin, mit\u00e4 ymp\u00e4rill\u00e4si tapahtuu ja mist\u00e4 puhutaan.<\/p>\n<p>&nbsp;<\/p>\n<h2>Voit muokata laskutustasi seuraavin keinoin:<\/h2>\n<ul>\n<li><strong>Tilauslaskun maksuer\u00e4n pienent\u00e4minen<\/strong><\/li>\n<\/ul>\n<p style=\"padding-left: 40px;\">Jatkuvan tilauksen maksut voi jakaa lyhyempiin maksuv\u00e4leihin, ja t\u00e4ll\u00f6in kertamaksu on pienempi. Mahdollisuutta voi k\u00e4ytt\u00e4\u00e4 avoinna olevaan tai tulevaan laskuun, ja laskun voi jakaa pienimmill\u00e4\u00e4n 2 kk jaksoihin.<\/p>\n<p>&nbsp;<\/p>\n<ul>\n<li><strong>Er\u00e4p\u00e4iv\u00e4n siirt\u00e4minen<\/strong><\/li>\n<\/ul>\n<p style=\"padding-left: 40px;\">Voit muuttaa laskusi er\u00e4p\u00e4iv\u00e4\u00e4 helpoiten k\u00e4ytt\u00e4j\u00e4tilisi Omat tiedot -osiossa\u00a0<a href=\"https:\/\/media-ssp.worldoftulo.com\/Invoice\" target=\"_blank\" rel=\"noopener\"><strong>Avoimet laskut<\/strong><\/a>-painikkeesta. Sielt\u00e4 l\u00f6yd\u00e4t Muuta er\u00e4p\u00e4iv\u00e4\u00e4 -kohdan, jossa p\u00e4\u00e4set muokkaamaan er\u00e4p\u00e4iv\u00e4\u00e4. Voit siirt\u00e4\u00e4 er\u00e4p\u00e4iv\u00e4\u00e4 yhden kerran enint\u00e4\u00e4n 2 viikkoa \/ lasku.<\/p>\n<p style=\"padding-left: 40px;\">Er\u00e4p\u00e4iv\u00e4n siirrosta ja maksusuunnitelmista voit my\u00f6s keskustella asiakaspalvelumme kanssa. Katso asiakaspalvelun yhteystiedot\u00a0<a href=\"https:\/\/oma.media.fi\/forssan-lehti\/yhteystiedot\/\">t\u00e4\u00e4lt\u00e4<\/a>.<\/p>\n<p>&nbsp;<\/p>\n<ul>\n<li><strong>Tilauksen v\u00e4liaikainen keskeytt\u00e4minen<\/strong><\/li>\n<\/ul>\n<p style=\"padding-left: 40px;\">Voimme keskeytt\u00e4\u00e4 tilauksesi jopa 3 kuukaudeksi tilaamastasi lehdest\u00e4 riippuen. Kestotilaajana keskeytys hyvitet\u00e4\u00e4n tilausjaksosi loppuun. Lis\u00e4tietoja jakelunkeskeytyksist\u00e4 l\u00f6yd\u00e4 <a href=\"https:\/\/oma.media.fi\/forssan-lehti\/jakelunkeskeytysehdot\/\"><u>t\u00e4\u00e4lt\u00e4<\/u><\/a>. Muistathan, ett\u00e4 voit my\u00f6s tehd\u00e4 tilap\u00e4isen osoitteenmuutoksen.<\/p>\n<p>&nbsp;<\/p>\n<p><strong>Ota yhteytt\u00e4 omaan <a href=\"https:\/\/oma.media.fi\/forssan-lehti\/yhteystiedot\/\">asiakaspalveluusi<\/a>, <\/strong><strong>niin laitetaan laskuasiat kuntoon!<\/strong><\/p>\n<p>&nbsp;<\/p>\n<p>Lis\u00e4tietoa tilauslaskutuksesta ja mm. maksuttoman s\u00e4hk\u00f6isen laskun k\u00e4ytt\u00f6\u00f6notosta <a href=\"https:\/\/oma.media.fi\/forssan-lehti\/tilauslaskutus\/\">t\u00e4\u00e4ll\u00e4<\/a>.<\/p>\n<p>&nbsp;<\/p>\n","protected":false},"excerpt":{"rendered":"<p>Tiesitk\u00f6, ett\u00e4 voit muokata tilauslaskutustasi itsellesi sopivaksi usealla eri tavalla? Laskusi joustaa, jotta sin\u00e4 tied\u00e4t jatkossakin, mit\u00e4 ymp\u00e4rill\u00e4si tapahtuu ja mist\u00e4 puhutaan. &nbsp; Voit muokata laskutustasi seuraavin keinoin: Tilauslaskun maksuer\u00e4n pienent\u00e4minen Jatkuvan tilauksen maksut voi jakaa lyhyempiin maksuv\u00e4leihin, ja t\u00e4ll\u00f6in kertamaksu on pienempi. Mahdollisuutta voi k\u00e4ytt\u00e4\u00e4 avoinna olevaan tai tulevaan laskuun, ja laskun voi jakaa [&hellip;]<\/p>\n","protected":false},"author":46,"featured_media":2093,"parent":0,"menu_order":0,"comment_status":"closed","ping_status":"closed","template":"","meta":{"_acf_changed":false,"footnotes":""},"class_list":["post-2092","page","type-page","status-publish","has-post-thumbnail","hentry"],"acf":[],"yoast_head":"<!-- This site is optimized with the Yoast SEO plugin v26.2 - https:\/\/yoast.com\/wordpress\/plugins\/seo\/ -->\n<title>Lasku joustaa - Forssan Lehti<\/title>\n<meta name=\"robots\" content=\"index, follow, max-snippet:-1, max-image-preview:large, max-video-preview:-1\" \/>\n<link rel=\"canonical\" href=\"https:\/\/oma.media.fi\/forssan-lehti\/lasku-joustaa\/\" \/>\n<meta property=\"og:locale\" content=\"fi_FI\" \/>\n<meta property=\"og:type\" content=\"article\" \/>\n<meta property=\"og:title\" content=\"Lasku joustaa\" \/>\n<meta property=\"og:description\" content=\"Tiesitk\u00f6, ett\u00e4 voit muokata tilauslaskutustasi itsellesi sopivaksi usealla eri tavalla? Laskusi joustaa, jotta sin\u00e4 tied\u00e4t jatkossakin, mit\u00e4 ymp\u00e4rill\u00e4si tapahtuu ja mist\u00e4 puhutaan. &nbsp; Voit muokata laskutustasi seuraavin keinoin: Tilauslaskun maksuer\u00e4n pienent\u00e4minen Jatkuvan tilauksen maksut voi jakaa lyhyempiin maksuv\u00e4leihin, ja t\u00e4ll\u00f6in kertamaksu on pienempi. Mahdollisuutta voi k\u00e4ytt\u00e4\u00e4 avoinna olevaan tai tulevaan laskuun, ja laskun voi jakaa [&hellip;]\" \/>\n<meta property=\"og:url\" content=\"https:\/\/oma.media.fi\/forssan-lehti\/lasku-joustaa\/\" \/>\n<meta property=\"og:site_name\" content=\"Forssan Lehti\" \/>\n<meta property=\"og:image\" content=\"https:\/\/oma.media.fi\/forssan-lehti\/wp-content\/uploads\/sites\/53\/2023\/03\/810x260_Lasku_joustaa.jpg\" \/>\n\t<meta property=\"og:image:width\" content=\"810\" \/>\n\t<meta property=\"og:image:height\" content=\"260\" \/>\n\t<meta property=\"og:image:type\" content=\"image\/jpeg\" \/>\n<meta name=\"twitter:card\" content=\"summary_large_image\" \/>\n<meta name=\"twitter:label1\" content=\"Arvioitu lukuaika\" \/>\n\t<meta name=\"twitter:data1\" content=\"1 minuutti\" \/>\n<script type=\"application\/ld+json\" class=\"yoast-schema-graph\">{\"@context\":\"https:\/\/schema.org\",\"@graph\":[{\"@type\":\"WebPage\",\"@id\":\"https:\/\/oma.media.fi\/forssan-lehti\/lasku-joustaa\/\",\"url\":\"https:\/\/oma.media.fi\/forssan-lehti\/lasku-joustaa\/\",\"name\":\"Lasku joustaa - Forssan Lehti\",\"isPartOf\":{\"@id\":\"https:\/\/oma.media.fi\/forssan-lehti\/#website\"},\"primaryImageOfPage\":{\"@id\":\"https:\/\/oma.media.fi\/forssan-lehti\/lasku-joustaa\/#primaryimage\"},\"image\":{\"@id\":\"https:\/\/oma.media.fi\/forssan-lehti\/lasku-joustaa\/#primaryimage\"},\"thumbnailUrl\":\"https:\/\/oma.media.fi\/forssan-lehti\/wp-content\/uploads\/sites\/53\/2023\/03\/810x260_Lasku_joustaa.jpg\",\"datePublished\":\"2022-10-04T06:18:56+00:00\",\"breadcrumb\":{\"@id\":\"https:\/\/oma.media.fi\/forssan-lehti\/lasku-joustaa\/#breadcrumb\"},\"inLanguage\":\"fi\",\"potentialAction\":[{\"@type\":\"ReadAction\",\"target\":[\"https:\/\/oma.media.fi\/forssan-lehti\/lasku-joustaa\/\"]}]},{\"@type\":\"ImageObject\",\"inLanguage\":\"fi\",\"@id\":\"https:\/\/oma.media.fi\/forssan-lehti\/lasku-joustaa\/#primaryimage\",\"url\":\"https:\/\/oma.media.fi\/forssan-lehti\/wp-content\/uploads\/sites\/53\/2023\/03\/810x260_Lasku_joustaa.jpg\",\"contentUrl\":\"https:\/\/oma.media.fi\/forssan-lehti\/wp-content\/uploads\/sites\/53\/2023\/03\/810x260_Lasku_joustaa.jpg\",\"width\":810,\"height\":260},{\"@type\":\"BreadcrumbList\",\"@id\":\"https:\/\/oma.media.fi\/forssan-lehti\/lasku-joustaa\/#breadcrumb\",\"itemListElement\":[{\"@type\":\"ListItem\",\"position\":1,\"name\":\"Etusivu\",\"item\":\"https:\/\/oma.media.fi\/forssan-lehti\/\"},{\"@type\":\"ListItem\",\"position\":2,\"name\":\"Lasku joustaa\"}]},{\"@type\":\"WebSite\",\"@id\":\"https:\/\/oma.media.fi\/forssan-lehti\/#website\",\"url\":\"https:\/\/oma.media.fi\/forssan-lehti\/\",\"name\":\"Forssan Lehti\",\"description\":\"\",\"potentialAction\":[{\"@type\":\"SearchAction\",\"target\":{\"@type\":\"EntryPoint\",\"urlTemplate\":\"https:\/\/oma.media.fi\/forssan-lehti\/?s={search_term_string}\"},\"query-input\":{\"@type\":\"PropertyValueSpecification\",\"valueRequired\":true,\"valueName\":\"search_term_string\"}}],\"inLanguage\":\"fi\"}]}<\/script>\n<!-- \/ Yoast SEO plugin. -->","yoast_head_json":{"title":"Lasku joustaa - Forssan Lehti","robots":{"index":"index","follow":"follow","max-snippet":"max-snippet:-1","max-image-preview":"max-image-preview:large","max-video-preview":"max-video-preview:-1"},"canonical":"https:\/\/oma.media.fi\/forssan-lehti\/lasku-joustaa\/","og_locale":"fi_FI","og_type":"article","og_title":"Lasku joustaa","og_description":"Tiesitk\u00f6, ett\u00e4 voit muokata tilauslaskutustasi itsellesi sopivaksi usealla eri tavalla? Laskusi joustaa, jotta sin\u00e4 tied\u00e4t jatkossakin, mit\u00e4 ymp\u00e4rill\u00e4si tapahtuu ja mist\u00e4 puhutaan. &nbsp; Voit muokata laskutustasi seuraavin keinoin: Tilauslaskun maksuer\u00e4n pienent\u00e4minen Jatkuvan tilauksen maksut voi jakaa lyhyempiin maksuv\u00e4leihin, ja t\u00e4ll\u00f6in kertamaksu on pienempi. Mahdollisuutta voi k\u00e4ytt\u00e4\u00e4 avoinna olevaan tai tulevaan laskuun, ja laskun voi jakaa [&hellip;]","og_url":"https:\/\/oma.media.fi\/forssan-lehti\/lasku-joustaa\/","og_site_name":"Forssan Lehti","og_image":[{"width":810,"height":260,"url":"https:\/\/oma.media.fi\/forssan-lehti\/wp-content\/uploads\/sites\/53\/2023\/03\/810x260_Lasku_joustaa.jpg","type":"image\/jpeg"}],"twitter_card":"summary_large_image","twitter_misc":{"Arvioitu lukuaika":"1 minuutti"},"schema":{"@context":"https:\/\/schema.org","@graph":[{"@type":"WebPage","@id":"https:\/\/oma.media.fi\/forssan-lehti\/lasku-joustaa\/","url":"https:\/\/oma.media.fi\/forssan-lehti\/lasku-joustaa\/","name":"Lasku joustaa - Forssan Lehti","isPartOf":{"@id":"https:\/\/oma.media.fi\/forssan-lehti\/#website"},"primaryImageOfPage":{"@id":"https:\/\/oma.media.fi\/forssan-lehti\/lasku-joustaa\/#primaryimage"},"image":{"@id":"https:\/\/oma.media.fi\/forssan-lehti\/lasku-joustaa\/#primaryimage"},"thumbnailUrl":"https:\/\/oma.media.fi\/forssan-lehti\/wp-content\/uploads\/sites\/53\/2023\/03\/810x260_Lasku_joustaa.jpg","datePublished":"2022-10-04T06:18:56+00:00","breadcrumb":{"@id":"https:\/\/oma.media.fi\/forssan-lehti\/lasku-joustaa\/#breadcrumb"},"inLanguage":"fi","potentialAction":[{"@type":"ReadAction","target":["https:\/\/oma.media.fi\/forssan-lehti\/lasku-joustaa\/"]}]},{"@type":"ImageObject","inLanguage":"fi","@id":"https:\/\/oma.media.fi\/forssan-lehti\/lasku-joustaa\/#primaryimage","url":"https:\/\/oma.media.fi\/forssan-lehti\/wp-content\/uploads\/sites\/53\/2023\/03\/810x260_Lasku_joustaa.jpg","contentUrl":"https:\/\/oma.media.fi\/forssan-lehti\/wp-content\/uploads\/sites\/53\/2023\/03\/810x260_Lasku_joustaa.jpg","width":810,"height":260},{"@type":"BreadcrumbList","@id":"https:\/\/oma.media.fi\/forssan-lehti\/lasku-joustaa\/#breadcrumb","itemListElement":[{"@type":"ListItem","position":1,"name":"Etusivu","item":"https:\/\/oma.media.fi\/forssan-lehti\/"},{"@type":"ListItem","position":2,"name":"Lasku joustaa"}]},{"@type":"WebSite","@id":"https:\/\/oma.media.fi\/forssan-lehti\/#website","url":"https:\/\/oma.media.fi\/forssan-lehti\/","name":"Forssan Lehti","description":"","potentialAction":[{"@type":"SearchAction","target":{"@type":"EntryPoint","urlTemplate":"https:\/\/oma.media.fi\/forssan-lehti\/?s={search_term_string}"},"query-input":{"@type":"PropertyValueSpecification","valueRequired":true,"valueName":"search_term_string"}}],"inLanguage":"fi"}]}},"publishpress_future_action":{"enabled":false,"date":"2026-04-22 01:40:04","action":"change-status","newStatus":"draft","terms":[],"taxonomy":"","extraData":[]},"publishpress_future_workflow_manual_trigger":{"enabledWorkflows":[]},"_links":{"self":[{"href":"https:\/\/oma.media.fi\/forssan-lehti\/wp-json\/wp\/v2\/pages\/2092","targetHints":{"allow":["GET"]}}],"collection":[{"href":"https:\/\/oma.media.fi\/forssan-lehti\/wp-json\/wp\/v2\/pages"}],"about":[{"href":"https:\/\/oma.media.fi\/forssan-lehti\/wp-json\/wp\/v2\/types\/page"}],"author":[{"embeddable":true,"href":"https:\/\/oma.media.fi\/forssan-lehti\/wp-json\/wp\/v2\/users\/46"}],"replies":[{"embeddable":true,"href":"https:\/\/oma.media.fi\/forssan-lehti\/wp-json\/wp\/v2\/comments?post=2092"}],"version-history":[{"count":3,"href":"https:\/\/oma.media.fi\/forssan-lehti\/wp-json\/wp\/v2\/pages\/2092\/revisions"}],"predecessor-version":[{"id":3864,"href":"https:\/\/oma.media.fi\/forssan-lehti\/wp-json\/wp\/v2\/pages\/2092\/revisions\/3864"}],"wp:featuredmedia":[{"embeddable":true,"href":"https:\/\/oma.media.fi\/forssan-lehti\/wp-json\/wp\/v2\/media\/2093"}],"wp:attachment":[{"href":"https:\/\/oma.media.fi\/forssan-lehti\/wp-json\/wp\/v2\/media?parent=2092"}],"curies":[{"name":"wp","href":"https:\/\/api.w.org\/{rel}","templated":true}]}}