{"id":271,"date":"2022-01-20T14:27:02","date_gmt":"2022-01-20T12:27:02","guid":{"rendered":"https:\/\/oma.media.fi\/forssan-lehti\/verkkopalvelu\/"},"modified":"2023-12-20T13:51:30","modified_gmt":"2023-12-20T11:51:30","slug":"verkkopalvelu","status":"publish","type":"page","link":"https:\/\/oma.media.fi\/forssan-lehti\/verkkopalvelu\/","title":{"rendered":"Verkkopalvelu"},"content":{"rendered":"<p><em style=\"font-size: 1.3rem;color: #666\"><a href=\"http:\/\/Forssanlehti.fi\">Forssanlehti.fi-verkkopalvelustamme<\/a> l\u00f6yd\u00e4t aina tuoreimmat juttumme. Julkaisemme my\u00f6s ajankohtaisiin aiheisiin liittyvi\u00e4 lis\u00e4sis\u00e4lt\u00f6j\u00e4, kuten vaali- ja verokoneita, livestreameja sek\u00e4 videoita. Verkkopalvelustamme l\u00f6yd\u00e4t my\u00f6s n\u00e4k\u00f6islehtemme.<\/em><\/p>\n<hr \/>\n<h2><strong>L\u00f6yd\u00e4 mielenkiintoisimmat uutiset etusivun runsaasta tarjonnasta<\/strong><\/h2>\n<p>Kaikista ajankohtaisimmat ja kiinnostavimmat jutut l\u00f6yd\u00e4t suoraan verkkopalvelumme etusivulta. Eri aihealueet ovat kasattuna omiin lohkoihinsa, jolloin l\u00f6yd\u00e4t helposti juuri sinua kiinnostavat uutiset. Lohkojako mahdollistaa my\u00f6s useamman uutisen nostamisen etusivulle, jotta kaikki t\u00e4rkeimm\u00e4t uutiset p\u00e4\u00e4sev\u00e4t n\u00e4kyville. Yl\u00e4reunan sis\u00e4lt\u00f6valikon kautta voit my\u00f6s hakea mieleisesi osaston, esimerkiksi luetuimmat, paikalliset uutiset tai urheiluosion.<\/p>\n<h2>Osallistu keskusteluun ja kommentoi<\/h2>\n<p>Mit\u00e4 tunteita juttu her\u00e4tti? Oletko samaa mielt\u00e4 tai haluatko ottaa kantaa? J\u00e4t\u00e4 kommentti ja keskustele! Kommentointi vaatii kirjautumisen sis\u00e4\u00e4n Mediatunnuksella sek\u00e4 voimassa olevan tilauksen. Ilman tilausta ei voi kommentoida juttuja, vaikka ne olisivat maksuttomia.<\/p>\n<hr \/>\n<h2>Kirjaudu sis\u00e4\u00e4n Mediatunnuksellasi<\/h2>\n<p>Verkkopalvelumme uutisia sek\u00e4 muita tilaukseesi sis\u00e4ltyvi\u00e4 digisis\u00e4lt\u00f6j\u00e4 p\u00e4\u00e4set k\u00e4ytt\u00e4m\u00e4\u00e4n Mediatunnuksella. K\u00e4ytt\u00e4j\u00e4tunnus on s\u00e4hk\u00f6postiosoitteesi. Jos et muista salasanaasi, voit tilaa ohjeet salasanan vaihtoa varten s\u00e4hk\u00f6postiisi <a href=\"https:\/\/media.portal.worldoftulo.com\/Login\/RequestPasswordReset\">t\u00e4st\u00e4 linkist\u00e4 &gt;&gt;<\/a><\/p>\n<p>Jos sinulla ei viel\u00e4 ole Mediatunnusta katso ohjeet sen luomiseen\u00a0<a href=\"https:\/\/oma.media.fi\/forssan-lehti\/mediatunnukset\/\">t\u00e4\u00e4lt\u00e4.<\/a><\/p>\n<h2>Kaipaatko viel\u00e4 lis\u00e4\u00e4 tietoa?<\/h2>\n<p>Katso vastauksia usein kysytyt kysymykset-osiostamme.<\/p>\n<p><a class=\"button button--outlined\" href=\"https:\/\/oma.media.fi\/forssan-lehti\/ukk-2\/\">Usein kysytyt kysymykset<\/a><\/p>\n","protected":false},"excerpt":{"rendered":"<p>-verkkopalvelustamme l\u00f6yd\u00e4t aina tuoreimmat juttumme. Julkaisemme my\u00f6s ajankohtaisiin aiheisiin liittyvi\u00e4 lis\u00e4sis\u00e4lt\u00f6j\u00e4, kuten vaali- ja verokoneita, livestreameja sek\u00e4 videoita. Verkkopalvelustamme l\u00f6yd\u00e4t my\u00f6s n\u00e4k\u00f6islehtemme. L\u00f6yd\u00e4 mielenkiintoisimmat uutiset etusivun runsaasta tarjonnasta Kaikista ajankohtaisimmat ja kiinnostavimmat jutut l\u00f6yd\u00e4t suoraan verkkopalvelumme etusivulta. Eri aihealueet ovat kasattuna omiin lohkoihinsa, jolloin l\u00f6yd\u00e4t helposti juuri sinua kiinnostavat uutiset. Lohkojako mahdollistaa my\u00f6s useamman uutisen [&hellip;]<\/p>\n","protected":false},"author":6,"featured_media":0,"parent":0,"menu_order":0,"comment_status":"closed","ping_status":"closed","template":"","meta":{"_acf_changed":false,"footnotes":""},"class_list":["post-271","page","type-page","status-publish","hentry"],"acf":[],"yoast_head":"<!-- This site is optimized with the Yoast SEO plugin v26.2 - https:\/\/yoast.com\/wordpress\/plugins\/seo\/ -->\n<title>Verkkopalvelu - Forssan Lehti<\/title>\n<meta name=\"robots\" content=\"index, follow, max-snippet:-1, max-image-preview:large, max-video-preview:-1\" \/>\n<link rel=\"canonical\" href=\"https:\/\/oma.media.fi\/forssan-lehti\/verkkopalvelu\/\" \/>\n<meta property=\"og:locale\" content=\"fi_FI\" \/>\n<meta property=\"og:type\" content=\"article\" \/>\n<meta property=\"og:title\" content=\"Verkkopalvelu\" \/>\n<meta property=\"og:description\" content=\"-verkkopalvelustamme l\u00f6yd\u00e4t aina tuoreimmat juttumme. Julkaisemme my\u00f6s ajankohtaisiin aiheisiin liittyvi\u00e4 lis\u00e4sis\u00e4lt\u00f6j\u00e4, kuten vaali- ja verokoneita, livestreameja sek\u00e4 videoita. Verkkopalvelustamme l\u00f6yd\u00e4t my\u00f6s n\u00e4k\u00f6islehtemme. L\u00f6yd\u00e4 mielenkiintoisimmat uutiset etusivun runsaasta tarjonnasta Kaikista ajankohtaisimmat ja kiinnostavimmat jutut l\u00f6yd\u00e4t suoraan verkkopalvelumme etusivulta. Eri aihealueet ovat kasattuna omiin lohkoihinsa, jolloin l\u00f6yd\u00e4t helposti juuri sinua kiinnostavat uutiset. Lohkojako mahdollistaa my\u00f6s useamman uutisen [&hellip;]\" \/>\n<meta property=\"og:url\" content=\"https:\/\/oma.media.fi\/forssan-lehti\/verkkopalvelu\/\" \/>\n<meta property=\"og:site_name\" content=\"Forssan Lehti\" \/>\n<meta property=\"article:modified_time\" content=\"2023-12-20T11:51:30+00:00\" \/>\n<meta name=\"twitter:card\" content=\"summary_large_image\" \/>\n<meta name=\"twitter:label1\" content=\"Arvioitu lukuaika\" \/>\n\t<meta name=\"twitter:data1\" content=\"2 minuuttia\" \/>\n<script type=\"application\/ld+json\" class=\"yoast-schema-graph\">{\"@context\":\"https:\/\/schema.org\",\"@graph\":[{\"@type\":\"WebPage\",\"@id\":\"https:\/\/oma.media.fi\/forssan-lehti\/verkkopalvelu\/\",\"url\":\"https:\/\/oma.media.fi\/forssan-lehti\/verkkopalvelu\/\",\"name\":\"Verkkopalvelu - Forssan Lehti\",\"isPartOf\":{\"@id\":\"https:\/\/oma.media.fi\/forssan-lehti\/#website\"},\"datePublished\":\"2022-01-20T12:27:02+00:00\",\"dateModified\":\"2023-12-20T11:51:30+00:00\",\"breadcrumb\":{\"@id\":\"https:\/\/oma.media.fi\/forssan-lehti\/verkkopalvelu\/#breadcrumb\"},\"inLanguage\":\"fi\",\"potentialAction\":[{\"@type\":\"ReadAction\",\"target\":[\"https:\/\/oma.media.fi\/forssan-lehti\/verkkopalvelu\/\"]}]},{\"@type\":\"BreadcrumbList\",\"@id\":\"https:\/\/oma.media.fi\/forssan-lehti\/verkkopalvelu\/#breadcrumb\",\"itemListElement\":[{\"@type\":\"ListItem\",\"position\":1,\"name\":\"Etusivu\",\"item\":\"https:\/\/oma.media.fi\/forssan-lehti\/\"},{\"@type\":\"ListItem\",\"position\":2,\"name\":\"Verkkopalvelu\"}]},{\"@type\":\"WebSite\",\"@id\":\"https:\/\/oma.media.fi\/forssan-lehti\/#website\",\"url\":\"https:\/\/oma.media.fi\/forssan-lehti\/\",\"name\":\"Forssan Lehti\",\"description\":\"\",\"potentialAction\":[{\"@type\":\"SearchAction\",\"target\":{\"@type\":\"EntryPoint\",\"urlTemplate\":\"https:\/\/oma.media.fi\/forssan-lehti\/?s={search_term_string}\"},\"query-input\":{\"@type\":\"PropertyValueSpecification\",\"valueRequired\":true,\"valueName\":\"search_term_string\"}}],\"inLanguage\":\"fi\"}]}<\/script>\n<!-- \/ Yoast SEO plugin. -->","yoast_head_json":{"title":"Verkkopalvelu - Forssan Lehti","robots":{"index":"index","follow":"follow","max-snippet":"max-snippet:-1","max-image-preview":"max-image-preview:large","max-video-preview":"max-video-preview:-1"},"canonical":"https:\/\/oma.media.fi\/forssan-lehti\/verkkopalvelu\/","og_locale":"fi_FI","og_type":"article","og_title":"Verkkopalvelu","og_description":"-verkkopalvelustamme l\u00f6yd\u00e4t aina tuoreimmat juttumme. Julkaisemme my\u00f6s ajankohtaisiin aiheisiin liittyvi\u00e4 lis\u00e4sis\u00e4lt\u00f6j\u00e4, kuten vaali- ja verokoneita, livestreameja sek\u00e4 videoita. Verkkopalvelustamme l\u00f6yd\u00e4t my\u00f6s n\u00e4k\u00f6islehtemme. L\u00f6yd\u00e4 mielenkiintoisimmat uutiset etusivun runsaasta tarjonnasta Kaikista ajankohtaisimmat ja kiinnostavimmat jutut l\u00f6yd\u00e4t suoraan verkkopalvelumme etusivulta. Eri aihealueet ovat kasattuna omiin lohkoihinsa, jolloin l\u00f6yd\u00e4t helposti juuri sinua kiinnostavat uutiset. Lohkojako mahdollistaa my\u00f6s useamman uutisen [&hellip;]","og_url":"https:\/\/oma.media.fi\/forssan-lehti\/verkkopalvelu\/","og_site_name":"Forssan Lehti","article_modified_time":"2023-12-20T11:51:30+00:00","twitter_card":"summary_large_image","twitter_misc":{"Arvioitu lukuaika":"2 minuuttia"},"schema":{"@context":"https:\/\/schema.org","@graph":[{"@type":"WebPage","@id":"https:\/\/oma.media.fi\/forssan-lehti\/verkkopalvelu\/","url":"https:\/\/oma.media.fi\/forssan-lehti\/verkkopalvelu\/","name":"Verkkopalvelu - Forssan Lehti","isPartOf":{"@id":"https:\/\/oma.media.fi\/forssan-lehti\/#website"},"datePublished":"2022-01-20T12:27:02+00:00","dateModified":"2023-12-20T11:51:30+00:00","breadcrumb":{"@id":"https:\/\/oma.media.fi\/forssan-lehti\/verkkopalvelu\/#breadcrumb"},"inLanguage":"fi","potentialAction":[{"@type":"ReadAction","target":["https:\/\/oma.media.fi\/forssan-lehti\/verkkopalvelu\/"]}]},{"@type":"BreadcrumbList","@id":"https:\/\/oma.media.fi\/forssan-lehti\/verkkopalvelu\/#breadcrumb","itemListElement":[{"@type":"ListItem","position":1,"name":"Etusivu","item":"https:\/\/oma.media.fi\/forssan-lehti\/"},{"@type":"ListItem","position":2,"name":"Verkkopalvelu"}]},{"@type":"WebSite","@id":"https:\/\/oma.media.fi\/forssan-lehti\/#website","url":"https:\/\/oma.media.fi\/forssan-lehti\/","name":"Forssan Lehti","description":"","potentialAction":[{"@type":"SearchAction","target":{"@type":"EntryPoint","urlTemplate":"https:\/\/oma.media.fi\/forssan-lehti\/?s={search_term_string}"},"query-input":{"@type":"PropertyValueSpecification","valueRequired":true,"valueName":"search_term_string"}}],"inLanguage":"fi"}]}},"publishpress_future_action":{"enabled":false,"date":"2026-04-12 00:55:46","action":"change-status","newStatus":"draft","terms":[],"taxonomy":"","extraData":[]},"publishpress_future_workflow_manual_trigger":{"enabledWorkflows":[]},"_links":{"self":[{"href":"https:\/\/oma.media.fi\/forssan-lehti\/wp-json\/wp\/v2\/pages\/271","targetHints":{"allow":["GET"]}}],"collection":[{"href":"https:\/\/oma.media.fi\/forssan-lehti\/wp-json\/wp\/v2\/pages"}],"about":[{"href":"https:\/\/oma.media.fi\/forssan-lehti\/wp-json\/wp\/v2\/types\/page"}],"author":[{"embeddable":true,"href":"https:\/\/oma.media.fi\/forssan-lehti\/wp-json\/wp\/v2\/users\/6"}],"replies":[{"embeddable":true,"href":"https:\/\/oma.media.fi\/forssan-lehti\/wp-json\/wp\/v2\/comments?post=271"}],"version-history":[{"count":6,"href":"https:\/\/oma.media.fi\/forssan-lehti\/wp-json\/wp\/v2\/pages\/271\/revisions"}],"predecessor-version":[{"id":3370,"href":"https:\/\/oma.media.fi\/forssan-lehti\/wp-json\/wp\/v2\/pages\/271\/revisions\/3370"}],"wp:attachment":[{"href":"https:\/\/oma.media.fi\/forssan-lehti\/wp-json\/wp\/v2\/media?parent=271"}],"curies":[{"name":"wp","href":"https:\/\/api.w.org\/{rel}","templated":true}]}}