{"id":1117,"date":"2022-08-31T12:52:02","date_gmt":"2022-08-31T09:52:02","guid":{"rendered":"https:\/\/oma.media.fi\/hameen-sanomat\/hams-tarkista-osoitteesi\/"},"modified":"2022-09-09T14:06:13","modified_gmt":"2022-09-09T11:06:13","slug":"hams-tarkista-osoitteesi","status":"publish","type":"page","link":"https:\/\/oma.media.fi\/hameen-sanomat\/hams-tarkista-osoitteesi\/","title":{"rendered":"HAMS &#8211; Tarkista osoitteesi"},"content":{"rendered":"<p>Olemme yhdist\u00e4m\u00e4ss\u00e4 H\u00e4meen Sanomien tilaaja- ja k\u00e4ytt\u00e4j\u00e4hallinnan osaksi Mediatalo Keskisuomalaisen yhteisi\u00e4 j\u00e4rjestelmi\u00e4. Muutos helpottaa asiakkaidemme palveluiden k\u00e4ytt\u00f6\u00e4 ja monipuolistaa H\u00e4meen Sanomien tilaukseen liittyvi\u00e4 palveluita.<\/p>\n<p>Huomasimme, ett\u00e4 teill\u00e4 on tilaus molemmissa j\u00e4rjestelmiss\u00e4, mutta osoitetiedoissa on eroavaisuuksia, jotka est\u00e4v\u00e4t tilienne yhdist\u00e4misen. Pyyd\u00e4mme teit\u00e4 tarkastamaan ett\u00e4 osoitetiedot ovat samat kaikissa Mediatalo Keskisuomalaisen lehtitilauksissanne.<\/p>\n<h3>N\u00e4in tarkistat ja korjaat osoitetietosi<\/h3>\n<p>Koska toimimme viel\u00e4 eri j\u00e4rjestelmiss\u00e4, sinun tulee tarkistaa osoitetietosi sek\u00e4 H\u00e4meen Sanomien ett\u00e4 Mediatalo Keskisuomalaisen j\u00e4rjestelmist\u00e4. Osoitteiden tulee olla t\u00e4ysin samanlaiset, jotta tilien yhdist\u00e4minen onnistuu.<\/p>\n<p>Vaihtaaksesi H\u00e4meen Sanomien tilauksen osoitteen, <a href=\"https:\/\/www.hameensanomat.fi\/osoitteenmuutos\">tee muutos t\u00e4ll\u00e4 lomakkeella &gt;&gt;<\/a><\/p>\n<p>Vaihtaaksesi Mediatalo Keskisuomalaisen tilauksen osoitteen, <a href=\"https:\/\/media.portal.worldoftulo.com\/Login?preview_id=15293&amp;preview_nonce=31dae986c2&amp;_thumbnail_id=-1&amp;preview=true\">kirjaudu omiin tietoihisi t\u00e4st\u00e4 &gt;&gt;<\/a><br \/>\nJos et muista salasanaa,\u00a0<a href=\"https:\/\/media.portal.worldoftulo.com\/Login\/RequestPasswordReset?preview_id=15293&amp;preview_nonce=31dae986c2&amp;_thumbnail_id=-1&amp;preview=true\">voit tilata uuden t\u00e4st\u00e4 &gt;&gt;<\/a><\/p>\n<p>Jos Mediatunnuksessasi k\u00e4yt\u00f6ss\u00e4 ollut s\u00e4hk\u00f6postiosoitteesi ei ole en\u00e4\u00e4 k\u00e4yt\u00f6ss\u00e4, etk\u00e4 sen vuoksi voi tilata uutta salasanaa, olethan yhteydess\u00e4 <a href=\"https:\/\/oma.media.fi\/hameen-sanomat\/yhteystiedot\/\">asiakaspalveluumme<\/a>.<\/p>\n<ol>\n<li>Kirjaudu sis\u00e4\u00e4n Mediatunnuksellasi.<\/li>\n<li>Valitse sivun alareunasta kohta <em>Tee pysyv\u00e4 osoitteenmuutos.<\/em><\/li>\n<li>Kirjoita nykyinen osoitteesi oikeassa muodossa ja tallenna.<\/li>\n<li>Tee muutos my\u00f6s H\u00e4meen Sanomien tilauksesi osoitteeseen lomakkeella<\/li>\n<\/ol>\n<p>Huomioithan, ett\u00e4 pysyv\u00e4 osoitteenmuutos muuttaa lehtitilauksen toimitusosoitteen sek\u00e4 laskutusosoitteeseesi. T\u00e4m\u00e4 ei kuitenkaan vaikuta e-lasku, suoramaksu tai s\u00e4hk\u00f6postilaskuihin.<\/p>\n<p>Jos haluat jatkossakin lehden sek\u00e4 laskun kahteen eri osoitteeseen, katso lis\u00e4ohjeet t\u00e4m\u00e4n sivun alareunasta.<\/p>\n<p><a href=\"https:\/\/oma.media.fi\/hameen-sanomat\/wp-content\/uploads\/sites\/52\/2022\/09\/pysyva-osoitteenmuutos.jpg\"><img loading=\"lazy\" decoding=\"async\" class=\" wp-image-1118 alignleft\" src=\"https:\/\/oma.media.fi\/hameen-sanomat\/wp-content\/uploads\/sites\/52\/2022\/09\/pysyva-osoitteenmuutos.jpg\" alt=\"\" width=\"646\" height=\"526\" srcset=\"https:\/\/oma.media.fi\/hameen-sanomat\/wp-content\/uploads\/sites\/52\/2022\/09\/pysyva-osoitteenmuutos.jpg 950w, https:\/\/oma.media.fi\/hameen-sanomat\/wp-content\/uploads\/sites\/52\/2022\/09\/pysyva-osoitteenmuutos-300x244.jpg 300w, https:\/\/oma.media.fi\/hameen-sanomat\/wp-content\/uploads\/sites\/52\/2022\/09\/pysyva-osoitteenmuutos-768x625.jpg 768w\" sizes=\"auto, (max-width: 646px) 100vw, 646px\" \/><\/a><a href=\"https:\/\/oma.media.fi\/hameen-sanomat\/wp-content\/uploads\/sites\/52\/2022\/09\/pysyva-osoitteenmuutos2.jpg\"><img loading=\"lazy\" decoding=\"async\" class=\"alignnone wp-image-1119\" src=\"https:\/\/oma.media.fi\/hameen-sanomat\/wp-content\/uploads\/sites\/52\/2022\/09\/pysyva-osoitteenmuutos2.jpg\" alt=\"\" width=\"711\" height=\"527\" srcset=\"https:\/\/oma.media.fi\/hameen-sanomat\/wp-content\/uploads\/sites\/52\/2022\/09\/pysyva-osoitteenmuutos2.jpg 960w, https:\/\/oma.media.fi\/hameen-sanomat\/wp-content\/uploads\/sites\/52\/2022\/09\/pysyva-osoitteenmuutos2-300x223.jpg 300w, https:\/\/oma.media.fi\/hameen-sanomat\/wp-content\/uploads\/sites\/52\/2022\/09\/pysyva-osoitteenmuutos2-768x570.jpg 768w\" sizes=\"auto, (max-width: 711px) 100vw, 711px\" \/><\/a><\/p>\n<h3>Haluan, ett\u00e4 lehtitilaukseni tulevat jatkossakin eri osoitteisiin<\/h3>\n<p>S\u00e4hk\u00f6postiosoite voi olla k\u00e4yt\u00f6ss\u00e4 vain yhdess\u00e4 tilauksessa, joten pyyd\u00e4mme teit\u00e4 muuttamaan k\u00e4yt\u00f6ss\u00e4 olevan s\u00e4hk\u00f6postiosoitteenne.<\/p>\n<p><strong>N\u00e4in muutat k\u00e4yt\u00f6ss\u00e4 olevan s\u00e4hk\u00f6postiosoitteen<\/strong><\/p>\n<ol>\n<li>Kirjaudu sis\u00e4\u00e4n siihen tilaukseen, jonka s\u00e4hk\u00f6postiosoitteen haluat muuttaa<\/li>\n<li>Vaihda s\u00e4hk\u00f6postiosoitteesi uuteen ja paina tallenna<\/li>\n<li>Vahvista uusi s\u00e4hk\u00f6postiosoitteesi klikkaamalla uuteen s\u00e4hk\u00f6postiin l\u00e4hett\u00e4m\u00e4st\u00e4mme vahvistusviestist\u00e4.<\/li>\n<\/ol>\n<p>Mik\u00e4li haluat jatkossakin k\u00e4ytt\u00e4\u00e4 samaa k\u00e4ytt\u00e4j\u00e4tunnusta kaikkien lehtiemme lukemiseen, tulee tilaukset siirt\u00e4\u00e4 samalle asiakkuudelle, joka vaatii tilaustietojen yhten\u00e4ist\u00e4misen osoitetasolla.<\/p>\n","protected":false},"excerpt":{"rendered":"<p>Olemme yhdist\u00e4m\u00e4ss\u00e4 tilaaja- ja k\u00e4ytt\u00e4j\u00e4hallinnan osaksi Mediatalo Keskisuomalaisen yhteisi\u00e4 j\u00e4rjestelmi\u00e4. Muutos helpottaa asiakkaidemme palveluiden k\u00e4ytt\u00f6\u00e4 ja monipuolistaa tilaukseen liittyvi\u00e4 palveluita. Huomasimme, ett\u00e4 teill\u00e4 on tilaus molemmissa j\u00e4rjestelmiss\u00e4, mutta osoitetiedoissa on eroavaisuuksia, jotka est\u00e4v\u00e4t tilienne yhdist\u00e4misen. Pyyd\u00e4mme teit\u00e4 tarkastamaan ett\u00e4 osoitetiedot ovat samat kaikissa Mediatalo Keskisuomalaisen lehtitilauksissanne. N\u00e4in tarkistat ja korjaat osoitetietosi Koska toimimme viel\u00e4 eri [&hellip;]<\/p>\n","protected":false},"author":6,"featured_media":0,"parent":0,"menu_order":0,"comment_status":"closed","ping_status":"closed","template":"","meta":{"_acf_changed":false,"footnotes":""},"class_list":["post-1117","page","type-page","status-publish","hentry"],"acf":[],"yoast_head":"<!-- This site is optimized with the Yoast SEO plugin v26.2 - https:\/\/yoast.com\/wordpress\/plugins\/seo\/ -->\n<title>HAMS - Tarkista osoitteesi - H\u00e4meen Sanomat<\/title>\n<meta name=\"robots\" content=\"index, follow, max-snippet:-1, max-image-preview:large, max-video-preview:-1\" \/>\n<link rel=\"canonical\" href=\"https:\/\/oma.media.fi\/hameen-sanomat\/hams-tarkista-osoitteesi\/\" \/>\n<meta property=\"og:locale\" content=\"fi_FI\" \/>\n<meta property=\"og:type\" content=\"article\" \/>\n<meta property=\"og:title\" content=\"HAMS &#8211; Tarkista osoitteesi\" \/>\n<meta property=\"og:description\" content=\"Olemme yhdist\u00e4m\u00e4ss\u00e4 tilaaja- ja k\u00e4ytt\u00e4j\u00e4hallinnan osaksi Mediatalo Keskisuomalaisen yhteisi\u00e4 j\u00e4rjestelmi\u00e4. Muutos helpottaa asiakkaidemme palveluiden k\u00e4ytt\u00f6\u00e4 ja monipuolistaa tilaukseen liittyvi\u00e4 palveluita. Huomasimme, ett\u00e4 teill\u00e4 on tilaus molemmissa j\u00e4rjestelmiss\u00e4, mutta osoitetiedoissa on eroavaisuuksia, jotka est\u00e4v\u00e4t tilienne yhdist\u00e4misen. Pyyd\u00e4mme teit\u00e4 tarkastamaan ett\u00e4 osoitetiedot ovat samat kaikissa Mediatalo Keskisuomalaisen lehtitilauksissanne. N\u00e4in tarkistat ja korjaat osoitetietosi Koska toimimme viel\u00e4 eri [&hellip;]\" \/>\n<meta property=\"og:url\" content=\"https:\/\/oma.media.fi\/hameen-sanomat\/hams-tarkista-osoitteesi\/\" \/>\n<meta property=\"og:site_name\" content=\"H\u00e4meen Sanomat\" \/>\n<meta property=\"article:modified_time\" content=\"2022-09-09T11:06:13+00:00\" \/>\n<meta property=\"og:image\" content=\"https:\/\/oma.media.fi\/hameen-sanomat\/wp-content\/uploads\/sites\/52\/2022\/09\/pysyva-osoitteenmuutos.jpg\" \/>\n<meta name=\"twitter:card\" content=\"summary_large_image\" \/>\n<meta name=\"twitter:label1\" content=\"Arvioitu lukuaika\" \/>\n\t<meta name=\"twitter:data1\" content=\"2 minuuttia\" \/>\n<script type=\"application\/ld+json\" class=\"yoast-schema-graph\">{\"@context\":\"https:\/\/schema.org\",\"@graph\":[{\"@type\":\"WebPage\",\"@id\":\"https:\/\/oma.media.fi\/hameen-sanomat\/hams-tarkista-osoitteesi\/\",\"url\":\"https:\/\/oma.media.fi\/hameen-sanomat\/hams-tarkista-osoitteesi\/\",\"name\":\"HAMS - Tarkista osoitteesi - H\u00e4meen Sanomat\",\"isPartOf\":{\"@id\":\"https:\/\/oma.media.fi\/hameen-sanomat\/#website\"},\"primaryImageOfPage\":{\"@id\":\"https:\/\/oma.media.fi\/hameen-sanomat\/hams-tarkista-osoitteesi\/#primaryimage\"},\"image\":{\"@id\":\"https:\/\/oma.media.fi\/hameen-sanomat\/hams-tarkista-osoitteesi\/#primaryimage\"},\"thumbnailUrl\":\"https:\/\/oma.media.fi\/hameen-sanomat\/wp-content\/uploads\/sites\/52\/2022\/09\/pysyva-osoitteenmuutos.jpg\",\"datePublished\":\"2022-08-31T09:52:02+00:00\",\"dateModified\":\"2022-09-09T11:06:13+00:00\",\"breadcrumb\":{\"@id\":\"https:\/\/oma.media.fi\/hameen-sanomat\/hams-tarkista-osoitteesi\/#breadcrumb\"},\"inLanguage\":\"fi\",\"potentialAction\":[{\"@type\":\"ReadAction\",\"target\":[\"https:\/\/oma.media.fi\/hameen-sanomat\/hams-tarkista-osoitteesi\/\"]}]},{\"@type\":\"ImageObject\",\"inLanguage\":\"fi\",\"@id\":\"https:\/\/oma.media.fi\/hameen-sanomat\/hams-tarkista-osoitteesi\/#primaryimage\",\"url\":\"https:\/\/oma.media.fi\/hameen-sanomat\/wp-content\/uploads\/sites\/52\/2022\/09\/pysyva-osoitteenmuutos.jpg\",\"contentUrl\":\"https:\/\/oma.media.fi\/hameen-sanomat\/wp-content\/uploads\/sites\/52\/2022\/09\/pysyva-osoitteenmuutos.jpg\"},{\"@type\":\"BreadcrumbList\",\"@id\":\"https:\/\/oma.media.fi\/hameen-sanomat\/hams-tarkista-osoitteesi\/#breadcrumb\",\"itemListElement\":[{\"@type\":\"ListItem\",\"position\":1,\"name\":\"Etusivu\",\"item\":\"https:\/\/oma.media.fi\/hameen-sanomat\/\"},{\"@type\":\"ListItem\",\"position\":2,\"name\":\"HAMS &#8211; Tarkista osoitteesi\"}]},{\"@type\":\"WebSite\",\"@id\":\"https:\/\/oma.media.fi\/hameen-sanomat\/#website\",\"url\":\"https:\/\/oma.media.fi\/hameen-sanomat\/\",\"name\":\"H\u00e4meen Sanomat\",\"description\":\"\",\"potentialAction\":[{\"@type\":\"SearchAction\",\"target\":{\"@type\":\"EntryPoint\",\"urlTemplate\":\"https:\/\/oma.media.fi\/hameen-sanomat\/?s={search_term_string}\"},\"query-input\":{\"@type\":\"PropertyValueSpecification\",\"valueRequired\":true,\"valueName\":\"search_term_string\"}}],\"inLanguage\":\"fi\"}]}<\/script>\n<!-- \/ Yoast SEO plugin. -->","yoast_head_json":{"title":"HAMS - Tarkista osoitteesi - H\u00e4meen Sanomat","robots":{"index":"index","follow":"follow","max-snippet":"max-snippet:-1","max-image-preview":"max-image-preview:large","max-video-preview":"max-video-preview:-1"},"canonical":"https:\/\/oma.media.fi\/hameen-sanomat\/hams-tarkista-osoitteesi\/","og_locale":"fi_FI","og_type":"article","og_title":"HAMS &#8211; Tarkista osoitteesi","og_description":"Olemme yhdist\u00e4m\u00e4ss\u00e4 tilaaja- ja k\u00e4ytt\u00e4j\u00e4hallinnan osaksi Mediatalo Keskisuomalaisen yhteisi\u00e4 j\u00e4rjestelmi\u00e4. Muutos helpottaa asiakkaidemme palveluiden k\u00e4ytt\u00f6\u00e4 ja monipuolistaa tilaukseen liittyvi\u00e4 palveluita. Huomasimme, ett\u00e4 teill\u00e4 on tilaus molemmissa j\u00e4rjestelmiss\u00e4, mutta osoitetiedoissa on eroavaisuuksia, jotka est\u00e4v\u00e4t tilienne yhdist\u00e4misen. Pyyd\u00e4mme teit\u00e4 tarkastamaan ett\u00e4 osoitetiedot ovat samat kaikissa Mediatalo Keskisuomalaisen lehtitilauksissanne. N\u00e4in tarkistat ja korjaat osoitetietosi Koska toimimme viel\u00e4 eri [&hellip;]","og_url":"https:\/\/oma.media.fi\/hameen-sanomat\/hams-tarkista-osoitteesi\/","og_site_name":"H\u00e4meen Sanomat","article_modified_time":"2022-09-09T11:06:13+00:00","og_image":[{"url":"https:\/\/oma.media.fi\/hameen-sanomat\/wp-content\/uploads\/sites\/52\/2022\/09\/pysyva-osoitteenmuutos.jpg","type":"","width":"","height":""}],"twitter_card":"summary_large_image","twitter_misc":{"Arvioitu lukuaika":"2 minuuttia"},"schema":{"@context":"https:\/\/schema.org","@graph":[{"@type":"WebPage","@id":"https:\/\/oma.media.fi\/hameen-sanomat\/hams-tarkista-osoitteesi\/","url":"https:\/\/oma.media.fi\/hameen-sanomat\/hams-tarkista-osoitteesi\/","name":"HAMS - Tarkista osoitteesi - H\u00e4meen Sanomat","isPartOf":{"@id":"https:\/\/oma.media.fi\/hameen-sanomat\/#website"},"primaryImageOfPage":{"@id":"https:\/\/oma.media.fi\/hameen-sanomat\/hams-tarkista-osoitteesi\/#primaryimage"},"image":{"@id":"https:\/\/oma.media.fi\/hameen-sanomat\/hams-tarkista-osoitteesi\/#primaryimage"},"thumbnailUrl":"https:\/\/oma.media.fi\/hameen-sanomat\/wp-content\/uploads\/sites\/52\/2022\/09\/pysyva-osoitteenmuutos.jpg","datePublished":"2022-08-31T09:52:02+00:00","dateModified":"2022-09-09T11:06:13+00:00","breadcrumb":{"@id":"https:\/\/oma.media.fi\/hameen-sanomat\/hams-tarkista-osoitteesi\/#breadcrumb"},"inLanguage":"fi","potentialAction":[{"@type":"ReadAction","target":["https:\/\/oma.media.fi\/hameen-sanomat\/hams-tarkista-osoitteesi\/"]}]},{"@type":"ImageObject","inLanguage":"fi","@id":"https:\/\/oma.media.fi\/hameen-sanomat\/hams-tarkista-osoitteesi\/#primaryimage","url":"https:\/\/oma.media.fi\/hameen-sanomat\/wp-content\/uploads\/sites\/52\/2022\/09\/pysyva-osoitteenmuutos.jpg","contentUrl":"https:\/\/oma.media.fi\/hameen-sanomat\/wp-content\/uploads\/sites\/52\/2022\/09\/pysyva-osoitteenmuutos.jpg"},{"@type":"BreadcrumbList","@id":"https:\/\/oma.media.fi\/hameen-sanomat\/hams-tarkista-osoitteesi\/#breadcrumb","itemListElement":[{"@type":"ListItem","position":1,"name":"Etusivu","item":"https:\/\/oma.media.fi\/hameen-sanomat\/"},{"@type":"ListItem","position":2,"name":"HAMS &#8211; Tarkista osoitteesi"}]},{"@type":"WebSite","@id":"https:\/\/oma.media.fi\/hameen-sanomat\/#website","url":"https:\/\/oma.media.fi\/hameen-sanomat\/","name":"H\u00e4meen Sanomat","description":"","potentialAction":[{"@type":"SearchAction","target":{"@type":"EntryPoint","urlTemplate":"https:\/\/oma.media.fi\/hameen-sanomat\/?s={search_term_string}"},"query-input":{"@type":"PropertyValueSpecification","valueRequired":true,"valueName":"search_term_string"}}],"inLanguage":"fi"}]}},"publishpress_future_action":{"enabled":false,"date":"2026-05-06 13:42:47","action":"change-status","newStatus":"draft","terms":[],"taxonomy":"","extraData":[]},"publishpress_future_workflow_manual_trigger":{"enabledWorkflows":[]},"_links":{"self":[{"href":"https:\/\/oma.media.fi\/hameen-sanomat\/wp-json\/wp\/v2\/pages\/1117","targetHints":{"allow":["GET"]}}],"collection":[{"href":"https:\/\/oma.media.fi\/hameen-sanomat\/wp-json\/wp\/v2\/pages"}],"about":[{"href":"https:\/\/oma.media.fi\/hameen-sanomat\/wp-json\/wp\/v2\/types\/page"}],"author":[{"embeddable":true,"href":"https:\/\/oma.media.fi\/hameen-sanomat\/wp-json\/wp\/v2\/users\/6"}],"replies":[{"embeddable":true,"href":"https:\/\/oma.media.fi\/hameen-sanomat\/wp-json\/wp\/v2\/comments?post=1117"}],"version-history":[{"count":11,"href":"https:\/\/oma.media.fi\/hameen-sanomat\/wp-json\/wp\/v2\/pages\/1117\/revisions"}],"predecessor-version":[{"id":1215,"href":"https:\/\/oma.media.fi\/hameen-sanomat\/wp-json\/wp\/v2\/pages\/1117\/revisions\/1215"}],"wp:attachment":[{"href":"https:\/\/oma.media.fi\/hameen-sanomat\/wp-json\/wp\/v2\/media?parent=1117"}],"curies":[{"name":"wp","href":"https:\/\/api.w.org\/{rel}","templated":true}]}}