{"id":1350,"date":"2022-09-29T13:24:01","date_gmt":"2022-09-29T10:24:01","guid":{"rendered":"https:\/\/oma.media.fi\/hameen-sanomat\/?page_id=1350"},"modified":"2026-04-01T10:48:54","modified_gmt":"2026-04-01T07:48:54","slug":"hameen-sanomat-toimituksen-yhteystiedot","status":"publish","type":"page","link":"https:\/\/oma.media.fi\/hameen-sanomat\/hameen-sanomat-toimituksen-yhteystiedot\/","title":{"rendered":"H\u00e4meen Sanomat toimituksen yhteystiedot"},"content":{"rendered":"<h1>Toimituksen yhteystiedot<\/h1>\n<p><strong>Postiosoite:<\/strong> PL 530, 13111 H\u00e4meenlinna<br \/>\n<strong>Uutisdeski:<\/strong> 03 6151 410, &#116;&#x6f;i&#109;&#x69;t&#117;&#x73;&#64;&#104;&#x61;m&#101;&#x65;&#110;&#x73;&#x61;&#110;&#x6f;&#x6d;&#97;&#x74;&#46;&#102;&#x69; <em>(juttuvinkit, uutisp\u00e4\u00e4llik\u00f6t)<\/em><br \/>\n<strong>Toimituksen Whatsapp-numero:<\/strong> 040 4577 980<em> (lukijan kuvat, juttuvinkit)<\/em><\/p>\n<h2>Lehden osastot<\/h2>\n<p><strong>Ajastin:<\/strong> aja&#115;&#116;&#105;&#x6e;&#x40;&#x68;&#x61;&#x6d;&#x65;ens&#97;&#110;&#111;&#109;&#x61;&#x74;&#x2e;&#x66;&#x69;<br \/>\n<strong>Hameensanomat.fi:<\/strong> &#x6d;&#x6f;&#x6e;&#x69;&#109;&#101;&#100;&#105;a&#64;h&#x61;&#x6d;&#x65;&#x65;&#x6e;&#115;&#97;&#110;oma&#x74;&#x2e;&#x66;&#x69;<br \/>\n<strong>Kulttuuri:<\/strong> &#107;&#x75;l&#116;&#x74;u&#117;&#x72;i&#64;&#x68;a&#109;&#x65;&#101;&#x6e;&#x73;&#97;&#x6e;&#x6f;&#109;&#x61;t&#46;&#x66;i, puhelin <span data-olk-copy-source=\"MessageBody\">040 8682 450<\/span><br \/>\n<strong>Mielipide:<\/strong> &#x6d;i&#x65;&#108;i&#x70;&#105;&#x64;&#x65;&#64;&#x68;&#97;m&#x65;&#101;&#x6e;&#115;a&#x6e;&#111;m&#x61;&#116;&#x2e;&#102;i, puhelin 03 6151 452<br \/>\n<strong>Talous:<\/strong> &#x74;&#97;&#108;&#x6f;&#x75;&#115;&#64;&#x68;&#x61;&#109;&#101;&#x65;&#x6e;&#115;&#97;&#x6e;&#x6f;&#109;&#97;&#x74;&#x2e;&#102;&#105;, puhelin <span data-olk-copy-source=\"MessageBody\">040 7719 291<\/span><br \/>\n<strong>Urheilu:<\/strong> &#117;&#x72;&#104;&#x65;i&#108;&#x75;&#64;&#x68;a&#x6d;e&#101;&#x6e;&#115;&#x61;n&#x6f;&#x6d;&#97;&#x74;&#46;&#x66;i, 03 6151 470<\/p>\n<h2>P\u00e4\u00e4toimittaja<\/h2>\n<p>Tuulia Viitanen 044 5644 454, &#x74;&#x75;&#117;&#108;ia&#x2e;&#x76;&#x69;&#105;ta&#x6e;&#x65;&#x6e;&#64;&#104;a&#x6d;&#x65;&#x65;&#110;&#115;a&#x6e;&#x6f;&#x6d;&#97;&#116;&#46;f&#x69;<\/p>\n<h2>Uutisp\u00e4\u00e4llikk\u00f6<\/h2>\n<p>Susanna Kinnari 03 6151 403, 050 3709 278, &#x73;&#117;s&#x61;&#110;n&#x61;&#46;k&#x69;&#110;n&#x61;&#114;i&#x40;&#104;a&#x6d;&#101;e&#x6e;&#115;a&#x6e;&#111;m&#x61;&#116;&#46;&#x66;&#105;<\/p>\n<h2>Tuottajat<\/h2>\n<p>Ihmiset, ilmi\u00f6 ja kulttuurituottaja tuottaja Riikka Happonen 040 8682 450, &#x72;&#105;i&#x6b;&#107;a&#x2e;&#x68;&#97;&#x70;&#x70;&#111;n&#x65;&#110;&#64;&#x68;&#x61;&#109;&#x65;&#x65;&#110;s&#x61;&#110;o&#x6d;&#x61;&#116;&#x2e;&#x66;&#105;<br \/>\nDigituottaja Elina Nummelin 040 8682 412, eli&#110;&#97;&#46;&#110;&#x75;&#x6d;&#x6d;&#x65;&#x6c;&#x69;&#x6e;&#64;ha&#109;&#101;&#101;&#110;&#115;&#x61;&#x6e;&#x6f;&#x6d;&#x61;&#x74;&#46;fi<br \/>\n<span data-teams=\"true\">Digituottaja Juho Peltoniemi 040 1242 259, juh&#111;&#46;&#112;&#x65;&#x6c;&#x74;&#x6f;&#x6e;&#x69;emi&#64;&#104;&#97;&#109;&#x65;&#x65;&#x6e;&#x73;&#x61;&#x6e;oma&#116;&#46;&#102;&#x69;<\/span><\/p>\n<h2>Toimituksen assistentti<\/h2>\n<p>Pia Vilpas 03 6151 401, p&#105;&#97;&#x2e;&#x76;&#x69;l&#112;&#97;&#x73;&#x40;&#x68;am&#101;&#x65;&#x6e;&#x73;an&#111;&#109;&#x61;&#x74;&#x2e;f&#105;<\/p>\n<h2>Mielipiteet ja p\u00e4\u00e4kirjoitukset<\/h2>\n<p>Rauno Lahti 03 6151 452, &#x6d;i&#x65;&#108;i&#x70;&#105;&#x64;&#x65;&#64;&#x68;&#97;m&#x65;&#101;&#x6e;&#115;a&#x6e;&#111;m&#x61;&#116;&#x2e;&#102;i<\/p>\n<h2>Toimittajat<\/h2>\n<p>Henkil\u00f6kohtaiset s\u00e4hk\u00f6postit ovat muotoa: &#101;&#x74;&#x75;n&#105;&#x6d;i&#46;&#x73;&#x75;k&#117;&#x6e;i&#109;&#x69;&#x40;h&#97;&#x6d;e&#101;&#x6e;&#x73;&#97;&#110;&#x6f;m&#97;&#x74;&#x2e;&#102;&#x69;<\/p>\n<p><span class=\"ui-provider a b c d e f g h i j k l m n o p q r s t u v w x y z ab ac ae af ag ah ai aj ak\" dir=\"ltr\">Saila Karpiola (kotimaa) 03 6151 432, 040 7601 994<br \/>\nSusanna L\u00e4hdekorpi (kotimaa) 03 6151 424, 040 7570 954<br \/>\nSari Oksala (kunnat) 040 8682 443<br \/>\nToni Rasinkangas (kotimaa) 03 6151 408<br \/>\nViki Salonen (kotimaa) 03 6151 460, 040 4518 396<br \/>\nJani Suhonen (verkkotoimittaja) 03 6151 437<br \/>\nSoile Toivonen (uutisgraafikko) 040 7790 467<br \/>\nKati Laitinen 040 848 4972<br \/>\nMarkku Uhari (talous) 040 771 9291<br \/>\n<\/span><span class=\"ui-provider a b c d e f g h i j k l m n o p q r s t u v w x y z ab ac ae af ag ah ai aj ak\" dir=\"ltr\">Sanni Koivuniemi <span data-teams=\"true\">040 556 8824<\/span>\u00a0(perhevapaalla)<\/span><\/p>\n<h2>Urheilutoimitus<\/h2>\n<div><span class=\"ui-provider a b c d e f g h i j k l m n o p q r s t u v w x y z ab ac ae af ag ah ai aj ak\" dir=\"ltr\"><span data-teams=\"true\">Iiro-Pekka Airola 040 680 4680<\/span><\/span><br \/>\nJoonas Lainesalo 03 6151 473, 040 1202 564<\/div>\n<div>Kai Sandberg 03 4155 662<\/div>\n<div>Eetu Pennanen 03 6151 471<\/div>\n<p>Katso kaikki H\u00e4meen Sanomien yhteystiedot<a href=\"https:\/\/oma.media.fi\/hameen-sanomat\/yhteystiedot\/\" target=\"_blank\" rel=\"noopener\"> t\u00e4st\u00e4.<\/a><\/p>\n","protected":false},"excerpt":{"rendered":"<p>Toimituksen yhteystiedot Postiosoite: PL 530, 13111 H\u00e4meenlinna Uutisdeski: 03 6151 410, &#x74;&#x6f;&#x69;&#x6d;&#x69;&#x74;&#x75;&#x73;&#x40;&#x68;&#x61;&#x6d;&#x65;&#x65;&#x6e;&#x73;&#x61;&#x6e;&#x6f;&#x6d;&#x61;&#x74;&#x2e;&#x66;&#x69; (juttuvinkit, uutisp\u00e4\u00e4llik\u00f6t) Toimituksen Whatsapp-numero: 040 4577 980 (lukijan kuvat, juttuvinkit) Lehden osastot Ajastin: &#x61;&#x6a;&#97;&#115;t&#x69;&#x6e;&#x40;&#104;am&#x65;&#x65;&#110;&#115;a&#x6e;&#x6f;&#x6d;&#97;t&#46;&#x66;&#x69; Hameensanomat.fi: &#x6d;&#x6f;&#110;i&#x6d;&#x65;&#100;&#105;a&#x40;&#x68;&#97;&#109;e&#x65;&#x6e;&#115;an&#x6f;&#x6d;&#97;t&#x2e;&#x66;&#105; Kulttuuri: &#107;u&#x6c;t&#x74;&#117;&#x75;&#114;&#x69;&#64;h&#x61;m&#x65;&#101;&#x6e;&#115;&#x61;&#110;&#x6f;&#109;a&#x74;&#46;&#x66;&#105;, puhelin 040 8682 450 Mielipide: &#109;&#x69;&#x65;l&#105;&#x70;i&#100;&#x65;&#x40;h&#97;&#x6d;e&#101;&#x6e;&#x73;a&#110;&#x6f;m&#97;&#x74;&#x2e;&#102;&#105;, puhelin 03 6151 452 Talous: &#x74;&#x61;&#108;o&#x75;&#x73;&#x40;&#104;a&#x6d;&#x65;&#x65;&#110;s&#x61;&#x6e;&#x6f;&#109;a&#x74;&#x2e;&#x66;&#105;, puhelin 040 7719 291 Urheilu: u&#114;&#x68;&#x65;i&#108;&#x75;&#x40;h&#97;&#109;&#x65;&#x65;n&#115;&#x61;&#x6e;o&#109;&#x61;&#x74;&#46;&#102;&#105;, 03 6151 470 P\u00e4\u00e4toimittaja Tuulia Viitanen 044 [&hellip;]<\/p>\n","protected":false},"author":69,"featured_media":0,"parent":0,"menu_order":0,"comment_status":"closed","ping_status":"closed","template":"","meta":{"_acf_changed":false,"footnotes":""},"class_list":["post-1350","page","type-page","status-publish","hentry"],"acf":[],"yoast_head":"<!-- This site is optimized with the Yoast SEO plugin v26.2 - https:\/\/yoast.com\/wordpress\/plugins\/seo\/ -->\n<title>H\u00e4meen Sanomat toimituksen yhteystiedot - H\u00e4meen Sanomat<\/title>\n<meta name=\"robots\" content=\"index, follow, max-snippet:-1, max-image-preview:large, max-video-preview:-1\" \/>\n<link rel=\"canonical\" href=\"https:\/\/oma.media.fi\/hameen-sanomat\/hameen-sanomat-toimituksen-yhteystiedot\/\" \/>\n<meta property=\"og:locale\" content=\"fi_FI\" \/>\n<meta property=\"og:type\" content=\"article\" \/>\n<meta property=\"og:title\" content=\"H\u00e4meen Sanomat toimituksen yhteystiedot\" \/>\n<meta property=\"og:description\" content=\"Toimituksen yhteystiedot Postiosoite: PL 530, 13111 H\u00e4meenlinna Uutisdeski: 03 6151 410, &#116;&#x6f;i&#109;&#x69;t&#117;&#x73;&#064;&#104;&#x61;m&#101;&#x65;n&#115;&#x61;n&#111;&#x6d;a&#116;&#x2e;f&#105; (juttuvinkit, uutisp\u00e4\u00e4llik\u00f6t) Toimituksen Whatsapp-numero: 040 4577 980 (lukijan kuvat, juttuvinkit) Lehden osastot Ajastin: &#x61;&#x6a;&#x61;&#x73;&#116;&#105;&#110;&#064;ham&#x65;&#x65;&#x6e;&#x73;&#x61;&#110;&#111;&#109;at&#046;&#x66;&#x69; Hameensanomat.fi: &#x6d;&#111;n&#x69;&#x6d;&#101;d&#x69;&#x61;&#064;h&#x61;&#x6d;&#101;e&#x6e;&#x73;&#097;n&#x6f;&#109;&#097;t&#x2e;&#102;i Kulttuuri: &#107;&#x75;l&#116;&#x74;u&#117;&#x72;i&#064;&#x68;a&#109;&#x65;&#101;&#x6e;&#x73;&#097;&#x6e;&#x6f;&#109;&#x61;t&#046;&#x66;i, puhelin 040 8682 450 Mielipide: m&#105;&#101;&#x6c;&#x69;pi&#100;&#101;&#x40;&#x68;am&#101;&#101;&#x6e;&#x73;an&#111;&#x6d;&#x61;&#x74;&#046;&#102;&#105;, puhelin 03 6151 452 Talous: &#x74;&#x61;&#108;&#111;u&#x73;&#x40;&#x68;&#097;me&#x65;&#x6e;&#115;&#097;n&#x6f;&#x6d;&#x61;&#116;&#046;f&#x69;, puhelin 040 7719 291 Urheilu: u&#114;&#x68;&#x65;i&#108;&#117;&#x40;&#x68;a&#109;&#x65;&#x65;n&#115;&#097;&#x6e;&#x6f;m&#097;&#x74;&#x2e;f&#105;, 03 6151 470 P\u00e4\u00e4toimittaja Tuulia Viitanen 044 [&hellip;]\" \/>\n<meta property=\"og:url\" content=\"https:\/\/oma.media.fi\/hameen-sanomat\/hameen-sanomat-toimituksen-yhteystiedot\/\" \/>\n<meta property=\"og:site_name\" content=\"H\u00e4meen Sanomat\" \/>\n<meta property=\"article:modified_time\" content=\"2026-04-01T07:48:54+00:00\" \/>\n<meta name=\"twitter:card\" content=\"summary_large_image\" \/>\n<meta name=\"twitter:label1\" content=\"Arvioitu lukuaika\" \/>\n\t<meta name=\"twitter:data1\" content=\"2 minuuttia\" \/>\n<script type=\"application\/ld+json\" class=\"yoast-schema-graph\">{\"@context\":\"https:\/\/schema.org\",\"@graph\":[{\"@type\":\"WebPage\",\"@id\":\"https:\/\/oma.media.fi\/hameen-sanomat\/hameen-sanomat-toimituksen-yhteystiedot\/\",\"url\":\"https:\/\/oma.media.fi\/hameen-sanomat\/hameen-sanomat-toimituksen-yhteystiedot\/\",\"name\":\"H\u00e4meen Sanomat toimituksen yhteystiedot - H\u00e4meen Sanomat\",\"isPartOf\":{\"@id\":\"https:\/\/oma.media.fi\/hameen-sanomat\/#website\"},\"datePublished\":\"2022-09-29T10:24:01+00:00\",\"dateModified\":\"2026-04-01T07:48:54+00:00\",\"breadcrumb\":{\"@id\":\"https:\/\/oma.media.fi\/hameen-sanomat\/hameen-sanomat-toimituksen-yhteystiedot\/#breadcrumb\"},\"inLanguage\":\"fi\",\"potentialAction\":[{\"@type\":\"ReadAction\",\"target\":[\"https:\/\/oma.media.fi\/hameen-sanomat\/hameen-sanomat-toimituksen-yhteystiedot\/\"]}]},{\"@type\":\"BreadcrumbList\",\"@id\":\"https:\/\/oma.media.fi\/hameen-sanomat\/hameen-sanomat-toimituksen-yhteystiedot\/#breadcrumb\",\"itemListElement\":[{\"@type\":\"ListItem\",\"position\":1,\"name\":\"Etusivu\",\"item\":\"https:\/\/oma.media.fi\/hameen-sanomat\/\"},{\"@type\":\"ListItem\",\"position\":2,\"name\":\"H\u00e4meen Sanomat toimituksen yhteystiedot\"}]},{\"@type\":\"WebSite\",\"@id\":\"https:\/\/oma.media.fi\/hameen-sanomat\/#website\",\"url\":\"https:\/\/oma.media.fi\/hameen-sanomat\/\",\"name\":\"H\u00e4meen Sanomat\",\"description\":\"\",\"potentialAction\":[{\"@type\":\"SearchAction\",\"target\":{\"@type\":\"EntryPoint\",\"urlTemplate\":\"https:\/\/oma.media.fi\/hameen-sanomat\/?s={search_term_string}\"},\"query-input\":{\"@type\":\"PropertyValueSpecification\",\"valueRequired\":true,\"valueName\":\"search_term_string\"}}],\"inLanguage\":\"fi\"}]}<\/script>\n<!-- \/ Yoast SEO plugin. -->","yoast_head_json":{"title":"H\u00e4meen Sanomat toimituksen yhteystiedot - H\u00e4meen Sanomat","robots":{"index":"index","follow":"follow","max-snippet":"max-snippet:-1","max-image-preview":"max-image-preview:large","max-video-preview":"max-video-preview:-1"},"canonical":"https:\/\/oma.media.fi\/hameen-sanomat\/hameen-sanomat-toimituksen-yhteystiedot\/","og_locale":"fi_FI","og_type":"article","og_title":"H\u00e4meen Sanomat toimituksen yhteystiedot","og_description":"Toimituksen yhteystiedot Postiosoite: PL 530, 13111 H\u00e4meenlinna Uutisdeski: 03 6151 410, &#116;&#x6f;i&#109;&#x69;t&#117;&#x73;&#64;&#104;&#x61;m&#101;&#x65;n&#115;&#x61;n&#111;&#x6d;a&#116;&#x2e;f&#105; (juttuvinkit, uutisp\u00e4\u00e4llik\u00f6t) Toimituksen Whatsapp-numero: 040 4577 980 (lukijan kuvat, juttuvinkit) Lehden osastot Ajastin: &#x61;&#x6a;&#x61;&#x73;&#116;&#105;&#110;&#64;ham&#x65;&#x65;&#x6e;&#x73;&#x61;&#110;&#111;&#109;at&#46;&#x66;&#x69; Hameensanomat.fi: &#x6d;&#111;n&#x69;&#x6d;&#101;d&#x69;&#x61;&#64;h&#x61;&#x6d;&#101;e&#x6e;&#x73;&#97;n&#x6f;&#109;&#97;t&#x2e;&#102;i Kulttuuri: &#107;&#x75;l&#116;&#x74;u&#117;&#x72;i&#64;&#x68;a&#109;&#x65;&#101;&#x6e;&#x73;&#97;&#x6e;&#x6f;&#109;&#x61;t&#46;&#x66;i, puhelin 040 8682 450 Mielipide: m&#105;&#101;&#x6c;&#x69;pi&#100;&#101;&#x40;&#x68;am&#101;&#101;&#x6e;&#x73;an&#111;&#x6d;&#x61;&#x74;&#46;&#102;&#105;, puhelin 03 6151 452 Talous: &#x74;&#x61;&#108;&#111;u&#x73;&#x40;&#x68;&#97;me&#x65;&#x6e;&#115;&#97;n&#x6f;&#x6d;&#x61;&#116;&#46;f&#x69;, puhelin 040 7719 291 Urheilu: u&#114;&#x68;&#x65;i&#108;&#117;&#x40;&#x68;a&#109;&#x65;&#x65;n&#115;&#97;&#x6e;&#x6f;m&#97;&#x74;&#x2e;f&#105;, 03 6151 470 P\u00e4\u00e4toimittaja Tuulia Viitanen 044 [&hellip;]","og_url":"https:\/\/oma.media.fi\/hameen-sanomat\/hameen-sanomat-toimituksen-yhteystiedot\/","og_site_name":"H\u00e4meen Sanomat","article_modified_time":"2026-04-01T07:48:54+00:00","twitter_card":"summary_large_image","twitter_misc":{"Arvioitu lukuaika":"2 minuuttia"},"schema":{"@context":"https:\/\/schema.org","@graph":[{"@type":"WebPage","@id":"https:\/\/oma.media.fi\/hameen-sanomat\/hameen-sanomat-toimituksen-yhteystiedot\/","url":"https:\/\/oma.media.fi\/hameen-sanomat\/hameen-sanomat-toimituksen-yhteystiedot\/","name":"H\u00e4meen Sanomat toimituksen yhteystiedot - H\u00e4meen Sanomat","isPartOf":{"@id":"https:\/\/oma.media.fi\/hameen-sanomat\/#website"},"datePublished":"2022-09-29T10:24:01+00:00","dateModified":"2026-04-01T07:48:54+00:00","breadcrumb":{"@id":"https:\/\/oma.media.fi\/hameen-sanomat\/hameen-sanomat-toimituksen-yhteystiedot\/#breadcrumb"},"inLanguage":"fi","potentialAction":[{"@type":"ReadAction","target":["https:\/\/oma.media.fi\/hameen-sanomat\/hameen-sanomat-toimituksen-yhteystiedot\/"]}]},{"@type":"BreadcrumbList","@id":"https:\/\/oma.media.fi\/hameen-sanomat\/hameen-sanomat-toimituksen-yhteystiedot\/#breadcrumb","itemListElement":[{"@type":"ListItem","position":1,"name":"Etusivu","item":"https:\/\/oma.media.fi\/hameen-sanomat\/"},{"@type":"ListItem","position":2,"name":"H\u00e4meen Sanomat toimituksen yhteystiedot"}]},{"@type":"WebSite","@id":"https:\/\/oma.media.fi\/hameen-sanomat\/#website","url":"https:\/\/oma.media.fi\/hameen-sanomat\/","name":"H\u00e4meen Sanomat","description":"","potentialAction":[{"@type":"SearchAction","target":{"@type":"EntryPoint","urlTemplate":"https:\/\/oma.media.fi\/hameen-sanomat\/?s={search_term_string}"},"query-input":{"@type":"PropertyValueSpecification","valueRequired":true,"valueName":"search_term_string"}}],"inLanguage":"fi"}]}},"publishpress_future_action":{"enabled":false,"date":"2026-04-26 00:03:08","action":"change-status","newStatus":"draft","terms":[],"taxonomy":"","extraData":[]},"publishpress_future_workflow_manual_trigger":{"enabledWorkflows":[]},"_links":{"self":[{"href":"https:\/\/oma.media.fi\/hameen-sanomat\/wp-json\/wp\/v2\/pages\/1350","targetHints":{"allow":["GET"]}}],"collection":[{"href":"https:\/\/oma.media.fi\/hameen-sanomat\/wp-json\/wp\/v2\/pages"}],"about":[{"href":"https:\/\/oma.media.fi\/hameen-sanomat\/wp-json\/wp\/v2\/types\/page"}],"author":[{"embeddable":true,"href":"https:\/\/oma.media.fi\/hameen-sanomat\/wp-json\/wp\/v2\/users\/69"}],"replies":[{"embeddable":true,"href":"https:\/\/oma.media.fi\/hameen-sanomat\/wp-json\/wp\/v2\/comments?post=1350"}],"version-history":[{"count":25,"href":"https:\/\/oma.media.fi\/hameen-sanomat\/wp-json\/wp\/v2\/pages\/1350\/revisions"}],"predecessor-version":[{"id":4913,"href":"https:\/\/oma.media.fi\/hameen-sanomat\/wp-json\/wp\/v2\/pages\/1350\/revisions\/4913"}],"wp:attachment":[{"href":"https:\/\/oma.media.fi\/hameen-sanomat\/wp-json\/wp\/v2\/media?parent=1350"}],"curies":[{"name":"wp","href":"https:\/\/api.w.org\/{rel}","templated":true}]}}