{"id":136,"date":"2018-11-19T15:06:34","date_gmt":"2018-11-19T12:06:34","guid":{"rendered":"https:\/\/oma.media.fi\/hameen-sanomat\/ilmestymispaivat\/"},"modified":"2026-01-07T10:41:05","modified_gmt":"2026-01-07T08:41:05","slug":"ilmestymispaivat","status":"publish","type":"page","link":"https:\/\/oma.media.fi\/hameen-sanomat\/ilmestymispaivat\/","title":{"rendered":"Ilmestymisp\u00e4iv\u00e4t"},"content":{"rendered":"<p>H\u00e4meen Sanomat uutisoi verkossa vuoden jokaisena p\u00e4iv\u00e4n\u00e4. H\u00e4meen Sanomat ilmestyy painettuna joka p\u00e4iv\u00e4 maanantaista sunnuntaihin muutamaa poikkeusta lukuun ottamatta. N\u00e4k\u00f6islehti on luettavissa verkossa lehden ilmestymisp\u00e4ivin\u00e4 ja j\u00e4lkik\u00e4teen arkistossa.<\/p>\n<p><strong>Painettu lehti ei ilmesty vuonna 2026:<\/strong><\/p>\n<div class=\"table--responsive\"><table style=\"width: 492px;height: 631px\" width=\"331\">\n<tbody>\n<tr style=\"height: 26px\">\n<td style=\"width: 140.615px;height: 26px\">to 1.1.2026<\/td>\n<td style=\"width: 337.385px;height: 26px\">Uudenvuodenp\u00e4iv\u00e4<\/td>\n<\/tr>\n<tr style=\"height: 26px\">\n<td style=\"width: 140.615px;height: 26px\">ti 6.1.2026<\/td>\n<td style=\"width: 337.385px;height: 26px\">Loppiainen<\/td>\n<\/tr>\n<tr style=\"height: 26px\">\n<td style=\"width: 140.615px;height: 26px\">ke 7.1.2026<\/td>\n<td style=\"width: 337.385px;height: 26px\">Loppiaisen j\u00e4lkeinen p\u00e4iv\u00e4<\/td>\n<\/tr>\n<tr style=\"height: 26px\">\n<td style=\"width: 140.615px;height: 26px\">la 4.4.2026<\/td>\n<td style=\"width: 337.385px;height: 26px\">P\u00e4\u00e4si\u00e4islauantai<\/td>\n<\/tr>\n<tr style=\"height: 26px\">\n<td style=\"width: 140.615px;height: 26px\">su 5.4.2026<\/td>\n<td style=\"width: 337.385px;height: 26px\">P\u00e4\u00e4si\u00e4isp\u00e4iv\u00e4<\/td>\n<\/tr>\n<tr style=\"height: 26px\">\n<td style=\"width: 140.615px;height: 26px\">ma 6.4.2026<\/td>\n<td style=\"width: 337.385px;height: 26px\">2. p\u00e4\u00e4si\u00e4isp\u00e4iv\u00e4<\/td>\n<\/tr>\n<tr style=\"height: 26px\">\n<td style=\"width: 140.615px;height: 26px\">pe 1.5.2026<\/td>\n<td style=\"width: 337.385px;height: 26px\">Vappu<\/td>\n<\/tr>\n<tr style=\"height: 26px\">\n<td style=\"width: 140.615px;height: 26px\">la 2.5.2026<\/td>\n<td style=\"width: 337.385px;height: 26px\">Vapun j\u00e4lkeinen p\u00e4iv\u00e4<\/td>\n<\/tr>\n<tr style=\"height: 26px\">\n<td style=\"width: 140.615px;height: 26px\">to 14.5.2026<\/td>\n<td style=\"width: 337.385px;height: 26px\">Helatorstai<\/td>\n<\/tr>\n<tr style=\"height: 26px\">\n<td style=\"width: 140.615px;height: 26px\">pe 15.5.2026<\/td>\n<td style=\"width: 337.385px;height: 26px\">Helatorstain j\u00e4lkeinen perjantai<\/td>\n<\/tr>\n<tr style=\"height: 26px\">\n<td style=\"width: 140.615px;height: 26px\">pe 19.6.2026<\/td>\n<td style=\"width: 337.385px;height: 26px\">Juhannusaatto<\/td>\n<\/tr>\n<tr style=\"height: 26px\">\n<td style=\"width: 140.615px;height: 26px\">la 20.6.2026<\/td>\n<td style=\"width: 337.385px;height: 26px\">Juhannusp\u00e4iv\u00e4<\/td>\n<\/tr>\n<tr style=\"height: 26px\">\n<td style=\"width: 140.615px;height: 26px\">su 21.6.2026<\/td>\n<td style=\"width: 337.385px;height: 26px\">Juhannussunnuntai<\/td>\n<\/tr>\n<tr style=\"height: 26px\">\n<td style=\"width: 140.615px;height: 26px\">la 31.10.2026<\/td>\n<td style=\"width: 337.385px;height: 26px\">Pyh\u00e4inp\u00e4iv\u00e4<\/td>\n<\/tr>\n<tr style=\"height: 26px\">\n<td style=\"width: 140.615px;height: 26px\">su 1.11.2026<\/td>\n<td style=\"width: 337.385px;height: 26px\">Pyh\u00e4inp\u00e4iv\u00e4n j\u00e4lkeinen sunnuntai<\/td>\n<\/tr>\n<tr style=\"height: 26px\">\n<td style=\"width: 140.615px;height: 26px\">su 6.12.2026<\/td>\n<td style=\"width: 337.385px;height: 26px\">Itsen\u00e4isyysp\u00e4iv\u00e4<\/td>\n<\/tr>\n<tr style=\"height: 26px\">\n<td style=\"width: 140.615px;height: 26px\">ma 7.12.2026<\/td>\n<td style=\"width: 337.385px;height: 26px\">Itsen\u00e4isyysp\u00e4iv\u00e4n j\u00e4lkeinen p\u00e4iv\u00e4<\/td>\n<\/tr>\n<tr style=\"height: 26px\">\n<td style=\"width: 140.615px;height: 26px\">pe 25.12.2026<\/td>\n<td style=\"width: 337.385px;height: 26px\">Joulup\u00e4iv\u00e4<\/td>\n<\/tr>\n<tr style=\"height: 26px\">\n<td style=\"width: 140.615px;height: 26px\">la 26.12.2026<\/td>\n<td style=\"width: 337.385px;height: 26px\">Tapaninp\u00e4iv\u00e4<\/td>\n<\/tr>\n<tr style=\"height: 26px\">\n<td style=\"width: 140.615px;height: 26px\">su 27.12.2026<\/td>\n<td style=\"width: 337.385px;height: 26px\">Joulun j\u00e4lkeinen p\u00e4iv\u00e4<\/td>\n<\/tr>\n<\/tbody>\n<\/table><\/div>\n<p>&nbsp;<\/p>\n","protected":false},"excerpt":{"rendered":"<p>H\u00e4meen Sanomat uutisoi verkossa vuoden jokaisena p\u00e4iv\u00e4n\u00e4. H\u00e4meen Sanomat ilmestyy painettuna joka p\u00e4iv\u00e4 maanantaista sunnuntaihin muutamaa poikkeusta lukuun ottamatta. N\u00e4k\u00f6islehti on luettavissa verkossa lehden ilmestymisp\u00e4ivin\u00e4 ja j\u00e4lkik\u00e4teen arkistossa. Painettu lehti ei ilmesty vuonna 2026: to 1.1.2026 Uudenvuodenp\u00e4iv\u00e4 ti 6.1.2026 Loppiainen ke 7.1.2026 Loppiaisen j\u00e4lkeinen p\u00e4iv\u00e4 la 4.4.2026 P\u00e4\u00e4si\u00e4islauantai su 5.4.2026 P\u00e4\u00e4si\u00e4isp\u00e4iv\u00e4 ma 6.4.2026 2. p\u00e4\u00e4si\u00e4isp\u00e4iv\u00e4 [&hellip;]<\/p>\n","protected":false},"author":1,"featured_media":0,"parent":0,"menu_order":0,"comment_status":"closed","ping_status":"closed","template":"","meta":{"_acf_changed":false,"footnotes":""},"class_list":["post-136","page","type-page","status-publish","hentry"],"acf":[],"yoast_head":"<!-- This site is optimized with the Yoast SEO plugin v26.2 - https:\/\/yoast.com\/wordpress\/plugins\/seo\/ -->\n<title>Ilmestymisp\u00e4iv\u00e4t - H\u00e4meen Sanomat<\/title>\n<meta name=\"robots\" content=\"index, follow, max-snippet:-1, max-image-preview:large, max-video-preview:-1\" \/>\n<link rel=\"canonical\" href=\"https:\/\/oma.media.fi\/hameen-sanomat\/ilmestymispaivat\/\" \/>\n<meta property=\"og:locale\" content=\"fi_FI\" \/>\n<meta property=\"og:type\" content=\"article\" \/>\n<meta property=\"og:title\" content=\"Ilmestymisp\u00e4iv\u00e4t\" \/>\n<meta property=\"og:description\" content=\"H\u00e4meen Sanomat uutisoi verkossa vuoden jokaisena p\u00e4iv\u00e4n\u00e4. H\u00e4meen Sanomat ilmestyy painettuna joka p\u00e4iv\u00e4 maanantaista sunnuntaihin muutamaa poikkeusta lukuun ottamatta. N\u00e4k\u00f6islehti on luettavissa verkossa lehden ilmestymisp\u00e4ivin\u00e4 ja j\u00e4lkik\u00e4teen arkistossa. Painettu lehti ei ilmesty vuonna 2026: to 1.1.2026 Uudenvuodenp\u00e4iv\u00e4 ti 6.1.2026 Loppiainen ke 7.1.2026 Loppiaisen j\u00e4lkeinen p\u00e4iv\u00e4 la 4.4.2026 P\u00e4\u00e4si\u00e4islauantai su 5.4.2026 P\u00e4\u00e4si\u00e4isp\u00e4iv\u00e4 ma 6.4.2026 2. p\u00e4\u00e4si\u00e4isp\u00e4iv\u00e4 [&hellip;]\" \/>\n<meta property=\"og:url\" content=\"https:\/\/oma.media.fi\/hameen-sanomat\/ilmestymispaivat\/\" \/>\n<meta property=\"og:site_name\" content=\"H\u00e4meen Sanomat\" \/>\n<meta property=\"article:modified_time\" content=\"2026-01-07T08:41:05+00:00\" \/>\n<meta name=\"twitter:card\" content=\"summary_large_image\" \/>\n<meta name=\"twitter:label1\" content=\"Arvioitu lukuaika\" \/>\n\t<meta name=\"twitter:data1\" content=\"1 minuutti\" \/>\n<script type=\"application\/ld+json\" class=\"yoast-schema-graph\">{\"@context\":\"https:\/\/schema.org\",\"@graph\":[{\"@type\":\"WebPage\",\"@id\":\"https:\/\/oma.media.fi\/hameen-sanomat\/ilmestymispaivat\/\",\"url\":\"https:\/\/oma.media.fi\/hameen-sanomat\/ilmestymispaivat\/\",\"name\":\"Ilmestymisp\u00e4iv\u00e4t - H\u00e4meen Sanomat\",\"isPartOf\":{\"@id\":\"https:\/\/oma.media.fi\/hameen-sanomat\/#website\"},\"datePublished\":\"2018-11-19T12:06:34+00:00\",\"dateModified\":\"2026-01-07T08:41:05+00:00\",\"breadcrumb\":{\"@id\":\"https:\/\/oma.media.fi\/hameen-sanomat\/ilmestymispaivat\/#breadcrumb\"},\"inLanguage\":\"fi\",\"potentialAction\":[{\"@type\":\"ReadAction\",\"target\":[\"https:\/\/oma.media.fi\/hameen-sanomat\/ilmestymispaivat\/\"]}]},{\"@type\":\"BreadcrumbList\",\"@id\":\"https:\/\/oma.media.fi\/hameen-sanomat\/ilmestymispaivat\/#breadcrumb\",\"itemListElement\":[{\"@type\":\"ListItem\",\"position\":1,\"name\":\"Etusivu\",\"item\":\"https:\/\/oma.media.fi\/hameen-sanomat\/\"},{\"@type\":\"ListItem\",\"position\":2,\"name\":\"Ilmestymisp\u00e4iv\u00e4t\"}]},{\"@type\":\"WebSite\",\"@id\":\"https:\/\/oma.media.fi\/hameen-sanomat\/#website\",\"url\":\"https:\/\/oma.media.fi\/hameen-sanomat\/\",\"name\":\"H\u00e4meen Sanomat\",\"description\":\"\",\"potentialAction\":[{\"@type\":\"SearchAction\",\"target\":{\"@type\":\"EntryPoint\",\"urlTemplate\":\"https:\/\/oma.media.fi\/hameen-sanomat\/?s={search_term_string}\"},\"query-input\":{\"@type\":\"PropertyValueSpecification\",\"valueRequired\":true,\"valueName\":\"search_term_string\"}}],\"inLanguage\":\"fi\"}]}<\/script>\n<!-- \/ Yoast SEO plugin. -->","yoast_head_json":{"title":"Ilmestymisp\u00e4iv\u00e4t - H\u00e4meen Sanomat","robots":{"index":"index","follow":"follow","max-snippet":"max-snippet:-1","max-image-preview":"max-image-preview:large","max-video-preview":"max-video-preview:-1"},"canonical":"https:\/\/oma.media.fi\/hameen-sanomat\/ilmestymispaivat\/","og_locale":"fi_FI","og_type":"article","og_title":"Ilmestymisp\u00e4iv\u00e4t","og_description":"H\u00e4meen Sanomat uutisoi verkossa vuoden jokaisena p\u00e4iv\u00e4n\u00e4. H\u00e4meen Sanomat ilmestyy painettuna joka p\u00e4iv\u00e4 maanantaista sunnuntaihin muutamaa poikkeusta lukuun ottamatta. N\u00e4k\u00f6islehti on luettavissa verkossa lehden ilmestymisp\u00e4ivin\u00e4 ja j\u00e4lkik\u00e4teen arkistossa. Painettu lehti ei ilmesty vuonna 2026: to 1.1.2026 Uudenvuodenp\u00e4iv\u00e4 ti 6.1.2026 Loppiainen ke 7.1.2026 Loppiaisen j\u00e4lkeinen p\u00e4iv\u00e4 la 4.4.2026 P\u00e4\u00e4si\u00e4islauantai su 5.4.2026 P\u00e4\u00e4si\u00e4isp\u00e4iv\u00e4 ma 6.4.2026 2. p\u00e4\u00e4si\u00e4isp\u00e4iv\u00e4 [&hellip;]","og_url":"https:\/\/oma.media.fi\/hameen-sanomat\/ilmestymispaivat\/","og_site_name":"H\u00e4meen Sanomat","article_modified_time":"2026-01-07T08:41:05+00:00","twitter_card":"summary_large_image","twitter_misc":{"Arvioitu lukuaika":"1 minuutti"},"schema":{"@context":"https:\/\/schema.org","@graph":[{"@type":"WebPage","@id":"https:\/\/oma.media.fi\/hameen-sanomat\/ilmestymispaivat\/","url":"https:\/\/oma.media.fi\/hameen-sanomat\/ilmestymispaivat\/","name":"Ilmestymisp\u00e4iv\u00e4t - H\u00e4meen Sanomat","isPartOf":{"@id":"https:\/\/oma.media.fi\/hameen-sanomat\/#website"},"datePublished":"2018-11-19T12:06:34+00:00","dateModified":"2026-01-07T08:41:05+00:00","breadcrumb":{"@id":"https:\/\/oma.media.fi\/hameen-sanomat\/ilmestymispaivat\/#breadcrumb"},"inLanguage":"fi","potentialAction":[{"@type":"ReadAction","target":["https:\/\/oma.media.fi\/hameen-sanomat\/ilmestymispaivat\/"]}]},{"@type":"BreadcrumbList","@id":"https:\/\/oma.media.fi\/hameen-sanomat\/ilmestymispaivat\/#breadcrumb","itemListElement":[{"@type":"ListItem","position":1,"name":"Etusivu","item":"https:\/\/oma.media.fi\/hameen-sanomat\/"},{"@type":"ListItem","position":2,"name":"Ilmestymisp\u00e4iv\u00e4t"}]},{"@type":"WebSite","@id":"https:\/\/oma.media.fi\/hameen-sanomat\/#website","url":"https:\/\/oma.media.fi\/hameen-sanomat\/","name":"H\u00e4meen Sanomat","description":"","potentialAction":[{"@type":"SearchAction","target":{"@type":"EntryPoint","urlTemplate":"https:\/\/oma.media.fi\/hameen-sanomat\/?s={search_term_string}"},"query-input":{"@type":"PropertyValueSpecification","valueRequired":true,"valueName":"search_term_string"}}],"inLanguage":"fi"}]}},"publishpress_future_action":{"enabled":false,"date":"2026-05-13 07:54:21","action":"change-status","newStatus":"draft","terms":[],"taxonomy":"","extraData":[]},"publishpress_future_workflow_manual_trigger":{"enabledWorkflows":[]},"_links":{"self":[{"href":"https:\/\/oma.media.fi\/hameen-sanomat\/wp-json\/wp\/v2\/pages\/136","targetHints":{"allow":["GET"]}}],"collection":[{"href":"https:\/\/oma.media.fi\/hameen-sanomat\/wp-json\/wp\/v2\/pages"}],"about":[{"href":"https:\/\/oma.media.fi\/hameen-sanomat\/wp-json\/wp\/v2\/types\/page"}],"author":[{"embeddable":true,"href":"https:\/\/oma.media.fi\/hameen-sanomat\/wp-json\/wp\/v2\/users\/1"}],"replies":[{"embeddable":true,"href":"https:\/\/oma.media.fi\/hameen-sanomat\/wp-json\/wp\/v2\/comments?post=136"}],"version-history":[{"count":17,"href":"https:\/\/oma.media.fi\/hameen-sanomat\/wp-json\/wp\/v2\/pages\/136\/revisions"}],"predecessor-version":[{"id":4776,"href":"https:\/\/oma.media.fi\/hameen-sanomat\/wp-json\/wp\/v2\/pages\/136\/revisions\/4776"}],"wp:attachment":[{"href":"https:\/\/oma.media.fi\/hameen-sanomat\/wp-json\/wp\/v2\/media?parent=136"}],"curies":[{"name":"wp","href":"https:\/\/api.w.org\/{rel}","templated":true}]}}