{"id":213,"date":"2018-11-20T12:47:07","date_gmt":"2018-11-20T10:47:07","guid":{"rendered":"https:\/\/oma.media.fi\/hameen-sanomat\/tilauslaskutus\/e-lasku\/"},"modified":"2026-02-12T09:06:42","modified_gmt":"2026-02-12T07:06:42","slug":"e-lasku","status":"publish","type":"page","link":"https:\/\/oma.media.fi\/hameen-sanomat\/tilauslaskutus\/e-lasku\/","title":{"rendered":"E-lasku"},"content":{"rendered":"<p data-start=\"0\" data-end=\"57\"><strong data-start=\"0\" data-end=\"57\">Tilauslasku suoraan verkkopankkiin \u2013 ilman lis\u00e4kuluja<\/strong><\/p>\n<p data-start=\"59\" data-end=\"261\">Haluatko hoitaa laskut nopeasti ja huoletta? Ota maksuton e-lasku k\u00e4ytt\u00f6\u00f6n. Saat tilauslaskusi suoraan verkkopankkiisi ja voit maksaa sen parilla klikkauksella \u2013 tai antaa maksun hoitua automaattisesti.<\/p>\n<h3 data-start=\"263\" data-end=\"294\">N\u00e4in otat e-laskun k\u00e4ytt\u00f6\u00f6n<\/h3>\n<ol>\n<li data-start=\"296\" data-end=\"326\">\n<p data-start=\"299\" data-end=\"326\">Kirjaudu verkkopankkiisi.<\/p>\n<\/li>\n<li data-start=\"327\" data-end=\"362\">\n<p data-start=\"330\" data-end=\"362\">Siirry e-laskujen tilaamiseen.<\/p>\n<\/li>\n<li data-start=\"363\" data-end=\"463\">\n<p data-start=\"366\" data-end=\"463\">Hae laskuttajaksi lehden nimi (esim. Keskisuomalainen, Savon Sanomat, Etel\u00e4-Saimaa, Aamuposti).<\/p>\n<\/li>\n<li>Lis\u00e4\u00e4 yksil\u00f6intitiedoksi asiakasnumerosi. L\u00f6yd\u00e4t sen:<\/li>\n<\/ol>\n<p style=\"padding-left: 40px\">\u2013 <strong>Omista tiedoista:<\/strong> kirjaudu sis\u00e4\u00e4n\u00a0<a href=\"https:\/\/media.portal.worldoftulo.com\/login\/index?continue=https:\/\/media.portal.worldoftulo.com\/\" target=\"_self\" rel=\"noopener noreferrer\" data-interception=\"off\">itsepalveluun.<\/a><\/p>\n<p style=\"padding-left: 40px\">\u2013 <strong>Tilauslaskusta. <\/strong>N\u00e4et asiakasnumeron viimeisimm\u00e4st\u00e4 tilauslaskustasi.<\/p>\n<p style=\"padding-left: 40px\">\u2013 <strong>Tekstiviestill\u00e4.<\/strong> L\u00e4het\u00e4 tekstiviesti <strong data-start=\"618\" data-end=\"635\">ASIAKASNUMERO<\/strong> numeroon 13300 (0,25 \u20ac).<\/p>\n<p style=\"padding-left: 40px\"><strong>\u2013 Asiakaspalvelusta<\/strong>: Voit pyyt\u00e4\u00e4 asiakasnumeroasi asiakaspalvelusta t\u00e4m\u00e4n\u00a0<a href=\"https:\/\/oma.media.fi\/hameen-sanomat\/yhteystiedot\/ota-yhteytta\/\" target=\"_self\" rel=\"noopener noreferrer\" data-interception=\"off\">lomakkeen<\/a>\u00a0kautta.<\/p>\n<p data-start=\"665\" data-end=\"679\">L\u00e4het\u00e4 lomake.<\/p>\n<p data-start=\"681\" data-end=\"740\">Valmista! Seuraavat laskut tulevat suoraan verkkopankkiisi.<\/p>\n<hr data-start=\"742\" data-end=\"745\" \/>\n<h3 data-start=\"747\" data-end=\"777\">Mit\u00e4 tapahtuu seuraavaksi?<\/h3>\n<p data-start=\"779\" data-end=\"946\">Kun pankkisi v\u00e4litt\u00e4\u00e4 valtuutuksen meille, l\u00e4het\u00e4mme tulevat laskut s\u00e4hk\u00f6isesti verkkopankkiisi. Saat ilmoituksen uudesta laskusta, tarkistat sen ja hyv\u00e4ksyt maksun.<\/p>\n<p data-start=\"948\" data-end=\"1076\">Halutessasi voit ottaa k\u00e4ytt\u00f6\u00f6n automaattisen maksamisen. Silloin maksu l\u00e4htee tililt\u00e4si er\u00e4p\u00e4iv\u00e4n\u00e4 ilman erillist\u00e4 hyv\u00e4ksynt\u00e4\u00e4.<\/p>\n<p data-start=\"1078\" data-end=\"1171\">Kaikki laskut tallentuvat verkkopankkiisi, josta voit tarvittaessa tulostaa tai tallentaa ne.<\/p>\n<hr data-start=\"1173\" data-end=\"1176\" \/>\n<h2 data-start=\"1178\" data-end=\"1202\">Miksi valita e-lasku?<\/h2>\n<p data-start=\"1204\" data-end=\"1351\"><strong data-start=\"1204\" data-end=\"1214\">Helppo<\/strong><br data-start=\"1214\" data-end=\"1217\" \/>Ei en\u00e4\u00e4 viitenumeroiden n\u00e4pyttely\u00e4 tai paperilaskujen s\u00e4ilytt\u00e4mist\u00e4. Kaikki hoituu yhdess\u00e4 paikassa \u2013 my\u00f6s puhelimella tai tabletilla.<\/p>\n<p data-start=\"1353\" data-end=\"1480\"><strong data-start=\"1353\" data-end=\"1368\">Turvallinen<\/strong><br data-start=\"1368\" data-end=\"1371\" \/>Pankit tunnistavat laskuttajat ja maksajat tarkasti. Voit my\u00f6s muokata maksutietoja suoraan verkkopankissasi.<\/p>\n<p data-start=\"1482\" data-end=\"1573\"><strong data-start=\"1482\" data-end=\"1507\">Ymp\u00e4rist\u00f6yst\u00e4v\u00e4llinen<\/strong><br data-start=\"1507\" data-end=\"1510\" \/>E-laskun hiilijalanj\u00e4lki on vain noin kolmannes paperilaskusta.<\/p>\n<p data-start=\"1575\" data-end=\"1668\"><strong data-start=\"1575\" data-end=\"1588\">Edullinen<\/strong><br data-start=\"1588\" data-end=\"1591\" \/>S\u00e4\u00e4st\u00e4t paperilaskun postitus- ja k\u00e4sittelykulut jokaisella laskutuskerralla.<\/p>\n<hr data-start=\"1670\" data-end=\"1673\" \/>\n<p data-start=\"1675\" data-end=\"1771\" data-is-last-node=\"\" data-is-only-node=\"\">Siirry sujuvampaan tapaan maksaa. Ota e-lasku k\u00e4ytt\u00f6\u00f6n jo t\u00e4n\u00e4\u00e4n ja tee arjesta v\u00e4h\u00e4n helpompaa.<\/p>\n","protected":false},"excerpt":{"rendered":"<p>Tilauslasku suoraan verkkopankkiin \u2013 ilman lis\u00e4kuluja Haluatko hoitaa laskut nopeasti ja huoletta? Ota maksuton e-lasku k\u00e4ytt\u00f6\u00f6n. Saat tilauslaskusi suoraan verkkopankkiisi ja voit maksaa sen parilla klikkauksella \u2013 tai antaa maksun hoitua automaattisesti. N\u00e4in otat e-laskun k\u00e4ytt\u00f6\u00f6n Kirjaudu verkkopankkiisi. Siirry e-laskujen tilaamiseen. Hae laskuttajaksi lehden nimi (esim. Keskisuomalainen, Savon Sanomat, Etel\u00e4-Saimaa, Aamuposti). Lis\u00e4\u00e4 yksil\u00f6intitiedoksi asiakasnumerosi. L\u00f6yd\u00e4t [&hellip;]<\/p>\n","protected":false},"author":1,"featured_media":0,"parent":210,"menu_order":0,"comment_status":"closed","ping_status":"closed","template":"","meta":{"_acf_changed":false,"footnotes":""},"class_list":["post-213","page","type-page","status-publish","hentry"],"acf":[],"yoast_head":"<!-- This site is optimized with the Yoast SEO plugin v26.2 - https:\/\/yoast.com\/wordpress\/plugins\/seo\/ -->\n<title>E-lasku - H\u00e4meen Sanomat<\/title>\n<meta name=\"description\" content=\"Tilauslasku maksuttomasti, helposti ja turvallisesti e-laskulla! Katso ohjeet e-laskusopimuksen tekemiseksi omassa verkkopankissasi.\" \/>\n<meta name=\"robots\" content=\"index, follow, max-snippet:-1, max-image-preview:large, max-video-preview:-1\" \/>\n<link rel=\"canonical\" href=\"https:\/\/oma.media.fi\/hameen-sanomat\/tilauslaskutus\/e-lasku\/\" \/>\n<meta property=\"og:locale\" content=\"fi_FI\" \/>\n<meta property=\"og:type\" content=\"article\" \/>\n<meta property=\"og:title\" content=\"E-lasku\" \/>\n<meta property=\"og:description\" content=\"Tilauslasku maksuttomasti, helposti ja turvallisesti e-laskulla! Katso ohjeet e-laskusopimuksen tekemiseksi omassa verkkopankissasi.\" \/>\n<meta property=\"og:url\" content=\"https:\/\/oma.media.fi\/hameen-sanomat\/tilauslaskutus\/e-lasku\/\" \/>\n<meta property=\"og:site_name\" content=\"H\u00e4meen Sanomat\" \/>\n<meta property=\"article:modified_time\" content=\"2026-02-12T07:06:42+00:00\" \/>\n<meta name=\"twitter:card\" content=\"summary_large_image\" \/>\n<meta name=\"twitter:label1\" content=\"Arvioitu lukuaika\" \/>\n\t<meta name=\"twitter:data1\" content=\"2 minuuttia\" \/>\n<script type=\"application\/ld+json\" class=\"yoast-schema-graph\">{\"@context\":\"https:\/\/schema.org\",\"@graph\":[{\"@type\":\"WebPage\",\"@id\":\"https:\/\/oma.media.fi\/hameen-sanomat\/tilauslaskutus\/e-lasku\/\",\"url\":\"https:\/\/oma.media.fi\/hameen-sanomat\/tilauslaskutus\/e-lasku\/\",\"name\":\"E-lasku - H\u00e4meen Sanomat\",\"isPartOf\":{\"@id\":\"https:\/\/oma.media.fi\/hameen-sanomat\/#website\"},\"datePublished\":\"2018-11-20T10:47:07+00:00\",\"dateModified\":\"2026-02-12T07:06:42+00:00\",\"description\":\"Tilauslasku maksuttomasti, helposti ja turvallisesti e-laskulla! Katso ohjeet e-laskusopimuksen tekemiseksi omassa verkkopankissasi.\",\"breadcrumb\":{\"@id\":\"https:\/\/oma.media.fi\/hameen-sanomat\/tilauslaskutus\/e-lasku\/#breadcrumb\"},\"inLanguage\":\"fi\",\"potentialAction\":[{\"@type\":\"ReadAction\",\"target\":[\"https:\/\/oma.media.fi\/hameen-sanomat\/tilauslaskutus\/e-lasku\/\"]}]},{\"@type\":\"BreadcrumbList\",\"@id\":\"https:\/\/oma.media.fi\/hameen-sanomat\/tilauslaskutus\/e-lasku\/#breadcrumb\",\"itemListElement\":[{\"@type\":\"ListItem\",\"position\":1,\"name\":\"Etusivu\",\"item\":\"https:\/\/oma.media.fi\/hameen-sanomat\/\"},{\"@type\":\"ListItem\",\"position\":2,\"name\":\"Tilauslaskutus\",\"item\":\"https:\/\/oma.media.fi\/hameen-sanomat\/tilauslaskutus\/\"},{\"@type\":\"ListItem\",\"position\":3,\"name\":\"E-lasku\"}]},{\"@type\":\"WebSite\",\"@id\":\"https:\/\/oma.media.fi\/hameen-sanomat\/#website\",\"url\":\"https:\/\/oma.media.fi\/hameen-sanomat\/\",\"name\":\"H\u00e4meen Sanomat\",\"description\":\"\",\"potentialAction\":[{\"@type\":\"SearchAction\",\"target\":{\"@type\":\"EntryPoint\",\"urlTemplate\":\"https:\/\/oma.media.fi\/hameen-sanomat\/?s={search_term_string}\"},\"query-input\":{\"@type\":\"PropertyValueSpecification\",\"valueRequired\":true,\"valueName\":\"search_term_string\"}}],\"inLanguage\":\"fi\"}]}<\/script>\n<!-- \/ Yoast SEO plugin. -->","yoast_head_json":{"title":"E-lasku - H\u00e4meen Sanomat","description":"Tilauslasku maksuttomasti, helposti ja turvallisesti e-laskulla! Katso ohjeet e-laskusopimuksen tekemiseksi omassa verkkopankissasi.","robots":{"index":"index","follow":"follow","max-snippet":"max-snippet:-1","max-image-preview":"max-image-preview:large","max-video-preview":"max-video-preview:-1"},"canonical":"https:\/\/oma.media.fi\/hameen-sanomat\/tilauslaskutus\/e-lasku\/","og_locale":"fi_FI","og_type":"article","og_title":"E-lasku","og_description":"Tilauslasku maksuttomasti, helposti ja turvallisesti e-laskulla! Katso ohjeet e-laskusopimuksen tekemiseksi omassa verkkopankissasi.","og_url":"https:\/\/oma.media.fi\/hameen-sanomat\/tilauslaskutus\/e-lasku\/","og_site_name":"H\u00e4meen Sanomat","article_modified_time":"2026-02-12T07:06:42+00:00","twitter_card":"summary_large_image","twitter_misc":{"Arvioitu lukuaika":"2 minuuttia"},"schema":{"@context":"https:\/\/schema.org","@graph":[{"@type":"WebPage","@id":"https:\/\/oma.media.fi\/hameen-sanomat\/tilauslaskutus\/e-lasku\/","url":"https:\/\/oma.media.fi\/hameen-sanomat\/tilauslaskutus\/e-lasku\/","name":"E-lasku - H\u00e4meen Sanomat","isPartOf":{"@id":"https:\/\/oma.media.fi\/hameen-sanomat\/#website"},"datePublished":"2018-11-20T10:47:07+00:00","dateModified":"2026-02-12T07:06:42+00:00","description":"Tilauslasku maksuttomasti, helposti ja turvallisesti e-laskulla! Katso ohjeet e-laskusopimuksen tekemiseksi omassa verkkopankissasi.","breadcrumb":{"@id":"https:\/\/oma.media.fi\/hameen-sanomat\/tilauslaskutus\/e-lasku\/#breadcrumb"},"inLanguage":"fi","potentialAction":[{"@type":"ReadAction","target":["https:\/\/oma.media.fi\/hameen-sanomat\/tilauslaskutus\/e-lasku\/"]}]},{"@type":"BreadcrumbList","@id":"https:\/\/oma.media.fi\/hameen-sanomat\/tilauslaskutus\/e-lasku\/#breadcrumb","itemListElement":[{"@type":"ListItem","position":1,"name":"Etusivu","item":"https:\/\/oma.media.fi\/hameen-sanomat\/"},{"@type":"ListItem","position":2,"name":"Tilauslaskutus","item":"https:\/\/oma.media.fi\/hameen-sanomat\/tilauslaskutus\/"},{"@type":"ListItem","position":3,"name":"E-lasku"}]},{"@type":"WebSite","@id":"https:\/\/oma.media.fi\/hameen-sanomat\/#website","url":"https:\/\/oma.media.fi\/hameen-sanomat\/","name":"H\u00e4meen Sanomat","description":"","potentialAction":[{"@type":"SearchAction","target":{"@type":"EntryPoint","urlTemplate":"https:\/\/oma.media.fi\/hameen-sanomat\/?s={search_term_string}"},"query-input":{"@type":"PropertyValueSpecification","valueRequired":true,"valueName":"search_term_string"}}],"inLanguage":"fi"}]}},"publishpress_future_action":{"enabled":false,"date":"2026-04-23 13:29:26","action":"change-status","newStatus":"draft","terms":[],"taxonomy":"","extraData":[]},"publishpress_future_workflow_manual_trigger":{"enabledWorkflows":[]},"_links":{"self":[{"href":"https:\/\/oma.media.fi\/hameen-sanomat\/wp-json\/wp\/v2\/pages\/213","targetHints":{"allow":["GET"]}}],"collection":[{"href":"https:\/\/oma.media.fi\/hameen-sanomat\/wp-json\/wp\/v2\/pages"}],"about":[{"href":"https:\/\/oma.media.fi\/hameen-sanomat\/wp-json\/wp\/v2\/types\/page"}],"author":[{"embeddable":true,"href":"https:\/\/oma.media.fi\/hameen-sanomat\/wp-json\/wp\/v2\/users\/1"}],"replies":[{"embeddable":true,"href":"https:\/\/oma.media.fi\/hameen-sanomat\/wp-json\/wp\/v2\/comments?post=213"}],"version-history":[{"count":16,"href":"https:\/\/oma.media.fi\/hameen-sanomat\/wp-json\/wp\/v2\/pages\/213\/revisions"}],"predecessor-version":[{"id":4842,"href":"https:\/\/oma.media.fi\/hameen-sanomat\/wp-json\/wp\/v2\/pages\/213\/revisions\/4842"}],"up":[{"embeddable":true,"href":"https:\/\/oma.media.fi\/hameen-sanomat\/wp-json\/wp\/v2\/pages\/210"}],"wp:attachment":[{"href":"https:\/\/oma.media.fi\/hameen-sanomat\/wp-json\/wp\/v2\/media?parent=213"}],"curies":[{"name":"wp","href":"https:\/\/api.w.org\/{rel}","templated":true}]}}