{"id":269,"date":"2018-10-17T13:17:59","date_gmt":"2018-10-17T10:17:59","guid":{"rendered":"https:\/\/oma.media.fi\/hameen-sanomat\/yhteystiedot\/"},"modified":"2026-04-13T11:56:12","modified_gmt":"2026-04-13T08:56:12","slug":"yhteystiedot","status":"publish","type":"page","link":"https:\/\/oma.media.fi\/hameen-sanomat\/yhteystiedot\/","title":{"rendered":"Yhteystiedot"},"content":{"rendered":"<div class=\"text-block\">\n<h2>Tilaukset<\/h2>\n<p>Digipalvelut, osoitteenmuutokset, jakelunkeskeytykset, asiakastietojen muutokset<br \/>\nsek\u00e4 tilauslaskut ja muut tilauksiin liittyv\u00e4t asiat.<\/p>\n<p><a href=\"https:\/\/oma.media.fi\/hameen-sanomat\/\"><strong>Asiakaspalvelua verkossa 24\/7<\/strong><\/a><\/p>\n<h2>Lukijailmoitukset<\/h2>\n<p>J\u00e4rjest\u00f6ilmoitukset, luokitellut ilmoitukset, perheilmoitukset, kuolinilmoitukset ja surukiitokset<\/p>\n<p><strong>J\u00e4t\u00e4 ilmoitus 24\/7 <\/strong><a href=\"https:\/\/oma.media.fi\/hameen-sanomat\/ilmoita\/\"><strong>hameensanomat.fi\/ilmoita<\/strong><\/a><\/p>\n<h2>Asiakaspalvelu<\/h2>\n<p>Tilauksiin ja lukijailmoituksiin liittyv\u00e4t asiat.<\/p>\n<p><strong>Puhelinpalvelu\u00a0<\/strong>014 622 133<br \/>\nAvoinna: ma-pe klo 8.00-18.00<\/p>\n<p>Tallennamme puhelut asiakaspalvelutapahtumien varmentamiseksi<br \/>\nsek\u00e4 asiakaspalvelun koulutusta varten. Puhelun hinta mpm\/pvm, jonotus on maksullista.<\/p>\n<p><a class=\"button\" href=\"https:\/\/oma.media.fi\/hameen-sanomat\/yhteystiedot\/ota-yhteytta\/\">Ota yhteytt\u00e4 asiakaspalveluun<\/a><\/p>\n<p>&nbsp;<\/p>\n<\/div>\n<div class=\"text-block\">\n<h2>Jakelu ja jakelup\u00e4ivystys<\/h2>\n<p><strong>Posti Palvelut Oy<\/strong><\/p>\n<p><strong>Varhaisjakelu p. 0100 4070 <\/strong>(pvm\/mpm), jonotus on maksullista<br \/>\nAvoinna arkisin klo 6.30-16.00 sek\u00e4 viikonloppuisin klo 6.30-12.00.<\/p>\n<p>Varhaisjakelu toimittaa puuttuneen lehden seuraavan aamun jakelussa.<\/p>\n<p><strong>P\u00e4iv\u00e4jakelu p. 0100 5577 <\/strong>(pvm\/mpm), jonotus on maksullista<br \/>\nAvoinna arkisin klo 8-16.<\/p>\n<p><a class=\"button\" href=\"https:\/\/oma.media.fi\/hameen-sanomat\/yhteystiedot\/jakelupalaute\/\">Anna jakelupalautetta<\/a><\/p>\n<\/div>\n<div class=\"text-block\">\n<h2>Medialaskutus<\/h2>\n<p>Ilmoituslaskut<br \/>\np. 09 2730 0230 (pvm\/mpm), ma-pe klo 9.00-14.00<br \/>\n<a href=\"&#109;&#x61;i&#108;&#x74;o&#58;&#x6c;a&#x73;&#x6b;&#117;&#x74;u&#115;&#x2e;k&#101;&#x73;k&#x69;&#x73;&#117;&#x6f;&#x6d;&#97;&#x6c;a&#105;&#x6e;e&#110;&#x6d;e&#x64;&#x69;&#97;&#x40;m&#101;&#x64;i&#97;&#x2e;f&#x69;\">&#x6c;&#x61;&#x73;&#x6b;&#x75;&#x74;&#x75;&#x73;&#46;&#107;&#101;&#115;&#107;&#105;&#115;uoma&#x6c;&#x61;&#x69;&#x6e;&#x65;&#x6e;&#x6d;&#x65;&#x64;&#105;&#97;&#64;&#109;&#101;&#100;&#105;a&#46;fi <\/a><\/p>\n<\/div>\n<div class=\"text-block\">\n<h2>Mediamyynti<\/h2>\n<p>Mediamyynnin yhteystiedot l\u00f6yd\u00e4t <a href=\"https:\/\/www.meks.fi\/hameenmedia\/\" target=\"_blank\" rel=\"noopener\">mediamyynnin sivuilta<\/a>.<\/p>\n<\/div>\n<div class=\"text-block\">\n<h2>Toimitus<\/h2>\n<p><strong>Toimitus, juttuvinkit<\/strong><br \/>\nUutisdeski p. 03 6151 410 <a href=\"&#109;&#97;&#x69;&#x6c;&#116;&#111;&#x3a;&#x74;&#111;&#105;&#x6d;&#x69;&#116;&#117;&#x73;&#x40;&#104;&#97;&#x6d;&#x65;&#101;&#110;&#x73;&#x61;&#110;&#111;&#x6d;&#x61;&#116;&#46;&#x66;&#x69;\">&#x74;&#111;i&#x6d;&#105;t&#x75;&#115;&#64;&#x68;&#x61;&#109;&#x65;&#x65;&#110;s&#x61;&#110;o&#x6d;&#97;t&#x2e;&#x66;&#105;<\/a><\/p>\n<p><strong>Mielipiteet<\/strong> <a href=\"mailto:mielipide&#64;hameens&#97;&#110;&#111;&#109;&#97;&#116;&#46;&#102;&#105;\">&#109;&#x69;&#101;&#x6c;&#105;&#x70;&#105;&#x64;e&#x40;h&#x61;m&#x65;e&#110;&#x73;&#97;&#x6e;&#111;&#x6d;&#97;&#x74;&#46;&#x66;i<\/a><\/p>\n<p><a class=\"button\" href=\"https:\/\/oma.media.fi\/hameen-sanomat\/hameen-sanomat-toimituksen-yhteystiedot\/\">Toimittajien yhteystiedot<\/a><\/p>\n<p>J\u00e4t\u00e4 juttuvinkki alla olevasta linkist\u00e4.<\/p>\n<p><a class=\"button\" href=\"https:\/\/oma.media.fi\/hameen-sanomat\/yhteystiedot\/juttuvinkki\/\">L\u00e4het\u00e4 juttuvinkki<\/a><\/p>\n<p>Liit\u00e4 mukaan nimesi, puhelinnumerosi ja s\u00e4hk\u00f6postiosoitteesi sek\u00e4 mahdolliset lis\u00e4tiedot kuvasta ja\/tai videosta.<\/p>\n<p>Kaikki sis\u00e4ll\u00f6t voidaan julkaista kaikissa Mediakonserni Keskisuomalaisen medioissa.<\/p>\n<\/div>\n<div class=\"text-block\">\n<h2>Palaute<\/h2>\n<p><a class=\"button\" href=\"https:\/\/oma.media.fi\/hameen-sanomat\/yhteystiedot\/anna-palautetta\/\">Anna palautetta<\/a><\/p>\n<\/div>\n","protected":false},"excerpt":{"rendered":"<p>Tilaukset Digipalvelut, osoitteenmuutokset, jakelunkeskeytykset, asiakastietojen muutokset sek\u00e4 tilauslaskut ja muut tilauksiin liittyv\u00e4t asiat. Asiakaspalvelua verkossa 24\/7 Lukijailmoitukset J\u00e4rjest\u00f6ilmoitukset, luokitellut ilmoitukset, perheilmoitukset, kuolinilmoitukset ja surukiitokset J\u00e4t\u00e4 ilmoitus 24\/7 hameensanomat.fi\/ilmoita Asiakaspalvelu Tilauksiin ja lukijailmoituksiin liittyv\u00e4t asiat. Puhelinpalvelu\u00a0014 622 133 Avoinna: ma-pe klo 8.00-18.00 Tallennamme puhelut asiakaspalvelutapahtumien varmentamiseksi sek\u00e4 asiakaspalvelun koulutusta varten. Puhelun hinta mpm\/pvm, jonotus on maksullista. [&hellip;]<\/p>\n","protected":false},"author":1,"featured_media":0,"parent":0,"menu_order":0,"comment_status":"closed","ping_status":"closed","template":"","meta":{"_acf_changed":false,"footnotes":""},"class_list":["post-269","page","type-page","status-publish","hentry"],"acf":[],"yoast_head":"<!-- This site is optimized with the Yoast SEO plugin v26.2 - https:\/\/yoast.com\/wordpress\/plugins\/seo\/ -->\n<title>Yhteystiedot - H\u00e4meen Sanomat<\/title>\n<meta name=\"description\" content=\"Etsitk\u00f6 yhteystietoja vai haluatko antaa palautetta? Mediatalo Keskisuomalaisen asiakaspalveluiden yhteystiedot, palautekanavat ja juttuvinkit.\" \/>\n<meta name=\"robots\" content=\"index, follow, max-snippet:-1, max-image-preview:large, max-video-preview:-1\" \/>\n<link rel=\"canonical\" href=\"https:\/\/oma.media.fi\/hameen-sanomat\/yhteystiedot\/\" \/>\n<meta property=\"og:locale\" content=\"fi_FI\" \/>\n<meta property=\"og:type\" content=\"article\" \/>\n<meta property=\"og:title\" content=\"Yhteystiedot\" \/>\n<meta property=\"og:description\" content=\"Etsitk\u00f6 yhteystietoja vai haluatko antaa palautetta? Mediatalo Keskisuomalaisen asiakaspalveluiden yhteystiedot, palautekanavat ja juttuvinkit.\" \/>\n<meta property=\"og:url\" content=\"https:\/\/oma.media.fi\/hameen-sanomat\/yhteystiedot\/\" \/>\n<meta property=\"og:site_name\" content=\"H\u00e4meen Sanomat\" \/>\n<meta property=\"article:modified_time\" content=\"2026-04-13T08:56:12+00:00\" \/>\n<meta name=\"twitter:card\" content=\"summary_large_image\" \/>\n<meta name=\"twitter:label1\" content=\"Arvioitu lukuaika\" \/>\n\t<meta name=\"twitter:data1\" content=\"1 minuutti\" \/>\n<script type=\"application\/ld+json\" class=\"yoast-schema-graph\">{\"@context\":\"https:\/\/schema.org\",\"@graph\":[{\"@type\":\"WebPage\",\"@id\":\"https:\/\/oma.media.fi\/hameen-sanomat\/yhteystiedot\/\",\"url\":\"https:\/\/oma.media.fi\/hameen-sanomat\/yhteystiedot\/\",\"name\":\"Yhteystiedot - H\u00e4meen Sanomat\",\"isPartOf\":{\"@id\":\"https:\/\/oma.media.fi\/hameen-sanomat\/#website\"},\"datePublished\":\"2018-10-17T10:17:59+00:00\",\"dateModified\":\"2026-04-13T08:56:12+00:00\",\"description\":\"Etsitk\u00f6 yhteystietoja vai haluatko antaa palautetta? Mediatalo Keskisuomalaisen asiakaspalveluiden yhteystiedot, palautekanavat ja juttuvinkit.\",\"breadcrumb\":{\"@id\":\"https:\/\/oma.media.fi\/hameen-sanomat\/yhteystiedot\/#breadcrumb\"},\"inLanguage\":\"fi\",\"potentialAction\":[{\"@type\":\"ReadAction\",\"target\":[\"https:\/\/oma.media.fi\/hameen-sanomat\/yhteystiedot\/\"]}]},{\"@type\":\"BreadcrumbList\",\"@id\":\"https:\/\/oma.media.fi\/hameen-sanomat\/yhteystiedot\/#breadcrumb\",\"itemListElement\":[{\"@type\":\"ListItem\",\"position\":1,\"name\":\"Etusivu\",\"item\":\"https:\/\/oma.media.fi\/hameen-sanomat\/\"},{\"@type\":\"ListItem\",\"position\":2,\"name\":\"Yhteystiedot\"}]},{\"@type\":\"WebSite\",\"@id\":\"https:\/\/oma.media.fi\/hameen-sanomat\/#website\",\"url\":\"https:\/\/oma.media.fi\/hameen-sanomat\/\",\"name\":\"H\u00e4meen Sanomat\",\"description\":\"\",\"potentialAction\":[{\"@type\":\"SearchAction\",\"target\":{\"@type\":\"EntryPoint\",\"urlTemplate\":\"https:\/\/oma.media.fi\/hameen-sanomat\/?s={search_term_string}\"},\"query-input\":{\"@type\":\"PropertyValueSpecification\",\"valueRequired\":true,\"valueName\":\"search_term_string\"}}],\"inLanguage\":\"fi\"}]}<\/script>\n<!-- \/ Yoast SEO plugin. -->","yoast_head_json":{"title":"Yhteystiedot - H\u00e4meen Sanomat","description":"Etsitk\u00f6 yhteystietoja vai haluatko antaa palautetta? Mediatalo Keskisuomalaisen asiakaspalveluiden yhteystiedot, palautekanavat ja juttuvinkit.","robots":{"index":"index","follow":"follow","max-snippet":"max-snippet:-1","max-image-preview":"max-image-preview:large","max-video-preview":"max-video-preview:-1"},"canonical":"https:\/\/oma.media.fi\/hameen-sanomat\/yhteystiedot\/","og_locale":"fi_FI","og_type":"article","og_title":"Yhteystiedot","og_description":"Etsitk\u00f6 yhteystietoja vai haluatko antaa palautetta? Mediatalo Keskisuomalaisen asiakaspalveluiden yhteystiedot, palautekanavat ja juttuvinkit.","og_url":"https:\/\/oma.media.fi\/hameen-sanomat\/yhteystiedot\/","og_site_name":"H\u00e4meen Sanomat","article_modified_time":"2026-04-13T08:56:12+00:00","twitter_card":"summary_large_image","twitter_misc":{"Arvioitu lukuaika":"1 minuutti"},"schema":{"@context":"https:\/\/schema.org","@graph":[{"@type":"WebPage","@id":"https:\/\/oma.media.fi\/hameen-sanomat\/yhteystiedot\/","url":"https:\/\/oma.media.fi\/hameen-sanomat\/yhteystiedot\/","name":"Yhteystiedot - H\u00e4meen Sanomat","isPartOf":{"@id":"https:\/\/oma.media.fi\/hameen-sanomat\/#website"},"datePublished":"2018-10-17T10:17:59+00:00","dateModified":"2026-04-13T08:56:12+00:00","description":"Etsitk\u00f6 yhteystietoja vai haluatko antaa palautetta? Mediatalo Keskisuomalaisen asiakaspalveluiden yhteystiedot, palautekanavat ja juttuvinkit.","breadcrumb":{"@id":"https:\/\/oma.media.fi\/hameen-sanomat\/yhteystiedot\/#breadcrumb"},"inLanguage":"fi","potentialAction":[{"@type":"ReadAction","target":["https:\/\/oma.media.fi\/hameen-sanomat\/yhteystiedot\/"]}]},{"@type":"BreadcrumbList","@id":"https:\/\/oma.media.fi\/hameen-sanomat\/yhteystiedot\/#breadcrumb","itemListElement":[{"@type":"ListItem","position":1,"name":"Etusivu","item":"https:\/\/oma.media.fi\/hameen-sanomat\/"},{"@type":"ListItem","position":2,"name":"Yhteystiedot"}]},{"@type":"WebSite","@id":"https:\/\/oma.media.fi\/hameen-sanomat\/#website","url":"https:\/\/oma.media.fi\/hameen-sanomat\/","name":"H\u00e4meen Sanomat","description":"","potentialAction":[{"@type":"SearchAction","target":{"@type":"EntryPoint","urlTemplate":"https:\/\/oma.media.fi\/hameen-sanomat\/?s={search_term_string}"},"query-input":{"@type":"PropertyValueSpecification","valueRequired":true,"valueName":"search_term_string"}}],"inLanguage":"fi"}]}},"publishpress_future_action":{"enabled":false,"date":"2026-04-25 22:20:20","action":"change-status","newStatus":"draft","terms":[],"taxonomy":"","extraData":[]},"publishpress_future_workflow_manual_trigger":{"enabledWorkflows":[]},"_links":{"self":[{"href":"https:\/\/oma.media.fi\/hameen-sanomat\/wp-json\/wp\/v2\/pages\/269","targetHints":{"allow":["GET"]}}],"collection":[{"href":"https:\/\/oma.media.fi\/hameen-sanomat\/wp-json\/wp\/v2\/pages"}],"about":[{"href":"https:\/\/oma.media.fi\/hameen-sanomat\/wp-json\/wp\/v2\/types\/page"}],"author":[{"embeddable":true,"href":"https:\/\/oma.media.fi\/hameen-sanomat\/wp-json\/wp\/v2\/users\/1"}],"replies":[{"embeddable":true,"href":"https:\/\/oma.media.fi\/hameen-sanomat\/wp-json\/wp\/v2\/comments?post=269"}],"version-history":[{"count":48,"href":"https:\/\/oma.media.fi\/hameen-sanomat\/wp-json\/wp\/v2\/pages\/269\/revisions"}],"predecessor-version":[{"id":4924,"href":"https:\/\/oma.media.fi\/hameen-sanomat\/wp-json\/wp\/v2\/pages\/269\/revisions\/4924"}],"wp:attachment":[{"href":"https:\/\/oma.media.fi\/hameen-sanomat\/wp-json\/wp\/v2\/media?parent=269"}],"curies":[{"name":"wp","href":"https:\/\/api.w.org\/{rel}","templated":true}]}}