{"id":3046,"date":"2023-10-23T07:50:49","date_gmt":"2023-10-23T04:50:49","guid":{"rendered":"https:\/\/oma.media.fi\/hameen-sanomat\/?page_id=3046"},"modified":"2023-11-27T09:01:44","modified_gmt":"2023-11-27T07:01:44","slug":"joulukalenterin-arvontasaannot","status":"publish","type":"page","link":"https:\/\/oma.media.fi\/hameen-sanomat\/joulukalenterin-arvontasaannot\/","title":{"rendered":"Joulukalenterin arvontas\u00e4\u00e4nn\u00f6t"},"content":{"rendered":"<h2><span style=\"font-size: 16px\">Joulukalenterin arvontas\u00e4\u00e4nn\u00f6t<\/span><\/h2>\n<h3>1. J\u00e4rjest\u00e4j\u00e4t ja yhteisty\u00f6kumppanit<\/h3>\n<div class=\"page-content\">\n<p>Arvonnan j\u00e4rjest\u00e4j\u00e4: H\u00e4meen Media Oy, y-tunnus 3221753-8. H\u00e4meen Media Oy on osa Mediakonserni Keskisuomalaista \/ Keskisuomalainen Oyj:t\u00e4, y-tunnus 0174445-8<br \/>\nArvonnan yhteisty\u00f6kumppanit: Autokeskus H\u00e4meenlinna ja Euronics H\u00e4meenlinna.<\/p>\n<p>Mukana arvonnassa ovat seuraavat H\u00e4meen Median tilattavat alue- ja maakuntalehdet: H\u00e4meen Sanomat (my\u00f6hemmin lehti).<\/p>\n<h3>2. Palkinnon arvonta<\/h3>\n<p>Arvonnassa arvontaan\u00a01 kpl Electrolux EPN12C38HW -ilmal\u00e4mp\u00f6pumppu (arvo 1099 \u20ac), 4 kpl Auto viikonlopuksi k\u00e4ytt\u00f6\u00f6n<span style=\"color: #000000\">\u00a0(arvo 350 \u20ac \/ kpl)<\/span>, sek\u00e4 115 kpl \u00c4rr\u00e4koodeja (kahvi\/tee &amp; paistotuote, arvo 3,70 \u20ac \/kpl). Palkintojen yhteisarvo on 2924,50 \u20ac. Arvonnan j\u00e4rjest\u00e4j\u00e4 maksaa palkintojen arvosta arpajaisveron. Palkintoja ei voi muuttaa rahaksi.<\/p>\n<p>Arvontaan osallistuja voi voittaa useamman palkinnon arvonnan eri vaiheissa. P\u00e4iv\u00e4palkintojen voittojen m\u00e4\u00e4r\u00e4\u00e4 on rajoitettu maks. 2 kpl\/kampanja\/osallistuja.<\/p>\n<p>Viikkopalkinto 1 arvonta tapahtuu viikolla 49. Viikkopalkinto 2 arvonta tapahtuu viikolla 50. Viikkopalkinto 3 arvonta tapahtuu viikolla 51. Viikkopalkinto 4 ja p\u00e4\u00e4palkinnon arvonta tapahtuu 2.1.2024. Voittajille ilmoitetaan henkil\u00f6kohtaisesti heid\u00e4n ilmoittamiinsa puhelinnumeroihin. Jos jotakin voittajaa ei tavoiteta kolmen arkip\u00e4iv\u00e4n kuluessa arvonnasta, arvotaan uusi voittaja. Arvonnan j\u00e4rjest\u00e4j\u00e4 ei korvaa palkintoa, mik\u00e4li osallistujaa ei tavoiteta tai h\u00e4n on antanut virheellisen puhelinnumeron.<\/p>\n<p>Voittajien nimet voidaan julkaista j\u00e4rjest\u00e4j\u00e4n ja yhteisty\u00f6kumppaneiden Internet-sivustoilla ja muun kampanjatiedottamisen yhteydess\u00e4. Lis\u00e4ksi palkintojen voittajien kanssa voidaan sopia haastattelun antamisesta ja julkaisemisesta j\u00e4rjest\u00e4j\u00e4n medioissa.<\/p>\n<p>Palkinnot noudetaan yhteisty\u00f6kumppanin toimipisteest\u00e4. Arvonnan voittaja vastaa itse palkinnon noutamisesta aiheutuvista kuluista.<\/p>\n<h3>3. Osallistumiskelpoisuus<\/h3>\n<p>Arvontaan voivat osallistua kaikki Suomessa asuvat luonnolliset t\u00e4ysi-ik\u00e4iset henkil\u00f6t lukuun ottamatta alla mainittuja poikkeuksia. Arvontaan osallistuvan henkil\u00f6n puhelinnumeron kaksi viimeist\u00e4 numeroa tulee olla mukana kyseiselle p\u00e4iv\u00e4lle arvotuissa onnennumeroissa. Arvontaan eiv\u00e4t saa osallistua j\u00e4rjest\u00e4j\u00e4n ja yhteisty\u00f6kumppanin tai sen tyt\u00e4ryhti\u00f6iden ty\u00f6ntekij\u00e4t eiv\u00e4tk\u00e4 heid\u00e4n perheenj\u00e4senens\u00e4.<\/p>\n<p>Arvontaan voi osallistua l\u00e4hett\u00e4m\u00e4ll\u00e4 tekstiviestin<span style=\"color: #000000\">\u00a0(hinta 1,50 \u20ac\/kpl)<\/span>. Puhelinliittym\u00e4n viihdepalveluesto voi rajoittaa osallistumista. L\u00e4hett\u00e4m\u00e4ll\u00e4 tekstiviestin osallistuja hyv\u00e4ksyy arvontas\u00e4\u00e4nn\u00f6t.<\/p>\n<h3>4. Osallistumisaika<\/h3>\n<p>Arvontaan voi osallistua 1.-24.12.2023 v\u00e4lisen\u00e4 aikana, ellei toisin ilmoiteta. Arvonta voidaan my\u00f6s lopettaa edell\u00e4 mainittua p\u00e4iv\u00e4m\u00e4\u00e4r\u00e4\u00e4 aiemmin tai sen viimeist\u00e4 osallistumisp\u00e4iv\u00e4\u00e4 voidaan siirt\u00e4\u00e4 eteenp\u00e4in. Viikkopalkinto 1 arvonta tapahtuu viikolla 49. Viikkopalkinto 2 arvonta tapahtuu viikolla 50. Viikkopalkinto 3 arvonta tapahtuu viikolla 51. Viikkopalkinto 4 ja p\u00e4\u00e4palkinnon arvonta tapahtuu 2.1.2024.<\/p>\n<h3>5. J\u00e4rjest\u00e4j\u00e4n vastuu<\/h3>\n<p>Arvonnan j\u00e4rjest\u00e4j\u00e4n vastuu osanottajia kohtaan ei ylit\u00e4 n\u00e4iss\u00e4 virallisissa s\u00e4\u00e4nn\u00f6iss\u00e4 mainitun palkinnon yhteisarvoa. Arvonnan j\u00e4rjest\u00e4j\u00e4 ja arvonnan tekninen toteuttaja eiv\u00e4t vastaa kolmansista osapuolista johtuvista ongelmista tai arvontaan osallistuvan henkil\u00f6n tahallisesta tai tahattomasti haitallisesta k\u00e4ytt\u00e4ytymisest\u00e4, eik\u00e4 mist\u00e4\u00e4n n\u00e4iden takia aiheutuneista vahingoista.<\/p>\n<h3>6. Henkil\u00f6tietojen k\u00e4sittely<\/h3>\n<p>Arvontaan osallistumisen yhteydess\u00e4 antamiasi henkil\u00f6tietoja k\u00e4sitell\u00e4\u00e4n henkil\u00f6tietolain mukaisesti.<\/p>\n<h3>7. Tavaramerkit ja tekij\u00e4noikeudet<\/h3>\n<p>Kaikki t\u00e4ss\u00e4 arvonnassa esiintyv\u00e4 materiaali on suojattu tekij\u00e4noikeudella, ellei muuten ilmoiteta. Kaiken materiaalin k\u00e4ytt\u00f6 on kielletty ilman j\u00e4rjest\u00e4j\u00e4n kirjallista lupaa. N\u00e4m\u00e4 arvontas\u00e4\u00e4nn\u00f6t koskevat kaikkia osanottajia. Osallistumalla t\u00e4h\u00e4n arvontaan osanottajat sitoutuvat noudattamaan n\u00e4it\u00e4 s\u00e4\u00e4nt\u00f6j\u00e4 ja j\u00e4rjest\u00e4j\u00e4n p\u00e4\u00e4t\u00f6ksi\u00e4. J\u00e4rjest\u00e4j\u00e4 pid\u00e4tt\u00e4\u00e4 itselleen oikeuden s\u00e4\u00e4nt\u00f6muutoksiin. Arvontas\u00e4\u00e4nt\u00f6jen soveltamiseen ja tulkintaan liittyv\u00e4t mahdolliset ep\u00e4selvyydet ratkaisee j\u00e4rjest\u00e4j\u00e4.<\/p>\n<p><a href=\"https:\/\/oma.media.fi\/arvontasaannot\/\" target=\"_blank\" rel=\"noopener\">Mediakonserni Keskisuomalaisen yleiset kilpailu- ja arvontas\u00e4\u00e4nn\u00f6t<\/a><\/p>\n<h3>Onnea arvontaan!<\/h3>\n<\/div>\n","protected":false},"excerpt":{"rendered":"<p>Joulukalenterin arvontas\u00e4\u00e4nn\u00f6t 1. J\u00e4rjest\u00e4j\u00e4t ja yhteisty\u00f6kumppanit Arvonnan j\u00e4rjest\u00e4j\u00e4: H\u00e4meen Media Oy, y-tunnus 3221753-8. H\u00e4meen Media Oy on osa Mediakonserni Keskisuomalaista \/ Keskisuomalainen Oyj:t\u00e4, y-tunnus 0174445-8 Arvonnan yhteisty\u00f6kumppanit: Autokeskus H\u00e4meenlinna ja Euronics H\u00e4meenlinna. Mukana arvonnassa ovat seuraavat H\u00e4meen Median tilattavat alue- ja maakuntalehdet: H\u00e4meen Sanomat (my\u00f6hemmin lehti). 2. Palkinnon arvonta Arvonnassa arvontaan\u00a01 kpl Electrolux EPN12C38HW -ilmal\u00e4mp\u00f6pumppu [&hellip;]<\/p>\n","protected":false},"author":69,"featured_media":0,"parent":0,"menu_order":0,"comment_status":"closed","ping_status":"closed","template":"","meta":{"_acf_changed":false,"footnotes":""},"class_list":["post-3046","page","type-page","status-publish","hentry"],"acf":[],"yoast_head":"<!-- This site is optimized with the Yoast SEO plugin v26.2 - https:\/\/yoast.com\/wordpress\/plugins\/seo\/ -->\n<title>Joulukalenterin arvontas\u00e4\u00e4nn\u00f6t - H\u00e4meen Sanomat<\/title>\n<meta name=\"robots\" content=\"index, follow, max-snippet:-1, max-image-preview:large, max-video-preview:-1\" \/>\n<link rel=\"canonical\" href=\"https:\/\/oma.media.fi\/hameen-sanomat\/joulukalenterin-arvontasaannot\/\" \/>\n<meta property=\"og:locale\" content=\"fi_FI\" \/>\n<meta property=\"og:type\" content=\"article\" \/>\n<meta property=\"og:title\" content=\"Joulukalenterin arvontas\u00e4\u00e4nn\u00f6t\" \/>\n<meta property=\"og:description\" content=\"Joulukalenterin arvontas\u00e4\u00e4nn\u00f6t 1. J\u00e4rjest\u00e4j\u00e4t ja yhteisty\u00f6kumppanit Arvonnan j\u00e4rjest\u00e4j\u00e4: H\u00e4meen Media Oy, y-tunnus 3221753-8. H\u00e4meen Media Oy on osa Mediakonserni Keskisuomalaista \/ Keskisuomalainen Oyj:t\u00e4, y-tunnus 0174445-8 Arvonnan yhteisty\u00f6kumppanit: Autokeskus H\u00e4meenlinna ja Euronics H\u00e4meenlinna. Mukana arvonnassa ovat seuraavat H\u00e4meen Median tilattavat alue- ja maakuntalehdet: H\u00e4meen Sanomat (my\u00f6hemmin lehti). 2. Palkinnon arvonta Arvonnassa arvontaan\u00a01 kpl Electrolux EPN12C38HW -ilmal\u00e4mp\u00f6pumppu [&hellip;]\" \/>\n<meta property=\"og:url\" content=\"https:\/\/oma.media.fi\/hameen-sanomat\/joulukalenterin-arvontasaannot\/\" \/>\n<meta property=\"og:site_name\" content=\"H\u00e4meen Sanomat\" \/>\n<meta property=\"article:modified_time\" content=\"2023-11-27T07:01:44+00:00\" \/>\n<meta name=\"twitter:card\" content=\"summary_large_image\" \/>\n<meta name=\"twitter:label1\" content=\"Arvioitu lukuaika\" \/>\n\t<meta name=\"twitter:data1\" content=\"3 minuuttia\" \/>\n<script type=\"application\/ld+json\" class=\"yoast-schema-graph\">{\"@context\":\"https:\/\/schema.org\",\"@graph\":[{\"@type\":\"WebPage\",\"@id\":\"https:\/\/oma.media.fi\/hameen-sanomat\/joulukalenterin-arvontasaannot\/\",\"url\":\"https:\/\/oma.media.fi\/hameen-sanomat\/joulukalenterin-arvontasaannot\/\",\"name\":\"Joulukalenterin arvontas\u00e4\u00e4nn\u00f6t - H\u00e4meen Sanomat\",\"isPartOf\":{\"@id\":\"https:\/\/oma.media.fi\/hameen-sanomat\/#website\"},\"datePublished\":\"2023-10-23T04:50:49+00:00\",\"dateModified\":\"2023-11-27T07:01:44+00:00\",\"breadcrumb\":{\"@id\":\"https:\/\/oma.media.fi\/hameen-sanomat\/joulukalenterin-arvontasaannot\/#breadcrumb\"},\"inLanguage\":\"fi\",\"potentialAction\":[{\"@type\":\"ReadAction\",\"target\":[\"https:\/\/oma.media.fi\/hameen-sanomat\/joulukalenterin-arvontasaannot\/\"]}]},{\"@type\":\"BreadcrumbList\",\"@id\":\"https:\/\/oma.media.fi\/hameen-sanomat\/joulukalenterin-arvontasaannot\/#breadcrumb\",\"itemListElement\":[{\"@type\":\"ListItem\",\"position\":1,\"name\":\"Etusivu\",\"item\":\"https:\/\/oma.media.fi\/hameen-sanomat\/\"},{\"@type\":\"ListItem\",\"position\":2,\"name\":\"Joulukalenterin arvontas\u00e4\u00e4nn\u00f6t\"}]},{\"@type\":\"WebSite\",\"@id\":\"https:\/\/oma.media.fi\/hameen-sanomat\/#website\",\"url\":\"https:\/\/oma.media.fi\/hameen-sanomat\/\",\"name\":\"H\u00e4meen Sanomat\",\"description\":\"\",\"potentialAction\":[{\"@type\":\"SearchAction\",\"target\":{\"@type\":\"EntryPoint\",\"urlTemplate\":\"https:\/\/oma.media.fi\/hameen-sanomat\/?s={search_term_string}\"},\"query-input\":{\"@type\":\"PropertyValueSpecification\",\"valueRequired\":true,\"valueName\":\"search_term_string\"}}],\"inLanguage\":\"fi\"}]}<\/script>\n<!-- \/ Yoast SEO plugin. -->","yoast_head_json":{"title":"Joulukalenterin arvontas\u00e4\u00e4nn\u00f6t - H\u00e4meen Sanomat","robots":{"index":"index","follow":"follow","max-snippet":"max-snippet:-1","max-image-preview":"max-image-preview:large","max-video-preview":"max-video-preview:-1"},"canonical":"https:\/\/oma.media.fi\/hameen-sanomat\/joulukalenterin-arvontasaannot\/","og_locale":"fi_FI","og_type":"article","og_title":"Joulukalenterin arvontas\u00e4\u00e4nn\u00f6t","og_description":"Joulukalenterin arvontas\u00e4\u00e4nn\u00f6t 1. J\u00e4rjest\u00e4j\u00e4t ja yhteisty\u00f6kumppanit Arvonnan j\u00e4rjest\u00e4j\u00e4: H\u00e4meen Media Oy, y-tunnus 3221753-8. H\u00e4meen Media Oy on osa Mediakonserni Keskisuomalaista \/ Keskisuomalainen Oyj:t\u00e4, y-tunnus 0174445-8 Arvonnan yhteisty\u00f6kumppanit: Autokeskus H\u00e4meenlinna ja Euronics H\u00e4meenlinna. Mukana arvonnassa ovat seuraavat H\u00e4meen Median tilattavat alue- ja maakuntalehdet: H\u00e4meen Sanomat (my\u00f6hemmin lehti). 2. Palkinnon arvonta Arvonnassa arvontaan\u00a01 kpl Electrolux EPN12C38HW -ilmal\u00e4mp\u00f6pumppu [&hellip;]","og_url":"https:\/\/oma.media.fi\/hameen-sanomat\/joulukalenterin-arvontasaannot\/","og_site_name":"H\u00e4meen Sanomat","article_modified_time":"2023-11-27T07:01:44+00:00","twitter_card":"summary_large_image","twitter_misc":{"Arvioitu lukuaika":"3 minuuttia"},"schema":{"@context":"https:\/\/schema.org","@graph":[{"@type":"WebPage","@id":"https:\/\/oma.media.fi\/hameen-sanomat\/joulukalenterin-arvontasaannot\/","url":"https:\/\/oma.media.fi\/hameen-sanomat\/joulukalenterin-arvontasaannot\/","name":"Joulukalenterin arvontas\u00e4\u00e4nn\u00f6t - H\u00e4meen Sanomat","isPartOf":{"@id":"https:\/\/oma.media.fi\/hameen-sanomat\/#website"},"datePublished":"2023-10-23T04:50:49+00:00","dateModified":"2023-11-27T07:01:44+00:00","breadcrumb":{"@id":"https:\/\/oma.media.fi\/hameen-sanomat\/joulukalenterin-arvontasaannot\/#breadcrumb"},"inLanguage":"fi","potentialAction":[{"@type":"ReadAction","target":["https:\/\/oma.media.fi\/hameen-sanomat\/joulukalenterin-arvontasaannot\/"]}]},{"@type":"BreadcrumbList","@id":"https:\/\/oma.media.fi\/hameen-sanomat\/joulukalenterin-arvontasaannot\/#breadcrumb","itemListElement":[{"@type":"ListItem","position":1,"name":"Etusivu","item":"https:\/\/oma.media.fi\/hameen-sanomat\/"},{"@type":"ListItem","position":2,"name":"Joulukalenterin arvontas\u00e4\u00e4nn\u00f6t"}]},{"@type":"WebSite","@id":"https:\/\/oma.media.fi\/hameen-sanomat\/#website","url":"https:\/\/oma.media.fi\/hameen-sanomat\/","name":"H\u00e4meen Sanomat","description":"","potentialAction":[{"@type":"SearchAction","target":{"@type":"EntryPoint","urlTemplate":"https:\/\/oma.media.fi\/hameen-sanomat\/?s={search_term_string}"},"query-input":{"@type":"PropertyValueSpecification","valueRequired":true,"valueName":"search_term_string"}}],"inLanguage":"fi"}]}},"publishpress_future_action":{"enabled":false,"date":"2026-05-15 18:47:42","action":"change-status","newStatus":"draft","terms":[],"taxonomy":"","extraData":[]},"publishpress_future_workflow_manual_trigger":{"enabledWorkflows":[]},"_links":{"self":[{"href":"https:\/\/oma.media.fi\/hameen-sanomat\/wp-json\/wp\/v2\/pages\/3046","targetHints":{"allow":["GET"]}}],"collection":[{"href":"https:\/\/oma.media.fi\/hameen-sanomat\/wp-json\/wp\/v2\/pages"}],"about":[{"href":"https:\/\/oma.media.fi\/hameen-sanomat\/wp-json\/wp\/v2\/types\/page"}],"author":[{"embeddable":true,"href":"https:\/\/oma.media.fi\/hameen-sanomat\/wp-json\/wp\/v2\/users\/69"}],"replies":[{"embeddable":true,"href":"https:\/\/oma.media.fi\/hameen-sanomat\/wp-json\/wp\/v2\/comments?post=3046"}],"version-history":[{"count":5,"href":"https:\/\/oma.media.fi\/hameen-sanomat\/wp-json\/wp\/v2\/pages\/3046\/revisions"}],"predecessor-version":[{"id":3218,"href":"https:\/\/oma.media.fi\/hameen-sanomat\/wp-json\/wp\/v2\/pages\/3046\/revisions\/3218"}],"wp:attachment":[{"href":"https:\/\/oma.media.fi\/hameen-sanomat\/wp-json\/wp\/v2\/media?parent=3046"}],"curies":[{"name":"wp","href":"https:\/\/api.w.org\/{rel}","templated":true}]}}