{"id":3591,"date":"2024-03-05T08:44:41","date_gmt":"2024-03-05T06:44:41","guid":{"rendered":"https:\/\/oma.media.fi\/hameen-sanomat\/?page_id=3591"},"modified":"2024-03-14T13:04:57","modified_gmt":"2024-03-14T11:04:57","slug":"vinkkeja","status":"publish","type":"page","link":"https:\/\/oma.media.fi\/hameen-sanomat\/vinkkeja\/","title":{"rendered":"Ohjeita sovelluksen k\u00e4ytt\u00f6\u00f6nottoon"},"content":{"rendered":"<p>T\u00e4lt\u00e4 sivulta l\u00f6yd\u00e4t vaiheittaiset ohjeet uuden mobiilisovelluksen k\u00e4ytt\u00f6\u00f6nottoon.<\/p>\n<h5><a href=\"https:\/\/oma.media.fi\/hameen-sanomat\/vinkkeja\/#poista\">1. Vanhan sovelluksen poistaminen<\/a><\/h5>\n<h5><a href=\"https:\/\/oma.media.fi\/hameen-sanomat\/vinkkeja\/#lataa\">2. Uuden sovelluksen lataaminen<\/a><\/h5>\n<h5><a href=\"https:\/\/oma.media.fi\/hameen-sanomat\/vinkkeja\/#uusi\">3. Uuden sovelluksen k\u00e4yt\u00f6n aloittaminen<\/a><\/h5>\n<h5><a href=\"https:\/\/oma.media.fi\/hameen-sanomat\/vinkkeja\/#kirjaudu\">4. Kirjautuminen sovellukseen Mediatunnuksella<\/a><\/h5>\n<h5><a href=\"https:\/\/oma.media.fi\/hameen-sanomat\/vinkkeja\/#nakoislehti\">5. N\u00e4k\u00f6islehden l\u00f6yt\u00e4minen sovelluksessa<\/a><\/h5>\n<h5><\/h5>\n<p>&nbsp;<\/p>\n<h2 id=\"poista\">1. Vanhojen sovellusten poistaminen<\/h2>\n<ol>\n<li>Paina mobiililaitteesi n\u00e4yt\u00f6ll\u00e4 n\u00e4kyv\u00e4\u00e4 sovelluksen kuvaketta niin kauan, ett\u00e4 n\u00e4kyviin tulee vaihtoehtoja.<\/li>\n<li>Valitse &#8221;poista sovellus&#8221;<\/li>\n<\/ol>\n<p><strong>Vanhan sovelluksen ikonit n\u00e4ytt\u00e4v\u00e4t t\u00e4lt\u00e4:<\/strong><\/p>\n<p><a href=\"https:\/\/oma.media.fi\/hameen-sanomat\/wp-content\/uploads\/sites\/52\/2024\/03\/HASA_vanha.jpg\"><img loading=\"lazy\" decoding=\"async\" class=\"alignnone size-full wp-image-3589\" src=\"https:\/\/oma.media.fi\/hameen-sanomat\/wp-content\/uploads\/sites\/52\/2024\/03\/HASA_vanha.jpg\" alt=\"\" width=\"96\" height=\"100\" \/><\/a><\/p>\n<p>Huom. vanhojen sovellusten poistaminen ei est\u00e4 uuden sovelluksen lataamista tai k\u00e4ytt\u00f6\u00e4, mutta poistettuna ne eiv\u00e4t j\u00e4\u00e4 my\u00f6sk\u00e4\u00e4n kummittelemaan laitteellesi.<\/p>\n<p>&nbsp;<\/p>\n<h2 id=\"lataa\">2. Lataa uusi mobiilisovellus<\/h2>\n<ol>\n<li style=\"list-style-type: none\">\n<ol>\n<li>Mene sovelluskauppaan (Play Kauppa tai Apple Store) ja kirjoita hakukentt\u00e4\u00e4n H\u00e4meen Sanomat.<br \/>\nUuden sovelluksen ikoni n\u00e4ytt\u00e4\u00e4 t\u00e4lt\u00e4. <a href=\"https:\/\/oma.media.fi\/hameen-sanomat\/wp-content\/uploads\/sites\/52\/2024\/03\/HASA_uusi.jpg\"><img loading=\"lazy\" decoding=\"async\" class=\"alignnone size-full wp-image-3588\" src=\"https:\/\/oma.media.fi\/hameen-sanomat\/wp-content\/uploads\/sites\/52\/2024\/03\/HASA_uusi.jpg\" alt=\"\" width=\"99\" height=\"94\" \/><\/a><\/li>\n<li>Klikkaa Asenna ja odota, ett\u00e4 lataus on valmis.<\/li>\n<\/ol>\n<\/li>\n<\/ol>\n<p>&nbsp;<\/p>\n<h2 id=\"uusi\">3. Uuden sovelluksen k\u00e4yt\u00f6n aloittaminen<\/h2>\n<ol>\n<li>Avaa uusi sovellus klikkaamalla sovellusikonia (tai jos jatkat suoraan sovelluskaupassa lataamisen j\u00e4lkeen, klikkaa sovelluskuvan viereen ilmestynytt\u00e4 <em>Avaa<\/em>-painiketta).<br \/>\n<a href=\"https:\/\/oma.media.fi\/hameen-sanomat\/wp-content\/uploads\/sites\/52\/2024\/03\/HASA_uusi.jpg\"><img loading=\"lazy\" decoding=\"async\" class=\"alignnone wp-image-3588\" src=\"https:\/\/oma.media.fi\/hameen-sanomat\/wp-content\/uploads\/sites\/52\/2024\/03\/HASA_uusi.jpg\" alt=\"\" width=\"85\" height=\"81\" \/><\/a><\/li>\n<li>Sovellus opastaa kohta kerrallaan, mit\u00e4 seuraavaksi tehd\u00e4\u00e4n. Klikkaa <em>Jatka<\/em>-painiketta p\u00e4\u00e4st\u00e4ksesi eteenp\u00e4in.<br \/>\n<a href=\"https:\/\/oma.media.fi\/ess\/wp-content\/uploads\/sites\/4\/2024\/03\/Tervetuloa.jpg\"><img loading=\"lazy\" decoding=\"async\" class=\"alignnone wp-image-23157\" src=\"https:\/\/oma.media.fi\/ess\/wp-content\/uploads\/sites\/4\/2024\/03\/Tervetuloa.jpg\" alt=\"\" width=\"247\" height=\"393\" \/><\/a><\/li>\n<li>Seuraavaksi hyv\u00e4ksy sovelluksen k\u00e4ytt\u00f6ehdot sek\u00e4 valitse aiheet, joista haluat saada ilmoituksia.<\/li>\n<li>Kun tulet kirjautumisvaiheeseen, klikkaa Kirjaudu sis\u00e4\u00e4n -painiketta, jotta saat sovelluksessa k\u00e4ytt\u00f6\u00f6si kaikki tilaukseesi kuuluvat sis\u00e4ll\u00f6t, esim. n\u00e4k\u00f6islehden.\n<ul>\n<li>Kirjautumisen ohjeet tarkemmin alla.<br \/>\n<a href=\"https:\/\/oma.media.fi\/ess\/wp-content\/uploads\/sites\/4\/2024\/03\/Kirjaudu2.jpg\"><img loading=\"lazy\" decoding=\"async\" class=\"alignnone wp-image-23162\" src=\"https:\/\/oma.media.fi\/ess\/wp-content\/uploads\/sites\/4\/2024\/03\/Kirjaudu2.jpg\" alt=\"\" width=\"241\" height=\"413\" \/><\/a><\/li>\n<\/ul>\n<\/li>\n<\/ol>\n<p>&nbsp;<\/p>\n<h2 id=\"kirjaudu\">4. Kirjautuminen sovellukseen Mediatunnuksella<\/h2>\n<ol>\n<li>Kirjoita<em> s\u00e4hk\u00f6postiosoite<\/em>-kentt\u00e4\u00e4n s\u00e4hk\u00f6postiosoitteesi.<\/li>\n<li>Kirjoita <em>salasana<\/em>-kentt\u00e4\u00e4n oma salasanasi.\n<ul>\n<li>Klikkaamalla kent\u00e4n lopussa n\u00e4kyv\u00e4\u00e4 silm\u00e4n kuvaa voit n\u00e4hd\u00e4 kirjoittamasi merkit.<\/li>\n<\/ul>\n<\/li>\n<li>Klikkaa sitten<em> Kirjaudu sis\u00e4\u00e4n<\/em> -painiketta.<\/li>\n<li>Valmista tuli!<\/li>\n<\/ol>\n<p><strong>JOS et muista salasanaasi<\/strong><\/p>\n<ol>\n<li>Klikkaa heti ensimm\u00e4iseksi<em> Olen unohtanut salasanani<\/em> -linkki\u00e4.<br \/>\n<a href=\"https:\/\/oma.media.fi\/ess\/wp-content\/uploads\/sites\/4\/2024\/03\/salasana.jpg\"><img loading=\"lazy\" decoding=\"async\" class=\"alignnone size-full wp-image-23160\" src=\"https:\/\/oma.media.fi\/ess\/wp-content\/uploads\/sites\/4\/2024\/03\/salasana.jpg\" alt=\"\" width=\"299\" height=\"475\" \/><\/a><\/li>\n<li>Kirjoita avautuvaan n\u00e4kym\u00e4\u00e4n s\u00e4hk\u00f6postiosoitteesi ja klikkaa <em>L\u00e4het\u00e4<\/em>-painiketta.<br \/>\n<a href=\"https:\/\/oma.media.fi\/ess\/wp-content\/uploads\/sites\/4\/2024\/03\/vaihda_salasana.jpg\"><img loading=\"lazy\" decoding=\"async\" class=\"alignnone size-full wp-image-23163\" src=\"https:\/\/oma.media.fi\/ess\/wp-content\/uploads\/sites\/4\/2024\/03\/vaihda_salasana.jpg\" alt=\"\" width=\"299\" height=\"348\" \/><\/a><br \/>\nN\u00e4et vahvistuksen, kun sovellus on l\u00e4hett\u00e4nyt s\u00e4hk\u00f6postiisi kertak\u00e4ytt\u00f6isen linkin salasanan vaihtamiseen.<br \/>\n<a href=\"https:\/\/oma.media.fi\/ess\/wp-content\/uploads\/sites\/4\/2024\/03\/salasana_vaihdettu.jpg\"><img loading=\"lazy\" decoding=\"async\" class=\"alignnone size-full wp-image-23164\" src=\"https:\/\/oma.media.fi\/ess\/wp-content\/uploads\/sites\/4\/2024\/03\/salasana_vaihdettu.jpg\" alt=\"\" width=\"299\" height=\"261\" \/><\/a><\/li>\n<\/ol>\n<p>3. Saat ilmoittamaasi s\u00e4hk\u00f6postiin viestin.<br \/>\nAvaa saamasi s\u00e4hk\u00f6postiviesti ja klikkaa viestiss\u00e4 olevaa linkki\u00e4 (linkki piilotettu esimerkkikuvassa, mutta l\u00f6ytyy kyseisest\u00e4 kohdasta) .<br \/>\n<a href=\"https:\/\/oma.media.fi\/ess\/wp-content\/uploads\/sites\/4\/2024\/03\/Mediatunnus_vaihto_email.jpg\"><img loading=\"lazy\" decoding=\"async\" class=\"alignnone wp-image-23165\" src=\"https:\/\/oma.media.fi\/ess\/wp-content\/uploads\/sites\/4\/2024\/03\/Mediatunnus_vaihto_email-1024x375.jpg\" alt=\"\" width=\"1027\" height=\"376\" \/><\/a><\/p>\n<p>4. Keksi uusi salasana ja sy\u00f6t\u00e4 se kenttiin <em>salasana<\/em> sek\u00e4 <em>Toista salasana.<\/em><\/p>\n<ul>\n<li>Klikkaa sen j\u00e4lkeen <em>Vahvista uusi salasana<\/em> -painiketta.<em><br \/>\n<\/em><a href=\"https:\/\/oma.media.fi\/ess\/wp-content\/uploads\/sites\/4\/2024\/03\/salasana_uusi.jpg\"><img loading=\"lazy\" decoding=\"async\" class=\"alignnone size-full wp-image-23166\" src=\"https:\/\/oma.media.fi\/ess\/wp-content\/uploads\/sites\/4\/2024\/03\/salasana_uusi.jpg\" alt=\"\" width=\"289\" height=\"516\" \/><\/a>N\u00e4kym\u00e4 vahvistaa, ett\u00e4 salasanasi vaihto onnistui.<\/li>\n<\/ul>\n<p><a href=\"https:\/\/oma.media.fi\/ess\/wp-content\/uploads\/sites\/4\/2024\/03\/salasana_vaihdettu-1.jpg\"><img loading=\"lazy\" decoding=\"async\" class=\"alignnone size-full wp-image-23168\" src=\"https:\/\/oma.media.fi\/ess\/wp-content\/uploads\/sites\/4\/2024\/03\/salasana_vaihdettu-1.jpg\" alt=\"\" width=\"353\" height=\"316\" \/><\/a><\/p>\n<p>5. Saat viel\u00e4 s\u00e4hk\u00f6postiisi vahvistusviestin salasanan vaihtamisesta.<br \/>\n<a href=\"https:\/\/oma.media.fi\/ess\/wp-content\/uploads\/sites\/4\/2024\/03\/salasana_vaihdettu_vahvistus.jpg\"><img loading=\"lazy\" decoding=\"async\" class=\"alignnone wp-image-23169\" src=\"https:\/\/oma.media.fi\/ess\/wp-content\/uploads\/sites\/4\/2024\/03\/salasana_vaihdettu_vahvistus.jpg\" alt=\"\" width=\"946\" height=\"538\" \/><\/a><\/p>\n<p>&nbsp;<\/p>\n<p>6. Nyt voit kirjautua s\u00e4hk\u00f6postiosoitteellasi sek\u00e4 uudella salasanallasi sovellukseen.<\/p>\n<p>&nbsp;<\/p>\n<h2 id=\"nakoislehti\">5. N\u00e4k\u00f6islehden l\u00f6yt\u00e4minen sovelluksessa<\/h2>\n<p>N\u00e4k\u00f6islehteen p\u00e4\u00e4set klikkaamalla sovelluksen alalaidassa n\u00e4kyv\u00e4\u00e4 <em>Lehdet<\/em>-painiketta.<\/p>\n<p><a href=\"https:\/\/oma.media.fi\/ess\/wp-content\/uploads\/sites\/4\/2024\/03\/Nakoislehti-sovelluksessa.jpg\"><img loading=\"lazy\" decoding=\"async\" class=\"alignnone wp-image-23175 \" src=\"https:\/\/oma.media.fi\/ess\/wp-content\/uploads\/sites\/4\/2024\/03\/Nakoislehti-sovelluksessa.jpg\" alt=\"\" width=\"350\" height=\"657\" \/><\/a><\/p>\n","protected":false},"excerpt":{"rendered":"<p>T\u00e4lt\u00e4 sivulta l\u00f6yd\u00e4t vaiheittaiset ohjeet uuden mobiilisovelluksen k\u00e4ytt\u00f6\u00f6nottoon. 1. Vanhan sovelluksen poistaminen 2. Uuden sovelluksen lataaminen 3. Uuden sovelluksen k\u00e4yt\u00f6n aloittaminen 4. Kirjautuminen sovellukseen Mediatunnuksella 5. N\u00e4k\u00f6islehden l\u00f6yt\u00e4minen sovelluksessa &nbsp; 1. Vanhojen sovellusten poistaminen Paina mobiililaitteesi n\u00e4yt\u00f6ll\u00e4 n\u00e4kyv\u00e4\u00e4 sovelluksen kuvaketta niin kauan, ett\u00e4 n\u00e4kyviin tulee vaihtoehtoja. Valitse &#8221;poista sovellus&#8221; Vanhan sovelluksen ikonit n\u00e4ytt\u00e4v\u00e4t t\u00e4lt\u00e4: Huom. [&hellip;]<\/p>\n","protected":false},"author":46,"featured_media":0,"parent":0,"menu_order":0,"comment_status":"closed","ping_status":"closed","template":"","meta":{"_acf_changed":false,"footnotes":""},"class_list":["post-3591","page","type-page","status-publish","hentry"],"acf":[],"yoast_head":"<!-- This site is optimized with the Yoast SEO plugin v26.2 - https:\/\/yoast.com\/wordpress\/plugins\/seo\/ -->\n<title>Ohjeita sovelluksen k\u00e4ytt\u00f6\u00f6nottoon - H\u00e4meen Sanomat<\/title>\n<meta name=\"robots\" content=\"index, follow, max-snippet:-1, max-image-preview:large, max-video-preview:-1\" \/>\n<link rel=\"canonical\" href=\"https:\/\/oma.media.fi\/hameen-sanomat\/vinkkeja\/\" \/>\n<meta property=\"og:locale\" content=\"fi_FI\" \/>\n<meta property=\"og:type\" content=\"article\" \/>\n<meta property=\"og:title\" content=\"Ohjeita sovelluksen k\u00e4ytt\u00f6\u00f6nottoon\" \/>\n<meta property=\"og:description\" content=\"T\u00e4lt\u00e4 sivulta l\u00f6yd\u00e4t vaiheittaiset ohjeet uuden mobiilisovelluksen k\u00e4ytt\u00f6\u00f6nottoon. 1. Vanhan sovelluksen poistaminen 2. Uuden sovelluksen lataaminen 3. Uuden sovelluksen k\u00e4yt\u00f6n aloittaminen 4. Kirjautuminen sovellukseen Mediatunnuksella 5. N\u00e4k\u00f6islehden l\u00f6yt\u00e4minen sovelluksessa &nbsp; 1. Vanhojen sovellusten poistaminen Paina mobiililaitteesi n\u00e4yt\u00f6ll\u00e4 n\u00e4kyv\u00e4\u00e4 sovelluksen kuvaketta niin kauan, ett\u00e4 n\u00e4kyviin tulee vaihtoehtoja. Valitse &#8221;poista sovellus&#8221; Vanhan sovelluksen ikonit n\u00e4ytt\u00e4v\u00e4t t\u00e4lt\u00e4: Huom. [&hellip;]\" \/>\n<meta property=\"og:url\" content=\"https:\/\/oma.media.fi\/hameen-sanomat\/vinkkeja\/\" \/>\n<meta property=\"og:site_name\" content=\"H\u00e4meen Sanomat\" \/>\n<meta property=\"article:modified_time\" content=\"2024-03-14T11:04:57+00:00\" \/>\n<meta property=\"og:image\" content=\"https:\/\/oma.media.fi\/hameen-sanomat\/wp-content\/uploads\/sites\/52\/2024\/03\/HASA_vanha.jpg\" \/>\n<meta name=\"twitter:card\" content=\"summary_large_image\" \/>\n<meta name=\"twitter:label1\" content=\"Arvioitu lukuaika\" \/>\n\t<meta name=\"twitter:data1\" content=\"5 minuuttia\" \/>\n<script type=\"application\/ld+json\" class=\"yoast-schema-graph\">{\"@context\":\"https:\/\/schema.org\",\"@graph\":[{\"@type\":\"WebPage\",\"@id\":\"https:\/\/oma.media.fi\/hameen-sanomat\/vinkkeja\/\",\"url\":\"https:\/\/oma.media.fi\/hameen-sanomat\/vinkkeja\/\",\"name\":\"Ohjeita sovelluksen k\u00e4ytt\u00f6\u00f6nottoon - H\u00e4meen Sanomat\",\"isPartOf\":{\"@id\":\"https:\/\/oma.media.fi\/hameen-sanomat\/#website\"},\"primaryImageOfPage\":{\"@id\":\"https:\/\/oma.media.fi\/hameen-sanomat\/vinkkeja\/#primaryimage\"},\"image\":{\"@id\":\"https:\/\/oma.media.fi\/hameen-sanomat\/vinkkeja\/#primaryimage\"},\"thumbnailUrl\":\"https:\/\/oma.media.fi\/hameen-sanomat\/wp-content\/uploads\/sites\/52\/2024\/03\/HASA_vanha.jpg\",\"datePublished\":\"2024-03-05T06:44:41+00:00\",\"dateModified\":\"2024-03-14T11:04:57+00:00\",\"breadcrumb\":{\"@id\":\"https:\/\/oma.media.fi\/hameen-sanomat\/vinkkeja\/#breadcrumb\"},\"inLanguage\":\"fi\",\"potentialAction\":[{\"@type\":\"ReadAction\",\"target\":[\"https:\/\/oma.media.fi\/hameen-sanomat\/vinkkeja\/\"]}]},{\"@type\":\"ImageObject\",\"inLanguage\":\"fi\",\"@id\":\"https:\/\/oma.media.fi\/hameen-sanomat\/vinkkeja\/#primaryimage\",\"url\":\"https:\/\/oma.media.fi\/hameen-sanomat\/wp-content\/uploads\/sites\/52\/2024\/03\/HASA_vanha.jpg\",\"contentUrl\":\"https:\/\/oma.media.fi\/hameen-sanomat\/wp-content\/uploads\/sites\/52\/2024\/03\/HASA_vanha.jpg\"},{\"@type\":\"BreadcrumbList\",\"@id\":\"https:\/\/oma.media.fi\/hameen-sanomat\/vinkkeja\/#breadcrumb\",\"itemListElement\":[{\"@type\":\"ListItem\",\"position\":1,\"name\":\"Etusivu\",\"item\":\"https:\/\/oma.media.fi\/hameen-sanomat\/\"},{\"@type\":\"ListItem\",\"position\":2,\"name\":\"Ohjeita sovelluksen k\u00e4ytt\u00f6\u00f6nottoon\"}]},{\"@type\":\"WebSite\",\"@id\":\"https:\/\/oma.media.fi\/hameen-sanomat\/#website\",\"url\":\"https:\/\/oma.media.fi\/hameen-sanomat\/\",\"name\":\"H\u00e4meen Sanomat\",\"description\":\"\",\"potentialAction\":[{\"@type\":\"SearchAction\",\"target\":{\"@type\":\"EntryPoint\",\"urlTemplate\":\"https:\/\/oma.media.fi\/hameen-sanomat\/?s={search_term_string}\"},\"query-input\":{\"@type\":\"PropertyValueSpecification\",\"valueRequired\":true,\"valueName\":\"search_term_string\"}}],\"inLanguage\":\"fi\"}]}<\/script>\n<!-- \/ Yoast SEO plugin. -->","yoast_head_json":{"title":"Ohjeita sovelluksen k\u00e4ytt\u00f6\u00f6nottoon - H\u00e4meen Sanomat","robots":{"index":"index","follow":"follow","max-snippet":"max-snippet:-1","max-image-preview":"max-image-preview:large","max-video-preview":"max-video-preview:-1"},"canonical":"https:\/\/oma.media.fi\/hameen-sanomat\/vinkkeja\/","og_locale":"fi_FI","og_type":"article","og_title":"Ohjeita sovelluksen k\u00e4ytt\u00f6\u00f6nottoon","og_description":"T\u00e4lt\u00e4 sivulta l\u00f6yd\u00e4t vaiheittaiset ohjeet uuden mobiilisovelluksen k\u00e4ytt\u00f6\u00f6nottoon. 1. Vanhan sovelluksen poistaminen 2. Uuden sovelluksen lataaminen 3. Uuden sovelluksen k\u00e4yt\u00f6n aloittaminen 4. Kirjautuminen sovellukseen Mediatunnuksella 5. N\u00e4k\u00f6islehden l\u00f6yt\u00e4minen sovelluksessa &nbsp; 1. Vanhojen sovellusten poistaminen Paina mobiililaitteesi n\u00e4yt\u00f6ll\u00e4 n\u00e4kyv\u00e4\u00e4 sovelluksen kuvaketta niin kauan, ett\u00e4 n\u00e4kyviin tulee vaihtoehtoja. Valitse &#8221;poista sovellus&#8221; Vanhan sovelluksen ikonit n\u00e4ytt\u00e4v\u00e4t t\u00e4lt\u00e4: Huom. [&hellip;]","og_url":"https:\/\/oma.media.fi\/hameen-sanomat\/vinkkeja\/","og_site_name":"H\u00e4meen Sanomat","article_modified_time":"2024-03-14T11:04:57+00:00","og_image":[{"url":"https:\/\/oma.media.fi\/hameen-sanomat\/wp-content\/uploads\/sites\/52\/2024\/03\/HASA_vanha.jpg","type":"","width":"","height":""}],"twitter_card":"summary_large_image","twitter_misc":{"Arvioitu lukuaika":"5 minuuttia"},"schema":{"@context":"https:\/\/schema.org","@graph":[{"@type":"WebPage","@id":"https:\/\/oma.media.fi\/hameen-sanomat\/vinkkeja\/","url":"https:\/\/oma.media.fi\/hameen-sanomat\/vinkkeja\/","name":"Ohjeita sovelluksen k\u00e4ytt\u00f6\u00f6nottoon - H\u00e4meen Sanomat","isPartOf":{"@id":"https:\/\/oma.media.fi\/hameen-sanomat\/#website"},"primaryImageOfPage":{"@id":"https:\/\/oma.media.fi\/hameen-sanomat\/vinkkeja\/#primaryimage"},"image":{"@id":"https:\/\/oma.media.fi\/hameen-sanomat\/vinkkeja\/#primaryimage"},"thumbnailUrl":"https:\/\/oma.media.fi\/hameen-sanomat\/wp-content\/uploads\/sites\/52\/2024\/03\/HASA_vanha.jpg","datePublished":"2024-03-05T06:44:41+00:00","dateModified":"2024-03-14T11:04:57+00:00","breadcrumb":{"@id":"https:\/\/oma.media.fi\/hameen-sanomat\/vinkkeja\/#breadcrumb"},"inLanguage":"fi","potentialAction":[{"@type":"ReadAction","target":["https:\/\/oma.media.fi\/hameen-sanomat\/vinkkeja\/"]}]},{"@type":"ImageObject","inLanguage":"fi","@id":"https:\/\/oma.media.fi\/hameen-sanomat\/vinkkeja\/#primaryimage","url":"https:\/\/oma.media.fi\/hameen-sanomat\/wp-content\/uploads\/sites\/52\/2024\/03\/HASA_vanha.jpg","contentUrl":"https:\/\/oma.media.fi\/hameen-sanomat\/wp-content\/uploads\/sites\/52\/2024\/03\/HASA_vanha.jpg"},{"@type":"BreadcrumbList","@id":"https:\/\/oma.media.fi\/hameen-sanomat\/vinkkeja\/#breadcrumb","itemListElement":[{"@type":"ListItem","position":1,"name":"Etusivu","item":"https:\/\/oma.media.fi\/hameen-sanomat\/"},{"@type":"ListItem","position":2,"name":"Ohjeita sovelluksen k\u00e4ytt\u00f6\u00f6nottoon"}]},{"@type":"WebSite","@id":"https:\/\/oma.media.fi\/hameen-sanomat\/#website","url":"https:\/\/oma.media.fi\/hameen-sanomat\/","name":"H\u00e4meen Sanomat","description":"","potentialAction":[{"@type":"SearchAction","target":{"@type":"EntryPoint","urlTemplate":"https:\/\/oma.media.fi\/hameen-sanomat\/?s={search_term_string}"},"query-input":{"@type":"PropertyValueSpecification","valueRequired":true,"valueName":"search_term_string"}}],"inLanguage":"fi"}]}},"publishpress_future_action":{"enabled":false,"date":"2026-04-12 12:23:50","action":"change-status","newStatus":"draft","terms":[],"taxonomy":"","extraData":[]},"publishpress_future_workflow_manual_trigger":{"enabledWorkflows":[]},"_links":{"self":[{"href":"https:\/\/oma.media.fi\/hameen-sanomat\/wp-json\/wp\/v2\/pages\/3591","targetHints":{"allow":["GET"]}}],"collection":[{"href":"https:\/\/oma.media.fi\/hameen-sanomat\/wp-json\/wp\/v2\/pages"}],"about":[{"href":"https:\/\/oma.media.fi\/hameen-sanomat\/wp-json\/wp\/v2\/types\/page"}],"author":[{"embeddable":true,"href":"https:\/\/oma.media.fi\/hameen-sanomat\/wp-json\/wp\/v2\/users\/46"}],"replies":[{"embeddable":true,"href":"https:\/\/oma.media.fi\/hameen-sanomat\/wp-json\/wp\/v2\/comments?post=3591"}],"version-history":[{"count":2,"href":"https:\/\/oma.media.fi\/hameen-sanomat\/wp-json\/wp\/v2\/pages\/3591\/revisions"}],"predecessor-version":[{"id":3632,"href":"https:\/\/oma.media.fi\/hameen-sanomat\/wp-json\/wp\/v2\/pages\/3591\/revisions\/3632"}],"wp:attachment":[{"href":"https:\/\/oma.media.fi\/hameen-sanomat\/wp-json\/wp\/v2\/media?parent=3591"}],"curies":[{"name":"wp","href":"https:\/\/api.w.org\/{rel}","templated":true}]}}