{"id":2,"date":"2018-10-08T08:16:15","date_gmt":"2018-10-08T05:16:15","guid":{"rendered":"https:\/\/oma.media.fi\/hankasalmen-sanomat\/?page_id=2"},"modified":"2019-11-29T13:08:25","modified_gmt":"2019-11-29T11:08:25","slug":"etusivu","status":"publish","type":"page","link":"https:\/\/oma.media.fi\/hankasalmen-sanomat\/","title":{"rendered":"Etusivu"},"content":{"rendered":"<p>Tervetuloa Hankasalmen Sanomien asiakaspalveluun. T\u00e4\u00e4ll\u00e4 voit hoitaa <strong>lehtitilauksiin liittyv\u00e4t asiat sujuvasti silloin kun se sinulle parhaiten sopii<\/strong>. K\u00e4ytetyimm\u00e4t palvelut l\u00f6yd\u00e4t sivun alalaidasta.<\/p>\n<p>&nbsp;<\/p>\n","protected":false},"excerpt":{"rendered":"<p>Tervetuloa Hankasalmen Sanomien asiakaspalveluun. T\u00e4\u00e4ll\u00e4 voit hoitaa lehtitilauksiin liittyv\u00e4t asiat sujuvasti silloin kun se sinulle parhaiten sopii. K\u00e4ytetyimm\u00e4t palvelut l\u00f6yd\u00e4t sivun alalaidasta. &nbsp;<\/p>\n","protected":false},"author":1,"featured_media":0,"parent":0,"menu_order":0,"comment_status":"closed","ping_status":"closed","template":"","meta":{"_acf_changed":false,"footnotes":""},"class_list":["post-2","page","type-page","status-publish","hentry"],"acf":[],"yoast_head":"<!-- This site is optimized with the Yoast SEO plugin v26.2 - https:\/\/yoast.com\/wordpress\/plugins\/seo\/ -->\n<title>Hankasalmen Sanomat - Asiakaspalvelu<\/title>\n<meta name=\"description\" content=\"Hankasalmen Sanomat Asiakaspalvelu: Asioi helposti verkossa! Osoitteenmuutos, jakelunkeskeytys, mediatunnukset, j\u00e4t\u00e4 ilmoitus, ota yhteytt\u00e4, anna palautetta\" \/>\n<meta name=\"robots\" content=\"index, follow, max-snippet:-1, max-image-preview:large, max-video-preview:-1\" \/>\n<link rel=\"canonical\" href=\"https:\/\/oma.media.fi\/hankasalmen-sanomat\/\" \/>\n<meta property=\"og:locale\" content=\"fi_FI\" \/>\n<meta property=\"og:type\" content=\"article\" \/>\n<meta property=\"og:title\" content=\"Etusivu\" \/>\n<meta property=\"og:description\" content=\"Hankasalmen Sanomat Asiakaspalvelu: Asioi helposti verkossa! Osoitteenmuutos, jakelunkeskeytys, mediatunnukset, j\u00e4t\u00e4 ilmoitus, ota yhteytt\u00e4, anna palautetta\" \/>\n<meta property=\"og:url\" content=\"https:\/\/oma.media.fi\/hankasalmen-sanomat\/\" \/>\n<meta property=\"og:site_name\" content=\"Hankasalmen Sanomat\" \/>\n<meta property=\"article:modified_time\" content=\"2019-11-29T11:08:25+00:00\" \/>\n<meta name=\"twitter:card\" content=\"summary_large_image\" \/>\n<meta name=\"twitter:label1\" content=\"Arvioitu lukuaika\" \/>\n\t<meta name=\"twitter:data1\" content=\"1 minuutti\" \/>\n<script type=\"application\/ld+json\" class=\"yoast-schema-graph\">{\"@context\":\"https:\/\/schema.org\",\"@graph\":[{\"@type\":\"WebPage\",\"@id\":\"https:\/\/oma.media.fi\/hankasalmen-sanomat\/\",\"url\":\"https:\/\/oma.media.fi\/hankasalmen-sanomat\/\",\"name\":\"Hankasalmen Sanomat - Asiakaspalvelu\",\"isPartOf\":{\"@id\":\"https:\/\/oma.media.fi\/hankasalmen-sanomat\/#website\"},\"datePublished\":\"2018-10-08T05:16:15+00:00\",\"dateModified\":\"2019-11-29T11:08:25+00:00\",\"description\":\"Hankasalmen Sanomat Asiakaspalvelu: Asioi helposti verkossa! Osoitteenmuutos, jakelunkeskeytys, mediatunnukset, j\u00e4t\u00e4 ilmoitus, ota yhteytt\u00e4, anna palautetta\",\"breadcrumb\":{\"@id\":\"https:\/\/oma.media.fi\/hankasalmen-sanomat\/#breadcrumb\"},\"inLanguage\":\"fi\",\"potentialAction\":[{\"@type\":\"ReadAction\",\"target\":[\"https:\/\/oma.media.fi\/hankasalmen-sanomat\/\"]}]},{\"@type\":\"BreadcrumbList\",\"@id\":\"https:\/\/oma.media.fi\/hankasalmen-sanomat\/#breadcrumb\",\"itemListElement\":[{\"@type\":\"ListItem\",\"position\":1,\"name\":\"Etusivu\",\"item\":\"https:\/\/oma.media.fi\/hankasalmen-sanomat\/\"},{\"@type\":\"ListItem\",\"position\":2,\"name\":\"Etusivu\"}]},{\"@type\":\"WebSite\",\"@id\":\"https:\/\/oma.media.fi\/hankasalmen-sanomat\/#website\",\"url\":\"https:\/\/oma.media.fi\/hankasalmen-sanomat\/\",\"name\":\"Hankasalmen Sanomat\",\"description\":\"\",\"potentialAction\":[{\"@type\":\"SearchAction\",\"target\":{\"@type\":\"EntryPoint\",\"urlTemplate\":\"https:\/\/oma.media.fi\/hankasalmen-sanomat\/?s={search_term_string}\"},\"query-input\":{\"@type\":\"PropertyValueSpecification\",\"valueRequired\":true,\"valueName\":\"search_term_string\"}}],\"inLanguage\":\"fi\"}]}<\/script>\n<!-- \/ Yoast SEO plugin. -->","yoast_head_json":{"title":"Hankasalmen Sanomat - Asiakaspalvelu","description":"Hankasalmen Sanomat Asiakaspalvelu: Asioi helposti verkossa! Osoitteenmuutos, jakelunkeskeytys, mediatunnukset, j\u00e4t\u00e4 ilmoitus, ota yhteytt\u00e4, anna palautetta","robots":{"index":"index","follow":"follow","max-snippet":"max-snippet:-1","max-image-preview":"max-image-preview:large","max-video-preview":"max-video-preview:-1"},"canonical":"https:\/\/oma.media.fi\/hankasalmen-sanomat\/","og_locale":"fi_FI","og_type":"article","og_title":"Etusivu","og_description":"Hankasalmen Sanomat Asiakaspalvelu: Asioi helposti verkossa! Osoitteenmuutos, jakelunkeskeytys, mediatunnukset, j\u00e4t\u00e4 ilmoitus, ota yhteytt\u00e4, anna palautetta","og_url":"https:\/\/oma.media.fi\/hankasalmen-sanomat\/","og_site_name":"Hankasalmen Sanomat","article_modified_time":"2019-11-29T11:08:25+00:00","twitter_card":"summary_large_image","twitter_misc":{"Arvioitu lukuaika":"1 minuutti"},"schema":{"@context":"https:\/\/schema.org","@graph":[{"@type":"WebPage","@id":"https:\/\/oma.media.fi\/hankasalmen-sanomat\/","url":"https:\/\/oma.media.fi\/hankasalmen-sanomat\/","name":"Hankasalmen Sanomat - Asiakaspalvelu","isPartOf":{"@id":"https:\/\/oma.media.fi\/hankasalmen-sanomat\/#website"},"datePublished":"2018-10-08T05:16:15+00:00","dateModified":"2019-11-29T11:08:25+00:00","description":"Hankasalmen Sanomat Asiakaspalvelu: Asioi helposti verkossa! Osoitteenmuutos, jakelunkeskeytys, mediatunnukset, j\u00e4t\u00e4 ilmoitus, ota yhteytt\u00e4, anna palautetta","breadcrumb":{"@id":"https:\/\/oma.media.fi\/hankasalmen-sanomat\/#breadcrumb"},"inLanguage":"fi","potentialAction":[{"@type":"ReadAction","target":["https:\/\/oma.media.fi\/hankasalmen-sanomat\/"]}]},{"@type":"BreadcrumbList","@id":"https:\/\/oma.media.fi\/hankasalmen-sanomat\/#breadcrumb","itemListElement":[{"@type":"ListItem","position":1,"name":"Etusivu","item":"https:\/\/oma.media.fi\/hankasalmen-sanomat\/"},{"@type":"ListItem","position":2,"name":"Etusivu"}]},{"@type":"WebSite","@id":"https:\/\/oma.media.fi\/hankasalmen-sanomat\/#website","url":"https:\/\/oma.media.fi\/hankasalmen-sanomat\/","name":"Hankasalmen Sanomat","description":"","potentialAction":[{"@type":"SearchAction","target":{"@type":"EntryPoint","urlTemplate":"https:\/\/oma.media.fi\/hankasalmen-sanomat\/?s={search_term_string}"},"query-input":{"@type":"PropertyValueSpecification","valueRequired":true,"valueName":"search_term_string"}}],"inLanguage":"fi"}]}},"publishpress_future_action":{"enabled":false,"date":"2026-05-11 04:51:25","action":"change-status","newStatus":"draft","terms":[],"taxonomy":"","extraData":[]},"publishpress_future_workflow_manual_trigger":{"enabledWorkflows":[]},"_links":{"self":[{"href":"https:\/\/oma.media.fi\/hankasalmen-sanomat\/wp-json\/wp\/v2\/pages\/2","targetHints":{"allow":["GET"]}}],"collection":[{"href":"https:\/\/oma.media.fi\/hankasalmen-sanomat\/wp-json\/wp\/v2\/pages"}],"about":[{"href":"https:\/\/oma.media.fi\/hankasalmen-sanomat\/wp-json\/wp\/v2\/types\/page"}],"author":[{"embeddable":true,"href":"https:\/\/oma.media.fi\/hankasalmen-sanomat\/wp-json\/wp\/v2\/users\/1"}],"replies":[{"embeddable":true,"href":"https:\/\/oma.media.fi\/hankasalmen-sanomat\/wp-json\/wp\/v2\/comments?post=2"}],"version-history":[{"count":12,"href":"https:\/\/oma.media.fi\/hankasalmen-sanomat\/wp-json\/wp\/v2\/pages\/2\/revisions"}],"predecessor-version":[{"id":5503,"href":"https:\/\/oma.media.fi\/hankasalmen-sanomat\/wp-json\/wp\/v2\/pages\/2\/revisions\/5503"}],"wp:attachment":[{"href":"https:\/\/oma.media.fi\/hankasalmen-sanomat\/wp-json\/wp\/v2\/media?parent=2"}],"curies":[{"name":"wp","href":"https:\/\/api.w.org\/{rel}","templated":true}]}}