{"id":27,"date":"2018-10-17T13:17:59","date_gmt":"2018-10-17T10:17:59","guid":{"rendered":"https:\/\/oma.media.fi\/hankasalmen-sanomat\/yhteystiedot\/"},"modified":"2026-04-13T11:54:04","modified_gmt":"2026-04-13T08:54:04","slug":"yhteystiedot","status":"publish","type":"page","link":"https:\/\/oma.media.fi\/hankasalmen-sanomat\/yhteystiedot\/","title":{"rendered":"Yhteystiedot"},"content":{"rendered":"<div class=\"text-block\">\n<h2>Tilaukset<\/h2>\n<p>Digipalvelut, osoitteenmuutokset, jakelunkeskeytykset, asiakastietojen muutokset<br \/>\nsek\u00e4 tilauslaskut ja muut tilauksiin liittyv\u00e4t asiat.<\/p>\n<p><a href=\"https:\/\/oma.media.fi\/hankasalmen-sanomat\/\"><strong>Asiakaspalvelua verkossa 24\/7<\/strong><\/a><\/p>\n<h2>Lukijailmoitukset<\/h2>\n<p>J\u00e4rjest\u00f6ilmoitukset, luokitellut ilmoitukset, perheilmoitukset, kuolinilmoitukset ja surukiitokset<\/p>\n<p><strong>J\u00e4t\u00e4 ilmoitus 24\/7 <\/strong><a href=\"https:\/\/oma.media.fi\/hankasalmen-sanomat\/ilmoita\/\"><strong>hankasalmensanomat.fi\/ilmoita<\/strong><\/a><\/p>\n<h2>Asiakaspalvelu<\/h2>\n<p>Tilauksiin ja lukijailmoituksiin liittyv\u00e4t asiat.<\/p>\n<p><strong>Puhelinpalvelu <\/strong>014 622 133<br \/>\nAvoinna: ma-pe klo 8.00-18.00<\/p>\n<p>Tallennamme puhelut asiakaspalvelutapahtumien varmentamiseksi<br \/>\nsek\u00e4 asiakaspalvelun koulutusta varten. Puhelun hinta mpm\/pvm, jonotus on maksullista.<\/p>\n<p>Toimipisteess\u00e4 ei ole tiskiasiakaspalvelua<strong><br \/>\nPostiosoite:<\/strong> Keskustie 32, 41520 Hankasalmi<\/p>\n<p><a class=\"button\" href=\"https:\/\/oma.media.fi\/hankasalmen-sanomat\/yhteystiedot\/ota-yhteytta\/\">Ota yhteytt\u00e4 asiakaspalveluun<\/a><\/p>\n<\/div>\n<div class=\"text-block\">\n<h2>Jakelu ja jakelup\u00e4ivystys<\/h2>\n<p><a class=\"button\" href=\"https:\/\/oma.media.fi\/hankasalmen-sanomat\/yhteystiedot\/jakelupalaute\/\">Ilmoita jakeluvirheest<\/a><\/p>\n<p><strong>Jakelup\u00e4ivystys<\/strong><br \/>\np. 0200 25200 (pvm\/mpm), jonotus on maksullista<br \/>\nma-pe klo 6.30-16.00.<\/p>\n<p>Varhaisjakelu toimittaa puuttuneen lehden seuraavan aamun jakelussa.<\/p>\n<\/div>\n<div class=\"text-block\">\n<h2>Medialaskutus<\/h2>\n<p>Ilmoituslaskut<br \/>\np. 09 2730 0230 (pvm\/mpm), ma-pe 9.00-14.00<br \/>\n<a href=\"&#x6d;&#97;i&#x6c;&#116;o&#x3a;&#108;a&#x73;&#107;u&#x74;&#117;s&#x2e;&#x6b;e&#x73;&#x6b;&#105;&#x73;&#x75;&#111;&#x6d;&#x61;&#108;a&#x69;&#110;e&#x6e;&#109;e&#x64;&#105;a&#x40;&#109;e&#x64;&#x69;a&#x2e;&#x66;&#105;\">lask&#117;&#116;&#117;&#115;&#46;&#x6b;&#x65;&#x73;&#x6b;&#x69;&#x73;&#x75;omal&#97;&#105;&#110;&#101;&#110;&#x6d;&#x65;&#x64;&#x69;&#x61;&#x40;&#x6d;&#x65;dia&#46;&#102;&#105; <\/a><\/p>\n<\/div>\n<div class=\"text-block\">\n<h2>Mediamyynti<\/h2>\n<h3>Soile Hintikka<\/h3>\n<p>Puh. 044 406 2011, &#115;o&#105;l&#101;&#46;&#x68;i&#x6e;t&#x69;k&#x6b;a&#x40;m&#x65;d&#x69;a&#x2e;f&#x69;<\/p>\n<p>Mediamyynnin yhteystiedot l\u00f6yd\u00e4t <a href=\"https:\/\/meks.fi\/yhteystiedot\/keski-suomi?pg=1\">mediamyynnin sivuilta<\/a>.<\/p>\n<\/div>\n<div class=\"text-block\">\n<h2>Toimitus<\/h2>\n<p><a href=\"&#x6d;a&#x69;&#108;&#x74;&#111;&#x3a;&#x74;o&#x69;&#109;&#x69;&#116;&#x75;&#115;&#64;&#x68;&#97;&#x6e;&#107;&#x61;&#115;a&#x6c;&#109;&#x65;&#110;&#x73;&#97;n&#x6f;m&#x61;&#116;&#x2e;&#102;i\">t&#111;&#105;&#x6d;&#x69;tu&#115;&#64;&#x68;&#x61;nk&#97;&#115;&#x61;&#x6c;me&#110;&#x73;&#x61;&#x6e;o&#109;&#97;&#x74;&#x2e;&#x66;i<\/a><br \/>\nSuorat s\u00e4hk\u00f6postit: &#x65;&#116;u&#x6e;&#105;m&#x69;&#46;s&#x75;&#107;u&#x6e;&#105;m&#x69;&#64;h&#x61;&#110;k&#x61;&#115;a&#x6c;&#109;e&#x6e;&#115;a&#x6e;&#111;m&#x61;&#116;&#46;&#x66;&#105;<\/p>\n<p>Postiosoite:<br \/>\nKeskustie 32 (PL 12), 41520 Hankasalmi<\/p>\n<p><a class=\"button\" href=\"https:\/\/oma.media.fi\/hankasalmen-sanomat\/yhteystiedot\/juttuvinkki\/\">J\u00e4t\u00e4 juttuvinkki<\/a><\/p>\n<h3>Jaakko Silvast<\/h3>\n<p>p\u00e4\u00e4toimittaja<br \/>\n040 5782804<\/p>\n<h3>Maija Pellinen<\/h3>\n<p>toimittaja<br \/>\n<span data-teams=\"true\">044 4062013<\/span><\/p>\n<h3><span data-teams=\"true\">Viivi Pietil\u00e4inen<\/span><\/h3>\n<p>toimittaja<br \/>\n<span data-teams=\"true\">044 4062010<\/span><\/p>\n<\/div>\n<div class=\"text-block\">\n<h2>Vaihde<\/h2>\n<p>p. 014 622 000, ma-to klo 8.30-16.00<\/p>\n<\/div>\n<div class=\"text-block\">\n<h2>Sosiaalinen media<\/h2>\n<p><a href=\"https:\/\/www.facebook.com\/HankasalmenSanomat\/\" target=\"_blank\" rel=\"noopener noreferrer\">Facebook<\/a><\/p>\n<\/div>\n<div class=\"text-block\">\n<h2>Palaute<\/h2>\n<p><a class=\"button\" href=\"https:\/\/oma.media.fi\/hankasalmen-sanomat\/yhteystiedot\/anna-palautetta\/\">Anna palautetta<\/a><\/p>\n<\/div>\n","protected":false},"excerpt":{"rendered":"<p>Tilaukset Digipalvelut, osoitteenmuutokset, jakelunkeskeytykset, asiakastietojen muutokset sek\u00e4 tilauslaskut ja muut tilauksiin liittyv\u00e4t asiat. Asiakaspalvelua verkossa 24\/7 Lukijailmoitukset J\u00e4rjest\u00f6ilmoitukset, luokitellut ilmoitukset, perheilmoitukset, kuolinilmoitukset ja surukiitokset J\u00e4t\u00e4 ilmoitus 24\/7 hankasalmensanomat.fi\/ilmoita Asiakaspalvelu Tilauksiin ja lukijailmoituksiin liittyv\u00e4t asiat. Puhelinpalvelu 014 622 133 Avoinna: ma-pe klo 8.00-18.00 Tallennamme puhelut asiakaspalvelutapahtumien varmentamiseksi sek\u00e4 asiakaspalvelun koulutusta varten. Puhelun hinta mpm\/pvm, jonotus on [&hellip;]<\/p>\n","protected":false},"author":1,"featured_media":0,"parent":0,"menu_order":0,"comment_status":"closed","ping_status":"closed","template":"","meta":{"_acf_changed":false,"footnotes":""},"class_list":["post-27","page","type-page","status-publish","hentry"],"acf":[],"yoast_head":"<!-- This site is optimized with the Yoast SEO plugin v26.2 - https:\/\/yoast.com\/wordpress\/plugins\/seo\/ -->\n<title>Yhteystiedot - Hankasalmen Sanomat<\/title>\n<meta name=\"description\" content=\"Etsitk\u00f6 yhteystietoja vai haluatko antaa palautetta? Mediatalo Keskisuomalaisen asiakaspalveluiden yhteystiedot, palautekanavat ja juttuvinkit.\" \/>\n<meta name=\"robots\" content=\"index, follow, max-snippet:-1, max-image-preview:large, max-video-preview:-1\" \/>\n<link rel=\"canonical\" href=\"https:\/\/oma.media.fi\/hankasalmen-sanomat\/yhteystiedot\/\" \/>\n<meta property=\"og:locale\" content=\"fi_FI\" \/>\n<meta property=\"og:type\" content=\"article\" \/>\n<meta property=\"og:title\" content=\"Yhteystiedot\" \/>\n<meta property=\"og:description\" content=\"Etsitk\u00f6 yhteystietoja vai haluatko antaa palautetta? Mediatalo Keskisuomalaisen asiakaspalveluiden yhteystiedot, palautekanavat ja juttuvinkit.\" \/>\n<meta property=\"og:url\" content=\"https:\/\/oma.media.fi\/hankasalmen-sanomat\/yhteystiedot\/\" \/>\n<meta property=\"og:site_name\" content=\"Hankasalmen Sanomat\" \/>\n<meta property=\"article:modified_time\" content=\"2026-04-13T08:54:04+00:00\" \/>\n<meta name=\"twitter:card\" content=\"summary_large_image\" \/>\n<meta name=\"twitter:label1\" content=\"Arvioitu lukuaika\" \/>\n\t<meta name=\"twitter:data1\" content=\"1 minuutti\" \/>\n<script type=\"application\/ld+json\" class=\"yoast-schema-graph\">{\"@context\":\"https:\/\/schema.org\",\"@graph\":[{\"@type\":\"WebPage\",\"@id\":\"https:\/\/oma.media.fi\/hankasalmen-sanomat\/yhteystiedot\/\",\"url\":\"https:\/\/oma.media.fi\/hankasalmen-sanomat\/yhteystiedot\/\",\"name\":\"Yhteystiedot - Hankasalmen Sanomat\",\"isPartOf\":{\"@id\":\"https:\/\/oma.media.fi\/hankasalmen-sanomat\/#website\"},\"datePublished\":\"2018-10-17T10:17:59+00:00\",\"dateModified\":\"2026-04-13T08:54:04+00:00\",\"description\":\"Etsitk\u00f6 yhteystietoja vai haluatko antaa palautetta? Mediatalo Keskisuomalaisen asiakaspalveluiden yhteystiedot, palautekanavat ja juttuvinkit.\",\"breadcrumb\":{\"@id\":\"https:\/\/oma.media.fi\/hankasalmen-sanomat\/yhteystiedot\/#breadcrumb\"},\"inLanguage\":\"fi\",\"potentialAction\":[{\"@type\":\"ReadAction\",\"target\":[\"https:\/\/oma.media.fi\/hankasalmen-sanomat\/yhteystiedot\/\"]}]},{\"@type\":\"BreadcrumbList\",\"@id\":\"https:\/\/oma.media.fi\/hankasalmen-sanomat\/yhteystiedot\/#breadcrumb\",\"itemListElement\":[{\"@type\":\"ListItem\",\"position\":1,\"name\":\"Etusivu\",\"item\":\"https:\/\/oma.media.fi\/hankasalmen-sanomat\/\"},{\"@type\":\"ListItem\",\"position\":2,\"name\":\"Yhteystiedot\"}]},{\"@type\":\"WebSite\",\"@id\":\"https:\/\/oma.media.fi\/hankasalmen-sanomat\/#website\",\"url\":\"https:\/\/oma.media.fi\/hankasalmen-sanomat\/\",\"name\":\"Hankasalmen Sanomat\",\"description\":\"\",\"potentialAction\":[{\"@type\":\"SearchAction\",\"target\":{\"@type\":\"EntryPoint\",\"urlTemplate\":\"https:\/\/oma.media.fi\/hankasalmen-sanomat\/?s={search_term_string}\"},\"query-input\":{\"@type\":\"PropertyValueSpecification\",\"valueRequired\":true,\"valueName\":\"search_term_string\"}}],\"inLanguage\":\"fi\"}]}<\/script>\n<!-- \/ Yoast SEO plugin. -->","yoast_head_json":{"title":"Yhteystiedot - Hankasalmen Sanomat","description":"Etsitk\u00f6 yhteystietoja vai haluatko antaa palautetta? Mediatalo Keskisuomalaisen asiakaspalveluiden yhteystiedot, palautekanavat ja juttuvinkit.","robots":{"index":"index","follow":"follow","max-snippet":"max-snippet:-1","max-image-preview":"max-image-preview:large","max-video-preview":"max-video-preview:-1"},"canonical":"https:\/\/oma.media.fi\/hankasalmen-sanomat\/yhteystiedot\/","og_locale":"fi_FI","og_type":"article","og_title":"Yhteystiedot","og_description":"Etsitk\u00f6 yhteystietoja vai haluatko antaa palautetta? Mediatalo Keskisuomalaisen asiakaspalveluiden yhteystiedot, palautekanavat ja juttuvinkit.","og_url":"https:\/\/oma.media.fi\/hankasalmen-sanomat\/yhteystiedot\/","og_site_name":"Hankasalmen Sanomat","article_modified_time":"2026-04-13T08:54:04+00:00","twitter_card":"summary_large_image","twitter_misc":{"Arvioitu lukuaika":"1 minuutti"},"schema":{"@context":"https:\/\/schema.org","@graph":[{"@type":"WebPage","@id":"https:\/\/oma.media.fi\/hankasalmen-sanomat\/yhteystiedot\/","url":"https:\/\/oma.media.fi\/hankasalmen-sanomat\/yhteystiedot\/","name":"Yhteystiedot - Hankasalmen Sanomat","isPartOf":{"@id":"https:\/\/oma.media.fi\/hankasalmen-sanomat\/#website"},"datePublished":"2018-10-17T10:17:59+00:00","dateModified":"2026-04-13T08:54:04+00:00","description":"Etsitk\u00f6 yhteystietoja vai haluatko antaa palautetta? Mediatalo Keskisuomalaisen asiakaspalveluiden yhteystiedot, palautekanavat ja juttuvinkit.","breadcrumb":{"@id":"https:\/\/oma.media.fi\/hankasalmen-sanomat\/yhteystiedot\/#breadcrumb"},"inLanguage":"fi","potentialAction":[{"@type":"ReadAction","target":["https:\/\/oma.media.fi\/hankasalmen-sanomat\/yhteystiedot\/"]}]},{"@type":"BreadcrumbList","@id":"https:\/\/oma.media.fi\/hankasalmen-sanomat\/yhteystiedot\/#breadcrumb","itemListElement":[{"@type":"ListItem","position":1,"name":"Etusivu","item":"https:\/\/oma.media.fi\/hankasalmen-sanomat\/"},{"@type":"ListItem","position":2,"name":"Yhteystiedot"}]},{"@type":"WebSite","@id":"https:\/\/oma.media.fi\/hankasalmen-sanomat\/#website","url":"https:\/\/oma.media.fi\/hankasalmen-sanomat\/","name":"Hankasalmen Sanomat","description":"","potentialAction":[{"@type":"SearchAction","target":{"@type":"EntryPoint","urlTemplate":"https:\/\/oma.media.fi\/hankasalmen-sanomat\/?s={search_term_string}"},"query-input":{"@type":"PropertyValueSpecification","valueRequired":true,"valueName":"search_term_string"}}],"inLanguage":"fi"}]}},"publishpress_future_action":{"enabled":false,"date":"2026-05-11 04:43:40","action":"change-status","newStatus":"draft","terms":[],"taxonomy":"","extraData":[]},"publishpress_future_workflow_manual_trigger":{"enabledWorkflows":[]},"_links":{"self":[{"href":"https:\/\/oma.media.fi\/hankasalmen-sanomat\/wp-json\/wp\/v2\/pages\/27","targetHints":{"allow":["GET"]}}],"collection":[{"href":"https:\/\/oma.media.fi\/hankasalmen-sanomat\/wp-json\/wp\/v2\/pages"}],"about":[{"href":"https:\/\/oma.media.fi\/hankasalmen-sanomat\/wp-json\/wp\/v2\/types\/page"}],"author":[{"embeddable":true,"href":"https:\/\/oma.media.fi\/hankasalmen-sanomat\/wp-json\/wp\/v2\/users\/1"}],"replies":[{"embeddable":true,"href":"https:\/\/oma.media.fi\/hankasalmen-sanomat\/wp-json\/wp\/v2\/comments?post=27"}],"version-history":[{"count":91,"href":"https:\/\/oma.media.fi\/hankasalmen-sanomat\/wp-json\/wp\/v2\/pages\/27\/revisions"}],"predecessor-version":[{"id":16525,"href":"https:\/\/oma.media.fi\/hankasalmen-sanomat\/wp-json\/wp\/v2\/pages\/27\/revisions\/16525"}],"wp:attachment":[{"href":"https:\/\/oma.media.fi\/hankasalmen-sanomat\/wp-json\/wp\/v2\/media?parent=27"}],"curies":[{"name":"wp","href":"https:\/\/api.w.org\/{rel}","templated":true}]}}