{"id":2425,"date":"2018-11-30T11:12:42","date_gmt":"2018-11-30T09:12:42","guid":{"rendered":"https:\/\/oma.media.fi\/heinaveden-lehti\/kiitos-lahjatilauksesta\/"},"modified":"2020-11-20T17:01:03","modified_gmt":"2020-11-20T15:01:03","slug":"kiitos-lahjatilauksesta","status":"publish","type":"page","link":"https:\/\/oma.media.fi\/heinaveden-lehti\/kiitos-lahjatilauksesta\/","title":{"rendered":"Kiitos lahjatilauksesta"},"content":{"rendered":"<p>Lahjatilauksesi on nyt vastaanotettu onnistuneesti.<\/p>\n<p>Lahjatilausjakso alkaa asiakaspalvelumme k\u00e4sitelty\u00e4 tilauksen tai ilmoittamanasi alkamisp\u00e4iv\u00e4n\u00e4.<\/p>\n<p>Jos haluat ilahduttaa lahjatilauksen saajaa tulostettavalla lahjakortilla, voit ladata haluamasi lahjakorttimallin koneellesi alla olevan linkin kautta.<\/p>\n<p><a class=\"button\" href=\"https:\/\/oma.media.fi\/heinaveden-lehti\/tulosta-lahjakortti-lahjatilauksen-saajalle\/\">Katso lahjakortimallit t\u00e4st\u00e4<\/a><\/p>\n<p>Muistathan kertoa lahjan saajalle antamastasi lahjasta.<\/p>\n","protected":false},"excerpt":{"rendered":"<p>Lahjatilauksesi on nyt vastaanotettu onnistuneesti. Lahjatilausjakso alkaa asiakaspalvelumme k\u00e4sitelty\u00e4 tilauksen tai ilmoittamanasi alkamisp\u00e4iv\u00e4n\u00e4. Jos haluat ilahduttaa lahjatilauksen saajaa tulostettavalla lahjakortilla, voit ladata haluamasi lahjakorttimallin koneellesi alla olevan linkin kautta. Katso lahjakortimallit t\u00e4st\u00e4 Muistathan kertoa lahjan saajalle antamastasi lahjasta.<\/p>\n","protected":false},"author":3,"featured_media":0,"parent":0,"menu_order":0,"comment_status":"closed","ping_status":"closed","template":"","meta":{"_acf_changed":false,"footnotes":""},"class_list":["post-2425","page","type-page","status-publish","hentry"],"acf":[],"yoast_head":"<!-- This site is optimized with the Yoast SEO plugin v26.2 - https:\/\/yoast.com\/wordpress\/plugins\/seo\/ -->\n<title>Kiitos lahjatilauksesta - Hein\u00e4veden Lehti<\/title>\n<meta name=\"robots\" content=\"index, follow, max-snippet:-1, max-image-preview:large, max-video-preview:-1\" \/>\n<link rel=\"canonical\" href=\"https:\/\/oma.media.fi\/heinaveden-lehti\/kiitos-lahjatilauksesta\/\" \/>\n<meta property=\"og:locale\" content=\"fi_FI\" \/>\n<meta property=\"og:type\" content=\"article\" \/>\n<meta property=\"og:title\" content=\"Kiitos lahjatilauksesta\" \/>\n<meta property=\"og:description\" content=\"Lahjatilauksesi on nyt vastaanotettu onnistuneesti. Lahjatilausjakso alkaa asiakaspalvelumme k\u00e4sitelty\u00e4 tilauksen tai ilmoittamanasi alkamisp\u00e4iv\u00e4n\u00e4. Jos haluat ilahduttaa lahjatilauksen saajaa tulostettavalla lahjakortilla, voit ladata haluamasi lahjakorttimallin koneellesi alla olevan linkin kautta. Katso lahjakortimallit t\u00e4st\u00e4 Muistathan kertoa lahjan saajalle antamastasi lahjasta.\" \/>\n<meta property=\"og:url\" content=\"https:\/\/oma.media.fi\/heinaveden-lehti\/kiitos-lahjatilauksesta\/\" \/>\n<meta property=\"og:site_name\" content=\"Hein\u00e4veden Lehti\" \/>\n<meta property=\"article:modified_time\" content=\"2020-11-20T15:01:03+00:00\" \/>\n<meta name=\"twitter:card\" content=\"summary_large_image\" \/>\n<script type=\"application\/ld+json\" class=\"yoast-schema-graph\">{\"@context\":\"https:\/\/schema.org\",\"@graph\":[{\"@type\":\"WebPage\",\"@id\":\"https:\/\/oma.media.fi\/heinaveden-lehti\/kiitos-lahjatilauksesta\/\",\"url\":\"https:\/\/oma.media.fi\/heinaveden-lehti\/kiitos-lahjatilauksesta\/\",\"name\":\"Kiitos lahjatilauksesta - Hein\u00e4veden Lehti\",\"isPartOf\":{\"@id\":\"https:\/\/oma.media.fi\/heinaveden-lehti\/#website\"},\"datePublished\":\"2018-11-30T09:12:42+00:00\",\"dateModified\":\"2020-11-20T15:01:03+00:00\",\"breadcrumb\":{\"@id\":\"https:\/\/oma.media.fi\/heinaveden-lehti\/kiitos-lahjatilauksesta\/#breadcrumb\"},\"inLanguage\":\"fi\",\"potentialAction\":[{\"@type\":\"ReadAction\",\"target\":[\"https:\/\/oma.media.fi\/heinaveden-lehti\/kiitos-lahjatilauksesta\/\"]}]},{\"@type\":\"BreadcrumbList\",\"@id\":\"https:\/\/oma.media.fi\/heinaveden-lehti\/kiitos-lahjatilauksesta\/#breadcrumb\",\"itemListElement\":[{\"@type\":\"ListItem\",\"position\":1,\"name\":\"Etusivu\",\"item\":\"https:\/\/oma.media.fi\/heinaveden-lehti\/\"},{\"@type\":\"ListItem\",\"position\":2,\"name\":\"Kiitos lahjatilauksesta\"}]},{\"@type\":\"WebSite\",\"@id\":\"https:\/\/oma.media.fi\/heinaveden-lehti\/#website\",\"url\":\"https:\/\/oma.media.fi\/heinaveden-lehti\/\",\"name\":\"Hein\u00e4veden Lehti\",\"description\":\"\",\"potentialAction\":[{\"@type\":\"SearchAction\",\"target\":{\"@type\":\"EntryPoint\",\"urlTemplate\":\"https:\/\/oma.media.fi\/heinaveden-lehti\/?s={search_term_string}\"},\"query-input\":{\"@type\":\"PropertyValueSpecification\",\"valueRequired\":true,\"valueName\":\"search_term_string\"}}],\"inLanguage\":\"fi\"}]}<\/script>\n<!-- \/ Yoast SEO plugin. -->","yoast_head_json":{"title":"Kiitos lahjatilauksesta - Hein\u00e4veden Lehti","robots":{"index":"index","follow":"follow","max-snippet":"max-snippet:-1","max-image-preview":"max-image-preview:large","max-video-preview":"max-video-preview:-1"},"canonical":"https:\/\/oma.media.fi\/heinaveden-lehti\/kiitos-lahjatilauksesta\/","og_locale":"fi_FI","og_type":"article","og_title":"Kiitos lahjatilauksesta","og_description":"Lahjatilauksesi on nyt vastaanotettu onnistuneesti. Lahjatilausjakso alkaa asiakaspalvelumme k\u00e4sitelty\u00e4 tilauksen tai ilmoittamanasi alkamisp\u00e4iv\u00e4n\u00e4. Jos haluat ilahduttaa lahjatilauksen saajaa tulostettavalla lahjakortilla, voit ladata haluamasi lahjakorttimallin koneellesi alla olevan linkin kautta. Katso lahjakortimallit t\u00e4st\u00e4 Muistathan kertoa lahjan saajalle antamastasi lahjasta.","og_url":"https:\/\/oma.media.fi\/heinaveden-lehti\/kiitos-lahjatilauksesta\/","og_site_name":"Hein\u00e4veden Lehti","article_modified_time":"2020-11-20T15:01:03+00:00","twitter_card":"summary_large_image","schema":{"@context":"https:\/\/schema.org","@graph":[{"@type":"WebPage","@id":"https:\/\/oma.media.fi\/heinaveden-lehti\/kiitos-lahjatilauksesta\/","url":"https:\/\/oma.media.fi\/heinaveden-lehti\/kiitos-lahjatilauksesta\/","name":"Kiitos lahjatilauksesta - Hein\u00e4veden Lehti","isPartOf":{"@id":"https:\/\/oma.media.fi\/heinaveden-lehti\/#website"},"datePublished":"2018-11-30T09:12:42+00:00","dateModified":"2020-11-20T15:01:03+00:00","breadcrumb":{"@id":"https:\/\/oma.media.fi\/heinaveden-lehti\/kiitos-lahjatilauksesta\/#breadcrumb"},"inLanguage":"fi","potentialAction":[{"@type":"ReadAction","target":["https:\/\/oma.media.fi\/heinaveden-lehti\/kiitos-lahjatilauksesta\/"]}]},{"@type":"BreadcrumbList","@id":"https:\/\/oma.media.fi\/heinaveden-lehti\/kiitos-lahjatilauksesta\/#breadcrumb","itemListElement":[{"@type":"ListItem","position":1,"name":"Etusivu","item":"https:\/\/oma.media.fi\/heinaveden-lehti\/"},{"@type":"ListItem","position":2,"name":"Kiitos lahjatilauksesta"}]},{"@type":"WebSite","@id":"https:\/\/oma.media.fi\/heinaveden-lehti\/#website","url":"https:\/\/oma.media.fi\/heinaveden-lehti\/","name":"Hein\u00e4veden Lehti","description":"","potentialAction":[{"@type":"SearchAction","target":{"@type":"EntryPoint","urlTemplate":"https:\/\/oma.media.fi\/heinaveden-lehti\/?s={search_term_string}"},"query-input":{"@type":"PropertyValueSpecification","valueRequired":true,"valueName":"search_term_string"}}],"inLanguage":"fi"}]}},"publishpress_future_action":{"enabled":false,"date":"2026-04-24 03:23:56","action":"change-status","newStatus":"draft","terms":[],"taxonomy":"","extraData":[]},"publishpress_future_workflow_manual_trigger":{"enabledWorkflows":[]},"_links":{"self":[{"href":"https:\/\/oma.media.fi\/heinaveden-lehti\/wp-json\/wp\/v2\/pages\/2425","targetHints":{"allow":["GET"]}}],"collection":[{"href":"https:\/\/oma.media.fi\/heinaveden-lehti\/wp-json\/wp\/v2\/pages"}],"about":[{"href":"https:\/\/oma.media.fi\/heinaveden-lehti\/wp-json\/wp\/v2\/types\/page"}],"author":[{"embeddable":true,"href":"https:\/\/oma.media.fi\/heinaveden-lehti\/wp-json\/wp\/v2\/users\/3"}],"replies":[{"embeddable":true,"href":"https:\/\/oma.media.fi\/heinaveden-lehti\/wp-json\/wp\/v2\/comments?post=2425"}],"version-history":[{"count":7,"href":"https:\/\/oma.media.fi\/heinaveden-lehti\/wp-json\/wp\/v2\/pages\/2425\/revisions"}],"predecessor-version":[{"id":12121,"href":"https:\/\/oma.media.fi\/heinaveden-lehti\/wp-json\/wp\/v2\/pages\/2425\/revisions\/12121"}],"wp:attachment":[{"href":"https:\/\/oma.media.fi\/heinaveden-lehti\/wp-json\/wp\/v2\/media?parent=2425"}],"curies":[{"name":"wp","href":"https:\/\/api.w.org\/{rel}","templated":true}]}}