{"id":9,"date":"2018-10-09T12:34:12","date_gmt":"2018-10-09T09:34:12","guid":{"rendered":"https:\/\/oma.media.fi\/heinaveden-lehti\/mediatili\/"},"modified":"2025-10-23T12:04:38","modified_gmt":"2025-10-23T09:04:38","slug":"mediatunnukset","status":"publish","type":"page","link":"https:\/\/oma.media.fi\/heinaveden-lehti\/mediatunnukset\/","title":{"rendered":"Mediatunnus"},"content":{"rendered":"<p>T\u00e4lt\u00e4 sivulta l\u00f6yd\u00e4t tietoa Mediatunnuksesta ja sen k\u00e4ytt\u00f6\u00f6notosta.<\/p>\n<ol>\n<li><a href=\"#mika\">Mik\u00e4 on Mediatunnus?<\/a><\/li>\n<li><a href=\"#miten\">N\u00e4in luot Mediatunnuksen helposti tilaaja-asiakkaana<\/a><\/li>\n<li><a href=\"#liitos\">Minulla on jo Mediatunnus, mutta asiakasnumeroni ei viel\u00e4 ole liitetty tiliin<\/a><\/li>\n<li><a href=\"#mista\">Mist\u00e4 l\u00f6yd\u00e4n asiakasnumeroni<\/a><a href=\"\/mediatunnukset\/#mista\">?<\/a><\/li>\n<li><a href=\"#salasana\">Minulla on jo Mediatunnus, mutta olen unohtanut salasanani<\/a><\/li>\n<li><a href=\"#kirjautuminen\">Minulla on jo Mediatunnus. Miten kirjaudun palveluun?<\/a><\/li>\n<li><a href=\"#ei-tilaaja\">En viel\u00e4 ole tilaaja, voinko luoda Mediatunnuksen?<\/a><\/li>\n<\/ol>\n<hr \/>\n<h2 id=\"mika\">1. Mik\u00e4 on Mediatunnus?<\/h2>\n<p>Mediatunnus on avain kaikkiin s\u00e4hk\u00f6isiin palveluihimme. Yhdell\u00e4 tunnuksella p\u00e4\u00e4set n\u00e4pp\u00e4r\u00e4sti lukemaan tilaukseesi kuuluvia digisis\u00e4lt\u00f6j\u00e4 sek\u00e4 kommentoimaan niit\u00e4. Mediatunnuksella hoidat k\u00e4tev\u00e4sti my\u00f6s tilaukseesi liittyvi\u00e4 muutoksia \u2013 juuri silloin kun se sinulle sopii.<\/p>\n<p>Mediatunnuksella voit:<\/p>\n<ul>\n<li>lukea tilaukseesi kuuluvia digisis\u00e4lt\u00f6j\u00e4 verkkopalvelussamme ja sovelluksessa. <a href=\"https:\/\/oma.media.fi\/heinaveden-lehti\/tilaussisallot\/\" target=\"_blank\" rel=\"noopener\">Katso t\u00e4st\u00e4 mit\u00e4 kaikkea tilauksesi sis\u00e4lt\u00e4\u00e4 &gt;&gt;<\/a><\/li>\n<li>hallita ja p\u00e4ivitt\u00e4\u00e4 omia tietojasi, kuten s\u00e4hk\u00f6postiosoitteen ja puhelinnumeron<\/li>\n<li>tehd\u00e4 osoitteenmuutokset ja jakelunkeskeytykset verkossa ilman jonottamista<\/li>\n<li>tehd\u00e4 tilauksia itsellesi tai yst\u00e4v\u00e4lle<\/li>\n<li>kommentoida juttuja verkossa<\/li>\n<\/ul>\n<p>Mediatunnus on k\u00e4yt\u00f6ss\u00e4 kaikissa Mediakonserni Keskisuomalaisen s\u00e4hk\u00f6isiss\u00e4 palveluissa. Voit siis hallinnoida kaikkien lehtiemme tilauksia yhdell\u00e4 Mediatunnuksella. K\u00e4ytt\u00e4j\u00e4tunnuksena toimii s\u00e4hk\u00f6postiosoitteesi.<\/p>\n<h2 id=\"miten\">2. N\u00e4in luot Mediatunnuksen helposti tilaaja-asiakkaana<\/h2>\n<p>Mik\u00e4li olet Mediakonserni Keskisuomalaisen mink\u00e4 tahansa sanomalehden tilaaja, voit luoda Mediatunnuksen helposti asiakasnumerosi avulla. Tunnuksen luomiseksi tarvitset my\u00f6s toimivan s\u00e4hk\u00f6postiosoitteen. S\u00e4hk\u00f6postiosoitteesi toimii palveluiden k\u00e4ytt\u00e4j\u00e4tunnuksena. Lis\u00e4ksi sinun tarvitsee vain tarkistaa tietosi sek\u00e4 antaa salasana, jolla haluat k\u00e4ytt\u00e4\u00e4 palveluita jatkossa.<\/p>\n<p><a class=\"button\" href=\"https:\/\/media.portal.worldoftulo.com\/Registration\/Lookup\">Luo Mediatunnus tilaaja-asiakkaana t\u00e4st\u00e4<\/a><\/p>\n<p>Katso ohjevideo Mediatunnuksen luomisesta:<\/p>\n<div class=\"video-container\"><iframe loading=\"lazy\" title=\"Mediakonserni Keskisuomalainen | Tilaajan ohjevideot: Mediatunnuksen luominen tilaajana\" width=\"500\" height=\"281\" src=\"https:\/\/www.youtube.com\/embed\/IQ9rH-RYhyY?feature=oembed\" frameborder=\"0\" allow=\"accelerometer; autoplay; clipboard-write; encrypted-media; gyroscope; picture-in-picture; web-share\" referrerpolicy=\"strict-origin-when-cross-origin\" allowfullscreen><\/iframe><\/div>\n<h2 id=\"liitos\">3. Minulla on jo Mediatunnus, mutta asiakasnumeroni ei viel\u00e4 ole liitetty tiliin<\/h2>\n<p>Katso alta ohjeet, miten saat liitetty\u00e4 asiakasnumerosi Mediatunnukseesi helposti.<\/p>\n<p><a class=\"button\" href=\"https:\/\/oma.media.fi\/heinaveden-lehti\/asnro-mediatiliin\/\">Katso ohjeet t\u00e4st\u00e4<\/a><\/p>\n<h2 id=\"mista\">4. Mist\u00e4 l\u00f6yd\u00e4n asiakasnumeroni?<\/h2>\n<p>Mik\u00e4li et tied\u00e4 omaa asiakasnumeroasi, l\u00f6yd\u00e4t sen viimeisimm\u00e4st\u00e4 laskustasi tai voit <a href=\"https:\/\/oma.media.fi\/heinaveden-lehti\/yhteystiedot\/ota-yhteytta\/\">kysy\u00e4 sit\u00e4 asiakaspalvelusta t\u00e4\u00e4lt\u00e4<\/a>.<\/p>\n<p>Asiakasnumeron voit tarkistaa my\u00f6s tekstiviestill\u00e4 l\u00e4hett\u00e4m\u00e4ll\u00e4 viestin ASIAKASNUMERO numeroon 13300 (viestin hinta 0,25 \u20ac). Tekstiviestitarkistus edellytt\u00e4\u00e4, ett\u00e4 olet ilmoittanut puhelinnumerosi meille aikaisemmin.<\/p>\n<h2 id=\"salasana\">5. Minulla on jo Mediatunnus, mutta olen unohtanut salasanani<\/h2>\n<p>Jos olet unohtanut salasanasi, voit tilata ohjeet salasanan vaihtamiseen <a href=\"https:\/\/media.portal.worldoftulo.com\/Login\/RequestPasswordReset\">t\u00e4st\u00e4 linkist\u00e4<\/a>.<\/p>\n<p><strong>HUOM!<\/strong>\u00a0Jos sinulla on jo Mediatunnus, mutta et p\u00e4\u00e4se kirjautumaan sis\u00e4lle, sinun tulee tilata uusi salasana, sill\u00e4 et voi liitt\u00e4\u00e4 tilaustasi toiseen Mediatunnukseen. Uutta salasanaa tilatessasi j\u00e4rjestelm\u00e4 ilmoittaa, mik\u00e4li antamallasi s\u00e4hk\u00f6postiosoitteella ei ole luotu Mediatunnusta.<\/p>\n<p><a class=\"button button--outlined button--inverted\" href=\"https:\/\/media.portal.worldoftulo.com\/Login\/RequestPasswordReset\">Vaihda salasana<\/a><\/p>\n<h2 id=\"kirjautuminen\">6. Minulla on jo Mediatunnus. Miten kirjaudun palveluun?<\/h2>\n<p>Katso ohjevideo verkkopalveluumme kirjautumisesta:<\/p>\n<div class=\"video-container\"><iframe loading=\"lazy\" title=\"Mediakonserni Keskisuomalainen | Tilaajan ohjevideot: Kirjautuminen verkkopalveluun\" width=\"500\" height=\"281\" src=\"https:\/\/www.youtube.com\/embed\/np75H1Rm61c?feature=oembed\" frameborder=\"0\" allow=\"accelerometer; autoplay; clipboard-write; encrypted-media; gyroscope; picture-in-picture; web-share\" referrerpolicy=\"strict-origin-when-cross-origin\" allowfullscreen><\/iframe><\/div>\n<h2><\/h2>\n<h2 id=\"ei-tilaaja\">7. En viel\u00e4 ole tilaaja, voinko luoda Mediatunnuksen?<\/h2>\n<p>Vaikka et viel\u00e4 olisi tilaaja, voit luoda Mediatunnuksen.\u00a0Tunnusten luominen ei edellyt\u00e4 asiakasnumeron olemassaoloa. Jos haluat jatkossa tehd\u00e4 helposti my\u00f6s tilauksia, niin kirjaudu Mediatunnuksellasi sis\u00e4\u00e4n tilaussivulle ja t\u00e4yt\u00e4 vain puuttuvat tiedot.<\/p>\n<p><a class=\"button\" href=\"https:\/\/media.portal.worldoftulo.com\/loginregistration\">Luo Mediatunnus ei-tilaajana<\/a><\/p>\n","protected":false},"excerpt":{"rendered":"<p>T\u00e4lt\u00e4 sivulta l\u00f6yd\u00e4t tietoa Mediatunnuksesta ja sen k\u00e4ytt\u00f6\u00f6notosta. Mik\u00e4 on Mediatunnus? N\u00e4in luot Mediatunnuksen helposti tilaaja-asiakkaana Minulla on jo Mediatunnus, mutta asiakasnumeroni ei viel\u00e4 ole liitetty tiliin Mist\u00e4 l\u00f6yd\u00e4n asiakasnumeroni? Minulla on jo Mediatunnus, mutta olen unohtanut salasanani Minulla on jo Mediatunnus. Miten kirjaudun palveluun? En viel\u00e4 ole tilaaja, voinko luoda Mediatunnuksen? 1. Mik\u00e4 on [&hellip;]<\/p>\n","protected":false},"author":1,"featured_media":12855,"parent":0,"menu_order":0,"comment_status":"closed","ping_status":"closed","template":"","meta":{"_acf_changed":false,"footnotes":""},"class_list":["post-9","page","type-page","status-publish","has-post-thumbnail","hentry"],"acf":[],"yoast_head":"<!-- This site is optimized with the Yoast SEO plugin v26.2 - https:\/\/yoast.com\/wordpress\/plugins\/seo\/ -->\n<title>Mediatunnus - Hein\u00e4veden Lehti<\/title>\n<meta name=\"description\" content=\"Mediatunnus on k\u00e4ytt\u00e4j\u00e4tunnus kaikkiin Mediakonserni Keskisuomalaisen s\u00e4hk\u00f6isiin palveluihin: lukea sis\u00e4lt\u00f6j\u00e4 verkossa, tehd\u00e4 osoitteen- sek\u00e4 jakelumuutoksia...\" \/>\n<meta name=\"robots\" content=\"index, follow, max-snippet:-1, max-image-preview:large, max-video-preview:-1\" \/>\n<link rel=\"canonical\" href=\"https:\/\/oma.media.fi\/heinaveden-lehti\/mediatunnukset\/\" \/>\n<meta property=\"og:locale\" content=\"fi_FI\" \/>\n<meta property=\"og:type\" content=\"article\" \/>\n<meta property=\"og:title\" content=\"Mediatunnus\" \/>\n<meta property=\"og:description\" content=\"Mediatunnus on k\u00e4ytt\u00e4j\u00e4tunnus kaikkiin Mediakonserni Keskisuomalaisen s\u00e4hk\u00f6isiin palveluihin: lukea sis\u00e4lt\u00f6j\u00e4 verkossa, tehd\u00e4 osoitteen- sek\u00e4 jakelumuutoksia...\" \/>\n<meta property=\"og:url\" content=\"https:\/\/oma.media.fi\/heinaveden-lehti\/mediatunnukset\/\" \/>\n<meta property=\"og:site_name\" content=\"Hein\u00e4veden Lehti\" \/>\n<meta property=\"article:modified_time\" content=\"2025-10-23T09:04:38+00:00\" \/>\n<meta property=\"og:image\" content=\"https:\/\/oma.media.fi\/heinaveden-lehti\/wp-content\/uploads\/sites\/7\/2021\/02\/810x260_mediatunnus_land.jpg\" \/>\n\t<meta property=\"og:image:width\" content=\"810\" \/>\n\t<meta property=\"og:image:height\" content=\"260\" \/>\n\t<meta property=\"og:image:type\" content=\"image\/jpeg\" \/>\n<meta name=\"twitter:card\" content=\"summary_large_image\" \/>\n<meta name=\"twitter:label1\" content=\"Arvioitu lukuaika\" \/>\n\t<meta name=\"twitter:data1\" content=\"3 minuuttia\" \/>\n<script type=\"application\/ld+json\" class=\"yoast-schema-graph\">{\"@context\":\"https:\/\/schema.org\",\"@graph\":[{\"@type\":\"WebPage\",\"@id\":\"https:\/\/oma.media.fi\/heinaveden-lehti\/mediatunnukset\/\",\"url\":\"https:\/\/oma.media.fi\/heinaveden-lehti\/mediatunnukset\/\",\"name\":\"Mediatunnus - Hein\u00e4veden Lehti\",\"isPartOf\":{\"@id\":\"https:\/\/oma.media.fi\/heinaveden-lehti\/#website\"},\"primaryImageOfPage\":{\"@id\":\"https:\/\/oma.media.fi\/heinaveden-lehti\/mediatunnukset\/#primaryimage\"},\"image\":{\"@id\":\"https:\/\/oma.media.fi\/heinaveden-lehti\/mediatunnukset\/#primaryimage\"},\"thumbnailUrl\":\"https:\/\/oma.media.fi\/heinaveden-lehti\/wp-content\/uploads\/sites\/7\/2021\/02\/810x260_mediatunnus_land.jpg\",\"datePublished\":\"2018-10-09T09:34:12+00:00\",\"dateModified\":\"2025-10-23T09:04:38+00:00\",\"description\":\"Mediatunnus on k\u00e4ytt\u00e4j\u00e4tunnus kaikkiin Mediakonserni Keskisuomalaisen s\u00e4hk\u00f6isiin palveluihin: lukea sis\u00e4lt\u00f6j\u00e4 verkossa, tehd\u00e4 osoitteen- sek\u00e4 jakelumuutoksia...\",\"breadcrumb\":{\"@id\":\"https:\/\/oma.media.fi\/heinaveden-lehti\/mediatunnukset\/#breadcrumb\"},\"inLanguage\":\"fi\",\"potentialAction\":[{\"@type\":\"ReadAction\",\"target\":[\"https:\/\/oma.media.fi\/heinaveden-lehti\/mediatunnukset\/\"]}]},{\"@type\":\"ImageObject\",\"inLanguage\":\"fi\",\"@id\":\"https:\/\/oma.media.fi\/heinaveden-lehti\/mediatunnukset\/#primaryimage\",\"url\":\"https:\/\/oma.media.fi\/heinaveden-lehti\/wp-content\/uploads\/sites\/7\/2021\/02\/810x260_mediatunnus_land.jpg\",\"contentUrl\":\"https:\/\/oma.media.fi\/heinaveden-lehti\/wp-content\/uploads\/sites\/7\/2021\/02\/810x260_mediatunnus_land.jpg\",\"width\":810,\"height\":260},{\"@type\":\"BreadcrumbList\",\"@id\":\"https:\/\/oma.media.fi\/heinaveden-lehti\/mediatunnukset\/#breadcrumb\",\"itemListElement\":[{\"@type\":\"ListItem\",\"position\":1,\"name\":\"Etusivu\",\"item\":\"https:\/\/oma.media.fi\/heinaveden-lehti\/\"},{\"@type\":\"ListItem\",\"position\":2,\"name\":\"Mediatunnus\"}]},{\"@type\":\"WebSite\",\"@id\":\"https:\/\/oma.media.fi\/heinaveden-lehti\/#website\",\"url\":\"https:\/\/oma.media.fi\/heinaveden-lehti\/\",\"name\":\"Hein\u00e4veden Lehti\",\"description\":\"\",\"potentialAction\":[{\"@type\":\"SearchAction\",\"target\":{\"@type\":\"EntryPoint\",\"urlTemplate\":\"https:\/\/oma.media.fi\/heinaveden-lehti\/?s={search_term_string}\"},\"query-input\":{\"@type\":\"PropertyValueSpecification\",\"valueRequired\":true,\"valueName\":\"search_term_string\"}}],\"inLanguage\":\"fi\"}]}<\/script>\n<!-- \/ Yoast SEO plugin. -->","yoast_head_json":{"title":"Mediatunnus - Hein\u00e4veden Lehti","description":"Mediatunnus on k\u00e4ytt\u00e4j\u00e4tunnus kaikkiin Mediakonserni Keskisuomalaisen s\u00e4hk\u00f6isiin palveluihin: lukea sis\u00e4lt\u00f6j\u00e4 verkossa, tehd\u00e4 osoitteen- sek\u00e4 jakelumuutoksia...","robots":{"index":"index","follow":"follow","max-snippet":"max-snippet:-1","max-image-preview":"max-image-preview:large","max-video-preview":"max-video-preview:-1"},"canonical":"https:\/\/oma.media.fi\/heinaveden-lehti\/mediatunnukset\/","og_locale":"fi_FI","og_type":"article","og_title":"Mediatunnus","og_description":"Mediatunnus on k\u00e4ytt\u00e4j\u00e4tunnus kaikkiin Mediakonserni Keskisuomalaisen s\u00e4hk\u00f6isiin palveluihin: lukea sis\u00e4lt\u00f6j\u00e4 verkossa, tehd\u00e4 osoitteen- sek\u00e4 jakelumuutoksia...","og_url":"https:\/\/oma.media.fi\/heinaveden-lehti\/mediatunnukset\/","og_site_name":"Hein\u00e4veden Lehti","article_modified_time":"2025-10-23T09:04:38+00:00","og_image":[{"width":810,"height":260,"url":"https:\/\/oma.media.fi\/heinaveden-lehti\/wp-content\/uploads\/sites\/7\/2021\/02\/810x260_mediatunnus_land.jpg","type":"image\/jpeg"}],"twitter_card":"summary_large_image","twitter_misc":{"Arvioitu lukuaika":"3 minuuttia"},"schema":{"@context":"https:\/\/schema.org","@graph":[{"@type":"WebPage","@id":"https:\/\/oma.media.fi\/heinaveden-lehti\/mediatunnukset\/","url":"https:\/\/oma.media.fi\/heinaveden-lehti\/mediatunnukset\/","name":"Mediatunnus - Hein\u00e4veden Lehti","isPartOf":{"@id":"https:\/\/oma.media.fi\/heinaveden-lehti\/#website"},"primaryImageOfPage":{"@id":"https:\/\/oma.media.fi\/heinaveden-lehti\/mediatunnukset\/#primaryimage"},"image":{"@id":"https:\/\/oma.media.fi\/heinaveden-lehti\/mediatunnukset\/#primaryimage"},"thumbnailUrl":"https:\/\/oma.media.fi\/heinaveden-lehti\/wp-content\/uploads\/sites\/7\/2021\/02\/810x260_mediatunnus_land.jpg","datePublished":"2018-10-09T09:34:12+00:00","dateModified":"2025-10-23T09:04:38+00:00","description":"Mediatunnus on k\u00e4ytt\u00e4j\u00e4tunnus kaikkiin Mediakonserni Keskisuomalaisen s\u00e4hk\u00f6isiin palveluihin: lukea sis\u00e4lt\u00f6j\u00e4 verkossa, tehd\u00e4 osoitteen- sek\u00e4 jakelumuutoksia...","breadcrumb":{"@id":"https:\/\/oma.media.fi\/heinaveden-lehti\/mediatunnukset\/#breadcrumb"},"inLanguage":"fi","potentialAction":[{"@type":"ReadAction","target":["https:\/\/oma.media.fi\/heinaveden-lehti\/mediatunnukset\/"]}]},{"@type":"ImageObject","inLanguage":"fi","@id":"https:\/\/oma.media.fi\/heinaveden-lehti\/mediatunnukset\/#primaryimage","url":"https:\/\/oma.media.fi\/heinaveden-lehti\/wp-content\/uploads\/sites\/7\/2021\/02\/810x260_mediatunnus_land.jpg","contentUrl":"https:\/\/oma.media.fi\/heinaveden-lehti\/wp-content\/uploads\/sites\/7\/2021\/02\/810x260_mediatunnus_land.jpg","width":810,"height":260},{"@type":"BreadcrumbList","@id":"https:\/\/oma.media.fi\/heinaveden-lehti\/mediatunnukset\/#breadcrumb","itemListElement":[{"@type":"ListItem","position":1,"name":"Etusivu","item":"https:\/\/oma.media.fi\/heinaveden-lehti\/"},{"@type":"ListItem","position":2,"name":"Mediatunnus"}]},{"@type":"WebSite","@id":"https:\/\/oma.media.fi\/heinaveden-lehti\/#website","url":"https:\/\/oma.media.fi\/heinaveden-lehti\/","name":"Hein\u00e4veden Lehti","description":"","potentialAction":[{"@type":"SearchAction","target":{"@type":"EntryPoint","urlTemplate":"https:\/\/oma.media.fi\/heinaveden-lehti\/?s={search_term_string}"},"query-input":{"@type":"PropertyValueSpecification","valueRequired":true,"valueName":"search_term_string"}}],"inLanguage":"fi"}]}},"publishpress_future_action":{"enabled":false,"date":"2026-04-24 05:17:54","action":"change-status","newStatus":"draft","terms":[],"taxonomy":"","extraData":[]},"publishpress_future_workflow_manual_trigger":{"enabledWorkflows":[]},"_links":{"self":[{"href":"https:\/\/oma.media.fi\/heinaveden-lehti\/wp-json\/wp\/v2\/pages\/9","targetHints":{"allow":["GET"]}}],"collection":[{"href":"https:\/\/oma.media.fi\/heinaveden-lehti\/wp-json\/wp\/v2\/pages"}],"about":[{"href":"https:\/\/oma.media.fi\/heinaveden-lehti\/wp-json\/wp\/v2\/types\/page"}],"author":[{"embeddable":true,"href":"https:\/\/oma.media.fi\/heinaveden-lehti\/wp-json\/wp\/v2\/users\/1"}],"replies":[{"embeddable":true,"href":"https:\/\/oma.media.fi\/heinaveden-lehti\/wp-json\/wp\/v2\/comments?post=9"}],"version-history":[{"count":77,"href":"https:\/\/oma.media.fi\/heinaveden-lehti\/wp-json\/wp\/v2\/pages\/9\/revisions"}],"predecessor-version":[{"id":15881,"href":"https:\/\/oma.media.fi\/heinaveden-lehti\/wp-json\/wp\/v2\/pages\/9\/revisions\/15881"}],"wp:featuredmedia":[{"embeddable":true,"href":"https:\/\/oma.media.fi\/heinaveden-lehti\/wp-json\/wp\/v2\/media\/12855"}],"wp:attachment":[{"href":"https:\/\/oma.media.fi\/heinaveden-lehti\/wp-json\/wp\/v2\/media?parent=9"}],"curies":[{"name":"wp","href":"https:\/\/api.w.org\/{rel}","templated":true}]}}