{"id":3514,"date":"2018-11-01T10:24:48","date_gmt":"2018-11-01T08:24:48","guid":{"rendered":"https:\/\/oma.media.fi\/iisalmen-sanomat\/edut\/tietoa-kestotilaajan-eduista\/"},"modified":"2022-01-05T10:00:43","modified_gmt":"2022-01-05T08:00:43","slug":"tietoa-kestotilaajan-eduista","status":"publish","type":"page","link":"https:\/\/oma.media.fi\/iisalmen-sanomat\/edut\/tietoa-kestotilaajan-eduista\/","title":{"rendered":"Tietoa kestotilaajan eduista"},"content":{"rendered":"<p>Jatkuva eli kestotilaus on voimassa niin kauan kuin itse haluat. Kestotilaus on aina pitk\u00e4ll\u00e4 t\u00e4ht\u00e4imell\u00e4 paras tilausvaihtoehto. Se joustaa monella tapaa tilanteesi mukaan. Kestotilauksen voi keskeytt\u00e4\u00e4 esimerkiksi lomamatkan ajaksi tai sen maksut voi jakaa lyhyempiin maksuv\u00e4leihin ja t\u00e4ll\u00f6in kertamaksu on pienempi. Voimme halutessasi my\u00f6s muuttaa tilausmuotoa palvelemaan tarpeitasi paremmin. Lis\u00e4ksi saat k\u00e4ytt\u00f6\u00f6si kaikki kestotilaajan edut.<\/p>\n<p>Iisalmen Sanomat neuvottelee puolestasi erilaisia etuja alueen yrityksiin. N\u00e4ist\u00e4 esimerkkin\u00e4 erilaiset tapahtumat ja paikallisten yritysten tarjoukset. Kestotilaajana p\u00e4\u00e4set heti hy\u00f6dynt\u00e4m\u00e4\u00e4n etuja.<\/p>\n<p>Ilmoitamme kestotilaajan eduista painetussa lehdess\u00e4 sek\u00e4 digiss\u00e4 ja ajankohtaisiin etuihin p\u00e4\u00e4set tutustumaan alla olevan linkin kautta.<\/p>\n<p><a class=\"button\" href=\"https:\/\/oma.media.fi\/iisalmen-sanomat\/edut\/\">Katso kestotilaajan edut t\u00e4st\u00e4!<\/a><\/p>\n<h4 style=\"background: white;margin: 0cm 0cm 18.0pt 0cm\"><span style=\"font-size: 13.5pt;font-family: 'Segoe UI',sans-serif;color: #222222\">Kestotilaajan edut tilataan tekstiviestill\u00e4<\/span><\/h4>\n<p>Kun n\u00e4et kiinnostavan kestotilaajan edun lehden sivuilla tai verkkopalvelussamme, laita tekstiviesti ilmoituksessa annettujen ohjeiden mukaan ja saat paluuviestin\u00e4 ohjeet edun lunastamisesta. Huomioithan, ett\u00e4 paluuviestin voi vastaanottaa ainoastaan kestotilaaja. On siis t\u00e4rke\u00e4\u00e4, ett\u00e4 puhelinnumero, johon tilaat edun, on tallennettuna Iisalmen Sanomien asiakastiedoissasi.<\/p>\n<p><span style=\"color: #222222;font-family: 'Segoe UI', sans-serif;font-size: 18px\">Alla olevista linkeist\u00e4 saat luotua Mediatunnuksen s\u00e4hk\u00f6isiin palveluihimme ja lis\u00e4tty\u00e4 puhelinnumeron asiakastietoihi<\/span><span style=\"color: #222222;font-family: 'Segoe UI', sans-serif;font-size: 18px\">si<\/span><span style=\"color: #222222;font-family: 'Segoe UI', sans-serif;font-size: 13.5pt\">. Katso tarvittaessa ohje <\/span><strong style=\"color: #222222;font-family: 'Segoe UI', sans-serif;font-size: 13.5pt\"><a href=\"https:\/\/oma.media.fi\/savon-sanomat\/mediatunnukset\/\" target=\"_blank\" rel=\"noopener noreferrer\">Mediatunnuksen luomiseen t\u00e4st\u00e4<\/a>.<\/strong><\/p>\n<pre style=\"background: white;margin: 0cm 0cm 18.0pt 0cm\"><span style=\"font-size: 13.5pt;font-family: 'Segoe UI',sans-serif;color: #222222\">\r\n<a class=\"button\" href=\"https:\/\/media.portal.worldoftulo.com\/Registration\/Lookup\" target=\"_blank\" rel=\"noopener\">Luo Mediatunnus t\u00e4st\u00e4<\/a>\r\n<a class=\"button\" href=\"https:\/\/media.portal.worldoftulo.com\/\" target=\"_blank\" rel=\"noopener\">Lis\u00e4\u00e4 puhelinnumero asiakastietoihisi<\/a><\/span><\/pre>\n","protected":false},"excerpt":{"rendered":"<p>Jatkuva eli kestotilaus on voimassa niin kauan kuin itse haluat. Kestotilaus on aina pitk\u00e4ll\u00e4 t\u00e4ht\u00e4imell\u00e4 paras tilausvaihtoehto. Se joustaa monella tapaa tilanteesi mukaan. Kestotilauksen voi keskeytt\u00e4\u00e4 esimerkiksi lomamatkan ajaksi tai sen maksut voi jakaa lyhyempiin maksuv\u00e4leihin ja t\u00e4ll\u00f6in kertamaksu on pienempi. Voimme halutessasi my\u00f6s muuttaa tilausmuotoa palvelemaan tarpeitasi paremmin. Lis\u00e4ksi saat k\u00e4ytt\u00f6\u00f6si kaikki kestotilaajan edut. [&hellip;]<\/p>\n","protected":false},"author":1,"featured_media":12532,"parent":43,"menu_order":0,"comment_status":"closed","ping_status":"closed","template":"","meta":{"_acf_changed":false,"footnotes":""},"class_list":["post-3514","page","type-page","status-publish","has-post-thumbnail","hentry"],"acf":[],"yoast_head":"<!-- This site is optimized with the Yoast SEO plugin v26.2 - https:\/\/yoast.com\/wordpress\/plugins\/seo\/ -->\n<title>Tietoa kestotilaajan eduista - Iisalmen Sanomat<\/title>\n<meta name=\"description\" content=\"Tarjoamme yhteisty\u00f6kumppaneiden kanssa Iisalmen Sanomien kestotilaajille rahanarvoisia etuja, jotka saat k\u00e4ytt\u00f6\u00f6si tekstiviestill\u00e4.\" \/>\n<meta name=\"robots\" content=\"index, follow, max-snippet:-1, max-image-preview:large, max-video-preview:-1\" \/>\n<link rel=\"canonical\" href=\"https:\/\/oma.media.fi\/iisalmen-sanomat\/edut\/tietoa-kestotilaajan-eduista\/\" \/>\n<meta property=\"og:locale\" content=\"fi_FI\" \/>\n<meta property=\"og:type\" content=\"article\" \/>\n<meta property=\"og:title\" content=\"Tietoa kestotilaajan eduista\" \/>\n<meta property=\"og:description\" content=\"Tarjoamme yhteisty\u00f6kumppaneiden kanssa Iisalmen Sanomien kestotilaajille rahanarvoisia etuja, jotka saat k\u00e4ytt\u00f6\u00f6si tekstiviestill\u00e4.\" \/>\n<meta property=\"og:url\" content=\"https:\/\/oma.media.fi\/iisalmen-sanomat\/edut\/tietoa-kestotilaajan-eduista\/\" \/>\n<meta property=\"og:site_name\" content=\"Iisalmen Sanomat\" \/>\n<meta property=\"article:modified_time\" content=\"2022-01-05T08:00:43+00:00\" \/>\n<meta property=\"og:image\" content=\"https:\/\/oma.media.fi\/iisalmen-sanomat\/wp-content\/uploads\/sites\/8\/2020\/12\/810x260_mobiili_poika_kahvila.jpg\" \/>\n\t<meta property=\"og:image:width\" content=\"810\" \/>\n\t<meta property=\"og:image:height\" content=\"260\" \/>\n\t<meta property=\"og:image:type\" content=\"image\/jpeg\" \/>\n<meta name=\"twitter:card\" content=\"summary_large_image\" \/>\n<meta name=\"twitter:label1\" content=\"Arvioitu lukuaika\" \/>\n\t<meta name=\"twitter:data1\" content=\"2 minuuttia\" \/>\n<script type=\"application\/ld+json\" class=\"yoast-schema-graph\">{\"@context\":\"https:\/\/schema.org\",\"@graph\":[{\"@type\":\"WebPage\",\"@id\":\"https:\/\/oma.media.fi\/iisalmen-sanomat\/edut\/tietoa-kestotilaajan-eduista\/\",\"url\":\"https:\/\/oma.media.fi\/iisalmen-sanomat\/edut\/tietoa-kestotilaajan-eduista\/\",\"name\":\"Tietoa kestotilaajan eduista - Iisalmen Sanomat\",\"isPartOf\":{\"@id\":\"https:\/\/oma.media.fi\/iisalmen-sanomat\/#website\"},\"primaryImageOfPage\":{\"@id\":\"https:\/\/oma.media.fi\/iisalmen-sanomat\/edut\/tietoa-kestotilaajan-eduista\/#primaryimage\"},\"image\":{\"@id\":\"https:\/\/oma.media.fi\/iisalmen-sanomat\/edut\/tietoa-kestotilaajan-eduista\/#primaryimage\"},\"thumbnailUrl\":\"https:\/\/oma.media.fi\/iisalmen-sanomat\/wp-content\/uploads\/sites\/8\/2020\/12\/810x260_mobiili_poika_kahvila.jpg\",\"datePublished\":\"2018-11-01T08:24:48+00:00\",\"dateModified\":\"2022-01-05T08:00:43+00:00\",\"description\":\"Tarjoamme yhteisty\u00f6kumppaneiden kanssa Iisalmen Sanomien kestotilaajille rahanarvoisia etuja, jotka saat k\u00e4ytt\u00f6\u00f6si tekstiviestill\u00e4.\",\"breadcrumb\":{\"@id\":\"https:\/\/oma.media.fi\/iisalmen-sanomat\/edut\/tietoa-kestotilaajan-eduista\/#breadcrumb\"},\"inLanguage\":\"fi\",\"potentialAction\":[{\"@type\":\"ReadAction\",\"target\":[\"https:\/\/oma.media.fi\/iisalmen-sanomat\/edut\/tietoa-kestotilaajan-eduista\/\"]}]},{\"@type\":\"ImageObject\",\"inLanguage\":\"fi\",\"@id\":\"https:\/\/oma.media.fi\/iisalmen-sanomat\/edut\/tietoa-kestotilaajan-eduista\/#primaryimage\",\"url\":\"https:\/\/oma.media.fi\/iisalmen-sanomat\/wp-content\/uploads\/sites\/8\/2020\/12\/810x260_mobiili_poika_kahvila.jpg\",\"contentUrl\":\"https:\/\/oma.media.fi\/iisalmen-sanomat\/wp-content\/uploads\/sites\/8\/2020\/12\/810x260_mobiili_poika_kahvila.jpg\",\"width\":810,\"height\":260},{\"@type\":\"BreadcrumbList\",\"@id\":\"https:\/\/oma.media.fi\/iisalmen-sanomat\/edut\/tietoa-kestotilaajan-eduista\/#breadcrumb\",\"itemListElement\":[{\"@type\":\"ListItem\",\"position\":1,\"name\":\"Etusivu\",\"item\":\"https:\/\/oma.media.fi\/iisalmen-sanomat\/\"},{\"@type\":\"ListItem\",\"position\":2,\"name\":\"Tilaajan edut\",\"item\":\"https:\/\/oma.media.fi\/iisalmen-sanomat\/edut\/\"},{\"@type\":\"ListItem\",\"position\":3,\"name\":\"Tietoa kestotilaajan eduista\"}]},{\"@type\":\"WebSite\",\"@id\":\"https:\/\/oma.media.fi\/iisalmen-sanomat\/#website\",\"url\":\"https:\/\/oma.media.fi\/iisalmen-sanomat\/\",\"name\":\"Iisalmen Sanomat\",\"description\":\"\",\"potentialAction\":[{\"@type\":\"SearchAction\",\"target\":{\"@type\":\"EntryPoint\",\"urlTemplate\":\"https:\/\/oma.media.fi\/iisalmen-sanomat\/?s={search_term_string}\"},\"query-input\":{\"@type\":\"PropertyValueSpecification\",\"valueRequired\":true,\"valueName\":\"search_term_string\"}}],\"inLanguage\":\"fi\"}]}<\/script>\n<!-- \/ Yoast SEO plugin. -->","yoast_head_json":{"title":"Tietoa kestotilaajan eduista - Iisalmen Sanomat","description":"Tarjoamme yhteisty\u00f6kumppaneiden kanssa Iisalmen Sanomien kestotilaajille rahanarvoisia etuja, jotka saat k\u00e4ytt\u00f6\u00f6si tekstiviestill\u00e4.","robots":{"index":"index","follow":"follow","max-snippet":"max-snippet:-1","max-image-preview":"max-image-preview:large","max-video-preview":"max-video-preview:-1"},"canonical":"https:\/\/oma.media.fi\/iisalmen-sanomat\/edut\/tietoa-kestotilaajan-eduista\/","og_locale":"fi_FI","og_type":"article","og_title":"Tietoa kestotilaajan eduista","og_description":"Tarjoamme yhteisty\u00f6kumppaneiden kanssa Iisalmen Sanomien kestotilaajille rahanarvoisia etuja, jotka saat k\u00e4ytt\u00f6\u00f6si tekstiviestill\u00e4.","og_url":"https:\/\/oma.media.fi\/iisalmen-sanomat\/edut\/tietoa-kestotilaajan-eduista\/","og_site_name":"Iisalmen Sanomat","article_modified_time":"2022-01-05T08:00:43+00:00","og_image":[{"width":810,"height":260,"url":"https:\/\/oma.media.fi\/iisalmen-sanomat\/wp-content\/uploads\/sites\/8\/2020\/12\/810x260_mobiili_poika_kahvila.jpg","type":"image\/jpeg"}],"twitter_card":"summary_large_image","twitter_misc":{"Arvioitu lukuaika":"2 minuuttia"},"schema":{"@context":"https:\/\/schema.org","@graph":[{"@type":"WebPage","@id":"https:\/\/oma.media.fi\/iisalmen-sanomat\/edut\/tietoa-kestotilaajan-eduista\/","url":"https:\/\/oma.media.fi\/iisalmen-sanomat\/edut\/tietoa-kestotilaajan-eduista\/","name":"Tietoa kestotilaajan eduista - Iisalmen Sanomat","isPartOf":{"@id":"https:\/\/oma.media.fi\/iisalmen-sanomat\/#website"},"primaryImageOfPage":{"@id":"https:\/\/oma.media.fi\/iisalmen-sanomat\/edut\/tietoa-kestotilaajan-eduista\/#primaryimage"},"image":{"@id":"https:\/\/oma.media.fi\/iisalmen-sanomat\/edut\/tietoa-kestotilaajan-eduista\/#primaryimage"},"thumbnailUrl":"https:\/\/oma.media.fi\/iisalmen-sanomat\/wp-content\/uploads\/sites\/8\/2020\/12\/810x260_mobiili_poika_kahvila.jpg","datePublished":"2018-11-01T08:24:48+00:00","dateModified":"2022-01-05T08:00:43+00:00","description":"Tarjoamme yhteisty\u00f6kumppaneiden kanssa Iisalmen Sanomien kestotilaajille rahanarvoisia etuja, jotka saat k\u00e4ytt\u00f6\u00f6si tekstiviestill\u00e4.","breadcrumb":{"@id":"https:\/\/oma.media.fi\/iisalmen-sanomat\/edut\/tietoa-kestotilaajan-eduista\/#breadcrumb"},"inLanguage":"fi","potentialAction":[{"@type":"ReadAction","target":["https:\/\/oma.media.fi\/iisalmen-sanomat\/edut\/tietoa-kestotilaajan-eduista\/"]}]},{"@type":"ImageObject","inLanguage":"fi","@id":"https:\/\/oma.media.fi\/iisalmen-sanomat\/edut\/tietoa-kestotilaajan-eduista\/#primaryimage","url":"https:\/\/oma.media.fi\/iisalmen-sanomat\/wp-content\/uploads\/sites\/8\/2020\/12\/810x260_mobiili_poika_kahvila.jpg","contentUrl":"https:\/\/oma.media.fi\/iisalmen-sanomat\/wp-content\/uploads\/sites\/8\/2020\/12\/810x260_mobiili_poika_kahvila.jpg","width":810,"height":260},{"@type":"BreadcrumbList","@id":"https:\/\/oma.media.fi\/iisalmen-sanomat\/edut\/tietoa-kestotilaajan-eduista\/#breadcrumb","itemListElement":[{"@type":"ListItem","position":1,"name":"Etusivu","item":"https:\/\/oma.media.fi\/iisalmen-sanomat\/"},{"@type":"ListItem","position":2,"name":"Tilaajan edut","item":"https:\/\/oma.media.fi\/iisalmen-sanomat\/edut\/"},{"@type":"ListItem","position":3,"name":"Tietoa kestotilaajan eduista"}]},{"@type":"WebSite","@id":"https:\/\/oma.media.fi\/iisalmen-sanomat\/#website","url":"https:\/\/oma.media.fi\/iisalmen-sanomat\/","name":"Iisalmen Sanomat","description":"","potentialAction":[{"@type":"SearchAction","target":{"@type":"EntryPoint","urlTemplate":"https:\/\/oma.media.fi\/iisalmen-sanomat\/?s={search_term_string}"},"query-input":{"@type":"PropertyValueSpecification","valueRequired":true,"valueName":"search_term_string"}}],"inLanguage":"fi"}]}},"publishpress_future_action":{"enabled":false,"date":"2026-05-10 18:31:13","action":"change-status","newStatus":"draft","terms":[],"taxonomy":"","extraData":[]},"publishpress_future_workflow_manual_trigger":{"enabledWorkflows":[]},"_links":{"self":[{"href":"https:\/\/oma.media.fi\/iisalmen-sanomat\/wp-json\/wp\/v2\/pages\/3514","targetHints":{"allow":["GET"]}}],"collection":[{"href":"https:\/\/oma.media.fi\/iisalmen-sanomat\/wp-json\/wp\/v2\/pages"}],"about":[{"href":"https:\/\/oma.media.fi\/iisalmen-sanomat\/wp-json\/wp\/v2\/types\/page"}],"author":[{"embeddable":true,"href":"https:\/\/oma.media.fi\/iisalmen-sanomat\/wp-json\/wp\/v2\/users\/1"}],"replies":[{"embeddable":true,"href":"https:\/\/oma.media.fi\/iisalmen-sanomat\/wp-json\/wp\/v2\/comments?post=3514"}],"version-history":[{"count":11,"href":"https:\/\/oma.media.fi\/iisalmen-sanomat\/wp-json\/wp\/v2\/pages\/3514\/revisions"}],"predecessor-version":[{"id":14480,"href":"https:\/\/oma.media.fi\/iisalmen-sanomat\/wp-json\/wp\/v2\/pages\/3514\/revisions\/14480"}],"up":[{"embeddable":true,"href":"https:\/\/oma.media.fi\/iisalmen-sanomat\/wp-json\/wp\/v2\/pages\/43"}],"wp:featuredmedia":[{"embeddable":true,"href":"https:\/\/oma.media.fi\/iisalmen-sanomat\/wp-json\/wp\/v2\/media\/12532"}],"wp:attachment":[{"href":"https:\/\/oma.media.fi\/iisalmen-sanomat\/wp-json\/wp\/v2\/media?parent=3514"}],"curies":[{"name":"wp","href":"https:\/\/api.w.org\/{rel}","templated":true}]}}