{"id":3830,"date":"2019-02-04T08:35:27","date_gmt":"2019-02-04T06:35:27","guid":{"rendered":"https:\/\/oma.media.fi\/iisalmen-sanomat\/?page_id=3830"},"modified":"2023-10-30T12:32:28","modified_gmt":"2023-10-30T10:32:28","slug":"toimituksen-yhteystiedot","status":"publish","type":"page","link":"https:\/\/oma.media.fi\/iisalmen-sanomat\/yhteystiedot\/toimituksen-yhteystiedot\/","title":{"rendered":"Toimituksen yhteystiedot"},"content":{"rendered":"<p><a href=\"&#109;&#x61;&#x69;l&#116;&#x6f;:&#116;&#x6f;&#x69;m&#105;&#x74;u&#115;&#x40;&#x69;i&#115;&#x61;l&#109;&#x65;&#x6e;&#115;&#97;&#x6e;o&#109;&#x61;&#x74;&#46;&#x66;&#x69;\">&#x74;&#111;&#x69;&#x6d;&#105;&#x74;&#x75;&#115;&#x40;&#x69;&#105;&#x73;&#x61;l&#x6d;&#x65;n&#x73;&#97;n&#x6f;&#109;a&#x74;&#46;f&#x69;<\/a><br \/>\nSuorat s\u00e4hk\u00f6postit: etunimi.sukunimi[at]iisalmensanomat.fi<\/p>\n<p><strong>Tommi Korpihalla<\/strong><br \/>\n<strong>p\u00e4\u00e4toimittaja<\/strong><br \/>\n040 541 4820<\/p>\n<p><strong>Anni Nieminen<br \/>\n<\/strong><strong>tuottaja<\/strong><br \/>\nPuh. 050 324 4744<\/p>\n<p><strong>Tiina Tynkkynen-Hieta<br \/>\n<\/strong><strong>toimittaja<br \/>\n<\/strong>Puh. 044 406 2108<strong><br \/>\n<\/strong><\/p>\n<p><strong>Veli-Matti Sormunen<br \/>\n<\/strong><strong>taittava toimittaja<br \/>\n<\/strong>Puh. 040 689 7620<br \/>\n&#x76;&#x65;&#x6c;&#x69;&#x2d;&#x6d;&#x61;&#x74;&#x74;&#x69;&#x2e;&#x73;&#x6f;&#x72;&#x6d;&#x75;&#x6e;&#x65;&#x6e;&#x40;&#x6d;&#x65;&#x64;&#x69;&#x61;&#x2e;&#x66;&#x69;<\/p>\n<p><strong>Jani Haanketo<br \/>\n<\/strong><strong>toimittaja<br \/>\n<\/strong>Puh. 050 593 6038<strong><br \/>\n<\/strong><\/p>\n<p><strong>Arto My\u00f6h\u00e4nen<br \/>\n<\/strong><strong>toimittaja<br \/>\n<\/strong>Puh. 044 406 2111<\/p>\n<p><strong>Tarja Tikkanen<br \/>\n<\/strong><strong>toimittaja<\/strong><br \/>\nPuh. 044 406 2105<\/p>\n<p><strong>Aku-Pekka M\u00f6ls\u00e4<\/strong><br \/>\n<strong>toimittaja<\/strong><br \/>\nPuh. 040 624 1411<\/p>\n<p><strong>Pirjo Nenola<br \/>\n<\/strong><strong>toimittaja<br \/>\n<\/strong>Puh. 050 593 6021<\/p>\n<h3>Muut yhteystiedot<\/h3>\n<p><a href=\"https:\/\/oma.media.fi\/iisalmen-sanomat\/yhteystiedot\/\">Katso Iisalmen Sanomien kaikki yhteystiedot t\u00e4st\u00e4.<\/a><\/p>\n<p>&nbsp;<\/p>\n","protected":false},"excerpt":{"rendered":"<p>&#116;&#x6f;&#105;&#x6d;&#105;&#x74;&#117;&#x73;&#64;&#x69;&#105;&#x73;a&#x6c;m&#x65;n&#x73;a&#x6e;o&#x6d;a&#116;&#x2e;&#102;&#x69; Suorat s\u00e4hk\u00f6postit: etunimi.sukunimi[at]iisalmensanomat.fi Tommi Korpihalla p\u00e4\u00e4toimittaja 040 541 4820 Anni Nieminen tuottaja Puh. 050 324 4744 Tiina Tynkkynen-Hieta toimittaja Puh. 044 406 2108 Veli-Matti Sormunen taittava toimittaja Puh. 040 689 7620 &#x76;&#x65;&#x6c;&#x69;&#x2d;&#x6d;&#x61;&#x74;&#x74;&#x69;&#x2e;&#115;&#111;&#114;&#109;&#117;&#110;&#101;n&#64;medi&#x61;&#x2e;&#x66;&#x69; Jani Haanketo toimittaja Puh. 050 593 6038 Arto My\u00f6h\u00e4nen toimittaja Puh. 044 406 2111 Tarja Tikkanen toimittaja Puh. 044 406 2105 Aku-Pekka [&hellip;]<\/p>\n","protected":false},"author":3,"featured_media":0,"parent":27,"menu_order":0,"comment_status":"closed","ping_status":"closed","template":"","meta":{"_acf_changed":false,"footnotes":""},"class_list":["post-3830","page","type-page","status-publish","hentry"],"acf":[],"yoast_head":"<!-- This site is optimized with the Yoast SEO plugin v26.2 - https:\/\/yoast.com\/wordpress\/plugins\/seo\/ -->\n<title>Toimituksen yhteystiedot - Iisalmen Sanomat<\/title>\n<meta name=\"description\" content=\"Iisalmen Sanomien toimituksen yhteystiedot. Ota meihin yhteytt\u00e4 sanomalehden sis\u00e4lt\u00f6\u00f6n liittyen ja anna juttuvinkkej\u00e4 ajankohtaisista aiheista.\" \/>\n<meta name=\"robots\" content=\"index, follow, max-snippet:-1, max-image-preview:large, max-video-preview:-1\" \/>\n<link rel=\"canonical\" href=\"https:\/\/oma.media.fi\/iisalmen-sanomat\/yhteystiedot\/toimituksen-yhteystiedot\/\" \/>\n<meta property=\"og:locale\" content=\"fi_FI\" \/>\n<meta property=\"og:type\" content=\"article\" \/>\n<meta property=\"og:title\" content=\"Toimituksen yhteystiedot\" \/>\n<meta property=\"og:description\" content=\"Iisalmen Sanomien toimituksen yhteystiedot. Ota meihin yhteytt\u00e4 sanomalehden sis\u00e4lt\u00f6\u00f6n liittyen ja anna juttuvinkkej\u00e4 ajankohtaisista aiheista.\" \/>\n<meta property=\"og:url\" content=\"https:\/\/oma.media.fi\/iisalmen-sanomat\/yhteystiedot\/toimituksen-yhteystiedot\/\" \/>\n<meta property=\"og:site_name\" content=\"Iisalmen Sanomat\" \/>\n<meta property=\"article:modified_time\" content=\"2023-10-30T10:32:28+00:00\" \/>\n<meta name=\"twitter:card\" content=\"summary_large_image\" \/>\n<meta name=\"twitter:label1\" content=\"Arvioitu lukuaika\" \/>\n\t<meta name=\"twitter:data1\" content=\"1 minuutti\" \/>\n<script type=\"application\/ld+json\" class=\"yoast-schema-graph\">{\"@context\":\"https:\/\/schema.org\",\"@graph\":[{\"@type\":\"WebPage\",\"@id\":\"https:\/\/oma.media.fi\/iisalmen-sanomat\/yhteystiedot\/toimituksen-yhteystiedot\/\",\"url\":\"https:\/\/oma.media.fi\/iisalmen-sanomat\/yhteystiedot\/toimituksen-yhteystiedot\/\",\"name\":\"Toimituksen yhteystiedot - Iisalmen Sanomat\",\"isPartOf\":{\"@id\":\"https:\/\/oma.media.fi\/iisalmen-sanomat\/#website\"},\"datePublished\":\"2019-02-04T06:35:27+00:00\",\"dateModified\":\"2023-10-30T10:32:28+00:00\",\"description\":\"Iisalmen Sanomien toimituksen yhteystiedot. Ota meihin yhteytt\u00e4 sanomalehden sis\u00e4lt\u00f6\u00f6n liittyen ja anna juttuvinkkej\u00e4 ajankohtaisista aiheista.\",\"breadcrumb\":{\"@id\":\"https:\/\/oma.media.fi\/iisalmen-sanomat\/yhteystiedot\/toimituksen-yhteystiedot\/#breadcrumb\"},\"inLanguage\":\"fi\",\"potentialAction\":[{\"@type\":\"ReadAction\",\"target\":[\"https:\/\/oma.media.fi\/iisalmen-sanomat\/yhteystiedot\/toimituksen-yhteystiedot\/\"]}]},{\"@type\":\"BreadcrumbList\",\"@id\":\"https:\/\/oma.media.fi\/iisalmen-sanomat\/yhteystiedot\/toimituksen-yhteystiedot\/#breadcrumb\",\"itemListElement\":[{\"@type\":\"ListItem\",\"position\":1,\"name\":\"Etusivu\",\"item\":\"https:\/\/oma.media.fi\/iisalmen-sanomat\/\"},{\"@type\":\"ListItem\",\"position\":2,\"name\":\"Yhteystiedot\",\"item\":\"https:\/\/oma.media.fi\/iisalmen-sanomat\/yhteystiedot\/\"},{\"@type\":\"ListItem\",\"position\":3,\"name\":\"Toimituksen yhteystiedot\"}]},{\"@type\":\"WebSite\",\"@id\":\"https:\/\/oma.media.fi\/iisalmen-sanomat\/#website\",\"url\":\"https:\/\/oma.media.fi\/iisalmen-sanomat\/\",\"name\":\"Iisalmen Sanomat\",\"description\":\"\",\"potentialAction\":[{\"@type\":\"SearchAction\",\"target\":{\"@type\":\"EntryPoint\",\"urlTemplate\":\"https:\/\/oma.media.fi\/iisalmen-sanomat\/?s={search_term_string}\"},\"query-input\":{\"@type\":\"PropertyValueSpecification\",\"valueRequired\":true,\"valueName\":\"search_term_string\"}}],\"inLanguage\":\"fi\"}]}<\/script>\n<!-- \/ Yoast SEO plugin. -->","yoast_head_json":{"title":"Toimituksen yhteystiedot - Iisalmen Sanomat","description":"Iisalmen Sanomien toimituksen yhteystiedot. Ota meihin yhteytt\u00e4 sanomalehden sis\u00e4lt\u00f6\u00f6n liittyen ja anna juttuvinkkej\u00e4 ajankohtaisista aiheista.","robots":{"index":"index","follow":"follow","max-snippet":"max-snippet:-1","max-image-preview":"max-image-preview:large","max-video-preview":"max-video-preview:-1"},"canonical":"https:\/\/oma.media.fi\/iisalmen-sanomat\/yhteystiedot\/toimituksen-yhteystiedot\/","og_locale":"fi_FI","og_type":"article","og_title":"Toimituksen yhteystiedot","og_description":"Iisalmen Sanomien toimituksen yhteystiedot. Ota meihin yhteytt\u00e4 sanomalehden sis\u00e4lt\u00f6\u00f6n liittyen ja anna juttuvinkkej\u00e4 ajankohtaisista aiheista.","og_url":"https:\/\/oma.media.fi\/iisalmen-sanomat\/yhteystiedot\/toimituksen-yhteystiedot\/","og_site_name":"Iisalmen Sanomat","article_modified_time":"2023-10-30T10:32:28+00:00","twitter_card":"summary_large_image","twitter_misc":{"Arvioitu lukuaika":"1 minuutti"},"schema":{"@context":"https:\/\/schema.org","@graph":[{"@type":"WebPage","@id":"https:\/\/oma.media.fi\/iisalmen-sanomat\/yhteystiedot\/toimituksen-yhteystiedot\/","url":"https:\/\/oma.media.fi\/iisalmen-sanomat\/yhteystiedot\/toimituksen-yhteystiedot\/","name":"Toimituksen yhteystiedot - Iisalmen Sanomat","isPartOf":{"@id":"https:\/\/oma.media.fi\/iisalmen-sanomat\/#website"},"datePublished":"2019-02-04T06:35:27+00:00","dateModified":"2023-10-30T10:32:28+00:00","description":"Iisalmen Sanomien toimituksen yhteystiedot. Ota meihin yhteytt\u00e4 sanomalehden sis\u00e4lt\u00f6\u00f6n liittyen ja anna juttuvinkkej\u00e4 ajankohtaisista aiheista.","breadcrumb":{"@id":"https:\/\/oma.media.fi\/iisalmen-sanomat\/yhteystiedot\/toimituksen-yhteystiedot\/#breadcrumb"},"inLanguage":"fi","potentialAction":[{"@type":"ReadAction","target":["https:\/\/oma.media.fi\/iisalmen-sanomat\/yhteystiedot\/toimituksen-yhteystiedot\/"]}]},{"@type":"BreadcrumbList","@id":"https:\/\/oma.media.fi\/iisalmen-sanomat\/yhteystiedot\/toimituksen-yhteystiedot\/#breadcrumb","itemListElement":[{"@type":"ListItem","position":1,"name":"Etusivu","item":"https:\/\/oma.media.fi\/iisalmen-sanomat\/"},{"@type":"ListItem","position":2,"name":"Yhteystiedot","item":"https:\/\/oma.media.fi\/iisalmen-sanomat\/yhteystiedot\/"},{"@type":"ListItem","position":3,"name":"Toimituksen yhteystiedot"}]},{"@type":"WebSite","@id":"https:\/\/oma.media.fi\/iisalmen-sanomat\/#website","url":"https:\/\/oma.media.fi\/iisalmen-sanomat\/","name":"Iisalmen Sanomat","description":"","potentialAction":[{"@type":"SearchAction","target":{"@type":"EntryPoint","urlTemplate":"https:\/\/oma.media.fi\/iisalmen-sanomat\/?s={search_term_string}"},"query-input":{"@type":"PropertyValueSpecification","valueRequired":true,"valueName":"search_term_string"}}],"inLanguage":"fi"}]}},"publishpress_future_action":{"enabled":false,"date":"2026-05-10 17:37:24","action":"change-status","newStatus":"draft","terms":[],"taxonomy":"","extraData":[]},"publishpress_future_workflow_manual_trigger":{"enabledWorkflows":[]},"_links":{"self":[{"href":"https:\/\/oma.media.fi\/iisalmen-sanomat\/wp-json\/wp\/v2\/pages\/3830","targetHints":{"allow":["GET"]}}],"collection":[{"href":"https:\/\/oma.media.fi\/iisalmen-sanomat\/wp-json\/wp\/v2\/pages"}],"about":[{"href":"https:\/\/oma.media.fi\/iisalmen-sanomat\/wp-json\/wp\/v2\/types\/page"}],"author":[{"embeddable":true,"href":"https:\/\/oma.media.fi\/iisalmen-sanomat\/wp-json\/wp\/v2\/users\/3"}],"replies":[{"embeddable":true,"href":"https:\/\/oma.media.fi\/iisalmen-sanomat\/wp-json\/wp\/v2\/comments?post=3830"}],"version-history":[{"count":28,"href":"https:\/\/oma.media.fi\/iisalmen-sanomat\/wp-json\/wp\/v2\/pages\/3830\/revisions"}],"predecessor-version":[{"id":16445,"href":"https:\/\/oma.media.fi\/iisalmen-sanomat\/wp-json\/wp\/v2\/pages\/3830\/revisions\/16445"}],"up":[{"embeddable":true,"href":"https:\/\/oma.media.fi\/iisalmen-sanomat\/wp-json\/wp\/v2\/pages\/27"}],"wp:attachment":[{"href":"https:\/\/oma.media.fi\/iisalmen-sanomat\/wp-json\/wp\/v2\/media?parent=3830"}],"curies":[{"name":"wp","href":"https:\/\/api.w.org\/{rel}","templated":true}]}}