{"id":15001,"date":"2021-12-27T10:51:08","date_gmt":"2021-12-27T08:51:08","guid":{"rendered":"https:\/\/oma.media.fi\/ita-hame\/?page_id=15001"},"modified":"2025-03-24T11:13:43","modified_gmt":"2025-03-24T09:13:43","slug":"tietoa-tilauksesta","status":"publish","type":"page","link":"https:\/\/oma.media.fi\/ita-hame\/tietoa-tilauksesta\/","title":{"rendered":"Tietoa tilauksesta"},"content":{"rendered":"<p><em style=\"font-size: 1.3rem;color: #666\"><strong>It\u00e4-H\u00e4me<\/strong> on yhdistelm\u00e4 oman seudun uutisia ja kiinnostavia maan ja maailman sis\u00e4lt\u00f6j\u00e4. Painettu lehti ilmestyy 5 p\u00e4iv\u00e4n\u00e4 viikossa maanantaista tiistaihin sek\u00e4 torstaista lauantaihin. Lis\u00e4ksi tarjoamme tuoreita juttuja verkossa pitkin p\u00e4iv\u00e4\u00e4, vuoden jokaisena p\u00e4iv\u00e4n\u00e4. Lis\u00e4tietoa poikkeuksellisista ilmestymisp\u00e4ivist\u00e4 saat <a href=\"https:\/\/oma.media.fi\/ita-hame\/ilmestymispaivat\/\">t\u00e4\u00e4lt\u00e4.<\/a><\/em><\/p>\n<hr \/>\n<h2>Tervetuloa asiakaspalveluun <a href=\"https:\/\/oma.media.fi\/ita-hame\/wp-content\/uploads\/sites\/9\/2021\/12\/Ita_Hame_levikkikartta.png\"><img loading=\"lazy\" decoding=\"async\" class=\" wp-image-15005 alignright\" src=\"https:\/\/oma.media.fi\/ita-hame\/wp-content\/uploads\/sites\/9\/2021\/12\/Ita_Hame_levikkikartta.png\" alt=\"\" width=\"198\" height=\"314\" srcset=\"https:\/\/oma.media.fi\/ita-hame\/wp-content\/uploads\/sites\/9\/2021\/12\/Ita_Hame_levikkikartta.png 438w, https:\/\/oma.media.fi\/ita-hame\/wp-content\/uploads\/sites\/9\/2021\/12\/Ita_Hame_levikkikartta-189x300.png 189w\" sizes=\"auto, (max-width: 198px) 100vw, 198px\" \/><\/a><\/h2>\n<p>Tarjoamme tilauksiin liittyv\u00e4\u00e4 asiakaspalvelua jonottamatta 24\/7 verkossa osoitteessa <a href=\"http:\/\/Itahame.fi\/asiakaspalvelu\">Itahame.fi\/asiakaspalvelu<\/a> \u2013 k\u00e4y tutustumassa!<\/p>\n<h3>Joko sinulla on Mediatunnus?<\/h3>\n<p>Mediatunnus on avain kaikkiin s\u00e4hk\u00f6isiin palveluihimme. Yhdell\u00e4 tunnuksella p\u00e4\u00e4set n\u00e4pp\u00e4r\u00e4sti lukemaan tilaukseesi kuuluvia verkkosis\u00e4lt\u00f6j\u00e4 sek\u00e4 kommentoimaan niit\u00e4. Mediatunnuksella hoidat k\u00e4tev\u00e4sti my\u00f6s tilaukseesi liittyvi\u00e4 muutoksia \u2013 juuri silloin kun se sinulle sopii. Lue lis\u00e4\u00e4 Mediatunnuksesta ja sen luomisesta <a href=\"https:\/\/oma.media.fi\/ita-hame\/mediatunnukset\/\">t\u00e4st\u00e4<\/a>.<\/p>\n<h3>Lis\u00e4tietoja tilauksestasi l\u00f6yd\u00e4t alla olevista linkeist\u00e4<\/h3>\n<div class=\"table--responsive\"><table style=\"height: 167px;width: 100%;border-collapse: collapse\" border=\"0\">\n<tbody>\n<tr style=\"height: 47px\">\n<td style=\"width: 5.69249%;height: 47px\"><a href=\"https:\/\/oma.media.fi\/ita-hame\/wp-content\/uploads\/sites\/9\/2022\/01\/icon_tilauksensisalto-1.png\"><img loading=\"lazy\" decoding=\"async\" class=\"alignnone size-large wp-image-15056\" src=\"https:\/\/oma.media.fi\/ita-hame\/wp-content\/uploads\/sites\/9\/2022\/01\/icon_tilauksensisalto-1.png\" alt=\"\" width=\"40\" height=\"45\" \/><\/a><\/td>\n<td style=\"width: 94.3075%;height: 47px\"><a href=\"https:\/\/oma.media.fi\/ita-hame\/tilaussisallot\/\">Tilauksen sis\u00e4lt\u00f6<\/a><\/td>\n<\/tr>\n<tr style=\"height: 24px\">\n<td style=\"width: 5.69249%;height: 24px\"><a href=\"https:\/\/oma.media.fi\/ita-hame\/wp-content\/uploads\/sites\/9\/2022\/01\/icon_ukk-1.png\"><img loading=\"lazy\" decoding=\"async\" class=\"alignnone size-full wp-image-15059\" src=\"https:\/\/oma.media.fi\/ita-hame\/wp-content\/uploads\/sites\/9\/2022\/01\/icon_ukk-1.png\" alt=\"\" width=\"40\" height=\"45\" \/><\/a><\/td>\n<td style=\"width: 94.3075%;height: 24px\"><a href=\"https:\/\/oma.media.fi\/ita-hame\/ukk\/\">Usein kysytyt kysymykset<\/a><\/td>\n<\/tr>\n<tr style=\"height: 24px\">\n<td style=\"width: 5.69249%;height: 24px\"><a href=\"https:\/\/oma.media.fi\/ita-hame\/wp-content\/uploads\/sites\/9\/2022\/01\/icon_jatkuvatilaus-1.png\"><img loading=\"lazy\" decoding=\"async\" class=\"alignnone size-large wp-image-15055\" src=\"https:\/\/oma.media.fi\/ita-hame\/wp-content\/uploads\/sites\/9\/2022\/01\/icon_jatkuvatilaus-1.png\" alt=\"\" width=\"40\" height=\"45\" \/><\/a><\/td>\n<td style=\"width: 94.3075%;height: 24px\"><a href=\"https:\/\/oma.media.fi\/ita-hame\/edut\/tietoa-kestotilaajan-eduista\/\">Jatkuvan tilauksen hy\u00f6dyt<\/a><\/td>\n<\/tr>\n<tr style=\"height: 24px\">\n<td style=\"width: 5.69249%;height: 24px\"><a href=\"https:\/\/oma.media.fi\/ita-hame\/wp-content\/uploads\/sites\/9\/2022\/01\/icon_tilausmuodot-1.png\"><img loading=\"lazy\" decoding=\"async\" class=\"alignnone size-large wp-image-15057\" src=\"https:\/\/oma.media.fi\/ita-hame\/wp-content\/uploads\/sites\/9\/2022\/01\/icon_tilausmuodot-1.png\" alt=\"\" width=\"40\" height=\"45\" \/><\/a><\/td>\n<td style=\"width: 94.3075%;height: 24px\"><a href=\"https:\/\/oma.media.fi\/ita-hame\/tilausmuodot\/\">Tilausmuodot<\/a><\/td>\n<\/tr>\n<tr style=\"height: 24px\">\n<td style=\"width: 5.69249%;height: 24px\"><a href=\"https:\/\/oma.media.fi\/ita-hame\/wp-content\/uploads\/sites\/9\/2022\/01\/icon_hinnat_laskutus-1.png\"><img loading=\"lazy\" decoding=\"async\" class=\"alignnone size-full wp-image-15054\" src=\"https:\/\/oma.media.fi\/ita-hame\/wp-content\/uploads\/sites\/9\/2022\/01\/icon_hinnat_laskutus-1.png\" alt=\"\" width=\"40\" height=\"45\" \/><\/a><\/td>\n<td style=\"width: 94.3075%;height: 24px\"><a href=\"https:\/\/oma.media.fi\/tilaushinnat\/\">Normaalihinnat<\/a> ja <a href=\"https:\/\/oma.media.fi\/tilauslaskutus\/\">tilauslaskutus<\/a><\/td>\n<\/tr>\n<tr style=\"height: 24px\">\n<td style=\"width: 5.69249%;height: 24px\"><a href=\"https:\/\/oma.media.fi\/ita-hame\/wp-content\/uploads\/sites\/9\/2022\/01\/icon_tilaustarjoukset-1.png\"><img loading=\"lazy\" decoding=\"async\" class=\"alignnone size-large wp-image-15058\" src=\"https:\/\/oma.media.fi\/ita-hame\/wp-content\/uploads\/sites\/9\/2022\/01\/icon_tilaustarjoukset-1.png\" alt=\"\" width=\"40\" height=\"45\" \/><\/a><\/td>\n<td style=\"width: 94.3075%;height: 24px\"><a href=\"http:\/\/Itahame.fi\/tilaa\">Tilaustarjoukset<\/a><\/td>\n<\/tr>\n<\/tbody>\n<\/table><\/div>\n<p>&nbsp;<\/p>\n","protected":false},"excerpt":{"rendered":"<p>on yhdistelm\u00e4 oman seudun uutisia ja kiinnostavia maan ja maailman sis\u00e4lt\u00f6j\u00e4. Painettu lehti ilmestyy 5 p\u00e4iv\u00e4n\u00e4 viikossa maanantaista tiistaihin sek\u00e4 torstaista lauantaihin. Lis\u00e4ksi tarjoamme tuoreita juttuja verkossa pitkin p\u00e4iv\u00e4\u00e4, vuoden jokaisena p\u00e4iv\u00e4n\u00e4. Lis\u00e4tietoa poikkeuksellisista ilmestymisp\u00e4ivist\u00e4 saat t\u00e4\u00e4lt\u00e4. Tervetuloa asiakaspalveluun Tarjoamme tilauksiin liittyv\u00e4\u00e4 asiakaspalvelua jonottamatta 24\/7 verkossa osoitteessa \/asiakaspalvelu \u2013 k\u00e4y tutustumassa! Joko sinulla on Mediatunnus? [&hellip;]<\/p>\n","protected":false},"author":6,"featured_media":15053,"parent":0,"menu_order":0,"comment_status":"closed","ping_status":"closed","template":"","meta":{"_acf_changed":false,"footnotes":""},"class_list":["post-15001","page","type-page","status-publish","has-post-thumbnail","hentry"],"acf":[],"yoast_head":"<!-- This site is optimized with the Yoast SEO plugin v26.2 - https:\/\/yoast.com\/wordpress\/plugins\/seo\/ -->\n<title>Tietoa tilauksesta - It\u00e4-H\u00e4me<\/title>\n<meta name=\"robots\" content=\"index, follow, max-snippet:-1, max-image-preview:large, max-video-preview:-1\" \/>\n<link rel=\"canonical\" href=\"https:\/\/oma.media.fi\/ita-hame\/tietoa-tilauksesta\/\" \/>\n<meta property=\"og:locale\" content=\"fi_FI\" \/>\n<meta property=\"og:type\" content=\"article\" \/>\n<meta property=\"og:title\" content=\"Tietoa tilauksesta\" \/>\n<meta property=\"og:description\" content=\"on yhdistelm\u00e4 oman seudun uutisia ja kiinnostavia maan ja maailman sis\u00e4lt\u00f6j\u00e4. Painettu lehti ilmestyy 5 p\u00e4iv\u00e4n\u00e4 viikossa maanantaista tiistaihin sek\u00e4 torstaista lauantaihin. Lis\u00e4ksi tarjoamme tuoreita juttuja verkossa pitkin p\u00e4iv\u00e4\u00e4, vuoden jokaisena p\u00e4iv\u00e4n\u00e4. Lis\u00e4tietoa poikkeuksellisista ilmestymisp\u00e4ivist\u00e4 saat t\u00e4\u00e4lt\u00e4. Tervetuloa asiakaspalveluun Tarjoamme tilauksiin liittyv\u00e4\u00e4 asiakaspalvelua jonottamatta 24\/7 verkossa osoitteessa \/asiakaspalvelu \u2013 k\u00e4y tutustumassa! Joko sinulla on Mediatunnus? [&hellip;]\" \/>\n<meta property=\"og:url\" content=\"https:\/\/oma.media.fi\/ita-hame\/tietoa-tilauksesta\/\" \/>\n<meta property=\"og:site_name\" content=\"It\u00e4-H\u00e4me\" \/>\n<meta property=\"article:modified_time\" content=\"2025-03-24T09:13:43+00:00\" \/>\n<meta property=\"og:image\" content=\"https:\/\/oma.media.fi\/ita-hame\/wp-content\/uploads\/sites\/9\/2022\/01\/810x260_tietoatilauksesta_land.jpg\" \/>\n\t<meta property=\"og:image:width\" content=\"810\" \/>\n\t<meta property=\"og:image:height\" content=\"260\" \/>\n\t<meta property=\"og:image:type\" content=\"image\/jpeg\" \/>\n<meta name=\"twitter:card\" content=\"summary_large_image\" \/>\n<meta name=\"twitter:label1\" content=\"Arvioitu lukuaika\" \/>\n\t<meta name=\"twitter:data1\" content=\"3 minuuttia\" \/>\n<script type=\"application\/ld+json\" class=\"yoast-schema-graph\">{\"@context\":\"https:\/\/schema.org\",\"@graph\":[{\"@type\":\"WebPage\",\"@id\":\"https:\/\/oma.media.fi\/ita-hame\/tietoa-tilauksesta\/\",\"url\":\"https:\/\/oma.media.fi\/ita-hame\/tietoa-tilauksesta\/\",\"name\":\"Tietoa tilauksesta - It\u00e4-H\u00e4me\",\"isPartOf\":{\"@id\":\"https:\/\/oma.media.fi\/ita-hame\/#website\"},\"primaryImageOfPage\":{\"@id\":\"https:\/\/oma.media.fi\/ita-hame\/tietoa-tilauksesta\/#primaryimage\"},\"image\":{\"@id\":\"https:\/\/oma.media.fi\/ita-hame\/tietoa-tilauksesta\/#primaryimage\"},\"thumbnailUrl\":\"https:\/\/oma.media.fi\/ita-hame\/wp-content\/uploads\/sites\/9\/2022\/01\/810x260_tietoatilauksesta_land.jpg\",\"datePublished\":\"2021-12-27T08:51:08+00:00\",\"dateModified\":\"2025-03-24T09:13:43+00:00\",\"breadcrumb\":{\"@id\":\"https:\/\/oma.media.fi\/ita-hame\/tietoa-tilauksesta\/#breadcrumb\"},\"inLanguage\":\"fi\",\"potentialAction\":[{\"@type\":\"ReadAction\",\"target\":[\"https:\/\/oma.media.fi\/ita-hame\/tietoa-tilauksesta\/\"]}]},{\"@type\":\"ImageObject\",\"inLanguage\":\"fi\",\"@id\":\"https:\/\/oma.media.fi\/ita-hame\/tietoa-tilauksesta\/#primaryimage\",\"url\":\"https:\/\/oma.media.fi\/ita-hame\/wp-content\/uploads\/sites\/9\/2022\/01\/810x260_tietoatilauksesta_land.jpg\",\"contentUrl\":\"https:\/\/oma.media.fi\/ita-hame\/wp-content\/uploads\/sites\/9\/2022\/01\/810x260_tietoatilauksesta_land.jpg\",\"width\":810,\"height\":260},{\"@type\":\"BreadcrumbList\",\"@id\":\"https:\/\/oma.media.fi\/ita-hame\/tietoa-tilauksesta\/#breadcrumb\",\"itemListElement\":[{\"@type\":\"ListItem\",\"position\":1,\"name\":\"Etusivu\",\"item\":\"https:\/\/oma.media.fi\/ita-hame\/\"},{\"@type\":\"ListItem\",\"position\":2,\"name\":\"Tietoa tilauksesta\"}]},{\"@type\":\"WebSite\",\"@id\":\"https:\/\/oma.media.fi\/ita-hame\/#website\",\"url\":\"https:\/\/oma.media.fi\/ita-hame\/\",\"name\":\"It\u00e4-H\u00e4me\",\"description\":\"\",\"potentialAction\":[{\"@type\":\"SearchAction\",\"target\":{\"@type\":\"EntryPoint\",\"urlTemplate\":\"https:\/\/oma.media.fi\/ita-hame\/?s={search_term_string}\"},\"query-input\":{\"@type\":\"PropertyValueSpecification\",\"valueRequired\":true,\"valueName\":\"search_term_string\"}}],\"inLanguage\":\"fi\"}]}<\/script>\n<!-- \/ Yoast SEO plugin. -->","yoast_head_json":{"title":"Tietoa tilauksesta - It\u00e4-H\u00e4me","robots":{"index":"index","follow":"follow","max-snippet":"max-snippet:-1","max-image-preview":"max-image-preview:large","max-video-preview":"max-video-preview:-1"},"canonical":"https:\/\/oma.media.fi\/ita-hame\/tietoa-tilauksesta\/","og_locale":"fi_FI","og_type":"article","og_title":"Tietoa tilauksesta","og_description":"on yhdistelm\u00e4 oman seudun uutisia ja kiinnostavia maan ja maailman sis\u00e4lt\u00f6j\u00e4. Painettu lehti ilmestyy 5 p\u00e4iv\u00e4n\u00e4 viikossa maanantaista tiistaihin sek\u00e4 torstaista lauantaihin. Lis\u00e4ksi tarjoamme tuoreita juttuja verkossa pitkin p\u00e4iv\u00e4\u00e4, vuoden jokaisena p\u00e4iv\u00e4n\u00e4. Lis\u00e4tietoa poikkeuksellisista ilmestymisp\u00e4ivist\u00e4 saat t\u00e4\u00e4lt\u00e4. Tervetuloa asiakaspalveluun Tarjoamme tilauksiin liittyv\u00e4\u00e4 asiakaspalvelua jonottamatta 24\/7 verkossa osoitteessa \/asiakaspalvelu \u2013 k\u00e4y tutustumassa! Joko sinulla on Mediatunnus? [&hellip;]","og_url":"https:\/\/oma.media.fi\/ita-hame\/tietoa-tilauksesta\/","og_site_name":"It\u00e4-H\u00e4me","article_modified_time":"2025-03-24T09:13:43+00:00","og_image":[{"width":810,"height":260,"url":"https:\/\/oma.media.fi\/ita-hame\/wp-content\/uploads\/sites\/9\/2022\/01\/810x260_tietoatilauksesta_land.jpg","type":"image\/jpeg"}],"twitter_card":"summary_large_image","twitter_misc":{"Arvioitu lukuaika":"3 minuuttia"},"schema":{"@context":"https:\/\/schema.org","@graph":[{"@type":"WebPage","@id":"https:\/\/oma.media.fi\/ita-hame\/tietoa-tilauksesta\/","url":"https:\/\/oma.media.fi\/ita-hame\/tietoa-tilauksesta\/","name":"Tietoa tilauksesta - It\u00e4-H\u00e4me","isPartOf":{"@id":"https:\/\/oma.media.fi\/ita-hame\/#website"},"primaryImageOfPage":{"@id":"https:\/\/oma.media.fi\/ita-hame\/tietoa-tilauksesta\/#primaryimage"},"image":{"@id":"https:\/\/oma.media.fi\/ita-hame\/tietoa-tilauksesta\/#primaryimage"},"thumbnailUrl":"https:\/\/oma.media.fi\/ita-hame\/wp-content\/uploads\/sites\/9\/2022\/01\/810x260_tietoatilauksesta_land.jpg","datePublished":"2021-12-27T08:51:08+00:00","dateModified":"2025-03-24T09:13:43+00:00","breadcrumb":{"@id":"https:\/\/oma.media.fi\/ita-hame\/tietoa-tilauksesta\/#breadcrumb"},"inLanguage":"fi","potentialAction":[{"@type":"ReadAction","target":["https:\/\/oma.media.fi\/ita-hame\/tietoa-tilauksesta\/"]}]},{"@type":"ImageObject","inLanguage":"fi","@id":"https:\/\/oma.media.fi\/ita-hame\/tietoa-tilauksesta\/#primaryimage","url":"https:\/\/oma.media.fi\/ita-hame\/wp-content\/uploads\/sites\/9\/2022\/01\/810x260_tietoatilauksesta_land.jpg","contentUrl":"https:\/\/oma.media.fi\/ita-hame\/wp-content\/uploads\/sites\/9\/2022\/01\/810x260_tietoatilauksesta_land.jpg","width":810,"height":260},{"@type":"BreadcrumbList","@id":"https:\/\/oma.media.fi\/ita-hame\/tietoa-tilauksesta\/#breadcrumb","itemListElement":[{"@type":"ListItem","position":1,"name":"Etusivu","item":"https:\/\/oma.media.fi\/ita-hame\/"},{"@type":"ListItem","position":2,"name":"Tietoa tilauksesta"}]},{"@type":"WebSite","@id":"https:\/\/oma.media.fi\/ita-hame\/#website","url":"https:\/\/oma.media.fi\/ita-hame\/","name":"It\u00e4-H\u00e4me","description":"","potentialAction":[{"@type":"SearchAction","target":{"@type":"EntryPoint","urlTemplate":"https:\/\/oma.media.fi\/ita-hame\/?s={search_term_string}"},"query-input":{"@type":"PropertyValueSpecification","valueRequired":true,"valueName":"search_term_string"}}],"inLanguage":"fi"}]}},"publishpress_future_action":{"enabled":false,"date":"2026-04-23 10:40:47","action":"change-status","newStatus":"draft","terms":[],"taxonomy":"","extraData":[]},"publishpress_future_workflow_manual_trigger":{"enabledWorkflows":[]},"_links":{"self":[{"href":"https:\/\/oma.media.fi\/ita-hame\/wp-json\/wp\/v2\/pages\/15001","targetHints":{"allow":["GET"]}}],"collection":[{"href":"https:\/\/oma.media.fi\/ita-hame\/wp-json\/wp\/v2\/pages"}],"about":[{"href":"https:\/\/oma.media.fi\/ita-hame\/wp-json\/wp\/v2\/types\/page"}],"author":[{"embeddable":true,"href":"https:\/\/oma.media.fi\/ita-hame\/wp-json\/wp\/v2\/users\/6"}],"replies":[{"embeddable":true,"href":"https:\/\/oma.media.fi\/ita-hame\/wp-json\/wp\/v2\/comments?post=15001"}],"version-history":[{"count":13,"href":"https:\/\/oma.media.fi\/ita-hame\/wp-json\/wp\/v2\/pages\/15001\/revisions"}],"predecessor-version":[{"id":19154,"href":"https:\/\/oma.media.fi\/ita-hame\/wp-json\/wp\/v2\/pages\/15001\/revisions\/19154"}],"wp:featuredmedia":[{"embeddable":true,"href":"https:\/\/oma.media.fi\/ita-hame\/wp-json\/wp\/v2\/media\/15053"}],"wp:attachment":[{"href":"https:\/\/oma.media.fi\/ita-hame\/wp-json\/wp\/v2\/media?parent=15001"}],"curies":[{"name":"wp","href":"https:\/\/api.w.org\/{rel}","templated":true}]}}