{"id":43,"date":"2018-10-22T09:28:55","date_gmt":"2018-10-22T07:28:55","guid":{"rendered":"https:\/\/oma.media.fi\/ita-hame\/edut\/"},"modified":"2022-05-10T10:36:47","modified_gmt":"2022-05-10T07:36:47","slug":"edut","status":"publish","type":"page","link":"https:\/\/oma.media.fi\/ita-hame\/edut\/","title":{"rendered":"Tilaajan edut"},"content":{"rendered":"<p>Kaikki kestotilaajan edut koskevat my\u00f6s Etel\u00e4-Suomen Sanomien, Forssan Lehden, H\u00e4meen Sanomien, It\u00e4-H\u00e4meen ja Keski-H\u00e4meen kestotilaaja-asiakkaita.<\/p>\n","protected":false},"excerpt":{"rendered":"<p>Kaikki kestotilaajan edut koskevat my\u00f6s Etel\u00e4-Suomen Sanomien, Forssan Lehden, H\u00e4meen Sanomien, It\u00e4-H\u00e4meen ja Keski-H\u00e4meen kestotilaaja-asiakkaita.<\/p>\n","protected":false},"author":1,"featured_media":0,"parent":0,"menu_order":0,"comment_status":"closed","ping_status":"closed","template":"template-edut.php","meta":{"_acf_changed":false,"footnotes":""},"class_list":["post-43","page","type-page","status-publish","hentry"],"acf":[],"yoast_head":"<!-- This site is optimized with the Yoast SEO plugin v26.2 - https:\/\/yoast.com\/wordpress\/plugins\/seo\/ -->\n<title>Tilaajan edut - It\u00e4-H\u00e4me<\/title>\n<meta name=\"robots\" content=\"index, follow, max-snippet:-1, max-image-preview:large, max-video-preview:-1\" \/>\n<link rel=\"canonical\" href=\"https:\/\/oma.media.fi\/ita-hame\/edut\/\" \/>\n<meta property=\"og:locale\" content=\"fi_FI\" \/>\n<meta property=\"og:type\" content=\"article\" \/>\n<meta property=\"og:title\" content=\"Tilaajan edut\" \/>\n<meta property=\"og:description\" content=\"Kaikki kestotilaajan edut koskevat my\u00f6s Etel\u00e4-Suomen Sanomien, Forssan Lehden, H\u00e4meen Sanomien, It\u00e4-H\u00e4meen ja Keski-H\u00e4meen kestotilaaja-asiakkaita.\" \/>\n<meta property=\"og:url\" content=\"https:\/\/oma.media.fi\/ita-hame\/edut\/\" \/>\n<meta property=\"og:site_name\" content=\"It\u00e4-H\u00e4me\" \/>\n<meta property=\"article:modified_time\" content=\"2022-05-10T07:36:47+00:00\" \/>\n<meta name=\"twitter:card\" content=\"summary_large_image\" \/>\n<meta name=\"twitter:label1\" content=\"Arvioitu lukuaika\" \/>\n\t<meta name=\"twitter:data1\" content=\"1 minuutti\" \/>\n<script type=\"application\/ld+json\" class=\"yoast-schema-graph\">{\"@context\":\"https:\/\/schema.org\",\"@graph\":[{\"@type\":\"WebPage\",\"@id\":\"https:\/\/oma.media.fi\/ita-hame\/edut\/\",\"url\":\"https:\/\/oma.media.fi\/ita-hame\/edut\/\",\"name\":\"Tilaajan edut - It\u00e4-H\u00e4me\",\"isPartOf\":{\"@id\":\"https:\/\/oma.media.fi\/ita-hame\/#website\"},\"datePublished\":\"2018-10-22T07:28:55+00:00\",\"dateModified\":\"2022-05-10T07:36:47+00:00\",\"breadcrumb\":{\"@id\":\"https:\/\/oma.media.fi\/ita-hame\/edut\/#breadcrumb\"},\"inLanguage\":\"fi\",\"potentialAction\":[{\"@type\":\"ReadAction\",\"target\":[\"https:\/\/oma.media.fi\/ita-hame\/edut\/\"]}]},{\"@type\":\"BreadcrumbList\",\"@id\":\"https:\/\/oma.media.fi\/ita-hame\/edut\/#breadcrumb\",\"itemListElement\":[{\"@type\":\"ListItem\",\"position\":1,\"name\":\"Etusivu\",\"item\":\"https:\/\/oma.media.fi\/ita-hame\/\"},{\"@type\":\"ListItem\",\"position\":2,\"name\":\"Tilaajan edut\"}]},{\"@type\":\"WebSite\",\"@id\":\"https:\/\/oma.media.fi\/ita-hame\/#website\",\"url\":\"https:\/\/oma.media.fi\/ita-hame\/\",\"name\":\"It\u00e4-H\u00e4me\",\"description\":\"\",\"potentialAction\":[{\"@type\":\"SearchAction\",\"target\":{\"@type\":\"EntryPoint\",\"urlTemplate\":\"https:\/\/oma.media.fi\/ita-hame\/?s={search_term_string}\"},\"query-input\":{\"@type\":\"PropertyValueSpecification\",\"valueRequired\":true,\"valueName\":\"search_term_string\"}}],\"inLanguage\":\"fi\"}]}<\/script>\n<!-- \/ Yoast SEO plugin. -->","yoast_head_json":{"title":"Tilaajan edut - It\u00e4-H\u00e4me","robots":{"index":"index","follow":"follow","max-snippet":"max-snippet:-1","max-image-preview":"max-image-preview:large","max-video-preview":"max-video-preview:-1"},"canonical":"https:\/\/oma.media.fi\/ita-hame\/edut\/","og_locale":"fi_FI","og_type":"article","og_title":"Tilaajan edut","og_description":"Kaikki kestotilaajan edut koskevat my\u00f6s Etel\u00e4-Suomen Sanomien, Forssan Lehden, H\u00e4meen Sanomien, It\u00e4-H\u00e4meen ja Keski-H\u00e4meen kestotilaaja-asiakkaita.","og_url":"https:\/\/oma.media.fi\/ita-hame\/edut\/","og_site_name":"It\u00e4-H\u00e4me","article_modified_time":"2022-05-10T07:36:47+00:00","twitter_card":"summary_large_image","twitter_misc":{"Arvioitu lukuaika":"1 minuutti"},"schema":{"@context":"https:\/\/schema.org","@graph":[{"@type":"WebPage","@id":"https:\/\/oma.media.fi\/ita-hame\/edut\/","url":"https:\/\/oma.media.fi\/ita-hame\/edut\/","name":"Tilaajan edut - It\u00e4-H\u00e4me","isPartOf":{"@id":"https:\/\/oma.media.fi\/ita-hame\/#website"},"datePublished":"2018-10-22T07:28:55+00:00","dateModified":"2022-05-10T07:36:47+00:00","breadcrumb":{"@id":"https:\/\/oma.media.fi\/ita-hame\/edut\/#breadcrumb"},"inLanguage":"fi","potentialAction":[{"@type":"ReadAction","target":["https:\/\/oma.media.fi\/ita-hame\/edut\/"]}]},{"@type":"BreadcrumbList","@id":"https:\/\/oma.media.fi\/ita-hame\/edut\/#breadcrumb","itemListElement":[{"@type":"ListItem","position":1,"name":"Etusivu","item":"https:\/\/oma.media.fi\/ita-hame\/"},{"@type":"ListItem","position":2,"name":"Tilaajan edut"}]},{"@type":"WebSite","@id":"https:\/\/oma.media.fi\/ita-hame\/#website","url":"https:\/\/oma.media.fi\/ita-hame\/","name":"It\u00e4-H\u00e4me","description":"","potentialAction":[{"@type":"SearchAction","target":{"@type":"EntryPoint","urlTemplate":"https:\/\/oma.media.fi\/ita-hame\/?s={search_term_string}"},"query-input":{"@type":"PropertyValueSpecification","valueRequired":true,"valueName":"search_term_string"}}],"inLanguage":"fi"}]}},"publishpress_future_action":{"enabled":false,"date":"2026-04-21 15:33:20","action":"change-status","newStatus":"draft","terms":[],"taxonomy":"","extraData":[]},"publishpress_future_workflow_manual_trigger":{"enabledWorkflows":[]},"_links":{"self":[{"href":"https:\/\/oma.media.fi\/ita-hame\/wp-json\/wp\/v2\/pages\/43","targetHints":{"allow":["GET"]}}],"collection":[{"href":"https:\/\/oma.media.fi\/ita-hame\/wp-json\/wp\/v2\/pages"}],"about":[{"href":"https:\/\/oma.media.fi\/ita-hame\/wp-json\/wp\/v2\/types\/page"}],"author":[{"embeddable":true,"href":"https:\/\/oma.media.fi\/ita-hame\/wp-json\/wp\/v2\/users\/1"}],"replies":[{"embeddable":true,"href":"https:\/\/oma.media.fi\/ita-hame\/wp-json\/wp\/v2\/comments?post=43"}],"version-history":[{"count":5,"href":"https:\/\/oma.media.fi\/ita-hame\/wp-json\/wp\/v2\/pages\/43\/revisions"}],"predecessor-version":[{"id":15890,"href":"https:\/\/oma.media.fi\/ita-hame\/wp-json\/wp\/v2\/pages\/43\/revisions\/15890"}],"wp:attachment":[{"href":"https:\/\/oma.media.fi\/ita-hame\/wp-json\/wp\/v2\/media?parent=43"}],"curies":[{"name":"wp","href":"https:\/\/api.w.org\/{rel}","templated":true}]}}