{"id":543,"date":"2018-11-19T14:06:34","date_gmt":"2018-11-19T12:06:34","guid":{"rendered":"https:\/\/oma.media.fi\/ita-hame\/ilmestymispaivat\/"},"modified":"2026-01-07T10:44:46","modified_gmt":"2026-01-07T08:44:46","slug":"ilmestymispaivat","status":"publish","type":"page","link":"https:\/\/oma.media.fi\/ita-hame\/ilmestymispaivat\/","title":{"rendered":"Ilmestymisp\u00e4iv\u00e4t"},"content":{"rendered":"<p>It\u00e4-H\u00e4me ilmestyy viiten\u00e4 p\u00e4iv\u00e4n\u00e4 viikossa: maanantaista tiistaihin sek\u00e4 torstaista lauantaihin. It\u00e4-H\u00e4me ei ilmesty keskiviikkoisin ja sunnuntaisin.<\/p>\n<h2><strong style=\"font-size: 16px\">Painettu lehti ei ilmesty vuonna 2026:<\/strong><\/h2>\n<div class=\"table--responsive\"><table style=\"height: 440px\" width=\"458\">\n<tbody>\n<tr>\n<td style=\"width: 170.615px\">to 1.1.2026<\/td>\n<td style=\"width: 273.385px\">Uudenvuodenp\u00e4iv\u00e4<\/td>\n<\/tr>\n<tr>\n<td style=\"width: 170.615px\">ti 6.1.2026<\/td>\n<td style=\"width: 273.385px\">Loppiainen<\/td>\n<\/tr>\n<tr>\n<td style=\"width: 170.615px\">la 4.4.2026<\/td>\n<td style=\"width: 273.385px\">P\u00e4\u00e4si\u00e4islauantai<\/td>\n<\/tr>\n<tr>\n<td style=\"width: 170.615px\">ma 6.4.2026<\/td>\n<td style=\"width: 273.385px\">2. p\u00e4\u00e4si\u00e4isp\u00e4iv\u00e4<\/td>\n<\/tr>\n<tr>\n<td style=\"width: 170.615px\">pe 1.5.2026<\/td>\n<td style=\"width: 273.385px\">Vappu<\/td>\n<\/tr>\n<tr>\n<td style=\"width: 170.615px\">la 2.5.2026<\/td>\n<td style=\"width: 273.385px\">Vapun j\u00e4lkeinen p\u00e4iv\u00e4<\/td>\n<\/tr>\n<tr>\n<td style=\"width: 170.615px\">to 14.5.2026<\/td>\n<td style=\"width: 273.385px\">Helatorstai<\/td>\n<\/tr>\n<tr>\n<td style=\"width: 170.615px\">pe 15.5.2026<\/td>\n<td style=\"width: 273.385px\">Helatorstain j\u00e4lkeinen perjantai<\/td>\n<\/tr>\n<tr>\n<td style=\"width: 170.615px\">pe 19.6.2026<\/td>\n<td style=\"width: 273.385px\">Juhannusaatto<\/td>\n<\/tr>\n<tr>\n<td style=\"width: 170.615px\">la 20.6.2026<\/td>\n<td style=\"width: 273.385px\">Juhannusp\u00e4iv\u00e4<\/td>\n<\/tr>\n<tr>\n<td style=\"width: 170.615px\">la 31.10.2026<\/td>\n<td style=\"width: 273.385px\">Pyh\u00e4inp\u00e4iv\u00e4<\/td>\n<\/tr>\n<tr>\n<td style=\"width: 170.615px\">ma 7.12.2026<\/td>\n<td style=\"width: 273.385px\">Itsen\u00e4isyysp\u00e4iv\u00e4n j\u00e4lkeinen p\u00e4iv\u00e4<\/td>\n<\/tr>\n<tr>\n<td style=\"width: 170.615px\">pe 25.12.2026<\/td>\n<td style=\"width: 273.385px\">Joulup\u00e4iv\u00e4<\/td>\n<\/tr>\n<tr>\n<td style=\"width: 170.615px\">la 26.12.2026<\/td>\n<td style=\"width: 273.385px\">Tapaninp\u00e4iv\u00e4<\/td>\n<\/tr>\n<\/tbody>\n<\/table><\/div>\n<p>&nbsp;<\/p>\n","protected":false},"excerpt":{"rendered":"<p>It\u00e4-H\u00e4me ilmestyy viiten\u00e4 p\u00e4iv\u00e4n\u00e4 viikossa: maanantaista tiistaihin sek\u00e4 torstaista lauantaihin. It\u00e4-H\u00e4me ei ilmesty keskiviikkoisin ja sunnuntaisin. Painettu lehti ei ilmesty vuonna 2026: to 1.1.2026 Uudenvuodenp\u00e4iv\u00e4 ti 6.1.2026 Loppiainen la 4.4.2026 P\u00e4\u00e4si\u00e4islauantai ma 6.4.2026 2. p\u00e4\u00e4si\u00e4isp\u00e4iv\u00e4 pe 1.5.2026 Vappu la 2.5.2026 Vapun j\u00e4lkeinen p\u00e4iv\u00e4 to 14.5.2026 Helatorstai pe 15.5.2026 Helatorstain j\u00e4lkeinen perjantai pe 19.6.2026 Juhannusaatto la [&hellip;]<\/p>\n","protected":false},"author":1,"featured_media":0,"parent":0,"menu_order":0,"comment_status":"closed","ping_status":"closed","template":"","meta":{"_acf_changed":false,"footnotes":""},"class_list":["post-543","page","type-page","status-publish","hentry"],"acf":[],"yoast_head":"<!-- This site is optimized with the Yoast SEO plugin v26.2 - https:\/\/yoast.com\/wordpress\/plugins\/seo\/ -->\n<title>It\u00e4-H\u00e4meen ilmestymisp\u00e4iv\u00e4t - It\u00e4-H\u00e4me \/ Asiakaspalvelu<\/title>\n<meta name=\"description\" content=\"It\u00e4-H\u00e4meen ilmestymisp\u00e4iv\u00e4t ovat maanantaista tiistaihin sek\u00e4 torstaista lauantaihin. It\u00e4-H\u00e4me ei ilmesty keskiviikkoisin ja sunnuntaisin.\" \/>\n<meta name=\"robots\" content=\"index, follow, max-snippet:-1, max-image-preview:large, max-video-preview:-1\" \/>\n<link rel=\"canonical\" href=\"https:\/\/oma.media.fi\/ita-hame\/ilmestymispaivat\/\" \/>\n<meta property=\"og:locale\" content=\"fi_FI\" \/>\n<meta property=\"og:type\" content=\"article\" \/>\n<meta property=\"og:title\" content=\"Ilmestymisp\u00e4iv\u00e4t\" \/>\n<meta property=\"og:description\" content=\"It\u00e4-H\u00e4meen ilmestymisp\u00e4iv\u00e4t ovat maanantaista tiistaihin sek\u00e4 torstaista lauantaihin. It\u00e4-H\u00e4me ei ilmesty keskiviikkoisin ja sunnuntaisin.\" \/>\n<meta property=\"og:url\" content=\"https:\/\/oma.media.fi\/ita-hame\/ilmestymispaivat\/\" \/>\n<meta property=\"og:site_name\" content=\"It\u00e4-H\u00e4me\" \/>\n<meta property=\"article:modified_time\" content=\"2026-01-07T08:44:46+00:00\" \/>\n<meta name=\"twitter:card\" content=\"summary_large_image\" \/>\n<meta name=\"twitter:label1\" content=\"Arvioitu lukuaika\" \/>\n\t<meta name=\"twitter:data1\" content=\"1 minuutti\" \/>\n<script type=\"application\/ld+json\" class=\"yoast-schema-graph\">{\"@context\":\"https:\/\/schema.org\",\"@graph\":[{\"@type\":\"WebPage\",\"@id\":\"https:\/\/oma.media.fi\/ita-hame\/ilmestymispaivat\/\",\"url\":\"https:\/\/oma.media.fi\/ita-hame\/ilmestymispaivat\/\",\"name\":\"It\u00e4-H\u00e4meen ilmestymisp\u00e4iv\u00e4t - It\u00e4-H\u00e4me \/ Asiakaspalvelu\",\"isPartOf\":{\"@id\":\"https:\/\/oma.media.fi\/ita-hame\/#website\"},\"datePublished\":\"2018-11-19T12:06:34+00:00\",\"dateModified\":\"2026-01-07T08:44:46+00:00\",\"description\":\"It\u00e4-H\u00e4meen ilmestymisp\u00e4iv\u00e4t ovat maanantaista tiistaihin sek\u00e4 torstaista lauantaihin. It\u00e4-H\u00e4me ei ilmesty keskiviikkoisin ja sunnuntaisin.\",\"breadcrumb\":{\"@id\":\"https:\/\/oma.media.fi\/ita-hame\/ilmestymispaivat\/#breadcrumb\"},\"inLanguage\":\"fi\",\"potentialAction\":[{\"@type\":\"ReadAction\",\"target\":[\"https:\/\/oma.media.fi\/ita-hame\/ilmestymispaivat\/\"]}]},{\"@type\":\"BreadcrumbList\",\"@id\":\"https:\/\/oma.media.fi\/ita-hame\/ilmestymispaivat\/#breadcrumb\",\"itemListElement\":[{\"@type\":\"ListItem\",\"position\":1,\"name\":\"Etusivu\",\"item\":\"https:\/\/oma.media.fi\/ita-hame\/\"},{\"@type\":\"ListItem\",\"position\":2,\"name\":\"Ilmestymisp\u00e4iv\u00e4t\"}]},{\"@type\":\"WebSite\",\"@id\":\"https:\/\/oma.media.fi\/ita-hame\/#website\",\"url\":\"https:\/\/oma.media.fi\/ita-hame\/\",\"name\":\"It\u00e4-H\u00e4me\",\"description\":\"\",\"potentialAction\":[{\"@type\":\"SearchAction\",\"target\":{\"@type\":\"EntryPoint\",\"urlTemplate\":\"https:\/\/oma.media.fi\/ita-hame\/?s={search_term_string}\"},\"query-input\":{\"@type\":\"PropertyValueSpecification\",\"valueRequired\":true,\"valueName\":\"search_term_string\"}}],\"inLanguage\":\"fi\"}]}<\/script>\n<!-- \/ Yoast SEO plugin. -->","yoast_head_json":{"title":"It\u00e4-H\u00e4meen ilmestymisp\u00e4iv\u00e4t - It\u00e4-H\u00e4me \/ Asiakaspalvelu","description":"It\u00e4-H\u00e4meen ilmestymisp\u00e4iv\u00e4t ovat maanantaista tiistaihin sek\u00e4 torstaista lauantaihin. It\u00e4-H\u00e4me ei ilmesty keskiviikkoisin ja sunnuntaisin.","robots":{"index":"index","follow":"follow","max-snippet":"max-snippet:-1","max-image-preview":"max-image-preview:large","max-video-preview":"max-video-preview:-1"},"canonical":"https:\/\/oma.media.fi\/ita-hame\/ilmestymispaivat\/","og_locale":"fi_FI","og_type":"article","og_title":"Ilmestymisp\u00e4iv\u00e4t","og_description":"It\u00e4-H\u00e4meen ilmestymisp\u00e4iv\u00e4t ovat maanantaista tiistaihin sek\u00e4 torstaista lauantaihin. It\u00e4-H\u00e4me ei ilmesty keskiviikkoisin ja sunnuntaisin.","og_url":"https:\/\/oma.media.fi\/ita-hame\/ilmestymispaivat\/","og_site_name":"It\u00e4-H\u00e4me","article_modified_time":"2026-01-07T08:44:46+00:00","twitter_card":"summary_large_image","twitter_misc":{"Arvioitu lukuaika":"1 minuutti"},"schema":{"@context":"https:\/\/schema.org","@graph":[{"@type":"WebPage","@id":"https:\/\/oma.media.fi\/ita-hame\/ilmestymispaivat\/","url":"https:\/\/oma.media.fi\/ita-hame\/ilmestymispaivat\/","name":"It\u00e4-H\u00e4meen ilmestymisp\u00e4iv\u00e4t - It\u00e4-H\u00e4me \/ Asiakaspalvelu","isPartOf":{"@id":"https:\/\/oma.media.fi\/ita-hame\/#website"},"datePublished":"2018-11-19T12:06:34+00:00","dateModified":"2026-01-07T08:44:46+00:00","description":"It\u00e4-H\u00e4meen ilmestymisp\u00e4iv\u00e4t ovat maanantaista tiistaihin sek\u00e4 torstaista lauantaihin. It\u00e4-H\u00e4me ei ilmesty keskiviikkoisin ja sunnuntaisin.","breadcrumb":{"@id":"https:\/\/oma.media.fi\/ita-hame\/ilmestymispaivat\/#breadcrumb"},"inLanguage":"fi","potentialAction":[{"@type":"ReadAction","target":["https:\/\/oma.media.fi\/ita-hame\/ilmestymispaivat\/"]}]},{"@type":"BreadcrumbList","@id":"https:\/\/oma.media.fi\/ita-hame\/ilmestymispaivat\/#breadcrumb","itemListElement":[{"@type":"ListItem","position":1,"name":"Etusivu","item":"https:\/\/oma.media.fi\/ita-hame\/"},{"@type":"ListItem","position":2,"name":"Ilmestymisp\u00e4iv\u00e4t"}]},{"@type":"WebSite","@id":"https:\/\/oma.media.fi\/ita-hame\/#website","url":"https:\/\/oma.media.fi\/ita-hame\/","name":"It\u00e4-H\u00e4me","description":"","potentialAction":[{"@type":"SearchAction","target":{"@type":"EntryPoint","urlTemplate":"https:\/\/oma.media.fi\/ita-hame\/?s={search_term_string}"},"query-input":{"@type":"PropertyValueSpecification","valueRequired":true,"valueName":"search_term_string"}}],"inLanguage":"fi"}]}},"publishpress_future_action":{"enabled":false,"date":"2026-05-12 18:32:23","action":"change-status","newStatus":"draft","terms":[],"taxonomy":"","extraData":[]},"publishpress_future_workflow_manual_trigger":{"enabledWorkflows":[]},"_links":{"self":[{"href":"https:\/\/oma.media.fi\/ita-hame\/wp-json\/wp\/v2\/pages\/543","targetHints":{"allow":["GET"]}}],"collection":[{"href":"https:\/\/oma.media.fi\/ita-hame\/wp-json\/wp\/v2\/pages"}],"about":[{"href":"https:\/\/oma.media.fi\/ita-hame\/wp-json\/wp\/v2\/types\/page"}],"author":[{"embeddable":true,"href":"https:\/\/oma.media.fi\/ita-hame\/wp-json\/wp\/v2\/users\/1"}],"replies":[{"embeddable":true,"href":"https:\/\/oma.media.fi\/ita-hame\/wp-json\/wp\/v2\/comments?post=543"}],"version-history":[{"count":33,"href":"https:\/\/oma.media.fi\/ita-hame\/wp-json\/wp\/v2\/pages\/543\/revisions"}],"predecessor-version":[{"id":19690,"href":"https:\/\/oma.media.fi\/ita-hame\/wp-json\/wp\/v2\/pages\/543\/revisions\/19690"}],"wp:attachment":[{"href":"https:\/\/oma.media.fi\/ita-hame\/wp-json\/wp\/v2\/media?parent=543"}],"curies":[{"name":"wp","href":"https:\/\/api.w.org\/{rel}","templated":true}]}}