{"id":106,"date":"2018-10-17T12:17:59","date_gmt":"2018-10-17T10:17:59","guid":{"rendered":"https:\/\/oma.media.fi\/ita-savo\/yhteystiedot\/"},"modified":"2026-04-13T11:59:09","modified_gmt":"2026-04-13T08:59:09","slug":"yhteystiedot","status":"publish","type":"page","link":"https:\/\/oma.media.fi\/ita-savo\/yhteystiedot\/","title":{"rendered":"Yhteystiedot"},"content":{"rendered":"<h2>Tilaukset<\/h2>\n<p>Digipalvelut, osoitteenmuutokset, jakelunkeskeytykset, asiakastietojen muutokset<br \/>\nsek\u00e4 tilauslaskut ja muut tilauksiin liittyv\u00e4t asiat.<\/p>\n<p><a href=\"https:\/\/oma.media.fi\/ita-savo\/\" target=\"_blank\" rel=\"noopener\"><strong>Asiakaspalvelua verkossa 24\/7<\/strong><\/a><\/p>\n<h2>Lukijailmoitukset<\/h2>\n<p>J\u00e4rjest\u00f6ilmoitukset, luokitellut ilmoitukset, perheilmoitukset, kuolinilmoitukset ja surukiitokset<\/p>\n<p><strong>J\u00e4t\u00e4 ilmoitus 24\/7 <\/strong><a href=\"https:\/\/oma.media.fi\/ita-savo\/ilmoita\/\" target=\"_blank\" rel=\"noopener\"><strong>ita-savo.fi\/ilmoita<\/strong><\/a><\/p>\n<h2>Asiakaspalvelu<\/h2>\n<p>Tilauksiin ja lukijailmoituksiin liittyv\u00e4t asiat.<\/p>\n<p><strong>Puhelinpalvelu\u00a0<\/strong>014 622 133<br \/>\nAvoinna: ma-pe klo 8.00-18.00<\/p>\n<p>Tallennamme puhelut asiakaspalvelutapahtumien varmentamiseksi<br \/>\nsek\u00e4 asiakaspalvelun koulutusta varten. Puhelun hinta mpm\/pvm, jonotus on maksullista.<\/p>\n<p><a class=\"button\" href=\"https:\/\/oma.media.fi\/ita-savo\/yhteystiedot\/ota-yhteytta\/\">Ota yhteytt\u00e4 asiakaspalveluun<\/a><\/p>\n<h2><strong>Jakelu, jakeluh\u00e4iri\u00f6t ja puuttuvat lehdet<\/strong><\/h2>\n<p><strong>Mik\u00e4li Sinulla on ongelmia lehden varhaisjakelussa, jakelup\u00e4ivystys palvelee sinua seuraavasti:<\/strong><\/p>\n<p>ma-pe\u00a0 6.30-16.00, la-su 6.30-12.00<br \/>\npuhelin 0200 220 20 (pvm\/mpm), jonotus on maksullista<\/p>\n<p>Varhaisjakelu toimittaa puuttuneen lehden seuraavan aamun jakelussa.<\/p>\n<p><a class=\"button\" href=\"https:\/\/oma.media.fi\/ita-savo\/yhteystiedot\/jakelupalaute\/\">Anna jakelupalautetta<\/a><\/p>\n<h2><strong>Toimitus<\/strong><\/h2>\n<p>Olavinkatu 60, 57100 Savonlinna<\/p>\n<p>Uutisp\u00e4ivystys ma-pe 8\u201322.30, la ja su 13\u201322.30<br \/>\np. 050 387 0761<\/p>\n<p>Uutisvinkit tai -kuvat WhatsAppilla: 050 387 0761.<\/p>\n<p>S\u00e4hk\u00f6posti: <a href=\"&#x6d;&#x61;&#x69;&#x6c;&#x74;&#x6f;&#58;&#117;&#117;&#116;iset&#x40;&#x69;&#x74;&#x61;&#x2d;&#x73;&#97;&#118;&#111;&#46;&#102;i\">&#117;&#x75;t&#105;&#x73;&#101;&#x74;&#64;&#105;&#x74;a&#x2d;&#x73;&#97;&#x76;o&#46;&#x66;i<\/a><\/p>\n<p>Mielipideaineisto: <a href=\"&#x6d;&#97;&#105;&#x6c;&#x74;&#111;&#58;&#x6d;&#x69;&#101;&#108;&#x69;&#x70;&#105;&#100;&#x65;&#x40;&#105;&#116;&#x61;&#x2d;&#115;&#97;&#x76;&#x6f;&#46;&#102;&#x69;\">&#x6d;&#x69;&#101;&#108;i&#x70;&#x69;&#x64;&#101;&#64;i&#x74;&#x61;&#x2d;&#115;&#97;v&#x6f;&#x2e;&#x66;&#105;<\/a><\/p>\n<p>Vastaava p\u00e4\u00e4toimittaja Jaana Rautio-Teijonmaa p. 044 751 7431<\/p>\n<p>Henkil\u00f6kohtaiset s\u00e4hk\u00f6postit: &#101;&#x74;&#117;&#x6e;&#105;&#x6d;i&#x2e;s&#117;&#x6b;&#117;&#x6e;&#105;&#x6d;i&#x40;i&#116;&#x61;&#45;&#x73;&#97;&#x76;&#111;&#x2e;f&#x69;<\/p>\n<p><a href=\"https:\/\/oma.media.fi\/ita-savo\/toimituksen-yhteystiedot\">Toimituksen yhteystiedot<\/a><\/p>\n<p><a class=\"button\" href=\"https:\/\/oma.media.fi\/ita-savo\/yhteystiedot\/juttuvinkki\/\" target=\"_blank\" rel=\"noopener\">L\u00e4het\u00e4 juttuvinkki<\/a><\/p>\n<p>Kaikki sis\u00e4ll\u00f6t voidaan julkaista kaikissa Mediakonserni Keskisuomalaisen medioissa.<\/p>\n<h2>Medialaskutus<\/h2>\n<p>Ilmoituslaskut<br \/>\np. 09 2730 0230 (pvm\/mpm), ma-pe 9.00-14.00<br \/>\n<a href=\"&#109;a&#x69;l&#x74;o&#x3a;&#108;&#x61;&#115;&#x6b;&#117;t&#x75;s&#x2e;k&#x65;&#115;&#x6b;&#105;&#x73;&#117;&#x6f;&#109;a&#x6c;a&#x69;n&#x65;&#110;&#x6d;&#101;&#x64;&#105;&#x61;&#64;m&#x65;d&#x69;a&#x2e;&#102;&#x69;\">&#x6c;&#x61;&#115;k&#x75;&#x74;&#117;&#115;&#46;&#x6b;&#x65;&#115;&#107;i&#x73;&#x75;&#111;ma&#x6c;&#x61;&#105;n&#x65;&#x6e;&#109;&#101;d&#x69;&#x61;&#64;&#109;e&#x64;&#x69;&#97;&#46;f&#x69;<\/a><\/p>\n<h2>Mediamyynti<\/h2>\n<p>Mediamyynnin yhteystiedot l\u00f6yd\u00e4t <a href=\"https:\/\/www.meks.fi\/kaakko\/\">mediamyynnin sivuilta<\/a><\/p>\n<h2>Palautetta<\/h2>\n<p><a class=\"button\" href=\"https:\/\/oma.media.fi\/ita-savo\/yhteystiedot\/anna-palautetta\/\">Anna palautetta<\/a><\/p>\n","protected":false},"excerpt":{"rendered":"<p>Tilaukset Digipalvelut, osoitteenmuutokset, jakelunkeskeytykset, asiakastietojen muutokset sek\u00e4 tilauslaskut ja muut tilauksiin liittyv\u00e4t asiat. Asiakaspalvelua verkossa 24\/7 Lukijailmoitukset J\u00e4rjest\u00f6ilmoitukset, luokitellut ilmoitukset, perheilmoitukset, kuolinilmoitukset ja surukiitokset J\u00e4t\u00e4 ilmoitus 24\/7 ita-savo.fi\/ilmoita Asiakaspalvelu Tilauksiin ja lukijailmoituksiin liittyv\u00e4t asiat. Puhelinpalvelu\u00a0014 622 133 Avoinna: ma-pe klo 8.00-18.00 Tallennamme puhelut asiakaspalvelutapahtumien varmentamiseksi sek\u00e4 asiakaspalvelun koulutusta varten. Puhelun hinta mpm\/pvm, jonotus on maksullista. [&hellip;]<\/p>\n","protected":false},"author":1,"featured_media":0,"parent":0,"menu_order":0,"comment_status":"closed","ping_status":"closed","template":"","meta":{"_acf_changed":false,"footnotes":""},"class_list":["post-106","page","type-page","status-publish","hentry"],"acf":[],"yoast_head":"<!-- This site is optimized with the Yoast SEO plugin v26.2 - https:\/\/yoast.com\/wordpress\/plugins\/seo\/ -->\n<title>Yhteystiedot - It\u00e4-Savo<\/title>\n<meta name=\"description\" content=\"Etsitk\u00f6 yhteystietoja vai haluatko antaa palautetta? Mediatalo Keskisuomalaisen asiakaspalveluiden yhteystiedot, palautekanavat ja juttuvinkit.\" \/>\n<meta name=\"robots\" content=\"index, follow, max-snippet:-1, max-image-preview:large, max-video-preview:-1\" \/>\n<link rel=\"canonical\" href=\"https:\/\/oma.media.fi\/ita-savo\/yhteystiedot\/\" \/>\n<meta property=\"og:locale\" content=\"fi_FI\" \/>\n<meta property=\"og:type\" content=\"article\" \/>\n<meta property=\"og:title\" content=\"Yhteystiedot\" \/>\n<meta property=\"og:description\" content=\"Etsitk\u00f6 yhteystietoja vai haluatko antaa palautetta? Mediatalo Keskisuomalaisen asiakaspalveluiden yhteystiedot, palautekanavat ja juttuvinkit.\" \/>\n<meta property=\"og:url\" content=\"https:\/\/oma.media.fi\/ita-savo\/yhteystiedot\/\" \/>\n<meta property=\"og:site_name\" content=\"It\u00e4-Savo\" \/>\n<meta property=\"article:modified_time\" content=\"2026-04-13T08:59:09+00:00\" \/>\n<meta name=\"twitter:card\" content=\"summary_large_image\" \/>\n<meta name=\"twitter:label1\" content=\"Arvioitu lukuaika\" \/>\n\t<meta name=\"twitter:data1\" content=\"2 minuuttia\" \/>\n<script type=\"application\/ld+json\" class=\"yoast-schema-graph\">{\"@context\":\"https:\/\/schema.org\",\"@graph\":[{\"@type\":\"WebPage\",\"@id\":\"https:\/\/oma.media.fi\/ita-savo\/yhteystiedot\/\",\"url\":\"https:\/\/oma.media.fi\/ita-savo\/yhteystiedot\/\",\"name\":\"Yhteystiedot - It\u00e4-Savo\",\"isPartOf\":{\"@id\":\"https:\/\/oma.media.fi\/ita-savo\/#website\"},\"datePublished\":\"2018-10-17T10:17:59+00:00\",\"dateModified\":\"2026-04-13T08:59:09+00:00\",\"description\":\"Etsitk\u00f6 yhteystietoja vai haluatko antaa palautetta? Mediatalo Keskisuomalaisen asiakaspalveluiden yhteystiedot, palautekanavat ja juttuvinkit.\",\"breadcrumb\":{\"@id\":\"https:\/\/oma.media.fi\/ita-savo\/yhteystiedot\/#breadcrumb\"},\"inLanguage\":\"fi\",\"potentialAction\":[{\"@type\":\"ReadAction\",\"target\":[\"https:\/\/oma.media.fi\/ita-savo\/yhteystiedot\/\"]}]},{\"@type\":\"BreadcrumbList\",\"@id\":\"https:\/\/oma.media.fi\/ita-savo\/yhteystiedot\/#breadcrumb\",\"itemListElement\":[{\"@type\":\"ListItem\",\"position\":1,\"name\":\"Etusivu\",\"item\":\"https:\/\/oma.media.fi\/ita-savo\/\"},{\"@type\":\"ListItem\",\"position\":2,\"name\":\"Yhteystiedot\"}]},{\"@type\":\"WebSite\",\"@id\":\"https:\/\/oma.media.fi\/ita-savo\/#website\",\"url\":\"https:\/\/oma.media.fi\/ita-savo\/\",\"name\":\"It\u00e4-Savo\",\"description\":\"\",\"potentialAction\":[{\"@type\":\"SearchAction\",\"target\":{\"@type\":\"EntryPoint\",\"urlTemplate\":\"https:\/\/oma.media.fi\/ita-savo\/?s={search_term_string}\"},\"query-input\":{\"@type\":\"PropertyValueSpecification\",\"valueRequired\":true,\"valueName\":\"search_term_string\"}}],\"inLanguage\":\"fi\"}]}<\/script>\n<!-- \/ Yoast SEO plugin. -->","yoast_head_json":{"title":"Yhteystiedot - It\u00e4-Savo","description":"Etsitk\u00f6 yhteystietoja vai haluatko antaa palautetta? Mediatalo Keskisuomalaisen asiakaspalveluiden yhteystiedot, palautekanavat ja juttuvinkit.","robots":{"index":"index","follow":"follow","max-snippet":"max-snippet:-1","max-image-preview":"max-image-preview:large","max-video-preview":"max-video-preview:-1"},"canonical":"https:\/\/oma.media.fi\/ita-savo\/yhteystiedot\/","og_locale":"fi_FI","og_type":"article","og_title":"Yhteystiedot","og_description":"Etsitk\u00f6 yhteystietoja vai haluatko antaa palautetta? Mediatalo Keskisuomalaisen asiakaspalveluiden yhteystiedot, palautekanavat ja juttuvinkit.","og_url":"https:\/\/oma.media.fi\/ita-savo\/yhteystiedot\/","og_site_name":"It\u00e4-Savo","article_modified_time":"2026-04-13T08:59:09+00:00","twitter_card":"summary_large_image","twitter_misc":{"Arvioitu lukuaika":"2 minuuttia"},"schema":{"@context":"https:\/\/schema.org","@graph":[{"@type":"WebPage","@id":"https:\/\/oma.media.fi\/ita-savo\/yhteystiedot\/","url":"https:\/\/oma.media.fi\/ita-savo\/yhteystiedot\/","name":"Yhteystiedot - It\u00e4-Savo","isPartOf":{"@id":"https:\/\/oma.media.fi\/ita-savo\/#website"},"datePublished":"2018-10-17T10:17:59+00:00","dateModified":"2026-04-13T08:59:09+00:00","description":"Etsitk\u00f6 yhteystietoja vai haluatko antaa palautetta? Mediatalo Keskisuomalaisen asiakaspalveluiden yhteystiedot, palautekanavat ja juttuvinkit.","breadcrumb":{"@id":"https:\/\/oma.media.fi\/ita-savo\/yhteystiedot\/#breadcrumb"},"inLanguage":"fi","potentialAction":[{"@type":"ReadAction","target":["https:\/\/oma.media.fi\/ita-savo\/yhteystiedot\/"]}]},{"@type":"BreadcrumbList","@id":"https:\/\/oma.media.fi\/ita-savo\/yhteystiedot\/#breadcrumb","itemListElement":[{"@type":"ListItem","position":1,"name":"Etusivu","item":"https:\/\/oma.media.fi\/ita-savo\/"},{"@type":"ListItem","position":2,"name":"Yhteystiedot"}]},{"@type":"WebSite","@id":"https:\/\/oma.media.fi\/ita-savo\/#website","url":"https:\/\/oma.media.fi\/ita-savo\/","name":"It\u00e4-Savo","description":"","potentialAction":[{"@type":"SearchAction","target":{"@type":"EntryPoint","urlTemplate":"https:\/\/oma.media.fi\/ita-savo\/?s={search_term_string}"},"query-input":{"@type":"PropertyValueSpecification","valueRequired":true,"valueName":"search_term_string"}}],"inLanguage":"fi"}]}},"publishpress_future_action":{"enabled":false,"date":"2026-04-26 09:47:11","action":"change-status","newStatus":"draft","terms":[],"taxonomy":"","extraData":[]},"publishpress_future_workflow_manual_trigger":{"enabledWorkflows":[]},"_links":{"self":[{"href":"https:\/\/oma.media.fi\/ita-savo\/wp-json\/wp\/v2\/pages\/106","targetHints":{"allow":["GET"]}}],"collection":[{"href":"https:\/\/oma.media.fi\/ita-savo\/wp-json\/wp\/v2\/pages"}],"about":[{"href":"https:\/\/oma.media.fi\/ita-savo\/wp-json\/wp\/v2\/types\/page"}],"author":[{"embeddable":true,"href":"https:\/\/oma.media.fi\/ita-savo\/wp-json\/wp\/v2\/users\/1"}],"replies":[{"embeddable":true,"href":"https:\/\/oma.media.fi\/ita-savo\/wp-json\/wp\/v2\/comments?post=106"}],"version-history":[{"count":49,"href":"https:\/\/oma.media.fi\/ita-savo\/wp-json\/wp\/v2\/pages\/106\/revisions"}],"predecessor-version":[{"id":8204,"href":"https:\/\/oma.media.fi\/ita-savo\/wp-json\/wp\/v2\/pages\/106\/revisions\/8204"}],"wp:attachment":[{"href":"https:\/\/oma.media.fi\/ita-savo\/wp-json\/wp\/v2\/media?parent=106"}],"curies":[{"name":"wp","href":"https:\/\/api.w.org\/{rel}","templated":true}]}}