{"id":500,"date":"2019-02-07T16:02:44","date_gmt":"2019-02-07T14:02:44","guid":{"rendered":"https:\/\/oma.media.fi\/juvan-lehti\/tilauslaskutus\/suoramaksu\/"},"modified":"2019-02-07T16:02:44","modified_gmt":"2019-02-07T14:02:44","slug":"suoramaksu","status":"publish","type":"page","link":"https:\/\/oma.media.fi\/juvan-lehti\/tilauslaskutus\/suoramaksu\/","title":{"rendered":"Suoramaksu"},"content":{"rendered":"<p style=\"text-align: left;\"><strong><a href=\"https:\/\/oma.media.fi\/juvan-lehti\/wp-content\/uploads\/sites\/31\/2019\/12\/32965383-businessperson-shaking-hand-with-partner.jpg\"><img loading=\"lazy\" decoding=\"async\" class=\"wp-image-501 alignright\" src=\"https:\/\/oma.media.fi\/juvan-lehti\/wp-content\/uploads\/sites\/31\/2019\/12\/32965383-businessperson-shaking-hand-with-partner.jpg\" alt=\"Tee suoramaksusopimus pankkisi kanssa\" width=\"312\" height=\"208\" srcset=\"https:\/\/oma.media.fi\/juvan-lehti\/wp-content\/uploads\/sites\/31\/2019\/12\/32965383-businessperson-shaking-hand-with-partner.jpg 800w, https:\/\/oma.media.fi\/juvan-lehti\/wp-content\/uploads\/sites\/31\/2019\/12\/32965383-businessperson-shaking-hand-with-partner-300x200.jpg 300w, https:\/\/oma.media.fi\/juvan-lehti\/wp-content\/uploads\/sites\/31\/2019\/12\/32965383-businessperson-shaking-hand-with-partner-768x512.jpg 768w, https:\/\/oma.media.fi\/juvan-lehti\/wp-content\/uploads\/sites\/31\/2019\/12\/32965383-businessperson-shaking-hand-with-partner-600x400.jpg 600w\" sizes=\"auto, (max-width: 312px) 100vw, 312px\" \/><\/a>Suoramaksu on verkkopankittoman maksajan maksutapa<\/strong>, eli se sopii sinulle joka et k\u00e4yt\u00e4 verkkopankkia. Voit tehd\u00e4 suoramaksusopimuksen\u00a0<strong>omassa pankkikonttorissasi.\u00a0<\/strong>Suoramaksussa sovit pankin kanssa automaattisesta laskun maksusta, jolloin pankki veloittaa laskun summan tililt\u00e4si er\u00e4p\u00e4iv\u00e4n\u00e4 automaattisesti. Saat meilt\u00e4 kotiisi aina ennakkoon ilmoituksen suoramaksuna veloitettavasta tilausmaksusta, mutta sinun ei tarvitse itse k\u00e4yd\u00e4 maksamassa laskua. Suoramaksusopimuksen teon yhteydess\u00e4 k\u00e4yt\u00e4 tunnisteena asiakasnumeroasi, jonka l\u00f6yd\u00e4t uusimmasta tilauslaskusta tai l\u00e4hett\u00e4m\u00e4ll\u00e4 tekstiviestin ASIAKASNUMERO numeroon 13520 (viestin hinta 0,25 \u20ac). Muutokset suoramaksu-sopimukseen tehd\u00e4\u00e4n omassa pankissasi.<\/p>\n<h3><strong>Miten suoramaksu toimii? <\/strong><\/h3>\n<ul>\n<li>Tee suoramaksusopimus <strong>omassa pankkikonttorissasi<\/strong>. Suoramaksu-sopimusta varten ota pankkiin mukaan viimeisin laskusi, josta pankki saa kaikki tarvittavat tiedot onnistuneeseen suoramaksun kytkent\u00e4\u00e4n.<\/li>\n<li>Tieto suoramaksusopimuksesta siirtyy meille viikon sis\u00e4ll\u00e4 valtuutuksen teosta pankista riippuen.<\/li>\n<li>Saat meilt\u00e4 paperi-ilmoituksen er\u00e4p\u00e4iv\u00e4n\u00e4 veloitettavasta maksusta.<\/li>\n<li>L\u00e4het\u00e4mme pankkiin laskusta s\u00e4hk\u00f6isen kopion, jonka perusteella maksusi hoidetaan pankista automaattisesti.<\/li>\n<li>Suoramaksuna maksettavan laskun summaa, er\u00e4p\u00e4iv\u00e4\u00e4 tai tilinumeroa ei voi itse muuttaa. <strong>Jos sinun t\u00e4ytyy muuttaa laskusi er\u00e4p\u00e4iv\u00e4\u00e4, tulee siit\u00e4 ilmoittaa sek\u00e4 <a href=\"https:\/\/oma.media.fi\/yhteystiedot\/ota-yhteytta\/\">lehdelle<\/a> ett\u00e4 pankkiin.<\/strong> Emme voi tehd\u00e4 muutoksia laskun sis\u00e4lt\u00f6\u00f6n sen j\u00e4lkeen, kun lasku on l\u00e4htenyt meilt\u00e4 pankkiin, koska kyseess\u00e4 on asiakkaan ja pankin v\u00e4linen sopimus.<\/li>\n<\/ul>\n","protected":false},"excerpt":{"rendered":"<p>Suoramaksu on verkkopankittoman maksajan maksutapa, eli se sopii sinulle joka et k\u00e4yt\u00e4 verkkopankkia. Voit tehd\u00e4 suoramaksusopimuksen\u00a0omassa pankkikonttorissasi.\u00a0Suoramaksussa sovit pankin kanssa automaattisesta laskun maksusta, jolloin pankki veloittaa laskun summan tililt\u00e4si er\u00e4p\u00e4iv\u00e4n\u00e4 automaattisesti. Saat meilt\u00e4 kotiisi aina ennakkoon ilmoituksen suoramaksuna veloitettavasta tilausmaksusta, mutta sinun ei tarvitse itse k\u00e4yd\u00e4 maksamassa laskua. Suoramaksusopimuksen teon yhteydess\u00e4 k\u00e4yt\u00e4 tunnisteena asiakasnumeroasi, jonka [&hellip;]<\/p>\n","protected":false},"author":1,"featured_media":0,"parent":35,"menu_order":0,"comment_status":"closed","ping_status":"closed","template":"","meta":{"_acf_changed":false,"footnotes":""},"class_list":["post-500","page","type-page","status-publish","hentry"],"acf":[],"yoast_head":"<!-- This site is optimized with the Yoast SEO plugin v26.2 - https:\/\/yoast.com\/wordpress\/plugins\/seo\/ -->\n<title>Suoramaksu - Juvan Lehti<\/title>\n<meta name=\"description\" content=\"Tilauslasku suoramaksuna on maksutonta. Suoramaksusopimus tehd\u00e4\u00e4n omassa pankkikonttorissa.\u00a0Pankki veloittaa laskun tililt\u00e4si er\u00e4p\u00e4iv\u00e4n\u00e4 automaattisesti.\" \/>\n<meta name=\"robots\" content=\"index, follow, max-snippet:-1, max-image-preview:large, max-video-preview:-1\" \/>\n<link rel=\"canonical\" href=\"https:\/\/oma.media.fi\/juvan-lehti\/tilauslaskutus\/suoramaksu\/\" \/>\n<meta property=\"og:locale\" content=\"fi_FI\" \/>\n<meta property=\"og:type\" content=\"article\" \/>\n<meta property=\"og:title\" content=\"Suoramaksu\" \/>\n<meta property=\"og:description\" content=\"Tilauslasku suoramaksuna on maksutonta. Suoramaksusopimus tehd\u00e4\u00e4n omassa pankkikonttorissa.\u00a0Pankki veloittaa laskun tililt\u00e4si er\u00e4p\u00e4iv\u00e4n\u00e4 automaattisesti.\" \/>\n<meta property=\"og:url\" content=\"https:\/\/oma.media.fi\/juvan-lehti\/tilauslaskutus\/suoramaksu\/\" \/>\n<meta property=\"og:site_name\" content=\"Juvan Lehti\" \/>\n<meta property=\"og:image\" content=\"https:\/\/oma.media.fi\/juvan-lehti\/wp-content\/uploads\/sites\/31\/2019\/12\/32965383-businessperson-shaking-hand-with-partner.jpg\" \/>\n<meta name=\"twitter:card\" content=\"summary_large_image\" \/>\n<meta name=\"twitter:label1\" content=\"Arvioitu lukuaika\" \/>\n\t<meta name=\"twitter:data1\" content=\"1 minuutti\" \/>\n<script type=\"application\/ld+json\" class=\"yoast-schema-graph\">{\"@context\":\"https:\/\/schema.org\",\"@graph\":[{\"@type\":\"WebPage\",\"@id\":\"https:\/\/oma.media.fi\/juvan-lehti\/tilauslaskutus\/suoramaksu\/\",\"url\":\"https:\/\/oma.media.fi\/juvan-lehti\/tilauslaskutus\/suoramaksu\/\",\"name\":\"Suoramaksu - Juvan Lehti\",\"isPartOf\":{\"@id\":\"https:\/\/oma.media.fi\/juvan-lehti\/#website\"},\"primaryImageOfPage\":{\"@id\":\"https:\/\/oma.media.fi\/juvan-lehti\/tilauslaskutus\/suoramaksu\/#primaryimage\"},\"image\":{\"@id\":\"https:\/\/oma.media.fi\/juvan-lehti\/tilauslaskutus\/suoramaksu\/#primaryimage\"},\"thumbnailUrl\":\"https:\/\/oma.media.fi\/juvan-lehti\/wp-content\/uploads\/sites\/31\/2019\/12\/32965383-businessperson-shaking-hand-with-partner.jpg\",\"datePublished\":\"2019-02-07T14:02:44+00:00\",\"description\":\"Tilauslasku suoramaksuna on maksutonta. Suoramaksusopimus tehd\u00e4\u00e4n omassa pankkikonttorissa.\u00a0Pankki veloittaa laskun tililt\u00e4si er\u00e4p\u00e4iv\u00e4n\u00e4 automaattisesti.\",\"breadcrumb\":{\"@id\":\"https:\/\/oma.media.fi\/juvan-lehti\/tilauslaskutus\/suoramaksu\/#breadcrumb\"},\"inLanguage\":\"fi\",\"potentialAction\":[{\"@type\":\"ReadAction\",\"target\":[\"https:\/\/oma.media.fi\/juvan-lehti\/tilauslaskutus\/suoramaksu\/\"]}]},{\"@type\":\"ImageObject\",\"inLanguage\":\"fi\",\"@id\":\"https:\/\/oma.media.fi\/juvan-lehti\/tilauslaskutus\/suoramaksu\/#primaryimage\",\"url\":\"https:\/\/oma.media.fi\/juvan-lehti\/wp-content\/uploads\/sites\/31\/2019\/12\/32965383-businessperson-shaking-hand-with-partner.jpg\",\"contentUrl\":\"https:\/\/oma.media.fi\/juvan-lehti\/wp-content\/uploads\/sites\/31\/2019\/12\/32965383-businessperson-shaking-hand-with-partner.jpg\"},{\"@type\":\"BreadcrumbList\",\"@id\":\"https:\/\/oma.media.fi\/juvan-lehti\/tilauslaskutus\/suoramaksu\/#breadcrumb\",\"itemListElement\":[{\"@type\":\"ListItem\",\"position\":1,\"name\":\"Etusivu\",\"item\":\"https:\/\/oma.media.fi\/juvan-lehti\/\"},{\"@type\":\"ListItem\",\"position\":2,\"name\":\"Suoramaksu\"}]},{\"@type\":\"WebSite\",\"@id\":\"https:\/\/oma.media.fi\/juvan-lehti\/#website\",\"url\":\"https:\/\/oma.media.fi\/juvan-lehti\/\",\"name\":\"Juvan Lehti\",\"description\":\"\",\"potentialAction\":[{\"@type\":\"SearchAction\",\"target\":{\"@type\":\"EntryPoint\",\"urlTemplate\":\"https:\/\/oma.media.fi\/juvan-lehti\/?s={search_term_string}\"},\"query-input\":{\"@type\":\"PropertyValueSpecification\",\"valueRequired\":true,\"valueName\":\"search_term_string\"}}],\"inLanguage\":\"fi\"}]}<\/script>\n<!-- \/ Yoast SEO plugin. -->","yoast_head_json":{"title":"Suoramaksu - Juvan Lehti","description":"Tilauslasku suoramaksuna on maksutonta. Suoramaksusopimus tehd\u00e4\u00e4n omassa pankkikonttorissa.\u00a0Pankki veloittaa laskun tililt\u00e4si er\u00e4p\u00e4iv\u00e4n\u00e4 automaattisesti.","robots":{"index":"index","follow":"follow","max-snippet":"max-snippet:-1","max-image-preview":"max-image-preview:large","max-video-preview":"max-video-preview:-1"},"canonical":"https:\/\/oma.media.fi\/juvan-lehti\/tilauslaskutus\/suoramaksu\/","og_locale":"fi_FI","og_type":"article","og_title":"Suoramaksu","og_description":"Tilauslasku suoramaksuna on maksutonta. Suoramaksusopimus tehd\u00e4\u00e4n omassa pankkikonttorissa.\u00a0Pankki veloittaa laskun tililt\u00e4si er\u00e4p\u00e4iv\u00e4n\u00e4 automaattisesti.","og_url":"https:\/\/oma.media.fi\/juvan-lehti\/tilauslaskutus\/suoramaksu\/","og_site_name":"Juvan Lehti","og_image":[{"url":"https:\/\/oma.media.fi\/juvan-lehti\/wp-content\/uploads\/sites\/31\/2019\/12\/32965383-businessperson-shaking-hand-with-partner.jpg","type":"","width":"","height":""}],"twitter_card":"summary_large_image","twitter_misc":{"Arvioitu lukuaika":"1 minuutti"},"schema":{"@context":"https:\/\/schema.org","@graph":[{"@type":"WebPage","@id":"https:\/\/oma.media.fi\/juvan-lehti\/tilauslaskutus\/suoramaksu\/","url":"https:\/\/oma.media.fi\/juvan-lehti\/tilauslaskutus\/suoramaksu\/","name":"Suoramaksu - Juvan Lehti","isPartOf":{"@id":"https:\/\/oma.media.fi\/juvan-lehti\/#website"},"primaryImageOfPage":{"@id":"https:\/\/oma.media.fi\/juvan-lehti\/tilauslaskutus\/suoramaksu\/#primaryimage"},"image":{"@id":"https:\/\/oma.media.fi\/juvan-lehti\/tilauslaskutus\/suoramaksu\/#primaryimage"},"thumbnailUrl":"https:\/\/oma.media.fi\/juvan-lehti\/wp-content\/uploads\/sites\/31\/2019\/12\/32965383-businessperson-shaking-hand-with-partner.jpg","datePublished":"2019-02-07T14:02:44+00:00","description":"Tilauslasku suoramaksuna on maksutonta. Suoramaksusopimus tehd\u00e4\u00e4n omassa pankkikonttorissa.\u00a0Pankki veloittaa laskun tililt\u00e4si er\u00e4p\u00e4iv\u00e4n\u00e4 automaattisesti.","breadcrumb":{"@id":"https:\/\/oma.media.fi\/juvan-lehti\/tilauslaskutus\/suoramaksu\/#breadcrumb"},"inLanguage":"fi","potentialAction":[{"@type":"ReadAction","target":["https:\/\/oma.media.fi\/juvan-lehti\/tilauslaskutus\/suoramaksu\/"]}]},{"@type":"ImageObject","inLanguage":"fi","@id":"https:\/\/oma.media.fi\/juvan-lehti\/tilauslaskutus\/suoramaksu\/#primaryimage","url":"https:\/\/oma.media.fi\/juvan-lehti\/wp-content\/uploads\/sites\/31\/2019\/12\/32965383-businessperson-shaking-hand-with-partner.jpg","contentUrl":"https:\/\/oma.media.fi\/juvan-lehti\/wp-content\/uploads\/sites\/31\/2019\/12\/32965383-businessperson-shaking-hand-with-partner.jpg"},{"@type":"BreadcrumbList","@id":"https:\/\/oma.media.fi\/juvan-lehti\/tilauslaskutus\/suoramaksu\/#breadcrumb","itemListElement":[{"@type":"ListItem","position":1,"name":"Etusivu","item":"https:\/\/oma.media.fi\/juvan-lehti\/"},{"@type":"ListItem","position":2,"name":"Suoramaksu"}]},{"@type":"WebSite","@id":"https:\/\/oma.media.fi\/juvan-lehti\/#website","url":"https:\/\/oma.media.fi\/juvan-lehti\/","name":"Juvan Lehti","description":"","potentialAction":[{"@type":"SearchAction","target":{"@type":"EntryPoint","urlTemplate":"https:\/\/oma.media.fi\/juvan-lehti\/?s={search_term_string}"},"query-input":{"@type":"PropertyValueSpecification","valueRequired":true,"valueName":"search_term_string"}}],"inLanguage":"fi"}]}},"publishpress_future_action":{"enabled":false,"date":"2026-04-22 08:40:23","action":"change-status","newStatus":"draft","terms":[],"taxonomy":"","extraData":[]},"publishpress_future_workflow_manual_trigger":{"enabledWorkflows":[]},"_links":{"self":[{"href":"https:\/\/oma.media.fi\/juvan-lehti\/wp-json\/wp\/v2\/pages\/500","targetHints":{"allow":["GET"]}}],"collection":[{"href":"https:\/\/oma.media.fi\/juvan-lehti\/wp-json\/wp\/v2\/pages"}],"about":[{"href":"https:\/\/oma.media.fi\/juvan-lehti\/wp-json\/wp\/v2\/types\/page"}],"author":[{"embeddable":true,"href":"https:\/\/oma.media.fi\/juvan-lehti\/wp-json\/wp\/v2\/users\/1"}],"replies":[{"embeddable":true,"href":"https:\/\/oma.media.fi\/juvan-lehti\/wp-json\/wp\/v2\/comments?post=500"}],"version-history":[{"count":1,"href":"https:\/\/oma.media.fi\/juvan-lehti\/wp-json\/wp\/v2\/pages\/500\/revisions"}],"predecessor-version":[{"id":503,"href":"https:\/\/oma.media.fi\/juvan-lehti\/wp-json\/wp\/v2\/pages\/500\/revisions\/503"}],"up":[{"embeddable":true,"href":"https:\/\/oma.media.fi\/juvan-lehti\/wp-json\/wp\/v2\/pages\/35"}],"wp:attachment":[{"href":"https:\/\/oma.media.fi\/juvan-lehti\/wp-json\/wp\/v2\/media?parent=500"}],"curies":[{"name":"wp","href":"https:\/\/api.w.org\/{rel}","templated":true}]}}