{"id":9337,"date":"2023-02-02T11:21:38","date_gmt":"2023-02-02T09:21:38","guid":{"rendered":"https:\/\/oma.media.fi\/juvan-lehti\/?page_id=9337"},"modified":"2026-01-08T10:39:00","modified_gmt":"2026-01-08T08:39:00","slug":"asiakaspalveluidenyhteystiedot","status":"publish","type":"page","link":"https:\/\/oma.media.fi\/juvan-lehti\/yhteystiedot\/asiakaspalveluidenyhteystiedot\/","title":{"rendered":"Asiakaspalveluiden yhteystiedot"},"content":{"rendered":"<p>Katso alta asiakaspalvelumme palveluajat. Huomioithan, ett\u00e4 palveluaikojen sattuessa juhlapyhiin, voi niiss\u00e4 olla muutoksia.<\/p>\n<p><strong>Tiesith\u00e4n, ett\u00e4 jakelunkeskeytykset, osoitteenmuutokset sek\u00e4 omien tietojen p\u00e4ivitykset voit tehd\u00e4 my\u00f6s Mediatunnuksellasi verkossa. Lue lis\u00e4\u00e4 Mediatunnuksesta\u00a0<a href=\"https:\/\/oma.media.fi\/ess\/mediatunnukset\/\">t\u00e4st\u00e4<\/a>.<\/strong><\/p>\n<p><strong><u>ASIAKASPALVELU<\/u><\/strong><strong><br \/>\n<\/strong>(tilaukset ja lukijailmoitukset)<strong><br \/>\n<\/strong><br \/>\n<a href=\"https:\/\/oma.media.fi\/\"><strong>Asiakaspalvelua verkossa 24\/7<\/strong> <\/a>\u00a0(valitse ensin lehti)<br \/>\n<a href=\"https:\/\/oma.media.fi\/\"><strong>J\u00e4t\u00e4 ilmoitus 24\/7<\/strong><\/a> \u00a0(valitse lehti ja Ilmoitukset)<\/p>\n<p><strong>Puhelin:<\/strong> 014 622 133 ma-pe klo 8.00\u201318.00<br \/>\nTallennamme puhelut asiakaspalvelutapahtumien varmentamiseksi<br \/>\nsek\u00e4 asiakaspalvelun koulutusta varten. Puhelun hinta mpm\/pvm, jonotus on maksullista.<\/p>\n<p>Ota yhteytt\u00e4 <a href=\"https:\/\/oma.media.fi\/juvan-lehti\/yhteystiedot\/ota-yhteytta\/\"><strong>asiakaspalveluun<\/strong><\/a><\/p>\n<p><strong>Mediakonserni Keskisuomalaisen lehdet:<\/strong><\/p>\n<p>ETEL\u00c4-SUOM<strong>I<\/strong><strong><br \/>\nTilattavat lehdet:<\/strong> Aamuposti, Keski-Uusimaa, Lopen lehti, Loviisan Sanomat, L\u00e4nsi-Uusimaa, Sipoon Sanomat, Uusimaa<br \/>\n<strong>Kaupunkilehdet: <\/strong>Helsingin Uutiset, Karkkilalainen, L\u00e4nsiv\u00e4yl\u00e4, M\u00e4nts\u00e4l\u00e4n Uutiset, Nurmij\u00e4rven Uutiset, Pyht\u00e4\u00e4n Lehti, Tamperelainen, Vantaan Sanomat, Vihdin Uutiset<\/p>\n<p><strong><br \/>\n<\/strong><strong>KESKI-SUOMI, H\u00c4ME JA KYMENLAAKSO<br \/>\nTilattavat lehdet: <\/strong>Etel\u00e4-Suomen Sanomat, Forssan Lehti, Hankasalmen Sanomat, H\u00e4meen Sanomat, It\u00e4-H\u00e4me, Kaakonkulma, Kangasniemen Kunnallislehti, Keski-H\u00e4me, Keskilaakso, Keskisuomalainen, Kouvolan Sanomat, Kymen Sanomat, Laukaa-Konnevesi, Sampo, Sis\u00e4-Suomen Lehti, Viispiikkinen, Viitasaaren Seutu<br \/>\n<strong>Kaupunkilehdet: <\/strong>ESS Viikko, H\u00e4meenlinnan Kaupunkiuutiset, KS Keskiviikko, Pikkukaupunkilainen, Suur-Jyv\u00e4skyl\u00e4n lehti,<\/p>\n<p><strong><br \/>\nSAVO-KARJALA<\/strong><strong><br \/>\nTilattavat lehdet:<\/strong> Etel\u00e4-Saimaa, Hein\u00e4veden Lehti, Iisalmen Sanomat, It\u00e4-Savo, Joroisten Lehti, Juvan Lehti, Karjalainen, Koillis-Savo, Lieksan Lehti, Luum\u00e4en Lehti, L\u00e4nsi-Savo, L\u00e4nsi-Saimaan Sanomat, Matti Ja Liisa, Miilu, Outokummun Seutu, Paikallislehti Joutseno, Paikallislehti Sis\u00e4-Savo, Parikkalan-Rautj\u00e4rven Sanomat, Pieks\u00e4m\u00e4en Lehti, Pielavesi-Keitele, Pielisjokiseutu, Pit\u00e4j\u00e4l\u00e4inen, \u00a0Pit\u00e4j\u00e4nuutiset, Pogostan Sanomat, Puruvesi, Savon Sanomat, Soisalon Seutu, Uutis-Jousi, Uutisvuoksi, Warkauden Lehti, Yl\u00e4-Karjala<br \/>\n<strong>Kaupunkilehdet:<\/strong> ES Keskiviikko, Karjalan Heili, Mikkelin Kaupunkilehti, Viikkosavo<\/p>\n<p><strong><br \/>\nKAMUA HELSINKI OY<\/strong><br \/>\nAromi ja Evento<\/p>\n<p><strong>Asiakaspalvelu<\/strong><br \/>\n<strong>S\u00e4hk\u00f6posti:<\/strong> <a href=\"ma&#105;&#108;&#116;&#x6f;&#x3a;&#x74;&#x69;la&#117;&#107;&#115;&#x65;&#x74;&#x40;&#x6d;ed&#105;&#97;&#46;&#x66;&#x69;\">&#116;&#x69;&#108;&#x61;&#117;&#x6b;s&#x65;t&#x40;m&#101;&#x64;&#105;&#x61;&#46;&#x66;&#105;<\/a><br \/>\n<strong>Puhelin:<\/strong> 014 622 133 (pvm\/mpm) | ma-pe klo 8.00\u201318.00<\/p>\n<p>&nbsp;<\/p>\n","protected":false},"excerpt":{"rendered":"<p>Katso alta asiakaspalvelumme palveluajat. Huomioithan, ett\u00e4 palveluaikojen sattuessa juhlapyhiin, voi niiss\u00e4 olla muutoksia. Tiesith\u00e4n, ett\u00e4 jakelunkeskeytykset, osoitteenmuutokset sek\u00e4 omien tietojen p\u00e4ivitykset voit tehd\u00e4 my\u00f6s Mediatunnuksellasi verkossa. Lue lis\u00e4\u00e4 Mediatunnuksesta\u00a0t\u00e4st\u00e4. ASIAKASPALVELU (tilaukset ja lukijailmoitukset) Asiakaspalvelua verkossa 24\/7 \u00a0(valitse ensin lehti) J\u00e4t\u00e4 ilmoitus 24\/7 \u00a0(valitse lehti ja Ilmoitukset) Puhelin: 014 622 133 ma-pe klo 8.00\u201318.00 Tallennamme puhelut [&hellip;]<\/p>\n","protected":false},"author":3,"featured_media":9109,"parent":526,"menu_order":0,"comment_status":"closed","ping_status":"closed","template":"template-yhteystietojoukko.php","meta":{"_acf_changed":false,"footnotes":""},"class_list":["post-9337","page","type-page","status-publish","has-post-thumbnail","hentry"],"acf":[],"yoast_head":"<!-- This site is optimized with the Yoast SEO plugin v26.2 - https:\/\/yoast.com\/wordpress\/plugins\/seo\/ -->\n<title>Asiakaspalveluiden yhteystiedot - Juvan Lehti<\/title>\n<meta name=\"description\" content=\"Katso asiakaspalvelupisteiden yhteystiedot ja aukioloajat. Tervetuloa asioimaan henkil\u00f6kohtaisesti asiakaspalvelupisteiss\u00e4mme!\" \/>\n<meta name=\"robots\" content=\"index, follow, max-snippet:-1, max-image-preview:large, max-video-preview:-1\" \/>\n<link rel=\"canonical\" href=\"https:\/\/oma.media.fi\/juvan-lehti\/yhteystiedot\/asiakaspalveluidenyhteystiedot\/\" \/>\n<meta property=\"og:locale\" content=\"fi_FI\" \/>\n<meta property=\"og:type\" content=\"article\" \/>\n<meta property=\"og:title\" content=\"Asiakaspalveluiden yhteystiedot\" \/>\n<meta property=\"og:description\" content=\"Katso asiakaspalvelupisteiden yhteystiedot ja aukioloajat. Tervetuloa asioimaan henkil\u00f6kohtaisesti asiakaspalvelupisteiss\u00e4mme!\" \/>\n<meta property=\"og:url\" content=\"https:\/\/oma.media.fi\/juvan-lehti\/yhteystiedot\/asiakaspalveluidenyhteystiedot\/\" \/>\n<meta property=\"og:site_name\" content=\"Juvan Lehti\" \/>\n<meta property=\"article:modified_time\" content=\"2026-01-08T08:39:00+00:00\" \/>\n<meta property=\"og:image\" content=\"https:\/\/oma.media.fi\/juvan-lehti\/wp-content\/uploads\/sites\/31\/2022\/10\/chat_lasu.jpg\" \/>\n\t<meta property=\"og:image:width\" content=\"270\" \/>\n\t<meta property=\"og:image:height\" content=\"200\" \/>\n\t<meta property=\"og:image:type\" content=\"image\/jpeg\" \/>\n<meta name=\"twitter:card\" content=\"summary_large_image\" \/>\n<meta name=\"twitter:label1\" content=\"Arvioitu lukuaika\" \/>\n\t<meta name=\"twitter:data1\" content=\"2 minuuttia\" \/>\n<script type=\"application\/ld+json\" class=\"yoast-schema-graph\">{\"@context\":\"https:\/\/schema.org\",\"@graph\":[{\"@type\":\"WebPage\",\"@id\":\"https:\/\/oma.media.fi\/juvan-lehti\/yhteystiedot\/asiakaspalveluidenyhteystiedot\/\",\"url\":\"https:\/\/oma.media.fi\/juvan-lehti\/yhteystiedot\/asiakaspalveluidenyhteystiedot\/\",\"name\":\"Asiakaspalveluiden yhteystiedot - Juvan Lehti\",\"isPartOf\":{\"@id\":\"https:\/\/oma.media.fi\/juvan-lehti\/#website\"},\"primaryImageOfPage\":{\"@id\":\"https:\/\/oma.media.fi\/juvan-lehti\/yhteystiedot\/asiakaspalveluidenyhteystiedot\/#primaryimage\"},\"image\":{\"@id\":\"https:\/\/oma.media.fi\/juvan-lehti\/yhteystiedot\/asiakaspalveluidenyhteystiedot\/#primaryimage\"},\"thumbnailUrl\":\"https:\/\/oma.media.fi\/juvan-lehti\/wp-content\/uploads\/sites\/31\/2022\/10\/chat_lasu.jpg\",\"datePublished\":\"2023-02-02T09:21:38+00:00\",\"dateModified\":\"2026-01-08T08:39:00+00:00\",\"description\":\"Katso asiakaspalvelupisteiden yhteystiedot ja aukioloajat. Tervetuloa asioimaan henkil\u00f6kohtaisesti asiakaspalvelupisteiss\u00e4mme!\",\"breadcrumb\":{\"@id\":\"https:\/\/oma.media.fi\/juvan-lehti\/yhteystiedot\/asiakaspalveluidenyhteystiedot\/#breadcrumb\"},\"inLanguage\":\"fi\",\"potentialAction\":[{\"@type\":\"ReadAction\",\"target\":[\"https:\/\/oma.media.fi\/juvan-lehti\/yhteystiedot\/asiakaspalveluidenyhteystiedot\/\"]}]},{\"@type\":\"ImageObject\",\"inLanguage\":\"fi\",\"@id\":\"https:\/\/oma.media.fi\/juvan-lehti\/yhteystiedot\/asiakaspalveluidenyhteystiedot\/#primaryimage\",\"url\":\"https:\/\/oma.media.fi\/juvan-lehti\/wp-content\/uploads\/sites\/31\/2022\/10\/chat_lasu.jpg\",\"contentUrl\":\"https:\/\/oma.media.fi\/juvan-lehti\/wp-content\/uploads\/sites\/31\/2022\/10\/chat_lasu.jpg\",\"width\":270,\"height\":200},{\"@type\":\"BreadcrumbList\",\"@id\":\"https:\/\/oma.media.fi\/juvan-lehti\/yhteystiedot\/asiakaspalveluidenyhteystiedot\/#breadcrumb\",\"itemListElement\":[{\"@type\":\"ListItem\",\"position\":1,\"name\":\"Etusivu\",\"item\":\"https:\/\/oma.media.fi\/juvan-lehti\/\"},{\"@type\":\"ListItem\",\"position\":2,\"name\":\"Yhteystiedot\",\"item\":\"https:\/\/oma.media.fi\/juvan-lehti\/yhteystiedot\/\"},{\"@type\":\"ListItem\",\"position\":3,\"name\":\"Asiakaspalveluiden yhteystiedot\"}]},{\"@type\":\"WebSite\",\"@id\":\"https:\/\/oma.media.fi\/juvan-lehti\/#website\",\"url\":\"https:\/\/oma.media.fi\/juvan-lehti\/\",\"name\":\"Juvan Lehti\",\"description\":\"\",\"potentialAction\":[{\"@type\":\"SearchAction\",\"target\":{\"@type\":\"EntryPoint\",\"urlTemplate\":\"https:\/\/oma.media.fi\/juvan-lehti\/?s={search_term_string}\"},\"query-input\":{\"@type\":\"PropertyValueSpecification\",\"valueRequired\":true,\"valueName\":\"search_term_string\"}}],\"inLanguage\":\"fi\"}]}<\/script>\n<!-- \/ Yoast SEO plugin. -->","yoast_head_json":{"title":"Asiakaspalveluiden yhteystiedot - Juvan Lehti","description":"Katso asiakaspalvelupisteiden yhteystiedot ja aukioloajat. Tervetuloa asioimaan henkil\u00f6kohtaisesti asiakaspalvelupisteiss\u00e4mme!","robots":{"index":"index","follow":"follow","max-snippet":"max-snippet:-1","max-image-preview":"max-image-preview:large","max-video-preview":"max-video-preview:-1"},"canonical":"https:\/\/oma.media.fi\/juvan-lehti\/yhteystiedot\/asiakaspalveluidenyhteystiedot\/","og_locale":"fi_FI","og_type":"article","og_title":"Asiakaspalveluiden yhteystiedot","og_description":"Katso asiakaspalvelupisteiden yhteystiedot ja aukioloajat. Tervetuloa asioimaan henkil\u00f6kohtaisesti asiakaspalvelupisteiss\u00e4mme!","og_url":"https:\/\/oma.media.fi\/juvan-lehti\/yhteystiedot\/asiakaspalveluidenyhteystiedot\/","og_site_name":"Juvan Lehti","article_modified_time":"2026-01-08T08:39:00+00:00","og_image":[{"width":270,"height":200,"url":"https:\/\/oma.media.fi\/juvan-lehti\/wp-content\/uploads\/sites\/31\/2022\/10\/chat_lasu.jpg","type":"image\/jpeg"}],"twitter_card":"summary_large_image","twitter_misc":{"Arvioitu lukuaika":"2 minuuttia"},"schema":{"@context":"https:\/\/schema.org","@graph":[{"@type":"WebPage","@id":"https:\/\/oma.media.fi\/juvan-lehti\/yhteystiedot\/asiakaspalveluidenyhteystiedot\/","url":"https:\/\/oma.media.fi\/juvan-lehti\/yhteystiedot\/asiakaspalveluidenyhteystiedot\/","name":"Asiakaspalveluiden yhteystiedot - Juvan Lehti","isPartOf":{"@id":"https:\/\/oma.media.fi\/juvan-lehti\/#website"},"primaryImageOfPage":{"@id":"https:\/\/oma.media.fi\/juvan-lehti\/yhteystiedot\/asiakaspalveluidenyhteystiedot\/#primaryimage"},"image":{"@id":"https:\/\/oma.media.fi\/juvan-lehti\/yhteystiedot\/asiakaspalveluidenyhteystiedot\/#primaryimage"},"thumbnailUrl":"https:\/\/oma.media.fi\/juvan-lehti\/wp-content\/uploads\/sites\/31\/2022\/10\/chat_lasu.jpg","datePublished":"2023-02-02T09:21:38+00:00","dateModified":"2026-01-08T08:39:00+00:00","description":"Katso asiakaspalvelupisteiden yhteystiedot ja aukioloajat. Tervetuloa asioimaan henkil\u00f6kohtaisesti asiakaspalvelupisteiss\u00e4mme!","breadcrumb":{"@id":"https:\/\/oma.media.fi\/juvan-lehti\/yhteystiedot\/asiakaspalveluidenyhteystiedot\/#breadcrumb"},"inLanguage":"fi","potentialAction":[{"@type":"ReadAction","target":["https:\/\/oma.media.fi\/juvan-lehti\/yhteystiedot\/asiakaspalveluidenyhteystiedot\/"]}]},{"@type":"ImageObject","inLanguage":"fi","@id":"https:\/\/oma.media.fi\/juvan-lehti\/yhteystiedot\/asiakaspalveluidenyhteystiedot\/#primaryimage","url":"https:\/\/oma.media.fi\/juvan-lehti\/wp-content\/uploads\/sites\/31\/2022\/10\/chat_lasu.jpg","contentUrl":"https:\/\/oma.media.fi\/juvan-lehti\/wp-content\/uploads\/sites\/31\/2022\/10\/chat_lasu.jpg","width":270,"height":200},{"@type":"BreadcrumbList","@id":"https:\/\/oma.media.fi\/juvan-lehti\/yhteystiedot\/asiakaspalveluidenyhteystiedot\/#breadcrumb","itemListElement":[{"@type":"ListItem","position":1,"name":"Etusivu","item":"https:\/\/oma.media.fi\/juvan-lehti\/"},{"@type":"ListItem","position":2,"name":"Yhteystiedot","item":"https:\/\/oma.media.fi\/juvan-lehti\/yhteystiedot\/"},{"@type":"ListItem","position":3,"name":"Asiakaspalveluiden yhteystiedot"}]},{"@type":"WebSite","@id":"https:\/\/oma.media.fi\/juvan-lehti\/#website","url":"https:\/\/oma.media.fi\/juvan-lehti\/","name":"Juvan Lehti","description":"","potentialAction":[{"@type":"SearchAction","target":{"@type":"EntryPoint","urlTemplate":"https:\/\/oma.media.fi\/juvan-lehti\/?s={search_term_string}"},"query-input":{"@type":"PropertyValueSpecification","valueRequired":true,"valueName":"search_term_string"}}],"inLanguage":"fi"}]}},"publishpress_future_action":{"enabled":false,"date":"2026-04-22 06:26:02","action":"change-status","newStatus":"draft","terms":[],"taxonomy":"","extraData":[]},"publishpress_future_workflow_manual_trigger":{"enabledWorkflows":[]},"_links":{"self":[{"href":"https:\/\/oma.media.fi\/juvan-lehti\/wp-json\/wp\/v2\/pages\/9337","targetHints":{"allow":["GET"]}}],"collection":[{"href":"https:\/\/oma.media.fi\/juvan-lehti\/wp-json\/wp\/v2\/pages"}],"about":[{"href":"https:\/\/oma.media.fi\/juvan-lehti\/wp-json\/wp\/v2\/types\/page"}],"author":[{"embeddable":true,"href":"https:\/\/oma.media.fi\/juvan-lehti\/wp-json\/wp\/v2\/users\/3"}],"replies":[{"embeddable":true,"href":"https:\/\/oma.media.fi\/juvan-lehti\/wp-json\/wp\/v2\/comments?post=9337"}],"version-history":[{"count":27,"href":"https:\/\/oma.media.fi\/juvan-lehti\/wp-json\/wp\/v2\/pages\/9337\/revisions"}],"predecessor-version":[{"id":10827,"href":"https:\/\/oma.media.fi\/juvan-lehti\/wp-json\/wp\/v2\/pages\/9337\/revisions\/10827"}],"up":[{"embeddable":true,"href":"https:\/\/oma.media.fi\/juvan-lehti\/wp-json\/wp\/v2\/pages\/526"}],"wp:featuredmedia":[{"embeddable":true,"href":"https:\/\/oma.media.fi\/juvan-lehti\/wp-json\/wp\/v2\/media\/9109"}],"wp:attachment":[{"href":"https:\/\/oma.media.fi\/juvan-lehti\/wp-json\/wp\/v2\/media?parent=9337"}],"curies":[{"name":"wp","href":"https:\/\/api.w.org\/{rel}","templated":true}]}}