{"id":1002,"date":"2025-01-08T09:16:54","date_gmt":"2025-01-08T07:16:54","guid":{"rendered":"https:\/\/oma.media.fi\/karjalainen\/?page_id=1002"},"modified":"2026-02-18T16:24:48","modified_gmt":"2026-02-18T14:24:48","slug":"kaiku-digiarkisto-ohje","status":"publish","type":"page","link":"https:\/\/oma.media.fi\/karjalainen\/kaiku-digiarkisto-ohje\/","title":{"rendered":"Kaiku-digiarkisto"},"content":{"rendered":"<p>Kaiku on suuria ja pieni\u00e4 uutisia, ihmisi\u00e4, muistoja ja maakunnan historiaa. Kaiku pit\u00e4\u00e4 sis\u00e4ll\u00e4\u00e4n Karjalaisen koko lehtiarkiston digitoituna vuodesta 1874 l\u00e4htien.<\/p>\n<h2>N\u00e4in k\u00e4yt\u00e4t Kaiku-digiarkistoa<\/h2>\n<p>Kaiku-arkiston l\u00f6yd\u00e4t Karjalaisen etusivun yl\u00e4osassa olevan Lehdet-valikon alta tai osoitteesta <a href=\"https:\/\/www.karjalainen.fi\/nakoislehti\/\">https:\/\/www.karjalainen.fi\/nakoislehti\/<\/a><br \/>\n<a href=\"https:\/\/oma.media.fi\/karjalainen\/wp-content\/uploads\/sites\/56\/2024\/12\/KAIKU1.png\"><img loading=\"lazy\" decoding=\"async\" class=\"alignnone size-full wp-image-1005\" src=\"https:\/\/oma.media.fi\/karjalainen\/wp-content\/uploads\/sites\/56\/2024\/12\/KAIKU1.png\" alt=\"\" width=\"433\" height=\"486\" srcset=\"https:\/\/oma.media.fi\/karjalainen\/wp-content\/uploads\/sites\/56\/2024\/12\/KAIKU1.png 433w, https:\/\/oma.media.fi\/karjalainen\/wp-content\/uploads\/sites\/56\/2024\/12\/KAIKU1-267x300.png 267w\" sizes=\"auto, (max-width: 433px) 100vw, 433px\" \/><\/a><\/p>\n<p><a href=\"https:\/\/oma.media.fi\/karjalainen\/wp-content\/uploads\/sites\/56\/2025\/04\/uusiKaiku_ohjekuva0.1.png\"><img loading=\"lazy\" decoding=\"async\" class=\"size-large wp-image-1148 alignleft\" src=\"https:\/\/oma.media.fi\/karjalainen\/wp-content\/uploads\/sites\/56\/2025\/04\/uusiKaiku_ohjekuva0.1-615x1024.png\" alt=\"\" width=\"615\" height=\"1024\" srcset=\"https:\/\/oma.media.fi\/karjalainen\/wp-content\/uploads\/sites\/56\/2025\/04\/uusiKaiku_ohjekuva0.1-615x1024.png 615w, https:\/\/oma.media.fi\/karjalainen\/wp-content\/uploads\/sites\/56\/2025\/04\/uusiKaiku_ohjekuva0.1-180x300.png 180w, https:\/\/oma.media.fi\/karjalainen\/wp-content\/uploads\/sites\/56\/2025\/04\/uusiKaiku_ohjekuva0.1.png 752w\" sizes=\"auto, (max-width: 615px) 100vw, 615px\" \/><\/a><\/p>\n<p>&nbsp;<\/p>\n<p>&nbsp;<\/p>\n<p>&nbsp;<\/p>\n<p>&nbsp;<\/p>\n<p>&nbsp;<\/p>\n<p>&nbsp;<\/p>\n<p>&nbsp;<\/p>\n<p>&nbsp;<\/p>\n<p>Klikattuasi <strong>Siirry arkistoon<\/strong> -painiketta n\u00e4et arkiston etusivulla kolme uusinta numeroa.<\/p>\n<p>&nbsp;<\/p>\n<p>&nbsp;<\/p>\n<p>&nbsp;<\/p>\n<p><strong>Sanahaun avulla<\/strong> voit etsi\u00e4 artikkeleita hakusanan ja p\u00e4iv\u00e4m\u00e4\u00e4r\u00e4n mukaan.<\/p>\n<p>&nbsp;<\/p>\n<p>&nbsp;<\/p>\n<p>&nbsp;<\/p>\n<p>&nbsp;<\/p>\n<p>&nbsp;<\/p>\n<p>&nbsp;<\/p>\n<p>Avaa valitsemasi lehti ja selaa sivuja nuolipainikkeilla. Nuolipainikkeet l\u00f6ytyv\u00e4t n\u00e4k\u00f6islehden vasemman ja oikean reunan keskivaiheilta.<\/p>\n<p><a href=\"https:\/\/oma.media.fi\/karjalainen\/wp-content\/uploads\/sites\/56\/2025\/04\/uusiKaiku_ohjekuva0.3.png\"><img loading=\"lazy\" decoding=\"async\" class=\"alignnone size-full wp-image-1150\" src=\"https:\/\/oma.media.fi\/karjalainen\/wp-content\/uploads\/sites\/56\/2025\/04\/uusiKaiku_ohjekuva0.3.png\" alt=\"\" width=\"218\" height=\"76\" \/><\/a><\/p>\n<p>Suurenna tai pienenn\u00e4 teksti\u00e4 klikkaamalla hiiren vasemmanpuoleisella painikkeella, liiku sivulla hiiren rullaa py\u00f6ritt\u00e4m\u00e4ll\u00e4 tai pit\u00e4m\u00e4ll\u00e4 hiiren vasenta painiketta pohjassa ja vet\u00e4m\u00e4ll\u00e4 sivua haluamaasi suuntaan.<\/p>\n<p><a href=\"https:\/\/oma.media.fi\/karjalainen\/wp-content\/uploads\/sites\/56\/2025\/04\/uusiKaiku_ohjekuva0.4.png\"><img loading=\"lazy\" decoding=\"async\" class=\"size-full wp-image-1151 alignleft\" src=\"https:\/\/oma.media.fi\/karjalainen\/wp-content\/uploads\/sites\/56\/2025\/04\/uusiKaiku_ohjekuva0.4.png\" alt=\"\" width=\"370\" height=\"619\" srcset=\"https:\/\/oma.media.fi\/karjalainen\/wp-content\/uploads\/sites\/56\/2025\/04\/uusiKaiku_ohjekuva0.4.png 370w, https:\/\/oma.media.fi\/karjalainen\/wp-content\/uploads\/sites\/56\/2025\/04\/uusiKaiku_ohjekuva0.4-179x300.png 179w\" sizes=\"auto, (max-width: 370px) 100vw, 370px\" \/><\/a><strong>Sivun vasemmasta yl\u00e4kulmasta l\u00f6ytyv\u00e4ss\u00e4 hampurilaisvalikossa<\/strong>\u00a0voit esimerkiksi tarkastella valitsemasi lehden sis\u00e4llysluetteloa tai avata sivuluettelon.<\/p>\n<p>&nbsp;<\/p>\n<p>&nbsp;<\/p>\n<p>&nbsp;<\/p>\n<p>&nbsp;<\/p>\n<p>&nbsp;<\/p>\n<p>&nbsp;<\/p>\n<p>&nbsp;<\/p>\n<p>&nbsp;<\/p>\n<p>&nbsp;<\/p>\n<p>&nbsp;<\/p>\n<p>&nbsp;<\/p>\n<p>&nbsp;<\/p>\n<p>&nbsp;<\/p>\n<p>&nbsp;<\/p>\n","protected":false},"excerpt":{"rendered":"<p>Kaiku on suuria ja pieni\u00e4 uutisia, ihmisi\u00e4, muistoja ja maakunnan historiaa. Kaiku pit\u00e4\u00e4 sis\u00e4ll\u00e4\u00e4n Karjalaisen koko lehtiarkiston digitoituna vuodesta 1874 l\u00e4htien. N\u00e4in k\u00e4yt\u00e4t Kaiku-digiarkistoa Kaiku-arkiston l\u00f6yd\u00e4t Karjalaisen etusivun yl\u00e4osassa olevan Lehdet-valikon alta tai osoitteesta https:\/\/www.karjalainen.fi\/nakoislehti\/ &nbsp; &nbsp; &nbsp; &nbsp; &nbsp; &nbsp; &nbsp; &nbsp; Klikattuasi Siirry arkistoon -painiketta n\u00e4et arkiston etusivulla kolme uusinta numeroa. &nbsp; &nbsp; [&hellip;]<\/p>\n","protected":false},"author":93,"featured_media":1122,"parent":0,"menu_order":0,"comment_status":"closed","ping_status":"closed","template":"","meta":{"_acf_changed":false,"footnotes":""},"class_list":["post-1002","page","type-page","status-publish","has-post-thumbnail","hentry"],"acf":[],"yoast_head":"<!-- This site is optimized with the Yoast SEO plugin v26.2 - https:\/\/yoast.com\/wordpress\/plugins\/seo\/ -->\n<title>Kaiku-digiarkisto - Karjalainen<\/title>\n<meta name=\"robots\" content=\"index, follow, max-snippet:-1, max-image-preview:large, max-video-preview:-1\" \/>\n<link rel=\"canonical\" href=\"https:\/\/oma.media.fi\/karjalainen\/kaiku-digiarkisto-ohje\/\" \/>\n<meta property=\"og:locale\" content=\"fi_FI\" \/>\n<meta property=\"og:type\" content=\"article\" \/>\n<meta property=\"og:title\" content=\"Kaiku-digiarkisto\" \/>\n<meta property=\"og:description\" content=\"Kaiku on suuria ja pieni\u00e4 uutisia, ihmisi\u00e4, muistoja ja maakunnan historiaa. Kaiku pit\u00e4\u00e4 sis\u00e4ll\u00e4\u00e4n Karjalaisen koko lehtiarkiston digitoituna vuodesta 1874 l\u00e4htien. N\u00e4in k\u00e4yt\u00e4t Kaiku-digiarkistoa Kaiku-arkiston l\u00f6yd\u00e4t Karjalaisen etusivun yl\u00e4osassa olevan Lehdet-valikon alta tai osoitteesta https:\/\/www.karjalainen.fi\/nakoislehti\/ &nbsp; &nbsp; &nbsp; &nbsp; &nbsp; &nbsp; &nbsp; &nbsp; Klikattuasi Siirry arkistoon -painiketta n\u00e4et arkiston etusivulla kolme uusinta numeroa. &nbsp; &nbsp; [&hellip;]\" \/>\n<meta property=\"og:url\" content=\"https:\/\/oma.media.fi\/karjalainen\/kaiku-digiarkisto-ohje\/\" \/>\n<meta property=\"og:site_name\" content=\"Karjalainen\" \/>\n<meta property=\"article:publisher\" content=\"https:\/\/www.facebook.com\/SanomalehtiKarjalainen\" \/>\n<meta property=\"article:modified_time\" content=\"2026-02-18T14:24:48+00:00\" \/>\n<meta property=\"og:image\" content=\"https:\/\/oma.media.fi\/karjalainen\/wp-content\/uploads\/sites\/56\/2025\/03\/500x400_kaiku_omamedia.jpg\" \/>\n\t<meta property=\"og:image:width\" content=\"500\" \/>\n\t<meta property=\"og:image:height\" content=\"400\" \/>\n\t<meta property=\"og:image:type\" content=\"image\/jpeg\" \/>\n<meta name=\"twitter:card\" content=\"summary_large_image\" \/>\n<meta name=\"twitter:site\" content=\"@KarjalainenFi\" \/>\n<meta name=\"twitter:label1\" content=\"Arvioitu lukuaika\" \/>\n\t<meta name=\"twitter:data1\" content=\"2 minuuttia\" \/>\n<script type=\"application\/ld+json\" class=\"yoast-schema-graph\">{\"@context\":\"https:\/\/schema.org\",\"@graph\":[{\"@type\":\"WebPage\",\"@id\":\"https:\/\/oma.media.fi\/karjalainen\/kaiku-digiarkisto-ohje\/\",\"url\":\"https:\/\/oma.media.fi\/karjalainen\/kaiku-digiarkisto-ohje\/\",\"name\":\"Kaiku-digiarkisto - Karjalainen\",\"isPartOf\":{\"@id\":\"https:\/\/oma.media.fi\/karjalainen\/#website\"},\"primaryImageOfPage\":{\"@id\":\"https:\/\/oma.media.fi\/karjalainen\/kaiku-digiarkisto-ohje\/#primaryimage\"},\"image\":{\"@id\":\"https:\/\/oma.media.fi\/karjalainen\/kaiku-digiarkisto-ohje\/#primaryimage\"},\"thumbnailUrl\":\"https:\/\/oma.media.fi\/karjalainen\/wp-content\/uploads\/sites\/56\/2025\/03\/500x400_kaiku_omamedia.jpg\",\"datePublished\":\"2025-01-08T07:16:54+00:00\",\"dateModified\":\"2026-02-18T14:24:48+00:00\",\"breadcrumb\":{\"@id\":\"https:\/\/oma.media.fi\/karjalainen\/kaiku-digiarkisto-ohje\/#breadcrumb\"},\"inLanguage\":\"fi\",\"potentialAction\":[{\"@type\":\"ReadAction\",\"target\":[\"https:\/\/oma.media.fi\/karjalainen\/kaiku-digiarkisto-ohje\/\"]}]},{\"@type\":\"ImageObject\",\"inLanguage\":\"fi\",\"@id\":\"https:\/\/oma.media.fi\/karjalainen\/kaiku-digiarkisto-ohje\/#primaryimage\",\"url\":\"https:\/\/oma.media.fi\/karjalainen\/wp-content\/uploads\/sites\/56\/2025\/03\/500x400_kaiku_omamedia.jpg\",\"contentUrl\":\"https:\/\/oma.media.fi\/karjalainen\/wp-content\/uploads\/sites\/56\/2025\/03\/500x400_kaiku_omamedia.jpg\",\"width\":500,\"height\":400},{\"@type\":\"BreadcrumbList\",\"@id\":\"https:\/\/oma.media.fi\/karjalainen\/kaiku-digiarkisto-ohje\/#breadcrumb\",\"itemListElement\":[{\"@type\":\"ListItem\",\"position\":1,\"name\":\"Etusivu\",\"item\":\"https:\/\/oma.media.fi\/karjalainen\/\"},{\"@type\":\"ListItem\",\"position\":2,\"name\":\"Kaiku-digiarkisto\"}]},{\"@type\":\"WebSite\",\"@id\":\"https:\/\/oma.media.fi\/karjalainen\/#website\",\"url\":\"https:\/\/oma.media.fi\/karjalainen\/\",\"name\":\"Karjalainen\",\"description\":\"Sanomalehti Karjalainen - asiakaspalvelu\",\"alternateName\":\"Sanomalehti Karjalainen asiakaspalvelu\",\"potentialAction\":[{\"@type\":\"SearchAction\",\"target\":{\"@type\":\"EntryPoint\",\"urlTemplate\":\"https:\/\/oma.media.fi\/karjalainen\/?s={search_term_string}\"},\"query-input\":{\"@type\":\"PropertyValueSpecification\",\"valueRequired\":true,\"valueName\":\"search_term_string\"}}],\"inLanguage\":\"fi\"}]}<\/script>\n<!-- \/ Yoast SEO plugin. -->","yoast_head_json":{"title":"Kaiku-digiarkisto - Karjalainen","robots":{"index":"index","follow":"follow","max-snippet":"max-snippet:-1","max-image-preview":"max-image-preview:large","max-video-preview":"max-video-preview:-1"},"canonical":"https:\/\/oma.media.fi\/karjalainen\/kaiku-digiarkisto-ohje\/","og_locale":"fi_FI","og_type":"article","og_title":"Kaiku-digiarkisto","og_description":"Kaiku on suuria ja pieni\u00e4 uutisia, ihmisi\u00e4, muistoja ja maakunnan historiaa. Kaiku pit\u00e4\u00e4 sis\u00e4ll\u00e4\u00e4n Karjalaisen koko lehtiarkiston digitoituna vuodesta 1874 l\u00e4htien. N\u00e4in k\u00e4yt\u00e4t Kaiku-digiarkistoa Kaiku-arkiston l\u00f6yd\u00e4t Karjalaisen etusivun yl\u00e4osassa olevan Lehdet-valikon alta tai osoitteesta https:\/\/www.karjalainen.fi\/nakoislehti\/ &nbsp; &nbsp; &nbsp; &nbsp; &nbsp; &nbsp; &nbsp; &nbsp; Klikattuasi Siirry arkistoon -painiketta n\u00e4et arkiston etusivulla kolme uusinta numeroa. &nbsp; &nbsp; [&hellip;]","og_url":"https:\/\/oma.media.fi\/karjalainen\/kaiku-digiarkisto-ohje\/","og_site_name":"Karjalainen","article_publisher":"https:\/\/www.facebook.com\/SanomalehtiKarjalainen","article_modified_time":"2026-02-18T14:24:48+00:00","og_image":[{"width":500,"height":400,"url":"https:\/\/oma.media.fi\/karjalainen\/wp-content\/uploads\/sites\/56\/2025\/03\/500x400_kaiku_omamedia.jpg","type":"image\/jpeg"}],"twitter_card":"summary_large_image","twitter_site":"@KarjalainenFi","twitter_misc":{"Arvioitu lukuaika":"2 minuuttia"},"schema":{"@context":"https:\/\/schema.org","@graph":[{"@type":"WebPage","@id":"https:\/\/oma.media.fi\/karjalainen\/kaiku-digiarkisto-ohje\/","url":"https:\/\/oma.media.fi\/karjalainen\/kaiku-digiarkisto-ohje\/","name":"Kaiku-digiarkisto - Karjalainen","isPartOf":{"@id":"https:\/\/oma.media.fi\/karjalainen\/#website"},"primaryImageOfPage":{"@id":"https:\/\/oma.media.fi\/karjalainen\/kaiku-digiarkisto-ohje\/#primaryimage"},"image":{"@id":"https:\/\/oma.media.fi\/karjalainen\/kaiku-digiarkisto-ohje\/#primaryimage"},"thumbnailUrl":"https:\/\/oma.media.fi\/karjalainen\/wp-content\/uploads\/sites\/56\/2025\/03\/500x400_kaiku_omamedia.jpg","datePublished":"2025-01-08T07:16:54+00:00","dateModified":"2026-02-18T14:24:48+00:00","breadcrumb":{"@id":"https:\/\/oma.media.fi\/karjalainen\/kaiku-digiarkisto-ohje\/#breadcrumb"},"inLanguage":"fi","potentialAction":[{"@type":"ReadAction","target":["https:\/\/oma.media.fi\/karjalainen\/kaiku-digiarkisto-ohje\/"]}]},{"@type":"ImageObject","inLanguage":"fi","@id":"https:\/\/oma.media.fi\/karjalainen\/kaiku-digiarkisto-ohje\/#primaryimage","url":"https:\/\/oma.media.fi\/karjalainen\/wp-content\/uploads\/sites\/56\/2025\/03\/500x400_kaiku_omamedia.jpg","contentUrl":"https:\/\/oma.media.fi\/karjalainen\/wp-content\/uploads\/sites\/56\/2025\/03\/500x400_kaiku_omamedia.jpg","width":500,"height":400},{"@type":"BreadcrumbList","@id":"https:\/\/oma.media.fi\/karjalainen\/kaiku-digiarkisto-ohje\/#breadcrumb","itemListElement":[{"@type":"ListItem","position":1,"name":"Etusivu","item":"https:\/\/oma.media.fi\/karjalainen\/"},{"@type":"ListItem","position":2,"name":"Kaiku-digiarkisto"}]},{"@type":"WebSite","@id":"https:\/\/oma.media.fi\/karjalainen\/#website","url":"https:\/\/oma.media.fi\/karjalainen\/","name":"Karjalainen","description":"Sanomalehti Karjalainen - asiakaspalvelu","alternateName":"Sanomalehti Karjalainen asiakaspalvelu","potentialAction":[{"@type":"SearchAction","target":{"@type":"EntryPoint","urlTemplate":"https:\/\/oma.media.fi\/karjalainen\/?s={search_term_string}"},"query-input":{"@type":"PropertyValueSpecification","valueRequired":true,"valueName":"search_term_string"}}],"inLanguage":"fi"}]}},"publishpress_future_action":{"enabled":false,"date":"2026-05-10 22:07:28","action":"change-status","newStatus":"draft","terms":[],"taxonomy":"","extraData":[]},"publishpress_future_workflow_manual_trigger":{"enabledWorkflows":[]},"_links":{"self":[{"href":"https:\/\/oma.media.fi\/karjalainen\/wp-json\/wp\/v2\/pages\/1002","targetHints":{"allow":["GET"]}}],"collection":[{"href":"https:\/\/oma.media.fi\/karjalainen\/wp-json\/wp\/v2\/pages"}],"about":[{"href":"https:\/\/oma.media.fi\/karjalainen\/wp-json\/wp\/v2\/types\/page"}],"author":[{"embeddable":true,"href":"https:\/\/oma.media.fi\/karjalainen\/wp-json\/wp\/v2\/users\/93"}],"replies":[{"embeddable":true,"href":"https:\/\/oma.media.fi\/karjalainen\/wp-json\/wp\/v2\/comments?post=1002"}],"version-history":[{"count":12,"href":"https:\/\/oma.media.fi\/karjalainen\/wp-json\/wp\/v2\/pages\/1002\/revisions"}],"predecessor-version":[{"id":1743,"href":"https:\/\/oma.media.fi\/karjalainen\/wp-json\/wp\/v2\/pages\/1002\/revisions\/1743"}],"wp:featuredmedia":[{"embeddable":true,"href":"https:\/\/oma.media.fi\/karjalainen\/wp-json\/wp\/v2\/media\/1122"}],"wp:attachment":[{"href":"https:\/\/oma.media.fi\/karjalainen\/wp-json\/wp\/v2\/media?parent=1002"}],"curies":[{"name":"wp","href":"https:\/\/api.w.org\/{rel}","templated":true}]}}