{"id":115,"date":"2023-04-18T13:23:36","date_gmt":"2023-04-18T10:23:36","guid":{"rendered":"https:\/\/oma.media.fi\/karjalainen\/ohjeet\/"},"modified":"2023-04-18T13:23:36","modified_gmt":"2023-04-18T10:23:36","slug":"ohjeet","status":"publish","type":"page","link":"https:\/\/oma.media.fi\/karjalainen\/ohjeet\/","title":{"rendered":"Ohje QR-koodin lukemiseen"},"content":{"rendered":"<h1>Mik\u00e4 on QR-koodi?<\/h1>\n<p>QR-koodin avulla voi helposti siirty\u00e4 tietylle verkkosivulle skannaamalla koodin puhelimella sen sijaan, ett\u00e4 kirjoittaisi koko verkko-osoitteen internet-selaimen osoiteriville. Vaivattomuutensa vuoksi QR-koodeja hy\u00f6dynnet\u00e4\u00e4n Karjalaisen painetussa versiossa mm. silloin, kun aiheeseen liittyy sis\u00e4lt\u00f6\u00e4 verkossa, ja sis\u00e4ll\u00f6n pariin siirtymisen halutaan sujuvan mahdollisimman helposti.<\/p>\n<p>T\u00e4ss\u00e4 on esimerkki QR-koodista, joka johtaa asiakaspalvelumme tilaajan ohjevideot -sivulle www.oma.media.fi\/ohjevideot.<\/p>\n<p><a href=\"https:\/\/oma.media.fi\/karjalainen\/wp-content\/uploads\/sites\/56\/2024\/09\/QR_koodi_oma_media.jpg\"><img loading=\"lazy\" decoding=\"async\" class=\"alignnone size-full wp-image-117\" src=\"https:\/\/oma.media.fi\/karjalainen\/wp-content\/uploads\/sites\/56\/2024\/09\/QR_koodi_oma_media.jpg\" alt=\"\" width=\"130\" height=\"130\" \/><\/a><\/p>\n<p>&nbsp;<\/p>\n<h1>Miten QR-koodi luetaan?<\/h1>\n<h2>a)\u00a0 Koodin lukeminen mobiililaitteen omalla kameralla<\/h2>\n<p>Yksinkertaisin tapa lukea QR-koodi on tehd\u00e4 se \u00e4lypuhelimen tai tabletin omalla kameralla. Suurimmalla osalla mobiili\u00e4lylaitteista t\u00e4m\u00e4 on mahdollista, sill\u00e4 kamerasovelluksessa on jo valmiina kyky tunnistaa QR-koodit.<\/p>\n<p><strong>Tee n\u00e4in:<\/strong> Avaa kamera ja suuntaa se QR-koodin p\u00e4\u00e4lle. Kamera tunnistaa koodin ja tarjoaa mahdollisuuden avata linkin ehdottamalla esim.<em> Avaa selaimessa<\/em>. Napauttamalla kehotusta haluttu verkkosivu avautuu.<\/p>\n<p>Kameran antama ehdotus linkin avaamisesta saattaa n\u00e4ytt\u00e4\u00e4 esimerkiksi t\u00e4lt\u00e4:<br \/>\n<a href=\"https:\/\/oma.media.fi\/karjalainen\/wp-content\/uploads\/sites\/56\/2024\/09\/Avaa_selain.jpg\"><img loading=\"lazy\" decoding=\"async\" class=\"alignnone wp-image-116\" src=\"https:\/\/oma.media.fi\/karjalainen\/wp-content\/uploads\/sites\/56\/2024\/09\/Avaa_selain-461x1024.jpg\" alt=\"\" width=\"340\" height=\"755\" srcset=\"https:\/\/oma.media.fi\/karjalainen\/wp-content\/uploads\/sites\/56\/2024\/09\/Avaa_selain-461x1024.jpg 461w, https:\/\/oma.media.fi\/karjalainen\/wp-content\/uploads\/sites\/56\/2024\/09\/Avaa_selain-135x300.jpg 135w, https:\/\/oma.media.fi\/karjalainen\/wp-content\/uploads\/sites\/56\/2024\/09\/Avaa_selain-768x1707.jpg 768w, https:\/\/oma.media.fi\/karjalainen\/wp-content\/uploads\/sites\/56\/2024\/09\/Avaa_selain-691x1536.jpg 691w, https:\/\/oma.media.fi\/karjalainen\/wp-content\/uploads\/sites\/56\/2024\/09\/Avaa_selain-922x2048.jpg 922w, https:\/\/oma.media.fi\/karjalainen\/wp-content\/uploads\/sites\/56\/2024\/09\/Avaa_selain.jpg 1080w\" sizes=\"auto, (max-width: 340px) 100vw, 340px\" \/><\/a><\/p>\n<p>Voit kokeilla QR-koodin lukemista mobiililaitteen kameran avulla tilaajan ohjevideot -sivulle johtavan QR-koodin avulla:<\/p>\n<p><a href=\"https:\/\/oma.media.fi\/karjalainen\/wp-content\/uploads\/sites\/56\/2024\/09\/QR_koodi_oma_media.jpg\"><img loading=\"lazy\" decoding=\"async\" class=\"alignnone size-full wp-image-117\" src=\"https:\/\/oma.media.fi\/karjalainen\/wp-content\/uploads\/sites\/56\/2024\/09\/QR_koodi_oma_media.jpg\" alt=\"\" width=\"130\" height=\"130\" \/><\/a><\/p>\n<p>&nbsp;<\/p>\n<p><strong>Jos ruudulle ei ilmesty mink\u00e4\u00e4nlaista ehdotusta, voi syyn\u00e4 olla jompi kumpi seuraavista:<\/strong><\/p>\n<p><strong>1. Kamerasovelluksella on valmiudet tunnistaa QR-koodeja, mutta ominaisuus on kytketty pois p\u00e4\u00e4lt\u00e4.<\/strong><\/p>\n<p>Voit tarkistaa asian laitteen asetuksista.<\/p>\n<p><strong> Tee n\u00e4in:<\/strong> Avaa laitteen <em>Asetukset<\/em> -&gt; Valitse <em>Kameran asetukset<\/em> -&gt; Etsi kohta <em>Skannaa QR-koodit <\/em>(tai vastaava, laitteesta ja laitteen valmistajasta riippuen)<em>. <\/em>Jos kyseinen kohta ei ole aktiivisena, vaihda sen tila aktiiviseksi.<br \/>\nJos <em>Skannaa QR-koodit<\/em> -kohtaa ei l\u00f6ydy Asetuksista ollenkaan, kamerasovellus ei todenn\u00e4k\u00f6isesti tunnista QR-koodeja lainkaan.<\/p>\n<p><a href=\"https:\/\/oma.media.fi\/karjalainen\/wp-content\/uploads\/sites\/56\/2024\/09\/Skannaa_QR_koodit.jpg\"><img loading=\"lazy\" decoding=\"async\" class=\"alignnone wp-image-118\" src=\"https:\/\/oma.media.fi\/karjalainen\/wp-content\/uploads\/sites\/56\/2024\/09\/Skannaa_QR_koodit-488x1024.jpg\" alt=\"\" width=\"365\" height=\"766\" srcset=\"https:\/\/oma.media.fi\/karjalainen\/wp-content\/uploads\/sites\/56\/2024\/09\/Skannaa_QR_koodit-488x1024.jpg 488w, https:\/\/oma.media.fi\/karjalainen\/wp-content\/uploads\/sites\/56\/2024\/09\/Skannaa_QR_koodit-143x300.jpg 143w, https:\/\/oma.media.fi\/karjalainen\/wp-content\/uploads\/sites\/56\/2024\/09\/Skannaa_QR_koodit-768x1611.jpg 768w, https:\/\/oma.media.fi\/karjalainen\/wp-content\/uploads\/sites\/56\/2024\/09\/Skannaa_QR_koodit-732x1536.jpg 732w, https:\/\/oma.media.fi\/karjalainen\/wp-content\/uploads\/sites\/56\/2024\/09\/Skannaa_QR_koodit-976x2048.jpg 976w, https:\/\/oma.media.fi\/karjalainen\/wp-content\/uploads\/sites\/56\/2024\/09\/Skannaa_QR_koodit.jpg 1170w\" sizes=\"auto, (max-width: 365px) 100vw, 365px\" \/><\/a><\/p>\n<p><strong>2. Kamerasovellus ei tunnista QR-koodeja lainkaan.<\/strong><\/p>\n<p>Kokeile t\u00e4ll\u00f6in QR-koodin avaamista erillisell\u00e4 sovelluksella.<\/p>\n<p>&nbsp;<\/p>\n<h2>b) Koodin lukeminen erillisell\u00e4 sovelluksella<\/h2>\n<p>Suurimmassa osassa mobiililaitteita QR-koodin lukusovellus on jo valmiiksi asennettuna laitteen sovelluskirjastoon. Voit etsi\u00e4 sovellusta seuraavasti:<\/p>\n<ul>\n<li><strong>Android-laitteet: <\/strong>Siirry laitteen aloitusn\u00e4yt\u00f6lt\u00e4 n\u00e4kym\u00e4\u00e4n, jossa n\u00e4kyv\u00e4t kaikki laitteelle ladatut sovellukset. T\u00e4\u00e4ll\u00e4 pit\u00e4isi n\u00e4ky\u00e4 hakukentt\u00e4. Kirjoita hakukentt\u00e4\u00e4n QR. Haun tuloksena laitteen pit\u00e4isi tarjota QR-koodin lukijasovellusta. Avaa sovellus napauttamalla kuvaketta. Sovelluksen kamera avautuu. Osoita kameralla kohti QR-koodia.<\/li>\n<li><strong>iPhone ja iPad: <\/strong>Jos aloitusn\u00e4yt\u00f6ll\u00e4si n\u00e4kyy pieni <em>Etsi<\/em>-kuvake, napauta sit\u00e4. Kirjoita aukeavaan hakukentt\u00e4\u00e4n QR. Haun tuloksena laitteen pit\u00e4isi tarjota QR-koodin lukijasovellusta. Avaa sovellus napauttamalla kuvaketta. Sovelluksen kamera avautuu. Osoita kameralla kohti QR-koodia.<\/li>\n<\/ul>\n<p>Mik\u00e4li hakutoiminto ei l\u00f6yd\u00e4 sopivaa sovellusta, voit ladata QR-koodin lukusovelluksen sovelluskaupastasi; Android-laitteilla Google Playsta tai Applen laitteilla AppStoresta.<\/p>\n","protected":false},"excerpt":{"rendered":"<p>Mik\u00e4 on QR-koodi? QR-koodin avulla voi helposti siirty\u00e4 tietylle verkkosivulle skannaamalla koodin puhelimella sen sijaan, ett\u00e4 kirjoittaisi koko verkko-osoitteen internet-selaimen osoiteriville. Vaivattomuutensa vuoksi QR-koodeja hy\u00f6dynnet\u00e4\u00e4n painetussa versiossa mm. silloin, kun aiheeseen liittyy sis\u00e4lt\u00f6\u00e4 verkossa, ja sis\u00e4ll\u00f6n pariin siirtymisen halutaan sujuvan mahdollisimman helposti. T\u00e4ss\u00e4 on esimerkki QR-koodista, joka johtaa asiakaspalvelumme tilaajan ohjevideot -sivulle www.oma.media.fi\/ohjevideot. &nbsp; Miten [&hellip;]<\/p>\n","protected":false},"author":46,"featured_media":0,"parent":0,"menu_order":0,"comment_status":"closed","ping_status":"closed","template":"","meta":{"_acf_changed":false,"footnotes":""},"class_list":["post-115","page","type-page","status-publish","hentry"],"acf":[],"yoast_head":"<!-- This site is optimized with the Yoast SEO plugin v26.2 - https:\/\/yoast.com\/wordpress\/plugins\/seo\/ -->\n<title>Ohje QR-koodin lukemiseen - Karjalainen<\/title>\n<meta name=\"description\" content=\"Ohjeet QR-koodin lukemiseen, ja kuinka voit ottaa niiden avulla kaiken irti tilaukseesi kuuluvista digisis\u00e4ll\u00f6ist\u00e4.\" \/>\n<meta name=\"robots\" content=\"index, follow, max-snippet:-1, max-image-preview:large, max-video-preview:-1\" \/>\n<link rel=\"canonical\" href=\"https:\/\/oma.media.fi\/karjalainen\/ohjeet\/\" \/>\n<meta property=\"og:locale\" content=\"fi_FI\" \/>\n<meta property=\"og:type\" content=\"article\" \/>\n<meta property=\"og:title\" content=\"Ohje QR-koodin lukemiseen\" \/>\n<meta property=\"og:description\" content=\"Ohjeet QR-koodin lukemiseen, ja kuinka voit ottaa niiden avulla kaiken irti tilaukseesi kuuluvista digisis\u00e4ll\u00f6ist\u00e4.\" \/>\n<meta property=\"og:url\" content=\"https:\/\/oma.media.fi\/karjalainen\/ohjeet\/\" \/>\n<meta property=\"og:site_name\" content=\"Karjalainen\" \/>\n<meta property=\"article:publisher\" content=\"https:\/\/www.facebook.com\/SanomalehtiKarjalainen\" \/>\n<meta property=\"og:image\" content=\"https:\/\/oma.media.fi\/karjalainen\/wp-content\/uploads\/sites\/56\/2024\/09\/QR_koodi_oma_media.jpg\" \/>\n<meta name=\"twitter:card\" content=\"summary_large_image\" \/>\n<meta name=\"twitter:site\" content=\"@KarjalainenFi\" \/>\n<meta name=\"twitter:label1\" content=\"Arvioitu lukuaika\" \/>\n\t<meta name=\"twitter:data1\" content=\"3 minuuttia\" \/>\n<script type=\"application\/ld+json\" class=\"yoast-schema-graph\">{\"@context\":\"https:\/\/schema.org\",\"@graph\":[{\"@type\":\"WebPage\",\"@id\":\"https:\/\/oma.media.fi\/karjalainen\/ohjeet\/\",\"url\":\"https:\/\/oma.media.fi\/karjalainen\/ohjeet\/\",\"name\":\"Ohje QR-koodin lukemiseen - Karjalainen\",\"isPartOf\":{\"@id\":\"https:\/\/oma.media.fi\/karjalainen\/#website\"},\"primaryImageOfPage\":{\"@id\":\"https:\/\/oma.media.fi\/karjalainen\/ohjeet\/#primaryimage\"},\"image\":{\"@id\":\"https:\/\/oma.media.fi\/karjalainen\/ohjeet\/#primaryimage\"},\"thumbnailUrl\":\"https:\/\/oma.media.fi\/karjalainen\/wp-content\/uploads\/sites\/56\/2024\/09\/QR_koodi_oma_media.jpg\",\"datePublished\":\"2023-04-18T10:23:36+00:00\",\"description\":\"Ohjeet QR-koodin lukemiseen, ja kuinka voit ottaa niiden avulla kaiken irti tilaukseesi kuuluvista digisis\u00e4ll\u00f6ist\u00e4.\",\"breadcrumb\":{\"@id\":\"https:\/\/oma.media.fi\/karjalainen\/ohjeet\/#breadcrumb\"},\"inLanguage\":\"fi\",\"potentialAction\":[{\"@type\":\"ReadAction\",\"target\":[\"https:\/\/oma.media.fi\/karjalainen\/ohjeet\/\"]}]},{\"@type\":\"ImageObject\",\"inLanguage\":\"fi\",\"@id\":\"https:\/\/oma.media.fi\/karjalainen\/ohjeet\/#primaryimage\",\"url\":\"https:\/\/oma.media.fi\/karjalainen\/wp-content\/uploads\/sites\/56\/2024\/09\/QR_koodi_oma_media.jpg\",\"contentUrl\":\"https:\/\/oma.media.fi\/karjalainen\/wp-content\/uploads\/sites\/56\/2024\/09\/QR_koodi_oma_media.jpg\"},{\"@type\":\"BreadcrumbList\",\"@id\":\"https:\/\/oma.media.fi\/karjalainen\/ohjeet\/#breadcrumb\",\"itemListElement\":[{\"@type\":\"ListItem\",\"position\":1,\"name\":\"Etusivu\",\"item\":\"https:\/\/oma.media.fi\/karjalainen\/\"},{\"@type\":\"ListItem\",\"position\":2,\"name\":\"Ohje QR-koodin lukemiseen\"}]},{\"@type\":\"WebSite\",\"@id\":\"https:\/\/oma.media.fi\/karjalainen\/#website\",\"url\":\"https:\/\/oma.media.fi\/karjalainen\/\",\"name\":\"Karjalainen\",\"description\":\"Sanomalehti Karjalainen - asiakaspalvelu\",\"alternateName\":\"Sanomalehti Karjalainen asiakaspalvelu\",\"potentialAction\":[{\"@type\":\"SearchAction\",\"target\":{\"@type\":\"EntryPoint\",\"urlTemplate\":\"https:\/\/oma.media.fi\/karjalainen\/?s={search_term_string}\"},\"query-input\":{\"@type\":\"PropertyValueSpecification\",\"valueRequired\":true,\"valueName\":\"search_term_string\"}}],\"inLanguage\":\"fi\"}]}<\/script>\n<!-- \/ Yoast SEO plugin. -->","yoast_head_json":{"title":"Ohje QR-koodin lukemiseen - Karjalainen","description":"Ohjeet QR-koodin lukemiseen, ja kuinka voit ottaa niiden avulla kaiken irti tilaukseesi kuuluvista digisis\u00e4ll\u00f6ist\u00e4.","robots":{"index":"index","follow":"follow","max-snippet":"max-snippet:-1","max-image-preview":"max-image-preview:large","max-video-preview":"max-video-preview:-1"},"canonical":"https:\/\/oma.media.fi\/karjalainen\/ohjeet\/","og_locale":"fi_FI","og_type":"article","og_title":"Ohje QR-koodin lukemiseen","og_description":"Ohjeet QR-koodin lukemiseen, ja kuinka voit ottaa niiden avulla kaiken irti tilaukseesi kuuluvista digisis\u00e4ll\u00f6ist\u00e4.","og_url":"https:\/\/oma.media.fi\/karjalainen\/ohjeet\/","og_site_name":"Karjalainen","article_publisher":"https:\/\/www.facebook.com\/SanomalehtiKarjalainen","og_image":[{"url":"https:\/\/oma.media.fi\/karjalainen\/wp-content\/uploads\/sites\/56\/2024\/09\/QR_koodi_oma_media.jpg","type":"","width":"","height":""}],"twitter_card":"summary_large_image","twitter_site":"@KarjalainenFi","twitter_misc":{"Arvioitu lukuaika":"3 minuuttia"},"schema":{"@context":"https:\/\/schema.org","@graph":[{"@type":"WebPage","@id":"https:\/\/oma.media.fi\/karjalainen\/ohjeet\/","url":"https:\/\/oma.media.fi\/karjalainen\/ohjeet\/","name":"Ohje QR-koodin lukemiseen - Karjalainen","isPartOf":{"@id":"https:\/\/oma.media.fi\/karjalainen\/#website"},"primaryImageOfPage":{"@id":"https:\/\/oma.media.fi\/karjalainen\/ohjeet\/#primaryimage"},"image":{"@id":"https:\/\/oma.media.fi\/karjalainen\/ohjeet\/#primaryimage"},"thumbnailUrl":"https:\/\/oma.media.fi\/karjalainen\/wp-content\/uploads\/sites\/56\/2024\/09\/QR_koodi_oma_media.jpg","datePublished":"2023-04-18T10:23:36+00:00","description":"Ohjeet QR-koodin lukemiseen, ja kuinka voit ottaa niiden avulla kaiken irti tilaukseesi kuuluvista digisis\u00e4ll\u00f6ist\u00e4.","breadcrumb":{"@id":"https:\/\/oma.media.fi\/karjalainen\/ohjeet\/#breadcrumb"},"inLanguage":"fi","potentialAction":[{"@type":"ReadAction","target":["https:\/\/oma.media.fi\/karjalainen\/ohjeet\/"]}]},{"@type":"ImageObject","inLanguage":"fi","@id":"https:\/\/oma.media.fi\/karjalainen\/ohjeet\/#primaryimage","url":"https:\/\/oma.media.fi\/karjalainen\/wp-content\/uploads\/sites\/56\/2024\/09\/QR_koodi_oma_media.jpg","contentUrl":"https:\/\/oma.media.fi\/karjalainen\/wp-content\/uploads\/sites\/56\/2024\/09\/QR_koodi_oma_media.jpg"},{"@type":"BreadcrumbList","@id":"https:\/\/oma.media.fi\/karjalainen\/ohjeet\/#breadcrumb","itemListElement":[{"@type":"ListItem","position":1,"name":"Etusivu","item":"https:\/\/oma.media.fi\/karjalainen\/"},{"@type":"ListItem","position":2,"name":"Ohje QR-koodin lukemiseen"}]},{"@type":"WebSite","@id":"https:\/\/oma.media.fi\/karjalainen\/#website","url":"https:\/\/oma.media.fi\/karjalainen\/","name":"Karjalainen","description":"Sanomalehti Karjalainen - asiakaspalvelu","alternateName":"Sanomalehti Karjalainen asiakaspalvelu","potentialAction":[{"@type":"SearchAction","target":{"@type":"EntryPoint","urlTemplate":"https:\/\/oma.media.fi\/karjalainen\/?s={search_term_string}"},"query-input":{"@type":"PropertyValueSpecification","valueRequired":true,"valueName":"search_term_string"}}],"inLanguage":"fi"}]}},"publishpress_future_action":{"enabled":false,"date":"2026-04-21 11:40:22","action":"change-status","newStatus":"draft","terms":[],"taxonomy":"","extraData":[]},"publishpress_future_workflow_manual_trigger":{"enabledWorkflows":[]},"_links":{"self":[{"href":"https:\/\/oma.media.fi\/karjalainen\/wp-json\/wp\/v2\/pages\/115","targetHints":{"allow":["GET"]}}],"collection":[{"href":"https:\/\/oma.media.fi\/karjalainen\/wp-json\/wp\/v2\/pages"}],"about":[{"href":"https:\/\/oma.media.fi\/karjalainen\/wp-json\/wp\/v2\/types\/page"}],"author":[{"embeddable":true,"href":"https:\/\/oma.media.fi\/karjalainen\/wp-json\/wp\/v2\/users\/46"}],"replies":[{"embeddable":true,"href":"https:\/\/oma.media.fi\/karjalainen\/wp-json\/wp\/v2\/comments?post=115"}],"version-history":[{"count":1,"href":"https:\/\/oma.media.fi\/karjalainen\/wp-json\/wp\/v2\/pages\/115\/revisions"}],"predecessor-version":[{"id":119,"href":"https:\/\/oma.media.fi\/karjalainen\/wp-json\/wp\/v2\/pages\/115\/revisions\/119"}],"wp:attachment":[{"href":"https:\/\/oma.media.fi\/karjalainen\/wp-json\/wp\/v2\/media?parent=115"}],"curies":[{"name":"wp","href":"https:\/\/api.w.org\/{rel}","templated":true}]}}