{"id":185,"date":"2018-10-17T13:17:59","date_gmt":"2018-10-17T10:17:59","guid":{"rendered":"https:\/\/oma.media.fi\/karjalainen\/yhteystiedot\/"},"modified":"2026-02-04T10:29:54","modified_gmt":"2026-02-04T08:29:54","slug":"yhteystiedot","status":"publish","type":"page","link":"https:\/\/oma.media.fi\/karjalainen\/yhteystiedot\/","title":{"rendered":"Yhteystiedot"},"content":{"rendered":"<h2>Tilaukset<\/h2>\n<p>Digipalvelut, osoitteenmuutokset, jakelunkeskeytykset, asiakastietojen muutokset sek\u00e4<br \/>\nmuut tilauksiin liittyv\u00e4t asiat.<\/p>\n<p><a href=\"https:\/\/oma.media.fi\/karjalainen\"><strong>Asiakaspalvelua verkossa 24\/7<\/strong><\/a><\/p>\n<h2>Lukijailmoitukset<\/h2>\n<p>J\u00e4rjest\u00f6ilmoitukset, luokitellut ilmoitukset, perheilmoitukset, kuolinilmoitukset ja surukiitokset<\/p>\n<p><strong>J\u00e4t\u00e4 ilmoitus 24\/7 <a href=\"https:\/\/oma.media.fi\/karjalainen\/ilmoita\/\">karjalainen.fi\/ilmoita<\/a><\/strong><\/p>\n<h2>Asiakaspalvelu<\/h2>\n<p>Tilauksiin ja lukijailmoituksiin liittyv\u00e4t asiat.<\/p>\n<p><strong>Puhelinpalvelu\u00a0<\/strong>014 622 133<br \/>\nAvoinna: ma-pe klo 8.00-18.00<\/p>\n<p>Tallennamme puhelut asiakaspalvelutapahtumien varmentamiseksi<br \/>\nsek\u00e4 asiakaspalvelun koulutusta varten. Puhelun hinta mpm\/pvm, jonotus on maksullista.<\/p>\n<p><a class=\"button\" href=\"https:\/\/oma.media.fi\/karjalainen\/yhteystiedot\/ota-yhteytta\/\">Ota yhteytt\u00e4 asiakaspalveluun<\/a><\/p>\n<h2><strong>Jakelu, jakeluh\u00e4iri\u00f6t ja puuttuvat lehdet<\/strong><\/h2>\n<p><a class=\"button\" href=\"https:\/\/oma.media.fi\/karjalainen\/yhteystiedot\/jakelupalaute\/\">Ilmoita jakeluvirheest\u00e4<\/a><\/p>\n<p><strong>Postin varhaisjakelu\u00a0<\/strong><br \/>\np. 0200 71400 (pvm\/mpm), jonotus on maksullista<br \/>\nma-pe klo 6.30-16.00, la-su klo 6.30-12.00<br \/>\nVarhaisjakelu toimittaa puuttuneen lehden seuraavan aamun jakelussa.<\/p>\n<p><strong>Postin perusjakelu, kaikki perusjakelun paikkakunnat<\/strong><br \/>\np. 0100 5577 (pvm\/mpm), jonotus on maksullista<br \/>\nma-pe klo 8.00-16.00<\/p>\n<h2>Mediamyynti<\/h2>\n<p>Yhteystiedot l\u00f6yd\u00e4t <a href=\"https:\/\/meks.fi\/yhteystiedot\/\">mediamyynnin sivuilta<\/a>.<\/p>\n<h2>Medialaskutus<\/h2>\n<p>p. 09 2730 0230 (pvm\/mpm), ma-pe 9.00-14.00<br \/>\n<a href=\"&#x6d;&#x61;&#x69;&#108;&#116;&#111;:l&#x61;&#x73;&#x6b;&#x75;&#116;&#117;s&#46;&#x6b;&#x65;&#x73;&#x6b;&#105;&#115;uo&#x6d;&#x61;&#x6c;&#x61;&#105;&#110;&#101;nm&#x65;&#x64;&#x69;&#x61;&#64;&#109;ed&#x69;&#x61;&#x2e;&#x66;&#105;\">&#x6c;&#97;s&#x6b;&#x75;&#116;u&#x73;&#46;k&#x65;&#x73;&#107;i&#x73;&#117;o&#x6d;&#x61;&#108;a&#x69;&#x6e;&#101;&#x6e;&#x6d;&#101;d&#x69;&#x61;&#64;m&#x65;&#100;i&#x61;&#x2e;&#102;i<\/a><\/p>\n<h2>Toimitus<\/h2>\n<p><strong>K\u00e4yntiosoite:<\/strong> Kosti Aaltosen tie 9, 80140 Joensuu<br \/>\n<strong>Postiosoite:<\/strong> PL 99, 80141 Joensuu<\/p>\n<p><a href=\"mail&#116;&#111;&#58;&#116;&#111;&#105;&#109;&#x69;&#x74;&#x75;&#x73;&#x40;&#x6b;&#x61;&#x72;&#x6a;alai&#110;&#101;&#110;&#46;&#102;&#105;\">&#116;&#x6f;i&#109;&#x69;t&#117;&#x73;&#64;&#107;&#x61;r&#106;&#x61;l&#97;&#x69;n&#101;&#x6e;&#46;&#102;&#x69;<\/a><\/p>\n<p>Suora linja, mielipidekirjoitukset paperilehteen: <a href=\"&#109;&#x61;&#x69;l&#116;&#x6f;:&#109;&#x69;&#x65;&#108;&#x69;&#x70;i&#100;&#x65;&#64;&#107;&#x61;&#x72;&#106;&#x61;&#x6c;a&#105;&#x6e;e&#110;&#x2e;&#x66;&#105;\">&#x6d;i&#x65;&#108;&#x69;&#112;i&#x64;&#101;&#x40;&#107;a&#x72;&#106;&#x61;&#108;a&#x69;n&#x65;&#110;&#x2e;&#x66;i<\/a><\/p>\n<p>X: <a href=\"https:\/\/x.com\/KarjalainenFi\">@KarjalainenFi<\/a><\/p>\n<p>Facebook: <a href=\"https:\/\/www.facebook.com\/SanomalehtiKarjalainen\">facebook.com\/SanomalehtiKarjalainen<\/a><\/p>\n<p>Toimitus, uutisvihjeet p. 050 350 0245 <span data-teams=\"true\"><span class=\"ui-provider a b c d e f g h i j k l m n o p q r s t u v w x y z ab ac ae af ag ah ai aj ak\" dir=\"ltr\">(pvm\/mpm)<\/span><\/span><br \/>\nUrheilutoimitus p. 050 350 0465 (pvm\/mpm)<\/p>\n<p><a href=\"https:\/\/oma.media.fi\/karjalainen\/yhteystiedot\/toimitus\/\">Karjalaisen toimituksen kaikki yhteystiedot<\/a><\/p>\n<p><span style=\"color: #000000\">Henkil\u00f6kohtaiset s\u00e4hk\u00f6postit: et&#117;&#110;&#105;&#x6d;&#x69;&#x2e;&#x73;uk&#117;&#110;&#105;&#x6d;&#x69;&#x40;&#x6b;ar&#106;&#97;&#108;&#x61;&#x69;&#x6e;&#x65;n&#46;&#102;&#105;<\/span><\/p>\n<p><a class=\"button\" href=\"https:\/\/oma.media.fi\/karjalainen\/yhteystiedot\/juttuvinkki\/\">J\u00e4t\u00e4 juttuvinkki<\/a><\/p>\n<p>Kaikki sis\u00e4ll\u00f6t voidaan julkaista kaikissa Mediakonserni Keskisuomalaisen medioissa.<\/p>\n","protected":false},"excerpt":{"rendered":"<p>Tilaukset Digipalvelut, osoitteenmuutokset, jakelunkeskeytykset, asiakastietojen muutokset sek\u00e4 muut tilauksiin liittyv\u00e4t asiat. Asiakaspalvelua verkossa 24\/7 Lukijailmoitukset J\u00e4rjest\u00f6ilmoitukset, luokitellut ilmoitukset, perheilmoitukset, kuolinilmoitukset ja surukiitokset J\u00e4t\u00e4 ilmoitus 24\/7 karjalainen.fi\/ilmoita Asiakaspalvelu Tilauksiin ja lukijailmoituksiin liittyv\u00e4t asiat. Puhelinpalvelu\u00a0014 622 133 Avoinna: ma-pe klo 8.00-18.00 Tallennamme puhelut asiakaspalvelutapahtumien varmentamiseksi sek\u00e4 asiakaspalvelun koulutusta varten. Puhelun hinta mpm\/pvm, jonotus on maksullista. Ota yhteytt\u00e4 [&hellip;]<\/p>\n","protected":false},"author":1,"featured_media":0,"parent":0,"menu_order":0,"comment_status":"closed","ping_status":"closed","template":"","meta":{"_acf_changed":false,"footnotes":""},"class_list":["post-185","page","type-page","status-publish","hentry"],"acf":[],"yoast_head":"<!-- This site is optimized with the Yoast SEO plugin v26.2 - https:\/\/yoast.com\/wordpress\/plugins\/seo\/ -->\n<title>Yhteystiedot - Karjalainen<\/title>\n<meta name=\"description\" content=\"Etsitk\u00f6 yhteystietoja vai haluatko antaa palautetta? Mediatalo Keskisuomalaisen asiakaspalveluiden yhteystiedot, palautekanavat ja juttuvinkit.\" \/>\n<meta name=\"robots\" content=\"index, follow, max-snippet:-1, max-image-preview:large, max-video-preview:-1\" \/>\n<link rel=\"canonical\" href=\"https:\/\/oma.media.fi\/karjalainen\/yhteystiedot\/\" \/>\n<meta property=\"og:locale\" content=\"fi_FI\" \/>\n<meta property=\"og:type\" content=\"article\" \/>\n<meta property=\"og:title\" content=\"Yhteystiedot\" \/>\n<meta property=\"og:description\" content=\"Etsitk\u00f6 yhteystietoja vai haluatko antaa palautetta? Mediatalo Keskisuomalaisen asiakaspalveluiden yhteystiedot, palautekanavat ja juttuvinkit.\" \/>\n<meta property=\"og:url\" content=\"https:\/\/oma.media.fi\/karjalainen\/yhteystiedot\/\" \/>\n<meta property=\"og:site_name\" content=\"Karjalainen\" \/>\n<meta property=\"article:publisher\" content=\"https:\/\/www.facebook.com\/SanomalehtiKarjalainen\" \/>\n<meta property=\"article:modified_time\" content=\"2026-02-04T08:29:54+00:00\" \/>\n<meta property=\"og:image\" content=\"https:\/\/oma.media.fi\/karjalainen\/wp-content\/uploads\/sites\/56\/2024\/09\/og-image-karjalainen.jpg\" \/>\n\t<meta property=\"og:image:width\" content=\"1200\" \/>\n\t<meta property=\"og:image:height\" content=\"630\" \/>\n\t<meta property=\"og:image:type\" content=\"image\/jpeg\" \/>\n<meta name=\"twitter:card\" content=\"summary_large_image\" \/>\n<meta name=\"twitter:site\" content=\"@KarjalainenFi\" \/>\n<meta name=\"twitter:label1\" content=\"Arvioitu lukuaika\" \/>\n\t<meta name=\"twitter:data1\" content=\"2 minuuttia\" \/>\n<script type=\"application\/ld+json\" class=\"yoast-schema-graph\">{\"@context\":\"https:\/\/schema.org\",\"@graph\":[{\"@type\":\"WebPage\",\"@id\":\"https:\/\/oma.media.fi\/karjalainen\/yhteystiedot\/\",\"url\":\"https:\/\/oma.media.fi\/karjalainen\/yhteystiedot\/\",\"name\":\"Yhteystiedot - Karjalainen\",\"isPartOf\":{\"@id\":\"https:\/\/oma.media.fi\/karjalainen\/#website\"},\"datePublished\":\"2018-10-17T10:17:59+00:00\",\"dateModified\":\"2026-02-04T08:29:54+00:00\",\"description\":\"Etsitk\u00f6 yhteystietoja vai haluatko antaa palautetta? Mediatalo Keskisuomalaisen asiakaspalveluiden yhteystiedot, palautekanavat ja juttuvinkit.\",\"breadcrumb\":{\"@id\":\"https:\/\/oma.media.fi\/karjalainen\/yhteystiedot\/#breadcrumb\"},\"inLanguage\":\"fi\",\"potentialAction\":[{\"@type\":\"ReadAction\",\"target\":[\"https:\/\/oma.media.fi\/karjalainen\/yhteystiedot\/\"]}]},{\"@type\":\"BreadcrumbList\",\"@id\":\"https:\/\/oma.media.fi\/karjalainen\/yhteystiedot\/#breadcrumb\",\"itemListElement\":[{\"@type\":\"ListItem\",\"position\":1,\"name\":\"Etusivu\",\"item\":\"https:\/\/oma.media.fi\/karjalainen\/\"},{\"@type\":\"ListItem\",\"position\":2,\"name\":\"Yhteystiedot\"}]},{\"@type\":\"WebSite\",\"@id\":\"https:\/\/oma.media.fi\/karjalainen\/#website\",\"url\":\"https:\/\/oma.media.fi\/karjalainen\/\",\"name\":\"Karjalainen\",\"description\":\"Sanomalehti Karjalainen - asiakaspalvelu\",\"alternateName\":\"Sanomalehti Karjalainen asiakaspalvelu\",\"potentialAction\":[{\"@type\":\"SearchAction\",\"target\":{\"@type\":\"EntryPoint\",\"urlTemplate\":\"https:\/\/oma.media.fi\/karjalainen\/?s={search_term_string}\"},\"query-input\":{\"@type\":\"PropertyValueSpecification\",\"valueRequired\":true,\"valueName\":\"search_term_string\"}}],\"inLanguage\":\"fi\"}]}<\/script>\n<!-- \/ Yoast SEO plugin. -->","yoast_head_json":{"title":"Yhteystiedot - Karjalainen","description":"Etsitk\u00f6 yhteystietoja vai haluatko antaa palautetta? Mediatalo Keskisuomalaisen asiakaspalveluiden yhteystiedot, palautekanavat ja juttuvinkit.","robots":{"index":"index","follow":"follow","max-snippet":"max-snippet:-1","max-image-preview":"max-image-preview:large","max-video-preview":"max-video-preview:-1"},"canonical":"https:\/\/oma.media.fi\/karjalainen\/yhteystiedot\/","og_locale":"fi_FI","og_type":"article","og_title":"Yhteystiedot","og_description":"Etsitk\u00f6 yhteystietoja vai haluatko antaa palautetta? Mediatalo Keskisuomalaisen asiakaspalveluiden yhteystiedot, palautekanavat ja juttuvinkit.","og_url":"https:\/\/oma.media.fi\/karjalainen\/yhteystiedot\/","og_site_name":"Karjalainen","article_publisher":"https:\/\/www.facebook.com\/SanomalehtiKarjalainen","article_modified_time":"2026-02-04T08:29:54+00:00","og_image":[{"width":1200,"height":630,"url":"https:\/\/oma.media.fi\/karjalainen\/wp-content\/uploads\/sites\/56\/2024\/09\/og-image-karjalainen.jpg","type":"image\/jpeg"}],"twitter_card":"summary_large_image","twitter_site":"@KarjalainenFi","twitter_misc":{"Arvioitu lukuaika":"2 minuuttia"},"schema":{"@context":"https:\/\/schema.org","@graph":[{"@type":"WebPage","@id":"https:\/\/oma.media.fi\/karjalainen\/yhteystiedot\/","url":"https:\/\/oma.media.fi\/karjalainen\/yhteystiedot\/","name":"Yhteystiedot - Karjalainen","isPartOf":{"@id":"https:\/\/oma.media.fi\/karjalainen\/#website"},"datePublished":"2018-10-17T10:17:59+00:00","dateModified":"2026-02-04T08:29:54+00:00","description":"Etsitk\u00f6 yhteystietoja vai haluatko antaa palautetta? Mediatalo Keskisuomalaisen asiakaspalveluiden yhteystiedot, palautekanavat ja juttuvinkit.","breadcrumb":{"@id":"https:\/\/oma.media.fi\/karjalainen\/yhteystiedot\/#breadcrumb"},"inLanguage":"fi","potentialAction":[{"@type":"ReadAction","target":["https:\/\/oma.media.fi\/karjalainen\/yhteystiedot\/"]}]},{"@type":"BreadcrumbList","@id":"https:\/\/oma.media.fi\/karjalainen\/yhteystiedot\/#breadcrumb","itemListElement":[{"@type":"ListItem","position":1,"name":"Etusivu","item":"https:\/\/oma.media.fi\/karjalainen\/"},{"@type":"ListItem","position":2,"name":"Yhteystiedot"}]},{"@type":"WebSite","@id":"https:\/\/oma.media.fi\/karjalainen\/#website","url":"https:\/\/oma.media.fi\/karjalainen\/","name":"Karjalainen","description":"Sanomalehti Karjalainen - asiakaspalvelu","alternateName":"Sanomalehti Karjalainen asiakaspalvelu","potentialAction":[{"@type":"SearchAction","target":{"@type":"EntryPoint","urlTemplate":"https:\/\/oma.media.fi\/karjalainen\/?s={search_term_string}"},"query-input":{"@type":"PropertyValueSpecification","valueRequired":true,"valueName":"search_term_string"}}],"inLanguage":"fi"}]}},"publishpress_future_action":{"enabled":false,"date":"2026-04-19 21:55:38","action":"change-status","newStatus":"draft","terms":[],"taxonomy":"","extraData":[]},"publishpress_future_workflow_manual_trigger":{"enabledWorkflows":[]},"_links":{"self":[{"href":"https:\/\/oma.media.fi\/karjalainen\/wp-json\/wp\/v2\/pages\/185","targetHints":{"allow":["GET"]}}],"collection":[{"href":"https:\/\/oma.media.fi\/karjalainen\/wp-json\/wp\/v2\/pages"}],"about":[{"href":"https:\/\/oma.media.fi\/karjalainen\/wp-json\/wp\/v2\/types\/page"}],"author":[{"embeddable":true,"href":"https:\/\/oma.media.fi\/karjalainen\/wp-json\/wp\/v2\/users\/1"}],"replies":[{"embeddable":true,"href":"https:\/\/oma.media.fi\/karjalainen\/wp-json\/wp\/v2\/comments?post=185"}],"version-history":[{"count":25,"href":"https:\/\/oma.media.fi\/karjalainen\/wp-json\/wp\/v2\/pages\/185\/revisions"}],"predecessor-version":[{"id":1712,"href":"https:\/\/oma.media.fi\/karjalainen\/wp-json\/wp\/v2\/pages\/185\/revisions\/1712"}],"wp:attachment":[{"href":"https:\/\/oma.media.fi\/karjalainen\/wp-json\/wp\/v2\/media?parent=185"}],"curies":[{"name":"wp","href":"https:\/\/api.w.org\/{rel}","templated":true}]}}