{"id":693,"date":"2024-09-19T11:24:35","date_gmt":"2024-09-19T08:24:35","guid":{"rendered":"https:\/\/oma.media.fi\/karjalainen\/?page_id=693"},"modified":"2026-01-02T10:09:08","modified_gmt":"2026-01-02T08:09:08","slug":"toimitus","status":"publish","type":"page","link":"https:\/\/oma.media.fi\/karjalainen\/yhteystiedot\/toimitus\/","title":{"rendered":"Toimituksen yhteystiedot"},"content":{"rendered":"<h2>Toimituksen johto<\/h2>\n<p>Pasi Koivumaa, p\u00e4\u00e4toimittaja, 050 564 2903<\/p>\n<p>Terhi Nevalainen, toimitusp\u00e4\u00e4llikk\u00f6, 050 350 0242<\/p>\n<p>Anna Suoniemi, uutisp\u00e4\u00e4llikk\u00f6<span data-olk-copy-source=\"MessageBody\"> (vanhempainvapaalla)<\/span><\/p>\n<p>Olli Sorjonen, <span data-olk-copy-source=\"MessageBody\">va. uutisp\u00e4\u00e4llikk\u00f6<\/span>\u00a0 050 342 9897<\/p>\n<h2><strong>Toimittajat<\/strong><\/h2>\n<p>Mikko Ahvenainen (Pielisen Karjala), 050 325 8603<\/p>\n<p>Karita Hentunen, livel\u00e4hetysten vastaava tuottaja, 040 765 2738<\/p>\n<p>Miia Hartikainen, 050 452 2967<\/p>\n<p>Hannu Kauhanen, 050 350 0291<\/p>\n<p>Saija Kauhanen, 050 400 0498<\/p>\n<p>Arttu Koistinen, 050 448 3202<\/p>\n<p>Suonna Kononen (kulttuuri), 050 350 0462 (poissa)<\/p>\n<p>Jani Leinonen, 050 350 0475<\/p>\n<p>Juho Lintula, 050 433 8868<\/p>\n<p>Renne Ohtonen, 046 923 1502<\/p>\n<p>Heli Pottonen, 050 340 3128<\/p>\n<p>Heli Sallinen, 050 350 0457<\/p>\n<p>Jarmo Sievil\u00e4inen (urheilu), 050 596 3031<\/p>\n<p>Petri Siitonen (urheilu), 0400 674 994<\/p>\n<p>Kristiina Viitanen, editori, syvent\u00e4vien sis\u00e4lt\u00f6jen tuottaja, 050 376 2734<\/p>\n<p>Aaro Virolainen, 050 350 0248<\/p>\n<p>Liisa Yli-Ketola, 050 350 0458 (poissa)<\/p>\n<p>&nbsp;<\/p>\n<h2>Digip\u00e4\u00e4llikk\u00f6<\/h2>\n<p>Anni Rodriguez, 050 597 6103<\/p>\n<h2>Mielipidetoimitus<\/h2>\n<p>Sari Vanninen, 046 923 8068<\/p>\n<h2>Visuaalinen toimitus<\/h2>\n<p>Jusa H\u00e4m\u00e4l\u00e4inen (visuaalisen toimituksen esihenkil\u00f6), 040 594 5857<\/p>\n<p>Juha Inkinen (kuvaaja), 050 375 0787<\/p>\n<p>Mikko Makkonen (kuvaaja), 050 350 0389<\/p>\n<p>Marko Puumalainen (kuvaaja), 050 310 6399<\/p>\n<p>&nbsp;<\/p>\n<h2>Lehden taitto<\/h2>\n<p>Veikko Huotari, 050 597 9794<\/p>\n<p>Jarno H\u00e4tinen, 050 350 0493<\/p>\n<p>Jentta Ilanmaa 050 414 3584<\/p>\n<p>Petteri Ruotsalainen, 050 350 0247<\/p>\n<p>&nbsp;<\/p>\n<h2>Arkisto<\/h2>\n<p>Mervi Puustinen, 050 350 0540<\/p>\n<h2>Karjalainen Syke<\/h2>\n<p><a href=\"https:\/\/www.karjalainensyke.fi\/\">karjalainensyke.fi<\/a><\/p>\n<p>Radion mediamyynnin yhteystiedot l\u00f6ytyv\u00e4t\u00a0<a href=\"https:\/\/mediamyynti.karjalainen.fi\/\">t\u00e4\u00e4lt\u00e4<\/a>.<\/p>\n<p>Henkil\u00f6kohtaiset s\u00e4hk\u00f6postiosoitteet ovat muotoa et&#117;&#110;&#105;&#109;&#x69;&#x2e;&#x73;&#x75;&#x6b;un&#105;&#109;&#105;&#64;&#x6b;&#x61;&#x72;&#x6a;&#x61;la&#105;&#110;&#101;&#110;&#x2e;&#x66;&#x69;<\/p>\n<p>Karita Hentunen, vastaava tuottaja, 040 765 2738<\/p>\n<p>Studio: 013 682 4111 (pvm+mpm)<\/p>\n<p>Studion WhatsApp 050 330 9443<\/p>\n<p>Menovinkit, tiedotteet ja juttuideat: <a href=\"&#109;a&#x69;l&#x74;o&#x3a;&#116;&#x6f;&#105;&#x6d;&#105;t&#x75;s&#x2e;s&#x79;&#107;&#x65;&#64;&#x6b;&#97;&#x72;&#106;a&#x6c;a&#x69;n&#x65;&#110;&#x2e;&#102;&#x69;\">toimit&#117;&#115;&#46;&#115;&#121;&#107;&#101;&#x40;&#x6b;&#x61;&#x72;&#x6a;&#x61;&#x6c;&#x61;&#x69;&#x6e;&#x65;&#x6e;&#46;fi<\/a><\/p>\n<p>Postiosoite: PL 928, 80101 Joensuu<\/p>\n<p>K\u00e4yntiosoite: Kosti Aaltosen tie 9, Joensuu<\/p>\n<p>S\u00e4hk\u00f6posti: <a href=\"&#x6d;&#97;i&#x6c;&#116;o&#x3a;&#115;y&#x6b;&#101;&#64;&#x6b;&#97;r&#x6a;&#x61;l&#x61;&#x69;&#110;&#x65;&#x6e;&#46;&#x66;&#x69;\">&#115;&#121;&#x6b;&#x65;&#64;&#107;&#x61;&#x72;&#106;&#97;&#x6c;&#x61;&#105;&#110;&#x65;&#x6e;&#46;&#102;&#x69;<\/a><\/p>\n<h2>Uutissuomalainen, Teemasuomalainen ja Sunnuntaisuomalainen<\/h2>\n<p>Karjalainen on mukana useiden sanomalehtien yhteistoimituksissa Uutissuomalaisessa, Teemasuomalaisessa ja Sunnuntaisuomalaisessa. Katso yhteystiedot\u00a0<a href=\"https:\/\/www.uutissuomalainen.com\/\">t\u00e4\u00e4lt\u00e4<\/a>.<\/p>\n","protected":false},"excerpt":{"rendered":"<p>Toimituksen johto Pasi Koivumaa, p\u00e4\u00e4toimittaja, 050 564 2903 Terhi Nevalainen, toimitusp\u00e4\u00e4llikk\u00f6, 050 350 0242 Anna Suoniemi, uutisp\u00e4\u00e4llikk\u00f6 (vanhempainvapaalla) Olli Sorjonen, va. uutisp\u00e4\u00e4llikk\u00f6\u00a0 050 342 9897 Toimittajat Mikko Ahvenainen (Pielisen Karjala), 050 325 8603 Karita Hentunen, livel\u00e4hetysten vastaava tuottaja, 040 765 2738 Miia Hartikainen, 050 452 2967 Hannu Kauhanen, 050 350 0291 Saija Kauhanen, 050 400 [&hellip;]<\/p>\n","protected":false},"author":51,"featured_media":0,"parent":185,"menu_order":0,"comment_status":"closed","ping_status":"closed","template":"","meta":{"_acf_changed":false,"footnotes":""},"class_list":["post-693","page","type-page","status-publish","hentry"],"acf":[],"yoast_head":"<!-- This site is optimized with the Yoast SEO plugin v26.2 - https:\/\/yoast.com\/wordpress\/plugins\/seo\/ -->\n<title>Toimituksen yhteystiedot - Karjalainen<\/title>\n<meta name=\"robots\" content=\"index, follow, max-snippet:-1, max-image-preview:large, max-video-preview:-1\" \/>\n<link rel=\"canonical\" href=\"https:\/\/oma.media.fi\/karjalainen\/yhteystiedot\/toimitus\/\" \/>\n<meta property=\"og:locale\" content=\"fi_FI\" \/>\n<meta property=\"og:type\" content=\"article\" \/>\n<meta property=\"og:title\" content=\"Toimituksen yhteystiedot\" \/>\n<meta property=\"og:description\" content=\"Toimituksen johto Pasi Koivumaa, p\u00e4\u00e4toimittaja, 050 564 2903 Terhi Nevalainen, toimitusp\u00e4\u00e4llikk\u00f6, 050 350 0242 Anna Suoniemi, uutisp\u00e4\u00e4llikk\u00f6 (vanhempainvapaalla) Olli Sorjonen, va. uutisp\u00e4\u00e4llikk\u00f6\u00a0 050 342 9897 Toimittajat Mikko Ahvenainen (Pielisen Karjala), 050 325 8603 Karita Hentunen, livel\u00e4hetysten vastaava tuottaja, 040 765 2738 Miia Hartikainen, 050 452 2967 Hannu Kauhanen, 050 350 0291 Saija Kauhanen, 050 400 [&hellip;]\" \/>\n<meta property=\"og:url\" content=\"https:\/\/oma.media.fi\/karjalainen\/yhteystiedot\/toimitus\/\" \/>\n<meta property=\"og:site_name\" content=\"Karjalainen\" \/>\n<meta property=\"article:publisher\" content=\"https:\/\/www.facebook.com\/SanomalehtiKarjalainen\" \/>\n<meta property=\"article:modified_time\" content=\"2026-01-02T08:09:08+00:00\" \/>\n<meta property=\"og:image\" content=\"https:\/\/oma.media.fi\/karjalainen\/wp-content\/uploads\/sites\/56\/2024\/09\/og-image-karjalainen.jpg\" \/>\n\t<meta property=\"og:image:width\" content=\"1200\" \/>\n\t<meta property=\"og:image:height\" content=\"630\" \/>\n\t<meta property=\"og:image:type\" content=\"image\/jpeg\" \/>\n<meta name=\"twitter:card\" content=\"summary_large_image\" \/>\n<meta name=\"twitter:site\" content=\"@KarjalainenFi\" \/>\n<meta name=\"twitter:label1\" content=\"Arvioitu lukuaika\" \/>\n\t<meta name=\"twitter:data1\" content=\"2 minuuttia\" \/>\n<script type=\"application\/ld+json\" class=\"yoast-schema-graph\">{\"@context\":\"https:\/\/schema.org\",\"@graph\":[{\"@type\":\"WebPage\",\"@id\":\"https:\/\/oma.media.fi\/karjalainen\/yhteystiedot\/toimitus\/\",\"url\":\"https:\/\/oma.media.fi\/karjalainen\/yhteystiedot\/toimitus\/\",\"name\":\"Toimituksen yhteystiedot - Karjalainen\",\"isPartOf\":{\"@id\":\"https:\/\/oma.media.fi\/karjalainen\/#website\"},\"datePublished\":\"2024-09-19T08:24:35+00:00\",\"dateModified\":\"2026-01-02T08:09:08+00:00\",\"breadcrumb\":{\"@id\":\"https:\/\/oma.media.fi\/karjalainen\/yhteystiedot\/toimitus\/#breadcrumb\"},\"inLanguage\":\"fi\",\"potentialAction\":[{\"@type\":\"ReadAction\",\"target\":[\"https:\/\/oma.media.fi\/karjalainen\/yhteystiedot\/toimitus\/\"]}]},{\"@type\":\"BreadcrumbList\",\"@id\":\"https:\/\/oma.media.fi\/karjalainen\/yhteystiedot\/toimitus\/#breadcrumb\",\"itemListElement\":[{\"@type\":\"ListItem\",\"position\":1,\"name\":\"Etusivu\",\"item\":\"https:\/\/oma.media.fi\/karjalainen\/\"},{\"@type\":\"ListItem\",\"position\":2,\"name\":\"Yhteystiedot\",\"item\":\"https:\/\/oma.media.fi\/karjalainen\/yhteystiedot\/\"},{\"@type\":\"ListItem\",\"position\":3,\"name\":\"Toimituksen yhteystiedot\"}]},{\"@type\":\"WebSite\",\"@id\":\"https:\/\/oma.media.fi\/karjalainen\/#website\",\"url\":\"https:\/\/oma.media.fi\/karjalainen\/\",\"name\":\"Karjalainen\",\"description\":\"Sanomalehti Karjalainen - asiakaspalvelu\",\"alternateName\":\"Sanomalehti Karjalainen asiakaspalvelu\",\"potentialAction\":[{\"@type\":\"SearchAction\",\"target\":{\"@type\":\"EntryPoint\",\"urlTemplate\":\"https:\/\/oma.media.fi\/karjalainen\/?s={search_term_string}\"},\"query-input\":{\"@type\":\"PropertyValueSpecification\",\"valueRequired\":true,\"valueName\":\"search_term_string\"}}],\"inLanguage\":\"fi\"}]}<\/script>\n<!-- \/ Yoast SEO plugin. -->","yoast_head_json":{"title":"Toimituksen yhteystiedot - Karjalainen","robots":{"index":"index","follow":"follow","max-snippet":"max-snippet:-1","max-image-preview":"max-image-preview:large","max-video-preview":"max-video-preview:-1"},"canonical":"https:\/\/oma.media.fi\/karjalainen\/yhteystiedot\/toimitus\/","og_locale":"fi_FI","og_type":"article","og_title":"Toimituksen yhteystiedot","og_description":"Toimituksen johto Pasi Koivumaa, p\u00e4\u00e4toimittaja, 050 564 2903 Terhi Nevalainen, toimitusp\u00e4\u00e4llikk\u00f6, 050 350 0242 Anna Suoniemi, uutisp\u00e4\u00e4llikk\u00f6 (vanhempainvapaalla) Olli Sorjonen, va. uutisp\u00e4\u00e4llikk\u00f6\u00a0 050 342 9897 Toimittajat Mikko Ahvenainen (Pielisen Karjala), 050 325 8603 Karita Hentunen, livel\u00e4hetysten vastaava tuottaja, 040 765 2738 Miia Hartikainen, 050 452 2967 Hannu Kauhanen, 050 350 0291 Saija Kauhanen, 050 400 [&hellip;]","og_url":"https:\/\/oma.media.fi\/karjalainen\/yhteystiedot\/toimitus\/","og_site_name":"Karjalainen","article_publisher":"https:\/\/www.facebook.com\/SanomalehtiKarjalainen","article_modified_time":"2026-01-02T08:09:08+00:00","og_image":[{"width":1200,"height":630,"url":"https:\/\/oma.media.fi\/karjalainen\/wp-content\/uploads\/sites\/56\/2024\/09\/og-image-karjalainen.jpg","type":"image\/jpeg"}],"twitter_card":"summary_large_image","twitter_site":"@KarjalainenFi","twitter_misc":{"Arvioitu lukuaika":"2 minuuttia"},"schema":{"@context":"https:\/\/schema.org","@graph":[{"@type":"WebPage","@id":"https:\/\/oma.media.fi\/karjalainen\/yhteystiedot\/toimitus\/","url":"https:\/\/oma.media.fi\/karjalainen\/yhteystiedot\/toimitus\/","name":"Toimituksen yhteystiedot - Karjalainen","isPartOf":{"@id":"https:\/\/oma.media.fi\/karjalainen\/#website"},"datePublished":"2024-09-19T08:24:35+00:00","dateModified":"2026-01-02T08:09:08+00:00","breadcrumb":{"@id":"https:\/\/oma.media.fi\/karjalainen\/yhteystiedot\/toimitus\/#breadcrumb"},"inLanguage":"fi","potentialAction":[{"@type":"ReadAction","target":["https:\/\/oma.media.fi\/karjalainen\/yhteystiedot\/toimitus\/"]}]},{"@type":"BreadcrumbList","@id":"https:\/\/oma.media.fi\/karjalainen\/yhteystiedot\/toimitus\/#breadcrumb","itemListElement":[{"@type":"ListItem","position":1,"name":"Etusivu","item":"https:\/\/oma.media.fi\/karjalainen\/"},{"@type":"ListItem","position":2,"name":"Yhteystiedot","item":"https:\/\/oma.media.fi\/karjalainen\/yhteystiedot\/"},{"@type":"ListItem","position":3,"name":"Toimituksen yhteystiedot"}]},{"@type":"WebSite","@id":"https:\/\/oma.media.fi\/karjalainen\/#website","url":"https:\/\/oma.media.fi\/karjalainen\/","name":"Karjalainen","description":"Sanomalehti Karjalainen - asiakaspalvelu","alternateName":"Sanomalehti Karjalainen asiakaspalvelu","potentialAction":[{"@type":"SearchAction","target":{"@type":"EntryPoint","urlTemplate":"https:\/\/oma.media.fi\/karjalainen\/?s={search_term_string}"},"query-input":{"@type":"PropertyValueSpecification","valueRequired":true,"valueName":"search_term_string"}}],"inLanguage":"fi"}]}},"publishpress_future_action":{"enabled":false,"date":"2026-04-19 23:35:30","action":"change-status","newStatus":"draft","terms":[],"taxonomy":"","extraData":[]},"publishpress_future_workflow_manual_trigger":{"enabledWorkflows":[]},"_links":{"self":[{"href":"https:\/\/oma.media.fi\/karjalainen\/wp-json\/wp\/v2\/pages\/693","targetHints":{"allow":["GET"]}}],"collection":[{"href":"https:\/\/oma.media.fi\/karjalainen\/wp-json\/wp\/v2\/pages"}],"about":[{"href":"https:\/\/oma.media.fi\/karjalainen\/wp-json\/wp\/v2\/types\/page"}],"author":[{"embeddable":true,"href":"https:\/\/oma.media.fi\/karjalainen\/wp-json\/wp\/v2\/users\/51"}],"replies":[{"embeddable":true,"href":"https:\/\/oma.media.fi\/karjalainen\/wp-json\/wp\/v2\/comments?post=693"}],"version-history":[{"count":13,"href":"https:\/\/oma.media.fi\/karjalainen\/wp-json\/wp\/v2\/pages\/693\/revisions"}],"predecessor-version":[{"id":1672,"href":"https:\/\/oma.media.fi\/karjalainen\/wp-json\/wp\/v2\/pages\/693\/revisions\/1672"}],"up":[{"embeddable":true,"href":"https:\/\/oma.media.fi\/karjalainen\/wp-json\/wp\/v2\/pages\/185"}],"wp:attachment":[{"href":"https:\/\/oma.media.fi\/karjalainen\/wp-json\/wp\/v2\/media?parent=693"}],"curies":[{"name":"wp","href":"https:\/\/api.w.org\/{rel}","templated":true}]}}