{"id":708,"date":"2018-11-19T15:06:34","date_gmt":"2018-11-19T12:06:34","guid":{"rendered":"https:\/\/oma.media.fi\/keski-hame\/ilmestymispaivat\/"},"modified":"2026-01-07T10:56:28","modified_gmt":"2026-01-07T08:56:28","slug":"ilmestymispaivat","status":"publish","type":"page","link":"https:\/\/oma.media.fi\/keski-hame\/ilmestymispaivat\/","title":{"rendered":"Ilmestymisp\u00e4iv\u00e4t"},"content":{"rendered":"<p><strong>Paikallislehti<\/strong>\u00a0<strong>Keski-H\u00e4me<\/strong>\u00a0ilmestyy kerran viikossa torstaisin. Painetun lehden n\u00e4k\u00f6islehti on luettavissa verkossa lehden ilmestymisp\u00e4ivin\u00e4 ja j\u00e4lkik\u00e4teen arkistossa.<\/p>\n<p>Isot juhlapyh\u00e4t voivat aiheuttaa ilmestymisp\u00e4iv\u00e4n muutoksen, mutta poikkeuksista ilmestymisaikataulussa ilmoitetaan sek\u00e4 lukijoille ett\u00e4 mainostajille etuk\u00e4teen.<\/p>\n<div class=\"table--responsive\">\n<h3><strong>Painetun lehden poikkeukselliset ilmestymisp\u00e4iv\u00e4t vuonna 2026:<\/strong><\/h3>\n<div class=\"table--responsive\"><table style=\"height: 168px\" width=\"787\">\n<tbody>\n<tr>\n<td style=\"width: 113px\">Viikolla 1<\/td>\n<td style=\"width: 362px\">ilmestyy poikkeuksellisesti perjantaina 2.1.<\/td>\n<td style=\"width: 291px\"><\/td>\n<\/tr>\n<tr>\n<td style=\"width: 113px\">Viikolla 20<\/td>\n<td style=\"width: 362px\">ilmestyy poikkeuksellisesti keskiviikkona 13.5.<\/td>\n<td style=\"width: 291px\"><\/td>\n<\/tr>\n<tr>\n<td style=\"width: 113px\">Viikolla 23<\/td>\n<td style=\"width: 362px\">ilmestyy poikkeuksellisesti lauantaina 6.6.<\/td>\n<td style=\"width: 291px\">Kes\u00e4lehti<\/td>\n<\/tr>\n<tr>\n<td style=\"width: 113px\">Viikolla 52<\/td>\n<td style=\"width: 362px\">ilmestyy poikkeuksellisesti keskiviikkona 23.12.<\/td>\n<td style=\"width: 291px\"><\/td>\n<\/tr>\n<\/tbody>\n<\/table><\/div>\n<\/div>\n","protected":false},"excerpt":{"rendered":"<p>Paikallislehti\u00a0Keski-H\u00e4me\u00a0ilmestyy kerran viikossa torstaisin. Painetun lehden n\u00e4k\u00f6islehti on luettavissa verkossa lehden ilmestymisp\u00e4ivin\u00e4 ja j\u00e4lkik\u00e4teen arkistossa. Isot juhlapyh\u00e4t voivat aiheuttaa ilmestymisp\u00e4iv\u00e4n muutoksen, mutta poikkeuksista ilmestymisaikataulussa ilmoitetaan sek\u00e4 lukijoille ett\u00e4 mainostajille etuk\u00e4teen. Painetun lehden poikkeukselliset ilmestymisp\u00e4iv\u00e4t vuonna 2026: Viikolla 1 ilmestyy poikkeuksellisesti perjantaina 2.1. Viikolla 20 ilmestyy poikkeuksellisesti keskiviikkona 13.5. Viikolla 23 ilmestyy poikkeuksellisesti lauantaina 6.6. Kes\u00e4lehti [&hellip;]<\/p>\n","protected":false},"author":1,"featured_media":0,"parent":0,"menu_order":0,"comment_status":"closed","ping_status":"closed","template":"","meta":{"_acf_changed":false,"footnotes":""},"class_list":["post-708","page","type-page","status-publish","hentry"],"acf":[],"yoast_head":"<!-- This site is optimized with the Yoast SEO plugin v26.2 - https:\/\/yoast.com\/wordpress\/plugins\/seo\/ -->\n<title>Ilmestymisp\u00e4iv\u00e4t - Keski-H\u00e4me<\/title>\n<meta name=\"robots\" content=\"index, follow, max-snippet:-1, max-image-preview:large, max-video-preview:-1\" \/>\n<link rel=\"canonical\" href=\"https:\/\/oma.media.fi\/keski-hame\/ilmestymispaivat\/\" \/>\n<meta property=\"og:locale\" content=\"fi_FI\" \/>\n<meta property=\"og:type\" content=\"article\" \/>\n<meta property=\"og:title\" content=\"Ilmestymisp\u00e4iv\u00e4t\" \/>\n<meta property=\"og:description\" content=\"Paikallislehti\u00a0Keski-H\u00e4me\u00a0ilmestyy kerran viikossa torstaisin. Painetun lehden n\u00e4k\u00f6islehti on luettavissa verkossa lehden ilmestymisp\u00e4ivin\u00e4 ja j\u00e4lkik\u00e4teen arkistossa. Isot juhlapyh\u00e4t voivat aiheuttaa ilmestymisp\u00e4iv\u00e4n muutoksen, mutta poikkeuksista ilmestymisaikataulussa ilmoitetaan sek\u00e4 lukijoille ett\u00e4 mainostajille etuk\u00e4teen. Painetun lehden poikkeukselliset ilmestymisp\u00e4iv\u00e4t vuonna 2026: Viikolla 1 ilmestyy poikkeuksellisesti perjantaina 2.1. Viikolla 20 ilmestyy poikkeuksellisesti keskiviikkona 13.5. Viikolla 23 ilmestyy poikkeuksellisesti lauantaina 6.6. Kes\u00e4lehti [&hellip;]\" \/>\n<meta property=\"og:url\" content=\"https:\/\/oma.media.fi\/keski-hame\/ilmestymispaivat\/\" \/>\n<meta property=\"og:site_name\" content=\"Keski-H\u00e4me\" \/>\n<meta property=\"article:modified_time\" content=\"2026-01-07T08:56:28+00:00\" \/>\n<meta name=\"twitter:card\" content=\"summary_large_image\" \/>\n<meta name=\"twitter:label1\" content=\"Arvioitu lukuaika\" \/>\n\t<meta name=\"twitter:data1\" content=\"1 minuutti\" \/>\n<script type=\"application\/ld+json\" class=\"yoast-schema-graph\">{\"@context\":\"https:\/\/schema.org\",\"@graph\":[{\"@type\":\"WebPage\",\"@id\":\"https:\/\/oma.media.fi\/keski-hame\/ilmestymispaivat\/\",\"url\":\"https:\/\/oma.media.fi\/keski-hame\/ilmestymispaivat\/\",\"name\":\"Ilmestymisp\u00e4iv\u00e4t - Keski-H\u00e4me\",\"isPartOf\":{\"@id\":\"https:\/\/oma.media.fi\/keski-hame\/#website\"},\"datePublished\":\"2018-11-19T12:06:34+00:00\",\"dateModified\":\"2026-01-07T08:56:28+00:00\",\"breadcrumb\":{\"@id\":\"https:\/\/oma.media.fi\/keski-hame\/ilmestymispaivat\/#breadcrumb\"},\"inLanguage\":\"fi\",\"potentialAction\":[{\"@type\":\"ReadAction\",\"target\":[\"https:\/\/oma.media.fi\/keski-hame\/ilmestymispaivat\/\"]}]},{\"@type\":\"BreadcrumbList\",\"@id\":\"https:\/\/oma.media.fi\/keski-hame\/ilmestymispaivat\/#breadcrumb\",\"itemListElement\":[{\"@type\":\"ListItem\",\"position\":1,\"name\":\"Etusivu\",\"item\":\"https:\/\/oma.media.fi\/keski-hame\/\"},{\"@type\":\"ListItem\",\"position\":2,\"name\":\"Ilmestymisp\u00e4iv\u00e4t\"}]},{\"@type\":\"WebSite\",\"@id\":\"https:\/\/oma.media.fi\/keski-hame\/#website\",\"url\":\"https:\/\/oma.media.fi\/keski-hame\/\",\"name\":\"Keski-H\u00e4me\",\"description\":\"\",\"potentialAction\":[{\"@type\":\"SearchAction\",\"target\":{\"@type\":\"EntryPoint\",\"urlTemplate\":\"https:\/\/oma.media.fi\/keski-hame\/?s={search_term_string}\"},\"query-input\":{\"@type\":\"PropertyValueSpecification\",\"valueRequired\":true,\"valueName\":\"search_term_string\"}}],\"inLanguage\":\"fi\"}]}<\/script>\n<!-- \/ Yoast SEO plugin. -->","yoast_head_json":{"title":"Ilmestymisp\u00e4iv\u00e4t - Keski-H\u00e4me","robots":{"index":"index","follow":"follow","max-snippet":"max-snippet:-1","max-image-preview":"max-image-preview:large","max-video-preview":"max-video-preview:-1"},"canonical":"https:\/\/oma.media.fi\/keski-hame\/ilmestymispaivat\/","og_locale":"fi_FI","og_type":"article","og_title":"Ilmestymisp\u00e4iv\u00e4t","og_description":"Paikallislehti\u00a0Keski-H\u00e4me\u00a0ilmestyy kerran viikossa torstaisin. Painetun lehden n\u00e4k\u00f6islehti on luettavissa verkossa lehden ilmestymisp\u00e4ivin\u00e4 ja j\u00e4lkik\u00e4teen arkistossa. Isot juhlapyh\u00e4t voivat aiheuttaa ilmestymisp\u00e4iv\u00e4n muutoksen, mutta poikkeuksista ilmestymisaikataulussa ilmoitetaan sek\u00e4 lukijoille ett\u00e4 mainostajille etuk\u00e4teen. Painetun lehden poikkeukselliset ilmestymisp\u00e4iv\u00e4t vuonna 2026: Viikolla 1 ilmestyy poikkeuksellisesti perjantaina 2.1. Viikolla 20 ilmestyy poikkeuksellisesti keskiviikkona 13.5. Viikolla 23 ilmestyy poikkeuksellisesti lauantaina 6.6. Kes\u00e4lehti [&hellip;]","og_url":"https:\/\/oma.media.fi\/keski-hame\/ilmestymispaivat\/","og_site_name":"Keski-H\u00e4me","article_modified_time":"2026-01-07T08:56:28+00:00","twitter_card":"summary_large_image","twitter_misc":{"Arvioitu lukuaika":"1 minuutti"},"schema":{"@context":"https:\/\/schema.org","@graph":[{"@type":"WebPage","@id":"https:\/\/oma.media.fi\/keski-hame\/ilmestymispaivat\/","url":"https:\/\/oma.media.fi\/keski-hame\/ilmestymispaivat\/","name":"Ilmestymisp\u00e4iv\u00e4t - Keski-H\u00e4me","isPartOf":{"@id":"https:\/\/oma.media.fi\/keski-hame\/#website"},"datePublished":"2018-11-19T12:06:34+00:00","dateModified":"2026-01-07T08:56:28+00:00","breadcrumb":{"@id":"https:\/\/oma.media.fi\/keski-hame\/ilmestymispaivat\/#breadcrumb"},"inLanguage":"fi","potentialAction":[{"@type":"ReadAction","target":["https:\/\/oma.media.fi\/keski-hame\/ilmestymispaivat\/"]}]},{"@type":"BreadcrumbList","@id":"https:\/\/oma.media.fi\/keski-hame\/ilmestymispaivat\/#breadcrumb","itemListElement":[{"@type":"ListItem","position":1,"name":"Etusivu","item":"https:\/\/oma.media.fi\/keski-hame\/"},{"@type":"ListItem","position":2,"name":"Ilmestymisp\u00e4iv\u00e4t"}]},{"@type":"WebSite","@id":"https:\/\/oma.media.fi\/keski-hame\/#website","url":"https:\/\/oma.media.fi\/keski-hame\/","name":"Keski-H\u00e4me","description":"","potentialAction":[{"@type":"SearchAction","target":{"@type":"EntryPoint","urlTemplate":"https:\/\/oma.media.fi\/keski-hame\/?s={search_term_string}"},"query-input":{"@type":"PropertyValueSpecification","valueRequired":true,"valueName":"search_term_string"}}],"inLanguage":"fi"}]}},"publishpress_future_action":{"enabled":false,"date":"2026-05-15 18:47:43","action":"change-status","newStatus":"draft","terms":[],"taxonomy":"","extraData":[]},"publishpress_future_workflow_manual_trigger":{"enabledWorkflows":[]},"_links":{"self":[{"href":"https:\/\/oma.media.fi\/keski-hame\/wp-json\/wp\/v2\/pages\/708","targetHints":{"allow":["GET"]}}],"collection":[{"href":"https:\/\/oma.media.fi\/keski-hame\/wp-json\/wp\/v2\/pages"}],"about":[{"href":"https:\/\/oma.media.fi\/keski-hame\/wp-json\/wp\/v2\/types\/page"}],"author":[{"embeddable":true,"href":"https:\/\/oma.media.fi\/keski-hame\/wp-json\/wp\/v2\/users\/1"}],"replies":[{"embeddable":true,"href":"https:\/\/oma.media.fi\/keski-hame\/wp-json\/wp\/v2\/comments?post=708"}],"version-history":[{"count":21,"href":"https:\/\/oma.media.fi\/keski-hame\/wp-json\/wp\/v2\/pages\/708\/revisions"}],"predecessor-version":[{"id":6624,"href":"https:\/\/oma.media.fi\/keski-hame\/wp-json\/wp\/v2\/pages\/708\/revisions\/6624"}],"wp:attachment":[{"href":"https:\/\/oma.media.fi\/keski-hame\/wp-json\/wp\/v2\/media?parent=708"}],"curies":[{"name":"wp","href":"https:\/\/api.w.org\/{rel}","templated":true}]}}