{"id":27,"date":"2026-01-28T06:17:59","date_gmt":"2026-01-28T04:17:59","guid":{"rendered":"https:\/\/oma.media.fi\/keski-uusimaa\/yhteystiedot\/"},"modified":"2026-02-04T11:05:19","modified_gmt":"2026-02-04T09:05:19","slug":"yhteystiedot","status":"publish","type":"page","link":"https:\/\/oma.media.fi\/keski-uusimaa\/yhteystiedot\/","title":{"rendered":"Yhteystiedot"},"content":{"rendered":"<div class=\"text-block\">\n<h2>Tilaukset<\/h2>\n<p>Digipalvelut, osoitteenmuutokset, jakelunkeskeytykset, asiakastietojen muutokset sek\u00e4<br \/>\nmuut tilauksiin liittyv\u00e4t asiat.<\/p>\n<p><a href=\"https:\/\/oma.media.fi\/keski-uusimaa\/\" target=\"_blank\" rel=\"noopener\"><strong>Asiakaspalvelua verkossa 24\/7<\/strong><\/a><\/p>\n<h2>Lukijailmoitukset<\/h2>\n<p>J\u00e4rjest\u00f6ilmoitukset, luokitellut ilmoitukset, perheilmoitukset, kuolinilmoitukset ja surukiitokset<\/p>\n<p><strong>J\u00e4t\u00e4 ilmoitus 24\/7 <\/strong><a href=\"https:\/\/oma.media.fi\/keski-uusimaa\/ilmoita\/\" target=\"_blank\" rel=\"noopener\"><strong><span style=\"color: #0000ff\">keski-uusimaa.fi\/ilmoita<\/span><\/strong><\/a><\/p>\n<h2>Asiakaspalvelu<\/h2>\n<p>Tilauksiin ja lukijailmoituksiin liittyv\u00e4t asiat.<\/p>\n<p><strong>Puhelinpalvelu<\/strong> 014 622 133<br \/>\nAvoinna: ma-pe klo 8.00-18.00<\/p>\n<p>Tallennamme puhelut asiakaspalvelutapahtumien varmentamiseksi<br \/>\nsek\u00e4 asiakaspalvelun koulutusta varten. Puhelun hinta mpm\/pvm, jonotus on maksullista.<\/p>\n<p><strong>Postiosoite<\/strong>: PL 52, 04301 Tuusula<\/p>\n<p><a class=\"button\" href=\"https:\/\/oma.media.fi\/keski-uusimaa\/yhteystiedot\/ota-yhteytta\/\">Ota yhteytt\u00e4 asiakaspalveluun<\/a><\/p>\n<\/div>\n<div class=\"text-block\">\n<h2>Jakelu ja jakelup\u00e4ivystys<\/h2>\n<p><a class=\"button\" href=\"https:\/\/oma.media.fi\/keski-uusimaa\/yhteystiedot\/jakelupalaute\/\" target=\"_blank\" rel=\"noopener\">Ilmoita jakeluvirheest\u00e4<\/a><\/p>\n<p><strong>Varhaisjakelu toimittaa puuttuneen lehden seuraavan aamun jakelussa.<\/strong><\/p>\n<p><strong>J\u00e4rvenp\u00e4\u00e4, Kerava, Tuusula, Nurmij\u00e4rvi, M\u00e4nts\u00e4l\u00e4, Hyvink\u00e4\u00e4, Sipoo<br \/>\n<\/strong>06 784 8931 (pvm\/mpm)<br \/>\narkisin klo 6-8, la-su klo 6-10<\/p>\n<p><strong>Vantaa<br \/>\n<\/strong>0200 30011 (pvm\/mpm), jonotus on maksullista<br \/>\nma-pe klo 6.30-16, la klo 7-12, su klo 7.30-12<\/p>\n<p><strong>Lehti p\u00e4iv\u00e4postin jakelussa<br \/>\n<\/strong>ota yhteys lehden tilaajapalveluun<\/p>\n<\/div>\n<div class=\"text-block\">\n<h2>Medialaskutus<\/h2>\n<p>p. 09 2730 0230 (pvm\/mpm), ma-pe 9.00-14.00<br \/>\n<a href=\"&#109;&#x61;&#105;&#x6c;&#116;&#x6f;:&#x6c;a&#115;&#x6b;&#117;&#x74;&#117;&#x73;&#46;&#x6b;e&#115;&#x6b;&#105;&#x73;&#117;&#x6f;&#109;&#x61;l&#x61;i&#110;&#x65;&#110;&#x6d;&#101;&#x64;i&#x61;&#64;&#109;&#x65;&#100;&#x69;&#97;&#x2e;&#102;&#x69;\">&#108;&#97;&#x73;k&#117;&#x74;&#x75;s&#46;&#x6b;&#x65;s&#107;&#x69;&#x73;u&#111;&#x6d;&#x61;l&#97;&#x69;&#x6e;e&#110;&#x6d;e&#100;&#105;&#x61;&#64;&#109;&#x65;&#x64;i&#97;&#x2e;&#x66;i <\/a><\/p>\n<\/div>\n<div class=\"text-block\">\n<h2>Mediamyynti<\/h2>\n<p>Yhteystiedot l\u00f6yd\u00e4t <a href=\"https:\/\/meks.fi\/yhteystiedot\/\" target=\"_blank\" rel=\"noopener\">mediamyynnin sivuilta<\/a><\/p>\n<\/div>\n<div class=\"text-block\">\n<h2>Toimitus<\/h2>\n<p>Klaavolantie 5, 04300 Tuusula<\/p>\n<h4>Juttuvinkit: 0400 133 865<\/h4>\n<p><a href=\"&#x6d;&#97;i&#x6c;&#116;&#111;&#x3a;&#x74;&#111;i&#x6d;&#105;t&#x75;&#x73;&#46;k&#x65;&#115;k&#x69;&#x75;&#117;s&#x69;&#109;a&#x61;&#x40;&#109;e&#x64;&#105;a&#x2e;&#x66;&#105;\">t&#111;&#x69;&#x6d;i&#116;&#x75;&#x73;&#46;&#107;&#101;&#x73;&#x6b;i&#117;&#x75;&#x73;i&#109;&#x61;&#x61;&#64;&#109;&#101;&#x64;&#x69;a&#46;&#x66;&#x69;<\/a><br \/>\nSuorat s\u00e4hk\u00f6postit: &#101;&#x74;&#117;&#x6e;i&#x6d;i&#46;&#x73;&#117;&#x6b;&#117;&#x6e;i&#x6d;i&#64;&#x6d;&#101;&#x64;i&#x61;&#46;&#x66;&#x69;<\/p>\n<p><a class=\"button\" href=\"https:\/\/oma.media.fi\/keski-uusimaa\/yhteystiedot\/juttuvinkki\/\" target=\"_blank\" rel=\"noopener\">J\u00e4t\u00e4 juttuvinkki<\/a><\/p>\n<section class=\"pdf_page\" aria-label=\"Page 3\">\n<div class=\"textlayer\">\n<div><strong>P\u00e4\u00e4toimittaja<\/strong><\/div>\n<div>Joonas Romppanen 040 513 7715<\/div>\n<div><strong>Toimitusp\u00e4\u00e4llikk\u00f6<\/strong><\/div>\n<div>Tomi Backstr\u00f6m 0400 133 853<br \/>\n<strong>Uutisp\u00e4\u00e4llik\u00f6t<br \/>\n<\/strong>Jaakko Isoniemi 040 587 5416<br \/>\nAki Hast 040 724 0656 (ty\u00f6kierrossa)<br \/>\n<strong>Uutistoimitus<br \/>\n<\/strong>Auli Henriksson 050 384 3446<br \/>\nPasi Huuhtanen <span data-olk-copy-source=\"MessageBody\">040 359 3505<\/span><\/div>\n<div>Anne Kanerva 0400 133 859<br \/>\nRiikka Laine 040 554 8476<\/div>\n<div>Oskari Lehto 0400 133 857<br \/>\nRobert Monstovics 0400 133 862<\/div>\n<div>Tanja Elina Niemi-Laurila 040 547 4821<br \/>\nEmmi Paulakannas 040 184 5657<br \/>\nJuuso Pikkarainen 040 610 6867<br \/>\nLaura Okko <span data-olk-copy-source=\"MessageBody\"><span data-olk-copy-source=\"MessageBody\">040 610 6041<br \/>\n<\/span><\/span>Anne Sirvio 040 546 6824<br \/>\nAnton Soinne (valokuvaaja) 0400 133 863<\/div>\n<div><\/div>\n<div>Kaikki sis\u00e4ll\u00f6t voidaan julkaista kaikissa Mediakonserni Keskisuomalaisen medioissa.<\/div>\n<\/div>\n<\/section>\n<\/div>\n<div class=\"text-block\">\n<h2>Palaute<\/h2>\n<p><a class=\"button\" href=\"https:\/\/oma.media.fi\/keski-uusimaa\/yhteystiedot\/anna-palautetta\/\" target=\"_blank\" rel=\"noopener\">Anna palautetta<\/a><\/p>\n<\/div>\n","protected":false},"excerpt":{"rendered":"<p>Tilaukset Digipalvelut, osoitteenmuutokset, jakelunkeskeytykset, asiakastietojen muutokset sek\u00e4 muut tilauksiin liittyv\u00e4t asiat. Asiakaspalvelua verkossa 24\/7 Lukijailmoitukset J\u00e4rjest\u00f6ilmoitukset, luokitellut ilmoitukset, perheilmoitukset, kuolinilmoitukset ja surukiitokset J\u00e4t\u00e4 ilmoitus 24\/7 keski-uusimaa.fi\/ilmoita Asiakaspalvelu Tilauksiin ja lukijailmoituksiin liittyv\u00e4t asiat. Puhelinpalvelu 014 622 133 Avoinna: ma-pe klo 8.00-18.00 Tallennamme puhelut asiakaspalvelutapahtumien varmentamiseksi sek\u00e4 asiakaspalvelun koulutusta varten. Puhelun hinta mpm\/pvm, jonotus on maksullista. Postiosoite: [&hellip;]<\/p>\n","protected":false},"author":1,"featured_media":0,"parent":0,"menu_order":0,"comment_status":"closed","ping_status":"closed","template":"","meta":{"_acf_changed":false,"footnotes":""},"class_list":["post-27","page","type-page","status-publish","hentry"],"acf":[],"yoast_head":"<!-- This site is optimized with the Yoast SEO plugin v26.2 - https:\/\/yoast.com\/wordpress\/plugins\/seo\/ -->\n<title>Yhteystiedot - Keski-Uusimaa<\/title>\n<meta name=\"description\" content=\"Etsitk\u00f6 yhteystietoja vai haluatko antaa palautetta? Mediatalo Keskisuomalaisen asiakaspalveluiden yhteystiedot, palautekanavat ja juttuvinkit.\" \/>\n<meta name=\"robots\" content=\"index, follow, max-snippet:-1, max-image-preview:large, max-video-preview:-1\" \/>\n<link rel=\"canonical\" href=\"https:\/\/oma.media.fi\/keski-uusimaa\/yhteystiedot\/\" \/>\n<meta property=\"og:locale\" content=\"fi_FI\" \/>\n<meta property=\"og:type\" content=\"article\" \/>\n<meta property=\"og:title\" content=\"Yhteystiedot\" \/>\n<meta property=\"og:description\" content=\"Etsitk\u00f6 yhteystietoja vai haluatko antaa palautetta? Mediatalo Keskisuomalaisen asiakaspalveluiden yhteystiedot, palautekanavat ja juttuvinkit.\" \/>\n<meta property=\"og:url\" content=\"https:\/\/oma.media.fi\/keski-uusimaa\/yhteystiedot\/\" \/>\n<meta property=\"og:site_name\" content=\"Keski-Uusimaa\" \/>\n<meta property=\"article:modified_time\" content=\"2026-02-04T09:05:19+00:00\" \/>\n<meta name=\"twitter:card\" content=\"summary_large_image\" \/>\n<meta name=\"twitter:label1\" content=\"Arvioitu lukuaika\" \/>\n\t<meta name=\"twitter:data1\" content=\"2 minuuttia\" \/>\n<script type=\"application\/ld+json\" class=\"yoast-schema-graph\">{\"@context\":\"https:\/\/schema.org\",\"@graph\":[{\"@type\":\"WebPage\",\"@id\":\"https:\/\/oma.media.fi\/keski-uusimaa\/yhteystiedot\/\",\"url\":\"https:\/\/oma.media.fi\/keski-uusimaa\/yhteystiedot\/\",\"name\":\"Yhteystiedot - Keski-Uusimaa\",\"isPartOf\":{\"@id\":\"https:\/\/oma.media.fi\/keski-uusimaa\/#website\"},\"datePublished\":\"2026-01-28T04:17:59+00:00\",\"dateModified\":\"2026-02-04T09:05:19+00:00\",\"description\":\"Etsitk\u00f6 yhteystietoja vai haluatko antaa palautetta? Mediatalo Keskisuomalaisen asiakaspalveluiden yhteystiedot, palautekanavat ja juttuvinkit.\",\"breadcrumb\":{\"@id\":\"https:\/\/oma.media.fi\/keski-uusimaa\/yhteystiedot\/#breadcrumb\"},\"inLanguage\":\"fi\",\"potentialAction\":[{\"@type\":\"ReadAction\",\"target\":[\"https:\/\/oma.media.fi\/keski-uusimaa\/yhteystiedot\/\"]}]},{\"@type\":\"BreadcrumbList\",\"@id\":\"https:\/\/oma.media.fi\/keski-uusimaa\/yhteystiedot\/#breadcrumb\",\"itemListElement\":[{\"@type\":\"ListItem\",\"position\":1,\"name\":\"Etusivu\",\"item\":\"https:\/\/oma.media.fi\/keski-uusimaa\/\"},{\"@type\":\"ListItem\",\"position\":2,\"name\":\"Yhteystiedot\"}]},{\"@type\":\"WebSite\",\"@id\":\"https:\/\/oma.media.fi\/keski-uusimaa\/#website\",\"url\":\"https:\/\/oma.media.fi\/keski-uusimaa\/\",\"name\":\"Keski-Uusimaa\",\"description\":\"\",\"potentialAction\":[{\"@type\":\"SearchAction\",\"target\":{\"@type\":\"EntryPoint\",\"urlTemplate\":\"https:\/\/oma.media.fi\/keski-uusimaa\/?s={search_term_string}\"},\"query-input\":{\"@type\":\"PropertyValueSpecification\",\"valueRequired\":true,\"valueName\":\"search_term_string\"}}],\"inLanguage\":\"fi\"}]}<\/script>\n<!-- \/ Yoast SEO plugin. -->","yoast_head_json":{"title":"Yhteystiedot - Keski-Uusimaa","description":"Etsitk\u00f6 yhteystietoja vai haluatko antaa palautetta? Mediatalo Keskisuomalaisen asiakaspalveluiden yhteystiedot, palautekanavat ja juttuvinkit.","robots":{"index":"index","follow":"follow","max-snippet":"max-snippet:-1","max-image-preview":"max-image-preview:large","max-video-preview":"max-video-preview:-1"},"canonical":"https:\/\/oma.media.fi\/keski-uusimaa\/yhteystiedot\/","og_locale":"fi_FI","og_type":"article","og_title":"Yhteystiedot","og_description":"Etsitk\u00f6 yhteystietoja vai haluatko antaa palautetta? Mediatalo Keskisuomalaisen asiakaspalveluiden yhteystiedot, palautekanavat ja juttuvinkit.","og_url":"https:\/\/oma.media.fi\/keski-uusimaa\/yhteystiedot\/","og_site_name":"Keski-Uusimaa","article_modified_time":"2026-02-04T09:05:19+00:00","twitter_card":"summary_large_image","twitter_misc":{"Arvioitu lukuaika":"2 minuuttia"},"schema":{"@context":"https:\/\/schema.org","@graph":[{"@type":"WebPage","@id":"https:\/\/oma.media.fi\/keski-uusimaa\/yhteystiedot\/","url":"https:\/\/oma.media.fi\/keski-uusimaa\/yhteystiedot\/","name":"Yhteystiedot - Keski-Uusimaa","isPartOf":{"@id":"https:\/\/oma.media.fi\/keski-uusimaa\/#website"},"datePublished":"2026-01-28T04:17:59+00:00","dateModified":"2026-02-04T09:05:19+00:00","description":"Etsitk\u00f6 yhteystietoja vai haluatko antaa palautetta? Mediatalo Keskisuomalaisen asiakaspalveluiden yhteystiedot, palautekanavat ja juttuvinkit.","breadcrumb":{"@id":"https:\/\/oma.media.fi\/keski-uusimaa\/yhteystiedot\/#breadcrumb"},"inLanguage":"fi","potentialAction":[{"@type":"ReadAction","target":["https:\/\/oma.media.fi\/keski-uusimaa\/yhteystiedot\/"]}]},{"@type":"BreadcrumbList","@id":"https:\/\/oma.media.fi\/keski-uusimaa\/yhteystiedot\/#breadcrumb","itemListElement":[{"@type":"ListItem","position":1,"name":"Etusivu","item":"https:\/\/oma.media.fi\/keski-uusimaa\/"},{"@type":"ListItem","position":2,"name":"Yhteystiedot"}]},{"@type":"WebSite","@id":"https:\/\/oma.media.fi\/keski-uusimaa\/#website","url":"https:\/\/oma.media.fi\/keski-uusimaa\/","name":"Keski-Uusimaa","description":"","potentialAction":[{"@type":"SearchAction","target":{"@type":"EntryPoint","urlTemplate":"https:\/\/oma.media.fi\/keski-uusimaa\/?s={search_term_string}"},"query-input":{"@type":"PropertyValueSpecification","valueRequired":true,"valueName":"search_term_string"}}],"inLanguage":"fi"}]}},"publishpress_future_action":{"enabled":false,"date":"2026-04-18 16:23:08","action":"change-status","newStatus":"draft","terms":[],"taxonomy":"","extraData":[]},"publishpress_future_workflow_manual_trigger":{"enabledWorkflows":[]},"_links":{"self":[{"href":"https:\/\/oma.media.fi\/keski-uusimaa\/wp-json\/wp\/v2\/pages\/27","targetHints":{"allow":["GET"]}}],"collection":[{"href":"https:\/\/oma.media.fi\/keski-uusimaa\/wp-json\/wp\/v2\/pages"}],"about":[{"href":"https:\/\/oma.media.fi\/keski-uusimaa\/wp-json\/wp\/v2\/types\/page"}],"author":[{"embeddable":true,"href":"https:\/\/oma.media.fi\/keski-uusimaa\/wp-json\/wp\/v2\/users\/1"}],"replies":[{"embeddable":true,"href":"https:\/\/oma.media.fi\/keski-uusimaa\/wp-json\/wp\/v2\/comments?post=27"}],"version-history":[{"count":109,"href":"https:\/\/oma.media.fi\/keski-uusimaa\/wp-json\/wp\/v2\/pages\/27\/revisions"}],"predecessor-version":[{"id":17098,"href":"https:\/\/oma.media.fi\/keski-uusimaa\/wp-json\/wp\/v2\/pages\/27\/revisions\/17098"}],"wp:attachment":[{"href":"https:\/\/oma.media.fi\/keski-uusimaa\/wp-json\/wp\/v2\/media?parent=27"}],"curies":[{"name":"wp","href":"https:\/\/api.w.org\/{rel}","templated":true}]}}