{"id":3097,"date":"2018-12-13T12:12:15","date_gmt":"2018-12-13T09:12:15","guid":{"rendered":"https:\/\/oma.media.fi\/keski-uusimaa\/tilaa\/earlybird-hinnasto\/"},"modified":"2025-10-01T15:28:14","modified_gmt":"2025-10-01T12:28:14","slug":"earlybird","status":"publish","type":"page","link":"https:\/\/oma.media.fi\/keski-uusimaa\/tilaa\/earlybird\/","title":{"rendered":"EarlyBird-jakelupalvelu"},"content":{"rendered":"<p>Varhaisjakelulehdet jaetaan l\u00e4ht\u00f6kohtaisesti samaan paikkaan, johon <a href=\"https:\/\/www.posti.fi\" target=\"_blank\" rel=\"noopener noreferrer\">Posti<\/a> jakaa p\u00e4iv\u00e4postin ilman\u00a0erillissopimuksia.<\/p>\n<p>Sinulla on mahdollisuus ostaa maksullinen palvelu joko tonttiliittym\u00e4ss\u00e4 sijaitsevaan laatikkoon tai ovelle, jos se on jakelureitin rakenteen puolesta mahdollista.<br \/>\nSopimus tehd\u00e4\u00e4n jakeluyhti\u00f6n kanssa kulloinkin voimassa olevan hinnaston mukaan.<\/p>\n<p>Mik\u00e4li sinulla on jo jakelupalvelusopimus Sanoma Media Finlandin kanssa, sit\u00e4 ei tarvitse ostaa erikseen.<\/p>\n<p><strong><strong>Tee sopimus ja tutustu hinnastoon <a href=\"https:\/\/www.dppp.eu\/fi\/door-delivery\">EarlyBirdin verkkosivuilla<\/a>.\u00a0<\/strong><\/strong><\/p>\n","protected":false},"excerpt":{"rendered":"<p>Varhaisjakelulehdet jaetaan l\u00e4ht\u00f6kohtaisesti samaan paikkaan, johon Posti jakaa p\u00e4iv\u00e4postin ilman\u00a0erillissopimuksia. Sinulla on mahdollisuus ostaa maksullinen palvelu joko tonttiliittym\u00e4ss\u00e4 sijaitsevaan laatikkoon tai ovelle, jos se on jakelureitin rakenteen puolesta mahdollista. Sopimus tehd\u00e4\u00e4n jakeluyhti\u00f6n kanssa kulloinkin voimassa olevan hinnaston mukaan. Mik\u00e4li sinulla on jo jakelupalvelusopimus Sanoma Media Finlandin kanssa, sit\u00e4 ei tarvitse ostaa erikseen. Tee sopimus ja [&hellip;]<\/p>\n","protected":false},"author":1,"featured_media":0,"parent":208,"menu_order":0,"comment_status":"closed","ping_status":"closed","template":"","meta":{"_acf_changed":false,"footnotes":""},"class_list":["post-3097","page","type-page","status-publish","hentry"],"acf":[],"yoast_head":"<!-- This site is optimized with the Yoast SEO plugin v26.2 - https:\/\/yoast.com\/wordpress\/plugins\/seo\/ -->\n<title>EarlyBird-jakelupalvelu - Keski-Uusimaa<\/title>\n<meta name=\"description\" content=\"Varhaisjakelulehdet jaetaan l\u00e4ht\u00f6kohtaisesti samaan paikkaan minne Posti jakaa p\u00e4iv\u00e4postin. Kiinnostaako maksullinen jakelupalvelu?\" \/>\n<meta name=\"robots\" content=\"index, follow, max-snippet:-1, max-image-preview:large, max-video-preview:-1\" \/>\n<link rel=\"canonical\" href=\"https:\/\/oma.media.fi\/keski-uusimaa\/tilaa\/earlybird\/\" \/>\n<meta property=\"og:locale\" content=\"fi_FI\" \/>\n<meta property=\"og:type\" content=\"article\" \/>\n<meta property=\"og:title\" content=\"EarlyBird-jakelupalvelu\" \/>\n<meta property=\"og:description\" content=\"Varhaisjakelulehdet jaetaan l\u00e4ht\u00f6kohtaisesti samaan paikkaan minne Posti jakaa p\u00e4iv\u00e4postin. Kiinnostaako maksullinen jakelupalvelu?\" \/>\n<meta property=\"og:url\" content=\"https:\/\/oma.media.fi\/keski-uusimaa\/tilaa\/earlybird\/\" \/>\n<meta property=\"og:site_name\" content=\"Keski-Uusimaa\" \/>\n<meta property=\"article:modified_time\" content=\"2025-10-01T12:28:14+00:00\" \/>\n<meta name=\"twitter:card\" content=\"summary_large_image\" \/>\n<meta name=\"twitter:label1\" content=\"Arvioitu lukuaika\" \/>\n\t<meta name=\"twitter:data1\" content=\"1 minuutti\" \/>\n<script type=\"application\/ld+json\" class=\"yoast-schema-graph\">{\"@context\":\"https:\/\/schema.org\",\"@graph\":[{\"@type\":\"WebPage\",\"@id\":\"https:\/\/oma.media.fi\/keski-uusimaa\/tilaa\/earlybird\/\",\"url\":\"https:\/\/oma.media.fi\/keski-uusimaa\/tilaa\/earlybird\/\",\"name\":\"EarlyBird-jakelupalvelu - Keski-Uusimaa\",\"isPartOf\":{\"@id\":\"https:\/\/oma.media.fi\/keski-uusimaa\/#website\"},\"datePublished\":\"2018-12-13T09:12:15+00:00\",\"dateModified\":\"2025-10-01T12:28:14+00:00\",\"description\":\"Varhaisjakelulehdet jaetaan l\u00e4ht\u00f6kohtaisesti samaan paikkaan minne Posti jakaa p\u00e4iv\u00e4postin. Kiinnostaako maksullinen jakelupalvelu?\",\"breadcrumb\":{\"@id\":\"https:\/\/oma.media.fi\/keski-uusimaa\/tilaa\/earlybird\/#breadcrumb\"},\"inLanguage\":\"fi\",\"potentialAction\":[{\"@type\":\"ReadAction\",\"target\":[\"https:\/\/oma.media.fi\/keski-uusimaa\/tilaa\/earlybird\/\"]}]},{\"@type\":\"BreadcrumbList\",\"@id\":\"https:\/\/oma.media.fi\/keski-uusimaa\/tilaa\/earlybird\/#breadcrumb\",\"itemListElement\":[{\"@type\":\"ListItem\",\"position\":1,\"name\":\"Etusivu\",\"item\":\"https:\/\/oma.media.fi\/keski-uusimaa\/\"},{\"@type\":\"ListItem\",\"position\":2,\"name\":\"Tilaa\",\"item\":\"https:\/\/oma.media.fi\/keski-uusimaa\/tilaa\/\"},{\"@type\":\"ListItem\",\"position\":3,\"name\":\"EarlyBird-jakelupalvelu\"}]},{\"@type\":\"WebSite\",\"@id\":\"https:\/\/oma.media.fi\/keski-uusimaa\/#website\",\"url\":\"https:\/\/oma.media.fi\/keski-uusimaa\/\",\"name\":\"Keski-Uusimaa\",\"description\":\"\",\"potentialAction\":[{\"@type\":\"SearchAction\",\"target\":{\"@type\":\"EntryPoint\",\"urlTemplate\":\"https:\/\/oma.media.fi\/keski-uusimaa\/?s={search_term_string}\"},\"query-input\":{\"@type\":\"PropertyValueSpecification\",\"valueRequired\":true,\"valueName\":\"search_term_string\"}}],\"inLanguage\":\"fi\"}]}<\/script>\n<!-- \/ Yoast SEO plugin. -->","yoast_head_json":{"title":"EarlyBird-jakelupalvelu - Keski-Uusimaa","description":"Varhaisjakelulehdet jaetaan l\u00e4ht\u00f6kohtaisesti samaan paikkaan minne Posti jakaa p\u00e4iv\u00e4postin. Kiinnostaako maksullinen jakelupalvelu?","robots":{"index":"index","follow":"follow","max-snippet":"max-snippet:-1","max-image-preview":"max-image-preview:large","max-video-preview":"max-video-preview:-1"},"canonical":"https:\/\/oma.media.fi\/keski-uusimaa\/tilaa\/earlybird\/","og_locale":"fi_FI","og_type":"article","og_title":"EarlyBird-jakelupalvelu","og_description":"Varhaisjakelulehdet jaetaan l\u00e4ht\u00f6kohtaisesti samaan paikkaan minne Posti jakaa p\u00e4iv\u00e4postin. Kiinnostaako maksullinen jakelupalvelu?","og_url":"https:\/\/oma.media.fi\/keski-uusimaa\/tilaa\/earlybird\/","og_site_name":"Keski-Uusimaa","article_modified_time":"2025-10-01T12:28:14+00:00","twitter_card":"summary_large_image","twitter_misc":{"Arvioitu lukuaika":"1 minuutti"},"schema":{"@context":"https:\/\/schema.org","@graph":[{"@type":"WebPage","@id":"https:\/\/oma.media.fi\/keski-uusimaa\/tilaa\/earlybird\/","url":"https:\/\/oma.media.fi\/keski-uusimaa\/tilaa\/earlybird\/","name":"EarlyBird-jakelupalvelu - Keski-Uusimaa","isPartOf":{"@id":"https:\/\/oma.media.fi\/keski-uusimaa\/#website"},"datePublished":"2018-12-13T09:12:15+00:00","dateModified":"2025-10-01T12:28:14+00:00","description":"Varhaisjakelulehdet jaetaan l\u00e4ht\u00f6kohtaisesti samaan paikkaan minne Posti jakaa p\u00e4iv\u00e4postin. Kiinnostaako maksullinen jakelupalvelu?","breadcrumb":{"@id":"https:\/\/oma.media.fi\/keski-uusimaa\/tilaa\/earlybird\/#breadcrumb"},"inLanguage":"fi","potentialAction":[{"@type":"ReadAction","target":["https:\/\/oma.media.fi\/keski-uusimaa\/tilaa\/earlybird\/"]}]},{"@type":"BreadcrumbList","@id":"https:\/\/oma.media.fi\/keski-uusimaa\/tilaa\/earlybird\/#breadcrumb","itemListElement":[{"@type":"ListItem","position":1,"name":"Etusivu","item":"https:\/\/oma.media.fi\/keski-uusimaa\/"},{"@type":"ListItem","position":2,"name":"Tilaa","item":"https:\/\/oma.media.fi\/keski-uusimaa\/tilaa\/"},{"@type":"ListItem","position":3,"name":"EarlyBird-jakelupalvelu"}]},{"@type":"WebSite","@id":"https:\/\/oma.media.fi\/keski-uusimaa\/#website","url":"https:\/\/oma.media.fi\/keski-uusimaa\/","name":"Keski-Uusimaa","description":"","potentialAction":[{"@type":"SearchAction","target":{"@type":"EntryPoint","urlTemplate":"https:\/\/oma.media.fi\/keski-uusimaa\/?s={search_term_string}"},"query-input":{"@type":"PropertyValueSpecification","valueRequired":true,"valueName":"search_term_string"}}],"inLanguage":"fi"}]}},"publishpress_future_action":{"enabled":false,"date":"2026-05-10 22:03:29","action":"change-status","newStatus":"draft","terms":[],"taxonomy":"","extraData":[]},"publishpress_future_workflow_manual_trigger":{"enabledWorkflows":[]},"_links":{"self":[{"href":"https:\/\/oma.media.fi\/keski-uusimaa\/wp-json\/wp\/v2\/pages\/3097","targetHints":{"allow":["GET"]}}],"collection":[{"href":"https:\/\/oma.media.fi\/keski-uusimaa\/wp-json\/wp\/v2\/pages"}],"about":[{"href":"https:\/\/oma.media.fi\/keski-uusimaa\/wp-json\/wp\/v2\/types\/page"}],"author":[{"embeddable":true,"href":"https:\/\/oma.media.fi\/keski-uusimaa\/wp-json\/wp\/v2\/users\/1"}],"replies":[{"embeddable":true,"href":"https:\/\/oma.media.fi\/keski-uusimaa\/wp-json\/wp\/v2\/comments?post=3097"}],"version-history":[{"count":8,"href":"https:\/\/oma.media.fi\/keski-uusimaa\/wp-json\/wp\/v2\/pages\/3097\/revisions"}],"predecessor-version":[{"id":16937,"href":"https:\/\/oma.media.fi\/keski-uusimaa\/wp-json\/wp\/v2\/pages\/3097\/revisions\/16937"}],"up":[{"embeddable":true,"href":"https:\/\/oma.media.fi\/keski-uusimaa\/wp-json\/wp\/v2\/pages\/208"}],"wp:attachment":[{"href":"https:\/\/oma.media.fi\/keski-uusimaa\/wp-json\/wp\/v2\/media?parent=3097"}],"curies":[{"name":"wp","href":"https:\/\/api.w.org\/{rel}","templated":true}]}}