{"id":3033,"date":"2018-11-01T10:24:48","date_gmt":"2018-11-01T08:24:48","guid":{"rendered":"https:\/\/oma.media.fi\/keskilaakso\/edut\/tietoa-kestotilaajan-eduista\/"},"modified":"2021-01-12T13:28:26","modified_gmt":"2021-01-12T11:28:26","slug":"tietoa-kestotilaajan-eduista","status":"publish","type":"page","link":"https:\/\/oma.media.fi\/keskilaakso\/edut\/tietoa-kestotilaajan-eduista\/","title":{"rendered":"Tietoa kestotilaajan eduista"},"content":{"rendered":"<h3>Kestotilaus kannattaa aina!<\/h3>\n<p>Kestotilaus on huoleton lehden tilausmuoto, sill\u00e4 tilausta ei tarvitse uusia m\u00e4\u00e4r\u00e4ajoin, vaan tilaus jatkuu keskeytyksett\u00e4 niin kauan kuin haluat. Kestotilauksessa laskutusv\u00e4li on joustava ja muunneltavissa tarpeen mukaan useampaan er\u00e4\u00e4n. Saat vuoden mittaan s\u00e4\u00e4st\u00f6\u00e4 m\u00e4\u00e4r\u00e4aikaisiin tilauksiin verrattuna, sill\u00e4 kestotilaus on edullisin lehden tilausmuoto.<\/p>\n<p>Kestotilaajana voit hy\u00f6dynt\u00e4\u00e4 etujamme my\u00f6s tapahtumissa ja alueen liikkeiss\u00e4.<\/p>\n<h3>Milloin olen oikeutettu kestotilaajan etuihin?<\/h3>\n<p>Mik\u00e4li sinulla on voimassa oleva Keskilaakson kestotilaus, olet oikeutettu tilaajaetuihimme. Keskilaakson s\u00e4hk\u00f6isiss\u00e4 asiointipalveluissa sinut tunnistetaan kestotilaajaksi, kun k\u00e4yt\u00e4t Mediatunnustasi. Mik\u00e4li sinulla ei viel\u00e4 ole Mediatunnusta, katso <a href=\"https:\/\/oma.media.fi\/mediatunnukset\/\" target=\"_blank\" rel=\"noopener noreferrer\">ohje tunnuksen luomiseen t\u00e4st\u00e4.<\/a><\/p>\n<p>M\u00e4\u00e4r\u00e4aikaistilaajana sinun kannattaa my\u00f6s luoda itsellesi Mediatunnus ja hy\u00f6dynt\u00e4\u00e4 verkon itsepalvelumme. Voit siirty\u00e4 milloin tahansa kestotilaajaksi, jolloin kaikki etumme ovat k\u00e4ytett\u00e4viss\u00e4si.<\/p>\n<p><a class=\"button\" href=\"https:\/\/oma.media.fi\/keskilaakso\/edut\" target=\"_blank\" rel=\"noopener noreferrer\">Katso voimassa olevat kestotilaajan edut t\u00e4st\u00e4!<\/a><\/p>\n","protected":false},"excerpt":{"rendered":"<p>Kestotilaus kannattaa aina! Kestotilaus on huoleton lehden tilausmuoto, sill\u00e4 tilausta ei tarvitse uusia m\u00e4\u00e4r\u00e4ajoin, vaan tilaus jatkuu keskeytyksett\u00e4 niin kauan kuin haluat. Kestotilauksessa laskutusv\u00e4li on joustava ja muunneltavissa tarpeen mukaan useampaan er\u00e4\u00e4n. Saat vuoden mittaan s\u00e4\u00e4st\u00f6\u00e4 m\u00e4\u00e4r\u00e4aikaisiin tilauksiin verrattuna, sill\u00e4 kestotilaus on edullisin lehden tilausmuoto. Kestotilaajana voit hy\u00f6dynt\u00e4\u00e4 etujamme my\u00f6s tapahtumissa ja alueen liikkeiss\u00e4. Milloin [&hellip;]<\/p>\n","protected":false},"author":1,"featured_media":6451,"parent":19,"menu_order":0,"comment_status":"closed","ping_status":"closed","template":"","meta":{"_acf_changed":false,"footnotes":""},"class_list":["post-3033","page","type-page","status-publish","has-post-thumbnail","hentry"],"acf":[],"yoast_head":"<!-- This site is optimized with the Yoast SEO plugin v26.2 - https:\/\/yoast.com\/wordpress\/plugins\/seo\/ -->\n<title>Tietoa kestotilaajan eduista - Keskilaakso<\/title>\n<meta name=\"robots\" content=\"index, follow, max-snippet:-1, max-image-preview:large, max-video-preview:-1\" \/>\n<link rel=\"canonical\" href=\"https:\/\/oma.media.fi\/keskilaakso\/edut\/tietoa-kestotilaajan-eduista\/\" \/>\n<meta property=\"og:locale\" content=\"fi_FI\" \/>\n<meta property=\"og:type\" content=\"article\" \/>\n<meta property=\"og:title\" content=\"Tietoa kestotilaajan eduista\" \/>\n<meta property=\"og:description\" content=\"Kestotilaus kannattaa aina! Kestotilaus on huoleton lehden tilausmuoto, sill\u00e4 tilausta ei tarvitse uusia m\u00e4\u00e4r\u00e4ajoin, vaan tilaus jatkuu keskeytyksett\u00e4 niin kauan kuin haluat. Kestotilauksessa laskutusv\u00e4li on joustava ja muunneltavissa tarpeen mukaan useampaan er\u00e4\u00e4n. Saat vuoden mittaan s\u00e4\u00e4st\u00f6\u00e4 m\u00e4\u00e4r\u00e4aikaisiin tilauksiin verrattuna, sill\u00e4 kestotilaus on edullisin lehden tilausmuoto. Kestotilaajana voit hy\u00f6dynt\u00e4\u00e4 etujamme my\u00f6s tapahtumissa ja alueen liikkeiss\u00e4. Milloin [&hellip;]\" \/>\n<meta property=\"og:url\" content=\"https:\/\/oma.media.fi\/keskilaakso\/edut\/tietoa-kestotilaajan-eduista\/\" \/>\n<meta property=\"og:site_name\" content=\"Keskilaakso\" \/>\n<meta property=\"article:modified_time\" content=\"2021-01-12T11:28:26+00:00\" \/>\n<meta property=\"og:image\" content=\"https:\/\/oma.media.fi\/keskilaakso\/wp-content\/uploads\/sites\/34\/2020\/09\/Jatkoheader_D_810x260.jpg\" \/>\n\t<meta property=\"og:image:width\" content=\"810\" \/>\n\t<meta property=\"og:image:height\" content=\"260\" \/>\n\t<meta property=\"og:image:type\" content=\"image\/jpeg\" \/>\n<meta name=\"twitter:card\" content=\"summary_large_image\" \/>\n<meta name=\"twitter:label1\" content=\"Arvioitu lukuaika\" \/>\n\t<meta name=\"twitter:data1\" content=\"1 minuutti\" \/>\n<script type=\"application\/ld+json\" class=\"yoast-schema-graph\">{\"@context\":\"https:\/\/schema.org\",\"@graph\":[{\"@type\":\"WebPage\",\"@id\":\"https:\/\/oma.media.fi\/keskilaakso\/edut\/tietoa-kestotilaajan-eduista\/\",\"url\":\"https:\/\/oma.media.fi\/keskilaakso\/edut\/tietoa-kestotilaajan-eduista\/\",\"name\":\"Tietoa kestotilaajan eduista - Keskilaakso\",\"isPartOf\":{\"@id\":\"https:\/\/oma.media.fi\/keskilaakso\/#website\"},\"primaryImageOfPage\":{\"@id\":\"https:\/\/oma.media.fi\/keskilaakso\/edut\/tietoa-kestotilaajan-eduista\/#primaryimage\"},\"image\":{\"@id\":\"https:\/\/oma.media.fi\/keskilaakso\/edut\/tietoa-kestotilaajan-eduista\/#primaryimage\"},\"thumbnailUrl\":\"https:\/\/oma.media.fi\/keskilaakso\/wp-content\/uploads\/sites\/34\/2020\/09\/Jatkoheader_D_810x260.jpg\",\"datePublished\":\"2018-11-01T08:24:48+00:00\",\"dateModified\":\"2021-01-12T11:28:26+00:00\",\"breadcrumb\":{\"@id\":\"https:\/\/oma.media.fi\/keskilaakso\/edut\/tietoa-kestotilaajan-eduista\/#breadcrumb\"},\"inLanguage\":\"fi\",\"potentialAction\":[{\"@type\":\"ReadAction\",\"target\":[\"https:\/\/oma.media.fi\/keskilaakso\/edut\/tietoa-kestotilaajan-eduista\/\"]}]},{\"@type\":\"ImageObject\",\"inLanguage\":\"fi\",\"@id\":\"https:\/\/oma.media.fi\/keskilaakso\/edut\/tietoa-kestotilaajan-eduista\/#primaryimage\",\"url\":\"https:\/\/oma.media.fi\/keskilaakso\/wp-content\/uploads\/sites\/34\/2020\/09\/Jatkoheader_D_810x260.jpg\",\"contentUrl\":\"https:\/\/oma.media.fi\/keskilaakso\/wp-content\/uploads\/sites\/34\/2020\/09\/Jatkoheader_D_810x260.jpg\",\"width\":810,\"height\":260},{\"@type\":\"BreadcrumbList\",\"@id\":\"https:\/\/oma.media.fi\/keskilaakso\/edut\/tietoa-kestotilaajan-eduista\/#breadcrumb\",\"itemListElement\":[{\"@type\":\"ListItem\",\"position\":1,\"name\":\"Etusivu\",\"item\":\"https:\/\/oma.media.fi\/keskilaakso\/\"},{\"@type\":\"ListItem\",\"position\":2,\"name\":\"Tilaajan edut\",\"item\":\"https:\/\/oma.media.fi\/keskilaakso\/edut\/\"},{\"@type\":\"ListItem\",\"position\":3,\"name\":\"Tietoa kestotilaajan eduista\"}]},{\"@type\":\"WebSite\",\"@id\":\"https:\/\/oma.media.fi\/keskilaakso\/#website\",\"url\":\"https:\/\/oma.media.fi\/keskilaakso\/\",\"name\":\"Keskilaakso\",\"description\":\"\",\"potentialAction\":[{\"@type\":\"SearchAction\",\"target\":{\"@type\":\"EntryPoint\",\"urlTemplate\":\"https:\/\/oma.media.fi\/keskilaakso\/?s={search_term_string}\"},\"query-input\":{\"@type\":\"PropertyValueSpecification\",\"valueRequired\":true,\"valueName\":\"search_term_string\"}}],\"inLanguage\":\"fi\"}]}<\/script>\n<!-- \/ Yoast SEO plugin. -->","yoast_head_json":{"title":"Tietoa kestotilaajan eduista - Keskilaakso","robots":{"index":"index","follow":"follow","max-snippet":"max-snippet:-1","max-image-preview":"max-image-preview:large","max-video-preview":"max-video-preview:-1"},"canonical":"https:\/\/oma.media.fi\/keskilaakso\/edut\/tietoa-kestotilaajan-eduista\/","og_locale":"fi_FI","og_type":"article","og_title":"Tietoa kestotilaajan eduista","og_description":"Kestotilaus kannattaa aina! Kestotilaus on huoleton lehden tilausmuoto, sill\u00e4 tilausta ei tarvitse uusia m\u00e4\u00e4r\u00e4ajoin, vaan tilaus jatkuu keskeytyksett\u00e4 niin kauan kuin haluat. Kestotilauksessa laskutusv\u00e4li on joustava ja muunneltavissa tarpeen mukaan useampaan er\u00e4\u00e4n. Saat vuoden mittaan s\u00e4\u00e4st\u00f6\u00e4 m\u00e4\u00e4r\u00e4aikaisiin tilauksiin verrattuna, sill\u00e4 kestotilaus on edullisin lehden tilausmuoto. Kestotilaajana voit hy\u00f6dynt\u00e4\u00e4 etujamme my\u00f6s tapahtumissa ja alueen liikkeiss\u00e4. Milloin [&hellip;]","og_url":"https:\/\/oma.media.fi\/keskilaakso\/edut\/tietoa-kestotilaajan-eduista\/","og_site_name":"Keskilaakso","article_modified_time":"2021-01-12T11:28:26+00:00","og_image":[{"width":810,"height":260,"url":"https:\/\/oma.media.fi\/keskilaakso\/wp-content\/uploads\/sites\/34\/2020\/09\/Jatkoheader_D_810x260.jpg","type":"image\/jpeg"}],"twitter_card":"summary_large_image","twitter_misc":{"Arvioitu lukuaika":"1 minuutti"},"schema":{"@context":"https:\/\/schema.org","@graph":[{"@type":"WebPage","@id":"https:\/\/oma.media.fi\/keskilaakso\/edut\/tietoa-kestotilaajan-eduista\/","url":"https:\/\/oma.media.fi\/keskilaakso\/edut\/tietoa-kestotilaajan-eduista\/","name":"Tietoa kestotilaajan eduista - Keskilaakso","isPartOf":{"@id":"https:\/\/oma.media.fi\/keskilaakso\/#website"},"primaryImageOfPage":{"@id":"https:\/\/oma.media.fi\/keskilaakso\/edut\/tietoa-kestotilaajan-eduista\/#primaryimage"},"image":{"@id":"https:\/\/oma.media.fi\/keskilaakso\/edut\/tietoa-kestotilaajan-eduista\/#primaryimage"},"thumbnailUrl":"https:\/\/oma.media.fi\/keskilaakso\/wp-content\/uploads\/sites\/34\/2020\/09\/Jatkoheader_D_810x260.jpg","datePublished":"2018-11-01T08:24:48+00:00","dateModified":"2021-01-12T11:28:26+00:00","breadcrumb":{"@id":"https:\/\/oma.media.fi\/keskilaakso\/edut\/tietoa-kestotilaajan-eduista\/#breadcrumb"},"inLanguage":"fi","potentialAction":[{"@type":"ReadAction","target":["https:\/\/oma.media.fi\/keskilaakso\/edut\/tietoa-kestotilaajan-eduista\/"]}]},{"@type":"ImageObject","inLanguage":"fi","@id":"https:\/\/oma.media.fi\/keskilaakso\/edut\/tietoa-kestotilaajan-eduista\/#primaryimage","url":"https:\/\/oma.media.fi\/keskilaakso\/wp-content\/uploads\/sites\/34\/2020\/09\/Jatkoheader_D_810x260.jpg","contentUrl":"https:\/\/oma.media.fi\/keskilaakso\/wp-content\/uploads\/sites\/34\/2020\/09\/Jatkoheader_D_810x260.jpg","width":810,"height":260},{"@type":"BreadcrumbList","@id":"https:\/\/oma.media.fi\/keskilaakso\/edut\/tietoa-kestotilaajan-eduista\/#breadcrumb","itemListElement":[{"@type":"ListItem","position":1,"name":"Etusivu","item":"https:\/\/oma.media.fi\/keskilaakso\/"},{"@type":"ListItem","position":2,"name":"Tilaajan edut","item":"https:\/\/oma.media.fi\/keskilaakso\/edut\/"},{"@type":"ListItem","position":3,"name":"Tietoa kestotilaajan eduista"}]},{"@type":"WebSite","@id":"https:\/\/oma.media.fi\/keskilaakso\/#website","url":"https:\/\/oma.media.fi\/keskilaakso\/","name":"Keskilaakso","description":"","potentialAction":[{"@type":"SearchAction","target":{"@type":"EntryPoint","urlTemplate":"https:\/\/oma.media.fi\/keskilaakso\/?s={search_term_string}"},"query-input":{"@type":"PropertyValueSpecification","valueRequired":true,"valueName":"search_term_string"}}],"inLanguage":"fi"}]}},"publishpress_future_action":{"enabled":false,"date":"2026-04-24 06:07:46","action":"change-status","newStatus":"draft","terms":[],"taxonomy":"","extraData":[]},"publishpress_future_workflow_manual_trigger":{"enabledWorkflows":[]},"_links":{"self":[{"href":"https:\/\/oma.media.fi\/keskilaakso\/wp-json\/wp\/v2\/pages\/3033","targetHints":{"allow":["GET"]}}],"collection":[{"href":"https:\/\/oma.media.fi\/keskilaakso\/wp-json\/wp\/v2\/pages"}],"about":[{"href":"https:\/\/oma.media.fi\/keskilaakso\/wp-json\/wp\/v2\/types\/page"}],"author":[{"embeddable":true,"href":"https:\/\/oma.media.fi\/keskilaakso\/wp-json\/wp\/v2\/users\/1"}],"replies":[{"embeddable":true,"href":"https:\/\/oma.media.fi\/keskilaakso\/wp-json\/wp\/v2\/comments?post=3033"}],"version-history":[{"count":3,"href":"https:\/\/oma.media.fi\/keskilaakso\/wp-json\/wp\/v2\/pages\/3033\/revisions"}],"predecessor-version":[{"id":7338,"href":"https:\/\/oma.media.fi\/keskilaakso\/wp-json\/wp\/v2\/pages\/3033\/revisions\/7338"}],"up":[{"embeddable":true,"href":"https:\/\/oma.media.fi\/keskilaakso\/wp-json\/wp\/v2\/pages\/19"}],"wp:featuredmedia":[{"embeddable":true,"href":"https:\/\/oma.media.fi\/keskilaakso\/wp-json\/wp\/v2\/media\/6451"}],"wp:attachment":[{"href":"https:\/\/oma.media.fi\/keskilaakso\/wp-json\/wp\/v2\/media?parent=3033"}],"curies":[{"name":"wp","href":"https:\/\/api.w.org\/{rel}","templated":true}]}}