{"id":6,"date":"2019-12-12T10:05:42","date_gmt":"2019-12-12T08:05:42","guid":{"rendered":"https:\/\/oma.media.fi\/keskilaakso\/?page_id=6"},"modified":"2020-09-28T14:00:07","modified_gmt":"2020-09-28T11:00:07","slug":"etusivu","status":"publish","type":"page","link":"https:\/\/oma.media.fi\/keskilaakso\/","title":{"rendered":"Etusivu"},"content":{"rendered":"<p>Tervetuloa Keskilaakson asiakaspalveluun. <strong>T\u00e4\u00e4ll\u00e4 voit hoitaa tilaukseesi liittyv\u00e4t asiat sujuvasti silloin, kun sinulle parhaiten sopii.<\/strong> Olemme koonneet alle k\u00e4ytetyimm\u00e4t palvelut, valitse mit\u00e4 haluat tehd\u00e4.<\/p>\n","protected":false},"excerpt":{"rendered":"<p>Tervetuloa asiakaspalveluun. T\u00e4\u00e4ll\u00e4 voit hoitaa tilaukseesi liittyv\u00e4t asiat sujuvasti silloin, kun sinulle parhaiten sopii. Olemme koonneet alle k\u00e4ytetyimm\u00e4t palvelut, valitse mit\u00e4 haluat tehd\u00e4.<\/p>\n","protected":false},"author":1,"featured_media":0,"parent":0,"menu_order":0,"comment_status":"closed","ping_status":"closed","template":"","meta":{"_acf_changed":false,"footnotes":""},"class_list":["post-6","page","type-page","status-publish","hentry"],"acf":[],"yoast_head":"<!-- This site is optimized with the Yoast SEO plugin v26.2 - https:\/\/yoast.com\/wordpress\/plugins\/seo\/ -->\n<title>Etusivu - Keskilaakso<\/title>\n<meta name=\"robots\" content=\"index, follow, max-snippet:-1, max-image-preview:large, max-video-preview:-1\" \/>\n<link rel=\"canonical\" href=\"https:\/\/oma.media.fi\/keskilaakso\/\" \/>\n<meta property=\"og:locale\" content=\"fi_FI\" \/>\n<meta property=\"og:type\" content=\"article\" \/>\n<meta property=\"og:title\" content=\"Etusivu\" \/>\n<meta property=\"og:description\" content=\"Tervetuloa asiakaspalveluun. T\u00e4\u00e4ll\u00e4 voit hoitaa tilaukseesi liittyv\u00e4t asiat sujuvasti silloin, kun sinulle parhaiten sopii. Olemme koonneet alle k\u00e4ytetyimm\u00e4t palvelut, valitse mit\u00e4 haluat tehd\u00e4.\" \/>\n<meta property=\"og:url\" content=\"https:\/\/oma.media.fi\/keskilaakso\/\" \/>\n<meta property=\"og:site_name\" content=\"Keskilaakso\" \/>\n<meta property=\"article:modified_time\" content=\"2020-09-28T11:00:07+00:00\" \/>\n<meta name=\"twitter:card\" content=\"summary_large_image\" \/>\n<script type=\"application\/ld+json\" class=\"yoast-schema-graph\">{\"@context\":\"https:\/\/schema.org\",\"@graph\":[{\"@type\":\"WebPage\",\"@id\":\"https:\/\/oma.media.fi\/keskilaakso\/\",\"url\":\"https:\/\/oma.media.fi\/keskilaakso\/\",\"name\":\"Etusivu - Keskilaakso\",\"isPartOf\":{\"@id\":\"https:\/\/oma.media.fi\/keskilaakso\/#website\"},\"datePublished\":\"2019-12-12T08:05:42+00:00\",\"dateModified\":\"2020-09-28T11:00:07+00:00\",\"breadcrumb\":{\"@id\":\"https:\/\/oma.media.fi\/keskilaakso\/#breadcrumb\"},\"inLanguage\":\"fi\",\"potentialAction\":[{\"@type\":\"ReadAction\",\"target\":[\"https:\/\/oma.media.fi\/keskilaakso\/\"]}]},{\"@type\":\"BreadcrumbList\",\"@id\":\"https:\/\/oma.media.fi\/keskilaakso\/#breadcrumb\",\"itemListElement\":[{\"@type\":\"ListItem\",\"position\":1,\"name\":\"Etusivu\",\"item\":\"https:\/\/oma.media.fi\/keskilaakso\/\"},{\"@type\":\"ListItem\",\"position\":2,\"name\":\"Etusivu\"}]},{\"@type\":\"WebSite\",\"@id\":\"https:\/\/oma.media.fi\/keskilaakso\/#website\",\"url\":\"https:\/\/oma.media.fi\/keskilaakso\/\",\"name\":\"Keskilaakso\",\"description\":\"\",\"potentialAction\":[{\"@type\":\"SearchAction\",\"target\":{\"@type\":\"EntryPoint\",\"urlTemplate\":\"https:\/\/oma.media.fi\/keskilaakso\/?s={search_term_string}\"},\"query-input\":{\"@type\":\"PropertyValueSpecification\",\"valueRequired\":true,\"valueName\":\"search_term_string\"}}],\"inLanguage\":\"fi\"}]}<\/script>\n<!-- \/ Yoast SEO plugin. -->","yoast_head_json":{"title":"Etusivu - Keskilaakso","robots":{"index":"index","follow":"follow","max-snippet":"max-snippet:-1","max-image-preview":"max-image-preview:large","max-video-preview":"max-video-preview:-1"},"canonical":"https:\/\/oma.media.fi\/keskilaakso\/","og_locale":"fi_FI","og_type":"article","og_title":"Etusivu","og_description":"Tervetuloa asiakaspalveluun. T\u00e4\u00e4ll\u00e4 voit hoitaa tilaukseesi liittyv\u00e4t asiat sujuvasti silloin, kun sinulle parhaiten sopii. Olemme koonneet alle k\u00e4ytetyimm\u00e4t palvelut, valitse mit\u00e4 haluat tehd\u00e4.","og_url":"https:\/\/oma.media.fi\/keskilaakso\/","og_site_name":"Keskilaakso","article_modified_time":"2020-09-28T11:00:07+00:00","twitter_card":"summary_large_image","schema":{"@context":"https:\/\/schema.org","@graph":[{"@type":"WebPage","@id":"https:\/\/oma.media.fi\/keskilaakso\/","url":"https:\/\/oma.media.fi\/keskilaakso\/","name":"Etusivu - Keskilaakso","isPartOf":{"@id":"https:\/\/oma.media.fi\/keskilaakso\/#website"},"datePublished":"2019-12-12T08:05:42+00:00","dateModified":"2020-09-28T11:00:07+00:00","breadcrumb":{"@id":"https:\/\/oma.media.fi\/keskilaakso\/#breadcrumb"},"inLanguage":"fi","potentialAction":[{"@type":"ReadAction","target":["https:\/\/oma.media.fi\/keskilaakso\/"]}]},{"@type":"BreadcrumbList","@id":"https:\/\/oma.media.fi\/keskilaakso\/#breadcrumb","itemListElement":[{"@type":"ListItem","position":1,"name":"Etusivu","item":"https:\/\/oma.media.fi\/keskilaakso\/"},{"@type":"ListItem","position":2,"name":"Etusivu"}]},{"@type":"WebSite","@id":"https:\/\/oma.media.fi\/keskilaakso\/#website","url":"https:\/\/oma.media.fi\/keskilaakso\/","name":"Keskilaakso","description":"","potentialAction":[{"@type":"SearchAction","target":{"@type":"EntryPoint","urlTemplate":"https:\/\/oma.media.fi\/keskilaakso\/?s={search_term_string}"},"query-input":{"@type":"PropertyValueSpecification","valueRequired":true,"valueName":"search_term_string"}}],"inLanguage":"fi"}]}},"publishpress_future_action":{"enabled":false,"date":"2026-04-22 20:36:07","action":"change-status","newStatus":"draft","terms":[],"taxonomy":"","extraData":[]},"publishpress_future_workflow_manual_trigger":{"enabledWorkflows":[]},"_links":{"self":[{"href":"https:\/\/oma.media.fi\/keskilaakso\/wp-json\/wp\/v2\/pages\/6","targetHints":{"allow":["GET"]}}],"collection":[{"href":"https:\/\/oma.media.fi\/keskilaakso\/wp-json\/wp\/v2\/pages"}],"about":[{"href":"https:\/\/oma.media.fi\/keskilaakso\/wp-json\/wp\/v2\/types\/page"}],"author":[{"embeddable":true,"href":"https:\/\/oma.media.fi\/keskilaakso\/wp-json\/wp\/v2\/users\/1"}],"replies":[{"embeddable":true,"href":"https:\/\/oma.media.fi\/keskilaakso\/wp-json\/wp\/v2\/comments?post=6"}],"version-history":[{"count":4,"href":"https:\/\/oma.media.fi\/keskilaakso\/wp-json\/wp\/v2\/pages\/6\/revisions"}],"predecessor-version":[{"id":6479,"href":"https:\/\/oma.media.fi\/keskilaakso\/wp-json\/wp\/v2\/pages\/6\/revisions\/6479"}],"wp:attachment":[{"href":"https:\/\/oma.media.fi\/keskilaakso\/wp-json\/wp\/v2\/media?parent=6"}],"curies":[{"name":"wp","href":"https:\/\/api.w.org\/{rel}","templated":true}]}}