{"id":15065,"date":"2021-03-02T10:08:23","date_gmt":"2021-03-02T08:08:23","guid":{"rendered":"https:\/\/oma.media.fi\/keskisuomalainen\/tilaa\/yritystilaus\/"},"modified":"2025-08-26T11:12:30","modified_gmt":"2025-08-26T08:12:30","slug":"yritystilaus","status":"publish","type":"page","link":"https:\/\/oma.media.fi\/keskisuomalainen\/tilaa\/yritystilaus\/","title":{"rendered":"Yritystilaus"},"content":{"rendered":"<p><em style=\"font-size: 1.4rem;color: #666\">Kasvata henkil\u00f6st\u00f6n tietop\u00e4\u00e4omaa. Palkitse. Anna ajankohtaisia keskustelunaiheita asiakaskohtaamisiin tai kahvitauolle. <strong>Tee luotettavasta tiedosta yrityksesi kilpailuetu.<\/strong><\/em><\/p>\n<p>&nbsp;<\/p>\n<div class=\"row\" style=\"margin-bottom: 16px\">\n<div class=\"col-md-4\"><img decoding=\"async\" src=\"https:\/\/oma.media.fi\/keskisuomalainen\/wp-content\/uploads\/sites\/2\/2021\/04\/yritystilaus-digi-01.png\" alt=\"Yritysdigi verkossa\" \/><\/div>\n<div class=\"col-md-8\">\n<h3>Yritysdigi verkossa<\/h3>\n<p>Sis\u00e4lt\u00e4\u00e4 verkkopalvelun sek\u00e4 mobiilisovelluksen ty\u00f6asema- ja mobiilik\u00e4yt\u00f6ss\u00e4. Ty\u00f6ntekij\u00e4 voi k\u00e4ytt\u00e4\u00e4 tilausta miss\u00e4 ja milloin vain. Palvelun k\u00e4ytt\u00e4j\u00e4tunnuksena toimii ty\u00f6ntekij\u00e4n s\u00e4hk\u00f6postiosoite.<\/p>\n<p><a class=\"button\" href=\"https:\/\/oma.media.fi\/keskisuomalainen\/tilaa\/yritystilaus\/yritysdigi\/\">Lue lis\u00e4\u00e4<\/a><\/p>\n<\/div>\n<\/div>\n<div class=\"row\" style=\"margin-bottom: 16px\">\n<div class=\"col-md-4\"><img decoding=\"async\" src=\"https:\/\/oma.media.fi\/keskisuomalainen\/wp-content\/uploads\/sites\/2\/2021\/04\/yritystilaus-digi-02.png\" alt=\"Yritysdigi IP verkossa\" \/><\/div>\n<div class=\"col-md-8\">\n<h3>Yritysdigi IP verkossa<\/h3>\n<p>Sis\u00e4lt\u00e4\u00e4 verkkopalvelun ja verkkosivuilla n\u00e4k\u00f6islehden lukuoikeuden yrityksen sis\u00e4verkossa. Soveltuu parhaiten isoille ja keskisuurille yrityksille, joissa kaikki yrityksen laitteet toimivat kiinte\u00e4ss\u00e4 IP-osoitteessa. Juttujen lukeminen on ty\u00f6ntekij\u00e4lle helppoa eik\u00e4 vaadi k\u00e4ytt\u00e4j\u00e4tunnusta.<\/p>\n<p><a class=\"button\" href=\"https:\/\/oma.media.fi\/keskisuomalainen\/tilaa\/yritystilaus\/yritysdigi-ip\/\">Lue lis\u00e4\u00e4<\/a><\/p>\n<\/div>\n<\/div>\n<div class=\"row\" style=\"margin-bottom: 16px\">\n<div class=\"col-md-4\"><img decoding=\"async\" src=\"https:\/\/oma.media.fi\/keskisuomalainen\/wp-content\/uploads\/sites\/2\/2021\/04\/yritystilaus-printti-01.png\" alt=\"Yritylehti\" \/><\/div>\n<div class=\"col-md-8\">\n<h3>Yrityslehti<\/h3>\n<p>Yrityslehti on perinteinen painettu sanomalehti yrityksesi tai ty\u00f6ntekij\u00e4si osoitteeseen. Tuotteeseen ei sis\u00e4lly verkkosivujen eik\u00e4 mobiilisovelluksen k\u00e4ytt\u00f6\u00e4.<\/p>\n<p><a class=\"button\" href=\"https:\/\/oma.media.fi\/keskisuomalainen\/tilaa\/yritystilaus\/yrityslehti\/\">Lue lis\u00e4\u00e4<\/a><\/p>\n<\/div>\n<\/div>\n","protected":false},"excerpt":{"rendered":"<p>Kasvata henkil\u00f6st\u00f6n tietop\u00e4\u00e4omaa. Palkitse. Anna ajankohtaisia keskustelunaiheita asiakaskohtaamisiin tai kahvitauolle. Tee luotettavasta tiedosta yrityksesi kilpailuetu. &nbsp; Yritysdigi verkossa Sis\u00e4lt\u00e4\u00e4 verkkopalvelun sek\u00e4 mobiilisovelluksen ty\u00f6asema- ja mobiilik\u00e4yt\u00f6ss\u00e4. Ty\u00f6ntekij\u00e4 voi k\u00e4ytt\u00e4\u00e4 tilausta miss\u00e4 ja milloin vain. Palvelun k\u00e4ytt\u00e4j\u00e4tunnuksena toimii ty\u00f6ntekij\u00e4n s\u00e4hk\u00f6postiosoite. Lue lis\u00e4\u00e4 Yritysdigi IP verkossa Sis\u00e4lt\u00e4\u00e4 verkkopalvelun ja verkkosivuilla n\u00e4k\u00f6islehden lukuoikeuden yrityksen sis\u00e4verkossa. Soveltuu parhaiten isoille ja [&hellip;]<\/p>\n","protected":false},"author":1,"featured_media":15049,"parent":214,"menu_order":0,"comment_status":"closed","ping_status":"closed","template":"","meta":{"_acf_changed":false,"footnotes":""},"class_list":["post-15065","page","type-page","status-publish","has-post-thumbnail","hentry"],"acf":[],"yoast_head":"<!-- This site is optimized with the Yoast SEO plugin v26.2 - https:\/\/yoast.com\/wordpress\/plugins\/seo\/ -->\n<title>Yritystilaus - Keskisuomalainen<\/title>\n<meta name=\"robots\" content=\"index, follow, max-snippet:-1, max-image-preview:large, max-video-preview:-1\" \/>\n<link rel=\"canonical\" href=\"https:\/\/oma.media.fi\/keskisuomalainen\/tilaa\/yritystilaus\/\" \/>\n<meta property=\"og:locale\" content=\"fi_FI\" \/>\n<meta property=\"og:type\" content=\"article\" \/>\n<meta property=\"og:title\" content=\"Yritystilaus\" \/>\n<meta property=\"og:description\" content=\"Kasvata henkil\u00f6st\u00f6n tietop\u00e4\u00e4omaa. Palkitse. Anna ajankohtaisia keskustelunaiheita asiakaskohtaamisiin tai kahvitauolle. Tee luotettavasta tiedosta yrityksesi kilpailuetu. &nbsp; Yritysdigi verkossa Sis\u00e4lt\u00e4\u00e4 verkkopalvelun sek\u00e4 mobiilisovelluksen ty\u00f6asema- ja mobiilik\u00e4yt\u00f6ss\u00e4. Ty\u00f6ntekij\u00e4 voi k\u00e4ytt\u00e4\u00e4 tilausta miss\u00e4 ja milloin vain. Palvelun k\u00e4ytt\u00e4j\u00e4tunnuksena toimii ty\u00f6ntekij\u00e4n s\u00e4hk\u00f6postiosoite. Lue lis\u00e4\u00e4 Yritysdigi IP verkossa Sis\u00e4lt\u00e4\u00e4 verkkopalvelun ja verkkosivuilla n\u00e4k\u00f6islehden lukuoikeuden yrityksen sis\u00e4verkossa. Soveltuu parhaiten isoille ja [&hellip;]\" \/>\n<meta property=\"og:url\" content=\"https:\/\/oma.media.fi\/keskisuomalainen\/tilaa\/yritystilaus\/\" \/>\n<meta property=\"og:site_name\" content=\"Keskisuomalainen\" \/>\n<meta property=\"article:modified_time\" content=\"2025-08-26T08:12:30+00:00\" \/>\n<meta property=\"og:image\" content=\"https:\/\/oma.media.fi\/keskisuomalainen\/wp-content\/uploads\/sites\/2\/2021\/04\/omamedia-yritystilaus.jpg\" \/>\n\t<meta property=\"og:image:width\" content=\"810\" \/>\n\t<meta property=\"og:image:height\" content=\"260\" \/>\n\t<meta property=\"og:image:type\" content=\"image\/jpeg\" \/>\n<meta name=\"twitter:card\" content=\"summary_large_image\" \/>\n<meta name=\"twitter:label1\" content=\"Arvioitu lukuaika\" \/>\n\t<meta name=\"twitter:data1\" content=\"2 minuuttia\" \/>\n<script type=\"application\/ld+json\" class=\"yoast-schema-graph\">{\"@context\":\"https:\/\/schema.org\",\"@graph\":[{\"@type\":\"WebPage\",\"@id\":\"https:\/\/oma.media.fi\/keskisuomalainen\/tilaa\/yritystilaus\/\",\"url\":\"https:\/\/oma.media.fi\/keskisuomalainen\/tilaa\/yritystilaus\/\",\"name\":\"Yritystilaus - Keskisuomalainen\",\"isPartOf\":{\"@id\":\"https:\/\/oma.media.fi\/keskisuomalainen\/#website\"},\"primaryImageOfPage\":{\"@id\":\"https:\/\/oma.media.fi\/keskisuomalainen\/tilaa\/yritystilaus\/#primaryimage\"},\"image\":{\"@id\":\"https:\/\/oma.media.fi\/keskisuomalainen\/tilaa\/yritystilaus\/#primaryimage\"},\"thumbnailUrl\":\"https:\/\/oma.media.fi\/keskisuomalainen\/wp-content\/uploads\/sites\/2\/2021\/04\/omamedia-yritystilaus.jpg\",\"datePublished\":\"2021-03-02T08:08:23+00:00\",\"dateModified\":\"2025-08-26T08:12:30+00:00\",\"breadcrumb\":{\"@id\":\"https:\/\/oma.media.fi\/keskisuomalainen\/tilaa\/yritystilaus\/#breadcrumb\"},\"inLanguage\":\"fi\",\"potentialAction\":[{\"@type\":\"ReadAction\",\"target\":[\"https:\/\/oma.media.fi\/keskisuomalainen\/tilaa\/yritystilaus\/\"]}]},{\"@type\":\"ImageObject\",\"inLanguage\":\"fi\",\"@id\":\"https:\/\/oma.media.fi\/keskisuomalainen\/tilaa\/yritystilaus\/#primaryimage\",\"url\":\"https:\/\/oma.media.fi\/keskisuomalainen\/wp-content\/uploads\/sites\/2\/2021\/04\/omamedia-yritystilaus.jpg\",\"contentUrl\":\"https:\/\/oma.media.fi\/keskisuomalainen\/wp-content\/uploads\/sites\/2\/2021\/04\/omamedia-yritystilaus.jpg\",\"width\":810,\"height\":260},{\"@type\":\"BreadcrumbList\",\"@id\":\"https:\/\/oma.media.fi\/keskisuomalainen\/tilaa\/yritystilaus\/#breadcrumb\",\"itemListElement\":[{\"@type\":\"ListItem\",\"position\":1,\"name\":\"Etusivu\",\"item\":\"https:\/\/oma.media.fi\/keskisuomalainen\/\"},{\"@type\":\"ListItem\",\"position\":2,\"name\":\"Tilaa\",\"item\":\"https:\/\/oma.media.fi\/keskisuomalainen\/tilaa\/\"},{\"@type\":\"ListItem\",\"position\":3,\"name\":\"Yritystilaus\"}]},{\"@type\":\"WebSite\",\"@id\":\"https:\/\/oma.media.fi\/keskisuomalainen\/#website\",\"url\":\"https:\/\/oma.media.fi\/keskisuomalainen\/\",\"name\":\"Keskisuomalainen\",\"description\":\"\",\"potentialAction\":[{\"@type\":\"SearchAction\",\"target\":{\"@type\":\"EntryPoint\",\"urlTemplate\":\"https:\/\/oma.media.fi\/keskisuomalainen\/?s={search_term_string}\"},\"query-input\":{\"@type\":\"PropertyValueSpecification\",\"valueRequired\":true,\"valueName\":\"search_term_string\"}}],\"inLanguage\":\"fi\"}]}<\/script>\n<!-- \/ Yoast SEO plugin. -->","yoast_head_json":{"title":"Yritystilaus - Keskisuomalainen","robots":{"index":"index","follow":"follow","max-snippet":"max-snippet:-1","max-image-preview":"max-image-preview:large","max-video-preview":"max-video-preview:-1"},"canonical":"https:\/\/oma.media.fi\/keskisuomalainen\/tilaa\/yritystilaus\/","og_locale":"fi_FI","og_type":"article","og_title":"Yritystilaus","og_description":"Kasvata henkil\u00f6st\u00f6n tietop\u00e4\u00e4omaa. Palkitse. Anna ajankohtaisia keskustelunaiheita asiakaskohtaamisiin tai kahvitauolle. Tee luotettavasta tiedosta yrityksesi kilpailuetu. &nbsp; Yritysdigi verkossa Sis\u00e4lt\u00e4\u00e4 verkkopalvelun sek\u00e4 mobiilisovelluksen ty\u00f6asema- ja mobiilik\u00e4yt\u00f6ss\u00e4. Ty\u00f6ntekij\u00e4 voi k\u00e4ytt\u00e4\u00e4 tilausta miss\u00e4 ja milloin vain. Palvelun k\u00e4ytt\u00e4j\u00e4tunnuksena toimii ty\u00f6ntekij\u00e4n s\u00e4hk\u00f6postiosoite. Lue lis\u00e4\u00e4 Yritysdigi IP verkossa Sis\u00e4lt\u00e4\u00e4 verkkopalvelun ja verkkosivuilla n\u00e4k\u00f6islehden lukuoikeuden yrityksen sis\u00e4verkossa. Soveltuu parhaiten isoille ja [&hellip;]","og_url":"https:\/\/oma.media.fi\/keskisuomalainen\/tilaa\/yritystilaus\/","og_site_name":"Keskisuomalainen","article_modified_time":"2025-08-26T08:12:30+00:00","og_image":[{"width":810,"height":260,"url":"https:\/\/oma.media.fi\/keskisuomalainen\/wp-content\/uploads\/sites\/2\/2021\/04\/omamedia-yritystilaus.jpg","type":"image\/jpeg"}],"twitter_card":"summary_large_image","twitter_misc":{"Arvioitu lukuaika":"2 minuuttia"},"schema":{"@context":"https:\/\/schema.org","@graph":[{"@type":"WebPage","@id":"https:\/\/oma.media.fi\/keskisuomalainen\/tilaa\/yritystilaus\/","url":"https:\/\/oma.media.fi\/keskisuomalainen\/tilaa\/yritystilaus\/","name":"Yritystilaus - Keskisuomalainen","isPartOf":{"@id":"https:\/\/oma.media.fi\/keskisuomalainen\/#website"},"primaryImageOfPage":{"@id":"https:\/\/oma.media.fi\/keskisuomalainen\/tilaa\/yritystilaus\/#primaryimage"},"image":{"@id":"https:\/\/oma.media.fi\/keskisuomalainen\/tilaa\/yritystilaus\/#primaryimage"},"thumbnailUrl":"https:\/\/oma.media.fi\/keskisuomalainen\/wp-content\/uploads\/sites\/2\/2021\/04\/omamedia-yritystilaus.jpg","datePublished":"2021-03-02T08:08:23+00:00","dateModified":"2025-08-26T08:12:30+00:00","breadcrumb":{"@id":"https:\/\/oma.media.fi\/keskisuomalainen\/tilaa\/yritystilaus\/#breadcrumb"},"inLanguage":"fi","potentialAction":[{"@type":"ReadAction","target":["https:\/\/oma.media.fi\/keskisuomalainen\/tilaa\/yritystilaus\/"]}]},{"@type":"ImageObject","inLanguage":"fi","@id":"https:\/\/oma.media.fi\/keskisuomalainen\/tilaa\/yritystilaus\/#primaryimage","url":"https:\/\/oma.media.fi\/keskisuomalainen\/wp-content\/uploads\/sites\/2\/2021\/04\/omamedia-yritystilaus.jpg","contentUrl":"https:\/\/oma.media.fi\/keskisuomalainen\/wp-content\/uploads\/sites\/2\/2021\/04\/omamedia-yritystilaus.jpg","width":810,"height":260},{"@type":"BreadcrumbList","@id":"https:\/\/oma.media.fi\/keskisuomalainen\/tilaa\/yritystilaus\/#breadcrumb","itemListElement":[{"@type":"ListItem","position":1,"name":"Etusivu","item":"https:\/\/oma.media.fi\/keskisuomalainen\/"},{"@type":"ListItem","position":2,"name":"Tilaa","item":"https:\/\/oma.media.fi\/keskisuomalainen\/tilaa\/"},{"@type":"ListItem","position":3,"name":"Yritystilaus"}]},{"@type":"WebSite","@id":"https:\/\/oma.media.fi\/keskisuomalainen\/#website","url":"https:\/\/oma.media.fi\/keskisuomalainen\/","name":"Keskisuomalainen","description":"","potentialAction":[{"@type":"SearchAction","target":{"@type":"EntryPoint","urlTemplate":"https:\/\/oma.media.fi\/keskisuomalainen\/?s={search_term_string}"},"query-input":{"@type":"PropertyValueSpecification","valueRequired":true,"valueName":"search_term_string"}}],"inLanguage":"fi"}]}},"publishpress_future_workflow_manual_trigger":{"enabledWorkflows":[]},"_links":{"self":[{"href":"https:\/\/oma.media.fi\/keskisuomalainen\/wp-json\/wp\/v2\/pages\/15065","targetHints":{"allow":["GET"]}}],"collection":[{"href":"https:\/\/oma.media.fi\/keskisuomalainen\/wp-json\/wp\/v2\/pages"}],"about":[{"href":"https:\/\/oma.media.fi\/keskisuomalainen\/wp-json\/wp\/v2\/types\/page"}],"author":[{"embeddable":true,"href":"https:\/\/oma.media.fi\/keskisuomalainen\/wp-json\/wp\/v2\/users\/1"}],"replies":[{"embeddable":true,"href":"https:\/\/oma.media.fi\/keskisuomalainen\/wp-json\/wp\/v2\/comments?post=15065"}],"version-history":[{"count":56,"href":"https:\/\/oma.media.fi\/keskisuomalainen\/wp-json\/wp\/v2\/pages\/15065\/revisions"}],"predecessor-version":[{"id":23426,"href":"https:\/\/oma.media.fi\/keskisuomalainen\/wp-json\/wp\/v2\/pages\/15065\/revisions\/23426"}],"up":[{"embeddable":true,"href":"https:\/\/oma.media.fi\/keskisuomalainen\/wp-json\/wp\/v2\/pages\/214"}],"wp:featuredmedia":[{"embeddable":true,"href":"https:\/\/oma.media.fi\/keskisuomalainen\/wp-json\/wp\/v2\/media\/15049"}],"wp:attachment":[{"href":"https:\/\/oma.media.fi\/keskisuomalainen\/wp-json\/wp\/v2\/media?parent=15065"}],"curies":[{"name":"wp","href":"https:\/\/api.w.org\/{rel}","templated":true}]}}