{"id":15230,"date":"2021-04-29T12:06:53","date_gmt":"2021-04-29T09:06:53","guid":{"rendered":"https:\/\/oma.media.fi\/keskisuomalainen\/?page_id=15230"},"modified":"2021-06-02T13:51:49","modified_gmt":"2021-06-02T10:51:49","slug":"keskisuomalaisen-kesaarvonta-2021","status":"publish","type":"page","link":"https:\/\/oma.media.fi\/keskisuomalainen\/keskisuomalaisen-kesaarvonta-2021\/","title":{"rendered":"Keskisuomalaisen kes\u00e4arvonta 2021"},"content":{"rendered":"<ol>\n<li>\n<h3><strong>J\u00e4rjest\u00e4j\u00e4t ja yhteisty\u00f6kumppanit<\/strong><\/h3>\n<\/li>\n<\/ol>\n<p>Arvonnan j\u00e4rjest\u00e4j\u00e4: Keski-Suomen\u00a0 Media Oy,\u00a0 y-tunnus 2005510-5.<\/p>\n<p>Arvonnan yhteisty\u00f6kumppanit: Keljon, Sepp\u00e4l\u00e4n, Palokan, J\u00e4ms\u00e4n ja \u00c4\u00e4nekosken K-Citymarketit (Kesko Oyj, y-tunnus 010986-8).<\/p>\n<p>Mukana arvonnassa Keski-Suomen Median sanomalehti Keskisuomalainen.<\/p>\n<p>Facebook\u00a0 ei ole mill\u00e4\u00e4n tavalla osallinen arvontaan.<\/p>\n<ol start=\"2\">\n<li>\n<h3><strong>Palkinnon arvonta<\/strong><\/h3>\n<\/li>\n<\/ol>\n<p>Arvonnassa arvotaan kolme kertaa yksi (1) 10 litran karkki\u00e4mp\u00e4ri (voittaja voi valita t\u00e4ytteeksi joko \u00e4mp\u00e4rin t\u00e4ydelt\u00e4 makeisia tai 7 pakettia Juhla Mokka -kahvipaketteja) yhdelle henkil\u00f6lle. Yhden palkinnon arvo on n. 30 e.\u00a0 Arvonnan j\u00e4rjest\u00e4j\u00e4 maksaa palkintojen arvosta arpajaisveron. Palkintoa ei voi muuttaa rahaksi.<\/p>\n<p>Arvontaan osallistuminen toteutetaan sanomalehti Keskisuomalaisen Facebook-sivujen kautta.<\/p>\n<p>Voittajat arvotaan kerran kuussa touko-, kes\u00e4- ja hein\u00e4kuussa kuukauden viimeisen\u00e4 p\u00e4iv\u00e4n\u00e4 ja voittajille ilmoitetaan henkil\u00f6kohtaisesti Facebookin yksityisviestill\u00e4. Jos\u00a0 voittajaa ei tavoiteta kolmen arkip\u00e4iv\u00e4n kuluessa arvonnasta, arvotaan uusi voittaja. Arvonnan j\u00e4rjest\u00e4j\u00e4 ei korvaa palkintoa, mik\u00e4li osallistujaa ei tavoiteta.<\/p>\n<p>Voittajien nimet voidaan julkaista j\u00e4rjest\u00e4j\u00e4n ja yhteisty\u00f6kumppaneiden Internet-sivustoilla, Facebookissa ja muun kampanjatiedottamisen yhteydess\u00e4. Lis\u00e4ksi palkinnon voittajien kanssa voidaan sopia haastattelun antamisesta ja julkaisemisesta j\u00e4rjest\u00e4j\u00e4n medioissa.<\/p>\n<p>Voittajille l\u00e4hetet\u00e4\u00e4n tarkemmat ohjeet palkinnon lunastamisesta.<\/p>\n<ol start=\"3\">\n<li>\n<h3><strong>Osallistumiskelpoisuus<\/strong><\/h3>\n<\/li>\n<\/ol>\n<p>Arvontaan voivat osallistua kaikki Suomessa asuvat luonnolliset t\u00e4ysi-ik\u00e4iset henkil\u00f6t lukuun ottamatta alla mainittuja poikkeuksia. Arvontaan eiv\u00e4t saa osallistua j\u00e4rjest\u00e4j\u00e4n ja yhteisty\u00f6kumppanin tai sen tyt\u00e4ryhti\u00f6iden ty\u00f6ntekij\u00e4t eiv\u00e4tk\u00e4 heid\u00e4n perheenj\u00e4senens\u00e4. Sama henkil\u00f6 voi osallistua arvontaan vain yhden kerran.<\/p>\n<p>Arvontaan voi osallistua tykk\u00e4\u00e4m\u00e4ll\u00e4 sanomalehti Keskisuomalaisen Facebook-sivua ja kommentoimalla julkaisua. Arvontaan osallistuminen voidaan ev\u00e4t\u00e4 t\u00f6rke\u00e4n kielenk\u00e4yt\u00f6n tai muun ep\u00e4sopivan toiminnan takia.<\/p>\n<ol start=\"4\">\n<li>\n<h3><strong>Osallistumisaika<\/strong><\/h3>\n<\/li>\n<\/ol>\n<p>Arvontaan voi osallistua 1.5.-29.7.2021 v\u00e4lisen\u00e4 aikana, ellei toisin ilmoiteta. Arvonta voidaan my\u00f6s lopettaa edell\u00e4 mainittua p\u00e4iv\u00e4m\u00e4\u00e4r\u00e4\u00e4 aiemmin tai sen viimeist\u00e4 osallistumisp\u00e4iv\u00e4\u00e4 voidaan siirt\u00e4\u00e4 eteenp\u00e4in. Arvonta tapahtuu 31.5., 30.6. ja 30.7.2021.<\/p>\n<ol start=\"5\">\n<li>\n<h3><strong>J\u00e4rjest\u00e4j\u00e4n vastuu<\/strong><\/h3>\n<\/li>\n<\/ol>\n<p>Arvonnan j\u00e4rjest\u00e4j\u00e4n vastuu osanottajia kohtaan ei ylit\u00e4 n\u00e4iss\u00e4 virallisissa s\u00e4\u00e4nn\u00f6iss\u00e4 mainitun palkinnon yhteisarvoa. Arvonnan j\u00e4rjest\u00e4j\u00e4 ja arvonnan tekninen toteuttaja eiv\u00e4t vastaa kolmansista osapuolista johtuvista ongelmista tai arvontaan osallistuvan henkil\u00f6n tahallisesta tai tahattomasti haitallisesta k\u00e4ytt\u00e4ytymisest\u00e4, eik\u00e4 mist\u00e4\u00e4n n\u00e4iden takia aiheutuneista vahingoista.<\/p>\n<ol start=\"6\">\n<li>\n<h3><strong>Henkil\u00f6tietojen k\u00e4sittely<\/strong><\/h3>\n<\/li>\n<\/ol>\n<p>Arvontaan osallistumisen yhteydess\u00e4 antamiasi henkil\u00f6tietoja k\u00e4sitell\u00e4\u00e4n henkil\u00f6tietolain mukaisesti.<\/p>\n<ol start=\"7\">\n<li>\n<h3><strong>Tavaramerkit ja tekij\u00e4noikeudet<\/strong><\/h3>\n<\/li>\n<\/ol>\n<p>Kaikki t\u00e4ss\u00e4 arvonnassa esiintyv\u00e4 materiaali on suojattu tekij\u00e4noikeudella, ellei muuten ilmoiteta. Kaiken materiaalin k\u00e4ytt\u00f6 on kielletty ilman j\u00e4rjest\u00e4j\u00e4n kirjallista lupaa. N\u00e4m\u00e4 arvontas\u00e4\u00e4nn\u00f6t koskevat kaikkia osanottajia. Osallistumalla t\u00e4h\u00e4n arvontaan osanottajat sitoutuvat noudattamaan n\u00e4it\u00e4 s\u00e4\u00e4nt\u00f6j\u00e4 ja j\u00e4rjest\u00e4j\u00e4n p\u00e4\u00e4t\u00f6ksi\u00e4. J\u00e4rjest\u00e4j\u00e4 pid\u00e4tt\u00e4\u00e4 itselleen oikeuden s\u00e4\u00e4nt\u00f6muutoksiin. Arvontas\u00e4\u00e4nt\u00f6jen soveltamiseen ja tulkintaan liittyv\u00e4t mahdolliset ep\u00e4selvyydet ratkaisee j\u00e4rjest\u00e4j\u00e4.<\/p>\n<p><a href=\"http:\/\/oma.media.fi\/arvontasaannot\">Mediatalo Keskisuomalaisen yleiset kilpailu- ja arvontas\u00e4\u00e4nn\u00f6t<\/a><\/p>\n<h3>Onnea arvontaan!<\/h3>\n","protected":false},"excerpt":{"rendered":"<p>J\u00e4rjest\u00e4j\u00e4t ja yhteisty\u00f6kumppanit Arvonnan j\u00e4rjest\u00e4j\u00e4: Keski-Suomen\u00a0 Media Oy,\u00a0 y-tunnus 2005510-5. Arvonnan yhteisty\u00f6kumppanit: Keljon, Sepp\u00e4l\u00e4n, Palokan, J\u00e4ms\u00e4n ja \u00c4\u00e4nekosken K-Citymarketit (Kesko Oyj, y-tunnus 010986-8). Mukana arvonnassa Keski-Suomen Median sanomalehti Keskisuomalainen. Facebook\u00a0 ei ole mill\u00e4\u00e4n tavalla osallinen arvontaan. Palkinnon arvonta Arvonnassa arvotaan kolme kertaa yksi (1) 10 litran karkki\u00e4mp\u00e4ri (voittaja voi valita t\u00e4ytteeksi joko \u00e4mp\u00e4rin t\u00e4ydelt\u00e4 makeisia [&hellip;]<\/p>\n","protected":false},"author":29,"featured_media":15275,"parent":0,"menu_order":0,"comment_status":"closed","ping_status":"closed","template":"","meta":{"_acf_changed":false,"footnotes":""},"class_list":["post-15230","page","type-page","status-publish","has-post-thumbnail","hentry"],"acf":[],"yoast_head":"<!-- This site is optimized with the Yoast SEO plugin v26.2 - https:\/\/yoast.com\/wordpress\/plugins\/seo\/ -->\n<title>Keskisuomalaisen kes\u00e4arvonta 2021 - Keskisuomalainen<\/title>\n<meta name=\"robots\" content=\"index, follow, max-snippet:-1, max-image-preview:large, max-video-preview:-1\" \/>\n<link rel=\"canonical\" href=\"https:\/\/oma.media.fi\/keskisuomalainen\/keskisuomalaisen-kesaarvonta-2021\/\" \/>\n<meta property=\"og:locale\" content=\"fi_FI\" \/>\n<meta property=\"og:type\" content=\"article\" \/>\n<meta property=\"og:title\" content=\"Keskisuomalaisen kes\u00e4arvonta 2021\" \/>\n<meta property=\"og:description\" content=\"J\u00e4rjest\u00e4j\u00e4t ja yhteisty\u00f6kumppanit Arvonnan j\u00e4rjest\u00e4j\u00e4: Keski-Suomen\u00a0 Media Oy,\u00a0 y-tunnus 2005510-5. Arvonnan yhteisty\u00f6kumppanit: Keljon, Sepp\u00e4l\u00e4n, Palokan, J\u00e4ms\u00e4n ja \u00c4\u00e4nekosken K-Citymarketit (Kesko Oyj, y-tunnus 010986-8). Mukana arvonnassa Keski-Suomen Median sanomalehti Keskisuomalainen. Facebook\u00a0 ei ole mill\u00e4\u00e4n tavalla osallinen arvontaan. Palkinnon arvonta Arvonnassa arvotaan kolme kertaa yksi (1) 10 litran karkki\u00e4mp\u00e4ri (voittaja voi valita t\u00e4ytteeksi joko \u00e4mp\u00e4rin t\u00e4ydelt\u00e4 makeisia [&hellip;]\" \/>\n<meta property=\"og:url\" content=\"https:\/\/oma.media.fi\/keskisuomalainen\/keskisuomalaisen-kesaarvonta-2021\/\" \/>\n<meta property=\"og:site_name\" content=\"Keskisuomalainen\" \/>\n<meta property=\"article:modified_time\" content=\"2021-06-02T10:51:49+00:00\" \/>\n<meta property=\"og:image\" content=\"https:\/\/oma.media.fi\/keskisuomalainen\/wp-content\/uploads\/sites\/2\/2021\/04\/KSML_karkkikampanja__arvonta_810x260px.jpg\" \/>\n\t<meta property=\"og:image:width\" content=\"1080\" \/>\n\t<meta property=\"og:image:height\" content=\"347\" \/>\n\t<meta property=\"og:image:type\" content=\"image\/jpeg\" \/>\n<meta name=\"twitter:card\" content=\"summary_large_image\" \/>\n<meta name=\"twitter:label1\" content=\"Arvioitu lukuaika\" \/>\n\t<meta name=\"twitter:data1\" content=\"2 minuuttia\" \/>\n<script type=\"application\/ld+json\" class=\"yoast-schema-graph\">{\"@context\":\"https:\/\/schema.org\",\"@graph\":[{\"@type\":\"WebPage\",\"@id\":\"https:\/\/oma.media.fi\/keskisuomalainen\/keskisuomalaisen-kesaarvonta-2021\/\",\"url\":\"https:\/\/oma.media.fi\/keskisuomalainen\/keskisuomalaisen-kesaarvonta-2021\/\",\"name\":\"Keskisuomalaisen kes\u00e4arvonta 2021 - Keskisuomalainen\",\"isPartOf\":{\"@id\":\"https:\/\/oma.media.fi\/keskisuomalainen\/#website\"},\"primaryImageOfPage\":{\"@id\":\"https:\/\/oma.media.fi\/keskisuomalainen\/keskisuomalaisen-kesaarvonta-2021\/#primaryimage\"},\"image\":{\"@id\":\"https:\/\/oma.media.fi\/keskisuomalainen\/keskisuomalaisen-kesaarvonta-2021\/#primaryimage\"},\"thumbnailUrl\":\"https:\/\/oma.media.fi\/keskisuomalainen\/wp-content\/uploads\/sites\/2\/2021\/04\/KSML_karkkikampanja__arvonta_810x260px.jpg\",\"datePublished\":\"2021-04-29T09:06:53+00:00\",\"dateModified\":\"2021-06-02T10:51:49+00:00\",\"breadcrumb\":{\"@id\":\"https:\/\/oma.media.fi\/keskisuomalainen\/keskisuomalaisen-kesaarvonta-2021\/#breadcrumb\"},\"inLanguage\":\"fi\",\"potentialAction\":[{\"@type\":\"ReadAction\",\"target\":[\"https:\/\/oma.media.fi\/keskisuomalainen\/keskisuomalaisen-kesaarvonta-2021\/\"]}]},{\"@type\":\"ImageObject\",\"inLanguage\":\"fi\",\"@id\":\"https:\/\/oma.media.fi\/keskisuomalainen\/keskisuomalaisen-kesaarvonta-2021\/#primaryimage\",\"url\":\"https:\/\/oma.media.fi\/keskisuomalainen\/wp-content\/uploads\/sites\/2\/2021\/04\/KSML_karkkikampanja__arvonta_810x260px.jpg\",\"contentUrl\":\"https:\/\/oma.media.fi\/keskisuomalainen\/wp-content\/uploads\/sites\/2\/2021\/04\/KSML_karkkikampanja__arvonta_810x260px.jpg\",\"width\":1080,\"height\":347},{\"@type\":\"BreadcrumbList\",\"@id\":\"https:\/\/oma.media.fi\/keskisuomalainen\/keskisuomalaisen-kesaarvonta-2021\/#breadcrumb\",\"itemListElement\":[{\"@type\":\"ListItem\",\"position\":1,\"name\":\"Etusivu\",\"item\":\"https:\/\/oma.media.fi\/keskisuomalainen\/\"},{\"@type\":\"ListItem\",\"position\":2,\"name\":\"Keskisuomalaisen kes\u00e4arvonta 2021\"}]},{\"@type\":\"WebSite\",\"@id\":\"https:\/\/oma.media.fi\/keskisuomalainen\/#website\",\"url\":\"https:\/\/oma.media.fi\/keskisuomalainen\/\",\"name\":\"Keskisuomalainen\",\"description\":\"\",\"potentialAction\":[{\"@type\":\"SearchAction\",\"target\":{\"@type\":\"EntryPoint\",\"urlTemplate\":\"https:\/\/oma.media.fi\/keskisuomalainen\/?s={search_term_string}\"},\"query-input\":{\"@type\":\"PropertyValueSpecification\",\"valueRequired\":true,\"valueName\":\"search_term_string\"}}],\"inLanguage\":\"fi\"}]}<\/script>\n<!-- \/ Yoast SEO plugin. -->","yoast_head_json":{"title":"Keskisuomalaisen kes\u00e4arvonta 2021 - Keskisuomalainen","robots":{"index":"index","follow":"follow","max-snippet":"max-snippet:-1","max-image-preview":"max-image-preview:large","max-video-preview":"max-video-preview:-1"},"canonical":"https:\/\/oma.media.fi\/keskisuomalainen\/keskisuomalaisen-kesaarvonta-2021\/","og_locale":"fi_FI","og_type":"article","og_title":"Keskisuomalaisen kes\u00e4arvonta 2021","og_description":"J\u00e4rjest\u00e4j\u00e4t ja yhteisty\u00f6kumppanit Arvonnan j\u00e4rjest\u00e4j\u00e4: Keski-Suomen\u00a0 Media Oy,\u00a0 y-tunnus 2005510-5. Arvonnan yhteisty\u00f6kumppanit: Keljon, Sepp\u00e4l\u00e4n, Palokan, J\u00e4ms\u00e4n ja \u00c4\u00e4nekosken K-Citymarketit (Kesko Oyj, y-tunnus 010986-8). Mukana arvonnassa Keski-Suomen Median sanomalehti Keskisuomalainen. Facebook\u00a0 ei ole mill\u00e4\u00e4n tavalla osallinen arvontaan. Palkinnon arvonta Arvonnassa arvotaan kolme kertaa yksi (1) 10 litran karkki\u00e4mp\u00e4ri (voittaja voi valita t\u00e4ytteeksi joko \u00e4mp\u00e4rin t\u00e4ydelt\u00e4 makeisia [&hellip;]","og_url":"https:\/\/oma.media.fi\/keskisuomalainen\/keskisuomalaisen-kesaarvonta-2021\/","og_site_name":"Keskisuomalainen","article_modified_time":"2021-06-02T10:51:49+00:00","og_image":[{"width":1080,"height":347,"url":"https:\/\/oma.media.fi\/keskisuomalainen\/wp-content\/uploads\/sites\/2\/2021\/04\/KSML_karkkikampanja__arvonta_810x260px.jpg","type":"image\/jpeg"}],"twitter_card":"summary_large_image","twitter_misc":{"Arvioitu lukuaika":"2 minuuttia"},"schema":{"@context":"https:\/\/schema.org","@graph":[{"@type":"WebPage","@id":"https:\/\/oma.media.fi\/keskisuomalainen\/keskisuomalaisen-kesaarvonta-2021\/","url":"https:\/\/oma.media.fi\/keskisuomalainen\/keskisuomalaisen-kesaarvonta-2021\/","name":"Keskisuomalaisen kes\u00e4arvonta 2021 - Keskisuomalainen","isPartOf":{"@id":"https:\/\/oma.media.fi\/keskisuomalainen\/#website"},"primaryImageOfPage":{"@id":"https:\/\/oma.media.fi\/keskisuomalainen\/keskisuomalaisen-kesaarvonta-2021\/#primaryimage"},"image":{"@id":"https:\/\/oma.media.fi\/keskisuomalainen\/keskisuomalaisen-kesaarvonta-2021\/#primaryimage"},"thumbnailUrl":"https:\/\/oma.media.fi\/keskisuomalainen\/wp-content\/uploads\/sites\/2\/2021\/04\/KSML_karkkikampanja__arvonta_810x260px.jpg","datePublished":"2021-04-29T09:06:53+00:00","dateModified":"2021-06-02T10:51:49+00:00","breadcrumb":{"@id":"https:\/\/oma.media.fi\/keskisuomalainen\/keskisuomalaisen-kesaarvonta-2021\/#breadcrumb"},"inLanguage":"fi","potentialAction":[{"@type":"ReadAction","target":["https:\/\/oma.media.fi\/keskisuomalainen\/keskisuomalaisen-kesaarvonta-2021\/"]}]},{"@type":"ImageObject","inLanguage":"fi","@id":"https:\/\/oma.media.fi\/keskisuomalainen\/keskisuomalaisen-kesaarvonta-2021\/#primaryimage","url":"https:\/\/oma.media.fi\/keskisuomalainen\/wp-content\/uploads\/sites\/2\/2021\/04\/KSML_karkkikampanja__arvonta_810x260px.jpg","contentUrl":"https:\/\/oma.media.fi\/keskisuomalainen\/wp-content\/uploads\/sites\/2\/2021\/04\/KSML_karkkikampanja__arvonta_810x260px.jpg","width":1080,"height":347},{"@type":"BreadcrumbList","@id":"https:\/\/oma.media.fi\/keskisuomalainen\/keskisuomalaisen-kesaarvonta-2021\/#breadcrumb","itemListElement":[{"@type":"ListItem","position":1,"name":"Etusivu","item":"https:\/\/oma.media.fi\/keskisuomalainen\/"},{"@type":"ListItem","position":2,"name":"Keskisuomalaisen kes\u00e4arvonta 2021"}]},{"@type":"WebSite","@id":"https:\/\/oma.media.fi\/keskisuomalainen\/#website","url":"https:\/\/oma.media.fi\/keskisuomalainen\/","name":"Keskisuomalainen","description":"","potentialAction":[{"@type":"SearchAction","target":{"@type":"EntryPoint","urlTemplate":"https:\/\/oma.media.fi\/keskisuomalainen\/?s={search_term_string}"},"query-input":{"@type":"PropertyValueSpecification","valueRequired":true,"valueName":"search_term_string"}}],"inLanguage":"fi"}]}},"publishpress_future_workflow_manual_trigger":{"enabledWorkflows":[]},"_links":{"self":[{"href":"https:\/\/oma.media.fi\/keskisuomalainen\/wp-json\/wp\/v2\/pages\/15230","targetHints":{"allow":["GET"]}}],"collection":[{"href":"https:\/\/oma.media.fi\/keskisuomalainen\/wp-json\/wp\/v2\/pages"}],"about":[{"href":"https:\/\/oma.media.fi\/keskisuomalainen\/wp-json\/wp\/v2\/types\/page"}],"author":[{"embeddable":true,"href":"https:\/\/oma.media.fi\/keskisuomalainen\/wp-json\/wp\/v2\/users\/29"}],"replies":[{"embeddable":true,"href":"https:\/\/oma.media.fi\/keskisuomalainen\/wp-json\/wp\/v2\/comments?post=15230"}],"version-history":[{"count":15,"href":"https:\/\/oma.media.fi\/keskisuomalainen\/wp-json\/wp\/v2\/pages\/15230\/revisions"}],"predecessor-version":[{"id":15545,"href":"https:\/\/oma.media.fi\/keskisuomalainen\/wp-json\/wp\/v2\/pages\/15230\/revisions\/15545"}],"wp:featuredmedia":[{"embeddable":true,"href":"https:\/\/oma.media.fi\/keskisuomalainen\/wp-json\/wp\/v2\/media\/15275"}],"wp:attachment":[{"href":"https:\/\/oma.media.fi\/keskisuomalainen\/wp-json\/wp\/v2\/media?parent=15230"}],"curies":[{"name":"wp","href":"https:\/\/api.w.org\/{rel}","templated":true}]}}