{"id":15303,"date":"2021-04-23T08:04:04","date_gmt":"2021-04-23T05:04:04","guid":{"rendered":"https:\/\/oma.media.fi\/keskisuomalainen\/tilaa\/yritystilaus\/ohjeet-yritystilauksen-vastuuhenkilolle\/"},"modified":"2025-09-05T12:12:42","modified_gmt":"2025-09-05T09:12:42","slug":"ohjeet-yritystilauksen-vastuuhenkilolle","status":"publish","type":"page","link":"https:\/\/oma.media.fi\/keskisuomalainen\/tilaa\/yritystilaus\/ohjeet-yritystilauksen-vastuuhenkilolle\/","title":{"rendered":"Ohjeet yritystilauksen vastuuhenkil\u00f6lle"},"content":{"rendered":"<h3>1. Yrityksen vastuuhenkil\u00f6ll\u00e4 tulee olla Mediatunnus.<\/h3>\n<p>Sen voi tehd\u00e4 itse <a href=\"https:\/\/media.portal.worldoftulo.com\/loginregistration\">t\u00e4\u00e4lt\u00e4<\/a> tai se luodaan etuk\u00e4teen valmiiksi. Mediatunnukseen tarvitaan s\u00e4hk\u00f6postiosoite, salasana sek\u00e4 etu- ja sukunimi.<\/p>\n<h3>2. Kun vastuuhenkil\u00f6ll\u00e4 on Mediatunnus ja siihen on Yritysdigitilaus kytketty, h\u00e4n voi jakaa k\u00e4ytt\u00f6oikeuksia seuraavasti:<\/h3>\n<ol>\n<li>Kirjaudu Mediatunnuksilla sis\u00e4\u00e4n osoitteeseen <a href=\"https:\/\/media.portal.worldoftulo.com\/Login\">https:\/\/media.portal.worldoftulo.com\/Login<\/a><\/li>\n<li>Avaa Tilaukset &#8211; v\u00e4lilehti<\/li>\n<li>Klikkaa tilauksen kohdalla \u201dJaa paketti\u201d -painiketta<\/li>\n<li>Lis\u00e4\u00e4 avautuvaan listaan yrityksesi ty\u00f6ntekij\u00f6iden s\u00e4hk\u00f6postiosoitteet<\/li>\n<\/ol>\n<p><a href=\"https:\/\/oma.media.fi\/keskisuomalainen\/wp-content\/uploads\/sites\/2\/2025\/09\/omamedia-yritystilaus-lukuoikeuden-jako.jpg\"><img loading=\"lazy\" decoding=\"async\" class=\"alignnone wp-image-23452 size-full\" src=\"https:\/\/oma.media.fi\/keskisuomalainen\/wp-content\/uploads\/sites\/2\/2025\/09\/omamedia-yritystilaus-lukuoikeuden-jako.jpg\" alt=\"\" width=\"944\" height=\"630\" srcset=\"https:\/\/oma.media.fi\/keskisuomalainen\/wp-content\/uploads\/sites\/2\/2025\/09\/omamedia-yritystilaus-lukuoikeuden-jako.jpg 944w, https:\/\/oma.media.fi\/keskisuomalainen\/wp-content\/uploads\/sites\/2\/2025\/09\/omamedia-yritystilaus-lukuoikeuden-jako-300x200.jpg 300w, https:\/\/oma.media.fi\/keskisuomalainen\/wp-content\/uploads\/sites\/2\/2025\/09\/omamedia-yritystilaus-lukuoikeuden-jako-768x513.jpg 768w, https:\/\/oma.media.fi\/keskisuomalainen\/wp-content\/uploads\/sites\/2\/2025\/09\/omamedia-yritystilaus-lukuoikeuden-jako-600x400.jpg 600w\" sizes=\"auto, (max-width: 944px) 100vw, 944px\" \/><\/a><\/p>\n<h3>3. Huomioithan ett\u00e4 voit laittaa s\u00e4hk\u00f6postiosoitteita vain ostamasi m\u00e4\u00e4r\u00e4n.<\/h3>\n<p>Mik\u00e4li m\u00e4\u00e4r\u00e4\u00e4 on tarve lis\u00e4t\u00e4, ota yhteys asiakaspalveluumme. Mik\u00e4li m\u00e4\u00e4r\u00e4 ylitt\u00e4\u00e4 sovitun, veloitamme toteutuneen m\u00e4\u00e4r\u00e4n mukaisesti.<\/p>\n<h3>4. Yrityksen ty\u00f6ntekij\u00e4 saa t\u00e4m\u00e4n j\u00e4lkeen s\u00e4hk\u00f6postin, jossa linkki tilauksen k\u00e4ytt\u00f6\u00f6nottoon.<\/h3>\n<p>Ty\u00f6ntekij\u00e4n tulee tehd\u00e4 oma henkil\u00f6kohtainen Mediatunnus. Jos sellaista ei ole niin j\u00e4rjestelm\u00e4 pyyt\u00e4\u00e4 luomaan sellaisen.<\/p>\n<h3>5. Kun ty\u00f6ntekij\u00e4 on kirjautunut palveluun s\u00e4hk\u00f6postissa saamansa linkin avulla, j\u00e4rjestelm\u00e4 pyyt\u00e4\u00e4 viel\u00e4 hyv\u00e4ksym\u00e4\u00e4n jaetun tilauksen:<\/h3>\n<p><a href=\"https:\/\/oma.media.fi\/keskisuomalainen\/wp-content\/uploads\/sites\/2\/2025\/09\/omamedia-yritystilaus-lukuoikeuden-hyvaksyminen.jpg\"><img loading=\"lazy\" decoding=\"async\" class=\"alignnone wp-image-23453 size-full\" src=\"https:\/\/oma.media.fi\/keskisuomalainen\/wp-content\/uploads\/sites\/2\/2025\/09\/omamedia-yritystilaus-lukuoikeuden-hyvaksyminen.jpg\" alt=\"\" width=\"971\" height=\"480\" srcset=\"https:\/\/oma.media.fi\/keskisuomalainen\/wp-content\/uploads\/sites\/2\/2025\/09\/omamedia-yritystilaus-lukuoikeuden-hyvaksyminen.jpg 971w, https:\/\/oma.media.fi\/keskisuomalainen\/wp-content\/uploads\/sites\/2\/2025\/09\/omamedia-yritystilaus-lukuoikeuden-hyvaksyminen-300x148.jpg 300w, https:\/\/oma.media.fi\/keskisuomalainen\/wp-content\/uploads\/sites\/2\/2025\/09\/omamedia-yritystilaus-lukuoikeuden-hyvaksyminen-768x380.jpg 768w\" sizes=\"auto, (max-width: 971px) 100vw, 971px\" \/><\/a><\/p>\n<h3>6. T\u00e4m\u00e4n j\u00e4lkeen juttuja p\u00e4\u00e4see lukemaan kirjautumalla uutissivuston (esim. ess.fi, ksml.fi ) Asiakas \u2013 valikossa (hahmokuvakkeen takaa).<\/h3>\n<p>HUOM! Ensimm\u00e4isell\u00e4 kerralla kaikkiin uutissivustoihin on kirjauduttava. Jatkossa selaimet muistavat tunnukset, mik\u00e4li selaimessa sellaiset ovat sallittuja.<\/p>\n<p><a href=\"https:\/\/oma.media.fi\/keskisuomalainen\/wp-content\/uploads\/sites\/2\/2025\/09\/omamedia-yritystilaus-kirjautuminen.jpg\"><img loading=\"lazy\" decoding=\"async\" class=\"alignnone wp-image-23454 size-full\" src=\"https:\/\/oma.media.fi\/keskisuomalainen\/wp-content\/uploads\/sites\/2\/2025\/09\/omamedia-yritystilaus-kirjautuminen.jpg\" alt=\"\" width=\"989\" height=\"622\" srcset=\"https:\/\/oma.media.fi\/keskisuomalainen\/wp-content\/uploads\/sites\/2\/2025\/09\/omamedia-yritystilaus-kirjautuminen.jpg 989w, https:\/\/oma.media.fi\/keskisuomalainen\/wp-content\/uploads\/sites\/2\/2025\/09\/omamedia-yritystilaus-kirjautuminen-300x189.jpg 300w, https:\/\/oma.media.fi\/keskisuomalainen\/wp-content\/uploads\/sites\/2\/2025\/09\/omamedia-yritystilaus-kirjautuminen-768x483.jpg 768w\" sizes=\"auto, (max-width: 989px) 100vw, 989px\" \/><\/a><\/p>\n<p>A) Kirjaudu-linkist\u00e4 avautuu sivu, jossa kirjautuminen onnistuu Mediatunnuksella (s\u00e4hk\u00f6posti + salasana). Mik\u00e4li salasana on unohtunut, sen voi uusia samalla sivulla (kohdasta Olen unohtanut salasanani).<\/p>\n<p><a href=\"https:\/\/oma.media.fi\/keskisuomalainen\/wp-content\/uploads\/sites\/2\/2025\/09\/omamedia-yritystilaus-kirjautuminen2.jpg\"><img loading=\"lazy\" decoding=\"async\" class=\"alignnone wp-image-23455 size-full\" src=\"https:\/\/oma.media.fi\/keskisuomalainen\/wp-content\/uploads\/sites\/2\/2025\/09\/omamedia-yritystilaus-kirjautuminen2.jpg\" alt=\"\" width=\"629\" height=\"694\" srcset=\"https:\/\/oma.media.fi\/keskisuomalainen\/wp-content\/uploads\/sites\/2\/2025\/09\/omamedia-yritystilaus-kirjautuminen2.jpg 629w, https:\/\/oma.media.fi\/keskisuomalainen\/wp-content\/uploads\/sites\/2\/2025\/09\/omamedia-yritystilaus-kirjautuminen2-272x300.jpg 272w\" sizes=\"auto, (max-width: 629px) 100vw, 629px\" \/><\/a><\/p>\n<p>B) Kirjautuneena Asiakas-valikossa voi tarkastella omia tilaustietoja \u201dOmat tiedot\u201d \u2013 linkist\u00e4<\/p>\n<p><a href=\"https:\/\/oma.media.fi\/keskisuomalainen\/wp-content\/uploads\/sites\/2\/2025\/09\/omamedia-yritystilaus-omat-tiedot.jpg\"><img loading=\"lazy\" decoding=\"async\" class=\"alignnone wp-image-23456 size-full\" src=\"https:\/\/oma.media.fi\/keskisuomalainen\/wp-content\/uploads\/sites\/2\/2025\/09\/omamedia-yritystilaus-omat-tiedot.jpg\" alt=\"\" width=\"909\" height=\"568\" srcset=\"https:\/\/oma.media.fi\/keskisuomalainen\/wp-content\/uploads\/sites\/2\/2025\/09\/omamedia-yritystilaus-omat-tiedot.jpg 909w, https:\/\/oma.media.fi\/keskisuomalainen\/wp-content\/uploads\/sites\/2\/2025\/09\/omamedia-yritystilaus-omat-tiedot-300x187.jpg 300w, https:\/\/oma.media.fi\/keskisuomalainen\/wp-content\/uploads\/sites\/2\/2025\/09\/omamedia-yritystilaus-omat-tiedot-768x480.jpg 768w\" sizes=\"auto, (max-width: 909px) 100vw, 909px\" \/><\/a><\/p>\n","protected":false},"excerpt":{"rendered":"<p>1. Yrityksen vastuuhenkil\u00f6ll\u00e4 tulee olla Mediatunnus. Sen voi tehd\u00e4 itse t\u00e4\u00e4lt\u00e4 tai se luodaan etuk\u00e4teen valmiiksi. Mediatunnukseen tarvitaan s\u00e4hk\u00f6postiosoite, salasana sek\u00e4 etu- ja sukunimi. 2. Kun vastuuhenkil\u00f6ll\u00e4 on Mediatunnus ja siihen on Yritysdigitilaus kytketty, h\u00e4n voi jakaa k\u00e4ytt\u00f6oikeuksia seuraavasti: Kirjaudu Mediatunnuksilla sis\u00e4\u00e4n osoitteeseen https:\/\/media.portal.worldoftulo.com\/Login Avaa Tilaukset &#8211; v\u00e4lilehti Klikkaa tilauksen kohdalla \u201dJaa paketti\u201d -painiketta Lis\u00e4\u00e4 [&hellip;]<\/p>\n","protected":false},"author":1,"featured_media":0,"parent":15065,"menu_order":0,"comment_status":"closed","ping_status":"closed","template":"","meta":{"_acf_changed":false,"footnotes":""},"class_list":["post-15303","page","type-page","status-publish","hentry"],"acf":[],"yoast_head":"<!-- This site is optimized with the Yoast SEO plugin v26.2 - https:\/\/yoast.com\/wordpress\/plugins\/seo\/ -->\n<title>Ohjeet yritystilauksen vastuuhenkil\u00f6lle - Keskisuomalainen<\/title>\n<meta name=\"robots\" content=\"index, follow, max-snippet:-1, max-image-preview:large, max-video-preview:-1\" \/>\n<link rel=\"canonical\" href=\"https:\/\/oma.media.fi\/keskisuomalainen\/tilaa\/yritystilaus\/ohjeet-yritystilauksen-vastuuhenkilolle\/\" \/>\n<meta property=\"og:locale\" content=\"fi_FI\" \/>\n<meta property=\"og:type\" content=\"article\" \/>\n<meta property=\"og:title\" content=\"Ohjeet yritystilauksen vastuuhenkil\u00f6lle\" \/>\n<meta property=\"og:description\" content=\"1. Yrityksen vastuuhenkil\u00f6ll\u00e4 tulee olla Mediatunnus. Sen voi tehd\u00e4 itse t\u00e4\u00e4lt\u00e4 tai se luodaan etuk\u00e4teen valmiiksi. Mediatunnukseen tarvitaan s\u00e4hk\u00f6postiosoite, salasana sek\u00e4 etu- ja sukunimi. 2. Kun vastuuhenkil\u00f6ll\u00e4 on Mediatunnus ja siihen on Yritysdigitilaus kytketty, h\u00e4n voi jakaa k\u00e4ytt\u00f6oikeuksia seuraavasti: Kirjaudu Mediatunnuksilla sis\u00e4\u00e4n osoitteeseen https:\/\/media.portal.worldoftulo.com\/Login Avaa Tilaukset &#8211; v\u00e4lilehti Klikkaa tilauksen kohdalla \u201dJaa paketti\u201d -painiketta Lis\u00e4\u00e4 [&hellip;]\" \/>\n<meta property=\"og:url\" content=\"https:\/\/oma.media.fi\/keskisuomalainen\/tilaa\/yritystilaus\/ohjeet-yritystilauksen-vastuuhenkilolle\/\" \/>\n<meta property=\"og:site_name\" content=\"Keskisuomalainen\" \/>\n<meta property=\"article:modified_time\" content=\"2025-09-05T09:12:42+00:00\" \/>\n<meta property=\"og:image\" content=\"https:\/\/oma.media.fi\/keskisuomalainen\/wp-content\/uploads\/sites\/2\/2025\/09\/omamedia-yritystilaus-lukuoikeuden-jako.jpg\" \/>\n\t<meta property=\"og:image:width\" content=\"944\" \/>\n\t<meta property=\"og:image:height\" content=\"630\" \/>\n\t<meta property=\"og:image:type\" content=\"image\/jpeg\" \/>\n<meta name=\"twitter:card\" content=\"summary_large_image\" \/>\n<meta name=\"twitter:label1\" content=\"Arvioitu lukuaika\" \/>\n\t<meta name=\"twitter:data1\" content=\"3 minuuttia\" \/>\n<script type=\"application\/ld+json\" class=\"yoast-schema-graph\">{\"@context\":\"https:\/\/schema.org\",\"@graph\":[{\"@type\":\"WebPage\",\"@id\":\"https:\/\/oma.media.fi\/keskisuomalainen\/tilaa\/yritystilaus\/ohjeet-yritystilauksen-vastuuhenkilolle\/\",\"url\":\"https:\/\/oma.media.fi\/keskisuomalainen\/tilaa\/yritystilaus\/ohjeet-yritystilauksen-vastuuhenkilolle\/\",\"name\":\"Ohjeet yritystilauksen vastuuhenkil\u00f6lle - Keskisuomalainen\",\"isPartOf\":{\"@id\":\"https:\/\/oma.media.fi\/keskisuomalainen\/#website\"},\"primaryImageOfPage\":{\"@id\":\"https:\/\/oma.media.fi\/keskisuomalainen\/tilaa\/yritystilaus\/ohjeet-yritystilauksen-vastuuhenkilolle\/#primaryimage\"},\"image\":{\"@id\":\"https:\/\/oma.media.fi\/keskisuomalainen\/tilaa\/yritystilaus\/ohjeet-yritystilauksen-vastuuhenkilolle\/#primaryimage\"},\"thumbnailUrl\":\"https:\/\/oma.media.fi\/keskisuomalainen\/wp-content\/uploads\/sites\/2\/2025\/09\/omamedia-yritystilaus-lukuoikeuden-jako.jpg\",\"datePublished\":\"2021-04-23T05:04:04+00:00\",\"dateModified\":\"2025-09-05T09:12:42+00:00\",\"breadcrumb\":{\"@id\":\"https:\/\/oma.media.fi\/keskisuomalainen\/tilaa\/yritystilaus\/ohjeet-yritystilauksen-vastuuhenkilolle\/#breadcrumb\"},\"inLanguage\":\"fi\",\"potentialAction\":[{\"@type\":\"ReadAction\",\"target\":[\"https:\/\/oma.media.fi\/keskisuomalainen\/tilaa\/yritystilaus\/ohjeet-yritystilauksen-vastuuhenkilolle\/\"]}]},{\"@type\":\"ImageObject\",\"inLanguage\":\"fi\",\"@id\":\"https:\/\/oma.media.fi\/keskisuomalainen\/tilaa\/yritystilaus\/ohjeet-yritystilauksen-vastuuhenkilolle\/#primaryimage\",\"url\":\"https:\/\/oma.media.fi\/keskisuomalainen\/wp-content\/uploads\/sites\/2\/2025\/09\/omamedia-yritystilaus-lukuoikeuden-jako.jpg\",\"contentUrl\":\"https:\/\/oma.media.fi\/keskisuomalainen\/wp-content\/uploads\/sites\/2\/2025\/09\/omamedia-yritystilaus-lukuoikeuden-jako.jpg\"},{\"@type\":\"BreadcrumbList\",\"@id\":\"https:\/\/oma.media.fi\/keskisuomalainen\/tilaa\/yritystilaus\/ohjeet-yritystilauksen-vastuuhenkilolle\/#breadcrumb\",\"itemListElement\":[{\"@type\":\"ListItem\",\"position\":1,\"name\":\"Etusivu\",\"item\":\"https:\/\/oma.media.fi\/keskisuomalainen\/\"},{\"@type\":\"ListItem\",\"position\":2,\"name\":\"Tilaa\",\"item\":\"https:\/\/oma.media.fi\/keskisuomalainen\/tilaa\/\"},{\"@type\":\"ListItem\",\"position\":3,\"name\":\"Yritystilaus\",\"item\":\"https:\/\/oma.media.fi\/keskisuomalainen\/tilaa\/yritystilaus\/\"},{\"@type\":\"ListItem\",\"position\":4,\"name\":\"Ohjeet yritystilauksen vastuuhenkil\u00f6lle\"}]},{\"@type\":\"WebSite\",\"@id\":\"https:\/\/oma.media.fi\/keskisuomalainen\/#website\",\"url\":\"https:\/\/oma.media.fi\/keskisuomalainen\/\",\"name\":\"Keskisuomalainen\",\"description\":\"\",\"potentialAction\":[{\"@type\":\"SearchAction\",\"target\":{\"@type\":\"EntryPoint\",\"urlTemplate\":\"https:\/\/oma.media.fi\/keskisuomalainen\/?s={search_term_string}\"},\"query-input\":{\"@type\":\"PropertyValueSpecification\",\"valueRequired\":true,\"valueName\":\"search_term_string\"}}],\"inLanguage\":\"fi\"}]}<\/script>\n<!-- \/ Yoast SEO plugin. -->","yoast_head_json":{"title":"Ohjeet yritystilauksen vastuuhenkil\u00f6lle - Keskisuomalainen","robots":{"index":"index","follow":"follow","max-snippet":"max-snippet:-1","max-image-preview":"max-image-preview:large","max-video-preview":"max-video-preview:-1"},"canonical":"https:\/\/oma.media.fi\/keskisuomalainen\/tilaa\/yritystilaus\/ohjeet-yritystilauksen-vastuuhenkilolle\/","og_locale":"fi_FI","og_type":"article","og_title":"Ohjeet yritystilauksen vastuuhenkil\u00f6lle","og_description":"1. Yrityksen vastuuhenkil\u00f6ll\u00e4 tulee olla Mediatunnus. Sen voi tehd\u00e4 itse t\u00e4\u00e4lt\u00e4 tai se luodaan etuk\u00e4teen valmiiksi. Mediatunnukseen tarvitaan s\u00e4hk\u00f6postiosoite, salasana sek\u00e4 etu- ja sukunimi. 2. Kun vastuuhenkil\u00f6ll\u00e4 on Mediatunnus ja siihen on Yritysdigitilaus kytketty, h\u00e4n voi jakaa k\u00e4ytt\u00f6oikeuksia seuraavasti: Kirjaudu Mediatunnuksilla sis\u00e4\u00e4n osoitteeseen https:\/\/media.portal.worldoftulo.com\/Login Avaa Tilaukset &#8211; v\u00e4lilehti Klikkaa tilauksen kohdalla \u201dJaa paketti\u201d -painiketta Lis\u00e4\u00e4 [&hellip;]","og_url":"https:\/\/oma.media.fi\/keskisuomalainen\/tilaa\/yritystilaus\/ohjeet-yritystilauksen-vastuuhenkilolle\/","og_site_name":"Keskisuomalainen","article_modified_time":"2025-09-05T09:12:42+00:00","og_image":[{"width":944,"height":630,"url":"https:\/\/oma.media.fi\/keskisuomalainen\/wp-content\/uploads\/sites\/2\/2025\/09\/omamedia-yritystilaus-lukuoikeuden-jako.jpg","type":"image\/jpeg"}],"twitter_card":"summary_large_image","twitter_misc":{"Arvioitu lukuaika":"3 minuuttia"},"schema":{"@context":"https:\/\/schema.org","@graph":[{"@type":"WebPage","@id":"https:\/\/oma.media.fi\/keskisuomalainen\/tilaa\/yritystilaus\/ohjeet-yritystilauksen-vastuuhenkilolle\/","url":"https:\/\/oma.media.fi\/keskisuomalainen\/tilaa\/yritystilaus\/ohjeet-yritystilauksen-vastuuhenkilolle\/","name":"Ohjeet yritystilauksen vastuuhenkil\u00f6lle - Keskisuomalainen","isPartOf":{"@id":"https:\/\/oma.media.fi\/keskisuomalainen\/#website"},"primaryImageOfPage":{"@id":"https:\/\/oma.media.fi\/keskisuomalainen\/tilaa\/yritystilaus\/ohjeet-yritystilauksen-vastuuhenkilolle\/#primaryimage"},"image":{"@id":"https:\/\/oma.media.fi\/keskisuomalainen\/tilaa\/yritystilaus\/ohjeet-yritystilauksen-vastuuhenkilolle\/#primaryimage"},"thumbnailUrl":"https:\/\/oma.media.fi\/keskisuomalainen\/wp-content\/uploads\/sites\/2\/2025\/09\/omamedia-yritystilaus-lukuoikeuden-jako.jpg","datePublished":"2021-04-23T05:04:04+00:00","dateModified":"2025-09-05T09:12:42+00:00","breadcrumb":{"@id":"https:\/\/oma.media.fi\/keskisuomalainen\/tilaa\/yritystilaus\/ohjeet-yritystilauksen-vastuuhenkilolle\/#breadcrumb"},"inLanguage":"fi","potentialAction":[{"@type":"ReadAction","target":["https:\/\/oma.media.fi\/keskisuomalainen\/tilaa\/yritystilaus\/ohjeet-yritystilauksen-vastuuhenkilolle\/"]}]},{"@type":"ImageObject","inLanguage":"fi","@id":"https:\/\/oma.media.fi\/keskisuomalainen\/tilaa\/yritystilaus\/ohjeet-yritystilauksen-vastuuhenkilolle\/#primaryimage","url":"https:\/\/oma.media.fi\/keskisuomalainen\/wp-content\/uploads\/sites\/2\/2025\/09\/omamedia-yritystilaus-lukuoikeuden-jako.jpg","contentUrl":"https:\/\/oma.media.fi\/keskisuomalainen\/wp-content\/uploads\/sites\/2\/2025\/09\/omamedia-yritystilaus-lukuoikeuden-jako.jpg"},{"@type":"BreadcrumbList","@id":"https:\/\/oma.media.fi\/keskisuomalainen\/tilaa\/yritystilaus\/ohjeet-yritystilauksen-vastuuhenkilolle\/#breadcrumb","itemListElement":[{"@type":"ListItem","position":1,"name":"Etusivu","item":"https:\/\/oma.media.fi\/keskisuomalainen\/"},{"@type":"ListItem","position":2,"name":"Tilaa","item":"https:\/\/oma.media.fi\/keskisuomalainen\/tilaa\/"},{"@type":"ListItem","position":3,"name":"Yritystilaus","item":"https:\/\/oma.media.fi\/keskisuomalainen\/tilaa\/yritystilaus\/"},{"@type":"ListItem","position":4,"name":"Ohjeet yritystilauksen vastuuhenkil\u00f6lle"}]},{"@type":"WebSite","@id":"https:\/\/oma.media.fi\/keskisuomalainen\/#website","url":"https:\/\/oma.media.fi\/keskisuomalainen\/","name":"Keskisuomalainen","description":"","potentialAction":[{"@type":"SearchAction","target":{"@type":"EntryPoint","urlTemplate":"https:\/\/oma.media.fi\/keskisuomalainen\/?s={search_term_string}"},"query-input":{"@type":"PropertyValueSpecification","valueRequired":true,"valueName":"search_term_string"}}],"inLanguage":"fi"}]}},"publishpress_future_workflow_manual_trigger":{"enabledWorkflows":[]},"_links":{"self":[{"href":"https:\/\/oma.media.fi\/keskisuomalainen\/wp-json\/wp\/v2\/pages\/15303","targetHints":{"allow":["GET"]}}],"collection":[{"href":"https:\/\/oma.media.fi\/keskisuomalainen\/wp-json\/wp\/v2\/pages"}],"about":[{"href":"https:\/\/oma.media.fi\/keskisuomalainen\/wp-json\/wp\/v2\/types\/page"}],"author":[{"embeddable":true,"href":"https:\/\/oma.media.fi\/keskisuomalainen\/wp-json\/wp\/v2\/users\/1"}],"replies":[{"embeddable":true,"href":"https:\/\/oma.media.fi\/keskisuomalainen\/wp-json\/wp\/v2\/comments?post=15303"}],"version-history":[{"count":11,"href":"https:\/\/oma.media.fi\/keskisuomalainen\/wp-json\/wp\/v2\/pages\/15303\/revisions"}],"predecessor-version":[{"id":23467,"href":"https:\/\/oma.media.fi\/keskisuomalainen\/wp-json\/wp\/v2\/pages\/15303\/revisions\/23467"}],"up":[{"embeddable":true,"href":"https:\/\/oma.media.fi\/keskisuomalainen\/wp-json\/wp\/v2\/pages\/15065"}],"wp:attachment":[{"href":"https:\/\/oma.media.fi\/keskisuomalainen\/wp-json\/wp\/v2\/media?parent=15303"}],"curies":[{"name":"wp","href":"https:\/\/api.w.org\/{rel}","templated":true}]}}