{"id":18197,"date":"2022-08-11T13:55:07","date_gmt":"2022-08-11T10:55:07","guid":{"rendered":"https:\/\/oma.media.fi\/keskisuomalainen\/?page_id=18197"},"modified":"2022-08-11T14:00:03","modified_gmt":"2022-08-11T11:00:03","slug":"juhlapyhien-digilehti","status":"publish","type":"page","link":"https:\/\/oma.media.fi\/keskisuomalainen\/juhlapyhien-digilehti\/","title":{"rendered":"Juhlapyhien digilehti"},"content":{"rendered":"<p>Juhlapyhien digilehti tarjoaa luettavaa my\u00f6s niin\u00e4 p\u00e4ivin\u00e4, kun painettu lehti ei ilmesty juhlapyh\u00e4n vuoksi. Lukupaketti julkaistaan vain verkossa ja siihen on koottu ajankohtaista ja ajatonta luettavaa juhlapyhien ratoksi. Digilehdet p\u00e4\u00e4set lukemaan <a href=\"https:\/\/oma.media.fi\/keskisuomalainen\/mediatunnukset\/\">Mediatunnuksellasi<\/a> niiden ilmestymisp\u00e4ivin\u00e4 osoitteessa <a href=\"http:\/\/KSML.fi\/nakoislehti\/\">KSML.fi\/nakoislehti<\/a> sek\u00e4 p\u00e4iv\u00e4n lehti -sovelluksesta. Kuten tavalliset n\u00e4k\u00f6islehtemme, my\u00f6s juhlapyhien digilehdet ovat luettavissa j\u00e4lkik\u00e4teen arkistosta.<\/p>\n<p>Juhlapyhien digilehtien ja painetun lehden ilmestymisp\u00e4ivist\u00e4 saat lis\u00e4tietoa <a href=\"https:\/\/oma.media.fi\/keskisuomalainen\/ilmestymispaivat\/\">t\u00e4\u00e4lt\u00e4.<\/a><\/p>\n<h2>Kirjaudu sis\u00e4\u00e4n Mediatunnuksellasi<\/h2>\n<p>Juhlapyhien digilehti\u00e4 sek\u00e4 muita tilaukseesi sis\u00e4ltyvi\u00e4 digisis\u00e4lt\u00f6j\u00e4 p\u00e4\u00e4set k\u00e4ytt\u00e4m\u00e4\u00e4n Mediatunnuksella. K\u00e4ytt\u00e4j\u00e4tunnus on s\u00e4hk\u00f6postiosoitteesi. Jos et muista salasanaasi, voit tilaa ohjeet salasanan vaihtoa varten s\u00e4hk\u00f6postiisi <a href=\"https:\/\/media.portal.worldoftulo.com\/Login\/RequestPasswordReset\">t\u00e4st\u00e4 linkist\u00e4 &gt;&gt;<\/a><\/p>\n<p>Jos sinulla ei viel\u00e4 ole Mediatunnusta katso ohjeet sen luomiseen\u00a0<a href=\"https:\/\/oma.media.fi\/ess\/mediatunnukset\/\">t\u00e4\u00e4lt\u00e4.<\/a><\/p>\n<hr \/>\n<h2>Lue tarkemmin eri digisis\u00e4ll\u00f6ist\u00e4mme:<\/h2>\n<div class=\"table--responsive\"><table style=\"width: 100%;border-collapse: collapse\" border=\"0\">\n<tbody>\n<tr>\n<td style=\"width: 5.83756%\"><em style=\"font-size: 1.3rem;color: #666\"><strong><a href=\"https:\/\/oma.media.fi\/keskisuomalainen\/verkkopalvelu\/\"><img loading=\"lazy\" decoding=\"async\" class=\"alignnone size-full wp-image-17048\" src=\"https:\/\/oma.media.fi\/keskisuomalainen\/wp-content\/uploads\/sites\/2\/2022\/01\/icon_verkkopalvelu.png\" alt=\"\" width=\"40\" height=\"45\" \/><\/a><\/strong><\/em><\/td>\n<td style=\"width: 94.1624%\"><a href=\"https:\/\/oma.media.fi\/keskisuomalainen\/verkkopalvelu\/\">KSML.fi-verkkopalvelu<\/a><\/td>\n<\/tr>\n<tr>\n<td style=\"width: 5.83756%\"><em style=\"font-size: 1.3rem;color: #666\"><strong><a href=\"https:\/\/oma.media.fi\/keskisuomalainen\/nakoislehti\/\"><img loading=\"lazy\" decoding=\"async\" class=\"alignnone size-large wp-image-17045\" src=\"https:\/\/oma.media.fi\/keskisuomalainen\/wp-content\/uploads\/sites\/2\/2022\/01\/icon_nakoislehti.png\" alt=\"\" width=\"40\" height=\"45\" \/><\/a><\/strong><\/em><\/td>\n<td style=\"width: 94.1624%\"><a href=\"https:\/\/oma.media.fi\/keskisuomalainen\/nakoislehti\/\">N\u00e4k\u00f6islehti<\/a><\/td>\n<\/tr>\n<tr>\n<td style=\"width: 5.83756%\"><em style=\"font-size: 1.3rem;color: #666\"><strong><a href=\"https:\/\/oma.media.fi\/keskisuomalainen\/sovellus\/\"><img loading=\"lazy\" decoding=\"async\" class=\"alignnone size-large wp-image-17047\" src=\"https:\/\/oma.media.fi\/keskisuomalainen\/wp-content\/uploads\/sites\/2\/2022\/01\/icon_sovellukset.png\" alt=\"\" width=\"40\" height=\"45\" \/><\/a><\/strong><\/em><\/td>\n<td style=\"width: 94.1624%\"><a href=\"https:\/\/oma.media.fi\/keskisuomalainen\/sovellus\/\">Sovellukset<\/a><\/td>\n<\/tr>\n<tr>\n<td style=\"width: 5.83756%\"><em style=\"font-size: 1.3rem;color: #666\"><strong><a href=\"https:\/\/oma.media.fi\/keskisuomalainen\/lukuoikeuden-jakaminen\/\"><img loading=\"lazy\" decoding=\"async\" class=\"alignnone size-large wp-image-17046\" src=\"https:\/\/oma.media.fi\/keskisuomalainen\/wp-content\/uploads\/sites\/2\/2022\/01\/icon_lukuoikeudenjako.png\" alt=\"\" width=\"40\" height=\"45\" \/><\/a><\/strong><\/em><\/td>\n<td style=\"width: 94.1624%\"><a href=\"https:\/\/oma.media.fi\/keskisuomalainen\/lukuoikeuden-jakaminen\/\">Lukuoikeuden jakaminen<\/a><\/td>\n<\/tr>\n<\/tbody>\n<\/table><\/div>\n","protected":false},"excerpt":{"rendered":"<p>Juhlapyhien digilehti tarjoaa luettavaa my\u00f6s niin\u00e4 p\u00e4ivin\u00e4, kun painettu lehti ei ilmesty juhlapyh\u00e4n vuoksi. Lukupaketti julkaistaan vain verkossa ja siihen on koottu ajankohtaista ja ajatonta luettavaa juhlapyhien ratoksi. Digilehdet p\u00e4\u00e4set lukemaan Mediatunnuksellasi niiden ilmestymisp\u00e4ivin\u00e4 osoitteessa \/nakoislehti sek\u00e4 p\u00e4iv\u00e4n lehti -sovelluksesta. Kuten tavalliset n\u00e4k\u00f6islehtemme, my\u00f6s juhlapyhien digilehdet ovat luettavissa j\u00e4lkik\u00e4teen arkistosta. Juhlapyhien digilehtien ja painetun lehden [&hellip;]<\/p>\n","protected":false},"author":6,"featured_media":0,"parent":0,"menu_order":0,"comment_status":"closed","ping_status":"closed","template":"","meta":{"_acf_changed":false,"footnotes":""},"class_list":["post-18197","page","type-page","status-publish","hentry"],"acf":[],"yoast_head":"<!-- This site is optimized with the Yoast SEO plugin v26.2 - https:\/\/yoast.com\/wordpress\/plugins\/seo\/ -->\n<title>Juhlapyhien digilehti - Keskisuomalainen<\/title>\n<meta name=\"description\" content=\"Juhlapyhien digilehti julkaistaan, kun painettu lehti ei ilmesty juhlapyh\u00e4n vuoksi. Lehdet ovat luettavissa my\u00f6s j\u00e4lkik\u00e4teen arkistosta.\" \/>\n<meta name=\"robots\" content=\"index, follow, max-snippet:-1, max-image-preview:large, max-video-preview:-1\" \/>\n<link rel=\"canonical\" href=\"https:\/\/oma.media.fi\/keskisuomalainen\/juhlapyhien-digilehti\/\" \/>\n<meta property=\"og:locale\" content=\"fi_FI\" \/>\n<meta property=\"og:type\" content=\"article\" \/>\n<meta property=\"og:title\" content=\"Juhlapyhien digilehti\" \/>\n<meta property=\"og:description\" content=\"Juhlapyhien digilehti julkaistaan, kun painettu lehti ei ilmesty juhlapyh\u00e4n vuoksi. Lehdet ovat luettavissa my\u00f6s j\u00e4lkik\u00e4teen arkistosta.\" \/>\n<meta property=\"og:url\" content=\"https:\/\/oma.media.fi\/keskisuomalainen\/juhlapyhien-digilehti\/\" \/>\n<meta property=\"og:site_name\" content=\"Keskisuomalainen\" \/>\n<meta property=\"article:modified_time\" content=\"2022-08-11T11:00:03+00:00\" \/>\n<meta property=\"og:image\" content=\"https:\/\/oma.media.fi\/keskisuomalainen\/wp-content\/uploads\/sites\/2\/2022\/01\/icon_verkkopalvelu.png\" \/>\n<meta name=\"twitter:card\" content=\"summary_large_image\" \/>\n<meta name=\"twitter:label1\" content=\"Arvioitu lukuaika\" \/>\n\t<meta name=\"twitter:data1\" content=\"2 minuuttia\" \/>\n<script type=\"application\/ld+json\" class=\"yoast-schema-graph\">{\"@context\":\"https:\/\/schema.org\",\"@graph\":[{\"@type\":\"WebPage\",\"@id\":\"https:\/\/oma.media.fi\/keskisuomalainen\/juhlapyhien-digilehti\/\",\"url\":\"https:\/\/oma.media.fi\/keskisuomalainen\/juhlapyhien-digilehti\/\",\"name\":\"Juhlapyhien digilehti - Keskisuomalainen\",\"isPartOf\":{\"@id\":\"https:\/\/oma.media.fi\/keskisuomalainen\/#website\"},\"primaryImageOfPage\":{\"@id\":\"https:\/\/oma.media.fi\/keskisuomalainen\/juhlapyhien-digilehti\/#primaryimage\"},\"image\":{\"@id\":\"https:\/\/oma.media.fi\/keskisuomalainen\/juhlapyhien-digilehti\/#primaryimage\"},\"thumbnailUrl\":\"https:\/\/oma.media.fi\/keskisuomalainen\/wp-content\/uploads\/sites\/2\/2022\/01\/icon_verkkopalvelu.png\",\"datePublished\":\"2022-08-11T10:55:07+00:00\",\"dateModified\":\"2022-08-11T11:00:03+00:00\",\"description\":\"Juhlapyhien digilehti julkaistaan, kun painettu lehti ei ilmesty juhlapyh\u00e4n vuoksi. Lehdet ovat luettavissa my\u00f6s j\u00e4lkik\u00e4teen arkistosta.\",\"breadcrumb\":{\"@id\":\"https:\/\/oma.media.fi\/keskisuomalainen\/juhlapyhien-digilehti\/#breadcrumb\"},\"inLanguage\":\"fi\",\"potentialAction\":[{\"@type\":\"ReadAction\",\"target\":[\"https:\/\/oma.media.fi\/keskisuomalainen\/juhlapyhien-digilehti\/\"]}]},{\"@type\":\"ImageObject\",\"inLanguage\":\"fi\",\"@id\":\"https:\/\/oma.media.fi\/keskisuomalainen\/juhlapyhien-digilehti\/#primaryimage\",\"url\":\"https:\/\/oma.media.fi\/keskisuomalainen\/wp-content\/uploads\/sites\/2\/2022\/01\/icon_verkkopalvelu.png\",\"contentUrl\":\"https:\/\/oma.media.fi\/keskisuomalainen\/wp-content\/uploads\/sites\/2\/2022\/01\/icon_verkkopalvelu.png\",\"width\":40,\"height\":45},{\"@type\":\"BreadcrumbList\",\"@id\":\"https:\/\/oma.media.fi\/keskisuomalainen\/juhlapyhien-digilehti\/#breadcrumb\",\"itemListElement\":[{\"@type\":\"ListItem\",\"position\":1,\"name\":\"Etusivu\",\"item\":\"https:\/\/oma.media.fi\/keskisuomalainen\/\"},{\"@type\":\"ListItem\",\"position\":2,\"name\":\"Juhlapyhien digilehti\"}]},{\"@type\":\"WebSite\",\"@id\":\"https:\/\/oma.media.fi\/keskisuomalainen\/#website\",\"url\":\"https:\/\/oma.media.fi\/keskisuomalainen\/\",\"name\":\"Keskisuomalainen\",\"description\":\"\",\"potentialAction\":[{\"@type\":\"SearchAction\",\"target\":{\"@type\":\"EntryPoint\",\"urlTemplate\":\"https:\/\/oma.media.fi\/keskisuomalainen\/?s={search_term_string}\"},\"query-input\":{\"@type\":\"PropertyValueSpecification\",\"valueRequired\":true,\"valueName\":\"search_term_string\"}}],\"inLanguage\":\"fi\"}]}<\/script>\n<!-- \/ Yoast SEO plugin. -->","yoast_head_json":{"title":"Juhlapyhien digilehti - Keskisuomalainen","description":"Juhlapyhien digilehti julkaistaan, kun painettu lehti ei ilmesty juhlapyh\u00e4n vuoksi. Lehdet ovat luettavissa my\u00f6s j\u00e4lkik\u00e4teen arkistosta.","robots":{"index":"index","follow":"follow","max-snippet":"max-snippet:-1","max-image-preview":"max-image-preview:large","max-video-preview":"max-video-preview:-1"},"canonical":"https:\/\/oma.media.fi\/keskisuomalainen\/juhlapyhien-digilehti\/","og_locale":"fi_FI","og_type":"article","og_title":"Juhlapyhien digilehti","og_description":"Juhlapyhien digilehti julkaistaan, kun painettu lehti ei ilmesty juhlapyh\u00e4n vuoksi. Lehdet ovat luettavissa my\u00f6s j\u00e4lkik\u00e4teen arkistosta.","og_url":"https:\/\/oma.media.fi\/keskisuomalainen\/juhlapyhien-digilehti\/","og_site_name":"Keskisuomalainen","article_modified_time":"2022-08-11T11:00:03+00:00","og_image":[{"url":"https:\/\/oma.media.fi\/keskisuomalainen\/wp-content\/uploads\/sites\/2\/2022\/01\/icon_verkkopalvelu.png","type":"","width":"","height":""}],"twitter_card":"summary_large_image","twitter_misc":{"Arvioitu lukuaika":"2 minuuttia"},"schema":{"@context":"https:\/\/schema.org","@graph":[{"@type":"WebPage","@id":"https:\/\/oma.media.fi\/keskisuomalainen\/juhlapyhien-digilehti\/","url":"https:\/\/oma.media.fi\/keskisuomalainen\/juhlapyhien-digilehti\/","name":"Juhlapyhien digilehti - Keskisuomalainen","isPartOf":{"@id":"https:\/\/oma.media.fi\/keskisuomalainen\/#website"},"primaryImageOfPage":{"@id":"https:\/\/oma.media.fi\/keskisuomalainen\/juhlapyhien-digilehti\/#primaryimage"},"image":{"@id":"https:\/\/oma.media.fi\/keskisuomalainen\/juhlapyhien-digilehti\/#primaryimage"},"thumbnailUrl":"https:\/\/oma.media.fi\/keskisuomalainen\/wp-content\/uploads\/sites\/2\/2022\/01\/icon_verkkopalvelu.png","datePublished":"2022-08-11T10:55:07+00:00","dateModified":"2022-08-11T11:00:03+00:00","description":"Juhlapyhien digilehti julkaistaan, kun painettu lehti ei ilmesty juhlapyh\u00e4n vuoksi. Lehdet ovat luettavissa my\u00f6s j\u00e4lkik\u00e4teen arkistosta.","breadcrumb":{"@id":"https:\/\/oma.media.fi\/keskisuomalainen\/juhlapyhien-digilehti\/#breadcrumb"},"inLanguage":"fi","potentialAction":[{"@type":"ReadAction","target":["https:\/\/oma.media.fi\/keskisuomalainen\/juhlapyhien-digilehti\/"]}]},{"@type":"ImageObject","inLanguage":"fi","@id":"https:\/\/oma.media.fi\/keskisuomalainen\/juhlapyhien-digilehti\/#primaryimage","url":"https:\/\/oma.media.fi\/keskisuomalainen\/wp-content\/uploads\/sites\/2\/2022\/01\/icon_verkkopalvelu.png","contentUrl":"https:\/\/oma.media.fi\/keskisuomalainen\/wp-content\/uploads\/sites\/2\/2022\/01\/icon_verkkopalvelu.png","width":40,"height":45},{"@type":"BreadcrumbList","@id":"https:\/\/oma.media.fi\/keskisuomalainen\/juhlapyhien-digilehti\/#breadcrumb","itemListElement":[{"@type":"ListItem","position":1,"name":"Etusivu","item":"https:\/\/oma.media.fi\/keskisuomalainen\/"},{"@type":"ListItem","position":2,"name":"Juhlapyhien digilehti"}]},{"@type":"WebSite","@id":"https:\/\/oma.media.fi\/keskisuomalainen\/#website","url":"https:\/\/oma.media.fi\/keskisuomalainen\/","name":"Keskisuomalainen","description":"","potentialAction":[{"@type":"SearchAction","target":{"@type":"EntryPoint","urlTemplate":"https:\/\/oma.media.fi\/keskisuomalainen\/?s={search_term_string}"},"query-input":{"@type":"PropertyValueSpecification","valueRequired":true,"valueName":"search_term_string"}}],"inLanguage":"fi"}]}},"publishpress_future_workflow_manual_trigger":{"enabledWorkflows":[]},"_links":{"self":[{"href":"https:\/\/oma.media.fi\/keskisuomalainen\/wp-json\/wp\/v2\/pages\/18197","targetHints":{"allow":["GET"]}}],"collection":[{"href":"https:\/\/oma.media.fi\/keskisuomalainen\/wp-json\/wp\/v2\/pages"}],"about":[{"href":"https:\/\/oma.media.fi\/keskisuomalainen\/wp-json\/wp\/v2\/types\/page"}],"author":[{"embeddable":true,"href":"https:\/\/oma.media.fi\/keskisuomalainen\/wp-json\/wp\/v2\/users\/6"}],"replies":[{"embeddable":true,"href":"https:\/\/oma.media.fi\/keskisuomalainen\/wp-json\/wp\/v2\/comments?post=18197"}],"version-history":[{"count":3,"href":"https:\/\/oma.media.fi\/keskisuomalainen\/wp-json\/wp\/v2\/pages\/18197\/revisions"}],"predecessor-version":[{"id":18200,"href":"https:\/\/oma.media.fi\/keskisuomalainen\/wp-json\/wp\/v2\/pages\/18197\/revisions\/18200"}],"wp:attachment":[{"href":"https:\/\/oma.media.fi\/keskisuomalainen\/wp-json\/wp\/v2\/media?parent=18197"}],"curies":[{"name":"wp","href":"https:\/\/api.w.org\/{rel}","templated":true}]}}