{"id":2038,"date":"2018-11-27T13:50:52","date_gmt":"2018-11-27T11:50:52","guid":{"rendered":"https:\/\/oma.media.fi\/keskisuomalainen\/?page_id=2038"},"modified":"2020-01-13T15:13:45","modified_gmt":"2020-01-13T13:13:45","slug":"lehti-ja-kirjapainotaidon-historiaa","status":"publish","type":"page","link":"https:\/\/oma.media.fi\/keskisuomalainen\/keskisuomalaisen-museo\/lehti-ja-kirjapainotaidon-historiaa\/","title":{"rendered":"Lehti- ja kirjapainotaidon historiaa"},"content":{"rendered":"<p>Sanomalehden edelt\u00e4ji\u00e4 eli muita joukkoviestimi\u00e4 on lukuisia viidakkorummuista, savumerkkeihin ja vainovalkeisiin. J\u00e4rjestelm\u00e4llisen joukkoviestimen muodostivat kuitenkin jumalanpalvelukset, joissa luettiin my\u00f6s maalliset kuulutukset. Suomessa kaikki julkiset asiat kuulutettiin kirkossa vuoteen 1925 saakka. Kirkon kuulutusten osuus kuitenkin v\u00e4heni 1800-luvun lopulla, kun kasvava lehdist\u00f6, yleistyv\u00e4 lukutaito ja tehostuva postinkanto tekiv\u00e4t kuulutukset tarpeettomiksi.<\/p>\n<p>Ensimm\u00e4inen sanomalehti, joka ilmestyi s\u00e4\u00e4nn\u00f6llisesti kirjoittaen ajankohtaisista aihesta, aloitti Saksassa vuonna 1609. Suomen ensimm\u00e4inen suomenkielinen sanomalehti, Suomenkieliset Tieto-Sanomat, ilmestyi vuoden 1776 ajan. Sit\u00e4 ennen vuonna 1771 alkoi ilmesty\u00e4 turkulaisen Aurora-seuran ruotsinkielinen lehti nimelt\u00e4 Tidningar Utgifne Af et S\u00e4llskap i \u00c5bo.<\/p>\n<h2>K\u00e4sipainin<\/h2>\n<p>K\u00e4sipainin, jolla Keskisuomalaisen edelt\u00e4j\u00e4 Keski-Suomi -lehti painettiin vuosina 1871-1875. Painimen hankki vuonna 1868 piiril\u00e4\u00e4k\u00e4ri W. S. Schildt omistamaansa kirjapainoon. Vuonna 1871 paino siirtyi Keski-Suomi -lehden perustajan, asioitsija H. F. Helmisen sek\u00e4 lehtoreiden K. G. G\u00f6\u00f6s ja J. F. Canth muodostamalle yhti\u00f6lle. Seuraavana vuonna paino myytiin edelleen lehtori G\u00f6\u00f6sin yhdess\u00e4 lehtori A. G. Weilinin kanssa muodostamalle toiminimelle Weilin &amp; G\u00f6\u00f6s, joka muutti Jyv\u00e4skyl\u00e4st\u00e4 Helsinkiin vuonna 1883. Konetta k\u00e4ytettiin viel\u00e4 vuonna 1939 palstavedosten tekoon, kunnes sotien v\u00e4lisen\u00e4 aikana hankittiin uusi oikaisuvedoskone.\u00a0 K\u00e4sipainokoneen etupuolella on ns. v\u00e4rihierinp\u00f6yt\u00e4 (ei n\u00e4y kuvassa), josta v\u00e4ri v\u00e4ritelojen avulla siirrettiin painoladelmaan. Ladelman p\u00e4\u00e4lle asetettiin puhdas paperiarkki ja liina, jonka j\u00e4lkeen yksinkertaisesti painettiin vipua. Vaikka koneen nimi on k\u00e4sipainin, niin kyseess\u00e4 on kuitenkin enemm\u00e4n puristin. Koneen valmistaja on Dingler\u2019sche Maschinen Fabrik, Zweibr\u00fccken.<\/p>\n<div id=\"attachment_2039\" style=\"width: 569px\" class=\"wp-caption alignnone\"><img loading=\"lazy\" decoding=\"async\" aria-describedby=\"caption-attachment-2039\" class=\"size-full wp-image-2039\" src=\"https:\/\/oma.media.fi\/keskisuomalainen\/wp-content\/uploads\/sites\/2\/2018\/11\/keskisuomalaisen-museo-1871-1875-kasinpainin.jpg\" alt=\"\" width=\"559\" height=\"800\" srcset=\"https:\/\/oma.media.fi\/keskisuomalainen\/wp-content\/uploads\/sites\/2\/2018\/11\/keskisuomalaisen-museo-1871-1875-kasinpainin.jpg 559w, https:\/\/oma.media.fi\/keskisuomalainen\/wp-content\/uploads\/sites\/2\/2018\/11\/keskisuomalaisen-museo-1871-1875-kasinpainin-210x300.jpg 210w\" sizes=\"auto, (max-width: 559px) 100vw, 559px\" \/><p id=\"caption-attachment-2039\" class=\"wp-caption-text\">K\u00e4sipainin, jolla painettiin Keski-Suomi-lehti\u00e4 vuosina 1871-1875. Kuva: PF-studio, Weilin &amp; G\u00f6\u00f6sin valokuva-arkisto.<\/p><\/div>\n","protected":false},"excerpt":{"rendered":"<p>Sanomalehden edelt\u00e4ji\u00e4 eli muita joukkoviestimi\u00e4 on lukuisia viidakkorummuista, savumerkkeihin ja vainovalkeisiin. J\u00e4rjestelm\u00e4llisen joukkoviestimen muodostivat kuitenkin jumalanpalvelukset, joissa luettiin my\u00f6s maalliset kuulutukset. Suomessa kaikki julkiset asiat kuulutettiin kirkossa vuoteen 1925 saakka. Kirkon kuulutusten osuus kuitenkin v\u00e4heni 1800-luvun lopulla, kun kasvava lehdist\u00f6, yleistyv\u00e4 lukutaito ja tehostuva postinkanto tekiv\u00e4t kuulutukset tarpeettomiksi. Ensimm\u00e4inen sanomalehti, joka ilmestyi s\u00e4\u00e4nn\u00f6llisesti kirjoittaen ajankohtaisista [&hellip;]<\/p>\n","protected":false},"author":1,"featured_media":0,"parent":2005,"menu_order":3,"comment_status":"closed","ping_status":"closed","template":"template-keskisuomalaisen-museo.php","meta":{"_acf_changed":false,"footnotes":""},"class_list":["post-2038","page","type-page","status-publish","hentry"],"acf":[],"yoast_head":"<!-- This site is optimized with the Yoast SEO plugin v26.2 - https:\/\/yoast.com\/wordpress\/plugins\/seo\/ -->\n<title>Lehti- ja kirjapainotaidon historiaa - Keskisuomalainen<\/title>\n<meta name=\"description\" content=\"Lehti- ja kirjapainotaidon historiaa. K\u00e4sipainin, jolla Keskisuomalaisen edelt\u00e4j\u00e4 Keski-Suomi -lehti painettiin vuosina 1871-1875.\" \/>\n<meta name=\"robots\" content=\"index, follow, max-snippet:-1, max-image-preview:large, max-video-preview:-1\" \/>\n<link rel=\"canonical\" href=\"https:\/\/oma.media.fi\/keskisuomalainen\/keskisuomalaisen-museo\/lehti-ja-kirjapainotaidon-historiaa\/\" \/>\n<meta property=\"og:locale\" content=\"fi_FI\" \/>\n<meta property=\"og:type\" content=\"article\" \/>\n<meta property=\"og:title\" content=\"Lehti- ja kirjapainotaidon historiaa\" \/>\n<meta property=\"og:description\" content=\"Lehti- ja kirjapainotaidon historiaa. K\u00e4sipainin, jolla Keskisuomalaisen edelt\u00e4j\u00e4 Keski-Suomi -lehti painettiin vuosina 1871-1875.\" \/>\n<meta property=\"og:url\" content=\"https:\/\/oma.media.fi\/keskisuomalainen\/keskisuomalaisen-museo\/lehti-ja-kirjapainotaidon-historiaa\/\" \/>\n<meta property=\"og:site_name\" content=\"Keskisuomalainen\" \/>\n<meta property=\"article:modified_time\" content=\"2020-01-13T13:13:45+00:00\" \/>\n<meta property=\"og:image\" content=\"https:\/\/oma.media.fi\/keskisuomalainen\/wp-content\/uploads\/sites\/2\/2018\/11\/keskisuomalaisen-museo-1871-1875-kasinpainin.jpg\" \/>\n<meta name=\"twitter:card\" content=\"summary_large_image\" \/>\n<meta name=\"twitter:label1\" content=\"Arvioitu lukuaika\" \/>\n\t<meta name=\"twitter:data1\" content=\"1 minuutti\" \/>\n<script type=\"application\/ld+json\" class=\"yoast-schema-graph\">{\"@context\":\"https:\/\/schema.org\",\"@graph\":[{\"@type\":\"WebPage\",\"@id\":\"https:\/\/oma.media.fi\/keskisuomalainen\/keskisuomalaisen-museo\/lehti-ja-kirjapainotaidon-historiaa\/\",\"url\":\"https:\/\/oma.media.fi\/keskisuomalainen\/keskisuomalaisen-museo\/lehti-ja-kirjapainotaidon-historiaa\/\",\"name\":\"Lehti- ja kirjapainotaidon historiaa - Keskisuomalainen\",\"isPartOf\":{\"@id\":\"https:\/\/oma.media.fi\/keskisuomalainen\/#website\"},\"primaryImageOfPage\":{\"@id\":\"https:\/\/oma.media.fi\/keskisuomalainen\/keskisuomalaisen-museo\/lehti-ja-kirjapainotaidon-historiaa\/#primaryimage\"},\"image\":{\"@id\":\"https:\/\/oma.media.fi\/keskisuomalainen\/keskisuomalaisen-museo\/lehti-ja-kirjapainotaidon-historiaa\/#primaryimage\"},\"thumbnailUrl\":\"https:\/\/oma.media.fi\/keskisuomalainen\/wp-content\/uploads\/sites\/2\/2018\/11\/keskisuomalaisen-museo-1871-1875-kasinpainin.jpg\",\"datePublished\":\"2018-11-27T11:50:52+00:00\",\"dateModified\":\"2020-01-13T13:13:45+00:00\",\"description\":\"Lehti- ja kirjapainotaidon historiaa. K\u00e4sipainin, jolla Keskisuomalaisen edelt\u00e4j\u00e4 Keski-Suomi -lehti painettiin vuosina 1871-1875.\",\"breadcrumb\":{\"@id\":\"https:\/\/oma.media.fi\/keskisuomalainen\/keskisuomalaisen-museo\/lehti-ja-kirjapainotaidon-historiaa\/#breadcrumb\"},\"inLanguage\":\"fi\",\"potentialAction\":[{\"@type\":\"ReadAction\",\"target\":[\"https:\/\/oma.media.fi\/keskisuomalainen\/keskisuomalaisen-museo\/lehti-ja-kirjapainotaidon-historiaa\/\"]}]},{\"@type\":\"ImageObject\",\"inLanguage\":\"fi\",\"@id\":\"https:\/\/oma.media.fi\/keskisuomalainen\/keskisuomalaisen-museo\/lehti-ja-kirjapainotaidon-historiaa\/#primaryimage\",\"url\":\"https:\/\/oma.media.fi\/keskisuomalainen\/wp-content\/uploads\/sites\/2\/2018\/11\/keskisuomalaisen-museo-1871-1875-kasinpainin.jpg\",\"contentUrl\":\"https:\/\/oma.media.fi\/keskisuomalainen\/wp-content\/uploads\/sites\/2\/2018\/11\/keskisuomalaisen-museo-1871-1875-kasinpainin.jpg\",\"width\":559,\"height\":800,\"caption\":\"K\u00e4sipainin, jolla painettiin Keski-Suomi-lehti\u00e4 vuosina 1871-1875. Kuva: PF-studio, Weilin & G\u00f6\u00f6sin valokuva-arkisto.\"},{\"@type\":\"BreadcrumbList\",\"@id\":\"https:\/\/oma.media.fi\/keskisuomalainen\/keskisuomalaisen-museo\/lehti-ja-kirjapainotaidon-historiaa\/#breadcrumb\",\"itemListElement\":[{\"@type\":\"ListItem\",\"position\":1,\"name\":\"Etusivu\",\"item\":\"https:\/\/oma.media.fi\/keskisuomalainen\/\"},{\"@type\":\"ListItem\",\"position\":2,\"name\":\"Keskisuomalaisen museo\",\"item\":\"https:\/\/oma.media.fi\/keskisuomalainen\/keskisuomalaisen-museo\/\"},{\"@type\":\"ListItem\",\"position\":3,\"name\":\"Lehti- ja kirjapainotaidon historiaa\"}]},{\"@type\":\"WebSite\",\"@id\":\"https:\/\/oma.media.fi\/keskisuomalainen\/#website\",\"url\":\"https:\/\/oma.media.fi\/keskisuomalainen\/\",\"name\":\"Keskisuomalainen\",\"description\":\"\",\"potentialAction\":[{\"@type\":\"SearchAction\",\"target\":{\"@type\":\"EntryPoint\",\"urlTemplate\":\"https:\/\/oma.media.fi\/keskisuomalainen\/?s={search_term_string}\"},\"query-input\":{\"@type\":\"PropertyValueSpecification\",\"valueRequired\":true,\"valueName\":\"search_term_string\"}}],\"inLanguage\":\"fi\"}]}<\/script>\n<!-- \/ Yoast SEO plugin. -->","yoast_head_json":{"title":"Lehti- ja kirjapainotaidon historiaa - Keskisuomalainen","description":"Lehti- ja kirjapainotaidon historiaa. K\u00e4sipainin, jolla Keskisuomalaisen edelt\u00e4j\u00e4 Keski-Suomi -lehti painettiin vuosina 1871-1875.","robots":{"index":"index","follow":"follow","max-snippet":"max-snippet:-1","max-image-preview":"max-image-preview:large","max-video-preview":"max-video-preview:-1"},"canonical":"https:\/\/oma.media.fi\/keskisuomalainen\/keskisuomalaisen-museo\/lehti-ja-kirjapainotaidon-historiaa\/","og_locale":"fi_FI","og_type":"article","og_title":"Lehti- ja kirjapainotaidon historiaa","og_description":"Lehti- ja kirjapainotaidon historiaa. K\u00e4sipainin, jolla Keskisuomalaisen edelt\u00e4j\u00e4 Keski-Suomi -lehti painettiin vuosina 1871-1875.","og_url":"https:\/\/oma.media.fi\/keskisuomalainen\/keskisuomalaisen-museo\/lehti-ja-kirjapainotaidon-historiaa\/","og_site_name":"Keskisuomalainen","article_modified_time":"2020-01-13T13:13:45+00:00","og_image":[{"url":"https:\/\/oma.media.fi\/keskisuomalainen\/wp-content\/uploads\/sites\/2\/2018\/11\/keskisuomalaisen-museo-1871-1875-kasinpainin.jpg","type":"","width":"","height":""}],"twitter_card":"summary_large_image","twitter_misc":{"Arvioitu lukuaika":"1 minuutti"},"schema":{"@context":"https:\/\/schema.org","@graph":[{"@type":"WebPage","@id":"https:\/\/oma.media.fi\/keskisuomalainen\/keskisuomalaisen-museo\/lehti-ja-kirjapainotaidon-historiaa\/","url":"https:\/\/oma.media.fi\/keskisuomalainen\/keskisuomalaisen-museo\/lehti-ja-kirjapainotaidon-historiaa\/","name":"Lehti- ja kirjapainotaidon historiaa - Keskisuomalainen","isPartOf":{"@id":"https:\/\/oma.media.fi\/keskisuomalainen\/#website"},"primaryImageOfPage":{"@id":"https:\/\/oma.media.fi\/keskisuomalainen\/keskisuomalaisen-museo\/lehti-ja-kirjapainotaidon-historiaa\/#primaryimage"},"image":{"@id":"https:\/\/oma.media.fi\/keskisuomalainen\/keskisuomalaisen-museo\/lehti-ja-kirjapainotaidon-historiaa\/#primaryimage"},"thumbnailUrl":"https:\/\/oma.media.fi\/keskisuomalainen\/wp-content\/uploads\/sites\/2\/2018\/11\/keskisuomalaisen-museo-1871-1875-kasinpainin.jpg","datePublished":"2018-11-27T11:50:52+00:00","dateModified":"2020-01-13T13:13:45+00:00","description":"Lehti- ja kirjapainotaidon historiaa. K\u00e4sipainin, jolla Keskisuomalaisen edelt\u00e4j\u00e4 Keski-Suomi -lehti painettiin vuosina 1871-1875.","breadcrumb":{"@id":"https:\/\/oma.media.fi\/keskisuomalainen\/keskisuomalaisen-museo\/lehti-ja-kirjapainotaidon-historiaa\/#breadcrumb"},"inLanguage":"fi","potentialAction":[{"@type":"ReadAction","target":["https:\/\/oma.media.fi\/keskisuomalainen\/keskisuomalaisen-museo\/lehti-ja-kirjapainotaidon-historiaa\/"]}]},{"@type":"ImageObject","inLanguage":"fi","@id":"https:\/\/oma.media.fi\/keskisuomalainen\/keskisuomalaisen-museo\/lehti-ja-kirjapainotaidon-historiaa\/#primaryimage","url":"https:\/\/oma.media.fi\/keskisuomalainen\/wp-content\/uploads\/sites\/2\/2018\/11\/keskisuomalaisen-museo-1871-1875-kasinpainin.jpg","contentUrl":"https:\/\/oma.media.fi\/keskisuomalainen\/wp-content\/uploads\/sites\/2\/2018\/11\/keskisuomalaisen-museo-1871-1875-kasinpainin.jpg","width":559,"height":800,"caption":"K\u00e4sipainin, jolla painettiin Keski-Suomi-lehti\u00e4 vuosina 1871-1875. Kuva: PF-studio, Weilin & G\u00f6\u00f6sin valokuva-arkisto."},{"@type":"BreadcrumbList","@id":"https:\/\/oma.media.fi\/keskisuomalainen\/keskisuomalaisen-museo\/lehti-ja-kirjapainotaidon-historiaa\/#breadcrumb","itemListElement":[{"@type":"ListItem","position":1,"name":"Etusivu","item":"https:\/\/oma.media.fi\/keskisuomalainen\/"},{"@type":"ListItem","position":2,"name":"Keskisuomalaisen museo","item":"https:\/\/oma.media.fi\/keskisuomalainen\/keskisuomalaisen-museo\/"},{"@type":"ListItem","position":3,"name":"Lehti- ja kirjapainotaidon historiaa"}]},{"@type":"WebSite","@id":"https:\/\/oma.media.fi\/keskisuomalainen\/#website","url":"https:\/\/oma.media.fi\/keskisuomalainen\/","name":"Keskisuomalainen","description":"","potentialAction":[{"@type":"SearchAction","target":{"@type":"EntryPoint","urlTemplate":"https:\/\/oma.media.fi\/keskisuomalainen\/?s={search_term_string}"},"query-input":{"@type":"PropertyValueSpecification","valueRequired":true,"valueName":"search_term_string"}}],"inLanguage":"fi"}]}},"publishpress_future_workflow_manual_trigger":{"enabledWorkflows":[]},"_links":{"self":[{"href":"https:\/\/oma.media.fi\/keskisuomalainen\/wp-json\/wp\/v2\/pages\/2038","targetHints":{"allow":["GET"]}}],"collection":[{"href":"https:\/\/oma.media.fi\/keskisuomalainen\/wp-json\/wp\/v2\/pages"}],"about":[{"href":"https:\/\/oma.media.fi\/keskisuomalainen\/wp-json\/wp\/v2\/types\/page"}],"author":[{"embeddable":true,"href":"https:\/\/oma.media.fi\/keskisuomalainen\/wp-json\/wp\/v2\/users\/1"}],"replies":[{"embeddable":true,"href":"https:\/\/oma.media.fi\/keskisuomalainen\/wp-json\/wp\/v2\/comments?post=2038"}],"version-history":[{"count":1,"href":"https:\/\/oma.media.fi\/keskisuomalainen\/wp-json\/wp\/v2\/pages\/2038\/revisions"}],"predecessor-version":[{"id":2040,"href":"https:\/\/oma.media.fi\/keskisuomalainen\/wp-json\/wp\/v2\/pages\/2038\/revisions\/2040"}],"up":[{"embeddable":true,"href":"https:\/\/oma.media.fi\/keskisuomalainen\/wp-json\/wp\/v2\/pages\/2005"}],"wp:attachment":[{"href":"https:\/\/oma.media.fi\/keskisuomalainen\/wp-json\/wp\/v2\/media?parent=2038"}],"curies":[{"name":"wp","href":"https:\/\/api.w.org\/{rel}","templated":true}]}}