{"id":2054,"date":"2018-11-27T14:08:26","date_gmt":"2018-11-27T12:08:26","guid":{"rendered":"https:\/\/oma.media.fi\/keskisuomalainen\/?page_id=2054"},"modified":"2021-06-17T09:46:38","modified_gmt":"2021-06-17T06:46:38","slug":"yleisokonttorista-asiakaspalveluun","status":"publish","type":"page","link":"https:\/\/oma.media.fi\/keskisuomalainen\/keskisuomalaisen-museo\/yleisokonttorista-asiakaspalveluun\/","title":{"rendered":"Yleis\u00f6konttorista asiakaspalveluun"},"content":{"rendered":"<h2>Asiakaskonttori<\/h2>\n<p>Keskisuomalaisen asiakaskonttori, Kauppakatu 17:ssa vuonna 1959. Asiakkaana on Esko Wikman, joka ty\u00f6skenteli Keskisuomalaisessa vuosina 1955-1965. Tiskin takana vasemmalta lukien Sirkka Kiiski, Kaija Katainen ja Jenny Ruljeff.<\/p>\n<p>Osaston nimi on vaihtunut, samoin kuin ty\u00f6teht\u00e4v\u00e4tkin. Asiakaskonttori on useimmille tilaajille lehden ohella ainut kosketuskohta lehtitaloon, elleiv\u00e4t tilaajat sitten asioi suoraan toimittajien kanssa. Konttorissa asiakkaat saavat mielikuvan koko yrityksest\u00e4 ja osasto on my\u00f6s t\u00e4rke\u00e4 linkki lehden muille osastoille. Yhten\u00e4 suurena uudistuksena voidaan pit\u00e4\u00e4 lukijoiden ilmoitusten latomisen siirtymist\u00e4 asiakaskonttorin puolelle.<\/p>\n<h2>Asiakaskonttoreiden m\u00e4\u00e4r\u00e4 kasvaa<\/h2>\n<p>Keski-Suomi ja Suomalainen yhdistyiv\u00e4t vuonna 1918 ja saman vuoden hein\u00e4kuussa my\u00f6s yleis\u00f6konttori muutti kaksikerroksiseen kivitaloon, osoitteeseen Kauppakatu 17. Talo purettiin my\u00f6hemmin ja vuonna 1930 tilalle rakennettiin viisikerroksinen asuin- ja liikerakennus, josta my\u00f6s kuva on otettu. Vuonna 1963 her\u00e4si Keskisuomalaisen johtokunnassa ajatus toimintojen siirt\u00e4misest\u00e4 kaupungin ulkopuolelle. Aholaitaan rakennettiin uusi toimitalo ja lehden osastot alkoivat muuttaa vuoden 1967 aikana.<\/p>\n<div id=\"attachment_2055\" style=\"width: 767px\" class=\"wp-caption alignnone\"><img loading=\"lazy\" decoding=\"async\" aria-describedby=\"caption-attachment-2055\" class=\"size-full wp-image-2055\" src=\"https:\/\/oma.media.fi\/keskisuomalainen\/wp-content\/uploads\/sites\/2\/2018\/11\/keskisuomalaisen-museo-1968-asiakaspalvelu-aholaita.jpg\" alt=\"\" width=\"757\" height=\"800\" srcset=\"https:\/\/oma.media.fi\/keskisuomalainen\/wp-content\/uploads\/sites\/2\/2018\/11\/keskisuomalaisen-museo-1968-asiakaspalvelu-aholaita.jpg 757w, https:\/\/oma.media.fi\/keskisuomalainen\/wp-content\/uploads\/sites\/2\/2018\/11\/keskisuomalaisen-museo-1968-asiakaspalvelu-aholaita-284x300.jpg 284w\" sizes=\"auto, (max-width: 757px) 100vw, 757px\" \/><p id=\"caption-attachment-2055\" class=\"wp-caption-text\">Asiakaskonttorin uudet tilat vastavalmistuneessa Aholaidan toimitalossa vuonna 1968. Margit Kuokkanen palvelemassa asiakasta.<\/p><\/div>\n<p>Kauppakadun yleis\u00f6konttori s\u00e4ilyi aina vuoteen 1994 saakka, jolloin se muutti pari korttelia alasp\u00e4in. Samana vuonna my\u00f6s Keljon ostoskeskukseen perustettiin asiakaskonttori.<\/p>\n<div id=\"attachment_2057\" style=\"width: 810px\" class=\"wp-caption alignnone\"><img loading=\"lazy\" decoding=\"async\" aria-describedby=\"caption-attachment-2057\" class=\"size-full wp-image-2057\" src=\"https:\/\/oma.media.fi\/keskisuomalainen\/wp-content\/uploads\/sites\/2\/2018\/11\/keskisuomalaisen-museo-2005-sokos-asiakaspalvelu.jpg\" alt=\"\" width=\"800\" height=\"553\" srcset=\"https:\/\/oma.media.fi\/keskisuomalainen\/wp-content\/uploads\/sites\/2\/2018\/11\/keskisuomalaisen-museo-2005-sokos-asiakaspalvelu.jpg 800w, https:\/\/oma.media.fi\/keskisuomalainen\/wp-content\/uploads\/sites\/2\/2018\/11\/keskisuomalaisen-museo-2005-sokos-asiakaspalvelu-300x207.jpg 300w, https:\/\/oma.media.fi\/keskisuomalainen\/wp-content\/uploads\/sites\/2\/2018\/11\/keskisuomalaisen-museo-2005-sokos-asiakaspalvelu-768x531.jpg 768w\" sizes=\"auto, (max-width: 800px) 100vw, 800px\" \/><p id=\"caption-attachment-2057\" class=\"wp-caption-text\">Keskisuomalaisen asiakaspalvelupiste Sokoksella vuonna 2005.<\/p><\/div>\n<div id=\"attachment_2058\" style=\"width: 810px\" class=\"wp-caption alignnone\"><img loading=\"lazy\" decoding=\"async\" aria-describedby=\"caption-attachment-2058\" class=\"size-full wp-image-2058\" src=\"https:\/\/oma.media.fi\/keskisuomalainen\/wp-content\/uploads\/sites\/2\/2018\/11\/keskisuomalaisen-museo-2007-aanekoski-asiakaspalvelu.jpg\" alt=\"\" width=\"800\" height=\"533\" srcset=\"https:\/\/oma.media.fi\/keskisuomalainen\/wp-content\/uploads\/sites\/2\/2018\/11\/keskisuomalaisen-museo-2007-aanekoski-asiakaspalvelu.jpg 800w, https:\/\/oma.media.fi\/keskisuomalainen\/wp-content\/uploads\/sites\/2\/2018\/11\/keskisuomalaisen-museo-2007-aanekoski-asiakaspalvelu-300x200.jpg 300w, https:\/\/oma.media.fi\/keskisuomalainen\/wp-content\/uploads\/sites\/2\/2018\/11\/keskisuomalaisen-museo-2007-aanekoski-asiakaspalvelu-768x512.jpg 768w, https:\/\/oma.media.fi\/keskisuomalainen\/wp-content\/uploads\/sites\/2\/2018\/11\/keskisuomalaisen-museo-2007-aanekoski-asiakaspalvelu-600x400.jpg 600w\" sizes=\"auto, (max-width: 800px) 100vw, 800px\" \/><p id=\"caption-attachment-2058\" class=\"wp-caption-text\">Keskisuomalaisen asiakaspalvelupiste \u00c4\u00e4nekoskella vuonna 2007.<\/p><\/div>\n<h2>Kirjoituskoneista tietokoneisiin<\/h2>\n<p>Vuoteen 1988 saakka asiakaskonttorissa kaikki ilmoitukset kirjoitettiin kirjoituskoneella ilmoitusk\u00e4sikirjoituksiksi ja latomossa ne koodattiin ja latojat latoivat ne tekstinvalmistusj\u00e4rjestelm\u00e4\u00e4n. T\u00e4m\u00e4n j\u00e4lkeen ne julkaisup\u00e4iv\u00e4n aamuna tarkistettiin laskutuksessa lehdest\u00e4 ja tiedot sy\u00f6tettiin ilmoituslaskutusohjelmaan, joka oli ollut k\u00e4yt\u00f6ss\u00e4 jo 1970-luvun alkupuolelta.<\/p>\n<div id=\"attachment_2059\" style=\"width: 810px\" class=\"wp-caption alignnone\"><img loading=\"lazy\" decoding=\"async\" aria-describedby=\"caption-attachment-2059\" class=\"size-full wp-image-2059\" src=\"https:\/\/oma.media.fi\/keskisuomalainen\/wp-content\/uploads\/sites\/2\/2018\/11\/keskisuomalaisen-museo-1980-ilmoitustilauksen-vastaanotto.jpg\" alt=\"\" width=\"800\" height=\"517\" srcset=\"https:\/\/oma.media.fi\/keskisuomalainen\/wp-content\/uploads\/sites\/2\/2018\/11\/keskisuomalaisen-museo-1980-ilmoitustilauksen-vastaanotto.jpg 800w, https:\/\/oma.media.fi\/keskisuomalainen\/wp-content\/uploads\/sites\/2\/2018\/11\/keskisuomalaisen-museo-1980-ilmoitustilauksen-vastaanotto-300x194.jpg 300w, https:\/\/oma.media.fi\/keskisuomalainen\/wp-content\/uploads\/sites\/2\/2018\/11\/keskisuomalaisen-museo-1980-ilmoitustilauksen-vastaanotto-768x496.jpg 768w\" sizes=\"auto, (max-width: 800px) 100vw, 800px\" \/><p id=\"caption-attachment-2059\" class=\"wp-caption-text\">Ilmoitustenhoitaja Marjatta Junkkila vastaanottaa puhelimitse asiakkaan ilmoitustilausta 1980-luvun taitteessa.<\/p><\/div>\n<p>Vuoden 1988 alusta otettiin konttorissa ensimm\u00e4iset tietokoneet k\u00e4ytt\u00f6\u00f6n ja ilmoitustilavaraukset, ns. musta kirja ja sivuskeemamappi j\u00e4iv\u00e4t historiaan. Tilat Keskisuomalaiseen varattiin Skeema-nimiseen ohjelmaan. Sivuskeema on sivun tyhj\u00e4 tila, esim. etusivun koko on 8 palstaa leve\u00e4 (yhden palstan leveys on 44 mm) ja 475 palstamillimetri\u00e4 korkea. Kun asiakas varasi itselleen sopivan tilan, niin konttorissa piirrettiin ennen kyn\u00e4\u00e4 ja viivainta k\u00e4ytt\u00e4en haluttu tila paperille. Nyt sama tila varataan tietokoneella t\u00e4h\u00e4n tarkoitukseen suunnitellulla tilanvarausohjelmalla.<\/p>\n<div id=\"attachment_2060\" style=\"width: 810px\" class=\"wp-caption alignnone\"><img loading=\"lazy\" decoding=\"async\" aria-describedby=\"caption-attachment-2060\" class=\"size-full wp-image-2060\" src=\"https:\/\/oma.media.fi\/keskisuomalainen\/wp-content\/uploads\/sites\/2\/2018\/11\/keskisuomalaisen-museo-1980-ilmoitusaineiston-keruu.jpg\" alt=\"\" width=\"800\" height=\"519\" srcset=\"https:\/\/oma.media.fi\/keskisuomalainen\/wp-content\/uploads\/sites\/2\/2018\/11\/keskisuomalaisen-museo-1980-ilmoitusaineiston-keruu.jpg 800w, https:\/\/oma.media.fi\/keskisuomalainen\/wp-content\/uploads\/sites\/2\/2018\/11\/keskisuomalaisen-museo-1980-ilmoitusaineiston-keruu-300x195.jpg 300w, https:\/\/oma.media.fi\/keskisuomalainen\/wp-content\/uploads\/sites\/2\/2018\/11\/keskisuomalaisen-museo-1980-ilmoitusaineiston-keruu-768x498.jpg 768w\" sizes=\"auto, (max-width: 800px) 100vw, 800px\" \/><p id=\"caption-attachment-2060\" class=\"wp-caption-text\">Ilmoitusk\u00e4sittelij\u00e4 Pirjo Kuukkanen ker\u00e4\u00e4 aineistoa ilmoituksiin lehtilatomossa 1980-luvun taitteessa.<\/p><\/div>\n<p>Yleis\u00f6konttorin ensimm\u00e4isten tietokoneiden k\u00e4ytt\u00f6\u00f6noton taustalla oli Keskisuomalaisen ja kolmen muun lehtitalon vuosina 1986-1988 yhteisty\u00f6ss\u00e4 kehitt\u00e4m\u00e4 ATK-j\u00e4rjestelm\u00e4.\u00a0Keskisuomalainen otti Oulussa ilmestyv\u00e4n Kalevan kanssa ensimm\u00e4isen\u00e4 j\u00e4rjestelm\u00e4n k\u00e4ytt\u00f6\u00f6n.<\/p>\n<div id=\"attachment_2061\" style=\"width: 810px\" class=\"wp-caption alignnone\"><img loading=\"lazy\" decoding=\"async\" aria-describedby=\"caption-attachment-2061\" class=\"size-full wp-image-2061\" src=\"https:\/\/oma.media.fi\/keskisuomalainen\/wp-content\/uploads\/sites\/2\/2018\/11\/keskisuomalaisen-museo-1980-ilmoituksen-suunnittelu.jpg\" alt=\"\" width=\"800\" height=\"522\" srcset=\"https:\/\/oma.media.fi\/keskisuomalainen\/wp-content\/uploads\/sites\/2\/2018\/11\/keskisuomalaisen-museo-1980-ilmoituksen-suunnittelu.jpg 800w, https:\/\/oma.media.fi\/keskisuomalainen\/wp-content\/uploads\/sites\/2\/2018\/11\/keskisuomalaisen-museo-1980-ilmoituksen-suunnittelu-300x196.jpg 300w, https:\/\/oma.media.fi\/keskisuomalainen\/wp-content\/uploads\/sites\/2\/2018\/11\/keskisuomalaisen-museo-1980-ilmoituksen-suunnittelu-768x501.jpg 768w\" sizes=\"auto, (max-width: 800px) 100vw, 800px\" \/><p id=\"caption-attachment-2061\" class=\"wp-caption-text\">Marja-Leena Koskela suunnittelee ilmoitusta 1980-luvun taitteessa.<\/p><\/div>\n<p>Syksyll\u00e4 1990 ilmoituskonttoriin tulivat ensimm\u00e4iset PC-laitteet, joilla ilmoituksia sy\u00f6tettiin ilmoitusj\u00e4rjestelm\u00e4\u00e4n (\u201dns. ilmoitusten suorasy\u00f6tt\u00f6j\u00e4rjestelm\u00e4). T\u00e4m\u00e4n j\u00e4lkeen ohjelmistokehitys on edennyt niin, ett\u00e4 kaikki ilmoituksiin liittyv\u00e4 on ATK-j\u00e4rjestelm\u00e4ss\u00e4.<\/p>\n<div id=\"attachment_2062\" style=\"width: 810px\" class=\"wp-caption alignnone\"><img loading=\"lazy\" decoding=\"async\" aria-describedby=\"caption-attachment-2062\" class=\"size-full wp-image-2062\" src=\"https:\/\/oma.media.fi\/keskisuomalainen\/wp-content\/uploads\/sites\/2\/2018\/11\/keskisuomalaisen-museo-1980-lehti-ilmoituksen-asemointi.jpg\" alt=\"\" width=\"800\" height=\"522\" srcset=\"https:\/\/oma.media.fi\/keskisuomalainen\/wp-content\/uploads\/sites\/2\/2018\/11\/keskisuomalaisen-museo-1980-lehti-ilmoituksen-asemointi.jpg 800w, https:\/\/oma.media.fi\/keskisuomalainen\/wp-content\/uploads\/sites\/2\/2018\/11\/keskisuomalaisen-museo-1980-lehti-ilmoituksen-asemointi-300x196.jpg 300w, https:\/\/oma.media.fi\/keskisuomalainen\/wp-content\/uploads\/sites\/2\/2018\/11\/keskisuomalaisen-museo-1980-lehti-ilmoituksen-asemointi-768x501.jpg 768w\" sizes=\"auto, (max-width: 800px) 100vw, 800px\" \/><p id=\"caption-attachment-2062\" class=\"wp-caption-text\">Tekstinvalmistaja Marja-Liisa Kolmonen asemoi lehti-ilmoitusta lehtilatomossa 1980-luvun taitteessa.<\/p><\/div>\n<div id=\"attachment_2063\" style=\"width: 810px\" class=\"wp-caption alignnone\"><img loading=\"lazy\" decoding=\"async\" aria-describedby=\"caption-attachment-2063\" class=\"size-full wp-image-2063\" src=\"https:\/\/oma.media.fi\/keskisuomalainen\/wp-content\/uploads\/sites\/2\/2018\/11\/keskisuomalaisen-museo-1980-lehti-ilmoituksen-valmistus.jpg\" alt=\"\" width=\"800\" height=\"515\" srcset=\"https:\/\/oma.media.fi\/keskisuomalainen\/wp-content\/uploads\/sites\/2\/2018\/11\/keskisuomalaisen-museo-1980-lehti-ilmoituksen-valmistus.jpg 800w, https:\/\/oma.media.fi\/keskisuomalainen\/wp-content\/uploads\/sites\/2\/2018\/11\/keskisuomalaisen-museo-1980-lehti-ilmoituksen-valmistus-300x193.jpg 300w, https:\/\/oma.media.fi\/keskisuomalainen\/wp-content\/uploads\/sites\/2\/2018\/11\/keskisuomalaisen-museo-1980-lehti-ilmoituksen-valmistus-768x494.jpg 768w\" sizes=\"auto, (max-width: 800px) 100vw, 800px\" \/><p id=\"caption-attachment-2063\" class=\"wp-caption-text\">Valolatoja Eeva Ojala valmistaa ilmoitusta lehtilatomossa Itek-tietokoneella 1980-luvun taitteessa.<\/p><\/div>\n<h2>Asiakaspalvelu vuosituhannen vaihteessa<\/h2>\n<p>Ilmoitusvalmistuksen siirtyminen lukijailmoitusten osalta asiakaspalveluun oli suuri muutos sek\u00e4 ty\u00f6ntekij\u00f6iden ett\u00e4 sopimusten osalta. Entiset ammatit \u201dsekoittuivat\u201d ty\u00f6vaiheiden muutosten my\u00f6t\u00e4. Asiakaspalvelussa jouduttiin opettelemaan niit\u00e4 ty\u00f6vaiheita, jotka oli opetettu ilmoitusvalmistajille joko k\u00e4yt\u00e4nn\u00f6ss\u00e4 tai ammattikoulussa. Osastoilla on k\u00e4yt\u00f6ss\u00e4 eri ohjelmat, joilla ilmoituksia valmistetaan. Asiakaspalvelussa ilmoitukset tehd\u00e4\u00e4n valmiiksi feature-ohjelmalla, ilmoitusvalmistuksessa v\u00e4rillisten ilmoitusten valmistus tapahtuu macilla. Ilmoitusvalmistus on nykyisin oma yhti\u00f6ns\u00e4, <a href=\"http:\/\/mediasepat.fi\/\">Mediasep\u00e4t Oy<\/a>.<\/p>\n<p>Samassa tahdissa on kehittynyt my\u00f6s tilaajaj\u00e4rjestelm\u00e4. Sen avulla hallinnoidaan asiakaspalvelussa tilauspuolen toimintoja mm. tilausten tekeminen, osoitteenmuutokset, kannonkeskeytykset, er\u00e4p\u00e4iv\u00e4muutokset, jakelunkeskeytykset ja laskutus. J\u00e4rjestelm\u00e4 on itsen\u00e4isesti toimivilla tilausasiamiehill\u00e4 t\u00e4rke\u00e4 ty\u00f6kalu myyntity\u00f6ss\u00e4.<\/p>\n<p>Asiakaspalvelua on tarjolla Aholaidan ja \u00c4\u00e4nekosken toimipisteiden lis\u00e4ksi kaikissa Keski-Suomen Mediaan kuuluvissa paikallislehdiss\u00e4 Keski-Suomessa. Asiakaspalvelussa ty\u00f6skentelevien asiakasneuvojien ty\u00f6teht\u00e4viin kuuluvat ilmoitus- ja tilausasioiden hoito, saapuvan ja l\u00e4htev\u00e4n postin\u00a0 k\u00e4sittely, vaihde\/infopisteen hoito sek\u00e4 lukuisten kyselyjen hoitaminen talon eri yksik\u00f6ihin liittyen. Viime vuosina s\u00e4hk\u00f6isen puolen tuotteet ovat vallanneet alaa ja sen my\u00f6t\u00e4 asiakasneuvojat opastavat ty\u00f6ss\u00e4\u00e4n p\u00e4ivitt\u00e4in verkkopalveluiden ja s\u00e4hk\u00f6isten laitteiden sek\u00e4 niihin liittyvien sovellusten k\u00e4ytt\u00f6\u00e4.<\/p>\n<p>Asiointi tilaus- ja ilmoitusasioissa on siirtynyt vuosi vuodelta yh\u00e4 enemm\u00e4n s\u00e4hk\u00f6isiin kanaviin. Ilmoituksen voi j\u00e4tt\u00e4\u00e4 verkkopalvelussa koska tahansa ja tilaaja voi muokata omia tietojaan silloin, kun se h\u00e4nelle parhaiten sopii. Verkkoasiointiin p\u00e4\u00e4see <a href=\"https:\/\/oma.media.fi\/keskisuomalainen\/\">t\u00e4st\u00e4<\/a>.<\/p>\n<p>&nbsp;<\/p>\n","protected":false},"excerpt":{"rendered":"<p>Asiakaskonttori Keskisuomalaisen asiakaskonttori, Kauppakatu 17:ssa vuonna 1959. Asiakkaana on Esko Wikman, joka ty\u00f6skenteli Keskisuomalaisessa vuosina 1955-1965. Tiskin takana vasemmalta lukien Sirkka Kiiski, Kaija Katainen ja Jenny Ruljeff. Osaston nimi on vaihtunut, samoin kuin ty\u00f6teht\u00e4v\u00e4tkin. Asiakaskonttori on useimmille tilaajille lehden ohella ainut kosketuskohta lehtitaloon, elleiv\u00e4t tilaajat sitten asioi suoraan toimittajien kanssa. Konttorissa asiakkaat saavat mielikuvan koko [&hellip;]<\/p>\n","protected":false},"author":1,"featured_media":0,"parent":2005,"menu_order":5,"comment_status":"closed","ping_status":"closed","template":"template-keskisuomalaisen-museo.php","meta":{"_acf_changed":false,"footnotes":""},"class_list":["post-2054","page","type-page","status-publish","hentry"],"acf":[],"yoast_head":"<!-- This site is optimized with the Yoast SEO plugin v26.2 - https:\/\/yoast.com\/wordpress\/plugins\/seo\/ -->\n<title>Yleis\u00f6konttorista asiakaspalveluun - Keskisuomalainen<\/title>\n<meta name=\"description\" content=\"Sanomalehti Keskisuomalaisen historia: yleis\u00f6konttorista asiakaspalveluun. Nykyisin asiakaspalvelussa opastetaan s\u00e4hk\u00f6isten tuotteiden k\u00e4yt\u00f6ss\u00e4.\" \/>\n<meta name=\"robots\" content=\"index, follow, max-snippet:-1, max-image-preview:large, max-video-preview:-1\" \/>\n<link rel=\"canonical\" href=\"https:\/\/oma.media.fi\/keskisuomalainen\/keskisuomalaisen-museo\/yleisokonttorista-asiakaspalveluun\/\" \/>\n<meta property=\"og:locale\" content=\"fi_FI\" \/>\n<meta property=\"og:type\" content=\"article\" \/>\n<meta property=\"og:title\" content=\"Yleis\u00f6konttorista asiakaspalveluun\" \/>\n<meta property=\"og:description\" content=\"Sanomalehti Keskisuomalaisen historia: yleis\u00f6konttorista asiakaspalveluun. Nykyisin asiakaspalvelussa opastetaan s\u00e4hk\u00f6isten tuotteiden k\u00e4yt\u00f6ss\u00e4.\" \/>\n<meta property=\"og:url\" content=\"https:\/\/oma.media.fi\/keskisuomalainen\/keskisuomalaisen-museo\/yleisokonttorista-asiakaspalveluun\/\" \/>\n<meta property=\"og:site_name\" content=\"Keskisuomalainen\" \/>\n<meta property=\"article:modified_time\" content=\"2021-06-17T06:46:38+00:00\" \/>\n<meta property=\"og:image\" content=\"https:\/\/oma.media.fi\/keskisuomalainen\/wp-content\/uploads\/sites\/2\/2018\/11\/keskisuomalaisen-museo-1968-asiakaspalvelu-aholaita.jpg\" \/>\n<meta name=\"twitter:card\" content=\"summary_large_image\" \/>\n<meta name=\"twitter:label1\" content=\"Arvioitu lukuaika\" \/>\n\t<meta name=\"twitter:data1\" content=\"5 minuuttia\" \/>\n<script type=\"application\/ld+json\" class=\"yoast-schema-graph\">{\"@context\":\"https:\/\/schema.org\",\"@graph\":[{\"@type\":\"WebPage\",\"@id\":\"https:\/\/oma.media.fi\/keskisuomalainen\/keskisuomalaisen-museo\/yleisokonttorista-asiakaspalveluun\/\",\"url\":\"https:\/\/oma.media.fi\/keskisuomalainen\/keskisuomalaisen-museo\/yleisokonttorista-asiakaspalveluun\/\",\"name\":\"Yleis\u00f6konttorista asiakaspalveluun - Keskisuomalainen\",\"isPartOf\":{\"@id\":\"https:\/\/oma.media.fi\/keskisuomalainen\/#website\"},\"primaryImageOfPage\":{\"@id\":\"https:\/\/oma.media.fi\/keskisuomalainen\/keskisuomalaisen-museo\/yleisokonttorista-asiakaspalveluun\/#primaryimage\"},\"image\":{\"@id\":\"https:\/\/oma.media.fi\/keskisuomalainen\/keskisuomalaisen-museo\/yleisokonttorista-asiakaspalveluun\/#primaryimage\"},\"thumbnailUrl\":\"https:\/\/oma.media.fi\/keskisuomalainen\/wp-content\/uploads\/sites\/2\/2018\/11\/keskisuomalaisen-museo-1968-asiakaspalvelu-aholaita.jpg\",\"datePublished\":\"2018-11-27T12:08:26+00:00\",\"dateModified\":\"2021-06-17T06:46:38+00:00\",\"description\":\"Sanomalehti Keskisuomalaisen historia: yleis\u00f6konttorista asiakaspalveluun. Nykyisin asiakaspalvelussa opastetaan s\u00e4hk\u00f6isten tuotteiden k\u00e4yt\u00f6ss\u00e4.\",\"breadcrumb\":{\"@id\":\"https:\/\/oma.media.fi\/keskisuomalainen\/keskisuomalaisen-museo\/yleisokonttorista-asiakaspalveluun\/#breadcrumb\"},\"inLanguage\":\"fi\",\"potentialAction\":[{\"@type\":\"ReadAction\",\"target\":[\"https:\/\/oma.media.fi\/keskisuomalainen\/keskisuomalaisen-museo\/yleisokonttorista-asiakaspalveluun\/\"]}]},{\"@type\":\"ImageObject\",\"inLanguage\":\"fi\",\"@id\":\"https:\/\/oma.media.fi\/keskisuomalainen\/keskisuomalaisen-museo\/yleisokonttorista-asiakaspalveluun\/#primaryimage\",\"url\":\"https:\/\/oma.media.fi\/keskisuomalainen\/wp-content\/uploads\/sites\/2\/2018\/11\/keskisuomalaisen-museo-1968-asiakaspalvelu-aholaita.jpg\",\"contentUrl\":\"https:\/\/oma.media.fi\/keskisuomalainen\/wp-content\/uploads\/sites\/2\/2018\/11\/keskisuomalaisen-museo-1968-asiakaspalvelu-aholaita.jpg\",\"width\":757,\"height\":800,\"caption\":\"Asiakaskonttorin uudet tilat vastavalmistuneessa Aholaidan toimitalossa vuonna 1968. Margit Kuokkanen palvelemassa asiakasta.\"},{\"@type\":\"BreadcrumbList\",\"@id\":\"https:\/\/oma.media.fi\/keskisuomalainen\/keskisuomalaisen-museo\/yleisokonttorista-asiakaspalveluun\/#breadcrumb\",\"itemListElement\":[{\"@type\":\"ListItem\",\"position\":1,\"name\":\"Etusivu\",\"item\":\"https:\/\/oma.media.fi\/keskisuomalainen\/\"},{\"@type\":\"ListItem\",\"position\":2,\"name\":\"Keskisuomalaisen museo\",\"item\":\"https:\/\/oma.media.fi\/keskisuomalainen\/keskisuomalaisen-museo\/\"},{\"@type\":\"ListItem\",\"position\":3,\"name\":\"Yleis\u00f6konttorista asiakaspalveluun\"}]},{\"@type\":\"WebSite\",\"@id\":\"https:\/\/oma.media.fi\/keskisuomalainen\/#website\",\"url\":\"https:\/\/oma.media.fi\/keskisuomalainen\/\",\"name\":\"Keskisuomalainen\",\"description\":\"\",\"potentialAction\":[{\"@type\":\"SearchAction\",\"target\":{\"@type\":\"EntryPoint\",\"urlTemplate\":\"https:\/\/oma.media.fi\/keskisuomalainen\/?s={search_term_string}\"},\"query-input\":{\"@type\":\"PropertyValueSpecification\",\"valueRequired\":true,\"valueName\":\"search_term_string\"}}],\"inLanguage\":\"fi\"}]}<\/script>\n<!-- \/ Yoast SEO plugin. -->","yoast_head_json":{"title":"Yleis\u00f6konttorista asiakaspalveluun - Keskisuomalainen","description":"Sanomalehti Keskisuomalaisen historia: yleis\u00f6konttorista asiakaspalveluun. Nykyisin asiakaspalvelussa opastetaan s\u00e4hk\u00f6isten tuotteiden k\u00e4yt\u00f6ss\u00e4.","robots":{"index":"index","follow":"follow","max-snippet":"max-snippet:-1","max-image-preview":"max-image-preview:large","max-video-preview":"max-video-preview:-1"},"canonical":"https:\/\/oma.media.fi\/keskisuomalainen\/keskisuomalaisen-museo\/yleisokonttorista-asiakaspalveluun\/","og_locale":"fi_FI","og_type":"article","og_title":"Yleis\u00f6konttorista asiakaspalveluun","og_description":"Sanomalehti Keskisuomalaisen historia: yleis\u00f6konttorista asiakaspalveluun. Nykyisin asiakaspalvelussa opastetaan s\u00e4hk\u00f6isten tuotteiden k\u00e4yt\u00f6ss\u00e4.","og_url":"https:\/\/oma.media.fi\/keskisuomalainen\/keskisuomalaisen-museo\/yleisokonttorista-asiakaspalveluun\/","og_site_name":"Keskisuomalainen","article_modified_time":"2021-06-17T06:46:38+00:00","og_image":[{"url":"https:\/\/oma.media.fi\/keskisuomalainen\/wp-content\/uploads\/sites\/2\/2018\/11\/keskisuomalaisen-museo-1968-asiakaspalvelu-aholaita.jpg","type":"","width":"","height":""}],"twitter_card":"summary_large_image","twitter_misc":{"Arvioitu lukuaika":"5 minuuttia"},"schema":{"@context":"https:\/\/schema.org","@graph":[{"@type":"WebPage","@id":"https:\/\/oma.media.fi\/keskisuomalainen\/keskisuomalaisen-museo\/yleisokonttorista-asiakaspalveluun\/","url":"https:\/\/oma.media.fi\/keskisuomalainen\/keskisuomalaisen-museo\/yleisokonttorista-asiakaspalveluun\/","name":"Yleis\u00f6konttorista asiakaspalveluun - Keskisuomalainen","isPartOf":{"@id":"https:\/\/oma.media.fi\/keskisuomalainen\/#website"},"primaryImageOfPage":{"@id":"https:\/\/oma.media.fi\/keskisuomalainen\/keskisuomalaisen-museo\/yleisokonttorista-asiakaspalveluun\/#primaryimage"},"image":{"@id":"https:\/\/oma.media.fi\/keskisuomalainen\/keskisuomalaisen-museo\/yleisokonttorista-asiakaspalveluun\/#primaryimage"},"thumbnailUrl":"https:\/\/oma.media.fi\/keskisuomalainen\/wp-content\/uploads\/sites\/2\/2018\/11\/keskisuomalaisen-museo-1968-asiakaspalvelu-aholaita.jpg","datePublished":"2018-11-27T12:08:26+00:00","dateModified":"2021-06-17T06:46:38+00:00","description":"Sanomalehti Keskisuomalaisen historia: yleis\u00f6konttorista asiakaspalveluun. Nykyisin asiakaspalvelussa opastetaan s\u00e4hk\u00f6isten tuotteiden k\u00e4yt\u00f6ss\u00e4.","breadcrumb":{"@id":"https:\/\/oma.media.fi\/keskisuomalainen\/keskisuomalaisen-museo\/yleisokonttorista-asiakaspalveluun\/#breadcrumb"},"inLanguage":"fi","potentialAction":[{"@type":"ReadAction","target":["https:\/\/oma.media.fi\/keskisuomalainen\/keskisuomalaisen-museo\/yleisokonttorista-asiakaspalveluun\/"]}]},{"@type":"ImageObject","inLanguage":"fi","@id":"https:\/\/oma.media.fi\/keskisuomalainen\/keskisuomalaisen-museo\/yleisokonttorista-asiakaspalveluun\/#primaryimage","url":"https:\/\/oma.media.fi\/keskisuomalainen\/wp-content\/uploads\/sites\/2\/2018\/11\/keskisuomalaisen-museo-1968-asiakaspalvelu-aholaita.jpg","contentUrl":"https:\/\/oma.media.fi\/keskisuomalainen\/wp-content\/uploads\/sites\/2\/2018\/11\/keskisuomalaisen-museo-1968-asiakaspalvelu-aholaita.jpg","width":757,"height":800,"caption":"Asiakaskonttorin uudet tilat vastavalmistuneessa Aholaidan toimitalossa vuonna 1968. Margit Kuokkanen palvelemassa asiakasta."},{"@type":"BreadcrumbList","@id":"https:\/\/oma.media.fi\/keskisuomalainen\/keskisuomalaisen-museo\/yleisokonttorista-asiakaspalveluun\/#breadcrumb","itemListElement":[{"@type":"ListItem","position":1,"name":"Etusivu","item":"https:\/\/oma.media.fi\/keskisuomalainen\/"},{"@type":"ListItem","position":2,"name":"Keskisuomalaisen museo","item":"https:\/\/oma.media.fi\/keskisuomalainen\/keskisuomalaisen-museo\/"},{"@type":"ListItem","position":3,"name":"Yleis\u00f6konttorista asiakaspalveluun"}]},{"@type":"WebSite","@id":"https:\/\/oma.media.fi\/keskisuomalainen\/#website","url":"https:\/\/oma.media.fi\/keskisuomalainen\/","name":"Keskisuomalainen","description":"","potentialAction":[{"@type":"SearchAction","target":{"@type":"EntryPoint","urlTemplate":"https:\/\/oma.media.fi\/keskisuomalainen\/?s={search_term_string}"},"query-input":{"@type":"PropertyValueSpecification","valueRequired":true,"valueName":"search_term_string"}}],"inLanguage":"fi"}]}},"publishpress_future_workflow_manual_trigger":{"enabledWorkflows":[]},"_links":{"self":[{"href":"https:\/\/oma.media.fi\/keskisuomalainen\/wp-json\/wp\/v2\/pages\/2054","targetHints":{"allow":["GET"]}}],"collection":[{"href":"https:\/\/oma.media.fi\/keskisuomalainen\/wp-json\/wp\/v2\/pages"}],"about":[{"href":"https:\/\/oma.media.fi\/keskisuomalainen\/wp-json\/wp\/v2\/types\/page"}],"author":[{"embeddable":true,"href":"https:\/\/oma.media.fi\/keskisuomalainen\/wp-json\/wp\/v2\/users\/1"}],"replies":[{"embeddable":true,"href":"https:\/\/oma.media.fi\/keskisuomalainen\/wp-json\/wp\/v2\/comments?post=2054"}],"version-history":[{"count":6,"href":"https:\/\/oma.media.fi\/keskisuomalainen\/wp-json\/wp\/v2\/pages\/2054\/revisions"}],"predecessor-version":[{"id":15605,"href":"https:\/\/oma.media.fi\/keskisuomalainen\/wp-json\/wp\/v2\/pages\/2054\/revisions\/15605"}],"up":[{"embeddable":true,"href":"https:\/\/oma.media.fi\/keskisuomalainen\/wp-json\/wp\/v2\/pages\/2005"}],"wp:attachment":[{"href":"https:\/\/oma.media.fi\/keskisuomalainen\/wp-json\/wp\/v2\/media?parent=2054"}],"curies":[{"name":"wp","href":"https:\/\/api.w.org\/{rel}","templated":true}]}}