{"id":2067,"date":"2018-11-01T10:24:48","date_gmt":"2018-11-01T08:24:48","guid":{"rendered":"https:\/\/oma.media.fi\/keskisuomalainen\/edut\/tietoa-etuasiakkuudesta\/"},"modified":"2026-01-22T09:19:18","modified_gmt":"2026-01-22T07:19:18","slug":"tietoa-kestotilaajan-eduista","status":"publish","type":"page","link":"https:\/\/oma.media.fi\/keskisuomalainen\/edut\/tietoa-kestotilaajan-eduista\/","title":{"rendered":"Tietoa kestotilaajan eduista"},"content":{"rendered":"<p><strong>Katso tuoreimmat Kestotilaajan edut:<\/strong> <a class=\"button button--outlined\" href=\"https:\/\/oma.media.fi\/keskisuomalainen\/edut\/\">Kestotilaajan edut<\/a><\/p>\n<p><strong>Keskisuomalaisen tilaajana p\u00e4\u00e4set hy\u00f6dynt\u00e4m\u00e4\u00e4n erilaisia etuja<br \/>\n<\/strong><\/p>\n<p>Keskisuomalaisen asiakkuus tuo mukanaan monipuolisten sis\u00e4lt\u00f6jen lis\u00e4ksi my\u00f6s etuja.\u00a0 Neuvottelemme puolestasi erilaisia etuja lukuisiin tapahtumiin mm. keikoille, konsertteihin, teatteriin, urheilutapahtumiin ja lastenkekkereihin. Edun saat my\u00f6s digitilauksista. Etuja hy\u00f6dynt\u00e4m\u00e4ll\u00e4 s\u00e4\u00e4st\u00e4t helposti tilaushintaasi takaisin, joten seuraa lehte\u00e4 ahkerasti ja hy\u00f6dynn\u00e4 etusi nopeasti. Usein etuja on tarjolla vain rajattu m\u00e4\u00e4r\u00e4. Esim. Keskisuomalaisen kuukauden digitilaus maksaa itsens\u00e4 takaisin jo yhdell\u00e4 hyv\u00e4ll\u00e4 tilaajaedulla.<\/p>\n<blockquote><p>Etuja ovat tarjonneet yhteisty\u00f6ss\u00e4 Keskisuomalaisen kanssa mm. Harjurokki, FC Vaajakoski, JBA, JJK; JPS, JYP, Jyv\u00e4skyl\u00e4n Kentt\u00e4urheilijat, KyKy-Betset, Kiritt\u00e4ret, Kiri2020, Jyv\u00e4skyl\u00e4n kaupunginteatteri, Jyv\u00e4skyl\u00e4n Kes\u00e4, Jyv\u00e4skyl\u00e4 Sinfonia, Keski-Suomen Ravirata, Laajis, LiigaPloki, Mieskuoro Sirkat, Padel Keskisuomalainen, Paviljonki, Ravintola Elo, Secto Rally Finland, Ski Jyv\u00e4skyl\u00e4, Suolahden Urho, Suomipop Festivaali, Syv\u00e4lahden Viihdekeskus, Teatteri Eurooppa Nelj\u00e4 ja Voikkapeuhula. Seuraa vaihtuvia etuja ja hy\u00f6dy tilaajana.<\/p><\/blockquote>\n<p>Etuilmoituksissa ilmoitamme hakusanan, jonka l\u00e4hett\u00e4m\u00e4ll\u00e4 saat paluuviestiss\u00e4 ohjeet edun lunastamiseen. Paluuviestin voi vastaanottaa ainoastaan tilaajana. Puhelin kulkee aina mukanasi, joten sill\u00e4 on helppo tilata etuja ja lukea p\u00e4iv\u00e4n lehte\u00e4. Digitilaajana p\u00e4\u00e4set selaamaan p\u00e4iv\u00e4n lehte\u00e4 puhelimesi lis\u00e4ksi my\u00f6s tabletilla tai tietokoneella. Painetun lehden s\u00e4hk\u00f6isen version l\u00f6yd\u00e4t n\u00e4k\u00f6islehten\u00e4 verkossa ja sovelluksessa, tuoreimmat uutiset voit lukea ksml.fi\u2013verkkopalvelustamme.<\/p>\n<p>Muistathan hy\u00f6dynt\u00e4\u00e4 my\u00f6s seuraavat edut, joita my\u00f6nn\u00e4mme kestotilaajillemme:<\/p>\n<p>&#8211; lahjatilaus etuhintaan<br \/>\n&#8211; paperilehden keskeytyksest\u00e4 aikahyvitys tilausjakson lopussa, lis\u00e4tiedot oma.media.fi\/jakelunkeskeytysehdot<br \/>\n&#8211; osallistuminen tilaaja-arvontoihin<br \/>\n&#8211; mahdollisuus e-laskulle ja s\u00e4hk\u00f6postilaskulle sek\u00e4 joustaville laskutusv\u00e4leille<\/p>\n<p>&nbsp;<\/p>\n<p><strong><a href=\"https:\/\/oma.media.fi\/keskisuomalainen\/wp-content\/uploads\/sites\/2\/2019\/06\/ksml.png\"><img loading=\"lazy\" decoding=\"async\" class=\"alignnone wp-image-4780\" src=\"https:\/\/oma.media.fi\/keskisuomalainen\/wp-content\/uploads\/sites\/2\/2019\/06\/ksml.png\" alt=\"\" width=\"257\" height=\"19\" srcset=\"https:\/\/oma.media.fi\/keskisuomalainen\/wp-content\/uploads\/sites\/2\/2019\/06\/ksml.png 973w, https:\/\/oma.media.fi\/keskisuomalainen\/wp-content\/uploads\/sites\/2\/2019\/06\/ksml-300x22.png 300w, https:\/\/oma.media.fi\/keskisuomalainen\/wp-content\/uploads\/sites\/2\/2019\/06\/ksml-768x57.png 768w\" sizes=\"auto, (max-width: 257px) 100vw, 257px\" \/><\/a><\/strong><\/p>\n<p><strong>Etk\u00f6 ole viel\u00e4 kestotilaaja? Katso eri tilausvaihtoehdot:<\/strong> <a class=\"button button--outlined\" href=\"https:\/\/oma.media.fi\/keskisuomalainen\/tilaa\/\">Tilaa<\/a><\/p>\n","protected":false},"excerpt":{"rendered":"<p>Katso tuoreimmat Kestotilaajan edut: Kestotilaajan edut Keskisuomalaisen tilaajana p\u00e4\u00e4set hy\u00f6dynt\u00e4m\u00e4\u00e4n erilaisia etuja Keskisuomalaisen asiakkuus tuo mukanaan monipuolisten sis\u00e4lt\u00f6jen lis\u00e4ksi my\u00f6s etuja.\u00a0 Neuvottelemme puolestasi erilaisia etuja lukuisiin tapahtumiin mm. keikoille, konsertteihin, teatteriin, urheilutapahtumiin ja lastenkekkereihin. Edun saat my\u00f6s digitilauksista. Etuja hy\u00f6dynt\u00e4m\u00e4ll\u00e4 s\u00e4\u00e4st\u00e4t helposti tilaushintaasi takaisin, joten seuraa lehte\u00e4 ahkerasti ja hy\u00f6dynn\u00e4 etusi nopeasti. Usein etuja on [&hellip;]<\/p>\n","protected":false},"author":1,"featured_media":23844,"parent":48,"menu_order":0,"comment_status":"closed","ping_status":"closed","template":"","meta":{"_acf_changed":false,"footnotes":""},"class_list":["post-2067","page","type-page","status-publish","has-post-thumbnail","hentry"],"acf":[],"yoast_head":"<!-- This site is optimized with the Yoast SEO plugin v26.2 - https:\/\/yoast.com\/wordpress\/plugins\/seo\/ -->\n<title>Tietoa kestotilaajan eduista - Keskisuomalainen<\/title>\n<meta name=\"description\" content=\"Keskisuomalaisen kestotilaajana hy\u00f6dyt eduista. S\u00e4\u00e4st\u00e4t helposti tilaushintasi takaisin etuja hy\u00f6dynt\u00e4m\u00e4ll\u00e4. Edun saat my\u00f6s digitilauksista - hy\u00f6dynn\u00e4 edut!\" \/>\n<meta name=\"robots\" content=\"index, follow, max-snippet:-1, max-image-preview:large, max-video-preview:-1\" \/>\n<link rel=\"canonical\" href=\"https:\/\/oma.media.fi\/keskisuomalainen\/edut\/tietoa-kestotilaajan-eduista\/\" \/>\n<meta property=\"og:locale\" content=\"fi_FI\" \/>\n<meta property=\"og:type\" content=\"article\" \/>\n<meta property=\"og:title\" content=\"Tietoa kestotilaajan eduista\" \/>\n<meta property=\"og:description\" content=\"Keskisuomalaisen kestotilaajana hy\u00f6dyt eduista. S\u00e4\u00e4st\u00e4t helposti tilaushintasi takaisin etuja hy\u00f6dynt\u00e4m\u00e4ll\u00e4. Edun saat my\u00f6s digitilauksista - hy\u00f6dynn\u00e4 edut!\" \/>\n<meta property=\"og:url\" content=\"https:\/\/oma.media.fi\/keskisuomalainen\/edut\/tietoa-kestotilaajan-eduista\/\" \/>\n<meta property=\"og:site_name\" content=\"Keskisuomalainen\" \/>\n<meta property=\"article:modified_time\" content=\"2026-01-22T07:19:18+00:00\" \/>\n<meta property=\"og:image\" content=\"https:\/\/oma.media.fi\/keskisuomalainen\/wp-content\/uploads\/sites\/2\/2026\/01\/Saasta-tilaajana.jpg\" \/>\n\t<meta property=\"og:image:width\" content=\"1680\" \/>\n\t<meta property=\"og:image:height\" content=\"945\" \/>\n\t<meta property=\"og:image:type\" content=\"image\/jpeg\" \/>\n<meta name=\"twitter:card\" content=\"summary_large_image\" \/>\n<meta name=\"twitter:label1\" content=\"Arvioitu lukuaika\" \/>\n\t<meta name=\"twitter:data1\" content=\"2 minuuttia\" \/>\n<script type=\"application\/ld+json\" class=\"yoast-schema-graph\">{\"@context\":\"https:\/\/schema.org\",\"@graph\":[{\"@type\":\"WebPage\",\"@id\":\"https:\/\/oma.media.fi\/keskisuomalainen\/edut\/tietoa-kestotilaajan-eduista\/\",\"url\":\"https:\/\/oma.media.fi\/keskisuomalainen\/edut\/tietoa-kestotilaajan-eduista\/\",\"name\":\"Tietoa kestotilaajan eduista - Keskisuomalainen\",\"isPartOf\":{\"@id\":\"https:\/\/oma.media.fi\/keskisuomalainen\/#website\"},\"primaryImageOfPage\":{\"@id\":\"https:\/\/oma.media.fi\/keskisuomalainen\/edut\/tietoa-kestotilaajan-eduista\/#primaryimage\"},\"image\":{\"@id\":\"https:\/\/oma.media.fi\/keskisuomalainen\/edut\/tietoa-kestotilaajan-eduista\/#primaryimage\"},\"thumbnailUrl\":\"https:\/\/oma.media.fi\/keskisuomalainen\/wp-content\/uploads\/sites\/2\/2026\/01\/Saasta-tilaajana.jpg\",\"datePublished\":\"2018-11-01T08:24:48+00:00\",\"dateModified\":\"2026-01-22T07:19:18+00:00\",\"description\":\"Keskisuomalaisen kestotilaajana hy\u00f6dyt eduista. S\u00e4\u00e4st\u00e4t helposti tilaushintasi takaisin etuja hy\u00f6dynt\u00e4m\u00e4ll\u00e4. Edun saat my\u00f6s digitilauksista - hy\u00f6dynn\u00e4 edut!\",\"breadcrumb\":{\"@id\":\"https:\/\/oma.media.fi\/keskisuomalainen\/edut\/tietoa-kestotilaajan-eduista\/#breadcrumb\"},\"inLanguage\":\"fi\",\"potentialAction\":[{\"@type\":\"ReadAction\",\"target\":[\"https:\/\/oma.media.fi\/keskisuomalainen\/edut\/tietoa-kestotilaajan-eduista\/\"]}]},{\"@type\":\"ImageObject\",\"inLanguage\":\"fi\",\"@id\":\"https:\/\/oma.media.fi\/keskisuomalainen\/edut\/tietoa-kestotilaajan-eduista\/#primaryimage\",\"url\":\"https:\/\/oma.media.fi\/keskisuomalainen\/wp-content\/uploads\/sites\/2\/2026\/01\/Saasta-tilaajana.jpg\",\"contentUrl\":\"https:\/\/oma.media.fi\/keskisuomalainen\/wp-content\/uploads\/sites\/2\/2026\/01\/Saasta-tilaajana.jpg\",\"width\":1680,\"height\":945},{\"@type\":\"BreadcrumbList\",\"@id\":\"https:\/\/oma.media.fi\/keskisuomalainen\/edut\/tietoa-kestotilaajan-eduista\/#breadcrumb\",\"itemListElement\":[{\"@type\":\"ListItem\",\"position\":1,\"name\":\"Etusivu\",\"item\":\"https:\/\/oma.media.fi\/keskisuomalainen\/\"},{\"@type\":\"ListItem\",\"position\":2,\"name\":\"Tilaajan edut\",\"item\":\"https:\/\/oma.media.fi\/keskisuomalainen\/edut\/\"},{\"@type\":\"ListItem\",\"position\":3,\"name\":\"Tietoa kestotilaajan eduista\"}]},{\"@type\":\"WebSite\",\"@id\":\"https:\/\/oma.media.fi\/keskisuomalainen\/#website\",\"url\":\"https:\/\/oma.media.fi\/keskisuomalainen\/\",\"name\":\"Keskisuomalainen\",\"description\":\"\",\"potentialAction\":[{\"@type\":\"SearchAction\",\"target\":{\"@type\":\"EntryPoint\",\"urlTemplate\":\"https:\/\/oma.media.fi\/keskisuomalainen\/?s={search_term_string}\"},\"query-input\":{\"@type\":\"PropertyValueSpecification\",\"valueRequired\":true,\"valueName\":\"search_term_string\"}}],\"inLanguage\":\"fi\"}]}<\/script>\n<!-- \/ Yoast SEO plugin. -->","yoast_head_json":{"title":"Tietoa kestotilaajan eduista - Keskisuomalainen","description":"Keskisuomalaisen kestotilaajana hy\u00f6dyt eduista. S\u00e4\u00e4st\u00e4t helposti tilaushintasi takaisin etuja hy\u00f6dynt\u00e4m\u00e4ll\u00e4. Edun saat my\u00f6s digitilauksista - hy\u00f6dynn\u00e4 edut!","robots":{"index":"index","follow":"follow","max-snippet":"max-snippet:-1","max-image-preview":"max-image-preview:large","max-video-preview":"max-video-preview:-1"},"canonical":"https:\/\/oma.media.fi\/keskisuomalainen\/edut\/tietoa-kestotilaajan-eduista\/","og_locale":"fi_FI","og_type":"article","og_title":"Tietoa kestotilaajan eduista","og_description":"Keskisuomalaisen kestotilaajana hy\u00f6dyt eduista. S\u00e4\u00e4st\u00e4t helposti tilaushintasi takaisin etuja hy\u00f6dynt\u00e4m\u00e4ll\u00e4. Edun saat my\u00f6s digitilauksista - hy\u00f6dynn\u00e4 edut!","og_url":"https:\/\/oma.media.fi\/keskisuomalainen\/edut\/tietoa-kestotilaajan-eduista\/","og_site_name":"Keskisuomalainen","article_modified_time":"2026-01-22T07:19:18+00:00","og_image":[{"width":1680,"height":945,"url":"https:\/\/oma.media.fi\/keskisuomalainen\/wp-content\/uploads\/sites\/2\/2026\/01\/Saasta-tilaajana.jpg","type":"image\/jpeg"}],"twitter_card":"summary_large_image","twitter_misc":{"Arvioitu lukuaika":"2 minuuttia"},"schema":{"@context":"https:\/\/schema.org","@graph":[{"@type":"WebPage","@id":"https:\/\/oma.media.fi\/keskisuomalainen\/edut\/tietoa-kestotilaajan-eduista\/","url":"https:\/\/oma.media.fi\/keskisuomalainen\/edut\/tietoa-kestotilaajan-eduista\/","name":"Tietoa kestotilaajan eduista - Keskisuomalainen","isPartOf":{"@id":"https:\/\/oma.media.fi\/keskisuomalainen\/#website"},"primaryImageOfPage":{"@id":"https:\/\/oma.media.fi\/keskisuomalainen\/edut\/tietoa-kestotilaajan-eduista\/#primaryimage"},"image":{"@id":"https:\/\/oma.media.fi\/keskisuomalainen\/edut\/tietoa-kestotilaajan-eduista\/#primaryimage"},"thumbnailUrl":"https:\/\/oma.media.fi\/keskisuomalainen\/wp-content\/uploads\/sites\/2\/2026\/01\/Saasta-tilaajana.jpg","datePublished":"2018-11-01T08:24:48+00:00","dateModified":"2026-01-22T07:19:18+00:00","description":"Keskisuomalaisen kestotilaajana hy\u00f6dyt eduista. S\u00e4\u00e4st\u00e4t helposti tilaushintasi takaisin etuja hy\u00f6dynt\u00e4m\u00e4ll\u00e4. Edun saat my\u00f6s digitilauksista - hy\u00f6dynn\u00e4 edut!","breadcrumb":{"@id":"https:\/\/oma.media.fi\/keskisuomalainen\/edut\/tietoa-kestotilaajan-eduista\/#breadcrumb"},"inLanguage":"fi","potentialAction":[{"@type":"ReadAction","target":["https:\/\/oma.media.fi\/keskisuomalainen\/edut\/tietoa-kestotilaajan-eduista\/"]}]},{"@type":"ImageObject","inLanguage":"fi","@id":"https:\/\/oma.media.fi\/keskisuomalainen\/edut\/tietoa-kestotilaajan-eduista\/#primaryimage","url":"https:\/\/oma.media.fi\/keskisuomalainen\/wp-content\/uploads\/sites\/2\/2026\/01\/Saasta-tilaajana.jpg","contentUrl":"https:\/\/oma.media.fi\/keskisuomalainen\/wp-content\/uploads\/sites\/2\/2026\/01\/Saasta-tilaajana.jpg","width":1680,"height":945},{"@type":"BreadcrumbList","@id":"https:\/\/oma.media.fi\/keskisuomalainen\/edut\/tietoa-kestotilaajan-eduista\/#breadcrumb","itemListElement":[{"@type":"ListItem","position":1,"name":"Etusivu","item":"https:\/\/oma.media.fi\/keskisuomalainen\/"},{"@type":"ListItem","position":2,"name":"Tilaajan edut","item":"https:\/\/oma.media.fi\/keskisuomalainen\/edut\/"},{"@type":"ListItem","position":3,"name":"Tietoa kestotilaajan eduista"}]},{"@type":"WebSite","@id":"https:\/\/oma.media.fi\/keskisuomalainen\/#website","url":"https:\/\/oma.media.fi\/keskisuomalainen\/","name":"Keskisuomalainen","description":"","potentialAction":[{"@type":"SearchAction","target":{"@type":"EntryPoint","urlTemplate":"https:\/\/oma.media.fi\/keskisuomalainen\/?s={search_term_string}"},"query-input":{"@type":"PropertyValueSpecification","valueRequired":true,"valueName":"search_term_string"}}],"inLanguage":"fi"}]}},"publishpress_future_workflow_manual_trigger":{"enabledWorkflows":[]},"_links":{"self":[{"href":"https:\/\/oma.media.fi\/keskisuomalainen\/wp-json\/wp\/v2\/pages\/2067","targetHints":{"allow":["GET"]}}],"collection":[{"href":"https:\/\/oma.media.fi\/keskisuomalainen\/wp-json\/wp\/v2\/pages"}],"about":[{"href":"https:\/\/oma.media.fi\/keskisuomalainen\/wp-json\/wp\/v2\/types\/page"}],"author":[{"embeddable":true,"href":"https:\/\/oma.media.fi\/keskisuomalainen\/wp-json\/wp\/v2\/users\/1"}],"replies":[{"embeddable":true,"href":"https:\/\/oma.media.fi\/keskisuomalainen\/wp-json\/wp\/v2\/comments?post=2067"}],"version-history":[{"count":55,"href":"https:\/\/oma.media.fi\/keskisuomalainen\/wp-json\/wp\/v2\/pages\/2067\/revisions"}],"predecessor-version":[{"id":23848,"href":"https:\/\/oma.media.fi\/keskisuomalainen\/wp-json\/wp\/v2\/pages\/2067\/revisions\/23848"}],"up":[{"embeddable":true,"href":"https:\/\/oma.media.fi\/keskisuomalainen\/wp-json\/wp\/v2\/pages\/48"}],"wp:featuredmedia":[{"embeddable":true,"href":"https:\/\/oma.media.fi\/keskisuomalainen\/wp-json\/wp\/v2\/media\/23844"}],"wp:attachment":[{"href":"https:\/\/oma.media.fi\/keskisuomalainen\/wp-json\/wp\/v2\/media?parent=2067"}],"curies":[{"name":"wp","href":"https:\/\/api.w.org\/{rel}","templated":true}]}}