{"id":29,"date":"2018-10-17T13:17:59","date_gmt":"2018-10-17T10:17:59","guid":{"rendered":"https:\/\/oma.media.fi\/keskisuomalainen\/yhteystiedot\/"},"modified":"2026-02-04T10:53:52","modified_gmt":"2026-02-04T08:53:52","slug":"yhteystiedot","status":"publish","type":"page","link":"https:\/\/oma.media.fi\/keskisuomalainen\/yhteystiedot\/","title":{"rendered":"Yhteystiedot"},"content":{"rendered":"<div class=\"text-block\">\n<h2>Tilaukset<\/h2>\n<p>Digipalvelut, osoitteenmuutokset, jakelunkeskeytykset, asiakastietojen muutokset sek\u00e4<br \/>\nmuut tilauksiin liittyv\u00e4t asiat.<\/p>\n<p><a href=\"https:\/\/oma.media.fi\/keskisuomalainen\/\" target=\"_blank\" rel=\"noopener\"><strong>Asiakaspalvelua verkossa 24\/7<\/strong><\/a><\/p>\n<p>&nbsp;<\/p>\n<h2>Lukijailmoitukset<\/h2>\n<p>J\u00e4rjest\u00f6ilmoitukset, luokitellut ilmoitukset, perheilmoitukset, kuolinilmoitukset ja surukiitokset<\/p>\n<p><strong>J\u00e4t\u00e4 ilmoitus 24\/7 <\/strong><a href=\"https:\/\/oma.media.fi\/keskisuomalainen\/ilmoita\/\" target=\"_blank\" rel=\"noopener\"><strong>ksml.fi\/ilmoita<\/strong><\/a><\/p>\n<p>&nbsp;<\/p>\n<h2>Asiakaspalvelu<\/h2>\n<p>Tilauksiin ja lukijailmoituksiin liittyv\u00e4t asiat.<\/p>\n<p><strong>Puhelinpalvelu <\/strong>014 622 133<br \/>\nAvoinna: ma-pe klo 8.00-18.00<\/p>\n<p>Tallennamme puhelut asiakaspalvelutapahtumien varmentamiseksi<br \/>\nsek\u00e4 asiakaspalvelun koulutusta varten. Puhelun hinta mpm\/pvm, jonotus on maksullista.<\/p>\n<p>Toimipisteess\u00e4 ei ole tiskiasiakaspalvelua.<\/p>\n<p><strong>K\u00e4yntiosoite:<br \/>\n<\/strong>Keskisuomalaisen toimitalo, Aholaidantie 3, Jyv\u00e4skyl\u00e4<br \/>\nAvoinna: ma-pe 8.30-16.00<\/p>\n<p><strong>Postiosoite: <\/strong>PL 159, 40101 Jyv\u00e4skyl\u00e4<\/p>\n<p><a class=\"button\" href=\"https:\/\/oma.media.fi\/keskisuomalainen\/yhteystiedot\/ota-yhteytta\/\">Ota yhteytt\u00e4 asiakaspalveluun<\/a><\/p>\n<\/div>\n<div class=\"text-block\">\n<h2>Kuluttajamyynti ja jakelu<\/h2>\n<p>Erkki Ekonen 0500 641 934, kuluttajamyynnin johtaja<\/p>\n<\/div>\n<div class=\"text-block\">\n<h2><strong>Jakelu ja jakelup\u00e4ivystys<\/strong><\/h2>\n<p><a class=\"button\" href=\"https:\/\/oma.media.fi\/keskisuomalainen\/yhteystiedot\/jakelupalaute\/\" target=\"_blank\" rel=\"noopener\">Ilmoita jakeluvirheest\u00e4<\/a><\/p>\n<p>Postin jakelup\u00e4ivystys<br \/>\np. 020 025 200 (pvm\/mpm), jonotus on maksullista<br \/>\nAvoinna: ma-pe klo 6.30-16.00, la klo 7-12.00, su ja arkipyh\u00e4t klo 8.00-12.00<\/p>\n<p>Halli, Vilppula, M\u00e4ntt\u00e4, L\u00e4ngelm\u00e4ki ja\u00a0Virrat (taajama-alueet)<br \/>\np. 020 025 200 (pvm\/mpm), jonotus on maksullista<br \/>\nAvoinna: ma-pe klo 6.30-16.00, la-su ja arkipyh\u00e4t klo 6.30-12.00<\/p>\n<p>Kangasniemi (taajama-alue)<br \/>\np. 020 025 200 (pvm\/mpm), jonotus on maksullista<br \/>\nAvoinna: ma-pe klo 6.30-16.00, la klo 7-12.00, su ja arkipyh\u00e4t klo 8.00-12.00<\/p>\n<p>Joutsa, Hartola, Sysm\u00e4 ja Kuhmoinen (taajama-alueet)<br \/>\np. 0100 4070 (pvm\/mpm), jonotus on maksullista<br \/>\nAvoinna: ma-pe klo 6.30-16.00, la-su ja arkipyh\u00e4t klo 6.30-12.00<\/p>\n<p>Pieks\u00e4m\u00e4ki ja Naaraj\u00e4rvi (taajama-alueet)<br \/>\np. 0100 4090 (pvm\/mpm), jonotus on maksullista<br \/>\nAvoinna: ma-pe klo 6.30-16.00, la-su klo 6.30-12.00<\/p>\n<p>Perho<br \/>\np. 0800 301 01 (maksuton)<br \/>\nAvoinna: ma-pe klo 7.00-16.30, la-su ja arkipyh\u00e4t\u00a0klo 7.00-9.30<\/p>\n<p><em>Varhaisjakelu toimittaa puuttuneen lehden seuraavan aamun jakelussa.<br \/>\n<\/em><\/p>\n<\/div>\n<div class=\"text-block\">\n<h2>Medialaskutus<\/h2>\n<p>p. 09 2730 0230 (pvm\/mpm), ma-pe 9.00-14.00<br \/>\n<a href=\"ma&#105;&#108;&#116;&#x6f;&#x3a;&#x6c;&#x61;sk&#117;&#116;&#117;&#x73;&#x2e;&#x6b;&#x65;sk&#105;&#115;&#117;&#x6f;&#x6d;&#x61;&#x6c;ai&#110;&#101;&#110;&#x6d;&#x65;&#x64;&#x69;a&#64;&#109;&#101;&#100;&#x69;&#x61;&#x2e;&#x66;i\">&#108;&#97;&#x73;k&#117;&#x74;&#x75;s&#46;&#x6b;&#x65;s&#107;&#x69;&#x73;u&#111;&#x6d;&#x61;l&#97;&#x69;&#x6e;e&#110;&#x6d;e&#100;&#105;&#x61;&#64;&#109;&#x65;&#x64;i&#97;&#x2e;&#x66;i <\/a><\/p>\n<\/div>\n<div class=\"text-block\">\n<h2>Mediamyynti<\/h2>\n<p>Mediamyynnin yhteystiedot l\u00f6yd\u00e4t <a href=\"https:\/\/meks.fi\/yhteystiedot\/keski-suomi?pg=1\" target=\"_blank\" rel=\"noopener\">mediamyynnin sivuilta<\/a>.<\/p>\n<\/div>\n<div class=\"text-block\">\n<h2>Toimitus<\/h2>\n<p><a class=\"button\" href=\"https:\/\/oma.media.fi\/keskisuomalainen\/yhteystiedot\/juttuvinkki\/\" target=\"_blank\" rel=\"noopener\">L\u00e4het\u00e4 juttuvinkki tai uutiskuva<\/a><\/p>\n<p><a class=\"button\" href=\"https:\/\/oma.media.fi\/keskisuomalainen\/yhteystiedot\/laheta-mielipidekirjoitus-lehteen\/\" target=\"_blank\" rel=\"noopener\">L\u00e4het\u00e4 mielipidekirjoitus lehteen<\/a><\/p>\n<p>Voit my\u00f6s soittaa juttuvinkin numeroon 014 622 271 (ma\u2013su 7.00\u201322.45) tai l\u00e4hett\u00e4\u00e4 sen teksti- tai WhatsApp-viestill\u00e4 numeroon 050 572 5731.<\/p>\n<p style=\"text-align: left\">Uutistoimitus:\u00a0<a href=\"&#x6d;&#x61;&#x69;&#x6c;&#116;&#111;&#58;&#117;uti&#x73;&#x65;&#x74;&#x40;&#x6b;&#101;&#115;&#107;isu&#x6f;&#x6d;&#x61;&#x6c;&#x61;&#105;&#110;&#101;n&#46;f&#x69;\">&#x75;&#x75;&#116;i&#x73;&#x65;&#116;&#64;k&#x65;&#x73;&#107;i&#x73;&#x75;&#111;&#109;a&#x6c;&#x61;&#105;n&#x65;&#x6e;&#46;&#102;i<\/a><br \/>\nMielipide:\u00a0<a href=\"&#x6d;&#97;i&#x6c;&#116;o&#x3a;&#109;i&#x65;&#108;i&#x70;&#105;d&#x65;&#64;k&#x65;&#115;k&#x69;&#115;u&#x6f;&#109;a&#x6c;&#97;i&#x6e;&#101;n&#x2e;&#102;i\">&#x6d;&#x69;&#101;l&#x69;&#x70;&#x69;&#100;e&#x40;&#x6b;&#x65;&#115;k&#x69;&#x73;&#x75;&#111;m&#x61;&#x6c;&#x61;&#105;n&#x65;&#x6e;&#x2e;&#102;i<\/a><br \/>\nTalous:\u00a0<a href=\"&#109;&#x61;&#x69;&#108;&#x74;&#x6f;:&#x74;&#x61;l&#111;&#x75;s&#64;&#x6b;e&#115;&#x6b;i&#115;&#x75;o&#109;&#x61;&#x6c;&#97;&#x69;&#x6e;&#101;&#x6e;&#x2e;f&#x69;\">&#x74;&#x61;&#108;&#111;&#117;s&#x40;&#x6b;&#x65;&#115;&#107;is&#x75;&#x6f;&#x6d;&#97;&#108;a&#x69;&#x6e;&#x65;&#110;&#46;&#102;i<\/a><br \/>\nUlkomaat:\u00a0<a href=\"&#x6d;&#97;&#x69;&#x6c;&#116;&#x6f;&#58;u&#x6c;&#107;o&#x6d;&#97;a&#x74;&#64;k&#x65;&#115;&#x6b;&#x69;&#115;&#x75;&#x6f;&#109;&#x61;&#108;a&#x69;&#110;e&#x6e;&#46;f&#x69;\">&#117;l&#107;o&#109;a&#x61;t&#x40;k&#x65;s&#x6b;i&#x73;u&#x6f;m&#x61;l&#x61;i&#x6e;e&#x6e;&#46;&#x66;&#105;<\/a><br \/>\nUrheilu:\u00a0<a href=\"&#109;&#x61;&#105;&#x6c;&#116;&#x6f;&#58;&#x75;&#114;&#x68;&#101;&#x69;l&#x75;&#64;&#x6b;e&#x73;k&#x69;s&#x75;o&#109;&#x61;&#108;&#x61;&#105;&#x6e;&#101;&#x6e;&#46;&#x66;&#105;\">&#x75;&#114;h&#x65;&#x69;&#108;u&#x40;&#107;e&#x73;&#x6b;&#105;s&#x75;&#111;m&#x61;&#x6c;&#97;i&#x6e;&#x65;&#110;&#x2e;&#x66;&#105;<\/a><br \/>\nT\u00e4n\u00e4\u00e4n:\u00a0<a href=\"&#109;&#x61;&#105;&#x6c;&#116;&#x6f;&#58;&#x74;&#97;&#x6e;&#97;&#x61;n&#x40;k&#x65;s&#x6b;i&#x73;u&#x6f;m&#97;&#x6c;&#97;&#x69;&#110;&#x65;&#110;&#x2e;&#102;&#x69;\">&#x74;&#x61;&#x6e;&#x61;&#x61;&#x6e;&#x40;&#x6b;&#x65;&#x73;&#x6b;&#x69;&#x73;&#x75;&#x6f;&#x6d;&#x61;&#x6c;&#x61;&#x69;&#x6e;&#x65;&#110;&#46;&#102;&#105;<\/a><br \/>\nKulttuuri:\u00a0<a href=\"&#x6d;&#97;&#x69;&#108;t&#x6f;&#58;k&#x75;&#108;&#x74;&#x74;u&#x75;&#114;i&#x40;&#107;&#x65;&#x73;k&#x69;&#115;u&#x6f;&#109;a&#x6c;&#97;&#x69;&#110;e&#x6e;&#46;f&#x69;\">&#107;u&#108;t&#116;u&#x75;r&#x69;&#64;&#x6b;e&#x73;k&#x69;s&#x75;o&#x6d;a&#x6c;a&#x69;n&#x65;&#110;&#x2e;&#102;&#x69;<\/a><br \/>\nTelevisio:\u00a0<a href=\"&#109;&#x61;&#x69;l&#116;&#x6f;:&#111;&#x68;&#x6a;&#101;&#x6c;&#x6d;a&#116;&#x69;e&#100;&#x6f;&#x74;&#64;&#x6b;&#x65;s&#107;&#x69;s&#117;&#x6f;&#x6d;&#97;&#x6c;&#x61;i&#110;&#x65;n&#46;&#x66;&#x69;\">&#x6f;&#x68;&#x6a;&#101;&#108;ma&#x74;&#x69;&#x65;&#x64;&#111;&#116;&#64;k&#x65;&#x73;&#x6b;&#105;&#115;&#117;om&#x61;&#x6c;&#x61;&#105;&#110;en&#x2e;&#x66;&#x69;<\/a><br \/>\nKuvakeskus:\u00a0<a href=\"&#109;&#x61;i&#108;&#x74;o&#58;&#x6b;u&#118;&#x61;a&#109;&#x6f;&#64;&#107;&#x65;s&#107;&#x69;s&#117;&#x6f;m&#97;&#x6c;a&#105;&#x6e;e&#110;&#x2e;f&#x69;\">ku&#118;&#97;&#97;&#x6d;&#x6f;&#x40;&#x6b;es&#107;&#105;&#115;&#x75;&#x6f;&#x6d;&#x61;la&#105;&#110;&#101;&#x6e;&#x2e;&#x66;&#x69;<\/a><br \/>\nGrafiikka ja ulkoasu:\u00a0<a href=\"&#x6d;&#x61;&#x69;&#x6c;&#x74;&#x6f;&#x3a;&#x67;&#114;&#97;&#97;&#102;&#105;&#107;&#111;t&#64;ke&#x73;&#x6b;&#x69;&#x73;&#x75;&#x6f;&#x6d;&#x61;&#x6c;&#97;&#105;&#110;&#101;&#110;&#46;&#102;i\">&#x67;&#x72;&#x61;&#x61;&#x66;&#x69;&#x6b;&#x6f;&#x74;&#x40;&#x6b;&#x65;&#x73;&#x6b;&#x69;&#x73;&#x75;&#x6f;&#x6d;&#x61;&#x6c;&#x61;&#x69;&#x6e;&#x65;&#x6e;&#x2e;&#x66;&#x69;<\/a><br \/>\nTietopalvelu:\u00a0<a href=\"&#x6d;&#x61;&#105;l&#x74;&#x6f;&#x3a;&#116;i&#x65;&#x74;&#x6f;&#112;a&#x6c;&#x76;&#x65;&#108;u&#x40;&#x6b;&#x65;&#115;k&#x69;&#x73;&#x75;&#111;m&#x61;&#x6c;&#x61;&#105;n&#x65;&#x6e;&#x2e;&#102;i\">t&#105;&#101;&#x74;&#x6f;&#x70;&#x61;l&#118;&#101;&#108;&#x75;&#x40;&#x6b;es&#107;&#105;&#x73;&#x75;&#x6f;ma&#108;&#97;&#x69;&#x6e;&#x65;n&#46;&#102;&#105;<\/a><\/p>\n<p><a class=\"button\" href=\"https:\/\/oma.media.fi\/keskisuomalainen\/yhteystiedot\/toimituksen-yhteystiedot\/\" target=\"_blank\" rel=\"noopener\">Keskisuomalaisen toimituksen kaikki yhteystiedot<\/a><\/p>\n<p>Kaikki sis\u00e4ll\u00f6t voidaan julkaista kaikissa Mediakonserni Keskisuomalaisen medioissa.<\/p>\n<\/div>\n<div class=\"text-block\">\n<h2>Vaihde<\/h2>\n<p>p. 014 622 000, ma-to klo 8.30-16.00<\/p>\n<\/div>\n<div class=\"text-block\">\n<h2>Palaute<\/h2>\n<p><a class=\"button\" href=\"https:\/\/oma.media.fi\/keskisuomalainen\/yhteystiedot\/anna-palautetta\/\" target=\"_blank\" rel=\"noopener noreferrer\">Anna palautetta<\/a><\/p>\n<\/div>\n","protected":false},"excerpt":{"rendered":"<p>Tilaukset Digipalvelut, osoitteenmuutokset, jakelunkeskeytykset, asiakastietojen muutokset sek\u00e4 muut tilauksiin liittyv\u00e4t asiat. Asiakaspalvelua verkossa 24\/7 &nbsp; Lukijailmoitukset J\u00e4rjest\u00f6ilmoitukset, luokitellut ilmoitukset, perheilmoitukset, kuolinilmoitukset ja surukiitokset J\u00e4t\u00e4 ilmoitus 24\/7 ksml.fi\/ilmoita &nbsp; Asiakaspalvelu Tilauksiin ja lukijailmoituksiin liittyv\u00e4t asiat. Puhelinpalvelu 014 622 133 Avoinna: ma-pe klo 8.00-18.00 Tallennamme puhelut asiakaspalvelutapahtumien varmentamiseksi sek\u00e4 asiakaspalvelun koulutusta varten. Puhelun hinta mpm\/pvm, jonotus on [&hellip;]<\/p>\n","protected":false},"author":1,"featured_media":0,"parent":0,"menu_order":0,"comment_status":"closed","ping_status":"closed","template":"","meta":{"_acf_changed":false,"footnotes":""},"class_list":["post-29","page","type-page","status-publish","hentry"],"acf":[],"yoast_head":"<!-- This site is optimized with the Yoast SEO plugin v26.2 - https:\/\/yoast.com\/wordpress\/plugins\/seo\/ -->\n<title>Yhteystiedot - Keskisuomalainen<\/title>\n<meta name=\"description\" content=\"Etsitk\u00f6 yhteystietoja vai haluatko antaa palautetta? Mediatalo Keskisuomalaisen asiakaspalveluiden yhteystiedot, palautekanavat ja juttuvinkit.\" \/>\n<meta name=\"robots\" content=\"index, follow, max-snippet:-1, max-image-preview:large, max-video-preview:-1\" \/>\n<link rel=\"canonical\" href=\"https:\/\/oma.media.fi\/keskisuomalainen\/yhteystiedot\/\" \/>\n<meta property=\"og:locale\" content=\"fi_FI\" \/>\n<meta property=\"og:type\" content=\"article\" \/>\n<meta property=\"og:title\" content=\"Yhteystiedot\" \/>\n<meta property=\"og:description\" content=\"Etsitk\u00f6 yhteystietoja vai haluatko antaa palautetta? Mediatalo Keskisuomalaisen asiakaspalveluiden yhteystiedot, palautekanavat ja juttuvinkit.\" \/>\n<meta property=\"og:url\" content=\"https:\/\/oma.media.fi\/keskisuomalainen\/yhteystiedot\/\" \/>\n<meta property=\"og:site_name\" content=\"Keskisuomalainen\" \/>\n<meta property=\"article:modified_time\" content=\"2026-02-04T08:53:52+00:00\" \/>\n<meta name=\"twitter:card\" content=\"summary_large_image\" \/>\n<meta name=\"twitter:label1\" content=\"Arvioitu lukuaika\" \/>\n\t<meta name=\"twitter:data1\" content=\"2 minuuttia\" \/>\n<script type=\"application\/ld+json\" class=\"yoast-schema-graph\">{\"@context\":\"https:\/\/schema.org\",\"@graph\":[{\"@type\":\"WebPage\",\"@id\":\"https:\/\/oma.media.fi\/keskisuomalainen\/yhteystiedot\/\",\"url\":\"https:\/\/oma.media.fi\/keskisuomalainen\/yhteystiedot\/\",\"name\":\"Yhteystiedot - Keskisuomalainen\",\"isPartOf\":{\"@id\":\"https:\/\/oma.media.fi\/keskisuomalainen\/#website\"},\"datePublished\":\"2018-10-17T10:17:59+00:00\",\"dateModified\":\"2026-02-04T08:53:52+00:00\",\"description\":\"Etsitk\u00f6 yhteystietoja vai haluatko antaa palautetta? Mediatalo Keskisuomalaisen asiakaspalveluiden yhteystiedot, palautekanavat ja juttuvinkit.\",\"breadcrumb\":{\"@id\":\"https:\/\/oma.media.fi\/keskisuomalainen\/yhteystiedot\/#breadcrumb\"},\"inLanguage\":\"fi\",\"potentialAction\":[{\"@type\":\"ReadAction\",\"target\":[\"https:\/\/oma.media.fi\/keskisuomalainen\/yhteystiedot\/\"]}]},{\"@type\":\"BreadcrumbList\",\"@id\":\"https:\/\/oma.media.fi\/keskisuomalainen\/yhteystiedot\/#breadcrumb\",\"itemListElement\":[{\"@type\":\"ListItem\",\"position\":1,\"name\":\"Etusivu\",\"item\":\"https:\/\/oma.media.fi\/keskisuomalainen\/\"},{\"@type\":\"ListItem\",\"position\":2,\"name\":\"Yhteystiedot\"}]},{\"@type\":\"WebSite\",\"@id\":\"https:\/\/oma.media.fi\/keskisuomalainen\/#website\",\"url\":\"https:\/\/oma.media.fi\/keskisuomalainen\/\",\"name\":\"Keskisuomalainen\",\"description\":\"\",\"potentialAction\":[{\"@type\":\"SearchAction\",\"target\":{\"@type\":\"EntryPoint\",\"urlTemplate\":\"https:\/\/oma.media.fi\/keskisuomalainen\/?s={search_term_string}\"},\"query-input\":{\"@type\":\"PropertyValueSpecification\",\"valueRequired\":true,\"valueName\":\"search_term_string\"}}],\"inLanguage\":\"fi\"}]}<\/script>\n<!-- \/ Yoast SEO plugin. -->","yoast_head_json":{"title":"Yhteystiedot - Keskisuomalainen","description":"Etsitk\u00f6 yhteystietoja vai haluatko antaa palautetta? Mediatalo Keskisuomalaisen asiakaspalveluiden yhteystiedot, palautekanavat ja juttuvinkit.","robots":{"index":"index","follow":"follow","max-snippet":"max-snippet:-1","max-image-preview":"max-image-preview:large","max-video-preview":"max-video-preview:-1"},"canonical":"https:\/\/oma.media.fi\/keskisuomalainen\/yhteystiedot\/","og_locale":"fi_FI","og_type":"article","og_title":"Yhteystiedot","og_description":"Etsitk\u00f6 yhteystietoja vai haluatko antaa palautetta? Mediatalo Keskisuomalaisen asiakaspalveluiden yhteystiedot, palautekanavat ja juttuvinkit.","og_url":"https:\/\/oma.media.fi\/keskisuomalainen\/yhteystiedot\/","og_site_name":"Keskisuomalainen","article_modified_time":"2026-02-04T08:53:52+00:00","twitter_card":"summary_large_image","twitter_misc":{"Arvioitu lukuaika":"2 minuuttia"},"schema":{"@context":"https:\/\/schema.org","@graph":[{"@type":"WebPage","@id":"https:\/\/oma.media.fi\/keskisuomalainen\/yhteystiedot\/","url":"https:\/\/oma.media.fi\/keskisuomalainen\/yhteystiedot\/","name":"Yhteystiedot - Keskisuomalainen","isPartOf":{"@id":"https:\/\/oma.media.fi\/keskisuomalainen\/#website"},"datePublished":"2018-10-17T10:17:59+00:00","dateModified":"2026-02-04T08:53:52+00:00","description":"Etsitk\u00f6 yhteystietoja vai haluatko antaa palautetta? Mediatalo Keskisuomalaisen asiakaspalveluiden yhteystiedot, palautekanavat ja juttuvinkit.","breadcrumb":{"@id":"https:\/\/oma.media.fi\/keskisuomalainen\/yhteystiedot\/#breadcrumb"},"inLanguage":"fi","potentialAction":[{"@type":"ReadAction","target":["https:\/\/oma.media.fi\/keskisuomalainen\/yhteystiedot\/"]}]},{"@type":"BreadcrumbList","@id":"https:\/\/oma.media.fi\/keskisuomalainen\/yhteystiedot\/#breadcrumb","itemListElement":[{"@type":"ListItem","position":1,"name":"Etusivu","item":"https:\/\/oma.media.fi\/keskisuomalainen\/"},{"@type":"ListItem","position":2,"name":"Yhteystiedot"}]},{"@type":"WebSite","@id":"https:\/\/oma.media.fi\/keskisuomalainen\/#website","url":"https:\/\/oma.media.fi\/keskisuomalainen\/","name":"Keskisuomalainen","description":"","potentialAction":[{"@type":"SearchAction","target":{"@type":"EntryPoint","urlTemplate":"https:\/\/oma.media.fi\/keskisuomalainen\/?s={search_term_string}"},"query-input":{"@type":"PropertyValueSpecification","valueRequired":true,"valueName":"search_term_string"}}],"inLanguage":"fi"}]}},"publishpress_future_workflow_manual_trigger":{"enabledWorkflows":[]},"_links":{"self":[{"href":"https:\/\/oma.media.fi\/keskisuomalainen\/wp-json\/wp\/v2\/pages\/29","targetHints":{"allow":["GET"]}}],"collection":[{"href":"https:\/\/oma.media.fi\/keskisuomalainen\/wp-json\/wp\/v2\/pages"}],"about":[{"href":"https:\/\/oma.media.fi\/keskisuomalainen\/wp-json\/wp\/v2\/types\/page"}],"author":[{"embeddable":true,"href":"https:\/\/oma.media.fi\/keskisuomalainen\/wp-json\/wp\/v2\/users\/1"}],"replies":[{"embeddable":true,"href":"https:\/\/oma.media.fi\/keskisuomalainen\/wp-json\/wp\/v2\/comments?post=29"}],"version-history":[{"count":154,"href":"https:\/\/oma.media.fi\/keskisuomalainen\/wp-json\/wp\/v2\/pages\/29\/revisions"}],"predecessor-version":[{"id":23865,"href":"https:\/\/oma.media.fi\/keskisuomalainen\/wp-json\/wp\/v2\/pages\/29\/revisions\/23865"}],"wp:attachment":[{"href":"https:\/\/oma.media.fi\/keskisuomalainen\/wp-json\/wp\/v2\/media?parent=29"}],"curies":[{"name":"wp","href":"https:\/\/api.w.org\/{rel}","templated":true}]}}